{"id":90393,"date":"2026-02-26T09:44:18","date_gmt":"2026-02-26T07:44:18","guid":{"rendered":"https:\/\/kidsplay.lt\/produktas\/woopie-2in1-vandens-ir-smelio-staliukas-su-kriokliu\/"},"modified":"2026-04-13T15:21:40","modified_gmt":"2026-04-13T12:21:40","slug":"woopie-2in1-vandens-ir-smelio-staliukas-su-kriokliu","status":"publish","type":"product","link":"https:\/\/kidsplay.lt\/lv\/products\/woopie-2in1-vandens-ir-smelio-staliukas-su-kriokliu\/","title":{"rendered":"WOOPIE 2in1 \u016bdens un smil\u0161u galds ar \u016bdenskritumu"},"content":{"rendered":"<p>WOOPIE\u00a0prek\u0117s \u017eenklo\u00a0\u201eOctopus Water Table\u201c\u00a0yra idealus \u017eaislas \u017eaid\u017eiant su\u00a0vandeniu\u00a0ir\u00a0sm\u0117liu\u00a0. Rinkin\u012f sudaro\u00a018 pried\u0173:\u00a03 formel\u0117s, a\u0161tuonkojis, laistytuvas, krep\u0161elis, indas sm\u0117liui surinkti ir 2 kastuvai. Vaikas gali \u012fpilti vandens \u012f vir\u0161utin\u0119 stalo dal\u012f, kad vanduo i\u0161b\u0117gt\u0173 pro dugne esan\u010dias skylutes arba nuvarv\u0117t\u0173 vandens mal\u016bn\u0117liais. Rinkinys skirtas\u00a0\u017eaisti tiek viduje, tiek lauke.\u00a0Puikiai tinka \u017eaisti namuose ir papl\u016bdimyje ar sm\u0117lio d\u0117\u017e\u0117je.<\/p>\n<p>Raksturojums:<\/p>\n<p> \t&#8211; nuo\u00a03 met\u0173 am\u017eiaus,<br \/>\n \t&#8211; krioklys + vandens lietus,<br \/>\n \t&#8211; komplekte yra\u00a0priedai,<br \/>\n \t&#8211; \u017eaisti lauke ir namuose.<\/p>\n<p>Komplekt\u0101 ietilpst:<\/p>\n<p> \t&#8211; 3 formos,<br \/>\n \t&#8211; a\u0161tuonkojis,<br \/>\n \t&#8211; laistytuvas,<br \/>\n \t&#8211; krep\u0161elis,<br \/>\n \t&#8211; konteineris sm\u0117liui surinkti,<br \/>\n \t&#8211; 2 peiliukai<\/p>","protected":false},"excerpt":{"rendered":"<p>WOOPIE\u00a0prek\u0117s \u017eenklo\u00a0\u201eOctopus Water Table\u201c\u00a0yra idealus \u017eaislas \u017eaid\u017eiant su\u00a0vandeniu\u00a0ir\u00a0sm\u0117liu\u00a0. Rinkin\u012f sudaro\u00a018 pried\u0173:\u00a03 formel\u0117s, a\u0161tuonkojis, laistytuvas, krep\u0161elis, indas sm\u0117liui surinkti ir 2<\/p>","protected":false},"featured_media":51746,"template":"","meta":{"_acf_changed":false,"_glsr_average":0,"_glsr_ranking":0,"_glsr_reviews":0},"product_brand":[],"product_cat":[233,327,395,390,229],"product_tag":[],"class_list":{"0":"post-90393","1":"product","2":"type-product","3":"status-publish","4":"has-post-thumbnail","6":"product_cat-lauko-pramogos","7":"product_cat-smelio-dezes-ir-priedai","8":"product_cat-vandens-ir-smelio-staliukai","9":"product_cat-vandens-pramogos","10":"product_cat-zaislai-vaikams","11":"\"style=\"background-color: #2ecc711c;\"","13":"first","14":"instock","15":"purchasable","16":"product-type-simple"},"acf":[],"yoast_head":"<!-- This site is optimized with the Yoast SEO plugin v27.3 - https:\/\/yoast.com\/product\/yoast-seo-wordpress\/ -->\n<title>WOOPIE 2in1 vandens ir sm\u0117lio staliukas su kriokliu<\/title>\n<meta name=\"description\" content=\"WOOPIE 2in1 vandens ir sm\u0117lio staliukas su kriokliu - KidsPlay. Did\u017eiausias vaik\u0173 \u017eaisl\u0173 pasirinkimas.\" \/>\n<meta name=\"robots\" content=\"index, follow, max-snippet:-1, max-image-preview:large, max-video-preview:-1\" \/>\n<link rel=\"canonical\" href=\"https:\/\/kidsplay.lt\/lv\/products\/woopie-2in1-vandens-ir-smelio-staliukas-su-kriokliu\/\" \/>\n<meta property=\"og:locale\" content=\"lv_LV\" \/>\n<meta property=\"og:type\" content=\"article\" \/>\n<meta property=\"og:title\" content=\"WOOPIE 2in1 vandens ir sm\u0117lio staliukas su kriokliu\" \/>\n<meta property=\"og:description\" content=\"WOOPIE 2in1 vandens ir sm\u0117lio staliukas su kriokliu - KidsPlay. Did\u017eiausias vaik\u0173 \u017eaisl\u0173 pasirinkimas.\" \/>\n<meta property=\"og:url\" content=\"https:\/\/kidsplay.lt\/lv\/products\/woopie-2in1-vandens-ir-smelio-staliukas-su-kriokliu\/\" \/>\n<meta property=\"og:site_name\" content=\"KidsPlay\" \/>\n<meta property=\"article:publisher\" content=\"https:\/\/www.facebook.com\/www.kidsplay.lt\" \/>\n<meta property=\"article:modified_time\" content=\"2026-04-13T12:21:40+00:00\" \/>\n<meta property=\"og:image\" content=\"https:\/\/kidsplay.lt\/wp-content\/uploads\/2024\/09\/WOOPIE-2in1-vandens-ir-smelio-staliukas-su-kriokliu.jpg\" \/>\n\t<meta property=\"og:image:width\" content=\"800\" \/>\n\t<meta property=\"og:image:height\" content=\"800\" \/>\n\t<meta property=\"og:image:type\" content=\"image\/jpeg\" \/>\n<meta name=\"twitter:card\" content=\"summary_large_image\" \/>\n<meta name=\"twitter:label1\" content=\"Est. reading time\" \/>\n\t<meta name=\"twitter:data1\" content=\"1 min\u016bte\" \/>\n<script type=\"application\/ld+json\" class=\"yoast-schema-graph\">{\"@context\":\"https:\\\/\\\/schema.org\",\"@graph\":[{\"@type\":\"WebPage\",\"@id\":\"https:\\\/\\\/kidsplay.lt\\\/produktas\\\/woopie-2in1-vandens-ir-smelio-staliukas-su-kriokliu\\\/\",\"url\":\"https:\\\/\\\/kidsplay.lt\\\/produktas\\\/woopie-2in1-vandens-ir-smelio-staliukas-su-kriokliu\\\/\",\"name\":\"WOOPIE 2in1 vandens ir sm\u0117lio staliukas su kriokliu\",\"isPartOf\":{\"@id\":\"https:\\\/\\\/kidsplay.lt\\\/#website\"},\"primaryImageOfPage\":{\"@id\":\"https:\\\/\\\/kidsplay.lt\\\/produktas\\\/woopie-2in1-vandens-ir-smelio-staliukas-su-kriokliu\\\/#primaryimage\"},\"image\":{\"@id\":\"https:\\\/\\\/kidsplay.lt\\\/produktas\\\/woopie-2in1-vandens-ir-smelio-staliukas-su-kriokliu\\\/#primaryimage\"},\"thumbnailUrl\":\"https:\\\/\\\/kidsplay.lt\\\/wp-content\\\/uploads\\\/2024\\\/09\\\/WOOPIE-2in1-vandens-ir-smelio-staliukas-su-kriokliu.jpg\",\"datePublished\":\"2026-02-26T07:44:18+00:00\",\"dateModified\":\"2026-04-13T12:21:40+00:00\",\"description\":\"WOOPIE 2in1 vandens ir sm\u0117lio staliukas su kriokliu - KidsPlay. Did\u017eiausias vaik\u0173 \u017eaisl\u0173 pasirinkimas.\",\"breadcrumb\":{\"@id\":\"https:\\\/\\\/kidsplay.lt\\\/produktas\\\/woopie-2in1-vandens-ir-smelio-staliukas-su-kriokliu\\\/#breadcrumb\"},\"inLanguage\":\"lv-LV\",\"potentialAction\":[{\"@type\":\"ReadAction\",\"target\":[\"https:\\\/\\\/kidsplay.lt\\\/produktas\\\/woopie-2in1-vandens-ir-smelio-staliukas-su-kriokliu\\\/\"]}]},{\"@type\":\"ImageObject\",\"inLanguage\":\"lv-LV\",\"@id\":\"https:\\\/\\\/kidsplay.lt\\\/produktas\\\/woopie-2in1-vandens-ir-smelio-staliukas-su-kriokliu\\\/#primaryimage\",\"url\":\"https:\\\/\\\/kidsplay.lt\\\/wp-content\\\/uploads\\\/2024\\\/09\\\/WOOPIE-2in1-vandens-ir-smelio-staliukas-su-kriokliu.jpg\",\"contentUrl\":\"https:\\\/\\\/kidsplay.lt\\\/wp-content\\\/uploads\\\/2024\\\/09\\\/WOOPIE-2in1-vandens-ir-smelio-staliukas-su-kriokliu.jpg\",\"width\":800,\"height\":800,\"caption\":\"WOOPIE 2in1 vandens ir sm\u0117lio staliukas su kriokliu\"},{\"@type\":\"BreadcrumbList\",\"@id\":\"https:\\\/\\\/kidsplay.lt\\\/produktas\\\/woopie-2in1-vandens-ir-smelio-staliukas-su-kriokliu\\\/#breadcrumb\",\"itemListElement\":[{\"@type\":\"ListItem\",\"position\":1,\"name\":\"Pagrindinis\",\"item\":\"https:\\\/\\\/kidsplay.lt\\\/\"},{\"@type\":\"ListItem\",\"position\":2,\"name\":\"Parduotuv\u0117\",\"item\":\"https:\\\/\\\/kidsplay.lt\\\/parduotuve\\\/\"},{\"@type\":\"ListItem\",\"position\":3,\"name\":\"WOOPIE 2in1 vandens ir sm\u0117lio staliukas su kriokliu\"}]},{\"@type\":\"WebSite\",\"@id\":\"https:\\\/\\\/kidsplay.lt\\\/#website\",\"url\":\"https:\\\/\\\/kidsplay.lt\\\/\",\"name\":\"Kidsplay.lt\",\"description\":\"\u012evairios prek\u0117s vaikams\",\"publisher\":{\"@id\":\"https:\\\/\\\/kidsplay.lt\\\/#organization\"},\"alternateName\":\"Kidsplay\",\"potentialAction\":[{\"@type\":\"SearchAction\",\"target\":{\"@type\":\"EntryPoint\",\"urlTemplate\":\"https:\\\/\\\/kidsplay.lt\\\/?s={search_term_string}\"},\"query-input\":{\"@type\":\"PropertyValueSpecification\",\"valueRequired\":true,\"valueName\":\"search_term_string\"}}],\"inLanguage\":\"lv-LV\"},{\"@type\":\"Organization\",\"@id\":\"https:\\\/\\\/kidsplay.lt\\\/#organization\",\"name\":\"KidsPlay\",\"url\":\"https:\\\/\\\/kidsplay.lt\\\/\",\"logo\":{\"@type\":\"ImageObject\",\"inLanguage\":\"lv-LV\",\"@id\":\"https:\\\/\\\/kidsplay.lt\\\/#\\\/schema\\\/logo\\\/image\\\/\",\"url\":\"https:\\\/\\\/kidsplay.lt\\\/wp-content\\\/uploads\\\/2023\\\/07\\\/kidsplay-logo.png\",\"contentUrl\":\"https:\\\/\\\/kidsplay.lt\\\/wp-content\\\/uploads\\\/2023\\\/07\\\/kidsplay-logo.png\",\"width\":451,\"height\":98,\"caption\":\"KidsPlay\"},\"image\":{\"@id\":\"https:\\\/\\\/kidsplay.lt\\\/#\\\/schema\\\/logo\\\/image\\\/\"},\"sameAs\":[\"https:\\\/\\\/www.facebook.com\\\/www.kidsplay.lt\"]}]}<\/script>\n<!-- \/ Yoast SEO plugin. -->","yoast_head_json":{"title":"WOOPIE 2in1 \u016bdens un smil\u0161u galds ar \u016bdenskritumu","description":"WOOPIE 2in1 vandens ir sm\u0117lio staliukas su kriokliu - KidsPlay. Did\u017eiausias vaik\u0173 \u017eaisl\u0173 pasirinkimas.","robots":{"index":"index","follow":"follow","max-snippet":"max-snippet:-1","max-image-preview":"max-image-preview:large","max-video-preview":"max-video-preview:-1"},"canonical":"https:\/\/kidsplay.lt\/lv\/products\/woopie-2in1-vandens-ir-smelio-staliukas-su-kriokliu\/","og_locale":"lv_LV","og_type":"article","og_title":"WOOPIE 2in1 vandens ir sm\u0117lio staliukas su kriokliu","og_description":"WOOPIE 2in1 vandens ir sm\u0117lio staliukas su kriokliu - KidsPlay. Did\u017eiausias vaik\u0173 \u017eaisl\u0173 pasirinkimas.","og_url":"https:\/\/kidsplay.lt\/lv\/products\/woopie-2in1-vandens-ir-smelio-staliukas-su-kriokliu\/","og_site_name":"KidsPlay","article_publisher":"https:\/\/www.facebook.com\/www.kidsplay.lt","article_modified_time":"2026-04-13T12:21:40+00:00","og_image":[{"width":800,"height":800,"url":"https:\/\/kidsplay.lt\/wp-content\/uploads\/2024\/09\/WOOPIE-2in1-vandens-ir-smelio-staliukas-su-kriokliu.jpg","type":"image\/jpeg"}],"twitter_card":"summary_large_image","twitter_misc":{"Est. reading time":"1 min\u016bte"},"schema":{"@context":"https:\/\/schema.org","@graph":[{"@type":"WebPage","@id":"https:\/\/kidsplay.lt\/produktas\/woopie-2in1-vandens-ir-smelio-staliukas-su-kriokliu\/","url":"https:\/\/kidsplay.lt\/produktas\/woopie-2in1-vandens-ir-smelio-staliukas-su-kriokliu\/","name":"WOOPIE 2in1 \u016bdens un smil\u0161u galds ar \u016bdenskritumu","isPartOf":{"@id":"https:\/\/kidsplay.lt\/#website"},"primaryImageOfPage":{"@id":"https:\/\/kidsplay.lt\/produktas\/woopie-2in1-vandens-ir-smelio-staliukas-su-kriokliu\/#primaryimage"},"image":{"@id":"https:\/\/kidsplay.lt\/produktas\/woopie-2in1-vandens-ir-smelio-staliukas-su-kriokliu\/#primaryimage"},"thumbnailUrl":"https:\/\/kidsplay.lt\/wp-content\/uploads\/2024\/09\/WOOPIE-2in1-vandens-ir-smelio-staliukas-su-kriokliu.jpg","datePublished":"2026-02-26T07:44:18+00:00","dateModified":"2026-04-13T12:21:40+00:00","description":"WOOPIE 2in1 vandens ir sm\u0117lio staliukas su kriokliu - KidsPlay. Did\u017eiausias vaik\u0173 \u017eaisl\u0173 pasirinkimas.","breadcrumb":{"@id":"https:\/\/kidsplay.lt\/produktas\/woopie-2in1-vandens-ir-smelio-staliukas-su-kriokliu\/#breadcrumb"},"inLanguage":"lv-LV","potentialAction":[{"@type":"ReadAction","target":["https:\/\/kidsplay.lt\/produktas\/woopie-2in1-vandens-ir-smelio-staliukas-su-kriokliu\/"]}]},{"@type":"ImageObject","inLanguage":"lv-LV","@id":"https:\/\/kidsplay.lt\/produktas\/woopie-2in1-vandens-ir-smelio-staliukas-su-kriokliu\/#primaryimage","url":"https:\/\/kidsplay.lt\/wp-content\/uploads\/2024\/09\/WOOPIE-2in1-vandens-ir-smelio-staliukas-su-kriokliu.jpg","contentUrl":"https:\/\/kidsplay.lt\/wp-content\/uploads\/2024\/09\/WOOPIE-2in1-vandens-ir-smelio-staliukas-su-kriokliu.jpg","width":800,"height":800,"caption":"WOOPIE 2in1 vandens ir sm\u0117lio staliukas su kriokliu"},{"@type":"BreadcrumbList","@id":"https:\/\/kidsplay.lt\/produktas\/woopie-2in1-vandens-ir-smelio-staliukas-su-kriokliu\/#breadcrumb","itemListElement":[{"@type":"ListItem","position":1,"name":"Pagrindinis","item":"https:\/\/kidsplay.lt\/"},{"@type":"ListItem","position":2,"name":"Parduotuv\u0117","item":"https:\/\/kidsplay.lt\/parduotuve\/"},{"@type":"ListItem","position":3,"name":"WOOPIE 2in1 vandens ir sm\u0117lio staliukas su kriokliu"}]},{"@type":"WebSite","@id":"https:\/\/kidsplay.lt\/#website","url":"https:\/\/kidsplay.lt\/","name":"B\u0113rnu sp\u0113les.lv","description":"\u012evairios prek\u0117s vaikams","publisher":{"@id":"https:\/\/kidsplay.lt\/#organization"},"alternateName":"Kidsplay","potentialAction":[{"@type":"SearchAction","target":{"@type":"EntryPoint","urlTemplate":"https:\/\/kidsplay.lt\/?s={search_term_string}"},"query-input":{"@type":"PropertyValueSpecification","valueRequired":true,"valueName":"search_term_string"}}],"inLanguage":"lv-LV"},{"@type":"Organization","@id":"https:\/\/kidsplay.lt\/#organization","name":"B\u0113rnu sp\u0113le","url":"https:\/\/kidsplay.lt\/","logo":{"@type":"ImageObject","inLanguage":"lv-LV","@id":"https:\/\/kidsplay.lt\/#\/schema\/logo\/image\/","url":"https:\/\/kidsplay.lt\/wp-content\/uploads\/2023\/07\/kidsplay-logo.png","contentUrl":"https:\/\/kidsplay.lt\/wp-content\/uploads\/2023\/07\/kidsplay-logo.png","width":451,"height":98,"caption":"KidsPlay"},"image":{"@id":"https:\/\/kidsplay.lt\/#\/schema\/logo\/image\/"},"sameAs":["https:\/\/www.facebook.com\/www.kidsplay.lt"]}]}},"_links":{"self":[{"href":"https:\/\/kidsplay.lt\/lv\/wp-json\/wp\/v2\/product\/90393","targetHints":{"allow":["GET"]}}],"collection":[{"href":"https:\/\/kidsplay.lt\/lv\/wp-json\/wp\/v2\/product"}],"about":[{"href":"https:\/\/kidsplay.lt\/lv\/wp-json\/wp\/v2\/types\/product"}],"version-history":[{"count":1,"href":"https:\/\/kidsplay.lt\/lv\/wp-json\/wp\/v2\/product\/90393\/revisions"}],"predecessor-version":[{"id":90394,"href":"https:\/\/kidsplay.lt\/lv\/wp-json\/wp\/v2\/product\/90393\/revisions\/90394"}],"wp:featuredmedia":[{"embeddable":true,"href":"https:\/\/kidsplay.lt\/lv\/wp-json\/wp\/v2\/media\/51746"}],"wp:attachment":[{"href":"https:\/\/kidsplay.lt\/lv\/wp-json\/wp\/v2\/media?parent=90393"}],"wp:term":[{"taxonomy":"product_brand","embeddable":true,"href":"https:\/\/kidsplay.lt\/lv\/wp-json\/wp\/v2\/product_brand?post=90393"},{"taxonomy":"product_cat","embeddable":true,"href":"https:\/\/kidsplay.lt\/lv\/wp-json\/wp\/v2\/product_cat?post=90393"},{"taxonomy":"product_tag","embeddable":true,"href":"https:\/\/kidsplay.lt\/lv\/wp-json\/wp\/v2\/product_tag?post=90393"}],"curies":[{"name":"wp","href":"https:\/\/api.w.org\/{rel}","templated":true}]}}