{"id":90411,"date":"2026-02-26T09:44:42","date_gmt":"2026-02-26T07:44:42","guid":{"rendered":"https:\/\/kidsplay.lt\/produktas\/laipiojimas-uolomis-su-ciuozykla\/"},"modified":"2026-04-07T10:57:12","modified_gmt":"2026-04-07T07:57:12","slug":"laipiojimas-uolomis-su-ciuozykla","status":"publish","type":"product","link":"https:\/\/kidsplay.lt\/lv\/products\/laipiojimas-uolomis-su-ciuozykla\/","title":{"rendered":"Klin\u0161u k\u0101p\u0161ana ar slidkalni\u0146u"},"content":{"rendered":"<p>Be\u017ed\u017eioni\u0173 girait\u0117s\u00a0\u017eaidim\u0173 aik\u0161tel\u0117sakmuo\u00a0yra gaminys i\u0161 tvirto plastiko, imituojantis akmen\u012f. Penkios\u00a0skirtingo sud\u0117tingumo\u00a0laipiojimo sienel\u0117s. Sienel\u0117s turi laikiklius, skyles ir laiptelius.\u00a0Idealiai tinka vaik\u0173 dar\u017eelio \u017eaidim\u0173 aik\u0161telei.\u00a0Idealiai tinka ir vyresniems vaikams, ir ma\u017eyliams!<\/p>\n<p>&#8211; Penkios skirtingo sud\u0117tingumo laipiojimo sienel\u0117s.<br \/>\n&#8211; Sienos turi laikiklius, skyles ir laiptelius, kad vaikams b\u016bt\u0173 lengviau lipti.<br \/>\n&#8211; Pla\u010dioje ap\u017evalgos aik\u0161tel\u0117je \u012frengtas vairas\u00a0ir reguliuojami \u017ei\u016bronai.<br \/>\n&#8211; Ilgasis nusileidimo kalnelis.<br \/>\n&#8211; Daugyb\u0117 pra\u0117jim\u0173, tuneli\u0173 ir sl\u0117ptuvi\u0173.<br \/>\n&#8211; Apatin\u012f laiptel\u012f galima naudoti kaip s\u0117dyn\u0119 ilsintis ar u\u017ekand\u017eiaujant.<br \/>\n&#8211; Gaminys pagamintas i\u0161 tvirto plastiko,\u00a0imituojan\u010dio akmen\u012f.\u00a0Auk\u0161tos kokyb\u0117s plastikas leid\u017eia\u00a0lengvai laikyti, tvarkyti ir pri\u017ei\u016br\u0117ti.<\/p>","protected":false},"excerpt":{"rendered":"<p>Be\u017ed\u017eioni\u0173 girait\u0117s\u00a0\u017eaidim\u0173 aik\u0161tel\u0117sakmuo\u00a0yra gaminys i\u0161 tvirto plastiko, imituojantis akmen\u012f. Penkios\u00a0skirtingo sud\u0117tingumo\u00a0laipiojimo sienel\u0117s. Sienel\u0117s turi laikiklius, skyles ir laiptelius.\u00a0Idealiai tinka vaik\u0173<\/p>","protected":false},"featured_media":51848,"template":"","meta":{"_acf_changed":false,"_glsr_average":0,"_glsr_ranking":0,"_glsr_reviews":0},"product_brand":[],"product_cat":[233,382],"product_tag":[],"class_list":{"0":"post-90411","1":"product","2":"type-product","3":"status-publish","4":"has-post-thumbnail","6":"product_cat-lauko-pramogos","7":"product_cat-zaidimu-aiksteles","8":"\"style=\"background-color: #2ecc711c;\"","10":"first","11":"instock","12":"purchasable","13":"product-type-simple"},"acf":[],"yoast_head":"<!-- This site is optimized with the Yoast SEO plugin v27.3 - https:\/\/yoast.com\/product\/yoast-seo-wordpress\/ -->\n<title>Laipiojimas uolomis su \u010diuo\u017eykla<\/title>\n<meta name=\"description\" content=\"Be\u017ed\u017eioni\u0173 girait\u0117s\u00a0\u017eaidim\u0173 aik\u0161tel\u0117sakmuo\u00a0yra gaminys i\u0161 tvirto plastiko, imituojantis akmen\u012f. Penkios\u00a0skirtingo sud\u0117tingumo\u00a0laipiojimo sienel\u0117s.\" \/>\n<meta name=\"robots\" content=\"index, follow, max-snippet:-1, max-image-preview:large, max-video-preview:-1\" \/>\n<link rel=\"canonical\" href=\"https:\/\/kidsplay.lt\/lv\/products\/laipiojimas-uolomis-su-ciuozykla\/\" \/>\n<meta property=\"og:locale\" content=\"lv_LV\" \/>\n<meta property=\"og:type\" content=\"article\" \/>\n<meta property=\"og:title\" content=\"Laipiojimas uolomis su \u010diuo\u017eykla\" \/>\n<meta property=\"og:description\" content=\"Be\u017ed\u017eioni\u0173 girait\u0117s\u00a0\u017eaidim\u0173 aik\u0161tel\u0117sakmuo\u00a0yra gaminys i\u0161 tvirto plastiko, imituojantis akmen\u012f. Penkios\u00a0skirtingo sud\u0117tingumo\u00a0laipiojimo sienel\u0117s.\" \/>\n<meta property=\"og:url\" content=\"https:\/\/kidsplay.lt\/lv\/products\/laipiojimas-uolomis-su-ciuozykla\/\" \/>\n<meta property=\"og:site_name\" content=\"KidsPlay\" \/>\n<meta property=\"article:publisher\" content=\"https:\/\/www.facebook.com\/www.kidsplay.lt\" \/>\n<meta property=\"article:modified_time\" content=\"2026-04-07T07:57:12+00:00\" \/>\n<meta property=\"og:image\" content=\"https:\/\/kidsplay.lt\/wp-content\/uploads\/2024\/09\/Laipiojimas-uolomis-su-ciuozykla.jpg\" \/>\n\t<meta property=\"og:image:width\" content=\"832\" \/>\n\t<meta property=\"og:image:height\" content=\"659\" \/>\n\t<meta property=\"og:image:type\" content=\"image\/jpeg\" \/>\n<meta name=\"twitter:card\" content=\"summary_large_image\" \/>\n<meta name=\"twitter:label1\" content=\"Est. reading time\" \/>\n\t<meta name=\"twitter:data1\" content=\"1 min\u016bte\" \/>\n<script type=\"application\/ld+json\" class=\"yoast-schema-graph\">{\"@context\":\"https:\\\/\\\/schema.org\",\"@graph\":[{\"@type\":\"WebPage\",\"@id\":\"https:\\\/\\\/kidsplay.lt\\\/produktas\\\/laipiojimas-uolomis-su-ciuozykla\\\/\",\"url\":\"https:\\\/\\\/kidsplay.lt\\\/produktas\\\/laipiojimas-uolomis-su-ciuozykla\\\/\",\"name\":\"Laipiojimas uolomis su \u010diuo\u017eykla\",\"isPartOf\":{\"@id\":\"https:\\\/\\\/kidsplay.lt\\\/#website\"},\"primaryImageOfPage\":{\"@id\":\"https:\\\/\\\/kidsplay.lt\\\/produktas\\\/laipiojimas-uolomis-su-ciuozykla\\\/#primaryimage\"},\"image\":{\"@id\":\"https:\\\/\\\/kidsplay.lt\\\/produktas\\\/laipiojimas-uolomis-su-ciuozykla\\\/#primaryimage\"},\"thumbnailUrl\":\"https:\\\/\\\/kidsplay.lt\\\/wp-content\\\/uploads\\\/2024\\\/09\\\/Laipiojimas-uolomis-su-ciuozykla.jpg\",\"datePublished\":\"2026-02-26T07:44:42+00:00\",\"dateModified\":\"2026-04-07T07:57:12+00:00\",\"description\":\"Be\u017ed\u017eioni\u0173 girait\u0117s\u00a0\u017eaidim\u0173 aik\u0161tel\u0117sakmuo\u00a0yra gaminys i\u0161 tvirto plastiko, imituojantis akmen\u012f. Penkios\u00a0skirtingo sud\u0117tingumo\u00a0laipiojimo sienel\u0117s.\",\"breadcrumb\":{\"@id\":\"https:\\\/\\\/kidsplay.lt\\\/produktas\\\/laipiojimas-uolomis-su-ciuozykla\\\/#breadcrumb\"},\"inLanguage\":\"lv-LV\",\"potentialAction\":[{\"@type\":\"ReadAction\",\"target\":[\"https:\\\/\\\/kidsplay.lt\\\/produktas\\\/laipiojimas-uolomis-su-ciuozykla\\\/\"]}]},{\"@type\":\"ImageObject\",\"inLanguage\":\"lv-LV\",\"@id\":\"https:\\\/\\\/kidsplay.lt\\\/produktas\\\/laipiojimas-uolomis-su-ciuozykla\\\/#primaryimage\",\"url\":\"https:\\\/\\\/kidsplay.lt\\\/wp-content\\\/uploads\\\/2024\\\/09\\\/Laipiojimas-uolomis-su-ciuozykla.jpg\",\"contentUrl\":\"https:\\\/\\\/kidsplay.lt\\\/wp-content\\\/uploads\\\/2024\\\/09\\\/Laipiojimas-uolomis-su-ciuozykla.jpg\",\"width\":832,\"height\":659,\"caption\":\"Laipiojimas uolomis su \u010diuo\u017eykla\"},{\"@type\":\"BreadcrumbList\",\"@id\":\"https:\\\/\\\/kidsplay.lt\\\/produktas\\\/laipiojimas-uolomis-su-ciuozykla\\\/#breadcrumb\",\"itemListElement\":[{\"@type\":\"ListItem\",\"position\":1,\"name\":\"Pagrindinis\",\"item\":\"https:\\\/\\\/kidsplay.lt\\\/\"},{\"@type\":\"ListItem\",\"position\":2,\"name\":\"Parduotuv\u0117\",\"item\":\"https:\\\/\\\/kidsplay.lt\\\/parduotuve\\\/\"},{\"@type\":\"ListItem\",\"position\":3,\"name\":\"Laipiojimas uolomis su \u010diuo\u017eykla\"}]},{\"@type\":\"WebSite\",\"@id\":\"https:\\\/\\\/kidsplay.lt\\\/#website\",\"url\":\"https:\\\/\\\/kidsplay.lt\\\/\",\"name\":\"Kidsplay.lt\",\"description\":\"\u012evairios prek\u0117s vaikams\",\"publisher\":{\"@id\":\"https:\\\/\\\/kidsplay.lt\\\/#organization\"},\"alternateName\":\"Kidsplay\",\"potentialAction\":[{\"@type\":\"SearchAction\",\"target\":{\"@type\":\"EntryPoint\",\"urlTemplate\":\"https:\\\/\\\/kidsplay.lt\\\/?s={search_term_string}\"},\"query-input\":{\"@type\":\"PropertyValueSpecification\",\"valueRequired\":true,\"valueName\":\"search_term_string\"}}],\"inLanguage\":\"lv-LV\"},{\"@type\":\"Organization\",\"@id\":\"https:\\\/\\\/kidsplay.lt\\\/#organization\",\"name\":\"KidsPlay\",\"url\":\"https:\\\/\\\/kidsplay.lt\\\/\",\"logo\":{\"@type\":\"ImageObject\",\"inLanguage\":\"lv-LV\",\"@id\":\"https:\\\/\\\/kidsplay.lt\\\/#\\\/schema\\\/logo\\\/image\\\/\",\"url\":\"https:\\\/\\\/kidsplay.lt\\\/wp-content\\\/uploads\\\/2023\\\/07\\\/kidsplay-logo.png\",\"contentUrl\":\"https:\\\/\\\/kidsplay.lt\\\/wp-content\\\/uploads\\\/2023\\\/07\\\/kidsplay-logo.png\",\"width\":451,\"height\":98,\"caption\":\"KidsPlay\"},\"image\":{\"@id\":\"https:\\\/\\\/kidsplay.lt\\\/#\\\/schema\\\/logo\\\/image\\\/\"},\"sameAs\":[\"https:\\\/\\\/www.facebook.com\\\/www.kidsplay.lt\"]}]}<\/script>\n<!-- \/ Yoast SEO plugin. -->","yoast_head_json":{"title":"Klin\u0161u k\u0101p\u0161ana ar slidkalni\u0146u","description":"Be\u017ed\u017eioni\u0173 girait\u0117s\u00a0\u017eaidim\u0173 aik\u0161tel\u0117sakmuo\u00a0yra gaminys i\u0161 tvirto plastiko, imituojantis akmen\u012f. Penkios\u00a0skirtingo sud\u0117tingumo\u00a0laipiojimo sienel\u0117s.","robots":{"index":"index","follow":"follow","max-snippet":"max-snippet:-1","max-image-preview":"max-image-preview:large","max-video-preview":"max-video-preview:-1"},"canonical":"https:\/\/kidsplay.lt\/lv\/products\/laipiojimas-uolomis-su-ciuozykla\/","og_locale":"lv_LV","og_type":"article","og_title":"Laipiojimas uolomis su \u010diuo\u017eykla","og_description":"Be\u017ed\u017eioni\u0173 girait\u0117s\u00a0\u017eaidim\u0173 aik\u0161tel\u0117sakmuo\u00a0yra gaminys i\u0161 tvirto plastiko, imituojantis akmen\u012f. Penkios\u00a0skirtingo sud\u0117tingumo\u00a0laipiojimo sienel\u0117s.","og_url":"https:\/\/kidsplay.lt\/lv\/products\/laipiojimas-uolomis-su-ciuozykla\/","og_site_name":"KidsPlay","article_publisher":"https:\/\/www.facebook.com\/www.kidsplay.lt","article_modified_time":"2026-04-07T07:57:12+00:00","og_image":[{"width":832,"height":659,"url":"https:\/\/kidsplay.lt\/wp-content\/uploads\/2024\/09\/Laipiojimas-uolomis-su-ciuozykla.jpg","type":"image\/jpeg"}],"twitter_card":"summary_large_image","twitter_misc":{"Est. reading time":"1 min\u016bte"},"schema":{"@context":"https:\/\/schema.org","@graph":[{"@type":"WebPage","@id":"https:\/\/kidsplay.lt\/produktas\/laipiojimas-uolomis-su-ciuozykla\/","url":"https:\/\/kidsplay.lt\/produktas\/laipiojimas-uolomis-su-ciuozykla\/","name":"Klin\u0161u k\u0101p\u0161ana ar slidkalni\u0146u","isPartOf":{"@id":"https:\/\/kidsplay.lt\/#website"},"primaryImageOfPage":{"@id":"https:\/\/kidsplay.lt\/produktas\/laipiojimas-uolomis-su-ciuozykla\/#primaryimage"},"image":{"@id":"https:\/\/kidsplay.lt\/produktas\/laipiojimas-uolomis-su-ciuozykla\/#primaryimage"},"thumbnailUrl":"https:\/\/kidsplay.lt\/wp-content\/uploads\/2024\/09\/Laipiojimas-uolomis-su-ciuozykla.jpg","datePublished":"2026-02-26T07:44:42+00:00","dateModified":"2026-04-07T07:57:12+00:00","description":"Be\u017ed\u017eioni\u0173 girait\u0117s\u00a0\u017eaidim\u0173 aik\u0161tel\u0117sakmuo\u00a0yra gaminys i\u0161 tvirto plastiko, imituojantis akmen\u012f. Penkios\u00a0skirtingo sud\u0117tingumo\u00a0laipiojimo sienel\u0117s.","breadcrumb":{"@id":"https:\/\/kidsplay.lt\/produktas\/laipiojimas-uolomis-su-ciuozykla\/#breadcrumb"},"inLanguage":"lv-LV","potentialAction":[{"@type":"ReadAction","target":["https:\/\/kidsplay.lt\/produktas\/laipiojimas-uolomis-su-ciuozykla\/"]}]},{"@type":"ImageObject","inLanguage":"lv-LV","@id":"https:\/\/kidsplay.lt\/produktas\/laipiojimas-uolomis-su-ciuozykla\/#primaryimage","url":"https:\/\/kidsplay.lt\/wp-content\/uploads\/2024\/09\/Laipiojimas-uolomis-su-ciuozykla.jpg","contentUrl":"https:\/\/kidsplay.lt\/wp-content\/uploads\/2024\/09\/Laipiojimas-uolomis-su-ciuozykla.jpg","width":832,"height":659,"caption":"Laipiojimas uolomis su \u010diuo\u017eykla"},{"@type":"BreadcrumbList","@id":"https:\/\/kidsplay.lt\/produktas\/laipiojimas-uolomis-su-ciuozykla\/#breadcrumb","itemListElement":[{"@type":"ListItem","position":1,"name":"Pagrindinis","item":"https:\/\/kidsplay.lt\/"},{"@type":"ListItem","position":2,"name":"Parduotuv\u0117","item":"https:\/\/kidsplay.lt\/parduotuve\/"},{"@type":"ListItem","position":3,"name":"Laipiojimas uolomis su \u010diuo\u017eykla"}]},{"@type":"WebSite","@id":"https:\/\/kidsplay.lt\/#website","url":"https:\/\/kidsplay.lt\/","name":"B\u0113rnu sp\u0113les.lv","description":"\u012evairios prek\u0117s vaikams","publisher":{"@id":"https:\/\/kidsplay.lt\/#organization"},"alternateName":"Kidsplay","potentialAction":[{"@type":"SearchAction","target":{"@type":"EntryPoint","urlTemplate":"https:\/\/kidsplay.lt\/?s={search_term_string}"},"query-input":{"@type":"PropertyValueSpecification","valueRequired":true,"valueName":"search_term_string"}}],"inLanguage":"lv-LV"},{"@type":"Organization","@id":"https:\/\/kidsplay.lt\/#organization","name":"B\u0113rnu sp\u0113le","url":"https:\/\/kidsplay.lt\/","logo":{"@type":"ImageObject","inLanguage":"lv-LV","@id":"https:\/\/kidsplay.lt\/#\/schema\/logo\/image\/","url":"https:\/\/kidsplay.lt\/wp-content\/uploads\/2023\/07\/kidsplay-logo.png","contentUrl":"https:\/\/kidsplay.lt\/wp-content\/uploads\/2023\/07\/kidsplay-logo.png","width":451,"height":98,"caption":"KidsPlay"},"image":{"@id":"https:\/\/kidsplay.lt\/#\/schema\/logo\/image\/"},"sameAs":["https:\/\/www.facebook.com\/www.kidsplay.lt"]}]}},"_links":{"self":[{"href":"https:\/\/kidsplay.lt\/lv\/wp-json\/wp\/v2\/product\/90411","targetHints":{"allow":["GET"]}}],"collection":[{"href":"https:\/\/kidsplay.lt\/lv\/wp-json\/wp\/v2\/product"}],"about":[{"href":"https:\/\/kidsplay.lt\/lv\/wp-json\/wp\/v2\/types\/product"}],"version-history":[{"count":1,"href":"https:\/\/kidsplay.lt\/lv\/wp-json\/wp\/v2\/product\/90411\/revisions"}],"predecessor-version":[{"id":90412,"href":"https:\/\/kidsplay.lt\/lv\/wp-json\/wp\/v2\/product\/90411\/revisions\/90412"}],"wp:featuredmedia":[{"embeddable":true,"href":"https:\/\/kidsplay.lt\/lv\/wp-json\/wp\/v2\/media\/51848"}],"wp:attachment":[{"href":"https:\/\/kidsplay.lt\/lv\/wp-json\/wp\/v2\/media?parent=90411"}],"wp:term":[{"taxonomy":"product_brand","embeddable":true,"href":"https:\/\/kidsplay.lt\/lv\/wp-json\/wp\/v2\/product_brand?post=90411"},{"taxonomy":"product_cat","embeddable":true,"href":"https:\/\/kidsplay.lt\/lv\/wp-json\/wp\/v2\/product_cat?post=90411"},{"taxonomy":"product_tag","embeddable":true,"href":"https:\/\/kidsplay.lt\/lv\/wp-json\/wp\/v2\/product_tag?post=90411"}],"curies":[{"name":"wp","href":"https:\/\/api.w.org\/{rel}","templated":true}]}}