{"id":90415,"date":"2026-02-26T09:44:47","date_gmt":"2026-02-26T07:44:47","guid":{"rendered":"https:\/\/kidsplay.lt\/produktas\/didelio-galingumo-darbinis-mini-ekskavatorius\/"},"modified":"2026-04-13T13:46:22","modified_gmt":"2026-04-13T10:46:22","slug":"didelio-galingumo-darbinis-mini-ekskavatorius","status":"publish","type":"product","link":"https:\/\/kidsplay.lt\/lv\/products\/didelio-galingumo-darbinis-mini-ekskavatorius\/","title":{"rendered":"Didelio galingumo darbinis mini ekskavatorius"},"content":{"rendered":"<p>BIG Power Worker Excavator yra\u00a0linksm\u0173 ir patvari\u0173\u00a0transporto priemoni\u0173 serija,\u00a0skirta ma\u017eiems vaikams, m\u0117gstantiems\u00a0\u017eaisti statybomis.\u00a0BIG\u00a0prek\u0117s \u017eenklo \u017eaislai\u00a0yra\u00a0ergonomi\u0161k\u0173 form\u0173\u00a0, puikiai tinkan\u010di\u0173 ma\u017eoms rankut\u0117ms ir\u00a0neturin\u010di\u0173 a\u0161tri\u0173 kra\u0161t\u0173.\u00a0Galite \u017eaisti su jais tiek viduje, tiek lauke, nes jie turi didelius, mink\u0161tus ratus, kurie\u00a0nebrai\u017eo grind\u0173.\u00a0Pa\u017eaidus juos nesunkiai i\u0161skalbsite po tekan\u010diu vandeniu, nes jie pagaminti i\u0161 kokybi\u0161k\u0173 med\u017eiag\u0173.<\/p>\n<p>Raksturojums:<\/p>\n<p> \t&#8211; \u017eaislas vaikams\u00a0nuo 2 met\u0173,<br \/>\n \t&#8211;\u00a0Power Worker\u00a0ekskavatorius skirtas\u00a0\u017eaisti tiek viduje, tiek lauke.<br \/>\n \t&#8211;\u00a0Ergonomi\u0161kas kabinos stogas neturi a\u0161tri\u0173 briaun\u0173\u00a0ir puikiai tinka ma\u017eoms rankyt\u0117ms, kaip ir\u00a0priekyje esantis \u0161auk\u0161tas.<br \/>\n \t&#8211; dideli ratai pagaminti i\u0161\u00a0mink\u0161tos med\u017eiagos,\u00a0yra patvar\u016bs, ta\u010diau nepalieka \u017eymi\u0173 ant grind\u0173.<br \/>\n \t&#8211; Auk\u0161tos kokyb\u0117s apdirbimas garantuoja lengv\u0105 valym\u0105 po tekan\u010diu vandeniu.<\/p>\n<p>Power Worker mini ekskavatorius skirtas \u017eaisti tiek viduje, tiek lauke.<\/p>\n<p>BIG\u00a0\u00a0priklauso dideliam koncernui\u00a0\u00a0Simba Dickie Group\u00a0\u00a0\u2013 linijoje yra labai \u012fvairi\u0173 ir novatori\u0161k\u0173 \u017eaisl\u0173, kurie skatina vaik\u0173 motorini\u0173 \u012fg\u016bd\u017ei\u0173 vystym\u0105si.\u00a0BIG\u00a0produktai\u00a0\u00a0\u00a0si\u016blo daugyb\u0119 pramog\u0173 id\u0117j\u0173. \u010cia rasite automobili\u0173, pasiva\u017ein\u0117jim\u0173, rokeri\u0173, traktori\u0173, val\u010di\u0173, \u010diuo\u017eykl\u0173, vandens transporto priemoni\u0173 ir sm\u0117lio d\u0117\u017ei\u0173. BIG yra labai auk\u0161tos kokyb\u0117s \u017eaislai. Jie gaminami Vokietijoje i\u0161 auk\u0161tos kokyb\u0117s med\u017eiag\u0173, atspari\u0173 UV spinduliams. M\u016bs\u0173 \u017eaisl\u0173 saugumas garantuojamas ir patvirtintas LGA\/T\u00dcV testais.<\/p>","protected":false},"excerpt":{"rendered":"<p>BIG Power Worker Excavator yra\u00a0linksm\u0173 ir patvari\u0173\u00a0transporto priemoni\u0173 serija,\u00a0skirta ma\u017eiems vaikams, m\u0117gstantiems\u00a0\u017eaisti statybomis.\u00a0BIG\u00a0prek\u0117s \u017eenklo \u017eaislai\u00a0yra\u00a0ergonomi\u0161k\u0173 form\u0173\u00a0, puikiai tinkan\u010di\u0173 ma\u017eoms rankut\u0117ms<\/p>","protected":false},"featured_media":51881,"template":"","meta":{"_acf_changed":false,"_glsr_average":0,"_glsr_ranking":0,"_glsr_reviews":0},"product_brand":[],"product_cat":[448,229],"product_tag":[],"class_list":{"0":"post-90415","1":"product","2":"type-product","3":"status-publish","4":"has-post-thumbnail","6":"product_cat-automobiliai-ir-transportas","7":"product_cat-zaislai-vaikams","8":"\"style=\"background-color: #2ecc711c;\"","10":"first","11":"instock","12":"purchasable","13":"product-type-simple"},"acf":[],"yoast_head":"<!-- This site is optimized with the Yoast SEO plugin v27.4 - https:\/\/yoast.com\/product\/yoast-seo-wordpress\/ -->\n<title>Didelio galingumo darbinis mini ekskavatorius<\/title>\n<meta name=\"description\" content=\"Didelio galingumo darbinis mini ekskavatorius - KidsPlay. Did\u017eiausias vaik\u0173 \u017eaisl\u0173 pasirinkimas.\" \/>\n<meta name=\"robots\" content=\"index, follow, max-snippet:-1, max-image-preview:large, max-video-preview:-1\" \/>\n<link rel=\"canonical\" href=\"https:\/\/kidsplay.lt\/lv\/products\/didelio-galingumo-darbinis-mini-ekskavatorius\/\" \/>\n<meta property=\"og:locale\" content=\"lv_LV\" \/>\n<meta property=\"og:type\" content=\"article\" \/>\n<meta property=\"og:title\" content=\"Didelio galingumo darbinis mini ekskavatorius\" \/>\n<meta property=\"og:description\" content=\"Didelio galingumo darbinis mini ekskavatorius - KidsPlay. Did\u017eiausias vaik\u0173 \u017eaisl\u0173 pasirinkimas.\" \/>\n<meta property=\"og:url\" content=\"https:\/\/kidsplay.lt\/lv\/products\/didelio-galingumo-darbinis-mini-ekskavatorius\/\" \/>\n<meta property=\"og:site_name\" content=\"KidsPlay\" \/>\n<meta property=\"article:publisher\" content=\"https:\/\/www.facebook.com\/www.kidsplay.lt\" \/>\n<meta property=\"article:modified_time\" content=\"2026-04-13T10:46:22+00:00\" \/>\n<meta property=\"og:image\" content=\"https:\/\/kidsplay.lt\/wp-content\/uploads\/2024\/09\/Didelio-galingumo-darbinis-mini-ekskavatorius.jpg\" \/>\n\t<meta property=\"og:image:width\" content=\"1000\" \/>\n\t<meta property=\"og:image:height\" content=\"1000\" \/>\n\t<meta property=\"og:image:type\" content=\"image\/jpeg\" \/>\n<meta name=\"twitter:card\" content=\"summary_large_image\" \/>\n<meta name=\"twitter:label1\" content=\"Est. reading time\" \/>\n\t<meta name=\"twitter:data1\" content=\"1 min\u016bte\" \/>\n<script type=\"application\/ld+json\" class=\"yoast-schema-graph\">{\"@context\":\"https:\\\/\\\/schema.org\",\"@graph\":[{\"@type\":\"WebPage\",\"@id\":\"https:\\\/\\\/kidsplay.lt\\\/produktas\\\/didelio-galingumo-darbinis-mini-ekskavatorius\\\/\",\"url\":\"https:\\\/\\\/kidsplay.lt\\\/produktas\\\/didelio-galingumo-darbinis-mini-ekskavatorius\\\/\",\"name\":\"Didelio galingumo darbinis mini ekskavatorius\",\"isPartOf\":{\"@id\":\"https:\\\/\\\/kidsplay.lt\\\/#website\"},\"primaryImageOfPage\":{\"@id\":\"https:\\\/\\\/kidsplay.lt\\\/produktas\\\/didelio-galingumo-darbinis-mini-ekskavatorius\\\/#primaryimage\"},\"image\":{\"@id\":\"https:\\\/\\\/kidsplay.lt\\\/produktas\\\/didelio-galingumo-darbinis-mini-ekskavatorius\\\/#primaryimage\"},\"thumbnailUrl\":\"https:\\\/\\\/kidsplay.lt\\\/wp-content\\\/uploads\\\/2024\\\/09\\\/Didelio-galingumo-darbinis-mini-ekskavatorius.jpg\",\"datePublished\":\"2026-02-26T07:44:47+00:00\",\"dateModified\":\"2026-04-13T10:46:22+00:00\",\"description\":\"Didelio galingumo darbinis mini ekskavatorius - KidsPlay. Did\u017eiausias vaik\u0173 \u017eaisl\u0173 pasirinkimas.\",\"breadcrumb\":{\"@id\":\"https:\\\/\\\/kidsplay.lt\\\/produktas\\\/didelio-galingumo-darbinis-mini-ekskavatorius\\\/#breadcrumb\"},\"inLanguage\":\"lv-LV\",\"potentialAction\":[{\"@type\":\"ReadAction\",\"target\":[\"https:\\\/\\\/kidsplay.lt\\\/produktas\\\/didelio-galingumo-darbinis-mini-ekskavatorius\\\/\"]}]},{\"@type\":\"ImageObject\",\"inLanguage\":\"lv-LV\",\"@id\":\"https:\\\/\\\/kidsplay.lt\\\/produktas\\\/didelio-galingumo-darbinis-mini-ekskavatorius\\\/#primaryimage\",\"url\":\"https:\\\/\\\/kidsplay.lt\\\/wp-content\\\/uploads\\\/2024\\\/09\\\/Didelio-galingumo-darbinis-mini-ekskavatorius.jpg\",\"contentUrl\":\"https:\\\/\\\/kidsplay.lt\\\/wp-content\\\/uploads\\\/2024\\\/09\\\/Didelio-galingumo-darbinis-mini-ekskavatorius.jpg\",\"width\":1000,\"height\":1000,\"caption\":\"Didelio galingumo darbinis mini ekskavatorius\"},{\"@type\":\"BreadcrumbList\",\"@id\":\"https:\\\/\\\/kidsplay.lt\\\/produktas\\\/didelio-galingumo-darbinis-mini-ekskavatorius\\\/#breadcrumb\",\"itemListElement\":[{\"@type\":\"ListItem\",\"position\":1,\"name\":\"Pagrindinis\",\"item\":\"https:\\\/\\\/kidsplay.lt\\\/\"},{\"@type\":\"ListItem\",\"position\":2,\"name\":\"Parduotuv\u0117\",\"item\":\"https:\\\/\\\/kidsplay.lt\\\/parduotuve\\\/\"},{\"@type\":\"ListItem\",\"position\":3,\"name\":\"Didelio galingumo darbinis mini ekskavatorius\"}]},{\"@type\":\"WebSite\",\"@id\":\"https:\\\/\\\/kidsplay.lt\\\/#website\",\"url\":\"https:\\\/\\\/kidsplay.lt\\\/\",\"name\":\"Kidsplay.lt\",\"description\":\"\u012evairios prek\u0117s vaikams\",\"publisher\":{\"@id\":\"https:\\\/\\\/kidsplay.lt\\\/#organization\"},\"alternateName\":\"Kidsplay\",\"potentialAction\":[{\"@type\":\"SearchAction\",\"target\":{\"@type\":\"EntryPoint\",\"urlTemplate\":\"https:\\\/\\\/kidsplay.lt\\\/?s={search_term_string}\"},\"query-input\":{\"@type\":\"PropertyValueSpecification\",\"valueRequired\":true,\"valueName\":\"search_term_string\"}}],\"inLanguage\":\"lv-LV\"},{\"@type\":\"Organization\",\"@id\":\"https:\\\/\\\/kidsplay.lt\\\/#organization\",\"name\":\"KidsPlay\",\"url\":\"https:\\\/\\\/kidsplay.lt\\\/\",\"logo\":{\"@type\":\"ImageObject\",\"inLanguage\":\"lv-LV\",\"@id\":\"https:\\\/\\\/kidsplay.lt\\\/#\\\/schema\\\/logo\\\/image\\\/\",\"url\":\"https:\\\/\\\/kidsplay.lt\\\/wp-content\\\/uploads\\\/2023\\\/07\\\/kidsplay-logo.png\",\"contentUrl\":\"https:\\\/\\\/kidsplay.lt\\\/wp-content\\\/uploads\\\/2023\\\/07\\\/kidsplay-logo.png\",\"width\":451,\"height\":98,\"caption\":\"KidsPlay\"},\"image\":{\"@id\":\"https:\\\/\\\/kidsplay.lt\\\/#\\\/schema\\\/logo\\\/image\\\/\"},\"sameAs\":[\"https:\\\/\\\/www.facebook.com\\\/www.kidsplay.lt\"]}]}<\/script>\n<!-- \/ Yoast SEO plugin. -->","yoast_head_json":{"title":"Didelio galingumo darbinis mini ekskavatorius","description":"Didelio galingumo darbinis mini ekskavatorius - KidsPlay. Did\u017eiausias vaik\u0173 \u017eaisl\u0173 pasirinkimas.","robots":{"index":"index","follow":"follow","max-snippet":"max-snippet:-1","max-image-preview":"max-image-preview:large","max-video-preview":"max-video-preview:-1"},"canonical":"https:\/\/kidsplay.lt\/lv\/products\/didelio-galingumo-darbinis-mini-ekskavatorius\/","og_locale":"lv_LV","og_type":"article","og_title":"Didelio galingumo darbinis mini ekskavatorius","og_description":"Didelio galingumo darbinis mini ekskavatorius - KidsPlay. Did\u017eiausias vaik\u0173 \u017eaisl\u0173 pasirinkimas.","og_url":"https:\/\/kidsplay.lt\/lv\/products\/didelio-galingumo-darbinis-mini-ekskavatorius\/","og_site_name":"KidsPlay","article_publisher":"https:\/\/www.facebook.com\/www.kidsplay.lt","article_modified_time":"2026-04-13T10:46:22+00:00","og_image":[{"width":1000,"height":1000,"url":"https:\/\/kidsplay.lt\/wp-content\/uploads\/2024\/09\/Didelio-galingumo-darbinis-mini-ekskavatorius.jpg","type":"image\/jpeg"}],"twitter_card":"summary_large_image","twitter_misc":{"Est. reading time":"1 min\u016bte"},"schema":{"@context":"https:\/\/schema.org","@graph":[{"@type":"WebPage","@id":"https:\/\/kidsplay.lt\/produktas\/didelio-galingumo-darbinis-mini-ekskavatorius\/","url":"https:\/\/kidsplay.lt\/produktas\/didelio-galingumo-darbinis-mini-ekskavatorius\/","name":"Didelio galingumo darbinis mini ekskavatorius","isPartOf":{"@id":"https:\/\/kidsplay.lt\/#website"},"primaryImageOfPage":{"@id":"https:\/\/kidsplay.lt\/produktas\/didelio-galingumo-darbinis-mini-ekskavatorius\/#primaryimage"},"image":{"@id":"https:\/\/kidsplay.lt\/produktas\/didelio-galingumo-darbinis-mini-ekskavatorius\/#primaryimage"},"thumbnailUrl":"https:\/\/kidsplay.lt\/wp-content\/uploads\/2024\/09\/Didelio-galingumo-darbinis-mini-ekskavatorius.jpg","datePublished":"2026-02-26T07:44:47+00:00","dateModified":"2026-04-13T10:46:22+00:00","description":"Didelio galingumo darbinis mini ekskavatorius - KidsPlay. Did\u017eiausias vaik\u0173 \u017eaisl\u0173 pasirinkimas.","breadcrumb":{"@id":"https:\/\/kidsplay.lt\/produktas\/didelio-galingumo-darbinis-mini-ekskavatorius\/#breadcrumb"},"inLanguage":"lv-LV","potentialAction":[{"@type":"ReadAction","target":["https:\/\/kidsplay.lt\/produktas\/didelio-galingumo-darbinis-mini-ekskavatorius\/"]}]},{"@type":"ImageObject","inLanguage":"lv-LV","@id":"https:\/\/kidsplay.lt\/produktas\/didelio-galingumo-darbinis-mini-ekskavatorius\/#primaryimage","url":"https:\/\/kidsplay.lt\/wp-content\/uploads\/2024\/09\/Didelio-galingumo-darbinis-mini-ekskavatorius.jpg","contentUrl":"https:\/\/kidsplay.lt\/wp-content\/uploads\/2024\/09\/Didelio-galingumo-darbinis-mini-ekskavatorius.jpg","width":1000,"height":1000,"caption":"Didelio galingumo darbinis mini ekskavatorius"},{"@type":"BreadcrumbList","@id":"https:\/\/kidsplay.lt\/produktas\/didelio-galingumo-darbinis-mini-ekskavatorius\/#breadcrumb","itemListElement":[{"@type":"ListItem","position":1,"name":"Pagrindinis","item":"https:\/\/kidsplay.lt\/"},{"@type":"ListItem","position":2,"name":"Parduotuv\u0117","item":"https:\/\/kidsplay.lt\/parduotuve\/"},{"@type":"ListItem","position":3,"name":"Didelio galingumo darbinis mini ekskavatorius"}]},{"@type":"WebSite","@id":"https:\/\/kidsplay.lt\/#website","url":"https:\/\/kidsplay.lt\/","name":"B\u0113rnu sp\u0113les.lv","description":"\u012evairios prek\u0117s vaikams","publisher":{"@id":"https:\/\/kidsplay.lt\/#organization"},"alternateName":"Kidsplay","potentialAction":[{"@type":"SearchAction","target":{"@type":"EntryPoint","urlTemplate":"https:\/\/kidsplay.lt\/?s={search_term_string}"},"query-input":{"@type":"PropertyValueSpecification","valueRequired":true,"valueName":"search_term_string"}}],"inLanguage":"lv-LV"},{"@type":"Organization","@id":"https:\/\/kidsplay.lt\/#organization","name":"B\u0113rnu sp\u0113le","url":"https:\/\/kidsplay.lt\/","logo":{"@type":"ImageObject","inLanguage":"lv-LV","@id":"https:\/\/kidsplay.lt\/#\/schema\/logo\/image\/","url":"https:\/\/kidsplay.lt\/wp-content\/uploads\/2023\/07\/kidsplay-logo.png","contentUrl":"https:\/\/kidsplay.lt\/wp-content\/uploads\/2023\/07\/kidsplay-logo.png","width":451,"height":98,"caption":"KidsPlay"},"image":{"@id":"https:\/\/kidsplay.lt\/#\/schema\/logo\/image\/"},"sameAs":["https:\/\/www.facebook.com\/www.kidsplay.lt"]}]}},"_links":{"self":[{"href":"https:\/\/kidsplay.lt\/lv\/wp-json\/wp\/v2\/product\/90415","targetHints":{"allow":["GET"]}}],"collection":[{"href":"https:\/\/kidsplay.lt\/lv\/wp-json\/wp\/v2\/product"}],"about":[{"href":"https:\/\/kidsplay.lt\/lv\/wp-json\/wp\/v2\/types\/product"}],"version-history":[{"count":1,"href":"https:\/\/kidsplay.lt\/lv\/wp-json\/wp\/v2\/product\/90415\/revisions"}],"predecessor-version":[{"id":90416,"href":"https:\/\/kidsplay.lt\/lv\/wp-json\/wp\/v2\/product\/90415\/revisions\/90416"}],"wp:featuredmedia":[{"embeddable":true,"href":"https:\/\/kidsplay.lt\/lv\/wp-json\/wp\/v2\/media\/51881"}],"wp:attachment":[{"href":"https:\/\/kidsplay.lt\/lv\/wp-json\/wp\/v2\/media?parent=90415"}],"wp:term":[{"taxonomy":"product_brand","embeddable":true,"href":"https:\/\/kidsplay.lt\/lv\/wp-json\/wp\/v2\/product_brand?post=90415"},{"taxonomy":"product_cat","embeddable":true,"href":"https:\/\/kidsplay.lt\/lv\/wp-json\/wp\/v2\/product_cat?post=90415"},{"taxonomy":"product_tag","embeddable":true,"href":"https:\/\/kidsplay.lt\/lv\/wp-json\/wp\/v2\/product_tag?post=90415"}],"curies":[{"name":"wp","href":"https:\/\/api.w.org\/{rel}","templated":true}]}}