{"id":90417,"date":"2026-02-26T09:44:50","date_gmt":"2026-02-26T07:44:50","guid":{"rendered":"https:\/\/kidsplay.lt\/produktas\/vandens-stalas-2in1-su-priedais-krioklys\/"},"modified":"2026-04-07T10:57:17","modified_gmt":"2026-04-07T07:57:17","slug":"vandens-stalas-2in1-su-priedais-krioklys","status":"publish","type":"product","link":"https:\/\/kidsplay.lt\/lv\/products\/vandens-stalas-2in1-su-priedais-krioklys\/","title":{"rendered":"Vandens stalas 2in1 su priedais &#8211; krioklys"},"content":{"rendered":"<p>Vandens stalas 2in1 sm\u0117lio d\u0117\u017e\u0117 yra puikus \u017eaislas \u017eaisti su vandeniu ir sm\u0117liu. Rinkin\u012f sudaro 5 priedai: formel\u0117s, laistytuvas, kibiras, vandens samtelis. Stalas turi interaktyvius mal\u016bn\u0117lius, kurie sukasi \u012fpylus vanden\u012f \u012f piltuv\u0105. Rinkinys skirtas pramogoms namuose ir lauke. Puikiai tinka \u017eaisti namuose ir papl\u016bdimyje ar sm\u0117lio d\u0117\u017e\u0117je.<\/p>\n<p>\u2013 no 3 gadu vecuma<br \/>\n&#8211; 2in1 &#8211; vandens stalas + sm\u0117lio d\u0117\u017e\u0117<br \/>\n&#8211; Komplekte yra priedai, \u012fskaitant interaktyv\u0173 mal\u016bn\u0117l\u012f<br \/>\n&#8211; pramogoms lauke ir namuose<br \/>\n&#8211; lengvas surinkimas<\/p>","protected":false},"excerpt":{"rendered":"<p>Vandens stalas 2in1 sm\u0117lio d\u0117\u017e\u0117 yra puikus \u017eaislas \u017eaisti su vandeniu ir sm\u0117liu. Rinkin\u012f sudaro 5 priedai: formel\u0117s, laistytuvas, kibiras,<\/p>","protected":false},"featured_media":51938,"template":"","meta":{"_acf_changed":false,"_glsr_average":0,"_glsr_ranking":0,"_glsr_reviews":0},"product_brand":[],"product_cat":[233,390],"product_tag":[],"class_list":{"0":"post-90417","1":"product","2":"type-product","3":"status-publish","4":"has-post-thumbnail","6":"product_cat-lauko-pramogos","7":"product_cat-vandens-pramogos","8":"\"style=\"background-color: #2ecc711c;\"","10":"first","11":"instock","12":"purchasable","13":"product-type-simple"},"acf":[],"yoast_head":"<!-- This site is optimized with the Yoast SEO plugin v27.3 - https:\/\/yoast.com\/product\/yoast-seo-wordpress\/ -->\n<title>Vandens stalas 2in1 su priedais &#8211; krioklys<\/title>\n<meta name=\"description\" content=\"Vandens stalas 2in1 sm\u0117lio d\u0117\u017e\u0117 yra puikus \u017eaislas \u017eaisti su vandeniu ir sm\u0117liu. Rinkin\u012f sudaro 5 priedai. Vaikams nuo 3 met\u0173 am\u017eiaus.\" \/>\n<meta name=\"robots\" content=\"index, follow, max-snippet:-1, max-image-preview:large, max-video-preview:-1\" \/>\n<link rel=\"canonical\" href=\"https:\/\/kidsplay.lt\/lv\/products\/vandens-stalas-2in1-su-priedais-krioklys\/\" \/>\n<meta property=\"og:locale\" content=\"lv_LV\" \/>\n<meta property=\"og:type\" content=\"article\" \/>\n<meta property=\"og:title\" content=\"Vandens stalas 2in1 su priedais &#8211; krioklys\" \/>\n<meta property=\"og:description\" content=\"Vandens stalas 2in1 sm\u0117lio d\u0117\u017e\u0117 yra puikus \u017eaislas \u017eaisti su vandeniu ir sm\u0117liu. Rinkin\u012f sudaro 5 priedai. Vaikams nuo 3 met\u0173 am\u017eiaus.\" \/>\n<meta property=\"og:url\" content=\"https:\/\/kidsplay.lt\/lv\/products\/vandens-stalas-2in1-su-priedais-krioklys\/\" \/>\n<meta property=\"og:site_name\" content=\"KidsPlay\" \/>\n<meta property=\"article:publisher\" content=\"https:\/\/www.facebook.com\/www.kidsplay.lt\" \/>\n<meta property=\"article:modified_time\" content=\"2026-04-07T07:57:17+00:00\" \/>\n<meta property=\"og:image\" content=\"https:\/\/kidsplay.lt\/wp-content\/uploads\/2024\/09\/Vandens-stalas-2in1-su-priedais-\u2013-krioklys.jpg\" \/>\n\t<meta property=\"og:image:width\" content=\"1000\" \/>\n\t<meta property=\"og:image:height\" content=\"1000\" \/>\n\t<meta property=\"og:image:type\" content=\"image\/jpeg\" \/>\n<meta name=\"twitter:card\" content=\"summary_large_image\" \/>\n<script type=\"application\/ld+json\" class=\"yoast-schema-graph\">{\"@context\":\"https:\\\/\\\/schema.org\",\"@graph\":[{\"@type\":\"WebPage\",\"@id\":\"https:\\\/\\\/kidsplay.lt\\\/produktas\\\/vandens-stalas-2in1-su-priedais-krioklys\\\/\",\"url\":\"https:\\\/\\\/kidsplay.lt\\\/produktas\\\/vandens-stalas-2in1-su-priedais-krioklys\\\/\",\"name\":\"Vandens stalas 2in1 su priedais &#8211; krioklys\",\"isPartOf\":{\"@id\":\"https:\\\/\\\/kidsplay.lt\\\/#website\"},\"primaryImageOfPage\":{\"@id\":\"https:\\\/\\\/kidsplay.lt\\\/produktas\\\/vandens-stalas-2in1-su-priedais-krioklys\\\/#primaryimage\"},\"image\":{\"@id\":\"https:\\\/\\\/kidsplay.lt\\\/produktas\\\/vandens-stalas-2in1-su-priedais-krioklys\\\/#primaryimage\"},\"thumbnailUrl\":\"https:\\\/\\\/kidsplay.lt\\\/wp-content\\\/uploads\\\/2024\\\/09\\\/Vandens-stalas-2in1-su-priedais-\u2013-krioklys.jpg\",\"datePublished\":\"2026-02-26T07:44:50+00:00\",\"dateModified\":\"2026-04-07T07:57:17+00:00\",\"description\":\"Vandens stalas 2in1 sm\u0117lio d\u0117\u017e\u0117 yra puikus \u017eaislas \u017eaisti su vandeniu ir sm\u0117liu. Rinkin\u012f sudaro 5 priedai. Vaikams nuo 3 met\u0173 am\u017eiaus.\",\"breadcrumb\":{\"@id\":\"https:\\\/\\\/kidsplay.lt\\\/produktas\\\/vandens-stalas-2in1-su-priedais-krioklys\\\/#breadcrumb\"},\"inLanguage\":\"lv-LV\",\"potentialAction\":[{\"@type\":\"ReadAction\",\"target\":[\"https:\\\/\\\/kidsplay.lt\\\/produktas\\\/vandens-stalas-2in1-su-priedais-krioklys\\\/\"]}]},{\"@type\":\"ImageObject\",\"inLanguage\":\"lv-LV\",\"@id\":\"https:\\\/\\\/kidsplay.lt\\\/produktas\\\/vandens-stalas-2in1-su-priedais-krioklys\\\/#primaryimage\",\"url\":\"https:\\\/\\\/kidsplay.lt\\\/wp-content\\\/uploads\\\/2024\\\/09\\\/Vandens-stalas-2in1-su-priedais-\u2013-krioklys.jpg\",\"contentUrl\":\"https:\\\/\\\/kidsplay.lt\\\/wp-content\\\/uploads\\\/2024\\\/09\\\/Vandens-stalas-2in1-su-priedais-\u2013-krioklys.jpg\",\"width\":1000,\"height\":1000,\"caption\":\"Vandens stalas 2in1 su priedais &#8211; krioklys\"},{\"@type\":\"BreadcrumbList\",\"@id\":\"https:\\\/\\\/kidsplay.lt\\\/produktas\\\/vandens-stalas-2in1-su-priedais-krioklys\\\/#breadcrumb\",\"itemListElement\":[{\"@type\":\"ListItem\",\"position\":1,\"name\":\"Pagrindinis\",\"item\":\"https:\\\/\\\/kidsplay.lt\\\/\"},{\"@type\":\"ListItem\",\"position\":2,\"name\":\"Parduotuv\u0117\",\"item\":\"https:\\\/\\\/kidsplay.lt\\\/parduotuve\\\/\"},{\"@type\":\"ListItem\",\"position\":3,\"name\":\"Vandens stalas 2in1 su priedais &#8211; krioklys\"}]},{\"@type\":\"WebSite\",\"@id\":\"https:\\\/\\\/kidsplay.lt\\\/#website\",\"url\":\"https:\\\/\\\/kidsplay.lt\\\/\",\"name\":\"Kidsplay.lt\",\"description\":\"\u012evairios prek\u0117s vaikams\",\"publisher\":{\"@id\":\"https:\\\/\\\/kidsplay.lt\\\/#organization\"},\"alternateName\":\"Kidsplay\",\"potentialAction\":[{\"@type\":\"SearchAction\",\"target\":{\"@type\":\"EntryPoint\",\"urlTemplate\":\"https:\\\/\\\/kidsplay.lt\\\/?s={search_term_string}\"},\"query-input\":{\"@type\":\"PropertyValueSpecification\",\"valueRequired\":true,\"valueName\":\"search_term_string\"}}],\"inLanguage\":\"lv-LV\"},{\"@type\":\"Organization\",\"@id\":\"https:\\\/\\\/kidsplay.lt\\\/#organization\",\"name\":\"KidsPlay\",\"url\":\"https:\\\/\\\/kidsplay.lt\\\/\",\"logo\":{\"@type\":\"ImageObject\",\"inLanguage\":\"lv-LV\",\"@id\":\"https:\\\/\\\/kidsplay.lt\\\/#\\\/schema\\\/logo\\\/image\\\/\",\"url\":\"https:\\\/\\\/kidsplay.lt\\\/wp-content\\\/uploads\\\/2023\\\/07\\\/kidsplay-logo.png\",\"contentUrl\":\"https:\\\/\\\/kidsplay.lt\\\/wp-content\\\/uploads\\\/2023\\\/07\\\/kidsplay-logo.png\",\"width\":451,\"height\":98,\"caption\":\"KidsPlay\"},\"image\":{\"@id\":\"https:\\\/\\\/kidsplay.lt\\\/#\\\/schema\\\/logo\\\/image\\\/\"},\"sameAs\":[\"https:\\\/\\\/www.facebook.com\\\/www.kidsplay.lt\"]}]}<\/script>\n<!-- \/ Yoast SEO plugin. -->","yoast_head_json":{"title":"Vandens stalas 2in1 su priedais &#8211; krioklys","description":"Vandens stalas 2in1 sm\u0117lio d\u0117\u017e\u0117 yra puikus \u017eaislas \u017eaisti su vandeniu ir sm\u0117liu. Rinkin\u012f sudaro 5 priedai. Vaikams nuo 3 met\u0173 am\u017eiaus.","robots":{"index":"index","follow":"follow","max-snippet":"max-snippet:-1","max-image-preview":"max-image-preview:large","max-video-preview":"max-video-preview:-1"},"canonical":"https:\/\/kidsplay.lt\/lv\/products\/vandens-stalas-2in1-su-priedais-krioklys\/","og_locale":"lv_LV","og_type":"article","og_title":"Vandens stalas 2in1 su priedais &#8211; krioklys","og_description":"Vandens stalas 2in1 sm\u0117lio d\u0117\u017e\u0117 yra puikus \u017eaislas \u017eaisti su vandeniu ir sm\u0117liu. Rinkin\u012f sudaro 5 priedai. Vaikams nuo 3 met\u0173 am\u017eiaus.","og_url":"https:\/\/kidsplay.lt\/lv\/products\/vandens-stalas-2in1-su-priedais-krioklys\/","og_site_name":"KidsPlay","article_publisher":"https:\/\/www.facebook.com\/www.kidsplay.lt","article_modified_time":"2026-04-07T07:57:17+00:00","og_image":[{"width":1000,"height":1000,"url":"https:\/\/kidsplay.lt\/wp-content\/uploads\/2024\/09\/Vandens-stalas-2in1-su-priedais-\u2013-krioklys.jpg","type":"image\/jpeg"}],"twitter_card":"summary_large_image","schema":{"@context":"https:\/\/schema.org","@graph":[{"@type":"WebPage","@id":"https:\/\/kidsplay.lt\/produktas\/vandens-stalas-2in1-su-priedais-krioklys\/","url":"https:\/\/kidsplay.lt\/produktas\/vandens-stalas-2in1-su-priedais-krioklys\/","name":"Vandens stalas 2in1 su priedais &#8211; krioklys","isPartOf":{"@id":"https:\/\/kidsplay.lt\/#website"},"primaryImageOfPage":{"@id":"https:\/\/kidsplay.lt\/produktas\/vandens-stalas-2in1-su-priedais-krioklys\/#primaryimage"},"image":{"@id":"https:\/\/kidsplay.lt\/produktas\/vandens-stalas-2in1-su-priedais-krioklys\/#primaryimage"},"thumbnailUrl":"https:\/\/kidsplay.lt\/wp-content\/uploads\/2024\/09\/Vandens-stalas-2in1-su-priedais-\u2013-krioklys.jpg","datePublished":"2026-02-26T07:44:50+00:00","dateModified":"2026-04-07T07:57:17+00:00","description":"Vandens stalas 2in1 sm\u0117lio d\u0117\u017e\u0117 yra puikus \u017eaislas \u017eaisti su vandeniu ir sm\u0117liu. Rinkin\u012f sudaro 5 priedai. Vaikams nuo 3 met\u0173 am\u017eiaus.","breadcrumb":{"@id":"https:\/\/kidsplay.lt\/produktas\/vandens-stalas-2in1-su-priedais-krioklys\/#breadcrumb"},"inLanguage":"lv-LV","potentialAction":[{"@type":"ReadAction","target":["https:\/\/kidsplay.lt\/produktas\/vandens-stalas-2in1-su-priedais-krioklys\/"]}]},{"@type":"ImageObject","inLanguage":"lv-LV","@id":"https:\/\/kidsplay.lt\/produktas\/vandens-stalas-2in1-su-priedais-krioklys\/#primaryimage","url":"https:\/\/kidsplay.lt\/wp-content\/uploads\/2024\/09\/Vandens-stalas-2in1-su-priedais-\u2013-krioklys.jpg","contentUrl":"https:\/\/kidsplay.lt\/wp-content\/uploads\/2024\/09\/Vandens-stalas-2in1-su-priedais-\u2013-krioklys.jpg","width":1000,"height":1000,"caption":"Vandens stalas 2in1 su priedais &#8211; krioklys"},{"@type":"BreadcrumbList","@id":"https:\/\/kidsplay.lt\/produktas\/vandens-stalas-2in1-su-priedais-krioklys\/#breadcrumb","itemListElement":[{"@type":"ListItem","position":1,"name":"Pagrindinis","item":"https:\/\/kidsplay.lt\/"},{"@type":"ListItem","position":2,"name":"Parduotuv\u0117","item":"https:\/\/kidsplay.lt\/parduotuve\/"},{"@type":"ListItem","position":3,"name":"Vandens stalas 2in1 su priedais &#8211; krioklys"}]},{"@type":"WebSite","@id":"https:\/\/kidsplay.lt\/#website","url":"https:\/\/kidsplay.lt\/","name":"B\u0113rnu sp\u0113les.lv","description":"\u012evairios prek\u0117s vaikams","publisher":{"@id":"https:\/\/kidsplay.lt\/#organization"},"alternateName":"Kidsplay","potentialAction":[{"@type":"SearchAction","target":{"@type":"EntryPoint","urlTemplate":"https:\/\/kidsplay.lt\/?s={search_term_string}"},"query-input":{"@type":"PropertyValueSpecification","valueRequired":true,"valueName":"search_term_string"}}],"inLanguage":"lv-LV"},{"@type":"Organization","@id":"https:\/\/kidsplay.lt\/#organization","name":"B\u0113rnu sp\u0113le","url":"https:\/\/kidsplay.lt\/","logo":{"@type":"ImageObject","inLanguage":"lv-LV","@id":"https:\/\/kidsplay.lt\/#\/schema\/logo\/image\/","url":"https:\/\/kidsplay.lt\/wp-content\/uploads\/2023\/07\/kidsplay-logo.png","contentUrl":"https:\/\/kidsplay.lt\/wp-content\/uploads\/2023\/07\/kidsplay-logo.png","width":451,"height":98,"caption":"KidsPlay"},"image":{"@id":"https:\/\/kidsplay.lt\/#\/schema\/logo\/image\/"},"sameAs":["https:\/\/www.facebook.com\/www.kidsplay.lt"]}]}},"_links":{"self":[{"href":"https:\/\/kidsplay.lt\/lv\/wp-json\/wp\/v2\/product\/90417","targetHints":{"allow":["GET"]}}],"collection":[{"href":"https:\/\/kidsplay.lt\/lv\/wp-json\/wp\/v2\/product"}],"about":[{"href":"https:\/\/kidsplay.lt\/lv\/wp-json\/wp\/v2\/types\/product"}],"version-history":[{"count":1,"href":"https:\/\/kidsplay.lt\/lv\/wp-json\/wp\/v2\/product\/90417\/revisions"}],"predecessor-version":[{"id":90418,"href":"https:\/\/kidsplay.lt\/lv\/wp-json\/wp\/v2\/product\/90417\/revisions\/90418"}],"wp:featuredmedia":[{"embeddable":true,"href":"https:\/\/kidsplay.lt\/lv\/wp-json\/wp\/v2\/media\/51938"}],"wp:attachment":[{"href":"https:\/\/kidsplay.lt\/lv\/wp-json\/wp\/v2\/media?parent=90417"}],"wp:term":[{"taxonomy":"product_brand","embeddable":true,"href":"https:\/\/kidsplay.lt\/lv\/wp-json\/wp\/v2\/product_brand?post=90417"},{"taxonomy":"product_cat","embeddable":true,"href":"https:\/\/kidsplay.lt\/lv\/wp-json\/wp\/v2\/product_cat?post=90417"},{"taxonomy":"product_tag","embeddable":true,"href":"https:\/\/kidsplay.lt\/lv\/wp-json\/wp\/v2\/product_tag?post=90417"}],"curies":[{"name":"wp","href":"https:\/\/api.w.org\/{rel}","templated":true}]}}