{"id":90419,"date":"2026-02-26T09:44:53","date_gmt":"2026-02-26T07:44:53","guid":{"rendered":"https:\/\/kidsplay.lt\/produktas\/woopie-ortopedinis-kilimelis-8vnt\/"},"modified":"2026-04-07T10:57:20","modified_gmt":"2026-04-07T07:57:20","slug":"woopie-ortopedinis-kilimelis-8vnt","status":"publish","type":"product","link":"https:\/\/kidsplay.lt\/lv\/products\/woopie-ortopedinis-kilimelis-8vnt\/","title":{"rendered":"WOOPIE ortop\u0113diskais pakl\u0101ji\u0146\u0161 8 gab."},"content":{"rendered":"<p>\u201eWoopie\u201c\u00a0prek\u0117s \u017eenklo rekomenduojamas\u00a0jutimo kilim\u0117lis,\u00a0pasi\u017eymintis puikiomis\u00a0ortopedin\u0117mis\u00a0savyb\u0117mis , yra b\u016btinas\u00a0j\u016bs\u0173 k\u016bdikio\u00a0vystymuisi\u00a0palaikyti. Be to, tai gali b\u016bti\u00a0labai smagu\u00a0vaikams, kurie m\u0117gsta vaik\u0161\u010dioti\u00a0basomis\u00a0. Rinkinyje yra\u00a08 elementai\/d\u0117lion\u0117s\u00a0su \u012fvairi\u0173 tip\u0173 strukt\u016bromis, kurios puikiai papildo viena kit\u0105.<br \/>\nElementai su\u00a0kietu\u00a0pavir\u0161iumi, tokie kaip k\u016bgiai ir apvalkalai,\u00a0stimuliuoja\u00a0ir\u00a0stiprina\u00a0p\u0117dos skliaut\u0105\u00a0. Dideli akmenys\u00a0apkrauna p\u0117dos lanko raumenis\u00a0ir\u00a0lavina\u00a0lygaus\u00a0ir\u00a0grubaus pavir\u0161iaus\u00a0suvokim\u0105\u00a0.\u00a0Mink\u0161ti\u00a0pavir\u0161iai, tokie kaip \u017eol\u0117 ir vandenyno bangos, yra\u00a0paruo\u0161iami\u00a0arba\u00a0palengvina\u00a0kietus pavir\u0161ius.<\/p>\n<p>Pakl\u0101ji\u0146a lieto\u0161ana stimul\u0113 ma\u0146as, mas\u0113 p\u0113das un nov\u0113r\u0161 plakan\u0101s p\u0113das. Pakl\u0101ji\u0146i ietekm\u0113 ar\u012b b\u0113rna sensorisko integr\u0101ciju, kas ir sp\u0113ja sajust un rea\u0123\u0113t uz \u0137erme\u0146a un vides sniegto inform\u0101ciju.<\/p>\n<p>Raksturojums:<\/p>\n<p> \t&#8211;\u00a0sensorinis\u00a0,\u00a0ortopedinis\u00a0kilim\u0117lis , i\u0161d\u0117stytas kaip\u00a0d\u0117lion\u0117<br \/>\n \t&#8211;\u00a0kieti\u00a0ir\u00a0mink\u0161ti\u00a0pavir\u0161iai , turintys skirtingas\u00a0funkcijas\u00a0ir\u00a0strukt\u016bras<br \/>\n \t- vesel\u012bba un izklaide<br \/>\n \t- b\u0113rniem, kuriem pat\u012bk staig\u0101t bas\u0101m k\u0101j\u0101m<\/p>\n<p>Elementi:<\/p>\n<p> \t&#8211; 1x\u00a0mink\u0161ta\u00a0\u017eol\u0117<br \/>\n \t&#8211; 1x\u00a0mink\u0161tas\u00a0akmenukas<br \/>\n \t&#8211; 1x\u00a0mink\u0161ta\u00a0banga<br \/>\n \t&#8211; 1x\u00a0ma\u017eos\u00a0smeig\u0117s<br \/>\n \t&#8211; 1x\u00a0kietas\u00a0kiau\u0161inis<br \/>\n \t&#8211; 1x\u00a0kietieji\u00a0rie\u0161utai<br \/>\n \t&#8211; 1x\u00a0kieti\u00a0apvalkalai<br \/>\n \t&#8211; 1x\u00a0kieti\u00a0k\u016bgiai<\/p>\n<p>Komplektus var kombin\u0113t, lai izveidotu liel\u0101ku telpu.<\/p>","protected":false},"excerpt":{"rendered":"<p>\u201eWoopie\u201c\u00a0prek\u0117s \u017eenklo rekomenduojamas\u00a0jutimo kilim\u0117lis,\u00a0pasi\u017eymintis puikiomis\u00a0ortopedin\u0117mis\u00a0savyb\u0117mis , yra b\u016btinas\u00a0j\u016bs\u0173 k\u016bdikio\u00a0vystymuisi\u00a0palaikyti. Be to, tai gali b\u016bti\u00a0labai smagu\u00a0vaikams, kurie m\u0117gsta vaik\u0161\u010dioti\u00a0basomis\u00a0. Rinkinyje yra\u00a08<\/p>","protected":false},"featured_media":54601,"template":"","meta":{"_acf_changed":false,"_glsr_average":0,"_glsr_ranking":0,"_glsr_reviews":0},"product_brand":[],"product_cat":[882,887],"product_tag":[],"class_list":{"0":"post-90419","1":"product","2":"type-product","3":"status-publish","4":"has-post-thumbnail","6":"product_cat-kudikiu-prieziura","7":"product_cat-sensoriniai-kilimeliai-kudikiams","8":"\"style=\"background-color: #2ecc711c;\"","10":"first","11":"instock","12":"purchasable","13":"product-type-simple"},"acf":[],"yoast_head":"<!-- This site is optimized with the Yoast SEO plugin v27.3 - https:\/\/yoast.com\/product\/yoast-seo-wordpress\/ -->\n<title>WOOPIE ortopedinis kilim\u0117lis 8vnt<\/title>\n<meta name=\"description\" content=\"WOOPIE ortopedinis kilim\u0117lis 8vnt - KidsPlay. Did\u017eiausias vaik\u0173 \u017eaisl\u0173 pasirinkimas.\" \/>\n<meta name=\"robots\" content=\"index, follow, max-snippet:-1, max-image-preview:large, max-video-preview:-1\" \/>\n<link rel=\"canonical\" href=\"https:\/\/kidsplay.lt\/lv\/product\/woopie-ortopedinis-kilimelis-8vnt\/\" \/>\n<meta property=\"og:locale\" content=\"lv_LV\" \/>\n<meta property=\"og:type\" content=\"article\" \/>\n<meta property=\"og:title\" content=\"WOOPIE ortopedinis kilim\u0117lis 8vnt\" \/>\n<meta property=\"og:description\" content=\"WOOPIE ortopedinis kilim\u0117lis 8vnt - KidsPlay. Did\u017eiausias vaik\u0173 \u017eaisl\u0173 pasirinkimas.\" \/>\n<meta property=\"og:url\" content=\"https:\/\/kidsplay.lt\/lv\/product\/woopie-ortopedinis-kilimelis-8vnt\/\" \/>\n<meta property=\"og:site_name\" content=\"KidsPlay\" \/>\n<meta property=\"article:publisher\" content=\"https:\/\/www.facebook.com\/www.kidsplay.lt\" \/>\n<meta property=\"article:modified_time\" content=\"2026-04-07T07:57:20+00:00\" \/>\n<meta property=\"og:image\" content=\"https:\/\/kidsplay.lt\/wp-content\/uploads\/2024\/09\/WOOPIE-ortopedinis-kilimelis-8vnt.jpg\" \/>\n\t<meta property=\"og:image:width\" content=\"1000\" \/>\n\t<meta property=\"og:image:height\" content=\"1000\" \/>\n\t<meta property=\"og:image:type\" content=\"image\/jpeg\" \/>\n<meta name=\"twitter:card\" content=\"summary_large_image\" \/>\n<meta name=\"twitter:label1\" content=\"Est. reading time\" \/>\n\t<meta name=\"twitter:data1\" content=\"1 min\u016bte\" \/>\n<script type=\"application\/ld+json\" class=\"yoast-schema-graph\">{\"@context\":\"https:\\\/\\\/schema.org\",\"@graph\":[{\"@type\":\"WebPage\",\"@id\":\"https:\\\/\\\/kidsplay.lt\\\/produktas\\\/woopie-ortopedinis-kilimelis-8vnt\\\/\",\"url\":\"https:\\\/\\\/kidsplay.lt\\\/produktas\\\/woopie-ortopedinis-kilimelis-8vnt\\\/\",\"name\":\"WOOPIE ortopedinis kilim\u0117lis 8vnt\",\"isPartOf\":{\"@id\":\"https:\\\/\\\/kidsplay.lt\\\/#website\"},\"primaryImageOfPage\":{\"@id\":\"https:\\\/\\\/kidsplay.lt\\\/produktas\\\/woopie-ortopedinis-kilimelis-8vnt\\\/#primaryimage\"},\"image\":{\"@id\":\"https:\\\/\\\/kidsplay.lt\\\/produktas\\\/woopie-ortopedinis-kilimelis-8vnt\\\/#primaryimage\"},\"thumbnailUrl\":\"https:\\\/\\\/kidsplay.lt\\\/wp-content\\\/uploads\\\/2024\\\/09\\\/WOOPIE-ortopedinis-kilimelis-8vnt.jpg\",\"datePublished\":\"2026-02-26T07:44:53+00:00\",\"dateModified\":\"2026-04-07T07:57:20+00:00\",\"description\":\"WOOPIE ortopedinis kilim\u0117lis 8vnt - KidsPlay. Did\u017eiausias vaik\u0173 \u017eaisl\u0173 pasirinkimas.\",\"breadcrumb\":{\"@id\":\"https:\\\/\\\/kidsplay.lt\\\/produktas\\\/woopie-ortopedinis-kilimelis-8vnt\\\/#breadcrumb\"},\"inLanguage\":\"lv-LV\",\"potentialAction\":[{\"@type\":\"ReadAction\",\"target\":[\"https:\\\/\\\/kidsplay.lt\\\/produktas\\\/woopie-ortopedinis-kilimelis-8vnt\\\/\"]}]},{\"@type\":\"ImageObject\",\"inLanguage\":\"lv-LV\",\"@id\":\"https:\\\/\\\/kidsplay.lt\\\/produktas\\\/woopie-ortopedinis-kilimelis-8vnt\\\/#primaryimage\",\"url\":\"https:\\\/\\\/kidsplay.lt\\\/wp-content\\\/uploads\\\/2024\\\/09\\\/WOOPIE-ortopedinis-kilimelis-8vnt.jpg\",\"contentUrl\":\"https:\\\/\\\/kidsplay.lt\\\/wp-content\\\/uploads\\\/2024\\\/09\\\/WOOPIE-ortopedinis-kilimelis-8vnt.jpg\",\"width\":1000,\"height\":1000,\"caption\":\"WOOPIE ortopedinis kilim\u0117lis 8vnt\"},{\"@type\":\"BreadcrumbList\",\"@id\":\"https:\\\/\\\/kidsplay.lt\\\/produktas\\\/woopie-ortopedinis-kilimelis-8vnt\\\/#breadcrumb\",\"itemListElement\":[{\"@type\":\"ListItem\",\"position\":1,\"name\":\"Pagrindinis\",\"item\":\"https:\\\/\\\/kidsplay.lt\\\/\"},{\"@type\":\"ListItem\",\"position\":2,\"name\":\"Parduotuv\u0117\",\"item\":\"https:\\\/\\\/kidsplay.lt\\\/parduotuve\\\/\"},{\"@type\":\"ListItem\",\"position\":3,\"name\":\"WOOPIE ortopedinis kilim\u0117lis 8vnt\"}]},{\"@type\":\"WebSite\",\"@id\":\"https:\\\/\\\/kidsplay.lt\\\/#website\",\"url\":\"https:\\\/\\\/kidsplay.lt\\\/\",\"name\":\"Kidsplay.lt\",\"description\":\"\u012evairios prek\u0117s vaikams\",\"publisher\":{\"@id\":\"https:\\\/\\\/kidsplay.lt\\\/#organization\"},\"alternateName\":\"Kidsplay\",\"potentialAction\":[{\"@type\":\"SearchAction\",\"target\":{\"@type\":\"EntryPoint\",\"urlTemplate\":\"https:\\\/\\\/kidsplay.lt\\\/?s={search_term_string}\"},\"query-input\":{\"@type\":\"PropertyValueSpecification\",\"valueRequired\":true,\"valueName\":\"search_term_string\"}}],\"inLanguage\":\"lv-LV\"},{\"@type\":\"Organization\",\"@id\":\"https:\\\/\\\/kidsplay.lt\\\/#organization\",\"name\":\"KidsPlay\",\"url\":\"https:\\\/\\\/kidsplay.lt\\\/\",\"logo\":{\"@type\":\"ImageObject\",\"inLanguage\":\"lv-LV\",\"@id\":\"https:\\\/\\\/kidsplay.lt\\\/#\\\/schema\\\/logo\\\/image\\\/\",\"url\":\"https:\\\/\\\/kidsplay.lt\\\/wp-content\\\/uploads\\\/2023\\\/07\\\/kidsplay-logo.png\",\"contentUrl\":\"https:\\\/\\\/kidsplay.lt\\\/wp-content\\\/uploads\\\/2023\\\/07\\\/kidsplay-logo.png\",\"width\":451,\"height\":98,\"caption\":\"KidsPlay\"},\"image\":{\"@id\":\"https:\\\/\\\/kidsplay.lt\\\/#\\\/schema\\\/logo\\\/image\\\/\"},\"sameAs\":[\"https:\\\/\\\/www.facebook.com\\\/www.kidsplay.lt\"]}]}<\/script>\n<!-- \/ Yoast SEO plugin. -->","yoast_head_json":{"title":"WOOPIE ortop\u0113diskais pakl\u0101ji\u0146\u0161 8 gab.","description":"WOOPIE ortopedinis kilim\u0117lis 8vnt - KidsPlay. Did\u017eiausias vaik\u0173 \u017eaisl\u0173 pasirinkimas.","robots":{"index":"index","follow":"follow","max-snippet":"max-snippet:-1","max-image-preview":"max-image-preview:large","max-video-preview":"max-video-preview:-1"},"canonical":"https:\/\/kidsplay.lt\/lv\/product\/woopie-ortopedinis-kilimelis-8vnt\/","og_locale":"lv_LV","og_type":"article","og_title":"WOOPIE ortopedinis kilim\u0117lis 8vnt","og_description":"WOOPIE ortopedinis kilim\u0117lis 8vnt - KidsPlay. Did\u017eiausias vaik\u0173 \u017eaisl\u0173 pasirinkimas.","og_url":"https:\/\/kidsplay.lt\/lv\/product\/woopie-ortopedinis-kilimelis-8vnt\/","og_site_name":"KidsPlay","article_publisher":"https:\/\/www.facebook.com\/www.kidsplay.lt","article_modified_time":"2026-04-07T07:57:20+00:00","og_image":[{"width":1000,"height":1000,"url":"https:\/\/kidsplay.lt\/wp-content\/uploads\/2024\/09\/WOOPIE-ortopedinis-kilimelis-8vnt.jpg","type":"image\/jpeg"}],"twitter_card":"summary_large_image","twitter_misc":{"Est. reading time":"1 min\u016bte"},"schema":{"@context":"https:\/\/schema.org","@graph":[{"@type":"WebPage","@id":"https:\/\/kidsplay.lt\/produktas\/woopie-ortopedinis-kilimelis-8vnt\/","url":"https:\/\/kidsplay.lt\/produktas\/woopie-ortopedinis-kilimelis-8vnt\/","name":"WOOPIE ortop\u0113diskais pakl\u0101ji\u0146\u0161 8 gab.","isPartOf":{"@id":"https:\/\/kidsplay.lt\/#website"},"primaryImageOfPage":{"@id":"https:\/\/kidsplay.lt\/produktas\/woopie-ortopedinis-kilimelis-8vnt\/#primaryimage"},"image":{"@id":"https:\/\/kidsplay.lt\/produktas\/woopie-ortopedinis-kilimelis-8vnt\/#primaryimage"},"thumbnailUrl":"https:\/\/kidsplay.lt\/wp-content\/uploads\/2024\/09\/WOOPIE-ortopedinis-kilimelis-8vnt.jpg","datePublished":"2026-02-26T07:44:53+00:00","dateModified":"2026-04-07T07:57:20+00:00","description":"WOOPIE ortopedinis kilim\u0117lis 8vnt - KidsPlay. Did\u017eiausias vaik\u0173 \u017eaisl\u0173 pasirinkimas.","breadcrumb":{"@id":"https:\/\/kidsplay.lt\/produktas\/woopie-ortopedinis-kilimelis-8vnt\/#breadcrumb"},"inLanguage":"lv-LV","potentialAction":[{"@type":"ReadAction","target":["https:\/\/kidsplay.lt\/produktas\/woopie-ortopedinis-kilimelis-8vnt\/"]}]},{"@type":"ImageObject","inLanguage":"lv-LV","@id":"https:\/\/kidsplay.lt\/produktas\/woopie-ortopedinis-kilimelis-8vnt\/#primaryimage","url":"https:\/\/kidsplay.lt\/wp-content\/uploads\/2024\/09\/WOOPIE-ortopedinis-kilimelis-8vnt.jpg","contentUrl":"https:\/\/kidsplay.lt\/wp-content\/uploads\/2024\/09\/WOOPIE-ortopedinis-kilimelis-8vnt.jpg","width":1000,"height":1000,"caption":"WOOPIE ortopedinis kilim\u0117lis 8vnt"},{"@type":"BreadcrumbList","@id":"https:\/\/kidsplay.lt\/produktas\/woopie-ortopedinis-kilimelis-8vnt\/#breadcrumb","itemListElement":[{"@type":"ListItem","position":1,"name":"Pagrindinis","item":"https:\/\/kidsplay.lt\/"},{"@type":"ListItem","position":2,"name":"Parduotuv\u0117","item":"https:\/\/kidsplay.lt\/parduotuve\/"},{"@type":"ListItem","position":3,"name":"WOOPIE ortopedinis kilim\u0117lis 8vnt"}]},{"@type":"WebSite","@id":"https:\/\/kidsplay.lt\/#website","url":"https:\/\/kidsplay.lt\/","name":"B\u0113rnu sp\u0113les.lv","description":"\u012evairios prek\u0117s vaikams","publisher":{"@id":"https:\/\/kidsplay.lt\/#organization"},"alternateName":"Kidsplay","potentialAction":[{"@type":"SearchAction","target":{"@type":"EntryPoint","urlTemplate":"https:\/\/kidsplay.lt\/?s={search_term_string}"},"query-input":{"@type":"PropertyValueSpecification","valueRequired":true,"valueName":"search_term_string"}}],"inLanguage":"lv-LV"},{"@type":"Organization","@id":"https:\/\/kidsplay.lt\/#organization","name":"B\u0113rnu sp\u0113le","url":"https:\/\/kidsplay.lt\/","logo":{"@type":"ImageObject","inLanguage":"lv-LV","@id":"https:\/\/kidsplay.lt\/#\/schema\/logo\/image\/","url":"https:\/\/kidsplay.lt\/wp-content\/uploads\/2023\/07\/kidsplay-logo.png","contentUrl":"https:\/\/kidsplay.lt\/wp-content\/uploads\/2023\/07\/kidsplay-logo.png","width":451,"height":98,"caption":"KidsPlay"},"image":{"@id":"https:\/\/kidsplay.lt\/#\/schema\/logo\/image\/"},"sameAs":["https:\/\/www.facebook.com\/www.kidsplay.lt"]}]}},"_links":{"self":[{"href":"https:\/\/kidsplay.lt\/lv\/wp-json\/wp\/v2\/product\/90419","targetHints":{"allow":["GET"]}}],"collection":[{"href":"https:\/\/kidsplay.lt\/lv\/wp-json\/wp\/v2\/product"}],"about":[{"href":"https:\/\/kidsplay.lt\/lv\/wp-json\/wp\/v2\/types\/product"}],"version-history":[{"count":1,"href":"https:\/\/kidsplay.lt\/lv\/wp-json\/wp\/v2\/product\/90419\/revisions"}],"predecessor-version":[{"id":90420,"href":"https:\/\/kidsplay.lt\/lv\/wp-json\/wp\/v2\/product\/90419\/revisions\/90420"}],"wp:featuredmedia":[{"embeddable":true,"href":"https:\/\/kidsplay.lt\/lv\/wp-json\/wp\/v2\/media\/54601"}],"wp:attachment":[{"href":"https:\/\/kidsplay.lt\/lv\/wp-json\/wp\/v2\/media?parent=90419"}],"wp:term":[{"taxonomy":"product_brand","embeddable":true,"href":"https:\/\/kidsplay.lt\/lv\/wp-json\/wp\/v2\/product_brand?post=90419"},{"taxonomy":"product_cat","embeddable":true,"href":"https:\/\/kidsplay.lt\/lv\/wp-json\/wp\/v2\/product_cat?post=90419"},{"taxonomy":"product_tag","embeddable":true,"href":"https:\/\/kidsplay.lt\/lv\/wp-json\/wp\/v2\/product_tag?post=90419"}],"curies":[{"name":"wp","href":"https:\/\/api.w.org\/{rel}","templated":true}]}}