{"id":90421,"date":"2026-02-26T09:44:56","date_gmt":"2026-02-26T07:44:56","guid":{"rendered":"https:\/\/kidsplay.lt\/produktas\/vaiku-zaidimu-kampelis\/"},"modified":"2026-04-13T15:22:22","modified_gmt":"2026-04-13T12:22:22","slug":"vaiku-zaidimu-kampelis","status":"publish","type":"product","link":"https:\/\/kidsplay.lt\/lv\/products\/vaiku-zaidimu-kampelis\/","title":{"rendered":"B\u0113rnu rota\u013cu st\u016br\u012btis"},"content":{"rendered":"<p>Leis vaikams rasti savo prieglobst\u012f nuo \u0161urmulio ar poilsio viet\u0105. Joje vaikai gali ils\u0117tis, skaityti knygas, \u017eaisti vieni ar su draugais. Kampas pagamintas i\u0161 patogios putplas\u010dio, padengtos lengvai nuvaloma vinilu. Jame gali apsistoti iki 4 vaik\u0173.<\/p>\n<p>&#8211; didel\u0117 apvali putplas\u010dio svetain\u0117s zona<br \/>\n&#8211; puikiai tinka mokyklai, bibliotekai ar dar\u017eeliui<br \/>\n&#8211; 75 mm storio grindys<br \/>\n&#8211; kampe telpa iki 4 vaik\u0173<br \/>\n&#8211; gali b\u016bti naudojamas poilsiui, skaitymui ar snaudimui<br \/>\n&#8211; pagamintas i\u0161 putplas\u010dio, padengtas vinilu<\/p>","protected":false},"excerpt":{"rendered":"<p>Leis vaikams rasti savo prieglobst\u012f nuo \u0161urmulio ar poilsio viet\u0105. Joje vaikai gali ils\u0117tis, skaityti knygas, \u017eaisti vieni ar su<\/p>","protected":false},"featured_media":51948,"template":"","meta":{"_acf_changed":false,"_glsr_average":0,"_glsr_ranking":0,"_glsr_reviews":0},"product_brand":[],"product_cat":[674,254],"product_tag":[],"class_list":{"0":"post-90421","1":"product","2":"type-product","3":"status-publish","4":"has-post-thumbnail","6":"product_cat-namu-zaidimo-aiksteles","7":"product_cat-vaiko-kambarys","8":"\"style=\"background-color: #2ecc711c;\"","10":"first","11":"instock","12":"purchasable","13":"product-type-simple"},"acf":[],"yoast_head":"<!-- This site is optimized with the Yoast SEO plugin v27.4 - https:\/\/yoast.com\/product\/yoast-seo-wordpress\/ -->\n<title>Vaik\u0173 \u017eaidim\u0173 kampelis<\/title>\n<meta name=\"description\" content=\"Leis vaikams rasti savo prieglobst\u012f nuo \u0161urmulio ar poilsio viet\u0105. Joje vaikai gali ils\u0117tis, skaityti knygas, \u017eaisti vieni ar su draugais.\" \/>\n<meta name=\"robots\" content=\"index, follow, max-snippet:-1, max-image-preview:large, max-video-preview:-1\" \/>\n<link rel=\"canonical\" href=\"https:\/\/kidsplay.lt\/lv\/products\/vaiku-zaidimu-kampelis\/\" \/>\n<meta property=\"og:locale\" content=\"lv_LV\" \/>\n<meta property=\"og:type\" content=\"article\" \/>\n<meta property=\"og:title\" content=\"Vaik\u0173 \u017eaidim\u0173 kampelis\" \/>\n<meta property=\"og:description\" content=\"Leis vaikams rasti savo prieglobst\u012f nuo \u0161urmulio ar poilsio viet\u0105. Joje vaikai gali ils\u0117tis, skaityti knygas, \u017eaisti vieni ar su draugais.\" \/>\n<meta property=\"og:url\" content=\"https:\/\/kidsplay.lt\/lv\/products\/vaiku-zaidimu-kampelis\/\" \/>\n<meta property=\"og:site_name\" content=\"KidsPlay\" \/>\n<meta property=\"article:publisher\" content=\"https:\/\/www.facebook.com\/www.kidsplay.lt\" \/>\n<meta property=\"article:modified_time\" content=\"2026-04-13T12:22:22+00:00\" \/>\n<meta property=\"og:image\" content=\"https:\/\/kidsplay.lt\/wp-content\/uploads\/2024\/09\/Vaiku-zaidimu-kampelis.jpg\" \/>\n\t<meta property=\"og:image:width\" content=\"1000\" \/>\n\t<meta property=\"og:image:height\" content=\"1000\" \/>\n\t<meta property=\"og:image:type\" content=\"image\/jpeg\" \/>\n<meta name=\"twitter:card\" content=\"summary_large_image\" \/>\n<script type=\"application\/ld+json\" class=\"yoast-schema-graph\">{\"@context\":\"https:\\\/\\\/schema.org\",\"@graph\":[{\"@type\":\"WebPage\",\"@id\":\"https:\\\/\\\/kidsplay.lt\\\/produktas\\\/vaiku-zaidimu-kampelis\\\/\",\"url\":\"https:\\\/\\\/kidsplay.lt\\\/produktas\\\/vaiku-zaidimu-kampelis\\\/\",\"name\":\"Vaik\u0173 \u017eaidim\u0173 kampelis\",\"isPartOf\":{\"@id\":\"https:\\\/\\\/kidsplay.lt\\\/#website\"},\"primaryImageOfPage\":{\"@id\":\"https:\\\/\\\/kidsplay.lt\\\/produktas\\\/vaiku-zaidimu-kampelis\\\/#primaryimage\"},\"image\":{\"@id\":\"https:\\\/\\\/kidsplay.lt\\\/produktas\\\/vaiku-zaidimu-kampelis\\\/#primaryimage\"},\"thumbnailUrl\":\"https:\\\/\\\/kidsplay.lt\\\/wp-content\\\/uploads\\\/2024\\\/09\\\/Vaiku-zaidimu-kampelis.jpg\",\"datePublished\":\"2026-02-26T07:44:56+00:00\",\"dateModified\":\"2026-04-13T12:22:22+00:00\",\"description\":\"Leis vaikams rasti savo prieglobst\u012f nuo \u0161urmulio ar poilsio viet\u0105. Joje vaikai gali ils\u0117tis, skaityti knygas, \u017eaisti vieni ar su draugais.\",\"breadcrumb\":{\"@id\":\"https:\\\/\\\/kidsplay.lt\\\/produktas\\\/vaiku-zaidimu-kampelis\\\/#breadcrumb\"},\"inLanguage\":\"lv-LV\",\"potentialAction\":[{\"@type\":\"ReadAction\",\"target\":[\"https:\\\/\\\/kidsplay.lt\\\/produktas\\\/vaiku-zaidimu-kampelis\\\/\"]}]},{\"@type\":\"ImageObject\",\"inLanguage\":\"lv-LV\",\"@id\":\"https:\\\/\\\/kidsplay.lt\\\/produktas\\\/vaiku-zaidimu-kampelis\\\/#primaryimage\",\"url\":\"https:\\\/\\\/kidsplay.lt\\\/wp-content\\\/uploads\\\/2024\\\/09\\\/Vaiku-zaidimu-kampelis.jpg\",\"contentUrl\":\"https:\\\/\\\/kidsplay.lt\\\/wp-content\\\/uploads\\\/2024\\\/09\\\/Vaiku-zaidimu-kampelis.jpg\",\"width\":1000,\"height\":1000,\"caption\":\"Vaik\u0173 \u017eaidim\u0173 kampelis\"},{\"@type\":\"BreadcrumbList\",\"@id\":\"https:\\\/\\\/kidsplay.lt\\\/produktas\\\/vaiku-zaidimu-kampelis\\\/#breadcrumb\",\"itemListElement\":[{\"@type\":\"ListItem\",\"position\":1,\"name\":\"Pagrindinis\",\"item\":\"https:\\\/\\\/kidsplay.lt\\\/\"},{\"@type\":\"ListItem\",\"position\":2,\"name\":\"Parduotuv\u0117\",\"item\":\"https:\\\/\\\/kidsplay.lt\\\/parduotuve\\\/\"},{\"@type\":\"ListItem\",\"position\":3,\"name\":\"Vaik\u0173 \u017eaidim\u0173 kampelis\"}]},{\"@type\":\"WebSite\",\"@id\":\"https:\\\/\\\/kidsplay.lt\\\/#website\",\"url\":\"https:\\\/\\\/kidsplay.lt\\\/\",\"name\":\"Kidsplay.lt\",\"description\":\"\u012evairios prek\u0117s vaikams\",\"publisher\":{\"@id\":\"https:\\\/\\\/kidsplay.lt\\\/#organization\"},\"alternateName\":\"Kidsplay\",\"potentialAction\":[{\"@type\":\"SearchAction\",\"target\":{\"@type\":\"EntryPoint\",\"urlTemplate\":\"https:\\\/\\\/kidsplay.lt\\\/?s={search_term_string}\"},\"query-input\":{\"@type\":\"PropertyValueSpecification\",\"valueRequired\":true,\"valueName\":\"search_term_string\"}}],\"inLanguage\":\"lv-LV\"},{\"@type\":\"Organization\",\"@id\":\"https:\\\/\\\/kidsplay.lt\\\/#organization\",\"name\":\"KidsPlay\",\"url\":\"https:\\\/\\\/kidsplay.lt\\\/\",\"logo\":{\"@type\":\"ImageObject\",\"inLanguage\":\"lv-LV\",\"@id\":\"https:\\\/\\\/kidsplay.lt\\\/#\\\/schema\\\/logo\\\/image\\\/\",\"url\":\"https:\\\/\\\/kidsplay.lt\\\/wp-content\\\/uploads\\\/2023\\\/07\\\/kidsplay-logo.png\",\"contentUrl\":\"https:\\\/\\\/kidsplay.lt\\\/wp-content\\\/uploads\\\/2023\\\/07\\\/kidsplay-logo.png\",\"width\":451,\"height\":98,\"caption\":\"KidsPlay\"},\"image\":{\"@id\":\"https:\\\/\\\/kidsplay.lt\\\/#\\\/schema\\\/logo\\\/image\\\/\"},\"sameAs\":[\"https:\\\/\\\/www.facebook.com\\\/www.kidsplay.lt\"]}]}<\/script>\n<!-- \/ Yoast SEO plugin. -->","yoast_head_json":{"title":"B\u0113rnu rota\u013cu st\u016br\u012btis","description":"Leis vaikams rasti savo prieglobst\u012f nuo \u0161urmulio ar poilsio viet\u0105. Joje vaikai gali ils\u0117tis, skaityti knygas, \u017eaisti vieni ar su draugais.","robots":{"index":"index","follow":"follow","max-snippet":"max-snippet:-1","max-image-preview":"max-image-preview:large","max-video-preview":"max-video-preview:-1"},"canonical":"https:\/\/kidsplay.lt\/lv\/products\/vaiku-zaidimu-kampelis\/","og_locale":"lv_LV","og_type":"article","og_title":"Vaik\u0173 \u017eaidim\u0173 kampelis","og_description":"Leis vaikams rasti savo prieglobst\u012f nuo \u0161urmulio ar poilsio viet\u0105. Joje vaikai gali ils\u0117tis, skaityti knygas, \u017eaisti vieni ar su draugais.","og_url":"https:\/\/kidsplay.lt\/lv\/products\/vaiku-zaidimu-kampelis\/","og_site_name":"KidsPlay","article_publisher":"https:\/\/www.facebook.com\/www.kidsplay.lt","article_modified_time":"2026-04-13T12:22:22+00:00","og_image":[{"width":1000,"height":1000,"url":"https:\/\/kidsplay.lt\/wp-content\/uploads\/2024\/09\/Vaiku-zaidimu-kampelis.jpg","type":"image\/jpeg"}],"twitter_card":"summary_large_image","schema":{"@context":"https:\/\/schema.org","@graph":[{"@type":"WebPage","@id":"https:\/\/kidsplay.lt\/produktas\/vaiku-zaidimu-kampelis\/","url":"https:\/\/kidsplay.lt\/produktas\/vaiku-zaidimu-kampelis\/","name":"B\u0113rnu rota\u013cu st\u016br\u012btis","isPartOf":{"@id":"https:\/\/kidsplay.lt\/#website"},"primaryImageOfPage":{"@id":"https:\/\/kidsplay.lt\/produktas\/vaiku-zaidimu-kampelis\/#primaryimage"},"image":{"@id":"https:\/\/kidsplay.lt\/produktas\/vaiku-zaidimu-kampelis\/#primaryimage"},"thumbnailUrl":"https:\/\/kidsplay.lt\/wp-content\/uploads\/2024\/09\/Vaiku-zaidimu-kampelis.jpg","datePublished":"2026-02-26T07:44:56+00:00","dateModified":"2026-04-13T12:22:22+00:00","description":"Leis vaikams rasti savo prieglobst\u012f nuo \u0161urmulio ar poilsio viet\u0105. Joje vaikai gali ils\u0117tis, skaityti knygas, \u017eaisti vieni ar su draugais.","breadcrumb":{"@id":"https:\/\/kidsplay.lt\/produktas\/vaiku-zaidimu-kampelis\/#breadcrumb"},"inLanguage":"lv-LV","potentialAction":[{"@type":"ReadAction","target":["https:\/\/kidsplay.lt\/produktas\/vaiku-zaidimu-kampelis\/"]}]},{"@type":"ImageObject","inLanguage":"lv-LV","@id":"https:\/\/kidsplay.lt\/produktas\/vaiku-zaidimu-kampelis\/#primaryimage","url":"https:\/\/kidsplay.lt\/wp-content\/uploads\/2024\/09\/Vaiku-zaidimu-kampelis.jpg","contentUrl":"https:\/\/kidsplay.lt\/wp-content\/uploads\/2024\/09\/Vaiku-zaidimu-kampelis.jpg","width":1000,"height":1000,"caption":"Vaik\u0173 \u017eaidim\u0173 kampelis"},{"@type":"BreadcrumbList","@id":"https:\/\/kidsplay.lt\/produktas\/vaiku-zaidimu-kampelis\/#breadcrumb","itemListElement":[{"@type":"ListItem","position":1,"name":"Pagrindinis","item":"https:\/\/kidsplay.lt\/"},{"@type":"ListItem","position":2,"name":"Parduotuv\u0117","item":"https:\/\/kidsplay.lt\/parduotuve\/"},{"@type":"ListItem","position":3,"name":"Vaik\u0173 \u017eaidim\u0173 kampelis"}]},{"@type":"WebSite","@id":"https:\/\/kidsplay.lt\/#website","url":"https:\/\/kidsplay.lt\/","name":"B\u0113rnu sp\u0113les.lv","description":"\u012evairios prek\u0117s vaikams","publisher":{"@id":"https:\/\/kidsplay.lt\/#organization"},"alternateName":"Kidsplay","potentialAction":[{"@type":"SearchAction","target":{"@type":"EntryPoint","urlTemplate":"https:\/\/kidsplay.lt\/?s={search_term_string}"},"query-input":{"@type":"PropertyValueSpecification","valueRequired":true,"valueName":"search_term_string"}}],"inLanguage":"lv-LV"},{"@type":"Organization","@id":"https:\/\/kidsplay.lt\/#organization","name":"B\u0113rnu sp\u0113le","url":"https:\/\/kidsplay.lt\/","logo":{"@type":"ImageObject","inLanguage":"lv-LV","@id":"https:\/\/kidsplay.lt\/#\/schema\/logo\/image\/","url":"https:\/\/kidsplay.lt\/wp-content\/uploads\/2023\/07\/kidsplay-logo.png","contentUrl":"https:\/\/kidsplay.lt\/wp-content\/uploads\/2023\/07\/kidsplay-logo.png","width":451,"height":98,"caption":"KidsPlay"},"image":{"@id":"https:\/\/kidsplay.lt\/#\/schema\/logo\/image\/"},"sameAs":["https:\/\/www.facebook.com\/www.kidsplay.lt"]}]}},"_links":{"self":[{"href":"https:\/\/kidsplay.lt\/lv\/wp-json\/wp\/v2\/product\/90421","targetHints":{"allow":["GET"]}}],"collection":[{"href":"https:\/\/kidsplay.lt\/lv\/wp-json\/wp\/v2\/product"}],"about":[{"href":"https:\/\/kidsplay.lt\/lv\/wp-json\/wp\/v2\/types\/product"}],"version-history":[{"count":1,"href":"https:\/\/kidsplay.lt\/lv\/wp-json\/wp\/v2\/product\/90421\/revisions"}],"predecessor-version":[{"id":90422,"href":"https:\/\/kidsplay.lt\/lv\/wp-json\/wp\/v2\/product\/90421\/revisions\/90422"}],"wp:featuredmedia":[{"embeddable":true,"href":"https:\/\/kidsplay.lt\/lv\/wp-json\/wp\/v2\/media\/51948"}],"wp:attachment":[{"href":"https:\/\/kidsplay.lt\/lv\/wp-json\/wp\/v2\/media?parent=90421"}],"wp:term":[{"taxonomy":"product_brand","embeddable":true,"href":"https:\/\/kidsplay.lt\/lv\/wp-json\/wp\/v2\/product_brand?post=90421"},{"taxonomy":"product_cat","embeddable":true,"href":"https:\/\/kidsplay.lt\/lv\/wp-json\/wp\/v2\/product_cat?post=90421"},{"taxonomy":"product_tag","embeddable":true,"href":"https:\/\/kidsplay.lt\/lv\/wp-json\/wp\/v2\/product_tag?post=90421"}],"curies":[{"name":"wp","href":"https:\/\/api.w.org\/{rel}","templated":true}]}}