{"id":90425,"date":"2026-02-26T09:45:01","date_gmt":"2026-02-26T07:45:01","guid":{"rendered":"https:\/\/kidsplay.lt\/produktas\/permatomas-nuotrauku-laikiklis-6vnt\/"},"modified":"2026-04-13T15:22:29","modified_gmt":"2026-04-13T12:22:29","slug":"permatomas-nuotrauku-laikiklis-6vnt","status":"publish","type":"product","link":"https:\/\/kidsplay.lt\/lv\/products\/permatomas-nuotrauku-laikiklis-6vnt\/","title":{"rendered":"Caursp\u012bd\u012bgi foto tur\u0113t\u0101ji 6 gab."},"content":{"rendered":"<p>\u0160is\u00a06 vnt. korteli\u0173 ar nuotrauk\u0173 d\u0117kl\u0173 rinkinys yra puikus STEM lentos papildymas &#8211; tiek viduje, tiek lauke. Jis puikiai tik kortel\u0117ms su vaik\u0173 vardais arba j\u0173 nuotraukoms sud\u0117ti. J\u012f taip pat galima naudoti kaip viet\u0105 kortel\u0117ms \u017eaidimo metu, skiriant skirtingas zonas. \u017daidimo ar naudojimo galimybi\u0173 yra daugyb\u0117.<\/p>","protected":false},"excerpt":{"rendered":"<p>\u0160is\u00a06 vnt. korteli\u0173 ar nuotrauk\u0173 d\u0117kl\u0173 rinkinys yra puikus STEM lentos papildymas &#8211; tiek viduje, tiek lauke. Jis puikiai tik<\/p>","protected":false},"featured_media":52028,"template":"","meta":{"_acf_changed":false,"_glsr_average":0,"_glsr_ranking":0,"_glsr_reviews":0},"product_brand":[],"product_cat":[229],"product_tag":[],"class_list":{"0":"post-90425","1":"product","2":"type-product","3":"status-publish","4":"has-post-thumbnail","6":"product_cat-zaislai-vaikams","7":"\"style=\"background-color: #2ecc711c;\"","9":"first","10":"instock","11":"purchasable","12":"product-type-simple"},"acf":[],"yoast_head":"<!-- This site is optimized with the Yoast SEO plugin v27.4 - https:\/\/yoast.com\/product\/yoast-seo-wordpress\/ -->\n<title>Permatomas nuotrauk\u0173 laikiklis 6vnt<\/title>\n<meta name=\"description\" content=\"Korteli\u0173 ar nuotrauk\u0173 d\u0117kl\u0173 rinkinys yra puikus lentos papildymas. Jis puikiai tik kortel\u0117ms su vaik\u0173 vardais arba j\u0173 nuotraukoms sud\u0117ti.\" \/>\n<meta name=\"robots\" content=\"index, follow, max-snippet:-1, max-image-preview:large, max-video-preview:-1\" \/>\n<link rel=\"canonical\" href=\"https:\/\/kidsplay.lt\/lv\/products\/permatomas-nuotrauku-laikiklis-6vnt\/\" \/>\n<meta property=\"og:locale\" content=\"lv_LV\" \/>\n<meta property=\"og:type\" content=\"article\" \/>\n<meta property=\"og:title\" content=\"Permatomas nuotrauk\u0173 laikiklis 6vnt\" \/>\n<meta property=\"og:description\" content=\"Korteli\u0173 ar nuotrauk\u0173 d\u0117kl\u0173 rinkinys yra puikus lentos papildymas. Jis puikiai tik kortel\u0117ms su vaik\u0173 vardais arba j\u0173 nuotraukoms sud\u0117ti.\" \/>\n<meta property=\"og:url\" content=\"https:\/\/kidsplay.lt\/lv\/products\/permatomas-nuotrauku-laikiklis-6vnt\/\" \/>\n<meta property=\"og:site_name\" content=\"KidsPlay\" \/>\n<meta property=\"article:publisher\" content=\"https:\/\/www.facebook.com\/www.kidsplay.lt\" \/>\n<meta property=\"article:modified_time\" content=\"2026-04-13T12:22:29+00:00\" \/>\n<meta property=\"og:image\" content=\"https:\/\/kidsplay.lt\/wp-content\/uploads\/2024\/09\/Permatomas-nuotrauku-laikiklis-6vnt.jpg\" \/>\n\t<meta property=\"og:image:width\" content=\"1000\" \/>\n\t<meta property=\"og:image:height\" content=\"1000\" \/>\n\t<meta property=\"og:image:type\" content=\"image\/jpeg\" \/>\n<meta name=\"twitter:card\" content=\"summary_large_image\" \/>\n<script type=\"application\/ld+json\" class=\"yoast-schema-graph\">{\"@context\":\"https:\\\/\\\/schema.org\",\"@graph\":[{\"@type\":\"WebPage\",\"@id\":\"https:\\\/\\\/kidsplay.lt\\\/produktas\\\/permatomas-nuotrauku-laikiklis-6vnt\\\/\",\"url\":\"https:\\\/\\\/kidsplay.lt\\\/produktas\\\/permatomas-nuotrauku-laikiklis-6vnt\\\/\",\"name\":\"Permatomas nuotrauk\u0173 laikiklis 6vnt\",\"isPartOf\":{\"@id\":\"https:\\\/\\\/kidsplay.lt\\\/#website\"},\"primaryImageOfPage\":{\"@id\":\"https:\\\/\\\/kidsplay.lt\\\/produktas\\\/permatomas-nuotrauku-laikiklis-6vnt\\\/#primaryimage\"},\"image\":{\"@id\":\"https:\\\/\\\/kidsplay.lt\\\/produktas\\\/permatomas-nuotrauku-laikiklis-6vnt\\\/#primaryimage\"},\"thumbnailUrl\":\"https:\\\/\\\/kidsplay.lt\\\/wp-content\\\/uploads\\\/2024\\\/09\\\/Permatomas-nuotrauku-laikiklis-6vnt.jpg\",\"datePublished\":\"2026-02-26T07:45:01+00:00\",\"dateModified\":\"2026-04-13T12:22:29+00:00\",\"description\":\"Korteli\u0173 ar nuotrauk\u0173 d\u0117kl\u0173 rinkinys yra puikus lentos papildymas. Jis puikiai tik kortel\u0117ms su vaik\u0173 vardais arba j\u0173 nuotraukoms sud\u0117ti.\",\"breadcrumb\":{\"@id\":\"https:\\\/\\\/kidsplay.lt\\\/produktas\\\/permatomas-nuotrauku-laikiklis-6vnt\\\/#breadcrumb\"},\"inLanguage\":\"lv-LV\",\"potentialAction\":[{\"@type\":\"ReadAction\",\"target\":[\"https:\\\/\\\/kidsplay.lt\\\/produktas\\\/permatomas-nuotrauku-laikiklis-6vnt\\\/\"]}]},{\"@type\":\"ImageObject\",\"inLanguage\":\"lv-LV\",\"@id\":\"https:\\\/\\\/kidsplay.lt\\\/produktas\\\/permatomas-nuotrauku-laikiklis-6vnt\\\/#primaryimage\",\"url\":\"https:\\\/\\\/kidsplay.lt\\\/wp-content\\\/uploads\\\/2024\\\/09\\\/Permatomas-nuotrauku-laikiklis-6vnt.jpg\",\"contentUrl\":\"https:\\\/\\\/kidsplay.lt\\\/wp-content\\\/uploads\\\/2024\\\/09\\\/Permatomas-nuotrauku-laikiklis-6vnt.jpg\",\"width\":1000,\"height\":1000,\"caption\":\"Permatomas nuotrauk\u0173 laikiklis 6vnt\"},{\"@type\":\"BreadcrumbList\",\"@id\":\"https:\\\/\\\/kidsplay.lt\\\/produktas\\\/permatomas-nuotrauku-laikiklis-6vnt\\\/#breadcrumb\",\"itemListElement\":[{\"@type\":\"ListItem\",\"position\":1,\"name\":\"Pagrindinis\",\"item\":\"https:\\\/\\\/kidsplay.lt\\\/\"},{\"@type\":\"ListItem\",\"position\":2,\"name\":\"Parduotuv\u0117\",\"item\":\"https:\\\/\\\/kidsplay.lt\\\/parduotuve\\\/\"},{\"@type\":\"ListItem\",\"position\":3,\"name\":\"Permatomas nuotrauk\u0173 laikiklis 6vnt\"}]},{\"@type\":\"WebSite\",\"@id\":\"https:\\\/\\\/kidsplay.lt\\\/#website\",\"url\":\"https:\\\/\\\/kidsplay.lt\\\/\",\"name\":\"Kidsplay.lt\",\"description\":\"\u012evairios prek\u0117s vaikams\",\"publisher\":{\"@id\":\"https:\\\/\\\/kidsplay.lt\\\/#organization\"},\"alternateName\":\"Kidsplay\",\"potentialAction\":[{\"@type\":\"SearchAction\",\"target\":{\"@type\":\"EntryPoint\",\"urlTemplate\":\"https:\\\/\\\/kidsplay.lt\\\/?s={search_term_string}\"},\"query-input\":{\"@type\":\"PropertyValueSpecification\",\"valueRequired\":true,\"valueName\":\"search_term_string\"}}],\"inLanguage\":\"lv-LV\"},{\"@type\":\"Organization\",\"@id\":\"https:\\\/\\\/kidsplay.lt\\\/#organization\",\"name\":\"KidsPlay\",\"url\":\"https:\\\/\\\/kidsplay.lt\\\/\",\"logo\":{\"@type\":\"ImageObject\",\"inLanguage\":\"lv-LV\",\"@id\":\"https:\\\/\\\/kidsplay.lt\\\/#\\\/schema\\\/logo\\\/image\\\/\",\"url\":\"https:\\\/\\\/kidsplay.lt\\\/wp-content\\\/uploads\\\/2023\\\/07\\\/kidsplay-logo.png\",\"contentUrl\":\"https:\\\/\\\/kidsplay.lt\\\/wp-content\\\/uploads\\\/2023\\\/07\\\/kidsplay-logo.png\",\"width\":451,\"height\":98,\"caption\":\"KidsPlay\"},\"image\":{\"@id\":\"https:\\\/\\\/kidsplay.lt\\\/#\\\/schema\\\/logo\\\/image\\\/\"},\"sameAs\":[\"https:\\\/\\\/www.facebook.com\\\/www.kidsplay.lt\"]}]}<\/script>\n<!-- \/ Yoast SEO plugin. -->","yoast_head_json":{"title":"Caursp\u012bd\u012bgi foto tur\u0113t\u0101ji 6 gab.","description":"Korteli\u0173 ar nuotrauk\u0173 d\u0117kl\u0173 rinkinys yra puikus lentos papildymas. Jis puikiai tik kortel\u0117ms su vaik\u0173 vardais arba j\u0173 nuotraukoms sud\u0117ti.","robots":{"index":"index","follow":"follow","max-snippet":"max-snippet:-1","max-image-preview":"max-image-preview:large","max-video-preview":"max-video-preview:-1"},"canonical":"https:\/\/kidsplay.lt\/lv\/products\/permatomas-nuotrauku-laikiklis-6vnt\/","og_locale":"lv_LV","og_type":"article","og_title":"Permatomas nuotrauk\u0173 laikiklis 6vnt","og_description":"Korteli\u0173 ar nuotrauk\u0173 d\u0117kl\u0173 rinkinys yra puikus lentos papildymas. Jis puikiai tik kortel\u0117ms su vaik\u0173 vardais arba j\u0173 nuotraukoms sud\u0117ti.","og_url":"https:\/\/kidsplay.lt\/lv\/products\/permatomas-nuotrauku-laikiklis-6vnt\/","og_site_name":"KidsPlay","article_publisher":"https:\/\/www.facebook.com\/www.kidsplay.lt","article_modified_time":"2026-04-13T12:22:29+00:00","og_image":[{"width":1000,"height":1000,"url":"https:\/\/kidsplay.lt\/wp-content\/uploads\/2024\/09\/Permatomas-nuotrauku-laikiklis-6vnt.jpg","type":"image\/jpeg"}],"twitter_card":"summary_large_image","schema":{"@context":"https:\/\/schema.org","@graph":[{"@type":"WebPage","@id":"https:\/\/kidsplay.lt\/produktas\/permatomas-nuotrauku-laikiklis-6vnt\/","url":"https:\/\/kidsplay.lt\/produktas\/permatomas-nuotrauku-laikiklis-6vnt\/","name":"Caursp\u012bd\u012bgi foto tur\u0113t\u0101ji 6 gab.","isPartOf":{"@id":"https:\/\/kidsplay.lt\/#website"},"primaryImageOfPage":{"@id":"https:\/\/kidsplay.lt\/produktas\/permatomas-nuotrauku-laikiklis-6vnt\/#primaryimage"},"image":{"@id":"https:\/\/kidsplay.lt\/produktas\/permatomas-nuotrauku-laikiklis-6vnt\/#primaryimage"},"thumbnailUrl":"https:\/\/kidsplay.lt\/wp-content\/uploads\/2024\/09\/Permatomas-nuotrauku-laikiklis-6vnt.jpg","datePublished":"2026-02-26T07:45:01+00:00","dateModified":"2026-04-13T12:22:29+00:00","description":"Korteli\u0173 ar nuotrauk\u0173 d\u0117kl\u0173 rinkinys yra puikus lentos papildymas. Jis puikiai tik kortel\u0117ms su vaik\u0173 vardais arba j\u0173 nuotraukoms sud\u0117ti.","breadcrumb":{"@id":"https:\/\/kidsplay.lt\/produktas\/permatomas-nuotrauku-laikiklis-6vnt\/#breadcrumb"},"inLanguage":"lv-LV","potentialAction":[{"@type":"ReadAction","target":["https:\/\/kidsplay.lt\/produktas\/permatomas-nuotrauku-laikiklis-6vnt\/"]}]},{"@type":"ImageObject","inLanguage":"lv-LV","@id":"https:\/\/kidsplay.lt\/produktas\/permatomas-nuotrauku-laikiklis-6vnt\/#primaryimage","url":"https:\/\/kidsplay.lt\/wp-content\/uploads\/2024\/09\/Permatomas-nuotrauku-laikiklis-6vnt.jpg","contentUrl":"https:\/\/kidsplay.lt\/wp-content\/uploads\/2024\/09\/Permatomas-nuotrauku-laikiklis-6vnt.jpg","width":1000,"height":1000,"caption":"Permatomas nuotrauk\u0173 laikiklis 6vnt"},{"@type":"BreadcrumbList","@id":"https:\/\/kidsplay.lt\/produktas\/permatomas-nuotrauku-laikiklis-6vnt\/#breadcrumb","itemListElement":[{"@type":"ListItem","position":1,"name":"Pagrindinis","item":"https:\/\/kidsplay.lt\/"},{"@type":"ListItem","position":2,"name":"Parduotuv\u0117","item":"https:\/\/kidsplay.lt\/parduotuve\/"},{"@type":"ListItem","position":3,"name":"Permatomas nuotrauk\u0173 laikiklis 6vnt"}]},{"@type":"WebSite","@id":"https:\/\/kidsplay.lt\/#website","url":"https:\/\/kidsplay.lt\/","name":"B\u0113rnu sp\u0113les.lv","description":"\u012evairios prek\u0117s vaikams","publisher":{"@id":"https:\/\/kidsplay.lt\/#organization"},"alternateName":"Kidsplay","potentialAction":[{"@type":"SearchAction","target":{"@type":"EntryPoint","urlTemplate":"https:\/\/kidsplay.lt\/?s={search_term_string}"},"query-input":{"@type":"PropertyValueSpecification","valueRequired":true,"valueName":"search_term_string"}}],"inLanguage":"lv-LV"},{"@type":"Organization","@id":"https:\/\/kidsplay.lt\/#organization","name":"B\u0113rnu sp\u0113le","url":"https:\/\/kidsplay.lt\/","logo":{"@type":"ImageObject","inLanguage":"lv-LV","@id":"https:\/\/kidsplay.lt\/#\/schema\/logo\/image\/","url":"https:\/\/kidsplay.lt\/wp-content\/uploads\/2023\/07\/kidsplay-logo.png","contentUrl":"https:\/\/kidsplay.lt\/wp-content\/uploads\/2023\/07\/kidsplay-logo.png","width":451,"height":98,"caption":"KidsPlay"},"image":{"@id":"https:\/\/kidsplay.lt\/#\/schema\/logo\/image\/"},"sameAs":["https:\/\/www.facebook.com\/www.kidsplay.lt"]}]}},"_links":{"self":[{"href":"https:\/\/kidsplay.lt\/lv\/wp-json\/wp\/v2\/product\/90425","targetHints":{"allow":["GET"]}}],"collection":[{"href":"https:\/\/kidsplay.lt\/lv\/wp-json\/wp\/v2\/product"}],"about":[{"href":"https:\/\/kidsplay.lt\/lv\/wp-json\/wp\/v2\/types\/product"}],"version-history":[{"count":1,"href":"https:\/\/kidsplay.lt\/lv\/wp-json\/wp\/v2\/product\/90425\/revisions"}],"predecessor-version":[{"id":90426,"href":"https:\/\/kidsplay.lt\/lv\/wp-json\/wp\/v2\/product\/90425\/revisions\/90426"}],"wp:featuredmedia":[{"embeddable":true,"href":"https:\/\/kidsplay.lt\/lv\/wp-json\/wp\/v2\/media\/52028"}],"wp:attachment":[{"href":"https:\/\/kidsplay.lt\/lv\/wp-json\/wp\/v2\/media?parent=90425"}],"wp:term":[{"taxonomy":"product_brand","embeddable":true,"href":"https:\/\/kidsplay.lt\/lv\/wp-json\/wp\/v2\/product_brand?post=90425"},{"taxonomy":"product_cat","embeddable":true,"href":"https:\/\/kidsplay.lt\/lv\/wp-json\/wp\/v2\/product_cat?post=90425"},{"taxonomy":"product_tag","embeddable":true,"href":"https:\/\/kidsplay.lt\/lv\/wp-json\/wp\/v2\/product_tag?post=90425"}],"curies":[{"name":"wp","href":"https:\/\/api.w.org\/{rel}","templated":true}]}}