{"id":90427,"date":"2026-02-26T09:45:03","date_gmt":"2026-02-26T07:45:03","guid":{"rendered":"https:\/\/kidsplay.lt\/produktas\/woopie-meno-rinkinys-maiselis-ir-109-lipdukai\/"},"modified":"2026-04-13T15:22:33","modified_gmt":"2026-04-13T12:22:33","slug":"woopie-meno-rinkinys-maiselis-ir-109-lipdukai","status":"publish","type":"product","link":"https:\/\/kidsplay.lt\/lv\/products\/woopie-meno-rinkinys-maiselis-ir-109-lipdukai\/","title":{"rendered":"WOOPIE m\u0101kslas komplekta soma un 109 uzl\u012bmes"},"content":{"rendered":"<p>Dekorat\u012bv\u0101 soma ar uzl\u012bm\u0113m no z\u012bmola WOOPIE no ART&amp;FUN s\u0113rijas sniedz j\u016bsu b\u0113rnam nebeidzamas rado\u0161as rota\u013cu iesp\u0113jas. Pateicoties \u0161im rado\u0161ajam komplektam, j\u016bsu b\u0113rns var izveidot savu unik\u0101lo somu. Papildus somai komplekt\u0101 ietilpst vair\u0101k nek\u0101 109 uzl\u012bmes dekor\u0113\u0161anai un koka aplikatora irbul\u012btis. Vien\u012bgais ierobe\u017eojums ar \u0161o rota\u013clietu ir j\u016bsu izt\u0113le un rado\u0161ums - j\u016bsu b\u0113rns var izrot\u0101t savu br\u012bni\u0161\u0137\u012bgo somu p\u0113c saviem ieskatiem. Uzl\u012bmes ir \u013coti iztur\u012bgas, un to uzkl\u0101\u0161ana ir \u013coti vienk\u0101r\u0161a (tikai da\u017ei so\u013ci - instrukcijas zem\u0101k). Komplekts var kalpot par iedvesmu b\u0113rniem, radot un dekor\u0113jot ap\u0123\u0113rbu. Rota\u013clieta att\u012bst\u012bs b\u0113rna roku prasmes, t\u0101 saukt\u0101s &quot;smalk\u0101s motorikas&quot;, koncentr\u0113\u0161an\u0101s sp\u0113jas, k\u0101 ar\u012b b\u0113rna izt\u0113li un rado\u0161umu.<\/p>\n<p>Raksturojums:<\/p>\n<p> \t- rota\u013clieta no 4 gadu vecuma<br \/>\n \t\u2013 ir vair\u0101k nek\u0101 109 uzl\u012bmes<br \/>\n \t\u2013 viegli izgatavojams \u2013 nav nepiecie\u0161ama l\u012bme vai \u0161\u0137\u0113res<br \/>\n \t- dekor\u0113jiet, k\u0101 v\u0113laties!<br \/>\n \t\u2013 veicina rado\u0161umu, izt\u0113li un att\u012bsta roku darba prasmes<\/p>\n<p>Komplekt\u0101 ietilpst:<\/p>\n<p> \t\u2013 rokassoma<br \/>\n \t\u2013 koka n\u016bji\u0146a<br \/>\n \t\u2013 5 uzl\u012bmju d\u0113\u013ci (vair\u0101k nek\u0101 109 gab.)<\/p>\n<p>Instrukcija:<\/p>\n<p> \t\u2013 no\u0146emiet no uzl\u012bmes aizsargpap\u012bru<br \/>\n \t\u2013 piel\u012bm\u0113t pie somas<br \/>\n \t\u2013 paberz\u0113jiet uzl\u012bmi ar koka irbul\u012bti un stingri piel\u012bm\u0113jiet to<br \/>\n \t\u2013 no\u0146emiet foliju no uzl\u012bmes aug\u0161da\u013cas un t\u0101 ir gatava<\/p>\n<p>PIED\u0100V\u0100JUMS ATTIECAS UZ 5 PRODUKTU KOMPLEKTU!<\/p>","protected":false},"excerpt":{"rendered":"<p>Dekoratyvinis krep\u0161ys su lipdukais\u00a0i\u0161\u00a0WOOPIE\u00a0prek\u0117s \u017eenklo i\u0161\u00a0ART&amp;FUN\u00a0serijos suteikia begalines k\u016brybinio \u017eaidimo galimybes j\u016bs\u0173 vaikui. D\u0117l \u0161io k\u016brybinio rinkinio j\u016bs\u0173 vaikas gali\u00a0susikurti\u00a0savo<\/p>","protected":false},"featured_media":52048,"template":"","meta":{"_acf_changed":false,"_glsr_average":0,"_glsr_ranking":0,"_glsr_reviews":0},"product_brand":[],"product_cat":[810,229],"product_tag":[],"class_list":{"0":"post-90427","1":"product","2":"type-product","3":"status-publish","4":"has-post-thumbnail","6":"product_cat-kurybiniai-rinkiniai","7":"product_cat-zaislai-vaikams","8":"\"style=\"background-color: #2ecc711c;\"","10":"first","11":"instock","12":"purchasable","13":"product-type-simple"},"acf":[],"yoast_head":"<!-- This site is optimized with the Yoast SEO plugin v27.3 - https:\/\/yoast.com\/product\/yoast-seo-wordpress\/ -->\n<title>WOOPIE meno rinkinys mai\u0161elis ir 109 lipdukai<\/title>\n<meta name=\"description\" content=\"WOOPIE meno rinkinys mai\u0161elis ir 109 lipdukai - KidsPlay. Did\u017eiausias vaik\u0173 \u017eaisl\u0173 pasirinkimas.\" \/>\n<meta name=\"robots\" content=\"index, follow, max-snippet:-1, max-image-preview:large, max-video-preview:-1\" \/>\n<link rel=\"canonical\" href=\"https:\/\/kidsplay.lt\/lv\/products\/woopie-meno-rinkinys-maiselis-ir-109-lipdukai\/\" \/>\n<meta property=\"og:locale\" content=\"lv_LV\" \/>\n<meta property=\"og:type\" content=\"article\" \/>\n<meta property=\"og:title\" content=\"WOOPIE meno rinkinys mai\u0161elis ir 109 lipdukai\" \/>\n<meta property=\"og:description\" content=\"WOOPIE meno rinkinys mai\u0161elis ir 109 lipdukai - KidsPlay. Did\u017eiausias vaik\u0173 \u017eaisl\u0173 pasirinkimas.\" \/>\n<meta property=\"og:url\" content=\"https:\/\/kidsplay.lt\/lv\/products\/woopie-meno-rinkinys-maiselis-ir-109-lipdukai\/\" \/>\n<meta property=\"og:site_name\" content=\"KidsPlay\" \/>\n<meta property=\"article:publisher\" content=\"https:\/\/www.facebook.com\/www.kidsplay.lt\" \/>\n<meta property=\"article:modified_time\" content=\"2026-04-13T12:22:33+00:00\" \/>\n<meta property=\"og:image\" content=\"https:\/\/kidsplay.lt\/wp-content\/uploads\/2024\/09\/WOOPIE-meno-rinkinys-maiselis-ir-109-lipdukai.jpg\" \/>\n\t<meta property=\"og:image:width\" content=\"1000\" \/>\n\t<meta property=\"og:image:height\" content=\"1000\" \/>\n\t<meta property=\"og:image:type\" content=\"image\/jpeg\" \/>\n<meta name=\"twitter:card\" content=\"summary_large_image\" \/>\n<meta name=\"twitter:label1\" content=\"Est. reading time\" \/>\n\t<meta name=\"twitter:data1\" content=\"1 min\u016bte\" \/>\n<script type=\"application\/ld+json\" class=\"yoast-schema-graph\">{\"@context\":\"https:\\\/\\\/schema.org\",\"@graph\":[{\"@type\":\"WebPage\",\"@id\":\"https:\\\/\\\/kidsplay.lt\\\/produktas\\\/woopie-meno-rinkinys-maiselis-ir-109-lipdukai\\\/\",\"url\":\"https:\\\/\\\/kidsplay.lt\\\/produktas\\\/woopie-meno-rinkinys-maiselis-ir-109-lipdukai\\\/\",\"name\":\"WOOPIE meno rinkinys mai\u0161elis ir 109 lipdukai\",\"isPartOf\":{\"@id\":\"https:\\\/\\\/kidsplay.lt\\\/#website\"},\"primaryImageOfPage\":{\"@id\":\"https:\\\/\\\/kidsplay.lt\\\/produktas\\\/woopie-meno-rinkinys-maiselis-ir-109-lipdukai\\\/#primaryimage\"},\"image\":{\"@id\":\"https:\\\/\\\/kidsplay.lt\\\/produktas\\\/woopie-meno-rinkinys-maiselis-ir-109-lipdukai\\\/#primaryimage\"},\"thumbnailUrl\":\"https:\\\/\\\/kidsplay.lt\\\/wp-content\\\/uploads\\\/2024\\\/09\\\/WOOPIE-meno-rinkinys-maiselis-ir-109-lipdukai.jpg\",\"datePublished\":\"2026-02-26T07:45:03+00:00\",\"dateModified\":\"2026-04-13T12:22:33+00:00\",\"description\":\"WOOPIE meno rinkinys mai\u0161elis ir 109 lipdukai - KidsPlay. Did\u017eiausias vaik\u0173 \u017eaisl\u0173 pasirinkimas.\",\"breadcrumb\":{\"@id\":\"https:\\\/\\\/kidsplay.lt\\\/produktas\\\/woopie-meno-rinkinys-maiselis-ir-109-lipdukai\\\/#breadcrumb\"},\"inLanguage\":\"lv-LV\",\"potentialAction\":[{\"@type\":\"ReadAction\",\"target\":[\"https:\\\/\\\/kidsplay.lt\\\/produktas\\\/woopie-meno-rinkinys-maiselis-ir-109-lipdukai\\\/\"]}]},{\"@type\":\"ImageObject\",\"inLanguage\":\"lv-LV\",\"@id\":\"https:\\\/\\\/kidsplay.lt\\\/produktas\\\/woopie-meno-rinkinys-maiselis-ir-109-lipdukai\\\/#primaryimage\",\"url\":\"https:\\\/\\\/kidsplay.lt\\\/wp-content\\\/uploads\\\/2024\\\/09\\\/WOOPIE-meno-rinkinys-maiselis-ir-109-lipdukai.jpg\",\"contentUrl\":\"https:\\\/\\\/kidsplay.lt\\\/wp-content\\\/uploads\\\/2024\\\/09\\\/WOOPIE-meno-rinkinys-maiselis-ir-109-lipdukai.jpg\",\"width\":1000,\"height\":1000,\"caption\":\"WOOPIE meno rinkinys mai\u0161elis ir 109 lipdukai\"},{\"@type\":\"BreadcrumbList\",\"@id\":\"https:\\\/\\\/kidsplay.lt\\\/produktas\\\/woopie-meno-rinkinys-maiselis-ir-109-lipdukai\\\/#breadcrumb\",\"itemListElement\":[{\"@type\":\"ListItem\",\"position\":1,\"name\":\"Pagrindinis\",\"item\":\"https:\\\/\\\/kidsplay.lt\\\/\"},{\"@type\":\"ListItem\",\"position\":2,\"name\":\"Parduotuv\u0117\",\"item\":\"https:\\\/\\\/kidsplay.lt\\\/parduotuve\\\/\"},{\"@type\":\"ListItem\",\"position\":3,\"name\":\"WOOPIE meno rinkinys mai\u0161elis ir 109 lipdukai\"}]},{\"@type\":\"WebSite\",\"@id\":\"https:\\\/\\\/kidsplay.lt\\\/#website\",\"url\":\"https:\\\/\\\/kidsplay.lt\\\/\",\"name\":\"Kidsplay.lt\",\"description\":\"\u012evairios prek\u0117s vaikams\",\"publisher\":{\"@id\":\"https:\\\/\\\/kidsplay.lt\\\/#organization\"},\"alternateName\":\"Kidsplay\",\"potentialAction\":[{\"@type\":\"SearchAction\",\"target\":{\"@type\":\"EntryPoint\",\"urlTemplate\":\"https:\\\/\\\/kidsplay.lt\\\/?s={search_term_string}\"},\"query-input\":{\"@type\":\"PropertyValueSpecification\",\"valueRequired\":true,\"valueName\":\"search_term_string\"}}],\"inLanguage\":\"lv-LV\"},{\"@type\":\"Organization\",\"@id\":\"https:\\\/\\\/kidsplay.lt\\\/#organization\",\"name\":\"KidsPlay\",\"url\":\"https:\\\/\\\/kidsplay.lt\\\/\",\"logo\":{\"@type\":\"ImageObject\",\"inLanguage\":\"lv-LV\",\"@id\":\"https:\\\/\\\/kidsplay.lt\\\/#\\\/schema\\\/logo\\\/image\\\/\",\"url\":\"https:\\\/\\\/kidsplay.lt\\\/wp-content\\\/uploads\\\/2023\\\/07\\\/kidsplay-logo.png\",\"contentUrl\":\"https:\\\/\\\/kidsplay.lt\\\/wp-content\\\/uploads\\\/2023\\\/07\\\/kidsplay-logo.png\",\"width\":451,\"height\":98,\"caption\":\"KidsPlay\"},\"image\":{\"@id\":\"https:\\\/\\\/kidsplay.lt\\\/#\\\/schema\\\/logo\\\/image\\\/\"},\"sameAs\":[\"https:\\\/\\\/www.facebook.com\\\/www.kidsplay.lt\"]}]}<\/script>\n<!-- \/ Yoast SEO plugin. -->","yoast_head_json":{"title":"WOOPIE m\u0101kslas komplekta soma un 109 uzl\u012bmes","description":"WOOPIE meno rinkinys mai\u0161elis ir 109 lipdukai - KidsPlay. Did\u017eiausias vaik\u0173 \u017eaisl\u0173 pasirinkimas.","robots":{"index":"index","follow":"follow","max-snippet":"max-snippet:-1","max-image-preview":"max-image-preview:large","max-video-preview":"max-video-preview:-1"},"canonical":"https:\/\/kidsplay.lt\/lv\/products\/woopie-meno-rinkinys-maiselis-ir-109-lipdukai\/","og_locale":"lv_LV","og_type":"article","og_title":"WOOPIE meno rinkinys mai\u0161elis ir 109 lipdukai","og_description":"WOOPIE meno rinkinys mai\u0161elis ir 109 lipdukai - KidsPlay. Did\u017eiausias vaik\u0173 \u017eaisl\u0173 pasirinkimas.","og_url":"https:\/\/kidsplay.lt\/lv\/products\/woopie-meno-rinkinys-maiselis-ir-109-lipdukai\/","og_site_name":"KidsPlay","article_publisher":"https:\/\/www.facebook.com\/www.kidsplay.lt","article_modified_time":"2026-04-13T12:22:33+00:00","og_image":[{"width":1000,"height":1000,"url":"https:\/\/kidsplay.lt\/wp-content\/uploads\/2024\/09\/WOOPIE-meno-rinkinys-maiselis-ir-109-lipdukai.jpg","type":"image\/jpeg"}],"twitter_card":"summary_large_image","twitter_misc":{"Est. reading time":"1 min\u016bte"},"schema":{"@context":"https:\/\/schema.org","@graph":[{"@type":"WebPage","@id":"https:\/\/kidsplay.lt\/produktas\/woopie-meno-rinkinys-maiselis-ir-109-lipdukai\/","url":"https:\/\/kidsplay.lt\/produktas\/woopie-meno-rinkinys-maiselis-ir-109-lipdukai\/","name":"WOOPIE m\u0101kslas komplekta soma un 109 uzl\u012bmes","isPartOf":{"@id":"https:\/\/kidsplay.lt\/#website"},"primaryImageOfPage":{"@id":"https:\/\/kidsplay.lt\/produktas\/woopie-meno-rinkinys-maiselis-ir-109-lipdukai\/#primaryimage"},"image":{"@id":"https:\/\/kidsplay.lt\/produktas\/woopie-meno-rinkinys-maiselis-ir-109-lipdukai\/#primaryimage"},"thumbnailUrl":"https:\/\/kidsplay.lt\/wp-content\/uploads\/2024\/09\/WOOPIE-meno-rinkinys-maiselis-ir-109-lipdukai.jpg","datePublished":"2026-02-26T07:45:03+00:00","dateModified":"2026-04-13T12:22:33+00:00","description":"WOOPIE meno rinkinys mai\u0161elis ir 109 lipdukai - KidsPlay. Did\u017eiausias vaik\u0173 \u017eaisl\u0173 pasirinkimas.","breadcrumb":{"@id":"https:\/\/kidsplay.lt\/produktas\/woopie-meno-rinkinys-maiselis-ir-109-lipdukai\/#breadcrumb"},"inLanguage":"lv-LV","potentialAction":[{"@type":"ReadAction","target":["https:\/\/kidsplay.lt\/produktas\/woopie-meno-rinkinys-maiselis-ir-109-lipdukai\/"]}]},{"@type":"ImageObject","inLanguage":"lv-LV","@id":"https:\/\/kidsplay.lt\/produktas\/woopie-meno-rinkinys-maiselis-ir-109-lipdukai\/#primaryimage","url":"https:\/\/kidsplay.lt\/wp-content\/uploads\/2024\/09\/WOOPIE-meno-rinkinys-maiselis-ir-109-lipdukai.jpg","contentUrl":"https:\/\/kidsplay.lt\/wp-content\/uploads\/2024\/09\/WOOPIE-meno-rinkinys-maiselis-ir-109-lipdukai.jpg","width":1000,"height":1000,"caption":"WOOPIE meno rinkinys mai\u0161elis ir 109 lipdukai"},{"@type":"BreadcrumbList","@id":"https:\/\/kidsplay.lt\/produktas\/woopie-meno-rinkinys-maiselis-ir-109-lipdukai\/#breadcrumb","itemListElement":[{"@type":"ListItem","position":1,"name":"Pagrindinis","item":"https:\/\/kidsplay.lt\/"},{"@type":"ListItem","position":2,"name":"Parduotuv\u0117","item":"https:\/\/kidsplay.lt\/parduotuve\/"},{"@type":"ListItem","position":3,"name":"WOOPIE meno rinkinys mai\u0161elis ir 109 lipdukai"}]},{"@type":"WebSite","@id":"https:\/\/kidsplay.lt\/#website","url":"https:\/\/kidsplay.lt\/","name":"B\u0113rnu sp\u0113les.lv","description":"\u012evairios prek\u0117s vaikams","publisher":{"@id":"https:\/\/kidsplay.lt\/#organization"},"alternateName":"Kidsplay","potentialAction":[{"@type":"SearchAction","target":{"@type":"EntryPoint","urlTemplate":"https:\/\/kidsplay.lt\/?s={search_term_string}"},"query-input":{"@type":"PropertyValueSpecification","valueRequired":true,"valueName":"search_term_string"}}],"inLanguage":"lv-LV"},{"@type":"Organization","@id":"https:\/\/kidsplay.lt\/#organization","name":"B\u0113rnu sp\u0113le","url":"https:\/\/kidsplay.lt\/","logo":{"@type":"ImageObject","inLanguage":"lv-LV","@id":"https:\/\/kidsplay.lt\/#\/schema\/logo\/image\/","url":"https:\/\/kidsplay.lt\/wp-content\/uploads\/2023\/07\/kidsplay-logo.png","contentUrl":"https:\/\/kidsplay.lt\/wp-content\/uploads\/2023\/07\/kidsplay-logo.png","width":451,"height":98,"caption":"KidsPlay"},"image":{"@id":"https:\/\/kidsplay.lt\/#\/schema\/logo\/image\/"},"sameAs":["https:\/\/www.facebook.com\/www.kidsplay.lt"]}]}},"_links":{"self":[{"href":"https:\/\/kidsplay.lt\/lv\/wp-json\/wp\/v2\/product\/90427","targetHints":{"allow":["GET"]}}],"collection":[{"href":"https:\/\/kidsplay.lt\/lv\/wp-json\/wp\/v2\/product"}],"about":[{"href":"https:\/\/kidsplay.lt\/lv\/wp-json\/wp\/v2\/types\/product"}],"version-history":[{"count":1,"href":"https:\/\/kidsplay.lt\/lv\/wp-json\/wp\/v2\/product\/90427\/revisions"}],"predecessor-version":[{"id":90428,"href":"https:\/\/kidsplay.lt\/lv\/wp-json\/wp\/v2\/product\/90427\/revisions\/90428"}],"wp:featuredmedia":[{"embeddable":true,"href":"https:\/\/kidsplay.lt\/lv\/wp-json\/wp\/v2\/media\/52048"}],"wp:attachment":[{"href":"https:\/\/kidsplay.lt\/lv\/wp-json\/wp\/v2\/media?parent=90427"}],"wp:term":[{"taxonomy":"product_brand","embeddable":true,"href":"https:\/\/kidsplay.lt\/lv\/wp-json\/wp\/v2\/product_brand?post=90427"},{"taxonomy":"product_cat","embeddable":true,"href":"https:\/\/kidsplay.lt\/lv\/wp-json\/wp\/v2\/product_cat?post=90427"},{"taxonomy":"product_tag","embeddable":true,"href":"https:\/\/kidsplay.lt\/lv\/wp-json\/wp\/v2\/product_tag?post=90427"}],"curies":[{"name":"wp","href":"https:\/\/api.w.org\/{rel}","templated":true}]}}