{"id":90429,"date":"2026-02-26T09:45:07","date_gmt":"2026-02-26T07:45:07","guid":{"rendered":"https:\/\/kidsplay.lt\/produktas\/parduotuves-rinkinys-ledaine-xxl\/"},"modified":"2026-04-07T10:57:33","modified_gmt":"2026-04-07T07:57:33","slug":"parduotuves-rinkinys-ledaine-xxl","status":"publish","type":"product","link":"https:\/\/kidsplay.lt\/lv\/product\/parduotuves-rinkinys-ledaine-xxl\/","title":{"rendered":"Parduotuv\u0117s rinkinys &#8211; ledain\u0117 XXL"},"content":{"rendered":"<p>Ledaines rinkinys leis ne tik suvaidinti pardav\u0117j\u0105, bet i\u0161mokys skai\u010diuoti ir spalvas sud\u0117t\u012f. Rinkin\u012f sudaro 87 elementai &#8211; led\u0173 kau\u0161elius, vaflius, u\u017esakym\u0173 korteles, pinigus, \u017eetonus su skai\u010diais ir led\u0173 \u0161auk\u0161t\u0105. Led\u0173 kau\u0161eli\u0173 skai\u010dius skiriasi priklausomai nuo spalvos, o u\u017esakym\u0173 kortel\u0117se yra paprast\u0173 matematikos u\u017edavini\u0173. \u017e<\/p>\n<p>&#8211; nuo 3 met\u0173 am\u017eiaus,<br \/>\n&#8211; rinkin\u012f sudaro 87 elementai,<br \/>\n&#8211; leid\u017eia \u017eaisti vaidmenimis ir mokytis skai\u010di\u0173, spalv\u0173 ir papildymo,<br \/>\n&#8211; kortel\u0117s i\u0161 rinkinio turi paprastas matematines u\u017eduotis,<br \/>\n&#8211; puikus rinkinys mokytis \u017eaid\u017eiant.<\/p>","protected":false},"excerpt":{"rendered":"<p>Ledaines rinkinys leis ne tik suvaidinti pardav\u0117j\u0105, bet i\u0161mokys skai\u010diuoti ir spalvas sud\u0117t\u012f. Rinkin\u012f sudaro 87 elementai &#8211; led\u0173 kau\u0161elius,<\/p>","protected":false},"featured_media":52063,"template":"","meta":{"_acf_changed":false,"_glsr_average":0,"_glsr_ranking":0,"_glsr_reviews":0},"product_brand":[],"product_cat":[388,229],"product_tag":[],"class_list":{"0":"post-90429","1":"product","2":"type-product","3":"status-publish","4":"has-post-thumbnail","6":"product_cat-edukaciniai-lavinamieji-zaislai","7":"product_cat-zaislai-vaikams","8":"\"style=\"background-color: #2ecc711c;\"","10":"first","11":"instock","12":"purchasable","13":"product-type-simple"},"acf":[],"yoast_head":"<!-- This site is optimized with the Yoast SEO plugin v27.3 - https:\/\/yoast.com\/product\/yoast-seo-wordpress\/ -->\n<title>Parduotuv\u0117s rinkinys &#8211; ledain\u0117 XXL<\/title>\n<meta name=\"description\" content=\"Ledaines rinkinys leis ne tik suvaidinti pardav\u0117j\u0105, bet i\u0161mokys skai\u010diuoti ir spalvas sud\u0117t\u012f. Rinkin\u012f sudaro 87 elementai.\" \/>\n<meta name=\"robots\" content=\"index, follow, max-snippet:-1, max-image-preview:large, max-video-preview:-1\" \/>\n<link rel=\"canonical\" href=\"https:\/\/kidsplay.lt\/lv\/product\/parduotuves-rinkinys-ledaine-xxl\/\" \/>\n<meta property=\"og:locale\" content=\"lv_LV\" \/>\n<meta property=\"og:type\" content=\"article\" \/>\n<meta property=\"og:title\" content=\"Parduotuv\u0117s rinkinys &#8211; ledain\u0117 XXL\" \/>\n<meta property=\"og:description\" content=\"Ledaines rinkinys leis ne tik suvaidinti pardav\u0117j\u0105, bet i\u0161mokys skai\u010diuoti ir spalvas sud\u0117t\u012f. Rinkin\u012f sudaro 87 elementai.\" \/>\n<meta property=\"og:url\" content=\"https:\/\/kidsplay.lt\/lv\/product\/parduotuves-rinkinys-ledaine-xxl\/\" \/>\n<meta property=\"og:site_name\" content=\"KidsPlay\" \/>\n<meta property=\"article:publisher\" content=\"https:\/\/www.facebook.com\/www.kidsplay.lt\" \/>\n<meta property=\"article:modified_time\" content=\"2026-04-07T07:57:33+00:00\" \/>\n<meta property=\"og:image\" content=\"https:\/\/kidsplay.lt\/wp-content\/uploads\/2024\/09\/Parduotuves-rinkinys-\u2013-ledaine-XXL.jpg\" \/>\n\t<meta property=\"og:image:width\" content=\"1000\" \/>\n\t<meta property=\"og:image:height\" content=\"1000\" \/>\n\t<meta property=\"og:image:type\" content=\"image\/jpeg\" \/>\n<meta name=\"twitter:card\" content=\"summary_large_image\" \/>\n<script type=\"application\/ld+json\" class=\"yoast-schema-graph\">{\"@context\":\"https:\\\/\\\/schema.org\",\"@graph\":[{\"@type\":\"WebPage\",\"@id\":\"https:\\\/\\\/kidsplay.lt\\\/produktas\\\/parduotuves-rinkinys-ledaine-xxl\\\/\",\"url\":\"https:\\\/\\\/kidsplay.lt\\\/produktas\\\/parduotuves-rinkinys-ledaine-xxl\\\/\",\"name\":\"Parduotuv\u0117s rinkinys &#8211; ledain\u0117 XXL\",\"isPartOf\":{\"@id\":\"https:\\\/\\\/kidsplay.lt\\\/#website\"},\"primaryImageOfPage\":{\"@id\":\"https:\\\/\\\/kidsplay.lt\\\/produktas\\\/parduotuves-rinkinys-ledaine-xxl\\\/#primaryimage\"},\"image\":{\"@id\":\"https:\\\/\\\/kidsplay.lt\\\/produktas\\\/parduotuves-rinkinys-ledaine-xxl\\\/#primaryimage\"},\"thumbnailUrl\":\"https:\\\/\\\/kidsplay.lt\\\/wp-content\\\/uploads\\\/2024\\\/09\\\/Parduotuves-rinkinys-\u2013-ledaine-XXL.jpg\",\"datePublished\":\"2026-02-26T07:45:07+00:00\",\"dateModified\":\"2026-04-07T07:57:33+00:00\",\"description\":\"Ledaines rinkinys leis ne tik suvaidinti pardav\u0117j\u0105, bet i\u0161mokys skai\u010diuoti ir spalvas sud\u0117t\u012f. Rinkin\u012f sudaro 87 elementai.\",\"breadcrumb\":{\"@id\":\"https:\\\/\\\/kidsplay.lt\\\/produktas\\\/parduotuves-rinkinys-ledaine-xxl\\\/#breadcrumb\"},\"inLanguage\":\"lv-LV\",\"potentialAction\":[{\"@type\":\"ReadAction\",\"target\":[\"https:\\\/\\\/kidsplay.lt\\\/produktas\\\/parduotuves-rinkinys-ledaine-xxl\\\/\"]}]},{\"@type\":\"ImageObject\",\"inLanguage\":\"lv-LV\",\"@id\":\"https:\\\/\\\/kidsplay.lt\\\/produktas\\\/parduotuves-rinkinys-ledaine-xxl\\\/#primaryimage\",\"url\":\"https:\\\/\\\/kidsplay.lt\\\/wp-content\\\/uploads\\\/2024\\\/09\\\/Parduotuves-rinkinys-\u2013-ledaine-XXL.jpg\",\"contentUrl\":\"https:\\\/\\\/kidsplay.lt\\\/wp-content\\\/uploads\\\/2024\\\/09\\\/Parduotuves-rinkinys-\u2013-ledaine-XXL.jpg\",\"width\":1000,\"height\":1000,\"caption\":\"Parduotuv\u0117s rinkinys &#8211; ledain\u0117 XXL\"},{\"@type\":\"BreadcrumbList\",\"@id\":\"https:\\\/\\\/kidsplay.lt\\\/produktas\\\/parduotuves-rinkinys-ledaine-xxl\\\/#breadcrumb\",\"itemListElement\":[{\"@type\":\"ListItem\",\"position\":1,\"name\":\"Pagrindinis\",\"item\":\"https:\\\/\\\/kidsplay.lt\\\/\"},{\"@type\":\"ListItem\",\"position\":2,\"name\":\"Parduotuv\u0117\",\"item\":\"https:\\\/\\\/kidsplay.lt\\\/parduotuve\\\/\"},{\"@type\":\"ListItem\",\"position\":3,\"name\":\"Parduotuv\u0117s rinkinys &#8211; ledain\u0117 XXL\"}]},{\"@type\":\"WebSite\",\"@id\":\"https:\\\/\\\/kidsplay.lt\\\/#website\",\"url\":\"https:\\\/\\\/kidsplay.lt\\\/\",\"name\":\"Kidsplay.lt\",\"description\":\"\u012evairios prek\u0117s vaikams\",\"publisher\":{\"@id\":\"https:\\\/\\\/kidsplay.lt\\\/#organization\"},\"alternateName\":\"Kidsplay\",\"potentialAction\":[{\"@type\":\"SearchAction\",\"target\":{\"@type\":\"EntryPoint\",\"urlTemplate\":\"https:\\\/\\\/kidsplay.lt\\\/?s={search_term_string}\"},\"query-input\":{\"@type\":\"PropertyValueSpecification\",\"valueRequired\":true,\"valueName\":\"search_term_string\"}}],\"inLanguage\":\"lv-LV\"},{\"@type\":\"Organization\",\"@id\":\"https:\\\/\\\/kidsplay.lt\\\/#organization\",\"name\":\"KidsPlay\",\"url\":\"https:\\\/\\\/kidsplay.lt\\\/\",\"logo\":{\"@type\":\"ImageObject\",\"inLanguage\":\"lv-LV\",\"@id\":\"https:\\\/\\\/kidsplay.lt\\\/#\\\/schema\\\/logo\\\/image\\\/\",\"url\":\"https:\\\/\\\/kidsplay.lt\\\/wp-content\\\/uploads\\\/2023\\\/07\\\/kidsplay-logo.png\",\"contentUrl\":\"https:\\\/\\\/kidsplay.lt\\\/wp-content\\\/uploads\\\/2023\\\/07\\\/kidsplay-logo.png\",\"width\":451,\"height\":98,\"caption\":\"KidsPlay\"},\"image\":{\"@id\":\"https:\\\/\\\/kidsplay.lt\\\/#\\\/schema\\\/logo\\\/image\\\/\"},\"sameAs\":[\"https:\\\/\\\/www.facebook.com\\\/www.kidsplay.lt\"]}]}<\/script>\n<!-- \/ Yoast SEO plugin. -->","yoast_head_json":{"title":"Parduotuv\u0117s rinkinys &#8211; ledain\u0117 XXL","description":"Ledaines rinkinys leis ne tik suvaidinti pardav\u0117j\u0105, bet i\u0161mokys skai\u010diuoti ir spalvas sud\u0117t\u012f. Rinkin\u012f sudaro 87 elementai.","robots":{"index":"index","follow":"follow","max-snippet":"max-snippet:-1","max-image-preview":"max-image-preview:large","max-video-preview":"max-video-preview:-1"},"canonical":"https:\/\/kidsplay.lt\/lv\/product\/parduotuves-rinkinys-ledaine-xxl\/","og_locale":"lv_LV","og_type":"article","og_title":"Parduotuv\u0117s rinkinys &#8211; ledain\u0117 XXL","og_description":"Ledaines rinkinys leis ne tik suvaidinti pardav\u0117j\u0105, bet i\u0161mokys skai\u010diuoti ir spalvas sud\u0117t\u012f. Rinkin\u012f sudaro 87 elementai.","og_url":"https:\/\/kidsplay.lt\/lv\/product\/parduotuves-rinkinys-ledaine-xxl\/","og_site_name":"KidsPlay","article_publisher":"https:\/\/www.facebook.com\/www.kidsplay.lt","article_modified_time":"2026-04-07T07:57:33+00:00","og_image":[{"width":1000,"height":1000,"url":"https:\/\/kidsplay.lt\/wp-content\/uploads\/2024\/09\/Parduotuves-rinkinys-\u2013-ledaine-XXL.jpg","type":"image\/jpeg"}],"twitter_card":"summary_large_image","schema":{"@context":"https:\/\/schema.org","@graph":[{"@type":"WebPage","@id":"https:\/\/kidsplay.lt\/produktas\/parduotuves-rinkinys-ledaine-xxl\/","url":"https:\/\/kidsplay.lt\/produktas\/parduotuves-rinkinys-ledaine-xxl\/","name":"Parduotuv\u0117s rinkinys &#8211; ledain\u0117 XXL","isPartOf":{"@id":"https:\/\/kidsplay.lt\/#website"},"primaryImageOfPage":{"@id":"https:\/\/kidsplay.lt\/produktas\/parduotuves-rinkinys-ledaine-xxl\/#primaryimage"},"image":{"@id":"https:\/\/kidsplay.lt\/produktas\/parduotuves-rinkinys-ledaine-xxl\/#primaryimage"},"thumbnailUrl":"https:\/\/kidsplay.lt\/wp-content\/uploads\/2024\/09\/Parduotuves-rinkinys-\u2013-ledaine-XXL.jpg","datePublished":"2026-02-26T07:45:07+00:00","dateModified":"2026-04-07T07:57:33+00:00","description":"Ledaines rinkinys leis ne tik suvaidinti pardav\u0117j\u0105, bet i\u0161mokys skai\u010diuoti ir spalvas sud\u0117t\u012f. Rinkin\u012f sudaro 87 elementai.","breadcrumb":{"@id":"https:\/\/kidsplay.lt\/produktas\/parduotuves-rinkinys-ledaine-xxl\/#breadcrumb"},"inLanguage":"lv-LV","potentialAction":[{"@type":"ReadAction","target":["https:\/\/kidsplay.lt\/produktas\/parduotuves-rinkinys-ledaine-xxl\/"]}]},{"@type":"ImageObject","inLanguage":"lv-LV","@id":"https:\/\/kidsplay.lt\/produktas\/parduotuves-rinkinys-ledaine-xxl\/#primaryimage","url":"https:\/\/kidsplay.lt\/wp-content\/uploads\/2024\/09\/Parduotuves-rinkinys-\u2013-ledaine-XXL.jpg","contentUrl":"https:\/\/kidsplay.lt\/wp-content\/uploads\/2024\/09\/Parduotuves-rinkinys-\u2013-ledaine-XXL.jpg","width":1000,"height":1000,"caption":"Parduotuv\u0117s rinkinys &#8211; ledain\u0117 XXL"},{"@type":"BreadcrumbList","@id":"https:\/\/kidsplay.lt\/produktas\/parduotuves-rinkinys-ledaine-xxl\/#breadcrumb","itemListElement":[{"@type":"ListItem","position":1,"name":"Pagrindinis","item":"https:\/\/kidsplay.lt\/"},{"@type":"ListItem","position":2,"name":"Parduotuv\u0117","item":"https:\/\/kidsplay.lt\/parduotuve\/"},{"@type":"ListItem","position":3,"name":"Parduotuv\u0117s rinkinys &#8211; ledain\u0117 XXL"}]},{"@type":"WebSite","@id":"https:\/\/kidsplay.lt\/#website","url":"https:\/\/kidsplay.lt\/","name":"B\u0113rnu sp\u0113les.lv","description":"\u012evairios prek\u0117s vaikams","publisher":{"@id":"https:\/\/kidsplay.lt\/#organization"},"alternateName":"Kidsplay","potentialAction":[{"@type":"SearchAction","target":{"@type":"EntryPoint","urlTemplate":"https:\/\/kidsplay.lt\/?s={search_term_string}"},"query-input":{"@type":"PropertyValueSpecification","valueRequired":true,"valueName":"search_term_string"}}],"inLanguage":"lv-LV"},{"@type":"Organization","@id":"https:\/\/kidsplay.lt\/#organization","name":"B\u0113rnu sp\u0113le","url":"https:\/\/kidsplay.lt\/","logo":{"@type":"ImageObject","inLanguage":"lv-LV","@id":"https:\/\/kidsplay.lt\/#\/schema\/logo\/image\/","url":"https:\/\/kidsplay.lt\/wp-content\/uploads\/2023\/07\/kidsplay-logo.png","contentUrl":"https:\/\/kidsplay.lt\/wp-content\/uploads\/2023\/07\/kidsplay-logo.png","width":451,"height":98,"caption":"KidsPlay"},"image":{"@id":"https:\/\/kidsplay.lt\/#\/schema\/logo\/image\/"},"sameAs":["https:\/\/www.facebook.com\/www.kidsplay.lt"]}]}},"_links":{"self":[{"href":"https:\/\/kidsplay.lt\/lv\/wp-json\/wp\/v2\/product\/90429","targetHints":{"allow":["GET"]}}],"collection":[{"href":"https:\/\/kidsplay.lt\/lv\/wp-json\/wp\/v2\/product"}],"about":[{"href":"https:\/\/kidsplay.lt\/lv\/wp-json\/wp\/v2\/types\/product"}],"version-history":[{"count":1,"href":"https:\/\/kidsplay.lt\/lv\/wp-json\/wp\/v2\/product\/90429\/revisions"}],"predecessor-version":[{"id":90430,"href":"https:\/\/kidsplay.lt\/lv\/wp-json\/wp\/v2\/product\/90429\/revisions\/90430"}],"wp:featuredmedia":[{"embeddable":true,"href":"https:\/\/kidsplay.lt\/lv\/wp-json\/wp\/v2\/media\/52063"}],"wp:attachment":[{"href":"https:\/\/kidsplay.lt\/lv\/wp-json\/wp\/v2\/media?parent=90429"}],"wp:term":[{"taxonomy":"product_brand","embeddable":true,"href":"https:\/\/kidsplay.lt\/lv\/wp-json\/wp\/v2\/product_brand?post=90429"},{"taxonomy":"product_cat","embeddable":true,"href":"https:\/\/kidsplay.lt\/lv\/wp-json\/wp\/v2\/product_cat?post=90429"},{"taxonomy":"product_tag","embeddable":true,"href":"https:\/\/kidsplay.lt\/lv\/wp-json\/wp\/v2\/product_tag?post=90429"}],"curies":[{"name":"wp","href":"https:\/\/api.w.org\/{rel}","templated":true}]}}