{"id":90433,"date":"2026-02-26T09:45:12","date_gmt":"2026-02-26T07:45:12","guid":{"rendered":"https:\/\/kidsplay.lt\/produktas\/vandens-staliukas-su-priedais\/"},"modified":"2026-04-13T15:22:40","modified_gmt":"2026-04-13T12:22:40","slug":"vandens-staliukas-su-priedais","status":"publish","type":"product","link":"https:\/\/kidsplay.lt\/lv\/products\/vandens-staliukas-su-priedais\/","title":{"rendered":"Vandens staliukas su priedais"},"content":{"rendered":"<p>Nuotyki\u0173 centras dviej\u0173 auk\u0161t\u0173 vaiki\u0161kas stalas! Ma\u017eieji nuotyki\u0173 m\u0117g\u0117jai gali naudoti lank\u0105, ie\u0161koti tiesiogini\u0173 kamuoliuk\u0173 \u012f vanden\u012f. Apa\u010dioje yra net interaktyvus ratas, kad ma\u017eieji gal\u0117t\u0173 pajudinti vanden\u012f ir sukurti tekan\u010di\u0105 up\u0119.<\/p>","protected":false},"excerpt":{"rendered":"<p>Nuotyki\u0173 centras dviej\u0173 auk\u0161t\u0173 vaiki\u0161kas stalas! Ma\u017eieji nuotyki\u0173 m\u0117g\u0117jai gali naudoti lank\u0105, ie\u0161koti tiesiogini\u0173 kamuoliuk\u0173 \u012f vanden\u012f. Apa\u010dioje yra net<\/p>","protected":false},"featured_media":52099,"template":"","meta":{"_acf_changed":false,"_glsr_average":0,"_glsr_ranking":0,"_glsr_reviews":0},"product_brand":[],"product_cat":[233,390],"product_tag":[],"class_list":{"0":"post-90433","1":"product","2":"type-product","3":"status-publish","4":"has-post-thumbnail","6":"product_cat-lauko-pramogos","7":"product_cat-vandens-pramogos","8":"\"style=\"background-color: #2ecc711c;\"","10":"first","11":"instock","12":"purchasable","13":"product-type-simple"},"acf":[],"yoast_head":"<!-- This site is optimized with the Yoast SEO plugin v27.3 - https:\/\/yoast.com\/product\/yoast-seo-wordpress\/ -->\n<title>Vandens staliukas su priedais<\/title>\n<meta name=\"description\" content=\"Dviej\u0173 auk\u0161t\u0173 vaiki\u0161kas stalas! Lauko \u017eaidim\u0173 stalas vaikams apima sraigtasparn\u012f,\u00a0valt\u012f ir traukin\u012f, kuriuo vienu metu galima ve\u017eti du \u017eaidimo kamuolius!\" \/>\n<meta name=\"robots\" content=\"index, follow, max-snippet:-1, max-image-preview:large, max-video-preview:-1\" \/>\n<link rel=\"canonical\" href=\"https:\/\/kidsplay.lt\/lv\/products\/vandens-staliukas-su-priedais\/\" \/>\n<meta property=\"og:locale\" content=\"lv_LV\" \/>\n<meta property=\"og:type\" content=\"article\" \/>\n<meta property=\"og:title\" content=\"Vandens staliukas su priedais\" \/>\n<meta property=\"og:description\" content=\"Dviej\u0173 auk\u0161t\u0173 vaiki\u0161kas stalas! Lauko \u017eaidim\u0173 stalas vaikams apima sraigtasparn\u012f,\u00a0valt\u012f ir traukin\u012f, kuriuo vienu metu galima ve\u017eti du \u017eaidimo kamuolius!\" \/>\n<meta property=\"og:url\" content=\"https:\/\/kidsplay.lt\/lv\/products\/vandens-staliukas-su-priedais\/\" \/>\n<meta property=\"og:site_name\" content=\"KidsPlay\" \/>\n<meta property=\"article:publisher\" content=\"https:\/\/www.facebook.com\/www.kidsplay.lt\" \/>\n<meta property=\"article:modified_time\" content=\"2026-04-13T12:22:40+00:00\" \/>\n<meta property=\"og:image\" content=\"https:\/\/kidsplay.lt\/wp-content\/uploads\/2024\/09\/Vandens-staliukas-su-priedais.jpg\" \/>\n\t<meta property=\"og:image:width\" content=\"1000\" \/>\n\t<meta property=\"og:image:height\" content=\"1000\" \/>\n\t<meta property=\"og:image:type\" content=\"image\/jpeg\" \/>\n<meta name=\"twitter:card\" content=\"summary_large_image\" \/>\n<script type=\"application\/ld+json\" class=\"yoast-schema-graph\">{\"@context\":\"https:\\\/\\\/schema.org\",\"@graph\":[{\"@type\":\"WebPage\",\"@id\":\"https:\\\/\\\/kidsplay.lt\\\/produktas\\\/vandens-staliukas-su-priedais\\\/\",\"url\":\"https:\\\/\\\/kidsplay.lt\\\/produktas\\\/vandens-staliukas-su-priedais\\\/\",\"name\":\"Vandens staliukas su priedais\",\"isPartOf\":{\"@id\":\"https:\\\/\\\/kidsplay.lt\\\/#website\"},\"primaryImageOfPage\":{\"@id\":\"https:\\\/\\\/kidsplay.lt\\\/produktas\\\/vandens-staliukas-su-priedais\\\/#primaryimage\"},\"image\":{\"@id\":\"https:\\\/\\\/kidsplay.lt\\\/produktas\\\/vandens-staliukas-su-priedais\\\/#primaryimage\"},\"thumbnailUrl\":\"https:\\\/\\\/kidsplay.lt\\\/wp-content\\\/uploads\\\/2024\\\/09\\\/Vandens-staliukas-su-priedais.jpg\",\"datePublished\":\"2026-02-26T07:45:12+00:00\",\"dateModified\":\"2026-04-13T12:22:40+00:00\",\"description\":\"Dviej\u0173 auk\u0161t\u0173 vaiki\u0161kas stalas! Lauko \u017eaidim\u0173 stalas vaikams apima sraigtasparn\u012f,\u00a0valt\u012f ir traukin\u012f, kuriuo vienu metu galima ve\u017eti du \u017eaidimo kamuolius!\",\"breadcrumb\":{\"@id\":\"https:\\\/\\\/kidsplay.lt\\\/produktas\\\/vandens-staliukas-su-priedais\\\/#breadcrumb\"},\"inLanguage\":\"lv-LV\",\"potentialAction\":[{\"@type\":\"ReadAction\",\"target\":[\"https:\\\/\\\/kidsplay.lt\\\/produktas\\\/vandens-staliukas-su-priedais\\\/\"]}]},{\"@type\":\"ImageObject\",\"inLanguage\":\"lv-LV\",\"@id\":\"https:\\\/\\\/kidsplay.lt\\\/produktas\\\/vandens-staliukas-su-priedais\\\/#primaryimage\",\"url\":\"https:\\\/\\\/kidsplay.lt\\\/wp-content\\\/uploads\\\/2024\\\/09\\\/Vandens-staliukas-su-priedais.jpg\",\"contentUrl\":\"https:\\\/\\\/kidsplay.lt\\\/wp-content\\\/uploads\\\/2024\\\/09\\\/Vandens-staliukas-su-priedais.jpg\",\"width\":1000,\"height\":1000,\"caption\":\"Vandens staliukas su priedais\"},{\"@type\":\"BreadcrumbList\",\"@id\":\"https:\\\/\\\/kidsplay.lt\\\/produktas\\\/vandens-staliukas-su-priedais\\\/#breadcrumb\",\"itemListElement\":[{\"@type\":\"ListItem\",\"position\":1,\"name\":\"Pagrindinis\",\"item\":\"https:\\\/\\\/kidsplay.lt\\\/\"},{\"@type\":\"ListItem\",\"position\":2,\"name\":\"Parduotuv\u0117\",\"item\":\"https:\\\/\\\/kidsplay.lt\\\/parduotuve\\\/\"},{\"@type\":\"ListItem\",\"position\":3,\"name\":\"Vandens staliukas su priedais\"}]},{\"@type\":\"WebSite\",\"@id\":\"https:\\\/\\\/kidsplay.lt\\\/#website\",\"url\":\"https:\\\/\\\/kidsplay.lt\\\/\",\"name\":\"Kidsplay.lt\",\"description\":\"\u012evairios prek\u0117s vaikams\",\"publisher\":{\"@id\":\"https:\\\/\\\/kidsplay.lt\\\/#organization\"},\"alternateName\":\"Kidsplay\",\"potentialAction\":[{\"@type\":\"SearchAction\",\"target\":{\"@type\":\"EntryPoint\",\"urlTemplate\":\"https:\\\/\\\/kidsplay.lt\\\/?s={search_term_string}\"},\"query-input\":{\"@type\":\"PropertyValueSpecification\",\"valueRequired\":true,\"valueName\":\"search_term_string\"}}],\"inLanguage\":\"lv-LV\"},{\"@type\":\"Organization\",\"@id\":\"https:\\\/\\\/kidsplay.lt\\\/#organization\",\"name\":\"KidsPlay\",\"url\":\"https:\\\/\\\/kidsplay.lt\\\/\",\"logo\":{\"@type\":\"ImageObject\",\"inLanguage\":\"lv-LV\",\"@id\":\"https:\\\/\\\/kidsplay.lt\\\/#\\\/schema\\\/logo\\\/image\\\/\",\"url\":\"https:\\\/\\\/kidsplay.lt\\\/wp-content\\\/uploads\\\/2023\\\/07\\\/kidsplay-logo.png\",\"contentUrl\":\"https:\\\/\\\/kidsplay.lt\\\/wp-content\\\/uploads\\\/2023\\\/07\\\/kidsplay-logo.png\",\"width\":451,\"height\":98,\"caption\":\"KidsPlay\"},\"image\":{\"@id\":\"https:\\\/\\\/kidsplay.lt\\\/#\\\/schema\\\/logo\\\/image\\\/\"},\"sameAs\":[\"https:\\\/\\\/www.facebook.com\\\/www.kidsplay.lt\"]}]}<\/script>\n<!-- \/ Yoast SEO plugin. -->","yoast_head_json":{"title":"Vandens staliukas su priedais","description":"Dviej\u0173 auk\u0161t\u0173 vaiki\u0161kas stalas! Lauko \u017eaidim\u0173 stalas vaikams apima sraigtasparn\u012f,\u00a0valt\u012f ir traukin\u012f, kuriuo vienu metu galima ve\u017eti du \u017eaidimo kamuolius!","robots":{"index":"index","follow":"follow","max-snippet":"max-snippet:-1","max-image-preview":"max-image-preview:large","max-video-preview":"max-video-preview:-1"},"canonical":"https:\/\/kidsplay.lt\/lv\/products\/vandens-staliukas-su-priedais\/","og_locale":"lv_LV","og_type":"article","og_title":"Vandens staliukas su priedais","og_description":"Dviej\u0173 auk\u0161t\u0173 vaiki\u0161kas stalas! Lauko \u017eaidim\u0173 stalas vaikams apima sraigtasparn\u012f,\u00a0valt\u012f ir traukin\u012f, kuriuo vienu metu galima ve\u017eti du \u017eaidimo kamuolius!","og_url":"https:\/\/kidsplay.lt\/lv\/products\/vandens-staliukas-su-priedais\/","og_site_name":"KidsPlay","article_publisher":"https:\/\/www.facebook.com\/www.kidsplay.lt","article_modified_time":"2026-04-13T12:22:40+00:00","og_image":[{"width":1000,"height":1000,"url":"https:\/\/kidsplay.lt\/wp-content\/uploads\/2024\/09\/Vandens-staliukas-su-priedais.jpg","type":"image\/jpeg"}],"twitter_card":"summary_large_image","schema":{"@context":"https:\/\/schema.org","@graph":[{"@type":"WebPage","@id":"https:\/\/kidsplay.lt\/produktas\/vandens-staliukas-su-priedais\/","url":"https:\/\/kidsplay.lt\/produktas\/vandens-staliukas-su-priedais\/","name":"Vandens staliukas su priedais","isPartOf":{"@id":"https:\/\/kidsplay.lt\/#website"},"primaryImageOfPage":{"@id":"https:\/\/kidsplay.lt\/produktas\/vandens-staliukas-su-priedais\/#primaryimage"},"image":{"@id":"https:\/\/kidsplay.lt\/produktas\/vandens-staliukas-su-priedais\/#primaryimage"},"thumbnailUrl":"https:\/\/kidsplay.lt\/wp-content\/uploads\/2024\/09\/Vandens-staliukas-su-priedais.jpg","datePublished":"2026-02-26T07:45:12+00:00","dateModified":"2026-04-13T12:22:40+00:00","description":"Dviej\u0173 auk\u0161t\u0173 vaiki\u0161kas stalas! Lauko \u017eaidim\u0173 stalas vaikams apima sraigtasparn\u012f,\u00a0valt\u012f ir traukin\u012f, kuriuo vienu metu galima ve\u017eti du \u017eaidimo kamuolius!","breadcrumb":{"@id":"https:\/\/kidsplay.lt\/produktas\/vandens-staliukas-su-priedais\/#breadcrumb"},"inLanguage":"lv-LV","potentialAction":[{"@type":"ReadAction","target":["https:\/\/kidsplay.lt\/produktas\/vandens-staliukas-su-priedais\/"]}]},{"@type":"ImageObject","inLanguage":"lv-LV","@id":"https:\/\/kidsplay.lt\/produktas\/vandens-staliukas-su-priedais\/#primaryimage","url":"https:\/\/kidsplay.lt\/wp-content\/uploads\/2024\/09\/Vandens-staliukas-su-priedais.jpg","contentUrl":"https:\/\/kidsplay.lt\/wp-content\/uploads\/2024\/09\/Vandens-staliukas-su-priedais.jpg","width":1000,"height":1000,"caption":"Vandens staliukas su priedais"},{"@type":"BreadcrumbList","@id":"https:\/\/kidsplay.lt\/produktas\/vandens-staliukas-su-priedais\/#breadcrumb","itemListElement":[{"@type":"ListItem","position":1,"name":"Pagrindinis","item":"https:\/\/kidsplay.lt\/"},{"@type":"ListItem","position":2,"name":"Parduotuv\u0117","item":"https:\/\/kidsplay.lt\/parduotuve\/"},{"@type":"ListItem","position":3,"name":"Vandens staliukas su priedais"}]},{"@type":"WebSite","@id":"https:\/\/kidsplay.lt\/#website","url":"https:\/\/kidsplay.lt\/","name":"B\u0113rnu sp\u0113les.lv","description":"\u012evairios prek\u0117s vaikams","publisher":{"@id":"https:\/\/kidsplay.lt\/#organization"},"alternateName":"Kidsplay","potentialAction":[{"@type":"SearchAction","target":{"@type":"EntryPoint","urlTemplate":"https:\/\/kidsplay.lt\/?s={search_term_string}"},"query-input":{"@type":"PropertyValueSpecification","valueRequired":true,"valueName":"search_term_string"}}],"inLanguage":"lv-LV"},{"@type":"Organization","@id":"https:\/\/kidsplay.lt\/#organization","name":"B\u0113rnu sp\u0113le","url":"https:\/\/kidsplay.lt\/","logo":{"@type":"ImageObject","inLanguage":"lv-LV","@id":"https:\/\/kidsplay.lt\/#\/schema\/logo\/image\/","url":"https:\/\/kidsplay.lt\/wp-content\/uploads\/2023\/07\/kidsplay-logo.png","contentUrl":"https:\/\/kidsplay.lt\/wp-content\/uploads\/2023\/07\/kidsplay-logo.png","width":451,"height":98,"caption":"KidsPlay"},"image":{"@id":"https:\/\/kidsplay.lt\/#\/schema\/logo\/image\/"},"sameAs":["https:\/\/www.facebook.com\/www.kidsplay.lt"]}]}},"_links":{"self":[{"href":"https:\/\/kidsplay.lt\/lv\/wp-json\/wp\/v2\/product\/90433","targetHints":{"allow":["GET"]}}],"collection":[{"href":"https:\/\/kidsplay.lt\/lv\/wp-json\/wp\/v2\/product"}],"about":[{"href":"https:\/\/kidsplay.lt\/lv\/wp-json\/wp\/v2\/types\/product"}],"version-history":[{"count":1,"href":"https:\/\/kidsplay.lt\/lv\/wp-json\/wp\/v2\/product\/90433\/revisions"}],"predecessor-version":[{"id":90434,"href":"https:\/\/kidsplay.lt\/lv\/wp-json\/wp\/v2\/product\/90433\/revisions\/90434"}],"wp:featuredmedia":[{"embeddable":true,"href":"https:\/\/kidsplay.lt\/lv\/wp-json\/wp\/v2\/media\/52099"}],"wp:attachment":[{"href":"https:\/\/kidsplay.lt\/lv\/wp-json\/wp\/v2\/media?parent=90433"}],"wp:term":[{"taxonomy":"product_brand","embeddable":true,"href":"https:\/\/kidsplay.lt\/lv\/wp-json\/wp\/v2\/product_brand?post=90433"},{"taxonomy":"product_cat","embeddable":true,"href":"https:\/\/kidsplay.lt\/lv\/wp-json\/wp\/v2\/product_cat?post=90433"},{"taxonomy":"product_tag","embeddable":true,"href":"https:\/\/kidsplay.lt\/lv\/wp-json\/wp\/v2\/product_tag?post=90433"}],"curies":[{"name":"wp","href":"https:\/\/api.w.org\/{rel}","templated":true}]}}