{"id":90461,"date":"2026-02-26T09:45:52","date_gmt":"2026-02-26T07:45:52","guid":{"rendered":"https:\/\/kidsplay.lt\/produktas\/smelio-ir-vandens-surinkejas-melynas\/"},"modified":"2026-04-07T10:58:03","modified_gmt":"2026-04-07T07:58:03","slug":"smelio-ir-vandens-surinkejas-melynas","status":"publish","type":"product","link":"https:\/\/kidsplay.lt\/lv\/products\/smelio-ir-vandens-surinkejas-melynas\/","title":{"rendered":"Sm\u0117lio ir vandens surink\u0117jas &#8211; m\u0117lynas"},"content":{"rendered":"<p>Sm\u0117lio rinkimo kastuvas puikiai papildys sm\u0117lio d\u0117\u017e\u0119 ir net sod\u0105. Gra\u017eus pastelinis dizainas. Sm\u0117l\u012f ir vanden\u012f galima transportuoti kastuvu. Tai puikus \u017eaislas kelion\u0117ms, nes galima naudoti kaip kastuv\u0105 ir kibir\u0105. Puiki pramoga sm\u0117lio d\u0117\u017e\u0117je,\u00a0papl\u016bdimyje! Aplinkai nekenksmingas!<\/p>\n<p>\u2013 no 3 gadu vecuma,<br \/>\n&#8211; Ilgis : 26cm<br \/>\n\u2013 dro\u0161s b\u0113rniem \u2013 dezinfic\u0113jams 120 gr\u0101du temperat\u016br\u0101,<br \/>\n\u2013 modern\u0101k\u0101 tendence ir paste\u013cto\u0146u dizains,<br \/>\n\u2013 var sp\u0113l\u0113ties smil\u0161u kast\u0113, pludmal\u0113 un pat d\u0101rz\u0101!<\/p>","protected":false},"excerpt":{"rendered":"<p>Sm\u0117lio rinkimo kastuvas puikiai papildys sm\u0117lio d\u0117\u017e\u0119 ir net sod\u0105. Gra\u017eus pastelinis dizainas. Sm\u0117l\u012f ir vanden\u012f galima transportuoti kastuvu. Tai<\/p>","protected":false},"featured_media":52208,"template":"","meta":{"_acf_changed":false,"_glsr_average":0,"_glsr_ranking":0,"_glsr_reviews":0},"product_brand":[],"product_cat":[233,327],"product_tag":[],"class_list":{"0":"post-90461","1":"product","2":"type-product","3":"status-publish","4":"has-post-thumbnail","6":"product_cat-lauko-pramogos","7":"product_cat-smelio-dezes-ir-priedai","8":"\"style=\"background-color: #2ecc711c;\"","10":"first","11":"instock","12":"purchasable","13":"product-type-simple"},"acf":[],"yoast_head":"<!-- This site is optimized with the Yoast SEO plugin v27.3 - https:\/\/yoast.com\/product\/yoast-seo-wordpress\/ -->\n<title>Sm\u0117lio ir vandens surink\u0117jas &#8211; m\u0117lynas<\/title>\n<meta name=\"description\" content=\"Sm\u0117lio kastuvas puikiai papildys sm\u0117lio d\u0117\u017e\u0119 ir net sod\u0105. Gra\u017eus pastelinis dizainas,\u00a0sm\u0117l\u012f galima transportuoti kastuvu. Tai puikus \u017eaislas kelion\u0117ms.\" \/>\n<meta name=\"robots\" content=\"index, follow, max-snippet:-1, max-image-preview:large, max-video-preview:-1\" \/>\n<link rel=\"canonical\" href=\"https:\/\/kidsplay.lt\/lv\/products\/smelio-ir-vandens-surinkejas-melynas\/\" \/>\n<meta property=\"og:locale\" content=\"lv_LV\" \/>\n<meta property=\"og:type\" content=\"article\" \/>\n<meta property=\"og:title\" content=\"Sm\u0117lio ir vandens surink\u0117jas &#8211; m\u0117lynas\" \/>\n<meta property=\"og:description\" content=\"Sm\u0117lio kastuvas puikiai papildys sm\u0117lio d\u0117\u017e\u0119 ir net sod\u0105. Gra\u017eus pastelinis dizainas,\u00a0sm\u0117l\u012f galima transportuoti kastuvu. Tai puikus \u017eaislas kelion\u0117ms.\" \/>\n<meta property=\"og:url\" content=\"https:\/\/kidsplay.lt\/lv\/products\/smelio-ir-vandens-surinkejas-melynas\/\" \/>\n<meta property=\"og:site_name\" content=\"KidsPlay\" \/>\n<meta property=\"article:publisher\" content=\"https:\/\/www.facebook.com\/www.kidsplay.lt\" \/>\n<meta property=\"article:modified_time\" content=\"2026-04-07T07:58:03+00:00\" \/>\n<meta property=\"og:image\" content=\"https:\/\/kidsplay.lt\/wp-content\/uploads\/2024\/09\/Smelio-ir-vandens-surinkejas-\u2013-melynas.jpg\" \/>\n\t<meta property=\"og:image:width\" content=\"1000\" \/>\n\t<meta property=\"og:image:height\" content=\"1000\" \/>\n\t<meta property=\"og:image:type\" content=\"image\/jpeg\" \/>\n<meta name=\"twitter:card\" content=\"summary_large_image\" \/>\n<script type=\"application\/ld+json\" class=\"yoast-schema-graph\">{\"@context\":\"https:\\\/\\\/schema.org\",\"@graph\":[{\"@type\":\"WebPage\",\"@id\":\"https:\\\/\\\/kidsplay.lt\\\/produktas\\\/smelio-ir-vandens-surinkejas-melynas\\\/\",\"url\":\"https:\\\/\\\/kidsplay.lt\\\/produktas\\\/smelio-ir-vandens-surinkejas-melynas\\\/\",\"name\":\"Sm\u0117lio ir vandens surink\u0117jas &#8211; m\u0117lynas\",\"isPartOf\":{\"@id\":\"https:\\\/\\\/kidsplay.lt\\\/#website\"},\"primaryImageOfPage\":{\"@id\":\"https:\\\/\\\/kidsplay.lt\\\/produktas\\\/smelio-ir-vandens-surinkejas-melynas\\\/#primaryimage\"},\"image\":{\"@id\":\"https:\\\/\\\/kidsplay.lt\\\/produktas\\\/smelio-ir-vandens-surinkejas-melynas\\\/#primaryimage\"},\"thumbnailUrl\":\"https:\\\/\\\/kidsplay.lt\\\/wp-content\\\/uploads\\\/2024\\\/09\\\/Smelio-ir-vandens-surinkejas-\u2013-melynas.jpg\",\"datePublished\":\"2026-02-26T07:45:52+00:00\",\"dateModified\":\"2026-04-07T07:58:03+00:00\",\"description\":\"Sm\u0117lio kastuvas puikiai papildys sm\u0117lio d\u0117\u017e\u0119 ir net sod\u0105. Gra\u017eus pastelinis dizainas,\u00a0sm\u0117l\u012f galima transportuoti kastuvu. Tai puikus \u017eaislas kelion\u0117ms.\",\"breadcrumb\":{\"@id\":\"https:\\\/\\\/kidsplay.lt\\\/produktas\\\/smelio-ir-vandens-surinkejas-melynas\\\/#breadcrumb\"},\"inLanguage\":\"lv-LV\",\"potentialAction\":[{\"@type\":\"ReadAction\",\"target\":[\"https:\\\/\\\/kidsplay.lt\\\/produktas\\\/smelio-ir-vandens-surinkejas-melynas\\\/\"]}]},{\"@type\":\"ImageObject\",\"inLanguage\":\"lv-LV\",\"@id\":\"https:\\\/\\\/kidsplay.lt\\\/produktas\\\/smelio-ir-vandens-surinkejas-melynas\\\/#primaryimage\",\"url\":\"https:\\\/\\\/kidsplay.lt\\\/wp-content\\\/uploads\\\/2024\\\/09\\\/Smelio-ir-vandens-surinkejas-\u2013-melynas.jpg\",\"contentUrl\":\"https:\\\/\\\/kidsplay.lt\\\/wp-content\\\/uploads\\\/2024\\\/09\\\/Smelio-ir-vandens-surinkejas-\u2013-melynas.jpg\",\"width\":1000,\"height\":1000,\"caption\":\"Sm\u0117lio ir vandens surink\u0117jas &#8211; m\u0117lynas\"},{\"@type\":\"BreadcrumbList\",\"@id\":\"https:\\\/\\\/kidsplay.lt\\\/produktas\\\/smelio-ir-vandens-surinkejas-melynas\\\/#breadcrumb\",\"itemListElement\":[{\"@type\":\"ListItem\",\"position\":1,\"name\":\"Pagrindinis\",\"item\":\"https:\\\/\\\/kidsplay.lt\\\/\"},{\"@type\":\"ListItem\",\"position\":2,\"name\":\"Parduotuv\u0117\",\"item\":\"https:\\\/\\\/kidsplay.lt\\\/parduotuve\\\/\"},{\"@type\":\"ListItem\",\"position\":3,\"name\":\"Sm\u0117lio ir vandens surink\u0117jas &#8211; m\u0117lynas\"}]},{\"@type\":\"WebSite\",\"@id\":\"https:\\\/\\\/kidsplay.lt\\\/#website\",\"url\":\"https:\\\/\\\/kidsplay.lt\\\/\",\"name\":\"Kidsplay.lt\",\"description\":\"\u012evairios prek\u0117s vaikams\",\"publisher\":{\"@id\":\"https:\\\/\\\/kidsplay.lt\\\/#organization\"},\"alternateName\":\"Kidsplay\",\"potentialAction\":[{\"@type\":\"SearchAction\",\"target\":{\"@type\":\"EntryPoint\",\"urlTemplate\":\"https:\\\/\\\/kidsplay.lt\\\/?s={search_term_string}\"},\"query-input\":{\"@type\":\"PropertyValueSpecification\",\"valueRequired\":true,\"valueName\":\"search_term_string\"}}],\"inLanguage\":\"lv-LV\"},{\"@type\":\"Organization\",\"@id\":\"https:\\\/\\\/kidsplay.lt\\\/#organization\",\"name\":\"KidsPlay\",\"url\":\"https:\\\/\\\/kidsplay.lt\\\/\",\"logo\":{\"@type\":\"ImageObject\",\"inLanguage\":\"lv-LV\",\"@id\":\"https:\\\/\\\/kidsplay.lt\\\/#\\\/schema\\\/logo\\\/image\\\/\",\"url\":\"https:\\\/\\\/kidsplay.lt\\\/wp-content\\\/uploads\\\/2023\\\/07\\\/kidsplay-logo.png\",\"contentUrl\":\"https:\\\/\\\/kidsplay.lt\\\/wp-content\\\/uploads\\\/2023\\\/07\\\/kidsplay-logo.png\",\"width\":451,\"height\":98,\"caption\":\"KidsPlay\"},\"image\":{\"@id\":\"https:\\\/\\\/kidsplay.lt\\\/#\\\/schema\\\/logo\\\/image\\\/\"},\"sameAs\":[\"https:\\\/\\\/www.facebook.com\\\/www.kidsplay.lt\"]}]}<\/script>\n<!-- \/ Yoast SEO plugin. -->","yoast_head_json":{"title":"Sm\u0117lio ir vandens surink\u0117jas &#8211; m\u0117lynas","description":"Sm\u0117lio kastuvas puikiai papildys sm\u0117lio d\u0117\u017e\u0119 ir net sod\u0105. Gra\u017eus pastelinis dizainas,\u00a0sm\u0117l\u012f galima transportuoti kastuvu. Tai puikus \u017eaislas kelion\u0117ms.","robots":{"index":"index","follow":"follow","max-snippet":"max-snippet:-1","max-image-preview":"max-image-preview:large","max-video-preview":"max-video-preview:-1"},"canonical":"https:\/\/kidsplay.lt\/lv\/products\/smelio-ir-vandens-surinkejas-melynas\/","og_locale":"lv_LV","og_type":"article","og_title":"Sm\u0117lio ir vandens surink\u0117jas &#8211; m\u0117lynas","og_description":"Sm\u0117lio kastuvas puikiai papildys sm\u0117lio d\u0117\u017e\u0119 ir net sod\u0105. Gra\u017eus pastelinis dizainas,\u00a0sm\u0117l\u012f galima transportuoti kastuvu. Tai puikus \u017eaislas kelion\u0117ms.","og_url":"https:\/\/kidsplay.lt\/lv\/products\/smelio-ir-vandens-surinkejas-melynas\/","og_site_name":"KidsPlay","article_publisher":"https:\/\/www.facebook.com\/www.kidsplay.lt","article_modified_time":"2026-04-07T07:58:03+00:00","og_image":[{"width":1000,"height":1000,"url":"https:\/\/kidsplay.lt\/wp-content\/uploads\/2024\/09\/Smelio-ir-vandens-surinkejas-\u2013-melynas.jpg","type":"image\/jpeg"}],"twitter_card":"summary_large_image","schema":{"@context":"https:\/\/schema.org","@graph":[{"@type":"WebPage","@id":"https:\/\/kidsplay.lt\/produktas\/smelio-ir-vandens-surinkejas-melynas\/","url":"https:\/\/kidsplay.lt\/produktas\/smelio-ir-vandens-surinkejas-melynas\/","name":"Sm\u0117lio ir vandens surink\u0117jas &#8211; m\u0117lynas","isPartOf":{"@id":"https:\/\/kidsplay.lt\/#website"},"primaryImageOfPage":{"@id":"https:\/\/kidsplay.lt\/produktas\/smelio-ir-vandens-surinkejas-melynas\/#primaryimage"},"image":{"@id":"https:\/\/kidsplay.lt\/produktas\/smelio-ir-vandens-surinkejas-melynas\/#primaryimage"},"thumbnailUrl":"https:\/\/kidsplay.lt\/wp-content\/uploads\/2024\/09\/Smelio-ir-vandens-surinkejas-\u2013-melynas.jpg","datePublished":"2026-02-26T07:45:52+00:00","dateModified":"2026-04-07T07:58:03+00:00","description":"Sm\u0117lio kastuvas puikiai papildys sm\u0117lio d\u0117\u017e\u0119 ir net sod\u0105. Gra\u017eus pastelinis dizainas,\u00a0sm\u0117l\u012f galima transportuoti kastuvu. Tai puikus \u017eaislas kelion\u0117ms.","breadcrumb":{"@id":"https:\/\/kidsplay.lt\/produktas\/smelio-ir-vandens-surinkejas-melynas\/#breadcrumb"},"inLanguage":"lv-LV","potentialAction":[{"@type":"ReadAction","target":["https:\/\/kidsplay.lt\/produktas\/smelio-ir-vandens-surinkejas-melynas\/"]}]},{"@type":"ImageObject","inLanguage":"lv-LV","@id":"https:\/\/kidsplay.lt\/produktas\/smelio-ir-vandens-surinkejas-melynas\/#primaryimage","url":"https:\/\/kidsplay.lt\/wp-content\/uploads\/2024\/09\/Smelio-ir-vandens-surinkejas-\u2013-melynas.jpg","contentUrl":"https:\/\/kidsplay.lt\/wp-content\/uploads\/2024\/09\/Smelio-ir-vandens-surinkejas-\u2013-melynas.jpg","width":1000,"height":1000,"caption":"Sm\u0117lio ir vandens surink\u0117jas &#8211; m\u0117lynas"},{"@type":"BreadcrumbList","@id":"https:\/\/kidsplay.lt\/produktas\/smelio-ir-vandens-surinkejas-melynas\/#breadcrumb","itemListElement":[{"@type":"ListItem","position":1,"name":"Pagrindinis","item":"https:\/\/kidsplay.lt\/"},{"@type":"ListItem","position":2,"name":"Parduotuv\u0117","item":"https:\/\/kidsplay.lt\/parduotuve\/"},{"@type":"ListItem","position":3,"name":"Sm\u0117lio ir vandens surink\u0117jas &#8211; m\u0117lynas"}]},{"@type":"WebSite","@id":"https:\/\/kidsplay.lt\/#website","url":"https:\/\/kidsplay.lt\/","name":"B\u0113rnu sp\u0113les.lv","description":"\u012evairios prek\u0117s vaikams","publisher":{"@id":"https:\/\/kidsplay.lt\/#organization"},"alternateName":"Kidsplay","potentialAction":[{"@type":"SearchAction","target":{"@type":"EntryPoint","urlTemplate":"https:\/\/kidsplay.lt\/?s={search_term_string}"},"query-input":{"@type":"PropertyValueSpecification","valueRequired":true,"valueName":"search_term_string"}}],"inLanguage":"lv-LV"},{"@type":"Organization","@id":"https:\/\/kidsplay.lt\/#organization","name":"B\u0113rnu sp\u0113le","url":"https:\/\/kidsplay.lt\/","logo":{"@type":"ImageObject","inLanguage":"lv-LV","@id":"https:\/\/kidsplay.lt\/#\/schema\/logo\/image\/","url":"https:\/\/kidsplay.lt\/wp-content\/uploads\/2023\/07\/kidsplay-logo.png","contentUrl":"https:\/\/kidsplay.lt\/wp-content\/uploads\/2023\/07\/kidsplay-logo.png","width":451,"height":98,"caption":"KidsPlay"},"image":{"@id":"https:\/\/kidsplay.lt\/#\/schema\/logo\/image\/"},"sameAs":["https:\/\/www.facebook.com\/www.kidsplay.lt"]}]}},"_links":{"self":[{"href":"https:\/\/kidsplay.lt\/lv\/wp-json\/wp\/v2\/product\/90461","targetHints":{"allow":["GET"]}}],"collection":[{"href":"https:\/\/kidsplay.lt\/lv\/wp-json\/wp\/v2\/product"}],"about":[{"href":"https:\/\/kidsplay.lt\/lv\/wp-json\/wp\/v2\/types\/product"}],"version-history":[{"count":1,"href":"https:\/\/kidsplay.lt\/lv\/wp-json\/wp\/v2\/product\/90461\/revisions"}],"predecessor-version":[{"id":90462,"href":"https:\/\/kidsplay.lt\/lv\/wp-json\/wp\/v2\/product\/90461\/revisions\/90462"}],"wp:featuredmedia":[{"embeddable":true,"href":"https:\/\/kidsplay.lt\/lv\/wp-json\/wp\/v2\/media\/52208"}],"wp:attachment":[{"href":"https:\/\/kidsplay.lt\/lv\/wp-json\/wp\/v2\/media?parent=90461"}],"wp:term":[{"taxonomy":"product_brand","embeddable":true,"href":"https:\/\/kidsplay.lt\/lv\/wp-json\/wp\/v2\/product_brand?post=90461"},{"taxonomy":"product_cat","embeddable":true,"href":"https:\/\/kidsplay.lt\/lv\/wp-json\/wp\/v2\/product_cat?post=90461"},{"taxonomy":"product_tag","embeddable":true,"href":"https:\/\/kidsplay.lt\/lv\/wp-json\/wp\/v2\/product_tag?post=90461"}],"curies":[{"name":"wp","href":"https:\/\/api.w.org\/{rel}","templated":true}]}}