{"id":90475,"date":"2026-02-26T09:46:13","date_gmt":"2026-02-26T07:46:13","guid":{"rendered":"https:\/\/kidsplay.lt\/produktas\/sulankstomas-smelio-rinkinys-su-grebliais-kastuvu-oranzinis\/"},"modified":"2026-04-07T10:58:24","modified_gmt":"2026-04-07T07:58:24","slug":"sulankstomas-smelio-rinkinys-su-grebliais-kastuvu-oranzinis","status":"publish","type":"product","link":"https:\/\/kidsplay.lt\/lv\/products\/sulankstomas-smelio-rinkinys-su-grebliais-kastuvu-oranzinis\/","title":{"rendered":"Sulankstomas sm\u0117lio rinkinys su gr\u0117bliais, kastuvu &#8211; oran\u017einis"},"content":{"rendered":"<p>Silikona spainis ar gr\u0101bekli un l\u0101pstu. Lielisks spainis smil\u0161u kastei, pludmalei, pateicoties kuram b\u0113rnam b\u016bs pat\u012bkami pavad\u012bt laiku br\u012bv\u0101 dab\u0101. Spainis aiz\u0146em maz vietas, jo salok\u0101s, padarot to \u0113rti transport\u0113jamu. Komplekts ieder\u0113sies b\u0113rnu mugursom\u0101, rati\u0146os vai som\u0101.<\/p>\n<p>\u2013 no 3 gadu vecuma<br \/>\n\u2013 kausa augstums: saloc\u012bt\u0101 veid\u0101 4 cm \/ atloc\u012bt\u0101 veid\u0101 16 cm<br \/>\n\u2013 spainis salok\u0101s akordeona form\u0101, kas ir \u0113rti transport\u0113\u0161anai<br \/>\n\u2013 ide\u0101li piem\u0113rots br\u012bvdienu piedz\u012bvojumiem<br \/>\n\u2013 \u010demod\u0101ns neaiz\u0146em daudz vietas<\/p>","protected":false},"excerpt":{"rendered":"<p>Silikoninis kibiras su gr\u0117bliu ir kastuvu. Puikus kibiras sm\u0117lio d\u0117\u017eei, papl\u016bdimiui, kurio d\u0117ka vaikas maloniai praleis laik\u0105 lauke. Kibiras u\u017eima<\/p>","protected":false},"featured_media":52253,"template":"","meta":{"_acf_changed":false,"_glsr_average":0,"_glsr_ranking":0,"_glsr_reviews":0},"product_brand":[],"product_cat":[233,327],"product_tag":[],"class_list":{"0":"post-90475","1":"product","2":"type-product","3":"status-publish","4":"has-post-thumbnail","6":"product_cat-lauko-pramogos","7":"product_cat-smelio-dezes-ir-priedai","8":"\"style=\"background-color: #2ecc711c;\"","10":"first","11":"instock","12":"purchasable","13":"product-type-simple"},"acf":[],"yoast_head":"<!-- This site is optimized with the Yoast SEO plugin v27.3 - https:\/\/yoast.com\/product\/yoast-seo-wordpress\/ -->\n<title>Sulankstomas sm\u0117lio rinkinys su gr\u0117bliais, kastuvu &#8211; oran\u017einis<\/title>\n<meta name=\"description\" content=\"Silikoninis kibiras su gr\u0117bliu ir kastuvu. Puikus kibiras sm\u0117lio d\u0117\u017eei, papl\u016bdimiui, kurio d\u0117ka vaikas maloniai praleis laik\u0105 lauke.\" \/>\n<meta name=\"robots\" content=\"index, follow, max-snippet:-1, max-image-preview:large, max-video-preview:-1\" \/>\n<link rel=\"canonical\" href=\"https:\/\/kidsplay.lt\/lv\/products\/sulankstomas-smelio-rinkinys-su-grebliais-kastuvu-oranzinis\/\" \/>\n<meta property=\"og:locale\" content=\"lv_LV\" \/>\n<meta property=\"og:type\" content=\"article\" \/>\n<meta property=\"og:title\" content=\"Sulankstomas sm\u0117lio rinkinys su gr\u0117bliais, kastuvu &#8211; oran\u017einis\" \/>\n<meta property=\"og:description\" content=\"Silikoninis kibiras su gr\u0117bliu ir kastuvu. Puikus kibiras sm\u0117lio d\u0117\u017eei, papl\u016bdimiui, kurio d\u0117ka vaikas maloniai praleis laik\u0105 lauke.\" \/>\n<meta property=\"og:url\" content=\"https:\/\/kidsplay.lt\/lv\/products\/sulankstomas-smelio-rinkinys-su-grebliais-kastuvu-oranzinis\/\" \/>\n<meta property=\"og:site_name\" content=\"KidsPlay\" \/>\n<meta property=\"article:publisher\" content=\"https:\/\/www.facebook.com\/www.kidsplay.lt\" \/>\n<meta property=\"article:modified_time\" content=\"2026-04-07T07:58:24+00:00\" \/>\n<meta property=\"og:image\" content=\"https:\/\/kidsplay.lt\/wp-content\/uploads\/2024\/09\/Sulankstomas-smelio-rinkinys-su-grebliais-kastuvu-\u2013-oranzinis.jpg\" \/>\n\t<meta property=\"og:image:width\" content=\"1000\" \/>\n\t<meta property=\"og:image:height\" content=\"1000\" \/>\n\t<meta property=\"og:image:type\" content=\"image\/jpeg\" \/>\n<meta name=\"twitter:card\" content=\"summary_large_image\" \/>\n<script type=\"application\/ld+json\" class=\"yoast-schema-graph\">{\"@context\":\"https:\\\/\\\/schema.org\",\"@graph\":[{\"@type\":\"WebPage\",\"@id\":\"https:\\\/\\\/kidsplay.lt\\\/produktas\\\/sulankstomas-smelio-rinkinys-su-grebliais-kastuvu-oranzinis\\\/\",\"url\":\"https:\\\/\\\/kidsplay.lt\\\/produktas\\\/sulankstomas-smelio-rinkinys-su-grebliais-kastuvu-oranzinis\\\/\",\"name\":\"Sulankstomas sm\u0117lio rinkinys su gr\u0117bliais, kastuvu &#8211; oran\u017einis\",\"isPartOf\":{\"@id\":\"https:\\\/\\\/kidsplay.lt\\\/#website\"},\"primaryImageOfPage\":{\"@id\":\"https:\\\/\\\/kidsplay.lt\\\/produktas\\\/sulankstomas-smelio-rinkinys-su-grebliais-kastuvu-oranzinis\\\/#primaryimage\"},\"image\":{\"@id\":\"https:\\\/\\\/kidsplay.lt\\\/produktas\\\/sulankstomas-smelio-rinkinys-su-grebliais-kastuvu-oranzinis\\\/#primaryimage\"},\"thumbnailUrl\":\"https:\\\/\\\/kidsplay.lt\\\/wp-content\\\/uploads\\\/2024\\\/09\\\/Sulankstomas-smelio-rinkinys-su-grebliais-kastuvu-\u2013-oranzinis.jpg\",\"datePublished\":\"2026-02-26T07:46:13+00:00\",\"dateModified\":\"2026-04-07T07:58:24+00:00\",\"description\":\"Silikoninis kibiras su gr\u0117bliu ir kastuvu. Puikus kibiras sm\u0117lio d\u0117\u017eei, papl\u016bdimiui, kurio d\u0117ka vaikas maloniai praleis laik\u0105 lauke.\",\"breadcrumb\":{\"@id\":\"https:\\\/\\\/kidsplay.lt\\\/produktas\\\/sulankstomas-smelio-rinkinys-su-grebliais-kastuvu-oranzinis\\\/#breadcrumb\"},\"inLanguage\":\"lv-LV\",\"potentialAction\":[{\"@type\":\"ReadAction\",\"target\":[\"https:\\\/\\\/kidsplay.lt\\\/produktas\\\/sulankstomas-smelio-rinkinys-su-grebliais-kastuvu-oranzinis\\\/\"]}]},{\"@type\":\"ImageObject\",\"inLanguage\":\"lv-LV\",\"@id\":\"https:\\\/\\\/kidsplay.lt\\\/produktas\\\/sulankstomas-smelio-rinkinys-su-grebliais-kastuvu-oranzinis\\\/#primaryimage\",\"url\":\"https:\\\/\\\/kidsplay.lt\\\/wp-content\\\/uploads\\\/2024\\\/09\\\/Sulankstomas-smelio-rinkinys-su-grebliais-kastuvu-\u2013-oranzinis.jpg\",\"contentUrl\":\"https:\\\/\\\/kidsplay.lt\\\/wp-content\\\/uploads\\\/2024\\\/09\\\/Sulankstomas-smelio-rinkinys-su-grebliais-kastuvu-\u2013-oranzinis.jpg\",\"width\":1000,\"height\":1000,\"caption\":\"Sulankstomas sm\u0117lio rinkinys su gr\u0117bliais\"},{\"@type\":\"BreadcrumbList\",\"@id\":\"https:\\\/\\\/kidsplay.lt\\\/produktas\\\/sulankstomas-smelio-rinkinys-su-grebliais-kastuvu-oranzinis\\\/#breadcrumb\",\"itemListElement\":[{\"@type\":\"ListItem\",\"position\":1,\"name\":\"Pagrindinis\",\"item\":\"https:\\\/\\\/kidsplay.lt\\\/\"},{\"@type\":\"ListItem\",\"position\":2,\"name\":\"Parduotuv\u0117\",\"item\":\"https:\\\/\\\/kidsplay.lt\\\/parduotuve\\\/\"},{\"@type\":\"ListItem\",\"position\":3,\"name\":\"Sulankstomas sm\u0117lio rinkinys su gr\u0117bliais, kastuvu &#8211; oran\u017einis\"}]},{\"@type\":\"WebSite\",\"@id\":\"https:\\\/\\\/kidsplay.lt\\\/#website\",\"url\":\"https:\\\/\\\/kidsplay.lt\\\/\",\"name\":\"Kidsplay.lt\",\"description\":\"\u012evairios prek\u0117s vaikams\",\"publisher\":{\"@id\":\"https:\\\/\\\/kidsplay.lt\\\/#organization\"},\"alternateName\":\"Kidsplay\",\"potentialAction\":[{\"@type\":\"SearchAction\",\"target\":{\"@type\":\"EntryPoint\",\"urlTemplate\":\"https:\\\/\\\/kidsplay.lt\\\/?s={search_term_string}\"},\"query-input\":{\"@type\":\"PropertyValueSpecification\",\"valueRequired\":true,\"valueName\":\"search_term_string\"}}],\"inLanguage\":\"lv-LV\"},{\"@type\":\"Organization\",\"@id\":\"https:\\\/\\\/kidsplay.lt\\\/#organization\",\"name\":\"KidsPlay\",\"url\":\"https:\\\/\\\/kidsplay.lt\\\/\",\"logo\":{\"@type\":\"ImageObject\",\"inLanguage\":\"lv-LV\",\"@id\":\"https:\\\/\\\/kidsplay.lt\\\/#\\\/schema\\\/logo\\\/image\\\/\",\"url\":\"https:\\\/\\\/kidsplay.lt\\\/wp-content\\\/uploads\\\/2023\\\/07\\\/kidsplay-logo.png\",\"contentUrl\":\"https:\\\/\\\/kidsplay.lt\\\/wp-content\\\/uploads\\\/2023\\\/07\\\/kidsplay-logo.png\",\"width\":451,\"height\":98,\"caption\":\"KidsPlay\"},\"image\":{\"@id\":\"https:\\\/\\\/kidsplay.lt\\\/#\\\/schema\\\/logo\\\/image\\\/\"},\"sameAs\":[\"https:\\\/\\\/www.facebook.com\\\/www.kidsplay.lt\"]}]}<\/script>\n<!-- \/ Yoast SEO plugin. -->","yoast_head_json":{"title":"Sulankstomas sm\u0117lio rinkinys su gr\u0117bliais, kastuvu &#8211; oran\u017einis","description":"Silikoninis kibiras su gr\u0117bliu ir kastuvu. Puikus kibiras sm\u0117lio d\u0117\u017eei, papl\u016bdimiui, kurio d\u0117ka vaikas maloniai praleis laik\u0105 lauke.","robots":{"index":"index","follow":"follow","max-snippet":"max-snippet:-1","max-image-preview":"max-image-preview:large","max-video-preview":"max-video-preview:-1"},"canonical":"https:\/\/kidsplay.lt\/lv\/products\/sulankstomas-smelio-rinkinys-su-grebliais-kastuvu-oranzinis\/","og_locale":"lv_LV","og_type":"article","og_title":"Sulankstomas sm\u0117lio rinkinys su gr\u0117bliais, kastuvu &#8211; oran\u017einis","og_description":"Silikoninis kibiras su gr\u0117bliu ir kastuvu. Puikus kibiras sm\u0117lio d\u0117\u017eei, papl\u016bdimiui, kurio d\u0117ka vaikas maloniai praleis laik\u0105 lauke.","og_url":"https:\/\/kidsplay.lt\/lv\/products\/sulankstomas-smelio-rinkinys-su-grebliais-kastuvu-oranzinis\/","og_site_name":"KidsPlay","article_publisher":"https:\/\/www.facebook.com\/www.kidsplay.lt","article_modified_time":"2026-04-07T07:58:24+00:00","og_image":[{"width":1000,"height":1000,"url":"https:\/\/kidsplay.lt\/wp-content\/uploads\/2024\/09\/Sulankstomas-smelio-rinkinys-su-grebliais-kastuvu-\u2013-oranzinis.jpg","type":"image\/jpeg"}],"twitter_card":"summary_large_image","schema":{"@context":"https:\/\/schema.org","@graph":[{"@type":"WebPage","@id":"https:\/\/kidsplay.lt\/produktas\/sulankstomas-smelio-rinkinys-su-grebliais-kastuvu-oranzinis\/","url":"https:\/\/kidsplay.lt\/produktas\/sulankstomas-smelio-rinkinys-su-grebliais-kastuvu-oranzinis\/","name":"Sulankstomas sm\u0117lio rinkinys su gr\u0117bliais, kastuvu &#8211; oran\u017einis","isPartOf":{"@id":"https:\/\/kidsplay.lt\/#website"},"primaryImageOfPage":{"@id":"https:\/\/kidsplay.lt\/produktas\/sulankstomas-smelio-rinkinys-su-grebliais-kastuvu-oranzinis\/#primaryimage"},"image":{"@id":"https:\/\/kidsplay.lt\/produktas\/sulankstomas-smelio-rinkinys-su-grebliais-kastuvu-oranzinis\/#primaryimage"},"thumbnailUrl":"https:\/\/kidsplay.lt\/wp-content\/uploads\/2024\/09\/Sulankstomas-smelio-rinkinys-su-grebliais-kastuvu-\u2013-oranzinis.jpg","datePublished":"2026-02-26T07:46:13+00:00","dateModified":"2026-04-07T07:58:24+00:00","description":"Silikoninis kibiras su gr\u0117bliu ir kastuvu. Puikus kibiras sm\u0117lio d\u0117\u017eei, papl\u016bdimiui, kurio d\u0117ka vaikas maloniai praleis laik\u0105 lauke.","breadcrumb":{"@id":"https:\/\/kidsplay.lt\/produktas\/sulankstomas-smelio-rinkinys-su-grebliais-kastuvu-oranzinis\/#breadcrumb"},"inLanguage":"lv-LV","potentialAction":[{"@type":"ReadAction","target":["https:\/\/kidsplay.lt\/produktas\/sulankstomas-smelio-rinkinys-su-grebliais-kastuvu-oranzinis\/"]}]},{"@type":"ImageObject","inLanguage":"lv-LV","@id":"https:\/\/kidsplay.lt\/produktas\/sulankstomas-smelio-rinkinys-su-grebliais-kastuvu-oranzinis\/#primaryimage","url":"https:\/\/kidsplay.lt\/wp-content\/uploads\/2024\/09\/Sulankstomas-smelio-rinkinys-su-grebliais-kastuvu-\u2013-oranzinis.jpg","contentUrl":"https:\/\/kidsplay.lt\/wp-content\/uploads\/2024\/09\/Sulankstomas-smelio-rinkinys-su-grebliais-kastuvu-\u2013-oranzinis.jpg","width":1000,"height":1000,"caption":"Sulankstomas sm\u0117lio rinkinys su gr\u0117bliais"},{"@type":"BreadcrumbList","@id":"https:\/\/kidsplay.lt\/produktas\/sulankstomas-smelio-rinkinys-su-grebliais-kastuvu-oranzinis\/#breadcrumb","itemListElement":[{"@type":"ListItem","position":1,"name":"Pagrindinis","item":"https:\/\/kidsplay.lt\/"},{"@type":"ListItem","position":2,"name":"Parduotuv\u0117","item":"https:\/\/kidsplay.lt\/parduotuve\/"},{"@type":"ListItem","position":3,"name":"Sulankstomas sm\u0117lio rinkinys su gr\u0117bliais, kastuvu &#8211; oran\u017einis"}]},{"@type":"WebSite","@id":"https:\/\/kidsplay.lt\/#website","url":"https:\/\/kidsplay.lt\/","name":"B\u0113rnu sp\u0113les.lv","description":"\u012evairios prek\u0117s vaikams","publisher":{"@id":"https:\/\/kidsplay.lt\/#organization"},"alternateName":"Kidsplay","potentialAction":[{"@type":"SearchAction","target":{"@type":"EntryPoint","urlTemplate":"https:\/\/kidsplay.lt\/?s={search_term_string}"},"query-input":{"@type":"PropertyValueSpecification","valueRequired":true,"valueName":"search_term_string"}}],"inLanguage":"lv-LV"},{"@type":"Organization","@id":"https:\/\/kidsplay.lt\/#organization","name":"B\u0113rnu sp\u0113le","url":"https:\/\/kidsplay.lt\/","logo":{"@type":"ImageObject","inLanguage":"lv-LV","@id":"https:\/\/kidsplay.lt\/#\/schema\/logo\/image\/","url":"https:\/\/kidsplay.lt\/wp-content\/uploads\/2023\/07\/kidsplay-logo.png","contentUrl":"https:\/\/kidsplay.lt\/wp-content\/uploads\/2023\/07\/kidsplay-logo.png","width":451,"height":98,"caption":"KidsPlay"},"image":{"@id":"https:\/\/kidsplay.lt\/#\/schema\/logo\/image\/"},"sameAs":["https:\/\/www.facebook.com\/www.kidsplay.lt"]}]}},"_links":{"self":[{"href":"https:\/\/kidsplay.lt\/lv\/wp-json\/wp\/v2\/product\/90475","targetHints":{"allow":["GET"]}}],"collection":[{"href":"https:\/\/kidsplay.lt\/lv\/wp-json\/wp\/v2\/product"}],"about":[{"href":"https:\/\/kidsplay.lt\/lv\/wp-json\/wp\/v2\/types\/product"}],"version-history":[{"count":1,"href":"https:\/\/kidsplay.lt\/lv\/wp-json\/wp\/v2\/product\/90475\/revisions"}],"predecessor-version":[{"id":90476,"href":"https:\/\/kidsplay.lt\/lv\/wp-json\/wp\/v2\/product\/90475\/revisions\/90476"}],"wp:featuredmedia":[{"embeddable":true,"href":"https:\/\/kidsplay.lt\/lv\/wp-json\/wp\/v2\/media\/52253"}],"wp:attachment":[{"href":"https:\/\/kidsplay.lt\/lv\/wp-json\/wp\/v2\/media?parent=90475"}],"wp:term":[{"taxonomy":"product_brand","embeddable":true,"href":"https:\/\/kidsplay.lt\/lv\/wp-json\/wp\/v2\/product_brand?post=90475"},{"taxonomy":"product_cat","embeddable":true,"href":"https:\/\/kidsplay.lt\/lv\/wp-json\/wp\/v2\/product_cat?post=90475"},{"taxonomy":"product_tag","embeddable":true,"href":"https:\/\/kidsplay.lt\/lv\/wp-json\/wp\/v2\/product_tag?post=90475"}],"curies":[{"name":"wp","href":"https:\/\/api.w.org\/{rel}","templated":true}]}}