{"id":90487,"date":"2026-02-26T09:46:28","date_gmt":"2026-02-26T07:46:28","guid":{"rendered":"https:\/\/kidsplay.lt\/produktas\/smelio-rinkinys-su-priedais-21vnt\/"},"modified":"2026-04-13T15:23:56","modified_gmt":"2026-04-13T12:23:56","slug":"smelio-rinkinys-su-priedais-21vnt","status":"publish","type":"product","link":"https:\/\/kidsplay.lt\/lv\/products\/smelio-rinkinys-su-priedais-21vnt\/","title":{"rendered":"Smil\u0161u komplekts ar piederumiem 21 gab."},"content":{"rendered":"<p>Sm\u0117lio rinkinys puikiai papildys sm\u0117lio d\u0117\u017e\u0119 ir net sod\u0105. Rinkin\u012f sudaro i\u0161 21 element\u0173. Rinkinys turi gra\u017e\u0173 pastelin\u012f dizain\u0105. Puiki pramoga sm\u0117lio d\u0117\u017e\u0117je, papl\u016bdimyje ir net sode! Prek\u0117s skirtos vyresniems nei 3 met\u0173 vaikams.<\/p>\n<p>\u2013 no 3 gadu vecuma<br \/>\n&#8211; pastelinis dizainas<br \/>\n&#8211; \u017eaisti galima sm\u0117lio d\u0117\u017e\u0117je , papl\u016bdimyje ir net sode !<\/p>","protected":false},"excerpt":{"rendered":"<p>Sm\u0117lio rinkinys puikiai papildys sm\u0117lio d\u0117\u017e\u0119 ir net sod\u0105. Rinkin\u012f sudaro i\u0161 21 element\u0173. Rinkinys turi gra\u017e\u0173 pastelin\u012f dizain\u0105. Puiki<\/p>","protected":false},"featured_media":52298,"template":"","meta":{"_acf_changed":false,"_glsr_average":0,"_glsr_ranking":0,"_glsr_reviews":0},"product_brand":[],"product_cat":[233,327],"product_tag":[],"class_list":{"0":"post-90487","1":"product","2":"type-product","3":"status-publish","4":"has-post-thumbnail","6":"product_cat-lauko-pramogos","7":"product_cat-smelio-dezes-ir-priedai","8":"\"style=\"background-color: #2ecc711c;\"","10":"first","11":"instock","12":"purchasable","13":"product-type-simple"},"acf":[],"yoast_head":"<!-- This site is optimized with the Yoast SEO plugin v27.4 - https:\/\/yoast.com\/product\/yoast-seo-wordpress\/ -->\n<title>Sm\u0117lio rinkinys su priedais 21vnt<\/title>\n<meta name=\"description\" content=\"Sm\u0117lio rinkinys puikiai papildys sm\u0117lio d\u0117\u017e\u0119 ir net sod\u0105. Rinkin\u012f sudaro i\u0161 21 element\u0173. Rinkinys turi gra\u017e\u0173 pastelin\u012f dizain\u0105.\" \/>\n<meta name=\"robots\" content=\"index, follow, max-snippet:-1, max-image-preview:large, max-video-preview:-1\" \/>\n<link rel=\"canonical\" href=\"https:\/\/kidsplay.lt\/lv\/products\/smelio-rinkinys-su-priedais-21vnt\/\" \/>\n<meta property=\"og:locale\" content=\"lv_LV\" \/>\n<meta property=\"og:type\" content=\"article\" \/>\n<meta property=\"og:title\" content=\"Sm\u0117lio rinkinys su priedais 21vnt\" \/>\n<meta property=\"og:description\" content=\"Sm\u0117lio rinkinys puikiai papildys sm\u0117lio d\u0117\u017e\u0119 ir net sod\u0105. Rinkin\u012f sudaro i\u0161 21 element\u0173. Rinkinys turi gra\u017e\u0173 pastelin\u012f dizain\u0105.\" \/>\n<meta property=\"og:url\" content=\"https:\/\/kidsplay.lt\/lv\/products\/smelio-rinkinys-su-priedais-21vnt\/\" \/>\n<meta property=\"og:site_name\" content=\"KidsPlay\" \/>\n<meta property=\"article:publisher\" content=\"https:\/\/www.facebook.com\/www.kidsplay.lt\" \/>\n<meta property=\"article:modified_time\" content=\"2026-04-13T12:23:56+00:00\" \/>\n<meta property=\"og:image\" content=\"https:\/\/kidsplay.lt\/wp-content\/uploads\/2024\/09\/Smelio-rinkinys-su-priedais-21vnt.jpg\" \/>\n\t<meta property=\"og:image:width\" content=\"973\" \/>\n\t<meta property=\"og:image:height\" content=\"973\" \/>\n\t<meta property=\"og:image:type\" content=\"image\/jpeg\" \/>\n<meta name=\"twitter:card\" content=\"summary_large_image\" \/>\n<script type=\"application\/ld+json\" class=\"yoast-schema-graph\">{\"@context\":\"https:\\\/\\\/schema.org\",\"@graph\":[{\"@type\":\"WebPage\",\"@id\":\"https:\\\/\\\/kidsplay.lt\\\/produktas\\\/smelio-rinkinys-su-priedais-21vnt\\\/\",\"url\":\"https:\\\/\\\/kidsplay.lt\\\/produktas\\\/smelio-rinkinys-su-priedais-21vnt\\\/\",\"name\":\"Sm\u0117lio rinkinys su priedais 21vnt\",\"isPartOf\":{\"@id\":\"https:\\\/\\\/kidsplay.lt\\\/#website\"},\"primaryImageOfPage\":{\"@id\":\"https:\\\/\\\/kidsplay.lt\\\/produktas\\\/smelio-rinkinys-su-priedais-21vnt\\\/#primaryimage\"},\"image\":{\"@id\":\"https:\\\/\\\/kidsplay.lt\\\/produktas\\\/smelio-rinkinys-su-priedais-21vnt\\\/#primaryimage\"},\"thumbnailUrl\":\"https:\\\/\\\/kidsplay.lt\\\/wp-content\\\/uploads\\\/2024\\\/09\\\/Smelio-rinkinys-su-priedais-21vnt.jpg\",\"datePublished\":\"2026-02-26T07:46:28+00:00\",\"dateModified\":\"2026-04-13T12:23:56+00:00\",\"description\":\"Sm\u0117lio rinkinys puikiai papildys sm\u0117lio d\u0117\u017e\u0119 ir net sod\u0105. Rinkin\u012f sudaro i\u0161 21 element\u0173. Rinkinys turi gra\u017e\u0173 pastelin\u012f dizain\u0105.\",\"breadcrumb\":{\"@id\":\"https:\\\/\\\/kidsplay.lt\\\/produktas\\\/smelio-rinkinys-su-priedais-21vnt\\\/#breadcrumb\"},\"inLanguage\":\"lv-LV\",\"potentialAction\":[{\"@type\":\"ReadAction\",\"target\":[\"https:\\\/\\\/kidsplay.lt\\\/produktas\\\/smelio-rinkinys-su-priedais-21vnt\\\/\"]}]},{\"@type\":\"ImageObject\",\"inLanguage\":\"lv-LV\",\"@id\":\"https:\\\/\\\/kidsplay.lt\\\/produktas\\\/smelio-rinkinys-su-priedais-21vnt\\\/#primaryimage\",\"url\":\"https:\\\/\\\/kidsplay.lt\\\/wp-content\\\/uploads\\\/2024\\\/09\\\/Smelio-rinkinys-su-priedais-21vnt.jpg\",\"contentUrl\":\"https:\\\/\\\/kidsplay.lt\\\/wp-content\\\/uploads\\\/2024\\\/09\\\/Smelio-rinkinys-su-priedais-21vnt.jpg\",\"width\":973,\"height\":973,\"caption\":\"Sm\u0117lio rinkinys su priedais 21vnt\"},{\"@type\":\"BreadcrumbList\",\"@id\":\"https:\\\/\\\/kidsplay.lt\\\/produktas\\\/smelio-rinkinys-su-priedais-21vnt\\\/#breadcrumb\",\"itemListElement\":[{\"@type\":\"ListItem\",\"position\":1,\"name\":\"Pagrindinis\",\"item\":\"https:\\\/\\\/kidsplay.lt\\\/\"},{\"@type\":\"ListItem\",\"position\":2,\"name\":\"Parduotuv\u0117\",\"item\":\"https:\\\/\\\/kidsplay.lt\\\/parduotuve\\\/\"},{\"@type\":\"ListItem\",\"position\":3,\"name\":\"Sm\u0117lio rinkinys su priedais 21vnt\"}]},{\"@type\":\"WebSite\",\"@id\":\"https:\\\/\\\/kidsplay.lt\\\/#website\",\"url\":\"https:\\\/\\\/kidsplay.lt\\\/\",\"name\":\"Kidsplay.lt\",\"description\":\"\u012evairios prek\u0117s vaikams\",\"publisher\":{\"@id\":\"https:\\\/\\\/kidsplay.lt\\\/#organization\"},\"alternateName\":\"Kidsplay\",\"potentialAction\":[{\"@type\":\"SearchAction\",\"target\":{\"@type\":\"EntryPoint\",\"urlTemplate\":\"https:\\\/\\\/kidsplay.lt\\\/?s={search_term_string}\"},\"query-input\":{\"@type\":\"PropertyValueSpecification\",\"valueRequired\":true,\"valueName\":\"search_term_string\"}}],\"inLanguage\":\"lv-LV\"},{\"@type\":\"Organization\",\"@id\":\"https:\\\/\\\/kidsplay.lt\\\/#organization\",\"name\":\"KidsPlay\",\"url\":\"https:\\\/\\\/kidsplay.lt\\\/\",\"logo\":{\"@type\":\"ImageObject\",\"inLanguage\":\"lv-LV\",\"@id\":\"https:\\\/\\\/kidsplay.lt\\\/#\\\/schema\\\/logo\\\/image\\\/\",\"url\":\"https:\\\/\\\/kidsplay.lt\\\/wp-content\\\/uploads\\\/2023\\\/07\\\/kidsplay-logo.png\",\"contentUrl\":\"https:\\\/\\\/kidsplay.lt\\\/wp-content\\\/uploads\\\/2023\\\/07\\\/kidsplay-logo.png\",\"width\":451,\"height\":98,\"caption\":\"KidsPlay\"},\"image\":{\"@id\":\"https:\\\/\\\/kidsplay.lt\\\/#\\\/schema\\\/logo\\\/image\\\/\"},\"sameAs\":[\"https:\\\/\\\/www.facebook.com\\\/www.kidsplay.lt\"]}]}<\/script>\n<!-- \/ Yoast SEO plugin. -->","yoast_head_json":{"title":"Smil\u0161u komplekts ar piederumiem 21 gab.","description":"Sm\u0117lio rinkinys puikiai papildys sm\u0117lio d\u0117\u017e\u0119 ir net sod\u0105. Rinkin\u012f sudaro i\u0161 21 element\u0173. Rinkinys turi gra\u017e\u0173 pastelin\u012f dizain\u0105.","robots":{"index":"index","follow":"follow","max-snippet":"max-snippet:-1","max-image-preview":"max-image-preview:large","max-video-preview":"max-video-preview:-1"},"canonical":"https:\/\/kidsplay.lt\/lv\/products\/smelio-rinkinys-su-priedais-21vnt\/","og_locale":"lv_LV","og_type":"article","og_title":"Sm\u0117lio rinkinys su priedais 21vnt","og_description":"Sm\u0117lio rinkinys puikiai papildys sm\u0117lio d\u0117\u017e\u0119 ir net sod\u0105. Rinkin\u012f sudaro i\u0161 21 element\u0173. Rinkinys turi gra\u017e\u0173 pastelin\u012f dizain\u0105.","og_url":"https:\/\/kidsplay.lt\/lv\/products\/smelio-rinkinys-su-priedais-21vnt\/","og_site_name":"KidsPlay","article_publisher":"https:\/\/www.facebook.com\/www.kidsplay.lt","article_modified_time":"2026-04-13T12:23:56+00:00","og_image":[{"width":973,"height":973,"url":"https:\/\/kidsplay.lt\/wp-content\/uploads\/2024\/09\/Smelio-rinkinys-su-priedais-21vnt.jpg","type":"image\/jpeg"}],"twitter_card":"summary_large_image","schema":{"@context":"https:\/\/schema.org","@graph":[{"@type":"WebPage","@id":"https:\/\/kidsplay.lt\/produktas\/smelio-rinkinys-su-priedais-21vnt\/","url":"https:\/\/kidsplay.lt\/produktas\/smelio-rinkinys-su-priedais-21vnt\/","name":"Smil\u0161u komplekts ar piederumiem 21 gab.","isPartOf":{"@id":"https:\/\/kidsplay.lt\/#website"},"primaryImageOfPage":{"@id":"https:\/\/kidsplay.lt\/produktas\/smelio-rinkinys-su-priedais-21vnt\/#primaryimage"},"image":{"@id":"https:\/\/kidsplay.lt\/produktas\/smelio-rinkinys-su-priedais-21vnt\/#primaryimage"},"thumbnailUrl":"https:\/\/kidsplay.lt\/wp-content\/uploads\/2024\/09\/Smelio-rinkinys-su-priedais-21vnt.jpg","datePublished":"2026-02-26T07:46:28+00:00","dateModified":"2026-04-13T12:23:56+00:00","description":"Sm\u0117lio rinkinys puikiai papildys sm\u0117lio d\u0117\u017e\u0119 ir net sod\u0105. Rinkin\u012f sudaro i\u0161 21 element\u0173. Rinkinys turi gra\u017e\u0173 pastelin\u012f dizain\u0105.","breadcrumb":{"@id":"https:\/\/kidsplay.lt\/produktas\/smelio-rinkinys-su-priedais-21vnt\/#breadcrumb"},"inLanguage":"lv-LV","potentialAction":[{"@type":"ReadAction","target":["https:\/\/kidsplay.lt\/produktas\/smelio-rinkinys-su-priedais-21vnt\/"]}]},{"@type":"ImageObject","inLanguage":"lv-LV","@id":"https:\/\/kidsplay.lt\/produktas\/smelio-rinkinys-su-priedais-21vnt\/#primaryimage","url":"https:\/\/kidsplay.lt\/wp-content\/uploads\/2024\/09\/Smelio-rinkinys-su-priedais-21vnt.jpg","contentUrl":"https:\/\/kidsplay.lt\/wp-content\/uploads\/2024\/09\/Smelio-rinkinys-su-priedais-21vnt.jpg","width":973,"height":973,"caption":"Sm\u0117lio rinkinys su priedais 21vnt"},{"@type":"BreadcrumbList","@id":"https:\/\/kidsplay.lt\/produktas\/smelio-rinkinys-su-priedais-21vnt\/#breadcrumb","itemListElement":[{"@type":"ListItem","position":1,"name":"Pagrindinis","item":"https:\/\/kidsplay.lt\/"},{"@type":"ListItem","position":2,"name":"Parduotuv\u0117","item":"https:\/\/kidsplay.lt\/parduotuve\/"},{"@type":"ListItem","position":3,"name":"Sm\u0117lio rinkinys su priedais 21vnt"}]},{"@type":"WebSite","@id":"https:\/\/kidsplay.lt\/#website","url":"https:\/\/kidsplay.lt\/","name":"B\u0113rnu sp\u0113les.lv","description":"\u012evairios prek\u0117s vaikams","publisher":{"@id":"https:\/\/kidsplay.lt\/#organization"},"alternateName":"Kidsplay","potentialAction":[{"@type":"SearchAction","target":{"@type":"EntryPoint","urlTemplate":"https:\/\/kidsplay.lt\/?s={search_term_string}"},"query-input":{"@type":"PropertyValueSpecification","valueRequired":true,"valueName":"search_term_string"}}],"inLanguage":"lv-LV"},{"@type":"Organization","@id":"https:\/\/kidsplay.lt\/#organization","name":"B\u0113rnu sp\u0113le","url":"https:\/\/kidsplay.lt\/","logo":{"@type":"ImageObject","inLanguage":"lv-LV","@id":"https:\/\/kidsplay.lt\/#\/schema\/logo\/image\/","url":"https:\/\/kidsplay.lt\/wp-content\/uploads\/2023\/07\/kidsplay-logo.png","contentUrl":"https:\/\/kidsplay.lt\/wp-content\/uploads\/2023\/07\/kidsplay-logo.png","width":451,"height":98,"caption":"KidsPlay"},"image":{"@id":"https:\/\/kidsplay.lt\/#\/schema\/logo\/image\/"},"sameAs":["https:\/\/www.facebook.com\/www.kidsplay.lt"]}]}},"_links":{"self":[{"href":"https:\/\/kidsplay.lt\/lv\/wp-json\/wp\/v2\/product\/90487","targetHints":{"allow":["GET"]}}],"collection":[{"href":"https:\/\/kidsplay.lt\/lv\/wp-json\/wp\/v2\/product"}],"about":[{"href":"https:\/\/kidsplay.lt\/lv\/wp-json\/wp\/v2\/types\/product"}],"version-history":[{"count":1,"href":"https:\/\/kidsplay.lt\/lv\/wp-json\/wp\/v2\/product\/90487\/revisions"}],"predecessor-version":[{"id":90488,"href":"https:\/\/kidsplay.lt\/lv\/wp-json\/wp\/v2\/product\/90487\/revisions\/90488"}],"wp:featuredmedia":[{"embeddable":true,"href":"https:\/\/kidsplay.lt\/lv\/wp-json\/wp\/v2\/media\/52298"}],"wp:attachment":[{"href":"https:\/\/kidsplay.lt\/lv\/wp-json\/wp\/v2\/media?parent=90487"}],"wp:term":[{"taxonomy":"product_brand","embeddable":true,"href":"https:\/\/kidsplay.lt\/lv\/wp-json\/wp\/v2\/product_brand?post=90487"},{"taxonomy":"product_cat","embeddable":true,"href":"https:\/\/kidsplay.lt\/lv\/wp-json\/wp\/v2\/product_cat?post=90487"},{"taxonomy":"product_tag","embeddable":true,"href":"https:\/\/kidsplay.lt\/lv\/wp-json\/wp\/v2\/product_tag?post=90487"}],"curies":[{"name":"wp","href":"https:\/\/api.w.org\/{rel}","templated":true}]}}