{"id":90497,"date":"2026-02-26T09:46:40","date_gmt":"2026-02-26T07:46:40","guid":{"rendered":"https:\/\/kidsplay.lt\/produktas\/smelio-rinkinys-kastuvas-ir-greblys-51cm\/"},"modified":"2026-04-07T10:58:56","modified_gmt":"2026-04-07T07:58:56","slug":"smelio-rinkinys-kastuvas-ir-greblys-51cm","status":"publish","type":"product","link":"https:\/\/kidsplay.lt\/lv\/products\/smelio-rinkinys-kastuvas-ir-greblys-51cm\/","title":{"rendered":"Sm\u0117lio rinkinys Kastuvas ir gr\u0117blys 51cm"},"content":{"rendered":"<p>Kastuvo ir gr\u0117blio sm\u0117lio rinkinys yra puikus rinkinys sm\u0117lio d\u0117\u017eei ar net sodinimui. \u012e komplektacij\u0105 \u012feina kastuvas ir 51 cm ilgio gr\u0117blys.<\/p>\n<p>\u2013 no 3 gadu vecuma<br \/>\n&#8211; ilgis 51 cm<br \/>\n&#8211; saugus vaikams &#8211; dezinfekuojamas 120 laipsni\u0173 temperat\u016broje<br \/>\n&#8211; madingiausia tendencija &#8211; pastelinis dizainas<br \/>\n&#8211; \u017eaisti galima sm\u0117lio d\u0117\u017e\u0117je, papl\u016bdimyje ir net sode!<\/p>","protected":false},"excerpt":{"rendered":"<p>Kastuvo ir gr\u0117blio sm\u0117lio rinkinys yra puikus rinkinys sm\u0117lio d\u0117\u017eei ar net sodinimui. \u012e komplektacij\u0105 \u012feina kastuvas ir 51 cm<\/p>","protected":false},"featured_media":52329,"template":"","meta":{"_acf_changed":false,"_glsr_average":0,"_glsr_ranking":0,"_glsr_reviews":0},"product_brand":[],"product_cat":[233,327],"product_tag":[],"class_list":{"0":"post-90497","1":"product","2":"type-product","3":"status-publish","4":"has-post-thumbnail","6":"product_cat-lauko-pramogos","7":"product_cat-smelio-dezes-ir-priedai","8":"\"style=\"background-color: #2ecc711c;\"","10":"first","11":"instock","12":"purchasable","13":"product-type-simple"},"acf":[],"yoast_head":"<!-- This site is optimized with the Yoast SEO plugin v27.3 - https:\/\/yoast.com\/product\/yoast-seo-wordpress\/ -->\n<title>Sm\u0117lio rinkinys Kastuvas ir gr\u0117blys 51cm<\/title>\n<meta name=\"description\" content=\"Kastuvo ir gr\u0117blio sm\u0117lio rinkinys yra puikus rinkinys sm\u0117lio d\u0117\u017eei ar net sodinimui. \u012e komplektacij\u0105 \u012feina kastuvas ir 51 cm ilgio gr\u0117blys.\u00a0\" \/>\n<meta name=\"robots\" content=\"index, follow, max-snippet:-1, max-image-preview:large, max-video-preview:-1\" \/>\n<link rel=\"canonical\" href=\"https:\/\/kidsplay.lt\/lv\/products\/smelio-rinkinys-kastuvas-ir-greblys-51cm\/\" \/>\n<meta property=\"og:locale\" content=\"lv_LV\" \/>\n<meta property=\"og:type\" content=\"article\" \/>\n<meta property=\"og:title\" content=\"Sm\u0117lio rinkinys Kastuvas ir gr\u0117blys 51cm\" \/>\n<meta property=\"og:description\" content=\"Kastuvo ir gr\u0117blio sm\u0117lio rinkinys yra puikus rinkinys sm\u0117lio d\u0117\u017eei ar net sodinimui. \u012e komplektacij\u0105 \u012feina kastuvas ir 51 cm ilgio gr\u0117blys.\u00a0\" \/>\n<meta property=\"og:url\" content=\"https:\/\/kidsplay.lt\/lv\/products\/smelio-rinkinys-kastuvas-ir-greblys-51cm\/\" \/>\n<meta property=\"og:site_name\" content=\"KidsPlay\" \/>\n<meta property=\"article:publisher\" content=\"https:\/\/www.facebook.com\/www.kidsplay.lt\" \/>\n<meta property=\"article:modified_time\" content=\"2026-04-07T07:58:56+00:00\" \/>\n<meta property=\"og:image\" content=\"https:\/\/kidsplay.lt\/wp-content\/uploads\/2024\/09\/Smelio-rinkinys-Kastuvas-ir-greblys-51cm.jpg\" \/>\n\t<meta property=\"og:image:width\" content=\"1000\" \/>\n\t<meta property=\"og:image:height\" content=\"1000\" \/>\n\t<meta property=\"og:image:type\" content=\"image\/jpeg\" \/>\n<meta name=\"twitter:card\" content=\"summary_large_image\" \/>\n<script type=\"application\/ld+json\" class=\"yoast-schema-graph\">{\"@context\":\"https:\\\/\\\/schema.org\",\"@graph\":[{\"@type\":\"WebPage\",\"@id\":\"https:\\\/\\\/kidsplay.lt\\\/produktas\\\/smelio-rinkinys-kastuvas-ir-greblys-51cm\\\/\",\"url\":\"https:\\\/\\\/kidsplay.lt\\\/produktas\\\/smelio-rinkinys-kastuvas-ir-greblys-51cm\\\/\",\"name\":\"Sm\u0117lio rinkinys Kastuvas ir gr\u0117blys 51cm\",\"isPartOf\":{\"@id\":\"https:\\\/\\\/kidsplay.lt\\\/#website\"},\"primaryImageOfPage\":{\"@id\":\"https:\\\/\\\/kidsplay.lt\\\/produktas\\\/smelio-rinkinys-kastuvas-ir-greblys-51cm\\\/#primaryimage\"},\"image\":{\"@id\":\"https:\\\/\\\/kidsplay.lt\\\/produktas\\\/smelio-rinkinys-kastuvas-ir-greblys-51cm\\\/#primaryimage\"},\"thumbnailUrl\":\"https:\\\/\\\/kidsplay.lt\\\/wp-content\\\/uploads\\\/2024\\\/09\\\/Smelio-rinkinys-Kastuvas-ir-greblys-51cm.jpg\",\"datePublished\":\"2026-02-26T07:46:40+00:00\",\"dateModified\":\"2026-04-07T07:58:56+00:00\",\"description\":\"Kastuvo ir gr\u0117blio sm\u0117lio rinkinys yra puikus rinkinys sm\u0117lio d\u0117\u017eei ar net sodinimui. \u012e komplektacij\u0105 \u012feina kastuvas ir 51 cm ilgio gr\u0117blys.\u00a0\",\"breadcrumb\":{\"@id\":\"https:\\\/\\\/kidsplay.lt\\\/produktas\\\/smelio-rinkinys-kastuvas-ir-greblys-51cm\\\/#breadcrumb\"},\"inLanguage\":\"lv-LV\",\"potentialAction\":[{\"@type\":\"ReadAction\",\"target\":[\"https:\\\/\\\/kidsplay.lt\\\/produktas\\\/smelio-rinkinys-kastuvas-ir-greblys-51cm\\\/\"]}]},{\"@type\":\"ImageObject\",\"inLanguage\":\"lv-LV\",\"@id\":\"https:\\\/\\\/kidsplay.lt\\\/produktas\\\/smelio-rinkinys-kastuvas-ir-greblys-51cm\\\/#primaryimage\",\"url\":\"https:\\\/\\\/kidsplay.lt\\\/wp-content\\\/uploads\\\/2024\\\/09\\\/Smelio-rinkinys-Kastuvas-ir-greblys-51cm.jpg\",\"contentUrl\":\"https:\\\/\\\/kidsplay.lt\\\/wp-content\\\/uploads\\\/2024\\\/09\\\/Smelio-rinkinys-Kastuvas-ir-greblys-51cm.jpg\",\"width\":1000,\"height\":1000,\"caption\":\"Sm\u0117lio rinkinys Kastuvas ir gr\u0117blys 51cm\"},{\"@type\":\"BreadcrumbList\",\"@id\":\"https:\\\/\\\/kidsplay.lt\\\/produktas\\\/smelio-rinkinys-kastuvas-ir-greblys-51cm\\\/#breadcrumb\",\"itemListElement\":[{\"@type\":\"ListItem\",\"position\":1,\"name\":\"Pagrindinis\",\"item\":\"https:\\\/\\\/kidsplay.lt\\\/\"},{\"@type\":\"ListItem\",\"position\":2,\"name\":\"Parduotuv\u0117\",\"item\":\"https:\\\/\\\/kidsplay.lt\\\/parduotuve\\\/\"},{\"@type\":\"ListItem\",\"position\":3,\"name\":\"Sm\u0117lio rinkinys Kastuvas ir gr\u0117blys 51cm\"}]},{\"@type\":\"WebSite\",\"@id\":\"https:\\\/\\\/kidsplay.lt\\\/#website\",\"url\":\"https:\\\/\\\/kidsplay.lt\\\/\",\"name\":\"Kidsplay.lt\",\"description\":\"\u012evairios prek\u0117s vaikams\",\"publisher\":{\"@id\":\"https:\\\/\\\/kidsplay.lt\\\/#organization\"},\"alternateName\":\"Kidsplay\",\"potentialAction\":[{\"@type\":\"SearchAction\",\"target\":{\"@type\":\"EntryPoint\",\"urlTemplate\":\"https:\\\/\\\/kidsplay.lt\\\/?s={search_term_string}\"},\"query-input\":{\"@type\":\"PropertyValueSpecification\",\"valueRequired\":true,\"valueName\":\"search_term_string\"}}],\"inLanguage\":\"lv-LV\"},{\"@type\":\"Organization\",\"@id\":\"https:\\\/\\\/kidsplay.lt\\\/#organization\",\"name\":\"KidsPlay\",\"url\":\"https:\\\/\\\/kidsplay.lt\\\/\",\"logo\":{\"@type\":\"ImageObject\",\"inLanguage\":\"lv-LV\",\"@id\":\"https:\\\/\\\/kidsplay.lt\\\/#\\\/schema\\\/logo\\\/image\\\/\",\"url\":\"https:\\\/\\\/kidsplay.lt\\\/wp-content\\\/uploads\\\/2023\\\/07\\\/kidsplay-logo.png\",\"contentUrl\":\"https:\\\/\\\/kidsplay.lt\\\/wp-content\\\/uploads\\\/2023\\\/07\\\/kidsplay-logo.png\",\"width\":451,\"height\":98,\"caption\":\"KidsPlay\"},\"image\":{\"@id\":\"https:\\\/\\\/kidsplay.lt\\\/#\\\/schema\\\/logo\\\/image\\\/\"},\"sameAs\":[\"https:\\\/\\\/www.facebook.com\\\/www.kidsplay.lt\"]}]}<\/script>\n<!-- \/ Yoast SEO plugin. -->","yoast_head_json":{"title":"Sm\u0117lio rinkinys Kastuvas ir gr\u0117blys 51cm","description":"Kastuvo ir gr\u0117blio sm\u0117lio rinkinys yra puikus rinkinys sm\u0117lio d\u0117\u017eei ar net sodinimui. \u012e komplektacij\u0105 \u012feina kastuvas ir 51 cm ilgio gr\u0117blys.\u00a0","robots":{"index":"index","follow":"follow","max-snippet":"max-snippet:-1","max-image-preview":"max-image-preview:large","max-video-preview":"max-video-preview:-1"},"canonical":"https:\/\/kidsplay.lt\/lv\/products\/smelio-rinkinys-kastuvas-ir-greblys-51cm\/","og_locale":"lv_LV","og_type":"article","og_title":"Sm\u0117lio rinkinys Kastuvas ir gr\u0117blys 51cm","og_description":"Kastuvo ir gr\u0117blio sm\u0117lio rinkinys yra puikus rinkinys sm\u0117lio d\u0117\u017eei ar net sodinimui. \u012e komplektacij\u0105 \u012feina kastuvas ir 51 cm ilgio gr\u0117blys.\u00a0","og_url":"https:\/\/kidsplay.lt\/lv\/products\/smelio-rinkinys-kastuvas-ir-greblys-51cm\/","og_site_name":"KidsPlay","article_publisher":"https:\/\/www.facebook.com\/www.kidsplay.lt","article_modified_time":"2026-04-07T07:58:56+00:00","og_image":[{"width":1000,"height":1000,"url":"https:\/\/kidsplay.lt\/wp-content\/uploads\/2024\/09\/Smelio-rinkinys-Kastuvas-ir-greblys-51cm.jpg","type":"image\/jpeg"}],"twitter_card":"summary_large_image","schema":{"@context":"https:\/\/schema.org","@graph":[{"@type":"WebPage","@id":"https:\/\/kidsplay.lt\/produktas\/smelio-rinkinys-kastuvas-ir-greblys-51cm\/","url":"https:\/\/kidsplay.lt\/produktas\/smelio-rinkinys-kastuvas-ir-greblys-51cm\/","name":"Sm\u0117lio rinkinys Kastuvas ir gr\u0117blys 51cm","isPartOf":{"@id":"https:\/\/kidsplay.lt\/#website"},"primaryImageOfPage":{"@id":"https:\/\/kidsplay.lt\/produktas\/smelio-rinkinys-kastuvas-ir-greblys-51cm\/#primaryimage"},"image":{"@id":"https:\/\/kidsplay.lt\/produktas\/smelio-rinkinys-kastuvas-ir-greblys-51cm\/#primaryimage"},"thumbnailUrl":"https:\/\/kidsplay.lt\/wp-content\/uploads\/2024\/09\/Smelio-rinkinys-Kastuvas-ir-greblys-51cm.jpg","datePublished":"2026-02-26T07:46:40+00:00","dateModified":"2026-04-07T07:58:56+00:00","description":"Kastuvo ir gr\u0117blio sm\u0117lio rinkinys yra puikus rinkinys sm\u0117lio d\u0117\u017eei ar net sodinimui. \u012e komplektacij\u0105 \u012feina kastuvas ir 51 cm ilgio gr\u0117blys.\u00a0","breadcrumb":{"@id":"https:\/\/kidsplay.lt\/produktas\/smelio-rinkinys-kastuvas-ir-greblys-51cm\/#breadcrumb"},"inLanguage":"lv-LV","potentialAction":[{"@type":"ReadAction","target":["https:\/\/kidsplay.lt\/produktas\/smelio-rinkinys-kastuvas-ir-greblys-51cm\/"]}]},{"@type":"ImageObject","inLanguage":"lv-LV","@id":"https:\/\/kidsplay.lt\/produktas\/smelio-rinkinys-kastuvas-ir-greblys-51cm\/#primaryimage","url":"https:\/\/kidsplay.lt\/wp-content\/uploads\/2024\/09\/Smelio-rinkinys-Kastuvas-ir-greblys-51cm.jpg","contentUrl":"https:\/\/kidsplay.lt\/wp-content\/uploads\/2024\/09\/Smelio-rinkinys-Kastuvas-ir-greblys-51cm.jpg","width":1000,"height":1000,"caption":"Sm\u0117lio rinkinys Kastuvas ir gr\u0117blys 51cm"},{"@type":"BreadcrumbList","@id":"https:\/\/kidsplay.lt\/produktas\/smelio-rinkinys-kastuvas-ir-greblys-51cm\/#breadcrumb","itemListElement":[{"@type":"ListItem","position":1,"name":"Pagrindinis","item":"https:\/\/kidsplay.lt\/"},{"@type":"ListItem","position":2,"name":"Parduotuv\u0117","item":"https:\/\/kidsplay.lt\/parduotuve\/"},{"@type":"ListItem","position":3,"name":"Sm\u0117lio rinkinys Kastuvas ir gr\u0117blys 51cm"}]},{"@type":"WebSite","@id":"https:\/\/kidsplay.lt\/#website","url":"https:\/\/kidsplay.lt\/","name":"B\u0113rnu sp\u0113les.lv","description":"\u012evairios prek\u0117s vaikams","publisher":{"@id":"https:\/\/kidsplay.lt\/#organization"},"alternateName":"Kidsplay","potentialAction":[{"@type":"SearchAction","target":{"@type":"EntryPoint","urlTemplate":"https:\/\/kidsplay.lt\/?s={search_term_string}"},"query-input":{"@type":"PropertyValueSpecification","valueRequired":true,"valueName":"search_term_string"}}],"inLanguage":"lv-LV"},{"@type":"Organization","@id":"https:\/\/kidsplay.lt\/#organization","name":"B\u0113rnu sp\u0113le","url":"https:\/\/kidsplay.lt\/","logo":{"@type":"ImageObject","inLanguage":"lv-LV","@id":"https:\/\/kidsplay.lt\/#\/schema\/logo\/image\/","url":"https:\/\/kidsplay.lt\/wp-content\/uploads\/2023\/07\/kidsplay-logo.png","contentUrl":"https:\/\/kidsplay.lt\/wp-content\/uploads\/2023\/07\/kidsplay-logo.png","width":451,"height":98,"caption":"KidsPlay"},"image":{"@id":"https:\/\/kidsplay.lt\/#\/schema\/logo\/image\/"},"sameAs":["https:\/\/www.facebook.com\/www.kidsplay.lt"]}]}},"_links":{"self":[{"href":"https:\/\/kidsplay.lt\/lv\/wp-json\/wp\/v2\/product\/90497","targetHints":{"allow":["GET"]}}],"collection":[{"href":"https:\/\/kidsplay.lt\/lv\/wp-json\/wp\/v2\/product"}],"about":[{"href":"https:\/\/kidsplay.lt\/lv\/wp-json\/wp\/v2\/types\/product"}],"version-history":[{"count":1,"href":"https:\/\/kidsplay.lt\/lv\/wp-json\/wp\/v2\/product\/90497\/revisions"}],"predecessor-version":[{"id":90498,"href":"https:\/\/kidsplay.lt\/lv\/wp-json\/wp\/v2\/product\/90497\/revisions\/90498"}],"wp:featuredmedia":[{"embeddable":true,"href":"https:\/\/kidsplay.lt\/lv\/wp-json\/wp\/v2\/media\/52329"}],"wp:attachment":[{"href":"https:\/\/kidsplay.lt\/lv\/wp-json\/wp\/v2\/media?parent=90497"}],"wp:term":[{"taxonomy":"product_brand","embeddable":true,"href":"https:\/\/kidsplay.lt\/lv\/wp-json\/wp\/v2\/product_brand?post=90497"},{"taxonomy":"product_cat","embeddable":true,"href":"https:\/\/kidsplay.lt\/lv\/wp-json\/wp\/v2\/product_cat?post=90497"},{"taxonomy":"product_tag","embeddable":true,"href":"https:\/\/kidsplay.lt\/lv\/wp-json\/wp\/v2\/product_tag?post=90497"}],"curies":[{"name":"wp","href":"https:\/\/api.w.org\/{rel}","templated":true}]}}