{"id":90501,"date":"2026-02-26T09:46:44","date_gmt":"2026-02-26T07:46:44","guid":{"rendered":"https:\/\/kidsplay.lt\/produktas\/frozen-ii-padeklas-su-stalo-reikmenimis\/"},"modified":"2026-04-13T15:24:19","modified_gmt":"2026-04-13T12:24:19","slug":"frozen-ii-padeklas-su-stalo-reikmenimis","status":"publish","type":"product","link":"https:\/\/kidsplay.lt\/lv\/products\/frozen-ii-padeklas-su-stalo-reikmenimis\/","title":{"rendered":"Frozen II papl\u0101te ar galda piederumiem"},"content":{"rendered":"<p>Pad\u0117klas su piet\u0173 rinkiniu pagal pasak\u0105 Frozen II, yra puiki dovana. Vaikai stebi suaugusiuosius ir m\u0117gsta juos m\u0117gd\u017eioti, taip jie \u017eino savo artim\u0105 aplink\u0105 imituojanti kasdienio gyvenimo dalykus, leid\u017eia vaikams ir i\u0161mokti tam tikras vertybes.<\/p>\n<p>Pad\u0117klas su indais vaikams Frozen II yra puikus m\u0117lynos, baltos ir violetin\u0117s spalvos rinkinys, kur\u012f sudaro:<\/p>\n<p>&#8211; pad\u0117klas,<br \/>\n&#8211; 2 l\u0117k\u0161t\u0117s,<br \/>\n&#8211; 2 purtymai,<br \/>\n&#8211; 2 peiliai,<br \/>\n&#8211; 2 arbatiniai \u0161auk\u0161teliai,<br \/>\n&#8211; 2 stiklin\u0117s,<br \/>\n&#8211; 2 pudeliai,<br \/>\n&#8211; cukrus dubuo,<br \/>\n&#8211; grietin\u0117l\u0117,<br \/>\n&#8211; arbatinukas.<\/p>","protected":false},"excerpt":{"rendered":"<p>Pad\u0117klas su piet\u0173 rinkiniu pagal pasak\u0105 Frozen II, yra puiki dovana. Vaikai stebi suaugusiuosius ir m\u0117gsta juos m\u0117gd\u017eioti, taip jie<\/p>","protected":false},"featured_media":52355,"template":"","meta":{"_acf_changed":false,"_glsr_average":0,"_glsr_ranking":0,"_glsr_reviews":0},"product_brand":[],"product_cat":[282,229],"product_tag":[],"class_list":{"0":"post-90501","1":"product","2":"type-product","3":"status-publish","4":"has-post-thumbnail","6":"product_cat-virtuves-reikmenys-vaidmenu-zaidimai","7":"product_cat-zaislai-vaikams","8":"\"style=\"background-color: #2ecc711c;\"","10":"first","11":"instock","12":"purchasable","13":"product-type-simple"},"acf":[],"yoast_head":"<!-- This site is optimized with the Yoast SEO plugin v27.4 - https:\/\/yoast.com\/product\/yoast-seo-wordpress\/ -->\n<title>Frozen II pad\u0117klas su stalo reikmenimis<\/title>\n<meta name=\"description\" content=\"Pad\u0117klas su piet\u0173 rinkiniu pagal pasak\u0105 Frozen II, yra puiki dovana. Vaikai stebi suaugusiuosius ir m\u0117gsta juos m\u0117gd\u017eioti.\" \/>\n<meta name=\"robots\" content=\"index, follow, max-snippet:-1, max-image-preview:large, max-video-preview:-1\" \/>\n<link rel=\"canonical\" href=\"https:\/\/kidsplay.lt\/lv\/products\/frozen-ii-padeklas-su-stalo-reikmenimis\/\" \/>\n<meta property=\"og:locale\" content=\"lv_LV\" \/>\n<meta property=\"og:type\" content=\"article\" \/>\n<meta property=\"og:title\" content=\"Frozen II pad\u0117klas su stalo reikmenimis\" \/>\n<meta property=\"og:description\" content=\"Pad\u0117klas su piet\u0173 rinkiniu pagal pasak\u0105 Frozen II, yra puiki dovana. Vaikai stebi suaugusiuosius ir m\u0117gsta juos m\u0117gd\u017eioti.\" \/>\n<meta property=\"og:url\" content=\"https:\/\/kidsplay.lt\/lv\/products\/frozen-ii-padeklas-su-stalo-reikmenimis\/\" \/>\n<meta property=\"og:site_name\" content=\"KidsPlay\" \/>\n<meta property=\"article:publisher\" content=\"https:\/\/www.facebook.com\/www.kidsplay.lt\" \/>\n<meta property=\"article:modified_time\" content=\"2026-04-13T12:24:19+00:00\" \/>\n<meta property=\"og:image\" content=\"https:\/\/kidsplay.lt\/wp-content\/uploads\/2024\/09\/Frozen-II-padeklas-su-stalo-reikmenimis.jpg\" \/>\n\t<meta property=\"og:image:width\" content=\"1000\" \/>\n\t<meta property=\"og:image:height\" content=\"1000\" \/>\n\t<meta property=\"og:image:type\" content=\"image\/jpeg\" \/>\n<meta name=\"twitter:card\" content=\"summary_large_image\" \/>\n<script type=\"application\/ld+json\" class=\"yoast-schema-graph\">{\"@context\":\"https:\\\/\\\/schema.org\",\"@graph\":[{\"@type\":\"WebPage\",\"@id\":\"https:\\\/\\\/kidsplay.lt\\\/produktas\\\/frozen-ii-padeklas-su-stalo-reikmenimis\\\/\",\"url\":\"https:\\\/\\\/kidsplay.lt\\\/produktas\\\/frozen-ii-padeklas-su-stalo-reikmenimis\\\/\",\"name\":\"Frozen II pad\u0117klas su stalo reikmenimis\",\"isPartOf\":{\"@id\":\"https:\\\/\\\/kidsplay.lt\\\/#website\"},\"primaryImageOfPage\":{\"@id\":\"https:\\\/\\\/kidsplay.lt\\\/produktas\\\/frozen-ii-padeklas-su-stalo-reikmenimis\\\/#primaryimage\"},\"image\":{\"@id\":\"https:\\\/\\\/kidsplay.lt\\\/produktas\\\/frozen-ii-padeklas-su-stalo-reikmenimis\\\/#primaryimage\"},\"thumbnailUrl\":\"https:\\\/\\\/kidsplay.lt\\\/wp-content\\\/uploads\\\/2024\\\/09\\\/Frozen-II-padeklas-su-stalo-reikmenimis.jpg\",\"datePublished\":\"2026-02-26T07:46:44+00:00\",\"dateModified\":\"2026-04-13T12:24:19+00:00\",\"description\":\"Pad\u0117klas su piet\u0173 rinkiniu pagal pasak\u0105 Frozen II, yra puiki dovana. Vaikai stebi suaugusiuosius ir m\u0117gsta juos m\u0117gd\u017eioti.\",\"breadcrumb\":{\"@id\":\"https:\\\/\\\/kidsplay.lt\\\/produktas\\\/frozen-ii-padeklas-su-stalo-reikmenimis\\\/#breadcrumb\"},\"inLanguage\":\"lv-LV\",\"potentialAction\":[{\"@type\":\"ReadAction\",\"target\":[\"https:\\\/\\\/kidsplay.lt\\\/produktas\\\/frozen-ii-padeklas-su-stalo-reikmenimis\\\/\"]}]},{\"@type\":\"ImageObject\",\"inLanguage\":\"lv-LV\",\"@id\":\"https:\\\/\\\/kidsplay.lt\\\/produktas\\\/frozen-ii-padeklas-su-stalo-reikmenimis\\\/#primaryimage\",\"url\":\"https:\\\/\\\/kidsplay.lt\\\/wp-content\\\/uploads\\\/2024\\\/09\\\/Frozen-II-padeklas-su-stalo-reikmenimis.jpg\",\"contentUrl\":\"https:\\\/\\\/kidsplay.lt\\\/wp-content\\\/uploads\\\/2024\\\/09\\\/Frozen-II-padeklas-su-stalo-reikmenimis.jpg\",\"width\":1000,\"height\":1000,\"caption\":\"Frozen II pad\u0117klas su stalo reikmenimis\"},{\"@type\":\"BreadcrumbList\",\"@id\":\"https:\\\/\\\/kidsplay.lt\\\/produktas\\\/frozen-ii-padeklas-su-stalo-reikmenimis\\\/#breadcrumb\",\"itemListElement\":[{\"@type\":\"ListItem\",\"position\":1,\"name\":\"Pagrindinis\",\"item\":\"https:\\\/\\\/kidsplay.lt\\\/\"},{\"@type\":\"ListItem\",\"position\":2,\"name\":\"Parduotuv\u0117\",\"item\":\"https:\\\/\\\/kidsplay.lt\\\/parduotuve\\\/\"},{\"@type\":\"ListItem\",\"position\":3,\"name\":\"Frozen II pad\u0117klas su stalo reikmenimis\"}]},{\"@type\":\"WebSite\",\"@id\":\"https:\\\/\\\/kidsplay.lt\\\/#website\",\"url\":\"https:\\\/\\\/kidsplay.lt\\\/\",\"name\":\"Kidsplay.lt\",\"description\":\"\u012evairios prek\u0117s vaikams\",\"publisher\":{\"@id\":\"https:\\\/\\\/kidsplay.lt\\\/#organization\"},\"alternateName\":\"Kidsplay\",\"potentialAction\":[{\"@type\":\"SearchAction\",\"target\":{\"@type\":\"EntryPoint\",\"urlTemplate\":\"https:\\\/\\\/kidsplay.lt\\\/?s={search_term_string}\"},\"query-input\":{\"@type\":\"PropertyValueSpecification\",\"valueRequired\":true,\"valueName\":\"search_term_string\"}}],\"inLanguage\":\"lv-LV\"},{\"@type\":\"Organization\",\"@id\":\"https:\\\/\\\/kidsplay.lt\\\/#organization\",\"name\":\"KidsPlay\",\"url\":\"https:\\\/\\\/kidsplay.lt\\\/\",\"logo\":{\"@type\":\"ImageObject\",\"inLanguage\":\"lv-LV\",\"@id\":\"https:\\\/\\\/kidsplay.lt\\\/#\\\/schema\\\/logo\\\/image\\\/\",\"url\":\"https:\\\/\\\/kidsplay.lt\\\/wp-content\\\/uploads\\\/2023\\\/07\\\/kidsplay-logo.png\",\"contentUrl\":\"https:\\\/\\\/kidsplay.lt\\\/wp-content\\\/uploads\\\/2023\\\/07\\\/kidsplay-logo.png\",\"width\":451,\"height\":98,\"caption\":\"KidsPlay\"},\"image\":{\"@id\":\"https:\\\/\\\/kidsplay.lt\\\/#\\\/schema\\\/logo\\\/image\\\/\"},\"sameAs\":[\"https:\\\/\\\/www.facebook.com\\\/www.kidsplay.lt\"]}]}<\/script>\n<!-- \/ Yoast SEO plugin. -->","yoast_head_json":{"title":"Frozen II papl\u0101te ar galda piederumiem","description":"Pad\u0117klas su piet\u0173 rinkiniu pagal pasak\u0105 Frozen II, yra puiki dovana. Vaikai stebi suaugusiuosius ir m\u0117gsta juos m\u0117gd\u017eioti.","robots":{"index":"index","follow":"follow","max-snippet":"max-snippet:-1","max-image-preview":"max-image-preview:large","max-video-preview":"max-video-preview:-1"},"canonical":"https:\/\/kidsplay.lt\/lv\/products\/frozen-ii-padeklas-su-stalo-reikmenimis\/","og_locale":"lv_LV","og_type":"article","og_title":"Frozen II pad\u0117klas su stalo reikmenimis","og_description":"Pad\u0117klas su piet\u0173 rinkiniu pagal pasak\u0105 Frozen II, yra puiki dovana. Vaikai stebi suaugusiuosius ir m\u0117gsta juos m\u0117gd\u017eioti.","og_url":"https:\/\/kidsplay.lt\/lv\/products\/frozen-ii-padeklas-su-stalo-reikmenimis\/","og_site_name":"KidsPlay","article_publisher":"https:\/\/www.facebook.com\/www.kidsplay.lt","article_modified_time":"2026-04-13T12:24:19+00:00","og_image":[{"width":1000,"height":1000,"url":"https:\/\/kidsplay.lt\/wp-content\/uploads\/2024\/09\/Frozen-II-padeklas-su-stalo-reikmenimis.jpg","type":"image\/jpeg"}],"twitter_card":"summary_large_image","schema":{"@context":"https:\/\/schema.org","@graph":[{"@type":"WebPage","@id":"https:\/\/kidsplay.lt\/produktas\/frozen-ii-padeklas-su-stalo-reikmenimis\/","url":"https:\/\/kidsplay.lt\/produktas\/frozen-ii-padeklas-su-stalo-reikmenimis\/","name":"Frozen II papl\u0101te ar galda piederumiem","isPartOf":{"@id":"https:\/\/kidsplay.lt\/#website"},"primaryImageOfPage":{"@id":"https:\/\/kidsplay.lt\/produktas\/frozen-ii-padeklas-su-stalo-reikmenimis\/#primaryimage"},"image":{"@id":"https:\/\/kidsplay.lt\/produktas\/frozen-ii-padeklas-su-stalo-reikmenimis\/#primaryimage"},"thumbnailUrl":"https:\/\/kidsplay.lt\/wp-content\/uploads\/2024\/09\/Frozen-II-padeklas-su-stalo-reikmenimis.jpg","datePublished":"2026-02-26T07:46:44+00:00","dateModified":"2026-04-13T12:24:19+00:00","description":"Pad\u0117klas su piet\u0173 rinkiniu pagal pasak\u0105 Frozen II, yra puiki dovana. Vaikai stebi suaugusiuosius ir m\u0117gsta juos m\u0117gd\u017eioti.","breadcrumb":{"@id":"https:\/\/kidsplay.lt\/produktas\/frozen-ii-padeklas-su-stalo-reikmenimis\/#breadcrumb"},"inLanguage":"lv-LV","potentialAction":[{"@type":"ReadAction","target":["https:\/\/kidsplay.lt\/produktas\/frozen-ii-padeklas-su-stalo-reikmenimis\/"]}]},{"@type":"ImageObject","inLanguage":"lv-LV","@id":"https:\/\/kidsplay.lt\/produktas\/frozen-ii-padeklas-su-stalo-reikmenimis\/#primaryimage","url":"https:\/\/kidsplay.lt\/wp-content\/uploads\/2024\/09\/Frozen-II-padeklas-su-stalo-reikmenimis.jpg","contentUrl":"https:\/\/kidsplay.lt\/wp-content\/uploads\/2024\/09\/Frozen-II-padeklas-su-stalo-reikmenimis.jpg","width":1000,"height":1000,"caption":"Frozen II pad\u0117klas su stalo reikmenimis"},{"@type":"BreadcrumbList","@id":"https:\/\/kidsplay.lt\/produktas\/frozen-ii-padeklas-su-stalo-reikmenimis\/#breadcrumb","itemListElement":[{"@type":"ListItem","position":1,"name":"Pagrindinis","item":"https:\/\/kidsplay.lt\/"},{"@type":"ListItem","position":2,"name":"Parduotuv\u0117","item":"https:\/\/kidsplay.lt\/parduotuve\/"},{"@type":"ListItem","position":3,"name":"Frozen II pad\u0117klas su stalo reikmenimis"}]},{"@type":"WebSite","@id":"https:\/\/kidsplay.lt\/#website","url":"https:\/\/kidsplay.lt\/","name":"B\u0113rnu sp\u0113les.lv","description":"\u012evairios prek\u0117s vaikams","publisher":{"@id":"https:\/\/kidsplay.lt\/#organization"},"alternateName":"Kidsplay","potentialAction":[{"@type":"SearchAction","target":{"@type":"EntryPoint","urlTemplate":"https:\/\/kidsplay.lt\/?s={search_term_string}"},"query-input":{"@type":"PropertyValueSpecification","valueRequired":true,"valueName":"search_term_string"}}],"inLanguage":"lv-LV"},{"@type":"Organization","@id":"https:\/\/kidsplay.lt\/#organization","name":"B\u0113rnu sp\u0113le","url":"https:\/\/kidsplay.lt\/","logo":{"@type":"ImageObject","inLanguage":"lv-LV","@id":"https:\/\/kidsplay.lt\/#\/schema\/logo\/image\/","url":"https:\/\/kidsplay.lt\/wp-content\/uploads\/2023\/07\/kidsplay-logo.png","contentUrl":"https:\/\/kidsplay.lt\/wp-content\/uploads\/2023\/07\/kidsplay-logo.png","width":451,"height":98,"caption":"KidsPlay"},"image":{"@id":"https:\/\/kidsplay.lt\/#\/schema\/logo\/image\/"},"sameAs":["https:\/\/www.facebook.com\/www.kidsplay.lt"]}]}},"_links":{"self":[{"href":"https:\/\/kidsplay.lt\/lv\/wp-json\/wp\/v2\/product\/90501","targetHints":{"allow":["GET"]}}],"collection":[{"href":"https:\/\/kidsplay.lt\/lv\/wp-json\/wp\/v2\/product"}],"about":[{"href":"https:\/\/kidsplay.lt\/lv\/wp-json\/wp\/v2\/types\/product"}],"version-history":[{"count":1,"href":"https:\/\/kidsplay.lt\/lv\/wp-json\/wp\/v2\/product\/90501\/revisions"}],"predecessor-version":[{"id":90502,"href":"https:\/\/kidsplay.lt\/lv\/wp-json\/wp\/v2\/product\/90501\/revisions\/90502"}],"wp:featuredmedia":[{"embeddable":true,"href":"https:\/\/kidsplay.lt\/lv\/wp-json\/wp\/v2\/media\/52355"}],"wp:attachment":[{"href":"https:\/\/kidsplay.lt\/lv\/wp-json\/wp\/v2\/media?parent=90501"}],"wp:term":[{"taxonomy":"product_brand","embeddable":true,"href":"https:\/\/kidsplay.lt\/lv\/wp-json\/wp\/v2\/product_brand?post=90501"},{"taxonomy":"product_cat","embeddable":true,"href":"https:\/\/kidsplay.lt\/lv\/wp-json\/wp\/v2\/product_cat?post=90501"},{"taxonomy":"product_tag","embeddable":true,"href":"https:\/\/kidsplay.lt\/lv\/wp-json\/wp\/v2\/product_tag?post=90501"}],"curies":[{"name":"wp","href":"https:\/\/api.w.org\/{rel}","templated":true}]}}