{"id":90511,"date":"2026-02-26T09:46:59","date_gmt":"2026-02-26T07:46:59","guid":{"rendered":"https:\/\/kidsplay.lt\/produktas\/kvadratinis-tapybos-padeklas\/"},"modified":"2026-04-13T15:24:38","modified_gmt":"2026-04-13T12:24:38","slug":"kvadratinis-tapybos-padeklas","status":"publish","type":"product","link":"https:\/\/kidsplay.lt\/lv\/products\/kvadratinis-tapybos-padeklas\/","title":{"rendered":"Kvadr\u0101tveida glezno\u0161anas papl\u0101te"},"content":{"rendered":"<p>Skaidrus polikarbonato da\u017eymo pad\u0117klas, skirtas vaikams, m\u0117gstantiems vaizduot\u0119, k\u016brybi\u0161k\u0105 \u017eaidim\u0105. \u012esp\u016bdingus vaizdinius efektus galima gauti ap\u0161vie\u010diant spalvingus m\u016bs\u0173 vaik\u0173 darbus LED skydeliu. Pie\u0161imas pir\u0161tais, spalv\u0173 suteikimas vandeniui, puo\u0161ni\u0173 dry\u017ei\u0173 k\u016brimas ir daugyb\u0117 kit\u0173 u\u017esi\u0117mim\u0173 \u2013 tai galimyb\u0117 k\u016brybingoms pramogoms, lavinan\u010dioms \u012fg\u016bd\u017eius ir vaizduot\u0119.<\/p>","protected":false},"excerpt":{"rendered":"<p>Skaidrus polikarbonato da\u017eymo pad\u0117klas, skirtas vaikams, m\u0117gstantiems vaizduot\u0119, k\u016brybi\u0161k\u0105 \u017eaidim\u0105. \u012esp\u016bdingus vaizdinius efektus galima gauti ap\u0161vie\u010diant spalvingus m\u016bs\u0173 vaik\u0173 darbus<\/p>","protected":false},"featured_media":52419,"template":"","meta":{"_acf_changed":false,"_glsr_average":0,"_glsr_ranking":0,"_glsr_reviews":0},"product_brand":[],"product_cat":[673,229],"product_tag":[],"class_list":{"0":"post-90511","1":"product","2":"type-product","3":"status-publish","4":"has-post-thumbnail","6":"product_cat-ugdomosios-priemones","7":"product_cat-zaislai-vaikams","8":"\"style=\"background-color: #2ecc711c;\"","10":"first","11":"instock","12":"purchasable","13":"product-type-simple"},"acf":[],"yoast_head":"<!-- This site is optimized with the Yoast SEO plugin v27.4 - https:\/\/yoast.com\/product\/yoast-seo-wordpress\/ -->\n<title>Kvadratinis tapybos pad\u0117klas<\/title>\n<meta name=\"description\" content=\"Da\u017eymo pad\u0117klas, skirtas vaikams, m\u0117gstantiems vaizduot\u0119, k\u016brybi\u0161k\u0105 \u017eaidim\u0105. \u012esp\u016bdingus vaizdinius efektus galima gauti ap\u0161vie\u010diant LED skydeliu.\" \/>\n<meta name=\"robots\" content=\"index, follow, max-snippet:-1, max-image-preview:large, max-video-preview:-1\" \/>\n<link rel=\"canonical\" href=\"https:\/\/kidsplay.lt\/lv\/products\/kvadratinis-tapybos-padeklas\/\" \/>\n<meta property=\"og:locale\" content=\"lv_LV\" \/>\n<meta property=\"og:type\" content=\"article\" \/>\n<meta property=\"og:title\" content=\"Kvadratinis tapybos pad\u0117klas\" \/>\n<meta property=\"og:description\" content=\"Da\u017eymo pad\u0117klas, skirtas vaikams, m\u0117gstantiems vaizduot\u0119, k\u016brybi\u0161k\u0105 \u017eaidim\u0105. \u012esp\u016bdingus vaizdinius efektus galima gauti ap\u0161vie\u010diant LED skydeliu.\" \/>\n<meta property=\"og:url\" content=\"https:\/\/kidsplay.lt\/lv\/products\/kvadratinis-tapybos-padeklas\/\" \/>\n<meta property=\"og:site_name\" content=\"KidsPlay\" \/>\n<meta property=\"article:publisher\" content=\"https:\/\/www.facebook.com\/www.kidsplay.lt\" \/>\n<meta property=\"article:modified_time\" content=\"2026-04-13T12:24:38+00:00\" \/>\n<meta property=\"og:image\" content=\"https:\/\/kidsplay.lt\/wp-content\/uploads\/2024\/09\/Kvadratinis-tapybos-padeklas.jpg\" \/>\n\t<meta property=\"og:image:width\" content=\"1000\" \/>\n\t<meta property=\"og:image:height\" content=\"1000\" \/>\n\t<meta property=\"og:image:type\" content=\"image\/jpeg\" \/>\n<meta name=\"twitter:card\" content=\"summary_large_image\" \/>\n<script type=\"application\/ld+json\" class=\"yoast-schema-graph\">{\"@context\":\"https:\\\/\\\/schema.org\",\"@graph\":[{\"@type\":\"WebPage\",\"@id\":\"https:\\\/\\\/kidsplay.lt\\\/produktas\\\/kvadratinis-tapybos-padeklas\\\/\",\"url\":\"https:\\\/\\\/kidsplay.lt\\\/produktas\\\/kvadratinis-tapybos-padeklas\\\/\",\"name\":\"Kvadratinis tapybos pad\u0117klas\",\"isPartOf\":{\"@id\":\"https:\\\/\\\/kidsplay.lt\\\/#website\"},\"primaryImageOfPage\":{\"@id\":\"https:\\\/\\\/kidsplay.lt\\\/produktas\\\/kvadratinis-tapybos-padeklas\\\/#primaryimage\"},\"image\":{\"@id\":\"https:\\\/\\\/kidsplay.lt\\\/produktas\\\/kvadratinis-tapybos-padeklas\\\/#primaryimage\"},\"thumbnailUrl\":\"https:\\\/\\\/kidsplay.lt\\\/wp-content\\\/uploads\\\/2024\\\/09\\\/Kvadratinis-tapybos-padeklas.jpg\",\"datePublished\":\"2026-02-26T07:46:59+00:00\",\"dateModified\":\"2026-04-13T12:24:38+00:00\",\"description\":\"Da\u017eymo pad\u0117klas, skirtas vaikams, m\u0117gstantiems vaizduot\u0119, k\u016brybi\u0161k\u0105 \u017eaidim\u0105. \u012esp\u016bdingus vaizdinius efektus galima gauti ap\u0161vie\u010diant LED skydeliu.\",\"breadcrumb\":{\"@id\":\"https:\\\/\\\/kidsplay.lt\\\/produktas\\\/kvadratinis-tapybos-padeklas\\\/#breadcrumb\"},\"inLanguage\":\"lv-LV\",\"potentialAction\":[{\"@type\":\"ReadAction\",\"target\":[\"https:\\\/\\\/kidsplay.lt\\\/produktas\\\/kvadratinis-tapybos-padeklas\\\/\"]}]},{\"@type\":\"ImageObject\",\"inLanguage\":\"lv-LV\",\"@id\":\"https:\\\/\\\/kidsplay.lt\\\/produktas\\\/kvadratinis-tapybos-padeklas\\\/#primaryimage\",\"url\":\"https:\\\/\\\/kidsplay.lt\\\/wp-content\\\/uploads\\\/2024\\\/09\\\/Kvadratinis-tapybos-padeklas.jpg\",\"contentUrl\":\"https:\\\/\\\/kidsplay.lt\\\/wp-content\\\/uploads\\\/2024\\\/09\\\/Kvadratinis-tapybos-padeklas.jpg\",\"width\":1000,\"height\":1000,\"caption\":\"Kvadratinis tapybos pad\u0117klas\"},{\"@type\":\"BreadcrumbList\",\"@id\":\"https:\\\/\\\/kidsplay.lt\\\/produktas\\\/kvadratinis-tapybos-padeklas\\\/#breadcrumb\",\"itemListElement\":[{\"@type\":\"ListItem\",\"position\":1,\"name\":\"Pagrindinis\",\"item\":\"https:\\\/\\\/kidsplay.lt\\\/\"},{\"@type\":\"ListItem\",\"position\":2,\"name\":\"Parduotuv\u0117\",\"item\":\"https:\\\/\\\/kidsplay.lt\\\/parduotuve\\\/\"},{\"@type\":\"ListItem\",\"position\":3,\"name\":\"Kvadratinis tapybos pad\u0117klas\"}]},{\"@type\":\"WebSite\",\"@id\":\"https:\\\/\\\/kidsplay.lt\\\/#website\",\"url\":\"https:\\\/\\\/kidsplay.lt\\\/\",\"name\":\"Kidsplay.lt\",\"description\":\"\u012evairios prek\u0117s vaikams\",\"publisher\":{\"@id\":\"https:\\\/\\\/kidsplay.lt\\\/#organization\"},\"alternateName\":\"Kidsplay\",\"potentialAction\":[{\"@type\":\"SearchAction\",\"target\":{\"@type\":\"EntryPoint\",\"urlTemplate\":\"https:\\\/\\\/kidsplay.lt\\\/?s={search_term_string}\"},\"query-input\":{\"@type\":\"PropertyValueSpecification\",\"valueRequired\":true,\"valueName\":\"search_term_string\"}}],\"inLanguage\":\"lv-LV\"},{\"@type\":\"Organization\",\"@id\":\"https:\\\/\\\/kidsplay.lt\\\/#organization\",\"name\":\"KidsPlay\",\"url\":\"https:\\\/\\\/kidsplay.lt\\\/\",\"logo\":{\"@type\":\"ImageObject\",\"inLanguage\":\"lv-LV\",\"@id\":\"https:\\\/\\\/kidsplay.lt\\\/#\\\/schema\\\/logo\\\/image\\\/\",\"url\":\"https:\\\/\\\/kidsplay.lt\\\/wp-content\\\/uploads\\\/2023\\\/07\\\/kidsplay-logo.png\",\"contentUrl\":\"https:\\\/\\\/kidsplay.lt\\\/wp-content\\\/uploads\\\/2023\\\/07\\\/kidsplay-logo.png\",\"width\":451,\"height\":98,\"caption\":\"KidsPlay\"},\"image\":{\"@id\":\"https:\\\/\\\/kidsplay.lt\\\/#\\\/schema\\\/logo\\\/image\\\/\"},\"sameAs\":[\"https:\\\/\\\/www.facebook.com\\\/www.kidsplay.lt\"]}]}<\/script>\n<!-- \/ Yoast SEO plugin. -->","yoast_head_json":{"title":"Kvadr\u0101tveida glezno\u0161anas papl\u0101te","description":"Da\u017eymo pad\u0117klas, skirtas vaikams, m\u0117gstantiems vaizduot\u0119, k\u016brybi\u0161k\u0105 \u017eaidim\u0105. \u012esp\u016bdingus vaizdinius efektus galima gauti ap\u0161vie\u010diant LED skydeliu.","robots":{"index":"index","follow":"follow","max-snippet":"max-snippet:-1","max-image-preview":"max-image-preview:large","max-video-preview":"max-video-preview:-1"},"canonical":"https:\/\/kidsplay.lt\/lv\/products\/kvadratinis-tapybos-padeklas\/","og_locale":"lv_LV","og_type":"article","og_title":"Kvadratinis tapybos pad\u0117klas","og_description":"Da\u017eymo pad\u0117klas, skirtas vaikams, m\u0117gstantiems vaizduot\u0119, k\u016brybi\u0161k\u0105 \u017eaidim\u0105. \u012esp\u016bdingus vaizdinius efektus galima gauti ap\u0161vie\u010diant LED skydeliu.","og_url":"https:\/\/kidsplay.lt\/lv\/products\/kvadratinis-tapybos-padeklas\/","og_site_name":"KidsPlay","article_publisher":"https:\/\/www.facebook.com\/www.kidsplay.lt","article_modified_time":"2026-04-13T12:24:38+00:00","og_image":[{"width":1000,"height":1000,"url":"https:\/\/kidsplay.lt\/wp-content\/uploads\/2024\/09\/Kvadratinis-tapybos-padeklas.jpg","type":"image\/jpeg"}],"twitter_card":"summary_large_image","schema":{"@context":"https:\/\/schema.org","@graph":[{"@type":"WebPage","@id":"https:\/\/kidsplay.lt\/produktas\/kvadratinis-tapybos-padeklas\/","url":"https:\/\/kidsplay.lt\/produktas\/kvadratinis-tapybos-padeklas\/","name":"Kvadr\u0101tveida glezno\u0161anas papl\u0101te","isPartOf":{"@id":"https:\/\/kidsplay.lt\/#website"},"primaryImageOfPage":{"@id":"https:\/\/kidsplay.lt\/produktas\/kvadratinis-tapybos-padeklas\/#primaryimage"},"image":{"@id":"https:\/\/kidsplay.lt\/produktas\/kvadratinis-tapybos-padeklas\/#primaryimage"},"thumbnailUrl":"https:\/\/kidsplay.lt\/wp-content\/uploads\/2024\/09\/Kvadratinis-tapybos-padeklas.jpg","datePublished":"2026-02-26T07:46:59+00:00","dateModified":"2026-04-13T12:24:38+00:00","description":"Da\u017eymo pad\u0117klas, skirtas vaikams, m\u0117gstantiems vaizduot\u0119, k\u016brybi\u0161k\u0105 \u017eaidim\u0105. \u012esp\u016bdingus vaizdinius efektus galima gauti ap\u0161vie\u010diant LED skydeliu.","breadcrumb":{"@id":"https:\/\/kidsplay.lt\/produktas\/kvadratinis-tapybos-padeklas\/#breadcrumb"},"inLanguage":"lv-LV","potentialAction":[{"@type":"ReadAction","target":["https:\/\/kidsplay.lt\/produktas\/kvadratinis-tapybos-padeklas\/"]}]},{"@type":"ImageObject","inLanguage":"lv-LV","@id":"https:\/\/kidsplay.lt\/produktas\/kvadratinis-tapybos-padeklas\/#primaryimage","url":"https:\/\/kidsplay.lt\/wp-content\/uploads\/2024\/09\/Kvadratinis-tapybos-padeklas.jpg","contentUrl":"https:\/\/kidsplay.lt\/wp-content\/uploads\/2024\/09\/Kvadratinis-tapybos-padeklas.jpg","width":1000,"height":1000,"caption":"Kvadratinis tapybos pad\u0117klas"},{"@type":"BreadcrumbList","@id":"https:\/\/kidsplay.lt\/produktas\/kvadratinis-tapybos-padeklas\/#breadcrumb","itemListElement":[{"@type":"ListItem","position":1,"name":"Pagrindinis","item":"https:\/\/kidsplay.lt\/"},{"@type":"ListItem","position":2,"name":"Parduotuv\u0117","item":"https:\/\/kidsplay.lt\/parduotuve\/"},{"@type":"ListItem","position":3,"name":"Kvadratinis tapybos pad\u0117klas"}]},{"@type":"WebSite","@id":"https:\/\/kidsplay.lt\/#website","url":"https:\/\/kidsplay.lt\/","name":"B\u0113rnu sp\u0113les.lv","description":"\u012evairios prek\u0117s vaikams","publisher":{"@id":"https:\/\/kidsplay.lt\/#organization"},"alternateName":"Kidsplay","potentialAction":[{"@type":"SearchAction","target":{"@type":"EntryPoint","urlTemplate":"https:\/\/kidsplay.lt\/?s={search_term_string}"},"query-input":{"@type":"PropertyValueSpecification","valueRequired":true,"valueName":"search_term_string"}}],"inLanguage":"lv-LV"},{"@type":"Organization","@id":"https:\/\/kidsplay.lt\/#organization","name":"B\u0113rnu sp\u0113le","url":"https:\/\/kidsplay.lt\/","logo":{"@type":"ImageObject","inLanguage":"lv-LV","@id":"https:\/\/kidsplay.lt\/#\/schema\/logo\/image\/","url":"https:\/\/kidsplay.lt\/wp-content\/uploads\/2023\/07\/kidsplay-logo.png","contentUrl":"https:\/\/kidsplay.lt\/wp-content\/uploads\/2023\/07\/kidsplay-logo.png","width":451,"height":98,"caption":"KidsPlay"},"image":{"@id":"https:\/\/kidsplay.lt\/#\/schema\/logo\/image\/"},"sameAs":["https:\/\/www.facebook.com\/www.kidsplay.lt"]}]}},"_links":{"self":[{"href":"https:\/\/kidsplay.lt\/lv\/wp-json\/wp\/v2\/product\/90511","targetHints":{"allow":["GET"]}}],"collection":[{"href":"https:\/\/kidsplay.lt\/lv\/wp-json\/wp\/v2\/product"}],"about":[{"href":"https:\/\/kidsplay.lt\/lv\/wp-json\/wp\/v2\/types\/product"}],"version-history":[{"count":1,"href":"https:\/\/kidsplay.lt\/lv\/wp-json\/wp\/v2\/product\/90511\/revisions"}],"predecessor-version":[{"id":90512,"href":"https:\/\/kidsplay.lt\/lv\/wp-json\/wp\/v2\/product\/90511\/revisions\/90512"}],"wp:featuredmedia":[{"embeddable":true,"href":"https:\/\/kidsplay.lt\/lv\/wp-json\/wp\/v2\/media\/52419"}],"wp:attachment":[{"href":"https:\/\/kidsplay.lt\/lv\/wp-json\/wp\/v2\/media?parent=90511"}],"wp:term":[{"taxonomy":"product_brand","embeddable":true,"href":"https:\/\/kidsplay.lt\/lv\/wp-json\/wp\/v2\/product_brand?post=90511"},{"taxonomy":"product_cat","embeddable":true,"href":"https:\/\/kidsplay.lt\/lv\/wp-json\/wp\/v2\/product_cat?post=90511"},{"taxonomy":"product_tag","embeddable":true,"href":"https:\/\/kidsplay.lt\/lv\/wp-json\/wp\/v2\/product_tag?post=90511"}],"curies":[{"name":"wp","href":"https:\/\/api.w.org\/{rel}","templated":true}]}}