{"id":90513,"date":"2026-02-26T09:47:02","date_gmt":"2026-02-26T07:47:02","guid":{"rendered":"https:\/\/kidsplay.lt\/produktas\/veterinarijos-gydytojo-rinkinys\/"},"modified":"2026-03-26T13:17:51","modified_gmt":"2026-03-26T11:17:51","slug":"veterinarijos-gydytojo-rinkinys","status":"publish","type":"product","link":"https:\/\/kidsplay.lt\/lv\/products\/veterinarijos-gydytojo-rinkinys\/","title":{"rendered":"Veterinarijos gydytojo rinkinys"},"content":{"rendered":"<p>Ne\u0161iojamasis ma\u017eojo veterinaro rinkinys\u00a0idealiai tinka visiems, kurie m\u0117gsta gyv\u016bnus ir vaidmen\u0173 \u017eaidimus. Rinkin\u012f sudaro 6 dalys, \u012fskaitant: pliu\u0161in\u012f \u0161uniuk\u0105, ne\u0161iokl\u0119, \u0161epet\u0117l\u012f, skustuv\u0105, \u0161amp\u016bn\u0105 ir \u0161amp\u016bno dozatori\u0173. Rinkinyje gal\u0117site pri\u017ei\u016br\u0117ti savo m\u0117gstam\u0105 augintin\u012f, o vaikas mokysis\u00a0empatijos\u00a0ir\u00a0socialini\u0173\u00a0\u012fg\u016bd\u017ei\u0173. R\u016bpinimasis gyv\u016bnais taip pat rei\u0161kia\u00a0atsakomyb\u0117s mokym\u0105si. J\u016bs\u0173 vaikas gal\u0117s pasiimti savo augintin\u012f ir \u017eaisti su juo bet kur d\u0117l ne\u0161iojamo\u00a0ve\u017eim\u0117lio su patogia rankena. Veterinarijos gydytojo\u00a0vaidmen\u0173\u00a0\u017eaislas teigiamai veikia vaiko vystym\u0105si, skatina\u00a0vaizduot\u0119\u00a0ir\u00a0k\u016brybi\u0161kum\u0105.<\/p>\n<p>&#8211; \u017eaislas nuo 3 met\u0173 am\u017eiaus,<br \/>\n&#8211; vaidmen\u0173 \u017eaidimas &#8211; ma\u017eas veterinarijos gydytojas,<br \/>\n&#8211; moko atsakomyb\u0117s,<br \/>\n&#8211; rinkinys puikiai tinka dovanai.<\/p>","protected":false},"excerpt":{"rendered":"<p>Ne\u0161iojamasis ma\u017eojo veterinaro rinkinys\u00a0idealiai tinka visiems, kurie m\u0117gsta gyv\u016bnus ir vaidmen\u0173 \u017eaidimus. Rinkin\u012f sudaro 6 dalys, \u012fskaitant: pliu\u0161in\u012f \u0161uniuk\u0105, ne\u0161iokl\u0119,<\/p>","protected":false},"featured_media":52430,"template":"","meta":{"_acf_changed":false,"_glsr_average":0,"_glsr_ranking":0,"_glsr_reviews":0},"product_brand":[],"product_cat":[904,399],"product_tag":[],"class_list":{"0":"post-90513","1":"product","2":"type-product","3":"status-publish","4":"has-post-thumbnail","6":"product_cat-gydytojai","7":"product_cat-vaidmenu-zaidimai-2","8":"\"style=\"background-color: #2ecc711c;\"","10":"first","11":"outofstock","12":"purchasable","13":"product-type-simple"},"acf":[],"yoast_head":"<!-- This site is optimized with the Yoast SEO plugin v27.3 - https:\/\/yoast.com\/product\/yoast-seo-wordpress\/ -->\n<title>Veterinarijos gydytojo rinkinys<\/title>\n<meta name=\"description\" content=\"Ne\u0161iojamasis ma\u017eojo veterinaro rinkinys\u00a0idealiai tinka visiems, kurie m\u0117gsta gyv\u016bnus ir vaidmen\u0173 \u017eaidimus. \u017daislas nuo 3 met\u0173 am\u017eiaus\" \/>\n<meta name=\"robots\" content=\"index, follow, max-snippet:-1, max-image-preview:large, max-video-preview:-1\" \/>\n<link rel=\"canonical\" href=\"https:\/\/kidsplay.lt\/lv\/products\/veterinarijos-gydytojo-rinkinys\/\" \/>\n<meta property=\"og:locale\" content=\"lv_LV\" \/>\n<meta property=\"og:type\" content=\"article\" \/>\n<meta property=\"og:title\" content=\"Veterinarijos gydytojo rinkinys\" \/>\n<meta property=\"og:description\" content=\"Ne\u0161iojamasis ma\u017eojo veterinaro rinkinys\u00a0idealiai tinka visiems, kurie m\u0117gsta gyv\u016bnus ir vaidmen\u0173 \u017eaidimus. \u017daislas nuo 3 met\u0173 am\u017eiaus\" \/>\n<meta property=\"og:url\" content=\"https:\/\/kidsplay.lt\/lv\/products\/veterinarijos-gydytojo-rinkinys\/\" \/>\n<meta property=\"og:site_name\" content=\"KidsPlay\" \/>\n<meta property=\"article:publisher\" content=\"https:\/\/www.facebook.com\/www.kidsplay.lt\" \/>\n<meta property=\"article:modified_time\" content=\"2026-03-26T11:17:51+00:00\" \/>\n<meta property=\"og:image\" content=\"https:\/\/kidsplay.lt\/wp-content\/uploads\/2024\/09\/Veterinarijos-gydytojo-rinkinys.jpg\" \/>\n\t<meta property=\"og:image:width\" content=\"1000\" \/>\n\t<meta property=\"og:image:height\" content=\"1000\" \/>\n\t<meta property=\"og:image:type\" content=\"image\/jpeg\" \/>\n<meta name=\"twitter:card\" content=\"summary_large_image\" \/>\n<meta name=\"twitter:label1\" content=\"Est. reading time\" \/>\n\t<meta name=\"twitter:data1\" content=\"1 min\u016bte\" \/>\n<script type=\"application\/ld+json\" class=\"yoast-schema-graph\">{\"@context\":\"https:\\\/\\\/schema.org\",\"@graph\":[{\"@type\":\"WebPage\",\"@id\":\"https:\\\/\\\/kidsplay.lt\\\/produktas\\\/veterinarijos-gydytojo-rinkinys\\\/\",\"url\":\"https:\\\/\\\/kidsplay.lt\\\/produktas\\\/veterinarijos-gydytojo-rinkinys\\\/\",\"name\":\"Veterinarijos gydytojo rinkinys\",\"isPartOf\":{\"@id\":\"https:\\\/\\\/kidsplay.lt\\\/#website\"},\"primaryImageOfPage\":{\"@id\":\"https:\\\/\\\/kidsplay.lt\\\/produktas\\\/veterinarijos-gydytojo-rinkinys\\\/#primaryimage\"},\"image\":{\"@id\":\"https:\\\/\\\/kidsplay.lt\\\/produktas\\\/veterinarijos-gydytojo-rinkinys\\\/#primaryimage\"},\"thumbnailUrl\":\"https:\\\/\\\/kidsplay.lt\\\/wp-content\\\/uploads\\\/2024\\\/09\\\/Veterinarijos-gydytojo-rinkinys.jpg\",\"datePublished\":\"2026-02-26T07:47:02+00:00\",\"dateModified\":\"2026-03-26T11:17:51+00:00\",\"description\":\"Ne\u0161iojamasis ma\u017eojo veterinaro rinkinys\u00a0idealiai tinka visiems, kurie m\u0117gsta gyv\u016bnus ir vaidmen\u0173 \u017eaidimus. \u017daislas nuo 3 met\u0173 am\u017eiaus\",\"breadcrumb\":{\"@id\":\"https:\\\/\\\/kidsplay.lt\\\/produktas\\\/veterinarijos-gydytojo-rinkinys\\\/#breadcrumb\"},\"inLanguage\":\"lv-LV\",\"potentialAction\":[{\"@type\":\"ReadAction\",\"target\":[\"https:\\\/\\\/kidsplay.lt\\\/produktas\\\/veterinarijos-gydytojo-rinkinys\\\/\"]}]},{\"@type\":\"ImageObject\",\"inLanguage\":\"lv-LV\",\"@id\":\"https:\\\/\\\/kidsplay.lt\\\/produktas\\\/veterinarijos-gydytojo-rinkinys\\\/#primaryimage\",\"url\":\"https:\\\/\\\/kidsplay.lt\\\/wp-content\\\/uploads\\\/2024\\\/09\\\/Veterinarijos-gydytojo-rinkinys.jpg\",\"contentUrl\":\"https:\\\/\\\/kidsplay.lt\\\/wp-content\\\/uploads\\\/2024\\\/09\\\/Veterinarijos-gydytojo-rinkinys.jpg\",\"width\":1000,\"height\":1000,\"caption\":\"Veterinarijos gydytojo rinkinys\"},{\"@type\":\"BreadcrumbList\",\"@id\":\"https:\\\/\\\/kidsplay.lt\\\/produktas\\\/veterinarijos-gydytojo-rinkinys\\\/#breadcrumb\",\"itemListElement\":[{\"@type\":\"ListItem\",\"position\":1,\"name\":\"Pagrindinis\",\"item\":\"https:\\\/\\\/kidsplay.lt\\\/\"},{\"@type\":\"ListItem\",\"position\":2,\"name\":\"Parduotuv\u0117\",\"item\":\"https:\\\/\\\/kidsplay.lt\\\/parduotuve\\\/\"},{\"@type\":\"ListItem\",\"position\":3,\"name\":\"Veterinarijos gydytojo rinkinys\"}]},{\"@type\":\"WebSite\",\"@id\":\"https:\\\/\\\/kidsplay.lt\\\/#website\",\"url\":\"https:\\\/\\\/kidsplay.lt\\\/\",\"name\":\"Kidsplay.lt\",\"description\":\"\u012evairios prek\u0117s vaikams\",\"publisher\":{\"@id\":\"https:\\\/\\\/kidsplay.lt\\\/#organization\"},\"alternateName\":\"Kidsplay\",\"potentialAction\":[{\"@type\":\"SearchAction\",\"target\":{\"@type\":\"EntryPoint\",\"urlTemplate\":\"https:\\\/\\\/kidsplay.lt\\\/?s={search_term_string}\"},\"query-input\":{\"@type\":\"PropertyValueSpecification\",\"valueRequired\":true,\"valueName\":\"search_term_string\"}}],\"inLanguage\":\"lv-LV\"},{\"@type\":\"Organization\",\"@id\":\"https:\\\/\\\/kidsplay.lt\\\/#organization\",\"name\":\"KidsPlay\",\"url\":\"https:\\\/\\\/kidsplay.lt\\\/\",\"logo\":{\"@type\":\"ImageObject\",\"inLanguage\":\"lv-LV\",\"@id\":\"https:\\\/\\\/kidsplay.lt\\\/#\\\/schema\\\/logo\\\/image\\\/\",\"url\":\"https:\\\/\\\/kidsplay.lt\\\/wp-content\\\/uploads\\\/2023\\\/07\\\/kidsplay-logo.png\",\"contentUrl\":\"https:\\\/\\\/kidsplay.lt\\\/wp-content\\\/uploads\\\/2023\\\/07\\\/kidsplay-logo.png\",\"width\":451,\"height\":98,\"caption\":\"KidsPlay\"},\"image\":{\"@id\":\"https:\\\/\\\/kidsplay.lt\\\/#\\\/schema\\\/logo\\\/image\\\/\"},\"sameAs\":[\"https:\\\/\\\/www.facebook.com\\\/www.kidsplay.lt\"]}]}<\/script>\n<!-- \/ Yoast SEO plugin. -->","yoast_head_json":{"title":"Veterinarijos gydytojo rinkinys","description":"Ne\u0161iojamasis ma\u017eojo veterinaro rinkinys\u00a0idealiai tinka visiems, kurie m\u0117gsta gyv\u016bnus ir vaidmen\u0173 \u017eaidimus. \u017daislas nuo 3 met\u0173 am\u017eiaus","robots":{"index":"index","follow":"follow","max-snippet":"max-snippet:-1","max-image-preview":"max-image-preview:large","max-video-preview":"max-video-preview:-1"},"canonical":"https:\/\/kidsplay.lt\/lv\/products\/veterinarijos-gydytojo-rinkinys\/","og_locale":"lv_LV","og_type":"article","og_title":"Veterinarijos gydytojo rinkinys","og_description":"Ne\u0161iojamasis ma\u017eojo veterinaro rinkinys\u00a0idealiai tinka visiems, kurie m\u0117gsta gyv\u016bnus ir vaidmen\u0173 \u017eaidimus. \u017daislas nuo 3 met\u0173 am\u017eiaus","og_url":"https:\/\/kidsplay.lt\/lv\/products\/veterinarijos-gydytojo-rinkinys\/","og_site_name":"KidsPlay","article_publisher":"https:\/\/www.facebook.com\/www.kidsplay.lt","article_modified_time":"2026-03-26T11:17:51+00:00","og_image":[{"width":1000,"height":1000,"url":"https:\/\/kidsplay.lt\/wp-content\/uploads\/2024\/09\/Veterinarijos-gydytojo-rinkinys.jpg","type":"image\/jpeg"}],"twitter_card":"summary_large_image","twitter_misc":{"Est. reading time":"1 min\u016bte"},"schema":{"@context":"https:\/\/schema.org","@graph":[{"@type":"WebPage","@id":"https:\/\/kidsplay.lt\/produktas\/veterinarijos-gydytojo-rinkinys\/","url":"https:\/\/kidsplay.lt\/produktas\/veterinarijos-gydytojo-rinkinys\/","name":"Veterinarijos gydytojo rinkinys","isPartOf":{"@id":"https:\/\/kidsplay.lt\/#website"},"primaryImageOfPage":{"@id":"https:\/\/kidsplay.lt\/produktas\/veterinarijos-gydytojo-rinkinys\/#primaryimage"},"image":{"@id":"https:\/\/kidsplay.lt\/produktas\/veterinarijos-gydytojo-rinkinys\/#primaryimage"},"thumbnailUrl":"https:\/\/kidsplay.lt\/wp-content\/uploads\/2024\/09\/Veterinarijos-gydytojo-rinkinys.jpg","datePublished":"2026-02-26T07:47:02+00:00","dateModified":"2026-03-26T11:17:51+00:00","description":"Ne\u0161iojamasis ma\u017eojo veterinaro rinkinys\u00a0idealiai tinka visiems, kurie m\u0117gsta gyv\u016bnus ir vaidmen\u0173 \u017eaidimus. \u017daislas nuo 3 met\u0173 am\u017eiaus","breadcrumb":{"@id":"https:\/\/kidsplay.lt\/produktas\/veterinarijos-gydytojo-rinkinys\/#breadcrumb"},"inLanguage":"lv-LV","potentialAction":[{"@type":"ReadAction","target":["https:\/\/kidsplay.lt\/produktas\/veterinarijos-gydytojo-rinkinys\/"]}]},{"@type":"ImageObject","inLanguage":"lv-LV","@id":"https:\/\/kidsplay.lt\/produktas\/veterinarijos-gydytojo-rinkinys\/#primaryimage","url":"https:\/\/kidsplay.lt\/wp-content\/uploads\/2024\/09\/Veterinarijos-gydytojo-rinkinys.jpg","contentUrl":"https:\/\/kidsplay.lt\/wp-content\/uploads\/2024\/09\/Veterinarijos-gydytojo-rinkinys.jpg","width":1000,"height":1000,"caption":"Veterinarijos gydytojo rinkinys"},{"@type":"BreadcrumbList","@id":"https:\/\/kidsplay.lt\/produktas\/veterinarijos-gydytojo-rinkinys\/#breadcrumb","itemListElement":[{"@type":"ListItem","position":1,"name":"Pagrindinis","item":"https:\/\/kidsplay.lt\/"},{"@type":"ListItem","position":2,"name":"Parduotuv\u0117","item":"https:\/\/kidsplay.lt\/parduotuve\/"},{"@type":"ListItem","position":3,"name":"Veterinarijos gydytojo rinkinys"}]},{"@type":"WebSite","@id":"https:\/\/kidsplay.lt\/#website","url":"https:\/\/kidsplay.lt\/","name":"B\u0113rnu sp\u0113les.lv","description":"\u012evairios prek\u0117s vaikams","publisher":{"@id":"https:\/\/kidsplay.lt\/#organization"},"alternateName":"Kidsplay","potentialAction":[{"@type":"SearchAction","target":{"@type":"EntryPoint","urlTemplate":"https:\/\/kidsplay.lt\/?s={search_term_string}"},"query-input":{"@type":"PropertyValueSpecification","valueRequired":true,"valueName":"search_term_string"}}],"inLanguage":"lv-LV"},{"@type":"Organization","@id":"https:\/\/kidsplay.lt\/#organization","name":"B\u0113rnu sp\u0113le","url":"https:\/\/kidsplay.lt\/","logo":{"@type":"ImageObject","inLanguage":"lv-LV","@id":"https:\/\/kidsplay.lt\/#\/schema\/logo\/image\/","url":"https:\/\/kidsplay.lt\/wp-content\/uploads\/2023\/07\/kidsplay-logo.png","contentUrl":"https:\/\/kidsplay.lt\/wp-content\/uploads\/2023\/07\/kidsplay-logo.png","width":451,"height":98,"caption":"KidsPlay"},"image":{"@id":"https:\/\/kidsplay.lt\/#\/schema\/logo\/image\/"},"sameAs":["https:\/\/www.facebook.com\/www.kidsplay.lt"]}]}},"_links":{"self":[{"href":"https:\/\/kidsplay.lt\/lv\/wp-json\/wp\/v2\/product\/90513","targetHints":{"allow":["GET"]}}],"collection":[{"href":"https:\/\/kidsplay.lt\/lv\/wp-json\/wp\/v2\/product"}],"about":[{"href":"https:\/\/kidsplay.lt\/lv\/wp-json\/wp\/v2\/types\/product"}],"version-history":[{"count":1,"href":"https:\/\/kidsplay.lt\/lv\/wp-json\/wp\/v2\/product\/90513\/revisions"}],"predecessor-version":[{"id":90514,"href":"https:\/\/kidsplay.lt\/lv\/wp-json\/wp\/v2\/product\/90513\/revisions\/90514"}],"wp:featuredmedia":[{"embeddable":true,"href":"https:\/\/kidsplay.lt\/lv\/wp-json\/wp\/v2\/media\/52430"}],"wp:attachment":[{"href":"https:\/\/kidsplay.lt\/lv\/wp-json\/wp\/v2\/media?parent=90513"}],"wp:term":[{"taxonomy":"product_brand","embeddable":true,"href":"https:\/\/kidsplay.lt\/lv\/wp-json\/wp\/v2\/product_brand?post=90513"},{"taxonomy":"product_cat","embeddable":true,"href":"https:\/\/kidsplay.lt\/lv\/wp-json\/wp\/v2\/product_cat?post=90513"},{"taxonomy":"product_tag","embeddable":true,"href":"https:\/\/kidsplay.lt\/lv\/wp-json\/wp\/v2\/product_tag?post=90513"}],"curies":[{"name":"wp","href":"https:\/\/api.w.org\/{rel}","templated":true}]}}