{"id":90517,"date":"2026-02-26T09:47:07","date_gmt":"2026-02-26T07:47:07","guid":{"rendered":"https:\/\/kidsplay.lt\/produktas\/zaidimo-magnetinis-rinkinys-zvejybai\/"},"modified":"2026-02-26T20:47:45","modified_gmt":"2026-02-26T18:47:45","slug":"zaidimo-magnetinis-rinkinys-zvejybai","status":"publish","type":"product","link":"https:\/\/kidsplay.lt\/lv\/products\/zaidimo-magnetinis-rinkinys-zvejybai\/","title":{"rendered":"Magn\u0113tisk\u0101 mak\u0161\u0137er\u0113\u0161anas sp\u0113les komplekts"},"content":{"rendered":"<p>Magnetinis\u00a0\u017evejybos\u00a0\u017eaidimas\u00a0&#8211; tai \u017eaislas, kuris j\u016bs\u0173 vaikui suteiks daugyb\u0119\u00a0valand\u0173 malonumo ir mokymosi. Rinkin\u012f sudaro\u00a026\u00a0skirting\u0173 spalv\u0173 ir form\u0173\u00a0magnetin\u0117s \u017euvys\u00a0ir dvi magnetin\u0117s me\u0161ker\u0117s, kuriomis vaikas gal\u0117s\u00a0lengvai ir smagiai\u00a0gaudyti \u017euvis. Naudodamasis\u00a0besisukan\u010dia plok\u0161tele\u00a0vaikas gali nuspr\u0119sti, koki\u0105 \u017euv\u012f gaudyti, o tada turi surasti atitinkamos spalvos ir formos \u017euv\u012f.<\/p>\n<p>&#8211; \u017daislas\u00a0skirtas vyresniems nei 18 m\u0117nesi\u0173 vaikams<br \/>\n&#8211;\u00a026\u00a0skirting\u0173 spalv\u0173 ir form\u0173\u00a0magnetin\u0117s \u017euvys<br \/>\n&#8211;\u00a0besisukanti plok\u0161tel\u0117, leid\u017eianti vaikui pasirinkti tinkam\u0105 \u017euv\u012f, kuri\u0105 gaudyti.<br \/>\n&#8211; ant kiekvienos \u017euvies nugaros yra ab\u0117c\u0117l\u0117s raid\u0117<br \/>\n&#8211; da\u017eymui naudoti\u00a0netoksi\u0161ki da\u017eai.<\/p>","protected":false},"excerpt":{"rendered":"<p>Magnetinis\u00a0\u017evejybos\u00a0\u017eaidimas\u00a0&#8211; tai \u017eaislas, kuris j\u016bs\u0173 vaikui suteiks daugyb\u0119\u00a0valand\u0173 malonumo ir mokymosi. Rinkin\u012f sudaro\u00a026\u00a0skirting\u0173 spalv\u0173 ir form\u0173\u00a0magnetin\u0117s \u017euvys\u00a0ir dvi magnetin\u0117s me\u0161ker\u0117s,<\/p>","protected":false},"featured_media":52527,"template":"","meta":{"_acf_changed":false,"_glsr_average":0,"_glsr_ranking":0,"_glsr_reviews":0},"product_brand":[],"product_cat":[388],"product_tag":[],"class_list":{"0":"post-90517","1":"product","2":"type-product","3":"status-publish","4":"has-post-thumbnail","6":"product_cat-edukaciniai-lavinamieji-zaislai","7":"\"style=\"background-color: #2ecc711c;\"","9":"first","10":"outofstock","11":"purchasable","12":"product-type-simple"},"acf":[],"yoast_head":"<!-- This site is optimized with the Yoast SEO plugin v27.4 - https:\/\/yoast.com\/product\/yoast-seo-wordpress\/ -->\n<title>\u017daidimo magnetinis rinkinys \u017evejybai<\/title>\n<meta name=\"description\" content=\"Magnetinis\u00a0\u017evejybos\u00a0\u017eaidimas\u00a0- tai \u017eaislas, kuris j\u016bs\u0173 vaikui suteiks daugyb\u0119\u00a0valand\u0173 malonumo ir mokymosi. Rinkin\u012f sudaro\u00a026\u00a0skirting\u0173 spalv\u0173.\" \/>\n<meta name=\"robots\" content=\"index, follow, max-snippet:-1, max-image-preview:large, max-video-preview:-1\" \/>\n<link rel=\"canonical\" href=\"https:\/\/kidsplay.lt\/lv\/products\/zaidimo-magnetinis-rinkinys-zvejybai\/\" \/>\n<meta property=\"og:locale\" content=\"lv_LV\" \/>\n<meta property=\"og:type\" content=\"article\" \/>\n<meta property=\"og:title\" content=\"\u017daidimo magnetinis rinkinys \u017evejybai\" \/>\n<meta property=\"og:description\" content=\"Magnetinis\u00a0\u017evejybos\u00a0\u017eaidimas\u00a0- tai \u017eaislas, kuris j\u016bs\u0173 vaikui suteiks daugyb\u0119\u00a0valand\u0173 malonumo ir mokymosi. Rinkin\u012f sudaro\u00a026\u00a0skirting\u0173 spalv\u0173.\" \/>\n<meta property=\"og:url\" content=\"https:\/\/kidsplay.lt\/lv\/products\/zaidimo-magnetinis-rinkinys-zvejybai\/\" \/>\n<meta property=\"og:site_name\" content=\"KidsPlay\" \/>\n<meta property=\"article:publisher\" content=\"https:\/\/www.facebook.com\/www.kidsplay.lt\" \/>\n<meta property=\"article:modified_time\" content=\"2026-02-26T18:47:45+00:00\" \/>\n<meta property=\"og:image\" content=\"https:\/\/kidsplay.lt\/wp-content\/uploads\/2024\/09\/Zaidimo-magnetinis-rinkinys-zvejybai.jpg\" \/>\n\t<meta property=\"og:image:width\" content=\"1000\" \/>\n\t<meta property=\"og:image:height\" content=\"1000\" \/>\n\t<meta property=\"og:image:type\" content=\"image\/jpeg\" \/>\n<meta name=\"twitter:card\" content=\"summary_large_image\" \/>\n<meta name=\"twitter:label1\" content=\"Est. reading time\" \/>\n\t<meta name=\"twitter:data1\" content=\"1 min\u016bte\" \/>\n<script type=\"application\/ld+json\" class=\"yoast-schema-graph\">{\"@context\":\"https:\\\/\\\/schema.org\",\"@graph\":[{\"@type\":\"WebPage\",\"@id\":\"https:\\\/\\\/kidsplay.lt\\\/produktas\\\/zaidimo-magnetinis-rinkinys-zvejybai\\\/\",\"url\":\"https:\\\/\\\/kidsplay.lt\\\/produktas\\\/zaidimo-magnetinis-rinkinys-zvejybai\\\/\",\"name\":\"\u017daidimo magnetinis rinkinys \u017evejybai\",\"isPartOf\":{\"@id\":\"https:\\\/\\\/kidsplay.lt\\\/#website\"},\"primaryImageOfPage\":{\"@id\":\"https:\\\/\\\/kidsplay.lt\\\/produktas\\\/zaidimo-magnetinis-rinkinys-zvejybai\\\/#primaryimage\"},\"image\":{\"@id\":\"https:\\\/\\\/kidsplay.lt\\\/produktas\\\/zaidimo-magnetinis-rinkinys-zvejybai\\\/#primaryimage\"},\"thumbnailUrl\":\"https:\\\/\\\/kidsplay.lt\\\/wp-content\\\/uploads\\\/2024\\\/09\\\/Zaidimo-magnetinis-rinkinys-zvejybai.jpg\",\"datePublished\":\"2026-02-26T07:47:07+00:00\",\"dateModified\":\"2026-02-26T18:47:45+00:00\",\"description\":\"Magnetinis\u00a0\u017evejybos\u00a0\u017eaidimas\u00a0- tai \u017eaislas, kuris j\u016bs\u0173 vaikui suteiks daugyb\u0119\u00a0valand\u0173 malonumo ir mokymosi. Rinkin\u012f sudaro\u00a026\u00a0skirting\u0173 spalv\u0173.\",\"breadcrumb\":{\"@id\":\"https:\\\/\\\/kidsplay.lt\\\/produktas\\\/zaidimo-magnetinis-rinkinys-zvejybai\\\/#breadcrumb\"},\"inLanguage\":\"lv-LV\",\"potentialAction\":[{\"@type\":\"ReadAction\",\"target\":[\"https:\\\/\\\/kidsplay.lt\\\/produktas\\\/zaidimo-magnetinis-rinkinys-zvejybai\\\/\"]}]},{\"@type\":\"ImageObject\",\"inLanguage\":\"lv-LV\",\"@id\":\"https:\\\/\\\/kidsplay.lt\\\/produktas\\\/zaidimo-magnetinis-rinkinys-zvejybai\\\/#primaryimage\",\"url\":\"https:\\\/\\\/kidsplay.lt\\\/wp-content\\\/uploads\\\/2024\\\/09\\\/Zaidimo-magnetinis-rinkinys-zvejybai.jpg\",\"contentUrl\":\"https:\\\/\\\/kidsplay.lt\\\/wp-content\\\/uploads\\\/2024\\\/09\\\/Zaidimo-magnetinis-rinkinys-zvejybai.jpg\",\"width\":1000,\"height\":1000,\"caption\":\"\u017daidimo magnetinis rinkinys \u017evejybai\"},{\"@type\":\"BreadcrumbList\",\"@id\":\"https:\\\/\\\/kidsplay.lt\\\/produktas\\\/zaidimo-magnetinis-rinkinys-zvejybai\\\/#breadcrumb\",\"itemListElement\":[{\"@type\":\"ListItem\",\"position\":1,\"name\":\"Pagrindinis\",\"item\":\"https:\\\/\\\/kidsplay.lt\\\/\"},{\"@type\":\"ListItem\",\"position\":2,\"name\":\"Parduotuv\u0117\",\"item\":\"https:\\\/\\\/kidsplay.lt\\\/parduotuve\\\/\"},{\"@type\":\"ListItem\",\"position\":3,\"name\":\"\u017daidimo magnetinis rinkinys \u017evejybai\"}]},{\"@type\":\"WebSite\",\"@id\":\"https:\\\/\\\/kidsplay.lt\\\/#website\",\"url\":\"https:\\\/\\\/kidsplay.lt\\\/\",\"name\":\"Kidsplay.lt\",\"description\":\"\u012evairios prek\u0117s vaikams\",\"publisher\":{\"@id\":\"https:\\\/\\\/kidsplay.lt\\\/#organization\"},\"alternateName\":\"Kidsplay\",\"potentialAction\":[{\"@type\":\"SearchAction\",\"target\":{\"@type\":\"EntryPoint\",\"urlTemplate\":\"https:\\\/\\\/kidsplay.lt\\\/?s={search_term_string}\"},\"query-input\":{\"@type\":\"PropertyValueSpecification\",\"valueRequired\":true,\"valueName\":\"search_term_string\"}}],\"inLanguage\":\"lv-LV\"},{\"@type\":\"Organization\",\"@id\":\"https:\\\/\\\/kidsplay.lt\\\/#organization\",\"name\":\"KidsPlay\",\"url\":\"https:\\\/\\\/kidsplay.lt\\\/\",\"logo\":{\"@type\":\"ImageObject\",\"inLanguage\":\"lv-LV\",\"@id\":\"https:\\\/\\\/kidsplay.lt\\\/#\\\/schema\\\/logo\\\/image\\\/\",\"url\":\"https:\\\/\\\/kidsplay.lt\\\/wp-content\\\/uploads\\\/2023\\\/07\\\/kidsplay-logo.png\",\"contentUrl\":\"https:\\\/\\\/kidsplay.lt\\\/wp-content\\\/uploads\\\/2023\\\/07\\\/kidsplay-logo.png\",\"width\":451,\"height\":98,\"caption\":\"KidsPlay\"},\"image\":{\"@id\":\"https:\\\/\\\/kidsplay.lt\\\/#\\\/schema\\\/logo\\\/image\\\/\"},\"sameAs\":[\"https:\\\/\\\/www.facebook.com\\\/www.kidsplay.lt\"]}]}<\/script>\n<!-- \/ Yoast SEO plugin. -->","yoast_head_json":{"title":"Magn\u0113tisk\u0101 mak\u0161\u0137er\u0113\u0161anas sp\u0113les komplekts","description":"Magnetinis\u00a0\u017evejybos\u00a0\u017eaidimas\u00a0- tai \u017eaislas, kuris j\u016bs\u0173 vaikui suteiks daugyb\u0119\u00a0valand\u0173 malonumo ir mokymosi. Rinkin\u012f sudaro\u00a026\u00a0skirting\u0173 spalv\u0173.","robots":{"index":"index","follow":"follow","max-snippet":"max-snippet:-1","max-image-preview":"max-image-preview:large","max-video-preview":"max-video-preview:-1"},"canonical":"https:\/\/kidsplay.lt\/lv\/products\/zaidimo-magnetinis-rinkinys-zvejybai\/","og_locale":"lv_LV","og_type":"article","og_title":"\u017daidimo magnetinis rinkinys \u017evejybai","og_description":"Magnetinis\u00a0\u017evejybos\u00a0\u017eaidimas\u00a0- tai \u017eaislas, kuris j\u016bs\u0173 vaikui suteiks daugyb\u0119\u00a0valand\u0173 malonumo ir mokymosi. Rinkin\u012f sudaro\u00a026\u00a0skirting\u0173 spalv\u0173.","og_url":"https:\/\/kidsplay.lt\/lv\/products\/zaidimo-magnetinis-rinkinys-zvejybai\/","og_site_name":"KidsPlay","article_publisher":"https:\/\/www.facebook.com\/www.kidsplay.lt","article_modified_time":"2026-02-26T18:47:45+00:00","og_image":[{"width":1000,"height":1000,"url":"https:\/\/kidsplay.lt\/wp-content\/uploads\/2024\/09\/Zaidimo-magnetinis-rinkinys-zvejybai.jpg","type":"image\/jpeg"}],"twitter_card":"summary_large_image","twitter_misc":{"Est. reading time":"1 min\u016bte"},"schema":{"@context":"https:\/\/schema.org","@graph":[{"@type":"WebPage","@id":"https:\/\/kidsplay.lt\/produktas\/zaidimo-magnetinis-rinkinys-zvejybai\/","url":"https:\/\/kidsplay.lt\/produktas\/zaidimo-magnetinis-rinkinys-zvejybai\/","name":"Magn\u0113tisk\u0101 mak\u0161\u0137er\u0113\u0161anas sp\u0113les komplekts","isPartOf":{"@id":"https:\/\/kidsplay.lt\/#website"},"primaryImageOfPage":{"@id":"https:\/\/kidsplay.lt\/produktas\/zaidimo-magnetinis-rinkinys-zvejybai\/#primaryimage"},"image":{"@id":"https:\/\/kidsplay.lt\/produktas\/zaidimo-magnetinis-rinkinys-zvejybai\/#primaryimage"},"thumbnailUrl":"https:\/\/kidsplay.lt\/wp-content\/uploads\/2024\/09\/Zaidimo-magnetinis-rinkinys-zvejybai.jpg","datePublished":"2026-02-26T07:47:07+00:00","dateModified":"2026-02-26T18:47:45+00:00","description":"Magnetinis\u00a0\u017evejybos\u00a0\u017eaidimas\u00a0- tai \u017eaislas, kuris j\u016bs\u0173 vaikui suteiks daugyb\u0119\u00a0valand\u0173 malonumo ir mokymosi. Rinkin\u012f sudaro\u00a026\u00a0skirting\u0173 spalv\u0173.","breadcrumb":{"@id":"https:\/\/kidsplay.lt\/produktas\/zaidimo-magnetinis-rinkinys-zvejybai\/#breadcrumb"},"inLanguage":"lv-LV","potentialAction":[{"@type":"ReadAction","target":["https:\/\/kidsplay.lt\/produktas\/zaidimo-magnetinis-rinkinys-zvejybai\/"]}]},{"@type":"ImageObject","inLanguage":"lv-LV","@id":"https:\/\/kidsplay.lt\/produktas\/zaidimo-magnetinis-rinkinys-zvejybai\/#primaryimage","url":"https:\/\/kidsplay.lt\/wp-content\/uploads\/2024\/09\/Zaidimo-magnetinis-rinkinys-zvejybai.jpg","contentUrl":"https:\/\/kidsplay.lt\/wp-content\/uploads\/2024\/09\/Zaidimo-magnetinis-rinkinys-zvejybai.jpg","width":1000,"height":1000,"caption":"\u017daidimo magnetinis rinkinys \u017evejybai"},{"@type":"BreadcrumbList","@id":"https:\/\/kidsplay.lt\/produktas\/zaidimo-magnetinis-rinkinys-zvejybai\/#breadcrumb","itemListElement":[{"@type":"ListItem","position":1,"name":"Pagrindinis","item":"https:\/\/kidsplay.lt\/"},{"@type":"ListItem","position":2,"name":"Parduotuv\u0117","item":"https:\/\/kidsplay.lt\/parduotuve\/"},{"@type":"ListItem","position":3,"name":"\u017daidimo magnetinis rinkinys \u017evejybai"}]},{"@type":"WebSite","@id":"https:\/\/kidsplay.lt\/#website","url":"https:\/\/kidsplay.lt\/","name":"B\u0113rnu sp\u0113les.lv","description":"\u012evairios prek\u0117s vaikams","publisher":{"@id":"https:\/\/kidsplay.lt\/#organization"},"alternateName":"Kidsplay","potentialAction":[{"@type":"SearchAction","target":{"@type":"EntryPoint","urlTemplate":"https:\/\/kidsplay.lt\/?s={search_term_string}"},"query-input":{"@type":"PropertyValueSpecification","valueRequired":true,"valueName":"search_term_string"}}],"inLanguage":"lv-LV"},{"@type":"Organization","@id":"https:\/\/kidsplay.lt\/#organization","name":"B\u0113rnu sp\u0113le","url":"https:\/\/kidsplay.lt\/","logo":{"@type":"ImageObject","inLanguage":"lv-LV","@id":"https:\/\/kidsplay.lt\/#\/schema\/logo\/image\/","url":"https:\/\/kidsplay.lt\/wp-content\/uploads\/2023\/07\/kidsplay-logo.png","contentUrl":"https:\/\/kidsplay.lt\/wp-content\/uploads\/2023\/07\/kidsplay-logo.png","width":451,"height":98,"caption":"KidsPlay"},"image":{"@id":"https:\/\/kidsplay.lt\/#\/schema\/logo\/image\/"},"sameAs":["https:\/\/www.facebook.com\/www.kidsplay.lt"]}]}},"_links":{"self":[{"href":"https:\/\/kidsplay.lt\/lv\/wp-json\/wp\/v2\/product\/90517","targetHints":{"allow":["GET"]}}],"collection":[{"href":"https:\/\/kidsplay.lt\/lv\/wp-json\/wp\/v2\/product"}],"about":[{"href":"https:\/\/kidsplay.lt\/lv\/wp-json\/wp\/v2\/types\/product"}],"version-history":[{"count":1,"href":"https:\/\/kidsplay.lt\/lv\/wp-json\/wp\/v2\/product\/90517\/revisions"}],"predecessor-version":[{"id":90518,"href":"https:\/\/kidsplay.lt\/lv\/wp-json\/wp\/v2\/product\/90517\/revisions\/90518"}],"wp:featuredmedia":[{"embeddable":true,"href":"https:\/\/kidsplay.lt\/lv\/wp-json\/wp\/v2\/media\/52527"}],"wp:attachment":[{"href":"https:\/\/kidsplay.lt\/lv\/wp-json\/wp\/v2\/media?parent=90517"}],"wp:term":[{"taxonomy":"product_brand","embeddable":true,"href":"https:\/\/kidsplay.lt\/lv\/wp-json\/wp\/v2\/product_brand?post=90517"},{"taxonomy":"product_cat","embeddable":true,"href":"https:\/\/kidsplay.lt\/lv\/wp-json\/wp\/v2\/product_cat?post=90517"},{"taxonomy":"product_tag","embeddable":true,"href":"https:\/\/kidsplay.lt\/lv\/wp-json\/wp\/v2\/product_tag?post=90517"}],"curies":[{"name":"wp","href":"https:\/\/api.w.org\/{rel}","templated":true}]}}