{"id":90519,"date":"2026-02-26T09:47:09","date_gmt":"2026-02-26T07:47:09","guid":{"rendered":"https:\/\/kidsplay.lt\/produktas\/mokymosi-deliones-zaidimas-mokytis-skaiciuoti-5vnt\/"},"modified":"2026-04-07T10:59:28","modified_gmt":"2026-04-07T07:59:28","slug":"mokymosi-deliones-zaidimas-mokytis-skaiciuoti-5vnt","status":"publish","type":"product","link":"https:\/\/kidsplay.lt\/lv\/products\/mokymosi-deliones-zaidimas-mokytis-skaiciuoti-5vnt\/","title":{"rendered":"Mokymosi d\u0117lion\u0117s \u017eaidimas &#8211; mokytis skai\u010diuoti 5vnt"},"content":{"rendered":"<p>D\u0117lion\u0117s, form\u0173 ir spalv\u0173 derinimas &#8211; tai svarbus vaidmuo sveikam vaiko vystymuisi. D\u0117lion\u0117s yra labai svarbios, o j\u0173 sud\u0117tingumo lygis tur\u0117t\u0173 atitikti vaiko am\u017ei\u0173.<\/p>\n<p>&#8211; dvipusis, spalvos atitinkantis galvos\u016bkis<br \/>\n&#8211; susideda i\u0161 5 d\u0117lioni\u0173 su ranken\u0117l\u0117mis &#8211; kiekvieno dyd\u017eio, kiekvienos spalvos<br \/>\n&#8211; Padeda vaikams suprasti tvarka ir spalv\u0173 derinimas<br \/>\n&#8211; lenta dvipus\u0117 &#8211; vienoje pus\u0117je vaikui i\u0161kirptos skylut\u0117s ir spalvoti ta\u0161kai (atitinkantys atitinkam\u0105 d\u0117lion\u0119), o kitoje pus\u0117je tik i\u0161kirptos skylut\u0117s d\u0117lionei &#8211; sunkesnis lygis<\/p>","protected":false},"excerpt":{"rendered":"<p>D\u0117lion\u0117s, form\u0173 ir spalv\u0173 derinimas &#8211; tai svarbus vaidmuo sveikam vaiko vystymuisi. D\u0117lion\u0117s yra labai svarbios, o j\u0173 sud\u0117tingumo lygis<\/p>","protected":false},"featured_media":52575,"template":"","meta":{"_acf_changed":false,"_glsr_average":0,"_glsr_ranking":0,"_glsr_reviews":0},"product_brand":[],"product_cat":[673],"product_tag":[],"class_list":{"0":"post-90519","1":"product","2":"type-product","3":"status-publish","4":"has-post-thumbnail","6":"product_cat-ugdomosios-priemones","7":"\"style=\"background-color: #2ecc711c;\"","9":"first","10":"instock","11":"purchasable","12":"product-type-simple"},"acf":[],"yoast_head":"<!-- This site is optimized with the Yoast SEO plugin v27.3 - https:\/\/yoast.com\/product\/yoast-seo-wordpress\/ -->\n<title>Mokymosi d\u0117lion\u0117s \u017eaidimas &#8211; mokytis skai\u010diuoti 5vnt<\/title>\n<meta name=\"description\" content=\"Form\u0173 ir spalv\u0173 derinimas - tai svarbus vaidmuo sveikam vaiko vystymuisi. D\u0117lion\u0117s yra labai svarbios, o j\u0173 sud\u0117tingumo lygis tur\u0117t\u0173 atitikti vaiko am\u017ei\u0173.\" \/>\n<meta name=\"robots\" content=\"index, follow, max-snippet:-1, max-image-preview:large, max-video-preview:-1\" \/>\n<link rel=\"canonical\" href=\"https:\/\/kidsplay.lt\/lv\/products\/mokymosi-deliones-zaidimas-mokytis-skaiciuoti-5vnt\/\" \/>\n<meta property=\"og:locale\" content=\"lv_LV\" \/>\n<meta property=\"og:type\" content=\"article\" \/>\n<meta property=\"og:title\" content=\"Mokymosi d\u0117lion\u0117s \u017eaidimas &#8211; mokytis skai\u010diuoti 5vnt\" \/>\n<meta property=\"og:description\" content=\"Form\u0173 ir spalv\u0173 derinimas - tai svarbus vaidmuo sveikam vaiko vystymuisi. D\u0117lion\u0117s yra labai svarbios, o j\u0173 sud\u0117tingumo lygis tur\u0117t\u0173 atitikti vaiko am\u017ei\u0173.\" \/>\n<meta property=\"og:url\" content=\"https:\/\/kidsplay.lt\/lv\/products\/mokymosi-deliones-zaidimas-mokytis-skaiciuoti-5vnt\/\" \/>\n<meta property=\"og:site_name\" content=\"KidsPlay\" \/>\n<meta property=\"article:publisher\" content=\"https:\/\/www.facebook.com\/www.kidsplay.lt\" \/>\n<meta property=\"article:modified_time\" content=\"2026-04-07T07:59:28+00:00\" \/>\n<meta property=\"og:image\" content=\"https:\/\/kidsplay.lt\/wp-content\/uploads\/2024\/09\/Mokymosi-deliones-zaidimas-\u2013-mokytis-skaiciuoti-5vnt.jpg\" \/>\n\t<meta property=\"og:image:width\" content=\"1000\" \/>\n\t<meta property=\"og:image:height\" content=\"1000\" \/>\n\t<meta property=\"og:image:type\" content=\"image\/jpeg\" \/>\n<meta name=\"twitter:card\" content=\"summary_large_image\" \/>\n<script type=\"application\/ld+json\" class=\"yoast-schema-graph\">{\"@context\":\"https:\\\/\\\/schema.org\",\"@graph\":[{\"@type\":\"WebPage\",\"@id\":\"https:\\\/\\\/kidsplay.lt\\\/produktas\\\/mokymosi-deliones-zaidimas-mokytis-skaiciuoti-5vnt\\\/\",\"url\":\"https:\\\/\\\/kidsplay.lt\\\/produktas\\\/mokymosi-deliones-zaidimas-mokytis-skaiciuoti-5vnt\\\/\",\"name\":\"Mokymosi d\u0117lion\u0117s \u017eaidimas &#8211; mokytis skai\u010diuoti 5vnt\",\"isPartOf\":{\"@id\":\"https:\\\/\\\/kidsplay.lt\\\/#website\"},\"primaryImageOfPage\":{\"@id\":\"https:\\\/\\\/kidsplay.lt\\\/produktas\\\/mokymosi-deliones-zaidimas-mokytis-skaiciuoti-5vnt\\\/#primaryimage\"},\"image\":{\"@id\":\"https:\\\/\\\/kidsplay.lt\\\/produktas\\\/mokymosi-deliones-zaidimas-mokytis-skaiciuoti-5vnt\\\/#primaryimage\"},\"thumbnailUrl\":\"https:\\\/\\\/kidsplay.lt\\\/wp-content\\\/uploads\\\/2024\\\/09\\\/Mokymosi-deliones-zaidimas-\u2013-mokytis-skaiciuoti-5vnt.jpg\",\"datePublished\":\"2026-02-26T07:47:09+00:00\",\"dateModified\":\"2026-04-07T07:59:28+00:00\",\"description\":\"Form\u0173 ir spalv\u0173 derinimas - tai svarbus vaidmuo sveikam vaiko vystymuisi. D\u0117lion\u0117s yra labai svarbios, o j\u0173 sud\u0117tingumo lygis tur\u0117t\u0173 atitikti vaiko am\u017ei\u0173.\",\"breadcrumb\":{\"@id\":\"https:\\\/\\\/kidsplay.lt\\\/produktas\\\/mokymosi-deliones-zaidimas-mokytis-skaiciuoti-5vnt\\\/#breadcrumb\"},\"inLanguage\":\"lv-LV\",\"potentialAction\":[{\"@type\":\"ReadAction\",\"target\":[\"https:\\\/\\\/kidsplay.lt\\\/produktas\\\/mokymosi-deliones-zaidimas-mokytis-skaiciuoti-5vnt\\\/\"]}]},{\"@type\":\"ImageObject\",\"inLanguage\":\"lv-LV\",\"@id\":\"https:\\\/\\\/kidsplay.lt\\\/produktas\\\/mokymosi-deliones-zaidimas-mokytis-skaiciuoti-5vnt\\\/#primaryimage\",\"url\":\"https:\\\/\\\/kidsplay.lt\\\/wp-content\\\/uploads\\\/2024\\\/09\\\/Mokymosi-deliones-zaidimas-\u2013-mokytis-skaiciuoti-5vnt.jpg\",\"contentUrl\":\"https:\\\/\\\/kidsplay.lt\\\/wp-content\\\/uploads\\\/2024\\\/09\\\/Mokymosi-deliones-zaidimas-\u2013-mokytis-skaiciuoti-5vnt.jpg\",\"width\":1000,\"height\":1000,\"caption\":\"Mokymosi d\u0117lion\u0117s \u017eaidimas &#8211; mokytis skai\u010diuoti 5vnt\"},{\"@type\":\"BreadcrumbList\",\"@id\":\"https:\\\/\\\/kidsplay.lt\\\/produktas\\\/mokymosi-deliones-zaidimas-mokytis-skaiciuoti-5vnt\\\/#breadcrumb\",\"itemListElement\":[{\"@type\":\"ListItem\",\"position\":1,\"name\":\"Pagrindinis\",\"item\":\"https:\\\/\\\/kidsplay.lt\\\/\"},{\"@type\":\"ListItem\",\"position\":2,\"name\":\"Parduotuv\u0117\",\"item\":\"https:\\\/\\\/kidsplay.lt\\\/parduotuve\\\/\"},{\"@type\":\"ListItem\",\"position\":3,\"name\":\"Mokymosi d\u0117lion\u0117s \u017eaidimas &#8211; mokytis skai\u010diuoti 5vnt\"}]},{\"@type\":\"WebSite\",\"@id\":\"https:\\\/\\\/kidsplay.lt\\\/#website\",\"url\":\"https:\\\/\\\/kidsplay.lt\\\/\",\"name\":\"Kidsplay.lt\",\"description\":\"\u012evairios prek\u0117s vaikams\",\"publisher\":{\"@id\":\"https:\\\/\\\/kidsplay.lt\\\/#organization\"},\"alternateName\":\"Kidsplay\",\"potentialAction\":[{\"@type\":\"SearchAction\",\"target\":{\"@type\":\"EntryPoint\",\"urlTemplate\":\"https:\\\/\\\/kidsplay.lt\\\/?s={search_term_string}\"},\"query-input\":{\"@type\":\"PropertyValueSpecification\",\"valueRequired\":true,\"valueName\":\"search_term_string\"}}],\"inLanguage\":\"lv-LV\"},{\"@type\":\"Organization\",\"@id\":\"https:\\\/\\\/kidsplay.lt\\\/#organization\",\"name\":\"KidsPlay\",\"url\":\"https:\\\/\\\/kidsplay.lt\\\/\",\"logo\":{\"@type\":\"ImageObject\",\"inLanguage\":\"lv-LV\",\"@id\":\"https:\\\/\\\/kidsplay.lt\\\/#\\\/schema\\\/logo\\\/image\\\/\",\"url\":\"https:\\\/\\\/kidsplay.lt\\\/wp-content\\\/uploads\\\/2023\\\/07\\\/kidsplay-logo.png\",\"contentUrl\":\"https:\\\/\\\/kidsplay.lt\\\/wp-content\\\/uploads\\\/2023\\\/07\\\/kidsplay-logo.png\",\"width\":451,\"height\":98,\"caption\":\"KidsPlay\"},\"image\":{\"@id\":\"https:\\\/\\\/kidsplay.lt\\\/#\\\/schema\\\/logo\\\/image\\\/\"},\"sameAs\":[\"https:\\\/\\\/www.facebook.com\\\/www.kidsplay.lt\"]}]}<\/script>\n<!-- \/ Yoast SEO plugin. -->","yoast_head_json":{"title":"Mokymosi d\u0117lion\u0117s \u017eaidimas &#8211; mokytis skai\u010diuoti 5vnt","description":"Form\u0173 ir spalv\u0173 derinimas - tai svarbus vaidmuo sveikam vaiko vystymuisi. D\u0117lion\u0117s yra labai svarbios, o j\u0173 sud\u0117tingumo lygis tur\u0117t\u0173 atitikti vaiko am\u017ei\u0173.","robots":{"index":"index","follow":"follow","max-snippet":"max-snippet:-1","max-image-preview":"max-image-preview:large","max-video-preview":"max-video-preview:-1"},"canonical":"https:\/\/kidsplay.lt\/lv\/products\/mokymosi-deliones-zaidimas-mokytis-skaiciuoti-5vnt\/","og_locale":"lv_LV","og_type":"article","og_title":"Mokymosi d\u0117lion\u0117s \u017eaidimas &#8211; mokytis skai\u010diuoti 5vnt","og_description":"Form\u0173 ir spalv\u0173 derinimas - tai svarbus vaidmuo sveikam vaiko vystymuisi. D\u0117lion\u0117s yra labai svarbios, o j\u0173 sud\u0117tingumo lygis tur\u0117t\u0173 atitikti vaiko am\u017ei\u0173.","og_url":"https:\/\/kidsplay.lt\/lv\/products\/mokymosi-deliones-zaidimas-mokytis-skaiciuoti-5vnt\/","og_site_name":"KidsPlay","article_publisher":"https:\/\/www.facebook.com\/www.kidsplay.lt","article_modified_time":"2026-04-07T07:59:28+00:00","og_image":[{"width":1000,"height":1000,"url":"https:\/\/kidsplay.lt\/wp-content\/uploads\/2024\/09\/Mokymosi-deliones-zaidimas-\u2013-mokytis-skaiciuoti-5vnt.jpg","type":"image\/jpeg"}],"twitter_card":"summary_large_image","schema":{"@context":"https:\/\/schema.org","@graph":[{"@type":"WebPage","@id":"https:\/\/kidsplay.lt\/produktas\/mokymosi-deliones-zaidimas-mokytis-skaiciuoti-5vnt\/","url":"https:\/\/kidsplay.lt\/produktas\/mokymosi-deliones-zaidimas-mokytis-skaiciuoti-5vnt\/","name":"Mokymosi d\u0117lion\u0117s \u017eaidimas &#8211; mokytis skai\u010diuoti 5vnt","isPartOf":{"@id":"https:\/\/kidsplay.lt\/#website"},"primaryImageOfPage":{"@id":"https:\/\/kidsplay.lt\/produktas\/mokymosi-deliones-zaidimas-mokytis-skaiciuoti-5vnt\/#primaryimage"},"image":{"@id":"https:\/\/kidsplay.lt\/produktas\/mokymosi-deliones-zaidimas-mokytis-skaiciuoti-5vnt\/#primaryimage"},"thumbnailUrl":"https:\/\/kidsplay.lt\/wp-content\/uploads\/2024\/09\/Mokymosi-deliones-zaidimas-\u2013-mokytis-skaiciuoti-5vnt.jpg","datePublished":"2026-02-26T07:47:09+00:00","dateModified":"2026-04-07T07:59:28+00:00","description":"Form\u0173 ir spalv\u0173 derinimas - tai svarbus vaidmuo sveikam vaiko vystymuisi. D\u0117lion\u0117s yra labai svarbios, o j\u0173 sud\u0117tingumo lygis tur\u0117t\u0173 atitikti vaiko am\u017ei\u0173.","breadcrumb":{"@id":"https:\/\/kidsplay.lt\/produktas\/mokymosi-deliones-zaidimas-mokytis-skaiciuoti-5vnt\/#breadcrumb"},"inLanguage":"lv-LV","potentialAction":[{"@type":"ReadAction","target":["https:\/\/kidsplay.lt\/produktas\/mokymosi-deliones-zaidimas-mokytis-skaiciuoti-5vnt\/"]}]},{"@type":"ImageObject","inLanguage":"lv-LV","@id":"https:\/\/kidsplay.lt\/produktas\/mokymosi-deliones-zaidimas-mokytis-skaiciuoti-5vnt\/#primaryimage","url":"https:\/\/kidsplay.lt\/wp-content\/uploads\/2024\/09\/Mokymosi-deliones-zaidimas-\u2013-mokytis-skaiciuoti-5vnt.jpg","contentUrl":"https:\/\/kidsplay.lt\/wp-content\/uploads\/2024\/09\/Mokymosi-deliones-zaidimas-\u2013-mokytis-skaiciuoti-5vnt.jpg","width":1000,"height":1000,"caption":"Mokymosi d\u0117lion\u0117s \u017eaidimas &#8211; mokytis skai\u010diuoti 5vnt"},{"@type":"BreadcrumbList","@id":"https:\/\/kidsplay.lt\/produktas\/mokymosi-deliones-zaidimas-mokytis-skaiciuoti-5vnt\/#breadcrumb","itemListElement":[{"@type":"ListItem","position":1,"name":"Pagrindinis","item":"https:\/\/kidsplay.lt\/"},{"@type":"ListItem","position":2,"name":"Parduotuv\u0117","item":"https:\/\/kidsplay.lt\/parduotuve\/"},{"@type":"ListItem","position":3,"name":"Mokymosi d\u0117lion\u0117s \u017eaidimas &#8211; mokytis skai\u010diuoti 5vnt"}]},{"@type":"WebSite","@id":"https:\/\/kidsplay.lt\/#website","url":"https:\/\/kidsplay.lt\/","name":"B\u0113rnu sp\u0113les.lv","description":"\u012evairios prek\u0117s vaikams","publisher":{"@id":"https:\/\/kidsplay.lt\/#organization"},"alternateName":"Kidsplay","potentialAction":[{"@type":"SearchAction","target":{"@type":"EntryPoint","urlTemplate":"https:\/\/kidsplay.lt\/?s={search_term_string}"},"query-input":{"@type":"PropertyValueSpecification","valueRequired":true,"valueName":"search_term_string"}}],"inLanguage":"lv-LV"},{"@type":"Organization","@id":"https:\/\/kidsplay.lt\/#organization","name":"B\u0113rnu sp\u0113le","url":"https:\/\/kidsplay.lt\/","logo":{"@type":"ImageObject","inLanguage":"lv-LV","@id":"https:\/\/kidsplay.lt\/#\/schema\/logo\/image\/","url":"https:\/\/kidsplay.lt\/wp-content\/uploads\/2023\/07\/kidsplay-logo.png","contentUrl":"https:\/\/kidsplay.lt\/wp-content\/uploads\/2023\/07\/kidsplay-logo.png","width":451,"height":98,"caption":"KidsPlay"},"image":{"@id":"https:\/\/kidsplay.lt\/#\/schema\/logo\/image\/"},"sameAs":["https:\/\/www.facebook.com\/www.kidsplay.lt"]}]}},"_links":{"self":[{"href":"https:\/\/kidsplay.lt\/lv\/wp-json\/wp\/v2\/product\/90519","targetHints":{"allow":["GET"]}}],"collection":[{"href":"https:\/\/kidsplay.lt\/lv\/wp-json\/wp\/v2\/product"}],"about":[{"href":"https:\/\/kidsplay.lt\/lv\/wp-json\/wp\/v2\/types\/product"}],"version-history":[{"count":1,"href":"https:\/\/kidsplay.lt\/lv\/wp-json\/wp\/v2\/product\/90519\/revisions"}],"predecessor-version":[{"id":90520,"href":"https:\/\/kidsplay.lt\/lv\/wp-json\/wp\/v2\/product\/90519\/revisions\/90520"}],"wp:featuredmedia":[{"embeddable":true,"href":"https:\/\/kidsplay.lt\/lv\/wp-json\/wp\/v2\/media\/52575"}],"wp:attachment":[{"href":"https:\/\/kidsplay.lt\/lv\/wp-json\/wp\/v2\/media?parent=90519"}],"wp:term":[{"taxonomy":"product_brand","embeddable":true,"href":"https:\/\/kidsplay.lt\/lv\/wp-json\/wp\/v2\/product_brand?post=90519"},{"taxonomy":"product_cat","embeddable":true,"href":"https:\/\/kidsplay.lt\/lv\/wp-json\/wp\/v2\/product_cat?post=90519"},{"taxonomy":"product_tag","embeddable":true,"href":"https:\/\/kidsplay.lt\/lv\/wp-json\/wp\/v2\/product_tag?post=90519"}],"curies":[{"name":"wp","href":"https:\/\/api.w.org\/{rel}","templated":true}]}}