{"id":90521,"date":"2026-02-26T09:47:12","date_gmt":"2026-02-26T07:47:12","guid":{"rendered":"https:\/\/kidsplay.lt\/produktas\/vaikiska-kepsnine-su-sviesa-ir-garsu\/"},"modified":"2026-04-13T15:24:49","modified_gmt":"2026-04-13T12:24:49","slug":"vaikiska-kepsnine-su-sviesa-ir-garsu","status":"publish","type":"product","link":"https:\/\/kidsplay.lt\/lv\/products\/vaikiska-kepsnine-su-sviesa-ir-garsu\/","title":{"rendered":"Vaiki\u0161ka kepsnin\u0117 su \u0161viesa ir garsu"},"content":{"rendered":"<p>Kepsnin\u0117 joje yra\u00a0viskas, ko reikia kepsniams: anglys, \u017eiebtuv\u0117lis, \u017enypl\u0117s, de\u0161rel\u0117s, kepsniai, vi\u0161tiena, \u017euvis ir kukur\u016bzai.\u00a0\u0160viesos\u00a0ir\u00a0garso\u00a0efektai\u00a0suteikia tikrovi\u0161kumo. Naudodami tikros\u00a0ugnies u\u017edegimo funkcij\u0105\u00a0tiesiog\u00a0priartinkite \u017eiebtuv\u0117l\u012f\u00a0ir klausykit\u0117s b\u016bdingo garso bei raudonai \u017e\u0117rin\u010di\u0173 angli\u0173 (modul\u012f galima bet kada i\u0161jungti paspaudus mygtuk\u0105).\u00a0Nuimamas dangtis\u00a0leid\u017eia apsaugoti &#8222;kar\u0161tas&#8221; groteles po kepimo, o\u00a0ratukai\u00a0ir patogi rankena leid\u017eia gabenti kepsnin\u0119 bet kur sode ar namuose. vaikas gal\u0117s atlikti t\u0117\u010dio, pri\u017ei\u016brin\u010dio \u0161eimos kepsnin\u0119, vaidmen\u012f.<\/p>\n<p>\u2013 Rota\u013clieta no 3 gadu vecuma<br \/>\n&#8211;\u00a0rinkinys: kepsnin\u0117 + priedai<br \/>\n&#8211;\u00a0\u017eaidimas vaidmenimis<br \/>\n&#8211;\u00a0garso efektai\u00a0&#8211; u\u017edegimo imitacija<br \/>\n&#8211;\u00a0ap\u0161vietimo efektai\u00a0&#8211; \u0161vyt\u0117jimo imitacija<br \/>\n&#8211;\u00a0tikra u\u017edegimo funkcija\u00a0&#8211; tiesiog laikykite \u017eiebtuv\u0117l\u012f prie angli\u0173<br \/>\n&#8211;\u00a0nuimamas dangtis<br \/>\n&#8211; lengvai perkeliamas d\u0117l ratuk\u0173<br \/>\n&#8211; tvirtas ir stabilus<br \/>\n&#8211; Reikalingi akumuliatoriai:\u00a0Baterijos: 3x &#8222;AAA&#8221;<\/p>","protected":false},"excerpt":{"rendered":"<p>Kepsnin\u0117 joje yra\u00a0viskas, ko reikia kepsniams: anglys, \u017eiebtuv\u0117lis, \u017enypl\u0117s, de\u0161rel\u0117s, kepsniai, vi\u0161tiena, \u017euvis ir kukur\u016bzai.\u00a0\u0160viesos\u00a0ir\u00a0garso\u00a0efektai\u00a0suteikia tikrovi\u0161kumo. Naudodami tikros\u00a0ugnies u\u017edegimo funkcij\u0105\u00a0tiesiog\u00a0priartinkite<\/p>","protected":false},"featured_media":52617,"template":"","meta":{"_acf_changed":false,"_glsr_average":0,"_glsr_ranking":0,"_glsr_reviews":0},"product_brand":[],"product_cat":[399,282],"product_tag":[],"class_list":{"0":"post-90521","1":"product","2":"type-product","3":"status-publish","4":"has-post-thumbnail","6":"product_cat-vaidmenu-zaidimai-2","7":"product_cat-virtuves-reikmenys-vaidmenu-zaidimai","8":"\"style=\"background-color: #2ecc711c;\"","10":"first","11":"instock","12":"purchasable","13":"product-type-simple"},"acf":[],"yoast_head":"<!-- This site is optimized with the Yoast SEO plugin v27.4 - https:\/\/yoast.com\/product\/yoast-seo-wordpress\/ -->\n<title>Vaiki\u0161ka kepsnin\u0117 su \u0161viesa ir garsu<\/title>\n<meta name=\"description\" content=\"Kepsnin\u0117 yra\u00a0viskas, ko reikia kepsniams: anglys, \u017eiebtuv\u0117lis, \u017enypl\u0117s, de\u0161rel\u0117s, kepsniai, vi\u0161tiena, \u017euvis ir kukur\u016bzai.\u00a0Su \u0160viesos\u00a0ir\u00a0garso\u00a0efektai!\" \/>\n<meta name=\"robots\" content=\"index, follow, max-snippet:-1, max-image-preview:large, max-video-preview:-1\" \/>\n<link rel=\"canonical\" href=\"https:\/\/kidsplay.lt\/lv\/products\/vaikiska-kepsnine-su-sviesa-ir-garsu\/\" \/>\n<meta property=\"og:locale\" content=\"lv_LV\" \/>\n<meta property=\"og:type\" content=\"article\" \/>\n<meta property=\"og:title\" content=\"Vaiki\u0161ka kepsnin\u0117 su \u0161viesa ir garsu\" \/>\n<meta property=\"og:description\" content=\"Kepsnin\u0117 yra\u00a0viskas, ko reikia kepsniams: anglys, \u017eiebtuv\u0117lis, \u017enypl\u0117s, de\u0161rel\u0117s, kepsniai, vi\u0161tiena, \u017euvis ir kukur\u016bzai.\u00a0Su \u0160viesos\u00a0ir\u00a0garso\u00a0efektai!\" \/>\n<meta property=\"og:url\" content=\"https:\/\/kidsplay.lt\/lv\/products\/vaikiska-kepsnine-su-sviesa-ir-garsu\/\" \/>\n<meta property=\"og:site_name\" content=\"KidsPlay\" \/>\n<meta property=\"article:publisher\" content=\"https:\/\/www.facebook.com\/www.kidsplay.lt\" \/>\n<meta property=\"article:modified_time\" content=\"2026-04-13T12:24:49+00:00\" \/>\n<meta property=\"og:image\" content=\"https:\/\/kidsplay.lt\/wp-content\/uploads\/2024\/09\/Vaikiska-kepsnine-su-sviesa-ir-garsu.jpg\" \/>\n\t<meta property=\"og:image:width\" content=\"1000\" \/>\n\t<meta property=\"og:image:height\" content=\"1000\" \/>\n\t<meta property=\"og:image:type\" content=\"image\/jpeg\" \/>\n<meta name=\"twitter:card\" content=\"summary_large_image\" \/>\n<meta name=\"twitter:label1\" content=\"Est. reading time\" \/>\n\t<meta name=\"twitter:data1\" content=\"1 min\u016bte\" \/>\n<script type=\"application\/ld+json\" class=\"yoast-schema-graph\">{\"@context\":\"https:\\\/\\\/schema.org\",\"@graph\":[{\"@type\":\"WebPage\",\"@id\":\"https:\\\/\\\/kidsplay.lt\\\/produktas\\\/vaikiska-kepsnine-su-sviesa-ir-garsu\\\/\",\"url\":\"https:\\\/\\\/kidsplay.lt\\\/produktas\\\/vaikiska-kepsnine-su-sviesa-ir-garsu\\\/\",\"name\":\"Vaiki\u0161ka kepsnin\u0117 su \u0161viesa ir garsu\",\"isPartOf\":{\"@id\":\"https:\\\/\\\/kidsplay.lt\\\/#website\"},\"primaryImageOfPage\":{\"@id\":\"https:\\\/\\\/kidsplay.lt\\\/produktas\\\/vaikiska-kepsnine-su-sviesa-ir-garsu\\\/#primaryimage\"},\"image\":{\"@id\":\"https:\\\/\\\/kidsplay.lt\\\/produktas\\\/vaikiska-kepsnine-su-sviesa-ir-garsu\\\/#primaryimage\"},\"thumbnailUrl\":\"https:\\\/\\\/kidsplay.lt\\\/wp-content\\\/uploads\\\/2024\\\/09\\\/Vaikiska-kepsnine-su-sviesa-ir-garsu.jpg\",\"datePublished\":\"2026-02-26T07:47:12+00:00\",\"dateModified\":\"2026-04-13T12:24:49+00:00\",\"description\":\"Kepsnin\u0117 yra\u00a0viskas, ko reikia kepsniams: anglys, \u017eiebtuv\u0117lis, \u017enypl\u0117s, de\u0161rel\u0117s, kepsniai, vi\u0161tiena, \u017euvis ir kukur\u016bzai.\u00a0Su \u0160viesos\u00a0ir\u00a0garso\u00a0efektai!\",\"breadcrumb\":{\"@id\":\"https:\\\/\\\/kidsplay.lt\\\/produktas\\\/vaikiska-kepsnine-su-sviesa-ir-garsu\\\/#breadcrumb\"},\"inLanguage\":\"lv-LV\",\"potentialAction\":[{\"@type\":\"ReadAction\",\"target\":[\"https:\\\/\\\/kidsplay.lt\\\/produktas\\\/vaikiska-kepsnine-su-sviesa-ir-garsu\\\/\"]}]},{\"@type\":\"ImageObject\",\"inLanguage\":\"lv-LV\",\"@id\":\"https:\\\/\\\/kidsplay.lt\\\/produktas\\\/vaikiska-kepsnine-su-sviesa-ir-garsu\\\/#primaryimage\",\"url\":\"https:\\\/\\\/kidsplay.lt\\\/wp-content\\\/uploads\\\/2024\\\/09\\\/Vaikiska-kepsnine-su-sviesa-ir-garsu.jpg\",\"contentUrl\":\"https:\\\/\\\/kidsplay.lt\\\/wp-content\\\/uploads\\\/2024\\\/09\\\/Vaikiska-kepsnine-su-sviesa-ir-garsu.jpg\",\"width\":1000,\"height\":1000,\"caption\":\"Vaiki\u0161ka kepsnin\u0117 su \u0161viesa ir garsu\"},{\"@type\":\"BreadcrumbList\",\"@id\":\"https:\\\/\\\/kidsplay.lt\\\/produktas\\\/vaikiska-kepsnine-su-sviesa-ir-garsu\\\/#breadcrumb\",\"itemListElement\":[{\"@type\":\"ListItem\",\"position\":1,\"name\":\"Pagrindinis\",\"item\":\"https:\\\/\\\/kidsplay.lt\\\/\"},{\"@type\":\"ListItem\",\"position\":2,\"name\":\"Parduotuv\u0117\",\"item\":\"https:\\\/\\\/kidsplay.lt\\\/parduotuve\\\/\"},{\"@type\":\"ListItem\",\"position\":3,\"name\":\"Vaiki\u0161ka kepsnin\u0117 su \u0161viesa ir garsu\"}]},{\"@type\":\"WebSite\",\"@id\":\"https:\\\/\\\/kidsplay.lt\\\/#website\",\"url\":\"https:\\\/\\\/kidsplay.lt\\\/\",\"name\":\"Kidsplay.lt\",\"description\":\"\u012evairios prek\u0117s vaikams\",\"publisher\":{\"@id\":\"https:\\\/\\\/kidsplay.lt\\\/#organization\"},\"alternateName\":\"Kidsplay\",\"potentialAction\":[{\"@type\":\"SearchAction\",\"target\":{\"@type\":\"EntryPoint\",\"urlTemplate\":\"https:\\\/\\\/kidsplay.lt\\\/?s={search_term_string}\"},\"query-input\":{\"@type\":\"PropertyValueSpecification\",\"valueRequired\":true,\"valueName\":\"search_term_string\"}}],\"inLanguage\":\"lv-LV\"},{\"@type\":\"Organization\",\"@id\":\"https:\\\/\\\/kidsplay.lt\\\/#organization\",\"name\":\"KidsPlay\",\"url\":\"https:\\\/\\\/kidsplay.lt\\\/\",\"logo\":{\"@type\":\"ImageObject\",\"inLanguage\":\"lv-LV\",\"@id\":\"https:\\\/\\\/kidsplay.lt\\\/#\\\/schema\\\/logo\\\/image\\\/\",\"url\":\"https:\\\/\\\/kidsplay.lt\\\/wp-content\\\/uploads\\\/2023\\\/07\\\/kidsplay-logo.png\",\"contentUrl\":\"https:\\\/\\\/kidsplay.lt\\\/wp-content\\\/uploads\\\/2023\\\/07\\\/kidsplay-logo.png\",\"width\":451,\"height\":98,\"caption\":\"KidsPlay\"},\"image\":{\"@id\":\"https:\\\/\\\/kidsplay.lt\\\/#\\\/schema\\\/logo\\\/image\\\/\"},\"sameAs\":[\"https:\\\/\\\/www.facebook.com\\\/www.kidsplay.lt\"]}]}<\/script>\n<!-- \/ Yoast SEO plugin. -->","yoast_head_json":{"title":"Vaiki\u0161ka kepsnin\u0117 su \u0161viesa ir garsu","description":"Kepsnin\u0117 yra\u00a0viskas, ko reikia kepsniams: anglys, \u017eiebtuv\u0117lis, \u017enypl\u0117s, de\u0161rel\u0117s, kepsniai, vi\u0161tiena, \u017euvis ir kukur\u016bzai.\u00a0Su \u0160viesos\u00a0ir\u00a0garso\u00a0efektai!","robots":{"index":"index","follow":"follow","max-snippet":"max-snippet:-1","max-image-preview":"max-image-preview:large","max-video-preview":"max-video-preview:-1"},"canonical":"https:\/\/kidsplay.lt\/lv\/products\/vaikiska-kepsnine-su-sviesa-ir-garsu\/","og_locale":"lv_LV","og_type":"article","og_title":"Vaiki\u0161ka kepsnin\u0117 su \u0161viesa ir garsu","og_description":"Kepsnin\u0117 yra\u00a0viskas, ko reikia kepsniams: anglys, \u017eiebtuv\u0117lis, \u017enypl\u0117s, de\u0161rel\u0117s, kepsniai, vi\u0161tiena, \u017euvis ir kukur\u016bzai.\u00a0Su \u0160viesos\u00a0ir\u00a0garso\u00a0efektai!","og_url":"https:\/\/kidsplay.lt\/lv\/products\/vaikiska-kepsnine-su-sviesa-ir-garsu\/","og_site_name":"KidsPlay","article_publisher":"https:\/\/www.facebook.com\/www.kidsplay.lt","article_modified_time":"2026-04-13T12:24:49+00:00","og_image":[{"width":1000,"height":1000,"url":"https:\/\/kidsplay.lt\/wp-content\/uploads\/2024\/09\/Vaikiska-kepsnine-su-sviesa-ir-garsu.jpg","type":"image\/jpeg"}],"twitter_card":"summary_large_image","twitter_misc":{"Est. reading time":"1 min\u016bte"},"schema":{"@context":"https:\/\/schema.org","@graph":[{"@type":"WebPage","@id":"https:\/\/kidsplay.lt\/produktas\/vaikiska-kepsnine-su-sviesa-ir-garsu\/","url":"https:\/\/kidsplay.lt\/produktas\/vaikiska-kepsnine-su-sviesa-ir-garsu\/","name":"Vaiki\u0161ka kepsnin\u0117 su \u0161viesa ir garsu","isPartOf":{"@id":"https:\/\/kidsplay.lt\/#website"},"primaryImageOfPage":{"@id":"https:\/\/kidsplay.lt\/produktas\/vaikiska-kepsnine-su-sviesa-ir-garsu\/#primaryimage"},"image":{"@id":"https:\/\/kidsplay.lt\/produktas\/vaikiska-kepsnine-su-sviesa-ir-garsu\/#primaryimage"},"thumbnailUrl":"https:\/\/kidsplay.lt\/wp-content\/uploads\/2024\/09\/Vaikiska-kepsnine-su-sviesa-ir-garsu.jpg","datePublished":"2026-02-26T07:47:12+00:00","dateModified":"2026-04-13T12:24:49+00:00","description":"Kepsnin\u0117 yra\u00a0viskas, ko reikia kepsniams: anglys, \u017eiebtuv\u0117lis, \u017enypl\u0117s, de\u0161rel\u0117s, kepsniai, vi\u0161tiena, \u017euvis ir kukur\u016bzai.\u00a0Su \u0160viesos\u00a0ir\u00a0garso\u00a0efektai!","breadcrumb":{"@id":"https:\/\/kidsplay.lt\/produktas\/vaikiska-kepsnine-su-sviesa-ir-garsu\/#breadcrumb"},"inLanguage":"lv-LV","potentialAction":[{"@type":"ReadAction","target":["https:\/\/kidsplay.lt\/produktas\/vaikiska-kepsnine-su-sviesa-ir-garsu\/"]}]},{"@type":"ImageObject","inLanguage":"lv-LV","@id":"https:\/\/kidsplay.lt\/produktas\/vaikiska-kepsnine-su-sviesa-ir-garsu\/#primaryimage","url":"https:\/\/kidsplay.lt\/wp-content\/uploads\/2024\/09\/Vaikiska-kepsnine-su-sviesa-ir-garsu.jpg","contentUrl":"https:\/\/kidsplay.lt\/wp-content\/uploads\/2024\/09\/Vaikiska-kepsnine-su-sviesa-ir-garsu.jpg","width":1000,"height":1000,"caption":"Vaiki\u0161ka kepsnin\u0117 su \u0161viesa ir garsu"},{"@type":"BreadcrumbList","@id":"https:\/\/kidsplay.lt\/produktas\/vaikiska-kepsnine-su-sviesa-ir-garsu\/#breadcrumb","itemListElement":[{"@type":"ListItem","position":1,"name":"Pagrindinis","item":"https:\/\/kidsplay.lt\/"},{"@type":"ListItem","position":2,"name":"Parduotuv\u0117","item":"https:\/\/kidsplay.lt\/parduotuve\/"},{"@type":"ListItem","position":3,"name":"Vaiki\u0161ka kepsnin\u0117 su \u0161viesa ir garsu"}]},{"@type":"WebSite","@id":"https:\/\/kidsplay.lt\/#website","url":"https:\/\/kidsplay.lt\/","name":"B\u0113rnu sp\u0113les.lv","description":"\u012evairios prek\u0117s vaikams","publisher":{"@id":"https:\/\/kidsplay.lt\/#organization"},"alternateName":"Kidsplay","potentialAction":[{"@type":"SearchAction","target":{"@type":"EntryPoint","urlTemplate":"https:\/\/kidsplay.lt\/?s={search_term_string}"},"query-input":{"@type":"PropertyValueSpecification","valueRequired":true,"valueName":"search_term_string"}}],"inLanguage":"lv-LV"},{"@type":"Organization","@id":"https:\/\/kidsplay.lt\/#organization","name":"B\u0113rnu sp\u0113le","url":"https:\/\/kidsplay.lt\/","logo":{"@type":"ImageObject","inLanguage":"lv-LV","@id":"https:\/\/kidsplay.lt\/#\/schema\/logo\/image\/","url":"https:\/\/kidsplay.lt\/wp-content\/uploads\/2023\/07\/kidsplay-logo.png","contentUrl":"https:\/\/kidsplay.lt\/wp-content\/uploads\/2023\/07\/kidsplay-logo.png","width":451,"height":98,"caption":"KidsPlay"},"image":{"@id":"https:\/\/kidsplay.lt\/#\/schema\/logo\/image\/"},"sameAs":["https:\/\/www.facebook.com\/www.kidsplay.lt"]}]}},"_links":{"self":[{"href":"https:\/\/kidsplay.lt\/lv\/wp-json\/wp\/v2\/product\/90521","targetHints":{"allow":["GET"]}}],"collection":[{"href":"https:\/\/kidsplay.lt\/lv\/wp-json\/wp\/v2\/product"}],"about":[{"href":"https:\/\/kidsplay.lt\/lv\/wp-json\/wp\/v2\/types\/product"}],"version-history":[{"count":1,"href":"https:\/\/kidsplay.lt\/lv\/wp-json\/wp\/v2\/product\/90521\/revisions"}],"predecessor-version":[{"id":90522,"href":"https:\/\/kidsplay.lt\/lv\/wp-json\/wp\/v2\/product\/90521\/revisions\/90522"}],"wp:featuredmedia":[{"embeddable":true,"href":"https:\/\/kidsplay.lt\/lv\/wp-json\/wp\/v2\/media\/52617"}],"wp:attachment":[{"href":"https:\/\/kidsplay.lt\/lv\/wp-json\/wp\/v2\/media?parent=90521"}],"wp:term":[{"taxonomy":"product_brand","embeddable":true,"href":"https:\/\/kidsplay.lt\/lv\/wp-json\/wp\/v2\/product_brand?post=90521"},{"taxonomy":"product_cat","embeddable":true,"href":"https:\/\/kidsplay.lt\/lv\/wp-json\/wp\/v2\/product_cat?post=90521"},{"taxonomy":"product_tag","embeddable":true,"href":"https:\/\/kidsplay.lt\/lv\/wp-json\/wp\/v2\/product_tag?post=90521"}],"curies":[{"name":"wp","href":"https:\/\/api.w.org\/{rel}","templated":true}]}}