{"id":90523,"date":"2026-02-26T09:47:14","date_gmt":"2026-02-26T07:47:14","guid":{"rendered":"https:\/\/kidsplay.lt\/produktas\/statybines-palapiniu-komplektas-is-vamzdeliu-128vnt\/"},"modified":"2026-04-07T10:59:35","modified_gmt":"2026-04-07T07:59:35","slug":"statybines-palapiniu-komplektas-is-vamzdeliu-128vnt","status":"publish","type":"product","link":"https:\/\/kidsplay.lt\/lv\/products\/statybines-palapiniu-komplektas-is-vamzdeliu-128vnt\/","title":{"rendered":"Celtniec\u012bbas telts komplekts no caurul\u0113m 128 gab."},"content":{"rendered":"<p>Konstruktoriaus rinkiniu j\u016bs\u0173 vaikas taps puikiu konstruktoriumi! Rinkinyje yra\u00a0128 el.\u00a0\u012fskaitant jungiamuosius vamzdelius ir audin\u012f konstrukcijai u\u017edengti. Detales galima sujungti \u012f\u00a0erdvin\u0119 konstrukcij\u0105, pana\u0161i\u0105 \u012f palapin\u0119, u\u017edengt\u0105 audiniu. Rinkinys leid\u017eia k\u016brybi\u0161kai \u017eaisti tiek\u00a0patalpoje,\u00a0tiek\u00a0lauke.<\/p>\n<p>&#8211; \u017daislas\u00a0nuo 3 met\u0173 am\u017eiaus<br \/>\n&#8211; rinkin\u012f sudaro\u00a0128\u00a0dalys<br \/>\n&#8211; leid\u017eia statyti erdvines\u00a0konstrukcijas,\u00a0pavyzd\u017eiui, palapin\u0119<br \/>\n&#8211; galima statyti\u00a0viduje\u00a0ir\u00a0lauke<\/p>","protected":false},"excerpt":{"rendered":"<p>Konstruktoriaus rinkiniu j\u016bs\u0173 vaikas taps puikiu konstruktoriumi! Rinkinyje yra\u00a0128 el.\u00a0\u012fskaitant jungiamuosius vamzdelius ir audin\u012f konstrukcijai u\u017edengti. Detales galima sujungti \u012f\u00a0erdvin\u0119<\/p>","protected":false},"featured_media":52622,"template":"","meta":{"_acf_changed":false,"_glsr_average":0,"_glsr_ranking":0,"_glsr_reviews":0},"product_brand":[],"product_cat":[236,254],"product_tag":[],"class_list":{"0":"post-90523","1":"product","2":"type-product","3":"status-publish","4":"has-post-thumbnail","6":"product_cat-vaikiskos-palapines","7":"product_cat-vaiko-kambarys","8":"\"style=\"background-color: #2ecc711c;\"","10":"first","11":"instock","12":"purchasable","13":"product-type-simple"},"acf":[],"yoast_head":"<!-- This site is optimized with the Yoast SEO plugin v27.3 - https:\/\/yoast.com\/product\/yoast-seo-wordpress\/ -->\n<title>Statybin\u0117s palapini\u0173 komplektas i\u0161 vamzdeli\u0173 128vnt<\/title>\n<meta name=\"description\" content=\"Konstruktoriaus rinkiniu j\u016bs\u0173 vaikas taps puikiu konstruktoriumi! Rinkinyje yra\u00a0128 el.\u00a0\u012fskaitant jungiamuosius vamzdelius ir audin\u012f konstrukcijai u\u017edengti.\" \/>\n<meta name=\"robots\" content=\"index, follow, max-snippet:-1, max-image-preview:large, max-video-preview:-1\" \/>\n<link rel=\"canonical\" href=\"https:\/\/kidsplay.lt\/lv\/products\/statybines-palapiniu-komplektas-is-vamzdeliu-128vnt\/\" \/>\n<meta property=\"og:locale\" content=\"lv_LV\" \/>\n<meta property=\"og:type\" content=\"article\" \/>\n<meta property=\"og:title\" content=\"Statybin\u0117s palapini\u0173 komplektas i\u0161 vamzdeli\u0173 128vnt\" \/>\n<meta property=\"og:description\" content=\"Konstruktoriaus rinkiniu j\u016bs\u0173 vaikas taps puikiu konstruktoriumi! Rinkinyje yra\u00a0128 el.\u00a0\u012fskaitant jungiamuosius vamzdelius ir audin\u012f konstrukcijai u\u017edengti.\" \/>\n<meta property=\"og:url\" content=\"https:\/\/kidsplay.lt\/lv\/products\/statybines-palapiniu-komplektas-is-vamzdeliu-128vnt\/\" \/>\n<meta property=\"og:site_name\" content=\"KidsPlay\" \/>\n<meta property=\"article:publisher\" content=\"https:\/\/www.facebook.com\/www.kidsplay.lt\" \/>\n<meta property=\"article:modified_time\" content=\"2026-04-07T07:59:35+00:00\" \/>\n<meta property=\"og:image\" content=\"https:\/\/kidsplay.lt\/wp-content\/uploads\/2024\/09\/Statybines-palapiniu-komplektas-is-vamzdeliu-128vnt.jpg\" \/>\n\t<meta property=\"og:image:width\" content=\"1000\" \/>\n\t<meta property=\"og:image:height\" content=\"1000\" \/>\n\t<meta property=\"og:image:type\" content=\"image\/jpeg\" \/>\n<meta name=\"twitter:card\" content=\"summary_large_image\" \/>\n<script type=\"application\/ld+json\" class=\"yoast-schema-graph\">{\"@context\":\"https:\\\/\\\/schema.org\",\"@graph\":[{\"@type\":\"WebPage\",\"@id\":\"https:\\\/\\\/kidsplay.lt\\\/produktas\\\/statybines-palapiniu-komplektas-is-vamzdeliu-128vnt\\\/\",\"url\":\"https:\\\/\\\/kidsplay.lt\\\/produktas\\\/statybines-palapiniu-komplektas-is-vamzdeliu-128vnt\\\/\",\"name\":\"Statybin\u0117s palapini\u0173 komplektas i\u0161 vamzdeli\u0173 128vnt\",\"isPartOf\":{\"@id\":\"https:\\\/\\\/kidsplay.lt\\\/#website\"},\"primaryImageOfPage\":{\"@id\":\"https:\\\/\\\/kidsplay.lt\\\/produktas\\\/statybines-palapiniu-komplektas-is-vamzdeliu-128vnt\\\/#primaryimage\"},\"image\":{\"@id\":\"https:\\\/\\\/kidsplay.lt\\\/produktas\\\/statybines-palapiniu-komplektas-is-vamzdeliu-128vnt\\\/#primaryimage\"},\"thumbnailUrl\":\"https:\\\/\\\/kidsplay.lt\\\/wp-content\\\/uploads\\\/2024\\\/09\\\/Statybines-palapiniu-komplektas-is-vamzdeliu-128vnt.jpg\",\"datePublished\":\"2026-02-26T07:47:14+00:00\",\"dateModified\":\"2026-04-07T07:59:35+00:00\",\"description\":\"Konstruktoriaus rinkiniu j\u016bs\u0173 vaikas taps puikiu konstruktoriumi! Rinkinyje yra\u00a0128 el.\u00a0\u012fskaitant jungiamuosius vamzdelius ir audin\u012f konstrukcijai u\u017edengti.\",\"breadcrumb\":{\"@id\":\"https:\\\/\\\/kidsplay.lt\\\/produktas\\\/statybines-palapiniu-komplektas-is-vamzdeliu-128vnt\\\/#breadcrumb\"},\"inLanguage\":\"lv-LV\",\"potentialAction\":[{\"@type\":\"ReadAction\",\"target\":[\"https:\\\/\\\/kidsplay.lt\\\/produktas\\\/statybines-palapiniu-komplektas-is-vamzdeliu-128vnt\\\/\"]}]},{\"@type\":\"ImageObject\",\"inLanguage\":\"lv-LV\",\"@id\":\"https:\\\/\\\/kidsplay.lt\\\/produktas\\\/statybines-palapiniu-komplektas-is-vamzdeliu-128vnt\\\/#primaryimage\",\"url\":\"https:\\\/\\\/kidsplay.lt\\\/wp-content\\\/uploads\\\/2024\\\/09\\\/Statybines-palapiniu-komplektas-is-vamzdeliu-128vnt.jpg\",\"contentUrl\":\"https:\\\/\\\/kidsplay.lt\\\/wp-content\\\/uploads\\\/2024\\\/09\\\/Statybines-palapiniu-komplektas-is-vamzdeliu-128vnt.jpg\",\"width\":1000,\"height\":1000,\"caption\":\"Statybin\u0117s palapini\u0173 komplektas i\u0161 vamzdeli\u0173 128vnt\"},{\"@type\":\"BreadcrumbList\",\"@id\":\"https:\\\/\\\/kidsplay.lt\\\/produktas\\\/statybines-palapiniu-komplektas-is-vamzdeliu-128vnt\\\/#breadcrumb\",\"itemListElement\":[{\"@type\":\"ListItem\",\"position\":1,\"name\":\"Pagrindinis\",\"item\":\"https:\\\/\\\/kidsplay.lt\\\/\"},{\"@type\":\"ListItem\",\"position\":2,\"name\":\"Parduotuv\u0117\",\"item\":\"https:\\\/\\\/kidsplay.lt\\\/parduotuve\\\/\"},{\"@type\":\"ListItem\",\"position\":3,\"name\":\"Statybin\u0117s palapini\u0173 komplektas i\u0161 vamzdeli\u0173 128vnt\"}]},{\"@type\":\"WebSite\",\"@id\":\"https:\\\/\\\/kidsplay.lt\\\/#website\",\"url\":\"https:\\\/\\\/kidsplay.lt\\\/\",\"name\":\"Kidsplay.lt\",\"description\":\"\u012evairios prek\u0117s vaikams\",\"publisher\":{\"@id\":\"https:\\\/\\\/kidsplay.lt\\\/#organization\"},\"alternateName\":\"Kidsplay\",\"potentialAction\":[{\"@type\":\"SearchAction\",\"target\":{\"@type\":\"EntryPoint\",\"urlTemplate\":\"https:\\\/\\\/kidsplay.lt\\\/?s={search_term_string}\"},\"query-input\":{\"@type\":\"PropertyValueSpecification\",\"valueRequired\":true,\"valueName\":\"search_term_string\"}}],\"inLanguage\":\"lv-LV\"},{\"@type\":\"Organization\",\"@id\":\"https:\\\/\\\/kidsplay.lt\\\/#organization\",\"name\":\"KidsPlay\",\"url\":\"https:\\\/\\\/kidsplay.lt\\\/\",\"logo\":{\"@type\":\"ImageObject\",\"inLanguage\":\"lv-LV\",\"@id\":\"https:\\\/\\\/kidsplay.lt\\\/#\\\/schema\\\/logo\\\/image\\\/\",\"url\":\"https:\\\/\\\/kidsplay.lt\\\/wp-content\\\/uploads\\\/2023\\\/07\\\/kidsplay-logo.png\",\"contentUrl\":\"https:\\\/\\\/kidsplay.lt\\\/wp-content\\\/uploads\\\/2023\\\/07\\\/kidsplay-logo.png\",\"width\":451,\"height\":98,\"caption\":\"KidsPlay\"},\"image\":{\"@id\":\"https:\\\/\\\/kidsplay.lt\\\/#\\\/schema\\\/logo\\\/image\\\/\"},\"sameAs\":[\"https:\\\/\\\/www.facebook.com\\\/www.kidsplay.lt\"]}]}<\/script>\n<!-- \/ Yoast SEO plugin. -->","yoast_head_json":{"title":"Celtniec\u012bbas telts komplekts no caurul\u0113m 128 gab.","description":"Konstruktoriaus rinkiniu j\u016bs\u0173 vaikas taps puikiu konstruktoriumi! Rinkinyje yra\u00a0128 el.\u00a0\u012fskaitant jungiamuosius vamzdelius ir audin\u012f konstrukcijai u\u017edengti.","robots":{"index":"index","follow":"follow","max-snippet":"max-snippet:-1","max-image-preview":"max-image-preview:large","max-video-preview":"max-video-preview:-1"},"canonical":"https:\/\/kidsplay.lt\/lv\/products\/statybines-palapiniu-komplektas-is-vamzdeliu-128vnt\/","og_locale":"lv_LV","og_type":"article","og_title":"Statybin\u0117s palapini\u0173 komplektas i\u0161 vamzdeli\u0173 128vnt","og_description":"Konstruktoriaus rinkiniu j\u016bs\u0173 vaikas taps puikiu konstruktoriumi! Rinkinyje yra\u00a0128 el.\u00a0\u012fskaitant jungiamuosius vamzdelius ir audin\u012f konstrukcijai u\u017edengti.","og_url":"https:\/\/kidsplay.lt\/lv\/products\/statybines-palapiniu-komplektas-is-vamzdeliu-128vnt\/","og_site_name":"KidsPlay","article_publisher":"https:\/\/www.facebook.com\/www.kidsplay.lt","article_modified_time":"2026-04-07T07:59:35+00:00","og_image":[{"width":1000,"height":1000,"url":"https:\/\/kidsplay.lt\/wp-content\/uploads\/2024\/09\/Statybines-palapiniu-komplektas-is-vamzdeliu-128vnt.jpg","type":"image\/jpeg"}],"twitter_card":"summary_large_image","schema":{"@context":"https:\/\/schema.org","@graph":[{"@type":"WebPage","@id":"https:\/\/kidsplay.lt\/produktas\/statybines-palapiniu-komplektas-is-vamzdeliu-128vnt\/","url":"https:\/\/kidsplay.lt\/produktas\/statybines-palapiniu-komplektas-is-vamzdeliu-128vnt\/","name":"Celtniec\u012bbas telts komplekts no caurul\u0113m 128 gab.","isPartOf":{"@id":"https:\/\/kidsplay.lt\/#website"},"primaryImageOfPage":{"@id":"https:\/\/kidsplay.lt\/produktas\/statybines-palapiniu-komplektas-is-vamzdeliu-128vnt\/#primaryimage"},"image":{"@id":"https:\/\/kidsplay.lt\/produktas\/statybines-palapiniu-komplektas-is-vamzdeliu-128vnt\/#primaryimage"},"thumbnailUrl":"https:\/\/kidsplay.lt\/wp-content\/uploads\/2024\/09\/Statybines-palapiniu-komplektas-is-vamzdeliu-128vnt.jpg","datePublished":"2026-02-26T07:47:14+00:00","dateModified":"2026-04-07T07:59:35+00:00","description":"Konstruktoriaus rinkiniu j\u016bs\u0173 vaikas taps puikiu konstruktoriumi! Rinkinyje yra\u00a0128 el.\u00a0\u012fskaitant jungiamuosius vamzdelius ir audin\u012f konstrukcijai u\u017edengti.","breadcrumb":{"@id":"https:\/\/kidsplay.lt\/produktas\/statybines-palapiniu-komplektas-is-vamzdeliu-128vnt\/#breadcrumb"},"inLanguage":"lv-LV","potentialAction":[{"@type":"ReadAction","target":["https:\/\/kidsplay.lt\/produktas\/statybines-palapiniu-komplektas-is-vamzdeliu-128vnt\/"]}]},{"@type":"ImageObject","inLanguage":"lv-LV","@id":"https:\/\/kidsplay.lt\/produktas\/statybines-palapiniu-komplektas-is-vamzdeliu-128vnt\/#primaryimage","url":"https:\/\/kidsplay.lt\/wp-content\/uploads\/2024\/09\/Statybines-palapiniu-komplektas-is-vamzdeliu-128vnt.jpg","contentUrl":"https:\/\/kidsplay.lt\/wp-content\/uploads\/2024\/09\/Statybines-palapiniu-komplektas-is-vamzdeliu-128vnt.jpg","width":1000,"height":1000,"caption":"Statybin\u0117s palapini\u0173 komplektas i\u0161 vamzdeli\u0173 128vnt"},{"@type":"BreadcrumbList","@id":"https:\/\/kidsplay.lt\/produktas\/statybines-palapiniu-komplektas-is-vamzdeliu-128vnt\/#breadcrumb","itemListElement":[{"@type":"ListItem","position":1,"name":"Pagrindinis","item":"https:\/\/kidsplay.lt\/"},{"@type":"ListItem","position":2,"name":"Parduotuv\u0117","item":"https:\/\/kidsplay.lt\/parduotuve\/"},{"@type":"ListItem","position":3,"name":"Statybin\u0117s palapini\u0173 komplektas i\u0161 vamzdeli\u0173 128vnt"}]},{"@type":"WebSite","@id":"https:\/\/kidsplay.lt\/#website","url":"https:\/\/kidsplay.lt\/","name":"B\u0113rnu sp\u0113les.lv","description":"\u012evairios prek\u0117s vaikams","publisher":{"@id":"https:\/\/kidsplay.lt\/#organization"},"alternateName":"Kidsplay","potentialAction":[{"@type":"SearchAction","target":{"@type":"EntryPoint","urlTemplate":"https:\/\/kidsplay.lt\/?s={search_term_string}"},"query-input":{"@type":"PropertyValueSpecification","valueRequired":true,"valueName":"search_term_string"}}],"inLanguage":"lv-LV"},{"@type":"Organization","@id":"https:\/\/kidsplay.lt\/#organization","name":"B\u0113rnu sp\u0113le","url":"https:\/\/kidsplay.lt\/","logo":{"@type":"ImageObject","inLanguage":"lv-LV","@id":"https:\/\/kidsplay.lt\/#\/schema\/logo\/image\/","url":"https:\/\/kidsplay.lt\/wp-content\/uploads\/2023\/07\/kidsplay-logo.png","contentUrl":"https:\/\/kidsplay.lt\/wp-content\/uploads\/2023\/07\/kidsplay-logo.png","width":451,"height":98,"caption":"KidsPlay"},"image":{"@id":"https:\/\/kidsplay.lt\/#\/schema\/logo\/image\/"},"sameAs":["https:\/\/www.facebook.com\/www.kidsplay.lt"]}]}},"_links":{"self":[{"href":"https:\/\/kidsplay.lt\/lv\/wp-json\/wp\/v2\/product\/90523","targetHints":{"allow":["GET"]}}],"collection":[{"href":"https:\/\/kidsplay.lt\/lv\/wp-json\/wp\/v2\/product"}],"about":[{"href":"https:\/\/kidsplay.lt\/lv\/wp-json\/wp\/v2\/types\/product"}],"version-history":[{"count":1,"href":"https:\/\/kidsplay.lt\/lv\/wp-json\/wp\/v2\/product\/90523\/revisions"}],"predecessor-version":[{"id":90524,"href":"https:\/\/kidsplay.lt\/lv\/wp-json\/wp\/v2\/product\/90523\/revisions\/90524"}],"wp:featuredmedia":[{"embeddable":true,"href":"https:\/\/kidsplay.lt\/lv\/wp-json\/wp\/v2\/media\/52622"}],"wp:attachment":[{"href":"https:\/\/kidsplay.lt\/lv\/wp-json\/wp\/v2\/media?parent=90523"}],"wp:term":[{"taxonomy":"product_brand","embeddable":true,"href":"https:\/\/kidsplay.lt\/lv\/wp-json\/wp\/v2\/product_brand?post=90523"},{"taxonomy":"product_cat","embeddable":true,"href":"https:\/\/kidsplay.lt\/lv\/wp-json\/wp\/v2\/product_cat?post=90523"},{"taxonomy":"product_tag","embeddable":true,"href":"https:\/\/kidsplay.lt\/lv\/wp-json\/wp\/v2\/product_tag?post=90523"}],"curies":[{"name":"wp","href":"https:\/\/api.w.org\/{rel}","templated":true}]}}