{"id":90525,"date":"2026-02-26T09:47:17","date_gmt":"2026-02-26T07:47:17","guid":{"rendered":"https:\/\/kidsplay.lt\/produktas\/pagrindas-sodo-nameliui-pastatyti\/"},"modified":"2026-04-07T10:59:39","modified_gmt":"2026-04-07T07:59:39","slug":"pagrindas-sodo-nameliui-pastatyti","status":"publish","type":"product","link":"https:\/\/kidsplay.lt\/lv\/product\/pagrindas-sodo-nameliui-pastatyti\/","title":{"rendered":"D\u0101rza m\u0101jas b\u016bvniec\u012bbas pamats"},"content":{"rendered":"<p>-Sulankstomos grindys<br \/>\n-6 plok\u0161t\u0117s<br \/>\n-Suderinamas su\u00a0bet kuriuo prek\u0117s \u017eenklo nameliu<br \/>\n-Plyteli\u0173 matmenys:\u00a045 x 45 cm.<br \/>\n-Auk\u0161ta surinkimo kokyb\u0117<\/p>","protected":false},"excerpt":{"rendered":"<p>-Sulankstomos grindys -6 plok\u0161t\u0117s -Suderinamas su\u00a0bet kuriuo prek\u0117s \u017eenklo nameliu -Plyteli\u0173 matmenys:\u00a045 x 45 cm. -Auk\u0161ta surinkimo kokyb\u0117<\/p>","protected":false},"featured_media":52632,"template":"","meta":{"_acf_changed":false,"_glsr_average":0,"_glsr_ranking":0,"_glsr_reviews":0},"product_brand":[],"product_cat":[233,234],"product_tag":[],"class_list":{"0":"post-90525","1":"product","2":"type-product","3":"status-publish","4":"has-post-thumbnail","6":"product_cat-lauko-pramogos","7":"product_cat-vaikiski-nameliai","8":"\"style=\"background-color: #2ecc711c;\"","10":"first","11":"instock","12":"purchasable","13":"product-type-simple"},"acf":[],"yoast_head":"<!-- This site is optimized with the Yoast SEO plugin v27.3 - https:\/\/yoast.com\/product\/yoast-seo-wordpress\/ -->\n<title>Pagrindas sodo nameliui pastatyti<\/title>\n<meta name=\"description\" content=\"Pagrindas sodo nameliui pastatyti, Suderinamas su\u00a0bet kuriuo prek\u0117s \u017eenklo nameliu, Auk\u0161ta surinkimo kokyb\u0117. Greitas pristatymas!\" \/>\n<meta name=\"robots\" content=\"index, follow, max-snippet:-1, max-image-preview:large, max-video-preview:-1\" \/>\n<link rel=\"canonical\" href=\"https:\/\/kidsplay.lt\/lv\/product\/pagrindas-sodo-nameliui-pastatyti\/\" \/>\n<meta property=\"og:locale\" content=\"lv_LV\" \/>\n<meta property=\"og:type\" content=\"article\" \/>\n<meta property=\"og:title\" content=\"Pagrindas sodo nameliui pastatyti\" \/>\n<meta property=\"og:description\" content=\"Pagrindas sodo nameliui pastatyti, Suderinamas su\u00a0bet kuriuo prek\u0117s \u017eenklo nameliu, Auk\u0161ta surinkimo kokyb\u0117. Greitas pristatymas!\" \/>\n<meta property=\"og:url\" content=\"https:\/\/kidsplay.lt\/lv\/product\/pagrindas-sodo-nameliui-pastatyti\/\" \/>\n<meta property=\"og:site_name\" content=\"KidsPlay\" \/>\n<meta property=\"article:publisher\" content=\"https:\/\/www.facebook.com\/www.kidsplay.lt\" \/>\n<meta property=\"article:modified_time\" content=\"2026-04-07T07:59:39+00:00\" \/>\n<meta property=\"og:image\" content=\"https:\/\/kidsplay.lt\/wp-content\/uploads\/2024\/09\/Pagrindas-sodo-nameliui-pastatyti.jpg\" \/>\n\t<meta property=\"og:image:width\" content=\"771\" \/>\n\t<meta property=\"og:image:height\" content=\"771\" \/>\n\t<meta property=\"og:image:type\" content=\"image\/jpeg\" \/>\n<meta name=\"twitter:card\" content=\"summary_large_image\" \/>\n<script type=\"application\/ld+json\" class=\"yoast-schema-graph\">{\"@context\":\"https:\\\/\\\/schema.org\",\"@graph\":[{\"@type\":\"WebPage\",\"@id\":\"https:\\\/\\\/kidsplay.lt\\\/produktas\\\/pagrindas-sodo-nameliui-pastatyti\\\/\",\"url\":\"https:\\\/\\\/kidsplay.lt\\\/produktas\\\/pagrindas-sodo-nameliui-pastatyti\\\/\",\"name\":\"Pagrindas sodo nameliui pastatyti\",\"isPartOf\":{\"@id\":\"https:\\\/\\\/kidsplay.lt\\\/#website\"},\"primaryImageOfPage\":{\"@id\":\"https:\\\/\\\/kidsplay.lt\\\/produktas\\\/pagrindas-sodo-nameliui-pastatyti\\\/#primaryimage\"},\"image\":{\"@id\":\"https:\\\/\\\/kidsplay.lt\\\/produktas\\\/pagrindas-sodo-nameliui-pastatyti\\\/#primaryimage\"},\"thumbnailUrl\":\"https:\\\/\\\/kidsplay.lt\\\/wp-content\\\/uploads\\\/2024\\\/09\\\/Pagrindas-sodo-nameliui-pastatyti.jpg\",\"datePublished\":\"2026-02-26T07:47:17+00:00\",\"dateModified\":\"2026-04-07T07:59:39+00:00\",\"description\":\"Pagrindas sodo nameliui pastatyti, Suderinamas su\u00a0bet kuriuo prek\u0117s \u017eenklo nameliu, Auk\u0161ta surinkimo kokyb\u0117. Greitas pristatymas!\",\"breadcrumb\":{\"@id\":\"https:\\\/\\\/kidsplay.lt\\\/produktas\\\/pagrindas-sodo-nameliui-pastatyti\\\/#breadcrumb\"},\"inLanguage\":\"lv-LV\",\"potentialAction\":[{\"@type\":\"ReadAction\",\"target\":[\"https:\\\/\\\/kidsplay.lt\\\/produktas\\\/pagrindas-sodo-nameliui-pastatyti\\\/\"]}]},{\"@type\":\"ImageObject\",\"inLanguage\":\"lv-LV\",\"@id\":\"https:\\\/\\\/kidsplay.lt\\\/produktas\\\/pagrindas-sodo-nameliui-pastatyti\\\/#primaryimage\",\"url\":\"https:\\\/\\\/kidsplay.lt\\\/wp-content\\\/uploads\\\/2024\\\/09\\\/Pagrindas-sodo-nameliui-pastatyti.jpg\",\"contentUrl\":\"https:\\\/\\\/kidsplay.lt\\\/wp-content\\\/uploads\\\/2024\\\/09\\\/Pagrindas-sodo-nameliui-pastatyti.jpg\",\"width\":771,\"height\":771,\"caption\":\"Pagrindas sodo nameliui pastatyti\"},{\"@type\":\"BreadcrumbList\",\"@id\":\"https:\\\/\\\/kidsplay.lt\\\/produktas\\\/pagrindas-sodo-nameliui-pastatyti\\\/#breadcrumb\",\"itemListElement\":[{\"@type\":\"ListItem\",\"position\":1,\"name\":\"Pagrindinis\",\"item\":\"https:\\\/\\\/kidsplay.lt\\\/\"},{\"@type\":\"ListItem\",\"position\":2,\"name\":\"Parduotuv\u0117\",\"item\":\"https:\\\/\\\/kidsplay.lt\\\/parduotuve\\\/\"},{\"@type\":\"ListItem\",\"position\":3,\"name\":\"Pagrindas sodo nameliui pastatyti\"}]},{\"@type\":\"WebSite\",\"@id\":\"https:\\\/\\\/kidsplay.lt\\\/#website\",\"url\":\"https:\\\/\\\/kidsplay.lt\\\/\",\"name\":\"Kidsplay.lt\",\"description\":\"\u012evairios prek\u0117s vaikams\",\"publisher\":{\"@id\":\"https:\\\/\\\/kidsplay.lt\\\/#organization\"},\"alternateName\":\"Kidsplay\",\"potentialAction\":[{\"@type\":\"SearchAction\",\"target\":{\"@type\":\"EntryPoint\",\"urlTemplate\":\"https:\\\/\\\/kidsplay.lt\\\/?s={search_term_string}\"},\"query-input\":{\"@type\":\"PropertyValueSpecification\",\"valueRequired\":true,\"valueName\":\"search_term_string\"}}],\"inLanguage\":\"lv-LV\"},{\"@type\":\"Organization\",\"@id\":\"https:\\\/\\\/kidsplay.lt\\\/#organization\",\"name\":\"KidsPlay\",\"url\":\"https:\\\/\\\/kidsplay.lt\\\/\",\"logo\":{\"@type\":\"ImageObject\",\"inLanguage\":\"lv-LV\",\"@id\":\"https:\\\/\\\/kidsplay.lt\\\/#\\\/schema\\\/logo\\\/image\\\/\",\"url\":\"https:\\\/\\\/kidsplay.lt\\\/wp-content\\\/uploads\\\/2023\\\/07\\\/kidsplay-logo.png\",\"contentUrl\":\"https:\\\/\\\/kidsplay.lt\\\/wp-content\\\/uploads\\\/2023\\\/07\\\/kidsplay-logo.png\",\"width\":451,\"height\":98,\"caption\":\"KidsPlay\"},\"image\":{\"@id\":\"https:\\\/\\\/kidsplay.lt\\\/#\\\/schema\\\/logo\\\/image\\\/\"},\"sameAs\":[\"https:\\\/\\\/www.facebook.com\\\/www.kidsplay.lt\"]}]}<\/script>\n<!-- \/ Yoast SEO plugin. -->","yoast_head_json":{"title":"D\u0101rza m\u0101jas b\u016bvniec\u012bbas pamats","description":"Pagrindas sodo nameliui pastatyti, Suderinamas su\u00a0bet kuriuo prek\u0117s \u017eenklo nameliu, Auk\u0161ta surinkimo kokyb\u0117. Greitas pristatymas!","robots":{"index":"index","follow":"follow","max-snippet":"max-snippet:-1","max-image-preview":"max-image-preview:large","max-video-preview":"max-video-preview:-1"},"canonical":"https:\/\/kidsplay.lt\/lv\/product\/pagrindas-sodo-nameliui-pastatyti\/","og_locale":"lv_LV","og_type":"article","og_title":"Pagrindas sodo nameliui pastatyti","og_description":"Pagrindas sodo nameliui pastatyti, Suderinamas su\u00a0bet kuriuo prek\u0117s \u017eenklo nameliu, Auk\u0161ta surinkimo kokyb\u0117. Greitas pristatymas!","og_url":"https:\/\/kidsplay.lt\/lv\/product\/pagrindas-sodo-nameliui-pastatyti\/","og_site_name":"KidsPlay","article_publisher":"https:\/\/www.facebook.com\/www.kidsplay.lt","article_modified_time":"2026-04-07T07:59:39+00:00","og_image":[{"width":771,"height":771,"url":"https:\/\/kidsplay.lt\/wp-content\/uploads\/2024\/09\/Pagrindas-sodo-nameliui-pastatyti.jpg","type":"image\/jpeg"}],"twitter_card":"summary_large_image","schema":{"@context":"https:\/\/schema.org","@graph":[{"@type":"WebPage","@id":"https:\/\/kidsplay.lt\/produktas\/pagrindas-sodo-nameliui-pastatyti\/","url":"https:\/\/kidsplay.lt\/produktas\/pagrindas-sodo-nameliui-pastatyti\/","name":"D\u0101rza m\u0101jas b\u016bvniec\u012bbas pamats","isPartOf":{"@id":"https:\/\/kidsplay.lt\/#website"},"primaryImageOfPage":{"@id":"https:\/\/kidsplay.lt\/produktas\/pagrindas-sodo-nameliui-pastatyti\/#primaryimage"},"image":{"@id":"https:\/\/kidsplay.lt\/produktas\/pagrindas-sodo-nameliui-pastatyti\/#primaryimage"},"thumbnailUrl":"https:\/\/kidsplay.lt\/wp-content\/uploads\/2024\/09\/Pagrindas-sodo-nameliui-pastatyti.jpg","datePublished":"2026-02-26T07:47:17+00:00","dateModified":"2026-04-07T07:59:39+00:00","description":"Pagrindas sodo nameliui pastatyti, Suderinamas su\u00a0bet kuriuo prek\u0117s \u017eenklo nameliu, Auk\u0161ta surinkimo kokyb\u0117. Greitas pristatymas!","breadcrumb":{"@id":"https:\/\/kidsplay.lt\/produktas\/pagrindas-sodo-nameliui-pastatyti\/#breadcrumb"},"inLanguage":"lv-LV","potentialAction":[{"@type":"ReadAction","target":["https:\/\/kidsplay.lt\/produktas\/pagrindas-sodo-nameliui-pastatyti\/"]}]},{"@type":"ImageObject","inLanguage":"lv-LV","@id":"https:\/\/kidsplay.lt\/produktas\/pagrindas-sodo-nameliui-pastatyti\/#primaryimage","url":"https:\/\/kidsplay.lt\/wp-content\/uploads\/2024\/09\/Pagrindas-sodo-nameliui-pastatyti.jpg","contentUrl":"https:\/\/kidsplay.lt\/wp-content\/uploads\/2024\/09\/Pagrindas-sodo-nameliui-pastatyti.jpg","width":771,"height":771,"caption":"Pagrindas sodo nameliui pastatyti"},{"@type":"BreadcrumbList","@id":"https:\/\/kidsplay.lt\/produktas\/pagrindas-sodo-nameliui-pastatyti\/#breadcrumb","itemListElement":[{"@type":"ListItem","position":1,"name":"Pagrindinis","item":"https:\/\/kidsplay.lt\/"},{"@type":"ListItem","position":2,"name":"Parduotuv\u0117","item":"https:\/\/kidsplay.lt\/parduotuve\/"},{"@type":"ListItem","position":3,"name":"Pagrindas sodo nameliui pastatyti"}]},{"@type":"WebSite","@id":"https:\/\/kidsplay.lt\/#website","url":"https:\/\/kidsplay.lt\/","name":"B\u0113rnu sp\u0113les.lv","description":"\u012evairios prek\u0117s vaikams","publisher":{"@id":"https:\/\/kidsplay.lt\/#organization"},"alternateName":"Kidsplay","potentialAction":[{"@type":"SearchAction","target":{"@type":"EntryPoint","urlTemplate":"https:\/\/kidsplay.lt\/?s={search_term_string}"},"query-input":{"@type":"PropertyValueSpecification","valueRequired":true,"valueName":"search_term_string"}}],"inLanguage":"lv-LV"},{"@type":"Organization","@id":"https:\/\/kidsplay.lt\/#organization","name":"B\u0113rnu sp\u0113le","url":"https:\/\/kidsplay.lt\/","logo":{"@type":"ImageObject","inLanguage":"lv-LV","@id":"https:\/\/kidsplay.lt\/#\/schema\/logo\/image\/","url":"https:\/\/kidsplay.lt\/wp-content\/uploads\/2023\/07\/kidsplay-logo.png","contentUrl":"https:\/\/kidsplay.lt\/wp-content\/uploads\/2023\/07\/kidsplay-logo.png","width":451,"height":98,"caption":"KidsPlay"},"image":{"@id":"https:\/\/kidsplay.lt\/#\/schema\/logo\/image\/"},"sameAs":["https:\/\/www.facebook.com\/www.kidsplay.lt"]}]}},"_links":{"self":[{"href":"https:\/\/kidsplay.lt\/lv\/wp-json\/wp\/v2\/product\/90525","targetHints":{"allow":["GET"]}}],"collection":[{"href":"https:\/\/kidsplay.lt\/lv\/wp-json\/wp\/v2\/product"}],"about":[{"href":"https:\/\/kidsplay.lt\/lv\/wp-json\/wp\/v2\/types\/product"}],"version-history":[{"count":1,"href":"https:\/\/kidsplay.lt\/lv\/wp-json\/wp\/v2\/product\/90525\/revisions"}],"predecessor-version":[{"id":90526,"href":"https:\/\/kidsplay.lt\/lv\/wp-json\/wp\/v2\/product\/90525\/revisions\/90526"}],"wp:featuredmedia":[{"embeddable":true,"href":"https:\/\/kidsplay.lt\/lv\/wp-json\/wp\/v2\/media\/52632"}],"wp:attachment":[{"href":"https:\/\/kidsplay.lt\/lv\/wp-json\/wp\/v2\/media?parent=90525"}],"wp:term":[{"taxonomy":"product_brand","embeddable":true,"href":"https:\/\/kidsplay.lt\/lv\/wp-json\/wp\/v2\/product_brand?post=90525"},{"taxonomy":"product_cat","embeddable":true,"href":"https:\/\/kidsplay.lt\/lv\/wp-json\/wp\/v2\/product_cat?post=90525"},{"taxonomy":"product_tag","embeddable":true,"href":"https:\/\/kidsplay.lt\/lv\/wp-json\/wp\/v2\/product_tag?post=90525"}],"curies":[{"name":"wp","href":"https:\/\/api.w.org\/{rel}","templated":true}]}}