{"id":90527,"date":"2026-02-26T09:47:20","date_gmt":"2026-02-26T07:47:20","guid":{"rendered":"https:\/\/kidsplay.lt\/produktas\/vandens-sienos-krioklys\/"},"modified":"2026-04-13T15:25:01","modified_gmt":"2026-04-13T12:25:01","slug":"vandens-sienos-krioklys","status":"publish","type":"product","link":"https:\/\/kidsplay.lt\/lv\/products\/vandens-sienos-krioklys\/","title":{"rendered":"Vandens sienos krioklys"},"content":{"rendered":"<p>Nuostabus vandens \u017eaidim\u0173 rinkinys yra i\u0161skirtinis dvipusis krioklio kalnas yra su 13 skirting\u0173 pried\u0173, kurie suteiks puiki\u0105 pramog\u0105 visai \u0161eimai. Vaikai turi visi\u0161k\u0105 laisv\u0119, nes kiekvien\u0105 vandens labirinto element\u0105 galima pertvarkyti ir sukurti savo dizain\u0105. Ma\u017eieji tyrin\u0117tojai d\u017eiaugsis steb\u0117dami, kaip vanduo teka pro kli\u016btis, su kuriomis jie susiduria. Visas rinkinys pagamintas JAV i\u0161 auk\u0161\u010diausios kokyb\u0117s plastiko.<\/p>\n<p>Vandens stal\u0105 sudaro 13 dali\u0173 pried\u0173 rinkinys.<\/p>","protected":false},"excerpt":{"rendered":"<p>Nuostabus vandens \u017eaidim\u0173 rinkinys yra i\u0161skirtinis dvipusis krioklio kalnas yra su 13 skirting\u0173 pried\u0173, kurie suteiks puiki\u0105 pramog\u0105 visai \u0161eimai.<\/p>","protected":false},"featured_media":52639,"template":"","meta":{"_acf_changed":false,"_glsr_average":0,"_glsr_ranking":0,"_glsr_reviews":0},"product_brand":[],"product_cat":[233,390],"product_tag":[],"class_list":{"0":"post-90527","1":"product","2":"type-product","3":"status-publish","4":"has-post-thumbnail","6":"product_cat-lauko-pramogos","7":"product_cat-vandens-pramogos","8":"\"style=\"background-color: #2ecc711c;\"","10":"first","11":"instock","12":"purchasable","13":"product-type-simple"},"acf":[],"yoast_head":"<!-- This site is optimized with the Yoast SEO plugin v27.3 - https:\/\/yoast.com\/product\/yoast-seo-wordpress\/ -->\n<title>Vandens sienos krioklys<\/title>\n<meta name=\"description\" content=\"Nuostabus vandens \u017eaidim\u0173 rinkinys yra i\u0161skirtinis dvipusis krioklio kalnas yra su 13 skirting\u0173 pried\u0173, kurie suteiks puiki\u0105 pramog\u0105 visai \u0161eimai.\" \/>\n<meta name=\"robots\" content=\"index, follow, max-snippet:-1, max-image-preview:large, max-video-preview:-1\" \/>\n<link rel=\"canonical\" href=\"https:\/\/kidsplay.lt\/lv\/products\/vandens-sienos-krioklys\/\" \/>\n<meta property=\"og:locale\" content=\"lv_LV\" \/>\n<meta property=\"og:type\" content=\"article\" \/>\n<meta property=\"og:title\" content=\"Vandens sienos krioklys\" \/>\n<meta property=\"og:description\" content=\"Nuostabus vandens \u017eaidim\u0173 rinkinys yra i\u0161skirtinis dvipusis krioklio kalnas yra su 13 skirting\u0173 pried\u0173, kurie suteiks puiki\u0105 pramog\u0105 visai \u0161eimai.\" \/>\n<meta property=\"og:url\" content=\"https:\/\/kidsplay.lt\/lv\/products\/vandens-sienos-krioklys\/\" \/>\n<meta property=\"og:site_name\" content=\"KidsPlay\" \/>\n<meta property=\"article:publisher\" content=\"https:\/\/www.facebook.com\/www.kidsplay.lt\" \/>\n<meta property=\"article:modified_time\" content=\"2026-04-13T12:25:01+00:00\" \/>\n<meta property=\"og:image\" content=\"https:\/\/kidsplay.lt\/wp-content\/uploads\/2024\/09\/Vandens-sienos-krioklys.jpg\" \/>\n\t<meta property=\"og:image:width\" content=\"1000\" \/>\n\t<meta property=\"og:image:height\" content=\"1000\" \/>\n\t<meta property=\"og:image:type\" content=\"image\/jpeg\" \/>\n<meta name=\"twitter:card\" content=\"summary_large_image\" \/>\n<script type=\"application\/ld+json\" class=\"yoast-schema-graph\">{\"@context\":\"https:\\\/\\\/schema.org\",\"@graph\":[{\"@type\":\"WebPage\",\"@id\":\"https:\\\/\\\/kidsplay.lt\\\/produktas\\\/vandens-sienos-krioklys\\\/\",\"url\":\"https:\\\/\\\/kidsplay.lt\\\/produktas\\\/vandens-sienos-krioklys\\\/\",\"name\":\"Vandens sienos krioklys\",\"isPartOf\":{\"@id\":\"https:\\\/\\\/kidsplay.lt\\\/#website\"},\"primaryImageOfPage\":{\"@id\":\"https:\\\/\\\/kidsplay.lt\\\/produktas\\\/vandens-sienos-krioklys\\\/#primaryimage\"},\"image\":{\"@id\":\"https:\\\/\\\/kidsplay.lt\\\/produktas\\\/vandens-sienos-krioklys\\\/#primaryimage\"},\"thumbnailUrl\":\"https:\\\/\\\/kidsplay.lt\\\/wp-content\\\/uploads\\\/2024\\\/09\\\/Vandens-sienos-krioklys.jpg\",\"datePublished\":\"2026-02-26T07:47:20+00:00\",\"dateModified\":\"2026-04-13T12:25:01+00:00\",\"description\":\"Nuostabus vandens \u017eaidim\u0173 rinkinys yra i\u0161skirtinis dvipusis krioklio kalnas yra su 13 skirting\u0173 pried\u0173, kurie suteiks puiki\u0105 pramog\u0105 visai \u0161eimai.\",\"breadcrumb\":{\"@id\":\"https:\\\/\\\/kidsplay.lt\\\/produktas\\\/vandens-sienos-krioklys\\\/#breadcrumb\"},\"inLanguage\":\"lv-LV\",\"potentialAction\":[{\"@type\":\"ReadAction\",\"target\":[\"https:\\\/\\\/kidsplay.lt\\\/produktas\\\/vandens-sienos-krioklys\\\/\"]}]},{\"@type\":\"ImageObject\",\"inLanguage\":\"lv-LV\",\"@id\":\"https:\\\/\\\/kidsplay.lt\\\/produktas\\\/vandens-sienos-krioklys\\\/#primaryimage\",\"url\":\"https:\\\/\\\/kidsplay.lt\\\/wp-content\\\/uploads\\\/2024\\\/09\\\/Vandens-sienos-krioklys.jpg\",\"contentUrl\":\"https:\\\/\\\/kidsplay.lt\\\/wp-content\\\/uploads\\\/2024\\\/09\\\/Vandens-sienos-krioklys.jpg\",\"width\":1000,\"height\":1000,\"caption\":\"Vandens sienos krioklys\"},{\"@type\":\"BreadcrumbList\",\"@id\":\"https:\\\/\\\/kidsplay.lt\\\/produktas\\\/vandens-sienos-krioklys\\\/#breadcrumb\",\"itemListElement\":[{\"@type\":\"ListItem\",\"position\":1,\"name\":\"Pagrindinis\",\"item\":\"https:\\\/\\\/kidsplay.lt\\\/\"},{\"@type\":\"ListItem\",\"position\":2,\"name\":\"Parduotuv\u0117\",\"item\":\"https:\\\/\\\/kidsplay.lt\\\/parduotuve\\\/\"},{\"@type\":\"ListItem\",\"position\":3,\"name\":\"Vandens sienos krioklys\"}]},{\"@type\":\"WebSite\",\"@id\":\"https:\\\/\\\/kidsplay.lt\\\/#website\",\"url\":\"https:\\\/\\\/kidsplay.lt\\\/\",\"name\":\"Kidsplay.lt\",\"description\":\"\u012evairios prek\u0117s vaikams\",\"publisher\":{\"@id\":\"https:\\\/\\\/kidsplay.lt\\\/#organization\"},\"alternateName\":\"Kidsplay\",\"potentialAction\":[{\"@type\":\"SearchAction\",\"target\":{\"@type\":\"EntryPoint\",\"urlTemplate\":\"https:\\\/\\\/kidsplay.lt\\\/?s={search_term_string}\"},\"query-input\":{\"@type\":\"PropertyValueSpecification\",\"valueRequired\":true,\"valueName\":\"search_term_string\"}}],\"inLanguage\":\"lv-LV\"},{\"@type\":\"Organization\",\"@id\":\"https:\\\/\\\/kidsplay.lt\\\/#organization\",\"name\":\"KidsPlay\",\"url\":\"https:\\\/\\\/kidsplay.lt\\\/\",\"logo\":{\"@type\":\"ImageObject\",\"inLanguage\":\"lv-LV\",\"@id\":\"https:\\\/\\\/kidsplay.lt\\\/#\\\/schema\\\/logo\\\/image\\\/\",\"url\":\"https:\\\/\\\/kidsplay.lt\\\/wp-content\\\/uploads\\\/2023\\\/07\\\/kidsplay-logo.png\",\"contentUrl\":\"https:\\\/\\\/kidsplay.lt\\\/wp-content\\\/uploads\\\/2023\\\/07\\\/kidsplay-logo.png\",\"width\":451,\"height\":98,\"caption\":\"KidsPlay\"},\"image\":{\"@id\":\"https:\\\/\\\/kidsplay.lt\\\/#\\\/schema\\\/logo\\\/image\\\/\"},\"sameAs\":[\"https:\\\/\\\/www.facebook.com\\\/www.kidsplay.lt\"]}]}<\/script>\n<!-- \/ Yoast SEO plugin. -->","yoast_head_json":{"title":"Vandens sienos krioklys","description":"Nuostabus vandens \u017eaidim\u0173 rinkinys yra i\u0161skirtinis dvipusis krioklio kalnas yra su 13 skirting\u0173 pried\u0173, kurie suteiks puiki\u0105 pramog\u0105 visai \u0161eimai.","robots":{"index":"index","follow":"follow","max-snippet":"max-snippet:-1","max-image-preview":"max-image-preview:large","max-video-preview":"max-video-preview:-1"},"canonical":"https:\/\/kidsplay.lt\/lv\/products\/vandens-sienos-krioklys\/","og_locale":"lv_LV","og_type":"article","og_title":"Vandens sienos krioklys","og_description":"Nuostabus vandens \u017eaidim\u0173 rinkinys yra i\u0161skirtinis dvipusis krioklio kalnas yra su 13 skirting\u0173 pried\u0173, kurie suteiks puiki\u0105 pramog\u0105 visai \u0161eimai.","og_url":"https:\/\/kidsplay.lt\/lv\/products\/vandens-sienos-krioklys\/","og_site_name":"KidsPlay","article_publisher":"https:\/\/www.facebook.com\/www.kidsplay.lt","article_modified_time":"2026-04-13T12:25:01+00:00","og_image":[{"width":1000,"height":1000,"url":"https:\/\/kidsplay.lt\/wp-content\/uploads\/2024\/09\/Vandens-sienos-krioklys.jpg","type":"image\/jpeg"}],"twitter_card":"summary_large_image","schema":{"@context":"https:\/\/schema.org","@graph":[{"@type":"WebPage","@id":"https:\/\/kidsplay.lt\/produktas\/vandens-sienos-krioklys\/","url":"https:\/\/kidsplay.lt\/produktas\/vandens-sienos-krioklys\/","name":"Vandens sienos krioklys","isPartOf":{"@id":"https:\/\/kidsplay.lt\/#website"},"primaryImageOfPage":{"@id":"https:\/\/kidsplay.lt\/produktas\/vandens-sienos-krioklys\/#primaryimage"},"image":{"@id":"https:\/\/kidsplay.lt\/produktas\/vandens-sienos-krioklys\/#primaryimage"},"thumbnailUrl":"https:\/\/kidsplay.lt\/wp-content\/uploads\/2024\/09\/Vandens-sienos-krioklys.jpg","datePublished":"2026-02-26T07:47:20+00:00","dateModified":"2026-04-13T12:25:01+00:00","description":"Nuostabus vandens \u017eaidim\u0173 rinkinys yra i\u0161skirtinis dvipusis krioklio kalnas yra su 13 skirting\u0173 pried\u0173, kurie suteiks puiki\u0105 pramog\u0105 visai \u0161eimai.","breadcrumb":{"@id":"https:\/\/kidsplay.lt\/produktas\/vandens-sienos-krioklys\/#breadcrumb"},"inLanguage":"lv-LV","potentialAction":[{"@type":"ReadAction","target":["https:\/\/kidsplay.lt\/produktas\/vandens-sienos-krioklys\/"]}]},{"@type":"ImageObject","inLanguage":"lv-LV","@id":"https:\/\/kidsplay.lt\/produktas\/vandens-sienos-krioklys\/#primaryimage","url":"https:\/\/kidsplay.lt\/wp-content\/uploads\/2024\/09\/Vandens-sienos-krioklys.jpg","contentUrl":"https:\/\/kidsplay.lt\/wp-content\/uploads\/2024\/09\/Vandens-sienos-krioklys.jpg","width":1000,"height":1000,"caption":"Vandens sienos krioklys"},{"@type":"BreadcrumbList","@id":"https:\/\/kidsplay.lt\/produktas\/vandens-sienos-krioklys\/#breadcrumb","itemListElement":[{"@type":"ListItem","position":1,"name":"Pagrindinis","item":"https:\/\/kidsplay.lt\/"},{"@type":"ListItem","position":2,"name":"Parduotuv\u0117","item":"https:\/\/kidsplay.lt\/parduotuve\/"},{"@type":"ListItem","position":3,"name":"Vandens sienos krioklys"}]},{"@type":"WebSite","@id":"https:\/\/kidsplay.lt\/#website","url":"https:\/\/kidsplay.lt\/","name":"B\u0113rnu sp\u0113les.lv","description":"\u012evairios prek\u0117s vaikams","publisher":{"@id":"https:\/\/kidsplay.lt\/#organization"},"alternateName":"Kidsplay","potentialAction":[{"@type":"SearchAction","target":{"@type":"EntryPoint","urlTemplate":"https:\/\/kidsplay.lt\/?s={search_term_string}"},"query-input":{"@type":"PropertyValueSpecification","valueRequired":true,"valueName":"search_term_string"}}],"inLanguage":"lv-LV"},{"@type":"Organization","@id":"https:\/\/kidsplay.lt\/#organization","name":"B\u0113rnu sp\u0113le","url":"https:\/\/kidsplay.lt\/","logo":{"@type":"ImageObject","inLanguage":"lv-LV","@id":"https:\/\/kidsplay.lt\/#\/schema\/logo\/image\/","url":"https:\/\/kidsplay.lt\/wp-content\/uploads\/2023\/07\/kidsplay-logo.png","contentUrl":"https:\/\/kidsplay.lt\/wp-content\/uploads\/2023\/07\/kidsplay-logo.png","width":451,"height":98,"caption":"KidsPlay"},"image":{"@id":"https:\/\/kidsplay.lt\/#\/schema\/logo\/image\/"},"sameAs":["https:\/\/www.facebook.com\/www.kidsplay.lt"]}]}},"_links":{"self":[{"href":"https:\/\/kidsplay.lt\/lv\/wp-json\/wp\/v2\/product\/90527","targetHints":{"allow":["GET"]}}],"collection":[{"href":"https:\/\/kidsplay.lt\/lv\/wp-json\/wp\/v2\/product"}],"about":[{"href":"https:\/\/kidsplay.lt\/lv\/wp-json\/wp\/v2\/types\/product"}],"version-history":[{"count":1,"href":"https:\/\/kidsplay.lt\/lv\/wp-json\/wp\/v2\/product\/90527\/revisions"}],"predecessor-version":[{"id":90528,"href":"https:\/\/kidsplay.lt\/lv\/wp-json\/wp\/v2\/product\/90527\/revisions\/90528"}],"wp:featuredmedia":[{"embeddable":true,"href":"https:\/\/kidsplay.lt\/lv\/wp-json\/wp\/v2\/media\/52639"}],"wp:attachment":[{"href":"https:\/\/kidsplay.lt\/lv\/wp-json\/wp\/v2\/media?parent=90527"}],"wp:term":[{"taxonomy":"product_brand","embeddable":true,"href":"https:\/\/kidsplay.lt\/lv\/wp-json\/wp\/v2\/product_brand?post=90527"},{"taxonomy":"product_cat","embeddable":true,"href":"https:\/\/kidsplay.lt\/lv\/wp-json\/wp\/v2\/product_cat?post=90527"},{"taxonomy":"product_tag","embeddable":true,"href":"https:\/\/kidsplay.lt\/lv\/wp-json\/wp\/v2\/product_tag?post=90527"}],"curies":[{"name":"wp","href":"https:\/\/api.w.org\/{rel}","templated":true}]}}