{"id":90531,"date":"2026-02-26T09:47:25","date_gmt":"2026-02-26T07:47:25","guid":{"rendered":"https:\/\/kidsplay.lt\/produktas\/arkadinis-zaidimas-2-raketes-ir-kamuoliai\/"},"modified":"2026-04-13T15:25:10","modified_gmt":"2026-04-13T12:25:10","slug":"arkadinis-zaidimas-2-raketes-ir-kamuoliai","status":"publish","type":"product","link":"https:\/\/kidsplay.lt\/lv\/products\/arkadinis-zaidimas-2-raketes-ir-kamuoliai\/","title":{"rendered":"Ark\u0101des sp\u0113le \u2013 2 raketes un bumbi\u0146as"},"content":{"rendered":"<p>Sp\u0113le &quot;\u0136ER BUMBU&quot; ir lab\u0101k\u0101 izklaide ikvienam un visur! Komplekt\u0101 ietilpst 2 paletes kop\u012bgai sp\u0113l\u0113\u0161anai un 2 bumbi\u0146as. Sp\u0113le ietver bumbas piesp\u0113li un t\u0101s no\u0137er\u0161anu ar \u0137ep\u0101m. Var sp\u0113l\u0113t vienatn\u0113 vai kop\u0101 ar draugiem. Var sp\u0113l\u0113t jebkur - gan telp\u0101s, gan \u0101r\u0101. Spilgtas kr\u0101sas piesaist\u012bs ikviena b\u0113rna uzman\u012bbu un iesaist\u012bs vi\u0146u akt\u012bv\u0101 sp\u0113l\u0113. \u0160\u012b sp\u0113le att\u012bsta komandas darbu un sacens\u012bbu garu, vienlaikus att\u012bstot b\u0113rna motorisk\u0101s prasmes.<\/p>\n<p>\u2013 Rota\u013clieta no 3 gadu vecuma<br \/>\n\u2013 komplekts sast\u0101v no 4 da\u013c\u0101m<br \/>\n- var sp\u0113l\u0113t vienatn\u0113 vai kop\u0101 ar draugiem<br \/>\n- var sp\u0113l\u0113t gan telp\u0101s, gan \u0101r\u0101<\/p>","protected":false},"excerpt":{"rendered":"<p>\u017daidimas CATCH BALL yra geriausia pramoga\u00a0visiems\u00a0ir\u00a0visur!\u00a0Rinkin\u012f sudaro 2 palet\u0117s, skirtos \u017eaisti kartu, ir 2 kamuoliukai. \u017daidim\u0105 sudaro kamuoliuko perdavimas ir<\/p>","protected":false},"featured_media":52651,"template":"","meta":{"_acf_changed":false,"_glsr_average":0,"_glsr_ranking":0,"_glsr_reviews":0},"product_brand":[],"product_cat":[233,430],"product_tag":[],"class_list":{"0":"post-90531","1":"product","2":"type-product","3":"status-publish","4":"has-post-thumbnail","6":"product_cat-lauko-pramogos","7":"product_cat-zaidimai-ir-linksmybes","8":"\"style=\"background-color: #2ecc711c;\"","10":"first","11":"instock","12":"purchasable","13":"product-type-simple"},"acf":[],"yoast_head":"<!-- This site is optimized with the Yoast SEO plugin v27.4 - https:\/\/yoast.com\/product\/yoast-seo-wordpress\/ -->\n<title>Arkadinis \u017eaidimas &#8211; 2 raket\u0117s ir kamuoliai<\/title>\n<meta name=\"description\" content=\"\u017daidimas CATCH BALL yra geriausia pramoga\u00a0visiems\u00a0ir\u00a0visur!\u00a0Rinkin\u012f sudaro 2 palet\u0117s, skirtos \u017eaisti kartu, ir 2 kamuoliukai.\" \/>\n<meta name=\"robots\" content=\"index, follow, max-snippet:-1, max-image-preview:large, max-video-preview:-1\" \/>\n<link rel=\"canonical\" href=\"https:\/\/kidsplay.lt\/lv\/products\/arkadinis-zaidimas-2-raketes-ir-kamuoliai\/\" \/>\n<meta property=\"og:locale\" content=\"lv_LV\" \/>\n<meta property=\"og:type\" content=\"article\" \/>\n<meta property=\"og:title\" content=\"Arkadinis \u017eaidimas &#8211; 2 raket\u0117s ir kamuoliai\" \/>\n<meta property=\"og:description\" content=\"\u017daidimas CATCH BALL yra geriausia pramoga\u00a0visiems\u00a0ir\u00a0visur!\u00a0Rinkin\u012f sudaro 2 palet\u0117s, skirtos \u017eaisti kartu, ir 2 kamuoliukai.\" \/>\n<meta property=\"og:url\" content=\"https:\/\/kidsplay.lt\/lv\/products\/arkadinis-zaidimas-2-raketes-ir-kamuoliai\/\" \/>\n<meta property=\"og:site_name\" content=\"KidsPlay\" \/>\n<meta property=\"article:publisher\" content=\"https:\/\/www.facebook.com\/www.kidsplay.lt\" \/>\n<meta property=\"article:modified_time\" content=\"2026-04-13T12:25:10+00:00\" \/>\n<meta property=\"og:image\" content=\"https:\/\/kidsplay.lt\/wp-content\/uploads\/2024\/09\/Arkadinis-zaidimas-\u2013-2-raketes-ir-kamuoliai.jpg\" \/>\n\t<meta property=\"og:image:width\" content=\"1000\" \/>\n\t<meta property=\"og:image:height\" content=\"1000\" \/>\n\t<meta property=\"og:image:type\" content=\"image\/jpeg\" \/>\n<meta name=\"twitter:card\" content=\"summary_large_image\" \/>\n<script type=\"application\/ld+json\" class=\"yoast-schema-graph\">{\"@context\":\"https:\\\/\\\/schema.org\",\"@graph\":[{\"@type\":\"WebPage\",\"@id\":\"https:\\\/\\\/kidsplay.lt\\\/produktas\\\/arkadinis-zaidimas-2-raketes-ir-kamuoliai\\\/\",\"url\":\"https:\\\/\\\/kidsplay.lt\\\/produktas\\\/arkadinis-zaidimas-2-raketes-ir-kamuoliai\\\/\",\"name\":\"Arkadinis \u017eaidimas &#8211; 2 raket\u0117s ir kamuoliai\",\"isPartOf\":{\"@id\":\"https:\\\/\\\/kidsplay.lt\\\/#website\"},\"primaryImageOfPage\":{\"@id\":\"https:\\\/\\\/kidsplay.lt\\\/produktas\\\/arkadinis-zaidimas-2-raketes-ir-kamuoliai\\\/#primaryimage\"},\"image\":{\"@id\":\"https:\\\/\\\/kidsplay.lt\\\/produktas\\\/arkadinis-zaidimas-2-raketes-ir-kamuoliai\\\/#primaryimage\"},\"thumbnailUrl\":\"https:\\\/\\\/kidsplay.lt\\\/wp-content\\\/uploads\\\/2024\\\/09\\\/Arkadinis-zaidimas-\u2013-2-raketes-ir-kamuoliai.jpg\",\"datePublished\":\"2026-02-26T07:47:25+00:00\",\"dateModified\":\"2026-04-13T12:25:10+00:00\",\"description\":\"\u017daidimas CATCH BALL yra geriausia pramoga\u00a0visiems\u00a0ir\u00a0visur!\u00a0Rinkin\u012f sudaro 2 palet\u0117s, skirtos \u017eaisti kartu, ir 2 kamuoliukai.\",\"breadcrumb\":{\"@id\":\"https:\\\/\\\/kidsplay.lt\\\/produktas\\\/arkadinis-zaidimas-2-raketes-ir-kamuoliai\\\/#breadcrumb\"},\"inLanguage\":\"lv-LV\",\"potentialAction\":[{\"@type\":\"ReadAction\",\"target\":[\"https:\\\/\\\/kidsplay.lt\\\/produktas\\\/arkadinis-zaidimas-2-raketes-ir-kamuoliai\\\/\"]}]},{\"@type\":\"ImageObject\",\"inLanguage\":\"lv-LV\",\"@id\":\"https:\\\/\\\/kidsplay.lt\\\/produktas\\\/arkadinis-zaidimas-2-raketes-ir-kamuoliai\\\/#primaryimage\",\"url\":\"https:\\\/\\\/kidsplay.lt\\\/wp-content\\\/uploads\\\/2024\\\/09\\\/Arkadinis-zaidimas-\u2013-2-raketes-ir-kamuoliai.jpg\",\"contentUrl\":\"https:\\\/\\\/kidsplay.lt\\\/wp-content\\\/uploads\\\/2024\\\/09\\\/Arkadinis-zaidimas-\u2013-2-raketes-ir-kamuoliai.jpg\",\"width\":1000,\"height\":1000,\"caption\":\"Arkadinis \u017eaidimas &#8211; 2 raket\u0117s ir kamuoliai\"},{\"@type\":\"BreadcrumbList\",\"@id\":\"https:\\\/\\\/kidsplay.lt\\\/produktas\\\/arkadinis-zaidimas-2-raketes-ir-kamuoliai\\\/#breadcrumb\",\"itemListElement\":[{\"@type\":\"ListItem\",\"position\":1,\"name\":\"Pagrindinis\",\"item\":\"https:\\\/\\\/kidsplay.lt\\\/\"},{\"@type\":\"ListItem\",\"position\":2,\"name\":\"Parduotuv\u0117\",\"item\":\"https:\\\/\\\/kidsplay.lt\\\/parduotuve\\\/\"},{\"@type\":\"ListItem\",\"position\":3,\"name\":\"Arkadinis \u017eaidimas &#8211; 2 raket\u0117s ir kamuoliai\"}]},{\"@type\":\"WebSite\",\"@id\":\"https:\\\/\\\/kidsplay.lt\\\/#website\",\"url\":\"https:\\\/\\\/kidsplay.lt\\\/\",\"name\":\"Kidsplay.lt\",\"description\":\"\u012evairios prek\u0117s vaikams\",\"publisher\":{\"@id\":\"https:\\\/\\\/kidsplay.lt\\\/#organization\"},\"alternateName\":\"Kidsplay\",\"potentialAction\":[{\"@type\":\"SearchAction\",\"target\":{\"@type\":\"EntryPoint\",\"urlTemplate\":\"https:\\\/\\\/kidsplay.lt\\\/?s={search_term_string}\"},\"query-input\":{\"@type\":\"PropertyValueSpecification\",\"valueRequired\":true,\"valueName\":\"search_term_string\"}}],\"inLanguage\":\"lv-LV\"},{\"@type\":\"Organization\",\"@id\":\"https:\\\/\\\/kidsplay.lt\\\/#organization\",\"name\":\"KidsPlay\",\"url\":\"https:\\\/\\\/kidsplay.lt\\\/\",\"logo\":{\"@type\":\"ImageObject\",\"inLanguage\":\"lv-LV\",\"@id\":\"https:\\\/\\\/kidsplay.lt\\\/#\\\/schema\\\/logo\\\/image\\\/\",\"url\":\"https:\\\/\\\/kidsplay.lt\\\/wp-content\\\/uploads\\\/2023\\\/07\\\/kidsplay-logo.png\",\"contentUrl\":\"https:\\\/\\\/kidsplay.lt\\\/wp-content\\\/uploads\\\/2023\\\/07\\\/kidsplay-logo.png\",\"width\":451,\"height\":98,\"caption\":\"KidsPlay\"},\"image\":{\"@id\":\"https:\\\/\\\/kidsplay.lt\\\/#\\\/schema\\\/logo\\\/image\\\/\"},\"sameAs\":[\"https:\\\/\\\/www.facebook.com\\\/www.kidsplay.lt\"]}]}<\/script>\n<!-- \/ Yoast SEO plugin. -->","yoast_head_json":{"title":"Ark\u0101des sp\u0113le \u2013 2 raketes un bumbi\u0146as","description":"\u017daidimas CATCH BALL yra geriausia pramoga\u00a0visiems\u00a0ir\u00a0visur!\u00a0Rinkin\u012f sudaro 2 palet\u0117s, skirtos \u017eaisti kartu, ir 2 kamuoliukai.","robots":{"index":"index","follow":"follow","max-snippet":"max-snippet:-1","max-image-preview":"max-image-preview:large","max-video-preview":"max-video-preview:-1"},"canonical":"https:\/\/kidsplay.lt\/lv\/products\/arkadinis-zaidimas-2-raketes-ir-kamuoliai\/","og_locale":"lv_LV","og_type":"article","og_title":"Arkadinis \u017eaidimas &#8211; 2 raket\u0117s ir kamuoliai","og_description":"\u017daidimas CATCH BALL yra geriausia pramoga\u00a0visiems\u00a0ir\u00a0visur!\u00a0Rinkin\u012f sudaro 2 palet\u0117s, skirtos \u017eaisti kartu, ir 2 kamuoliukai.","og_url":"https:\/\/kidsplay.lt\/lv\/products\/arkadinis-zaidimas-2-raketes-ir-kamuoliai\/","og_site_name":"KidsPlay","article_publisher":"https:\/\/www.facebook.com\/www.kidsplay.lt","article_modified_time":"2026-04-13T12:25:10+00:00","og_image":[{"width":1000,"height":1000,"url":"https:\/\/kidsplay.lt\/wp-content\/uploads\/2024\/09\/Arkadinis-zaidimas-\u2013-2-raketes-ir-kamuoliai.jpg","type":"image\/jpeg"}],"twitter_card":"summary_large_image","schema":{"@context":"https:\/\/schema.org","@graph":[{"@type":"WebPage","@id":"https:\/\/kidsplay.lt\/produktas\/arkadinis-zaidimas-2-raketes-ir-kamuoliai\/","url":"https:\/\/kidsplay.lt\/produktas\/arkadinis-zaidimas-2-raketes-ir-kamuoliai\/","name":"Ark\u0101des sp\u0113le \u2013 2 raketes un bumbi\u0146as","isPartOf":{"@id":"https:\/\/kidsplay.lt\/#website"},"primaryImageOfPage":{"@id":"https:\/\/kidsplay.lt\/produktas\/arkadinis-zaidimas-2-raketes-ir-kamuoliai\/#primaryimage"},"image":{"@id":"https:\/\/kidsplay.lt\/produktas\/arkadinis-zaidimas-2-raketes-ir-kamuoliai\/#primaryimage"},"thumbnailUrl":"https:\/\/kidsplay.lt\/wp-content\/uploads\/2024\/09\/Arkadinis-zaidimas-\u2013-2-raketes-ir-kamuoliai.jpg","datePublished":"2026-02-26T07:47:25+00:00","dateModified":"2026-04-13T12:25:10+00:00","description":"\u017daidimas CATCH BALL yra geriausia pramoga\u00a0visiems\u00a0ir\u00a0visur!\u00a0Rinkin\u012f sudaro 2 palet\u0117s, skirtos \u017eaisti kartu, ir 2 kamuoliukai.","breadcrumb":{"@id":"https:\/\/kidsplay.lt\/produktas\/arkadinis-zaidimas-2-raketes-ir-kamuoliai\/#breadcrumb"},"inLanguage":"lv-LV","potentialAction":[{"@type":"ReadAction","target":["https:\/\/kidsplay.lt\/produktas\/arkadinis-zaidimas-2-raketes-ir-kamuoliai\/"]}]},{"@type":"ImageObject","inLanguage":"lv-LV","@id":"https:\/\/kidsplay.lt\/produktas\/arkadinis-zaidimas-2-raketes-ir-kamuoliai\/#primaryimage","url":"https:\/\/kidsplay.lt\/wp-content\/uploads\/2024\/09\/Arkadinis-zaidimas-\u2013-2-raketes-ir-kamuoliai.jpg","contentUrl":"https:\/\/kidsplay.lt\/wp-content\/uploads\/2024\/09\/Arkadinis-zaidimas-\u2013-2-raketes-ir-kamuoliai.jpg","width":1000,"height":1000,"caption":"Arkadinis \u017eaidimas &#8211; 2 raket\u0117s ir kamuoliai"},{"@type":"BreadcrumbList","@id":"https:\/\/kidsplay.lt\/produktas\/arkadinis-zaidimas-2-raketes-ir-kamuoliai\/#breadcrumb","itemListElement":[{"@type":"ListItem","position":1,"name":"Pagrindinis","item":"https:\/\/kidsplay.lt\/"},{"@type":"ListItem","position":2,"name":"Parduotuv\u0117","item":"https:\/\/kidsplay.lt\/parduotuve\/"},{"@type":"ListItem","position":3,"name":"Arkadinis \u017eaidimas &#8211; 2 raket\u0117s ir kamuoliai"}]},{"@type":"WebSite","@id":"https:\/\/kidsplay.lt\/#website","url":"https:\/\/kidsplay.lt\/","name":"B\u0113rnu sp\u0113les.lv","description":"\u012evairios prek\u0117s vaikams","publisher":{"@id":"https:\/\/kidsplay.lt\/#organization"},"alternateName":"Kidsplay","potentialAction":[{"@type":"SearchAction","target":{"@type":"EntryPoint","urlTemplate":"https:\/\/kidsplay.lt\/?s={search_term_string}"},"query-input":{"@type":"PropertyValueSpecification","valueRequired":true,"valueName":"search_term_string"}}],"inLanguage":"lv-LV"},{"@type":"Organization","@id":"https:\/\/kidsplay.lt\/#organization","name":"B\u0113rnu sp\u0113le","url":"https:\/\/kidsplay.lt\/","logo":{"@type":"ImageObject","inLanguage":"lv-LV","@id":"https:\/\/kidsplay.lt\/#\/schema\/logo\/image\/","url":"https:\/\/kidsplay.lt\/wp-content\/uploads\/2023\/07\/kidsplay-logo.png","contentUrl":"https:\/\/kidsplay.lt\/wp-content\/uploads\/2023\/07\/kidsplay-logo.png","width":451,"height":98,"caption":"KidsPlay"},"image":{"@id":"https:\/\/kidsplay.lt\/#\/schema\/logo\/image\/"},"sameAs":["https:\/\/www.facebook.com\/www.kidsplay.lt"]}]}},"_links":{"self":[{"href":"https:\/\/kidsplay.lt\/lv\/wp-json\/wp\/v2\/product\/90531","targetHints":{"allow":["GET"]}}],"collection":[{"href":"https:\/\/kidsplay.lt\/lv\/wp-json\/wp\/v2\/product"}],"about":[{"href":"https:\/\/kidsplay.lt\/lv\/wp-json\/wp\/v2\/types\/product"}],"version-history":[{"count":1,"href":"https:\/\/kidsplay.lt\/lv\/wp-json\/wp\/v2\/product\/90531\/revisions"}],"predecessor-version":[{"id":90532,"href":"https:\/\/kidsplay.lt\/lv\/wp-json\/wp\/v2\/product\/90531\/revisions\/90532"}],"wp:featuredmedia":[{"embeddable":true,"href":"https:\/\/kidsplay.lt\/lv\/wp-json\/wp\/v2\/media\/52651"}],"wp:attachment":[{"href":"https:\/\/kidsplay.lt\/lv\/wp-json\/wp\/v2\/media?parent=90531"}],"wp:term":[{"taxonomy":"product_brand","embeddable":true,"href":"https:\/\/kidsplay.lt\/lv\/wp-json\/wp\/v2\/product_brand?post=90531"},{"taxonomy":"product_cat","embeddable":true,"href":"https:\/\/kidsplay.lt\/lv\/wp-json\/wp\/v2\/product_cat?post=90531"},{"taxonomy":"product_tag","embeddable":true,"href":"https:\/\/kidsplay.lt\/lv\/wp-json\/wp\/v2\/product_tag?post=90531"}],"curies":[{"name":"wp","href":"https:\/\/api.w.org\/{rel}","templated":true}]}}