{"id":90535,"date":"2026-02-26T09:47:30","date_gmt":"2026-02-26T07:47:30","guid":{"rendered":"https:\/\/kidsplay.lt\/produktas\/krepsinio-ir-vartu-sporto-rinkinys-2in1\/"},"modified":"2026-04-07T10:59:57","modified_gmt":"2026-04-07T07:59:57","slug":"krepsinio-ir-vartu-sporto-rinkinys-2in1","status":"publish","type":"product","link":"https:\/\/kidsplay.lt\/lv\/products\/krepsinio-ir-vartu-sporto-rinkinys-2in1\/","title":{"rendered":"Krep\u0161inio ir vart\u0173 sporto rinkinys 2in1"},"content":{"rendered":"<p>Krep\u0161inio kamuolio ir vart\u0173 sporto rinkinys\u00a0yra puikus sporto derinys patiems ma\u017eiausiems vaikams! Vaikas gali pasirinkti, k\u0105 nori \u017eaisti bet kuriuo metu. Vaikas gali \u017eaisti\u00a0krep\u0161in\u012f\u00a0vienas arba\u00a0futbol\u0105\u00a0su draugais &#8211; jam niekada nebus nuobodu!\u00a0Vartuose yra \u012fskaitinis diskas, kas \u012fmu\u0161a daugiausia ta\u0161k\u0173 &#8211; laimi. \u0160is rinkinys tikrai\u00a0paskatins\u00a0j\u016bs\u0173 vaik\u0105 prad\u0117ti sportuoti. U\u017esi\u0117mimas suteiks j\u016bs\u0173 vaikui vadinamosios\u00a0stambiosios motorikos\u00a0lavinimo galimyb\u0119, o tai idealiai tinka tinkamam vaiko vystymuisi. Didelis pliusas yra tai, kad gamin\u012f galima naudoti tiek\u00a0patalpose,\u00a0tiek\u00a0lauke\u00a0&#8211; j\u016bs\u0173 vaikas gal\u0117s \u017eaisti bet kur, nepriklausomai nuo oro s\u0105lyg\u0173. Krep\u0161inio kamuolys yra\u00a0125 cm\u00a0auk\u0161\u010dio &#8211; puikiai tinka patiems ma\u017eiausiems \u017eaid\u0117jams!<\/p>\n<p>&#8211; Pilnas sporto rinkinys\u00a0krep\u0161inio kamuolys + futbolo vartai +\u00a0kamuolys<br \/>\n&#8211;\u00a0skatina ir (arba) motyvuoja vaikus sportuoti<br \/>\n&#8211;\u00a0lengvai surenkamas\u00a0ir\u00a0stabilios konstrukcijos<br \/>\n&#8211; pagamintas i\u0161\u00a0vaikams draugi\u0161kos med\u017eiagos<br \/>\n&#8211; lavina vaik\u0173 smulki\u0105j\u0105\u00a0motorik\u0105<br \/>\n&#8211; galima naudoti\u00a0patalpose\u00a0ir\u00a0lauke<\/p>","protected":false},"excerpt":{"rendered":"<p>Krep\u0161inio kamuolio ir vart\u0173 sporto rinkinys\u00a0yra puikus sporto derinys patiems ma\u017eiausiems vaikams! Vaikas gali pasirinkti, k\u0105 nori \u017eaisti bet kuriuo<\/p>","protected":false},"featured_media":52678,"template":"","meta":{"_acf_changed":false,"_glsr_average":0,"_glsr_ranking":0,"_glsr_reviews":0},"product_brand":[],"product_cat":[233,430],"product_tag":[],"class_list":{"0":"post-90535","1":"product","2":"type-product","3":"status-publish","4":"has-post-thumbnail","6":"product_cat-lauko-pramogos","7":"product_cat-zaidimai-ir-linksmybes","8":"\"style=\"background-color: #2ecc711c;\"","10":"first","11":"instock","12":"purchasable","13":"product-type-simple"},"acf":[],"yoast_head":"<!-- This site is optimized with the Yoast SEO plugin v27.3 - https:\/\/yoast.com\/product\/yoast-seo-wordpress\/ -->\n<title>Krep\u0161inio ir vart\u0173 sporto rinkinys 2in1<\/title>\n<meta name=\"description\" content=\"Krep\u0161inio kamuolio ir vart\u0173 sporto rinkinys\u00a0yra puikus sporto derinys patiems ma\u017eiausiems vaikams! Vaikas gali pasirinkti, k\u0105 nori \u017eaisti bet kuriuo metu.\" \/>\n<meta name=\"robots\" content=\"index, follow, max-snippet:-1, max-image-preview:large, max-video-preview:-1\" \/>\n<link rel=\"canonical\" href=\"https:\/\/kidsplay.lt\/lv\/products\/krepsinio-ir-vartu-sporto-rinkinys-2in1\/\" \/>\n<meta property=\"og:locale\" content=\"lv_LV\" \/>\n<meta property=\"og:type\" content=\"article\" \/>\n<meta property=\"og:title\" content=\"Krep\u0161inio ir vart\u0173 sporto rinkinys 2in1\" \/>\n<meta property=\"og:description\" content=\"Krep\u0161inio kamuolio ir vart\u0173 sporto rinkinys\u00a0yra puikus sporto derinys patiems ma\u017eiausiems vaikams! Vaikas gali pasirinkti, k\u0105 nori \u017eaisti bet kuriuo metu.\" \/>\n<meta property=\"og:url\" content=\"https:\/\/kidsplay.lt\/lv\/products\/krepsinio-ir-vartu-sporto-rinkinys-2in1\/\" \/>\n<meta property=\"og:site_name\" content=\"KidsPlay\" \/>\n<meta property=\"article:publisher\" content=\"https:\/\/www.facebook.com\/www.kidsplay.lt\" \/>\n<meta property=\"article:modified_time\" content=\"2026-04-07T07:59:57+00:00\" \/>\n<meta property=\"og:image\" content=\"https:\/\/kidsplay.lt\/wp-content\/uploads\/2024\/09\/Krepsinio-ir-vartu-sporto-rinkinys-2in1.jpg\" \/>\n\t<meta property=\"og:image:width\" content=\"1000\" \/>\n\t<meta property=\"og:image:height\" content=\"1000\" \/>\n\t<meta property=\"og:image:type\" content=\"image\/jpeg\" \/>\n<meta name=\"twitter:card\" content=\"summary_large_image\" \/>\n<meta name=\"twitter:label1\" content=\"Est. reading time\" \/>\n\t<meta name=\"twitter:data1\" content=\"1 min\u016bte\" \/>\n<script type=\"application\/ld+json\" class=\"yoast-schema-graph\">{\"@context\":\"https:\\\/\\\/schema.org\",\"@graph\":[{\"@type\":\"WebPage\",\"@id\":\"https:\\\/\\\/kidsplay.lt\\\/produktas\\\/krepsinio-ir-vartu-sporto-rinkinys-2in1\\\/\",\"url\":\"https:\\\/\\\/kidsplay.lt\\\/produktas\\\/krepsinio-ir-vartu-sporto-rinkinys-2in1\\\/\",\"name\":\"Krep\u0161inio ir vart\u0173 sporto rinkinys 2in1\",\"isPartOf\":{\"@id\":\"https:\\\/\\\/kidsplay.lt\\\/#website\"},\"primaryImageOfPage\":{\"@id\":\"https:\\\/\\\/kidsplay.lt\\\/produktas\\\/krepsinio-ir-vartu-sporto-rinkinys-2in1\\\/#primaryimage\"},\"image\":{\"@id\":\"https:\\\/\\\/kidsplay.lt\\\/produktas\\\/krepsinio-ir-vartu-sporto-rinkinys-2in1\\\/#primaryimage\"},\"thumbnailUrl\":\"https:\\\/\\\/kidsplay.lt\\\/wp-content\\\/uploads\\\/2024\\\/09\\\/Krepsinio-ir-vartu-sporto-rinkinys-2in1.jpg\",\"datePublished\":\"2026-02-26T07:47:30+00:00\",\"dateModified\":\"2026-04-07T07:59:57+00:00\",\"description\":\"Krep\u0161inio kamuolio ir vart\u0173 sporto rinkinys\u00a0yra puikus sporto derinys patiems ma\u017eiausiems vaikams! Vaikas gali pasirinkti, k\u0105 nori \u017eaisti bet kuriuo metu.\",\"breadcrumb\":{\"@id\":\"https:\\\/\\\/kidsplay.lt\\\/produktas\\\/krepsinio-ir-vartu-sporto-rinkinys-2in1\\\/#breadcrumb\"},\"inLanguage\":\"lv-LV\",\"potentialAction\":[{\"@type\":\"ReadAction\",\"target\":[\"https:\\\/\\\/kidsplay.lt\\\/produktas\\\/krepsinio-ir-vartu-sporto-rinkinys-2in1\\\/\"]}]},{\"@type\":\"ImageObject\",\"inLanguage\":\"lv-LV\",\"@id\":\"https:\\\/\\\/kidsplay.lt\\\/produktas\\\/krepsinio-ir-vartu-sporto-rinkinys-2in1\\\/#primaryimage\",\"url\":\"https:\\\/\\\/kidsplay.lt\\\/wp-content\\\/uploads\\\/2024\\\/09\\\/Krepsinio-ir-vartu-sporto-rinkinys-2in1.jpg\",\"contentUrl\":\"https:\\\/\\\/kidsplay.lt\\\/wp-content\\\/uploads\\\/2024\\\/09\\\/Krepsinio-ir-vartu-sporto-rinkinys-2in1.jpg\",\"width\":1000,\"height\":1000,\"caption\":\"Krep\u0161inio ir vart\u0173 sporto rinkinys 2in1\"},{\"@type\":\"BreadcrumbList\",\"@id\":\"https:\\\/\\\/kidsplay.lt\\\/produktas\\\/krepsinio-ir-vartu-sporto-rinkinys-2in1\\\/#breadcrumb\",\"itemListElement\":[{\"@type\":\"ListItem\",\"position\":1,\"name\":\"Pagrindinis\",\"item\":\"https:\\\/\\\/kidsplay.lt\\\/\"},{\"@type\":\"ListItem\",\"position\":2,\"name\":\"Parduotuv\u0117\",\"item\":\"https:\\\/\\\/kidsplay.lt\\\/parduotuve\\\/\"},{\"@type\":\"ListItem\",\"position\":3,\"name\":\"Krep\u0161inio ir vart\u0173 sporto rinkinys 2in1\"}]},{\"@type\":\"WebSite\",\"@id\":\"https:\\\/\\\/kidsplay.lt\\\/#website\",\"url\":\"https:\\\/\\\/kidsplay.lt\\\/\",\"name\":\"Kidsplay.lt\",\"description\":\"\u012evairios prek\u0117s vaikams\",\"publisher\":{\"@id\":\"https:\\\/\\\/kidsplay.lt\\\/#organization\"},\"alternateName\":\"Kidsplay\",\"potentialAction\":[{\"@type\":\"SearchAction\",\"target\":{\"@type\":\"EntryPoint\",\"urlTemplate\":\"https:\\\/\\\/kidsplay.lt\\\/?s={search_term_string}\"},\"query-input\":{\"@type\":\"PropertyValueSpecification\",\"valueRequired\":true,\"valueName\":\"search_term_string\"}}],\"inLanguage\":\"lv-LV\"},{\"@type\":\"Organization\",\"@id\":\"https:\\\/\\\/kidsplay.lt\\\/#organization\",\"name\":\"KidsPlay\",\"url\":\"https:\\\/\\\/kidsplay.lt\\\/\",\"logo\":{\"@type\":\"ImageObject\",\"inLanguage\":\"lv-LV\",\"@id\":\"https:\\\/\\\/kidsplay.lt\\\/#\\\/schema\\\/logo\\\/image\\\/\",\"url\":\"https:\\\/\\\/kidsplay.lt\\\/wp-content\\\/uploads\\\/2023\\\/07\\\/kidsplay-logo.png\",\"contentUrl\":\"https:\\\/\\\/kidsplay.lt\\\/wp-content\\\/uploads\\\/2023\\\/07\\\/kidsplay-logo.png\",\"width\":451,\"height\":98,\"caption\":\"KidsPlay\"},\"image\":{\"@id\":\"https:\\\/\\\/kidsplay.lt\\\/#\\\/schema\\\/logo\\\/image\\\/\"},\"sameAs\":[\"https:\\\/\\\/www.facebook.com\\\/www.kidsplay.lt\"]}]}<\/script>\n<!-- \/ Yoast SEO plugin. -->","yoast_head_json":{"title":"Krep\u0161inio ir vart\u0173 sporto rinkinys 2in1","description":"Krep\u0161inio kamuolio ir vart\u0173 sporto rinkinys\u00a0yra puikus sporto derinys patiems ma\u017eiausiems vaikams! Vaikas gali pasirinkti, k\u0105 nori \u017eaisti bet kuriuo metu.","robots":{"index":"index","follow":"follow","max-snippet":"max-snippet:-1","max-image-preview":"max-image-preview:large","max-video-preview":"max-video-preview:-1"},"canonical":"https:\/\/kidsplay.lt\/lv\/products\/krepsinio-ir-vartu-sporto-rinkinys-2in1\/","og_locale":"lv_LV","og_type":"article","og_title":"Krep\u0161inio ir vart\u0173 sporto rinkinys 2in1","og_description":"Krep\u0161inio kamuolio ir vart\u0173 sporto rinkinys\u00a0yra puikus sporto derinys patiems ma\u017eiausiems vaikams! Vaikas gali pasirinkti, k\u0105 nori \u017eaisti bet kuriuo metu.","og_url":"https:\/\/kidsplay.lt\/lv\/products\/krepsinio-ir-vartu-sporto-rinkinys-2in1\/","og_site_name":"KidsPlay","article_publisher":"https:\/\/www.facebook.com\/www.kidsplay.lt","article_modified_time":"2026-04-07T07:59:57+00:00","og_image":[{"width":1000,"height":1000,"url":"https:\/\/kidsplay.lt\/wp-content\/uploads\/2024\/09\/Krepsinio-ir-vartu-sporto-rinkinys-2in1.jpg","type":"image\/jpeg"}],"twitter_card":"summary_large_image","twitter_misc":{"Est. reading time":"1 min\u016bte"},"schema":{"@context":"https:\/\/schema.org","@graph":[{"@type":"WebPage","@id":"https:\/\/kidsplay.lt\/produktas\/krepsinio-ir-vartu-sporto-rinkinys-2in1\/","url":"https:\/\/kidsplay.lt\/produktas\/krepsinio-ir-vartu-sporto-rinkinys-2in1\/","name":"Krep\u0161inio ir vart\u0173 sporto rinkinys 2in1","isPartOf":{"@id":"https:\/\/kidsplay.lt\/#website"},"primaryImageOfPage":{"@id":"https:\/\/kidsplay.lt\/produktas\/krepsinio-ir-vartu-sporto-rinkinys-2in1\/#primaryimage"},"image":{"@id":"https:\/\/kidsplay.lt\/produktas\/krepsinio-ir-vartu-sporto-rinkinys-2in1\/#primaryimage"},"thumbnailUrl":"https:\/\/kidsplay.lt\/wp-content\/uploads\/2024\/09\/Krepsinio-ir-vartu-sporto-rinkinys-2in1.jpg","datePublished":"2026-02-26T07:47:30+00:00","dateModified":"2026-04-07T07:59:57+00:00","description":"Krep\u0161inio kamuolio ir vart\u0173 sporto rinkinys\u00a0yra puikus sporto derinys patiems ma\u017eiausiems vaikams! Vaikas gali pasirinkti, k\u0105 nori \u017eaisti bet kuriuo metu.","breadcrumb":{"@id":"https:\/\/kidsplay.lt\/produktas\/krepsinio-ir-vartu-sporto-rinkinys-2in1\/#breadcrumb"},"inLanguage":"lv-LV","potentialAction":[{"@type":"ReadAction","target":["https:\/\/kidsplay.lt\/produktas\/krepsinio-ir-vartu-sporto-rinkinys-2in1\/"]}]},{"@type":"ImageObject","inLanguage":"lv-LV","@id":"https:\/\/kidsplay.lt\/produktas\/krepsinio-ir-vartu-sporto-rinkinys-2in1\/#primaryimage","url":"https:\/\/kidsplay.lt\/wp-content\/uploads\/2024\/09\/Krepsinio-ir-vartu-sporto-rinkinys-2in1.jpg","contentUrl":"https:\/\/kidsplay.lt\/wp-content\/uploads\/2024\/09\/Krepsinio-ir-vartu-sporto-rinkinys-2in1.jpg","width":1000,"height":1000,"caption":"Krep\u0161inio ir vart\u0173 sporto rinkinys 2in1"},{"@type":"BreadcrumbList","@id":"https:\/\/kidsplay.lt\/produktas\/krepsinio-ir-vartu-sporto-rinkinys-2in1\/#breadcrumb","itemListElement":[{"@type":"ListItem","position":1,"name":"Pagrindinis","item":"https:\/\/kidsplay.lt\/"},{"@type":"ListItem","position":2,"name":"Parduotuv\u0117","item":"https:\/\/kidsplay.lt\/parduotuve\/"},{"@type":"ListItem","position":3,"name":"Krep\u0161inio ir vart\u0173 sporto rinkinys 2in1"}]},{"@type":"WebSite","@id":"https:\/\/kidsplay.lt\/#website","url":"https:\/\/kidsplay.lt\/","name":"B\u0113rnu sp\u0113les.lv","description":"\u012evairios prek\u0117s vaikams","publisher":{"@id":"https:\/\/kidsplay.lt\/#organization"},"alternateName":"Kidsplay","potentialAction":[{"@type":"SearchAction","target":{"@type":"EntryPoint","urlTemplate":"https:\/\/kidsplay.lt\/?s={search_term_string}"},"query-input":{"@type":"PropertyValueSpecification","valueRequired":true,"valueName":"search_term_string"}}],"inLanguage":"lv-LV"},{"@type":"Organization","@id":"https:\/\/kidsplay.lt\/#organization","name":"B\u0113rnu sp\u0113le","url":"https:\/\/kidsplay.lt\/","logo":{"@type":"ImageObject","inLanguage":"lv-LV","@id":"https:\/\/kidsplay.lt\/#\/schema\/logo\/image\/","url":"https:\/\/kidsplay.lt\/wp-content\/uploads\/2023\/07\/kidsplay-logo.png","contentUrl":"https:\/\/kidsplay.lt\/wp-content\/uploads\/2023\/07\/kidsplay-logo.png","width":451,"height":98,"caption":"KidsPlay"},"image":{"@id":"https:\/\/kidsplay.lt\/#\/schema\/logo\/image\/"},"sameAs":["https:\/\/www.facebook.com\/www.kidsplay.lt"]}]}},"_links":{"self":[{"href":"https:\/\/kidsplay.lt\/lv\/wp-json\/wp\/v2\/product\/90535","targetHints":{"allow":["GET"]}}],"collection":[{"href":"https:\/\/kidsplay.lt\/lv\/wp-json\/wp\/v2\/product"}],"about":[{"href":"https:\/\/kidsplay.lt\/lv\/wp-json\/wp\/v2\/types\/product"}],"version-history":[{"count":1,"href":"https:\/\/kidsplay.lt\/lv\/wp-json\/wp\/v2\/product\/90535\/revisions"}],"predecessor-version":[{"id":90536,"href":"https:\/\/kidsplay.lt\/lv\/wp-json\/wp\/v2\/product\/90535\/revisions\/90536"}],"wp:featuredmedia":[{"embeddable":true,"href":"https:\/\/kidsplay.lt\/lv\/wp-json\/wp\/v2\/media\/52678"}],"wp:attachment":[{"href":"https:\/\/kidsplay.lt\/lv\/wp-json\/wp\/v2\/media?parent=90535"}],"wp:term":[{"taxonomy":"product_brand","embeddable":true,"href":"https:\/\/kidsplay.lt\/lv\/wp-json\/wp\/v2\/product_brand?post=90535"},{"taxonomy":"product_cat","embeddable":true,"href":"https:\/\/kidsplay.lt\/lv\/wp-json\/wp\/v2\/product_cat?post=90535"},{"taxonomy":"product_tag","embeddable":true,"href":"https:\/\/kidsplay.lt\/lv\/wp-json\/wp\/v2\/product_tag?post=90535"}],"curies":[{"name":"wp","href":"https:\/\/api.w.org\/{rel}","templated":true}]}}