{"id":90539,"date":"2026-02-26T09:47:35","date_gmt":"2026-02-26T07:47:35","guid":{"rendered":"https:\/\/kidsplay.lt\/produktas\/vaikiskas-pikniko-stalas-sodui-melynai-zalias\/"},"modified":"2026-04-13T15:25:25","modified_gmt":"2026-04-13T12:25:25","slug":"vaikiskas-pikniko-stalas-sodui-melynai-zalias","status":"publish","type":"product","link":"https:\/\/kidsplay.lt\/lv\/products\/vaikiskas-pikniko-stalas-sodui-melynai-zalias\/","title":{"rendered":"B\u0113rnu piknika galds d\u0101rzam zili za\u013c\u0161"},"content":{"rendered":"<p>M\u0117lynos ir \u017ealios spalvos pikniko stalas puikiai tinka \u017eaisti tiek namuose, tiek sode. Vientisas stalas su patogiomis s\u0117dyn\u0117mis ir u\u017eapvalintais bei lygiais kra\u0161tais saugumui u\u017etikrinti. Tinka visoms u\u017eduotims, pvz., mod\u0117lavimui, da\u017eymui, pjaustymui ir valgymui. Prie stov\u0117jo vienu metu gali b\u016bti keturi vaikai. Lengva palaikyti \u0161vara.<\/p>\n<p>&#8211; vientisas stalas,<br \/>\n&#8211; \u012erengtos patogios s\u0117dynes,<br \/>\n&#8211; suapvalinti ir lyg\u016bs kra\u0161tai, u\u017etikrina saugum\u0105,<br \/>\n&#8211; stalas kaip dirbtuv\u0117s vaikams,<br \/>\n&#8211; tinka visoms u\u017eduotims, pvz.,mod\u0117lavimui, da\u017eymui, pjaustymui ir valgymui,<br \/>\n&#8211; prie stalo vienu metu gali b\u016bti keturi vaikai,<br \/>\n&#8211; lengva palaikyti \u0161vara,<br \/>\n&#8211; idealiai tinka \u017eaisti tiek namuose, tiek sode.<\/p>","protected":false},"excerpt":{"rendered":"<p>M\u0117lynos ir \u017ealios spalvos pikniko stalas puikiai tinka \u017eaisti tiek namuose, tiek sode. Vientisas stalas su patogiomis s\u0117dyn\u0117mis ir u\u017eapvalintais<\/p>","protected":false},"featured_media":52733,"template":"","meta":{"_acf_changed":false,"_glsr_average":0,"_glsr_ranking":0,"_glsr_reviews":0},"product_brand":[],"product_cat":[233,234],"product_tag":[],"class_list":{"0":"post-90539","1":"product","2":"type-product","3":"status-publish","4":"has-post-thumbnail","6":"product_cat-lauko-pramogos","7":"product_cat-vaikiski-nameliai","8":"\"style=\"background-color: #2ecc711c;\"","10":"first","11":"instock","12":"purchasable","13":"product-type-simple"},"acf":[],"yoast_head":"<!-- This site is optimized with the Yoast SEO plugin v27.4 - https:\/\/yoast.com\/product\/yoast-seo-wordpress\/ -->\n<title>Vaiki\u0161kas pikniko stalas sodui m\u0117lynai &#8211; \u017ealias<\/title>\n<meta name=\"description\" content=\"M\u0117lynos ir \u017ealios spalvos pikniko stalas puikiai tinka \u017eaisti tiek namuose, tiek sode. Vientisas stalas su patogiomis s\u0117dyn\u0117mis.\" \/>\n<meta name=\"robots\" content=\"index, follow, max-snippet:-1, max-image-preview:large, max-video-preview:-1\" \/>\n<link rel=\"canonical\" href=\"https:\/\/kidsplay.lt\/lv\/products\/vaikiskas-pikniko-stalas-sodui-melynai-zalias\/\" \/>\n<meta property=\"og:locale\" content=\"lv_LV\" \/>\n<meta property=\"og:type\" content=\"article\" \/>\n<meta property=\"og:title\" content=\"Vaiki\u0161kas pikniko stalas sodui m\u0117lynai &#8211; \u017ealias\" \/>\n<meta property=\"og:description\" content=\"M\u0117lynos ir \u017ealios spalvos pikniko stalas puikiai tinka \u017eaisti tiek namuose, tiek sode. Vientisas stalas su patogiomis s\u0117dyn\u0117mis.\" \/>\n<meta property=\"og:url\" content=\"https:\/\/kidsplay.lt\/lv\/products\/vaikiskas-pikniko-stalas-sodui-melynai-zalias\/\" \/>\n<meta property=\"og:site_name\" content=\"KidsPlay\" \/>\n<meta property=\"article:publisher\" content=\"https:\/\/www.facebook.com\/www.kidsplay.lt\" \/>\n<meta property=\"article:modified_time\" content=\"2026-04-13T12:25:25+00:00\" \/>\n<meta property=\"og:image\" content=\"https:\/\/kidsplay.lt\/wp-content\/uploads\/2024\/09\/Vaikiskas-pikniko-stalas-sodui-melynai-\u2013-zalias.jpg\" \/>\n\t<meta property=\"og:image:width\" content=\"1000\" \/>\n\t<meta property=\"og:image:height\" content=\"1000\" \/>\n\t<meta property=\"og:image:type\" content=\"image\/jpeg\" \/>\n<meta name=\"twitter:card\" content=\"summary_large_image\" \/>\n<meta name=\"twitter:label1\" content=\"Est. reading time\" \/>\n\t<meta name=\"twitter:data1\" content=\"1 min\u016bte\" \/>\n<script type=\"application\/ld+json\" class=\"yoast-schema-graph\">{\"@context\":\"https:\\\/\\\/schema.org\",\"@graph\":[{\"@type\":\"WebPage\",\"@id\":\"https:\\\/\\\/kidsplay.lt\\\/produktas\\\/vaikiskas-pikniko-stalas-sodui-melynai-zalias\\\/\",\"url\":\"https:\\\/\\\/kidsplay.lt\\\/produktas\\\/vaikiskas-pikniko-stalas-sodui-melynai-zalias\\\/\",\"name\":\"Vaiki\u0161kas pikniko stalas sodui m\u0117lynai &#8211; \u017ealias\",\"isPartOf\":{\"@id\":\"https:\\\/\\\/kidsplay.lt\\\/#website\"},\"primaryImageOfPage\":{\"@id\":\"https:\\\/\\\/kidsplay.lt\\\/produktas\\\/vaikiskas-pikniko-stalas-sodui-melynai-zalias\\\/#primaryimage\"},\"image\":{\"@id\":\"https:\\\/\\\/kidsplay.lt\\\/produktas\\\/vaikiskas-pikniko-stalas-sodui-melynai-zalias\\\/#primaryimage\"},\"thumbnailUrl\":\"https:\\\/\\\/kidsplay.lt\\\/wp-content\\\/uploads\\\/2024\\\/09\\\/Vaikiskas-pikniko-stalas-sodui-melynai-\u2013-zalias.jpg\",\"datePublished\":\"2026-02-26T07:47:35+00:00\",\"dateModified\":\"2026-04-13T12:25:25+00:00\",\"description\":\"M\u0117lynos ir \u017ealios spalvos pikniko stalas puikiai tinka \u017eaisti tiek namuose, tiek sode. Vientisas stalas su patogiomis s\u0117dyn\u0117mis.\",\"breadcrumb\":{\"@id\":\"https:\\\/\\\/kidsplay.lt\\\/produktas\\\/vaikiskas-pikniko-stalas-sodui-melynai-zalias\\\/#breadcrumb\"},\"inLanguage\":\"lv-LV\",\"potentialAction\":[{\"@type\":\"ReadAction\",\"target\":[\"https:\\\/\\\/kidsplay.lt\\\/produktas\\\/vaikiskas-pikniko-stalas-sodui-melynai-zalias\\\/\"]}]},{\"@type\":\"ImageObject\",\"inLanguage\":\"lv-LV\",\"@id\":\"https:\\\/\\\/kidsplay.lt\\\/produktas\\\/vaikiskas-pikniko-stalas-sodui-melynai-zalias\\\/#primaryimage\",\"url\":\"https:\\\/\\\/kidsplay.lt\\\/wp-content\\\/uploads\\\/2024\\\/09\\\/Vaikiskas-pikniko-stalas-sodui-melynai-\u2013-zalias.jpg\",\"contentUrl\":\"https:\\\/\\\/kidsplay.lt\\\/wp-content\\\/uploads\\\/2024\\\/09\\\/Vaikiskas-pikniko-stalas-sodui-melynai-\u2013-zalias.jpg\",\"width\":1000,\"height\":1000,\"caption\":\"Vaiki\u0161kas pikniko stalas sodui m\u0117lynai &#8211; \u017ealias\"},{\"@type\":\"BreadcrumbList\",\"@id\":\"https:\\\/\\\/kidsplay.lt\\\/produktas\\\/vaikiskas-pikniko-stalas-sodui-melynai-zalias\\\/#breadcrumb\",\"itemListElement\":[{\"@type\":\"ListItem\",\"position\":1,\"name\":\"Pagrindinis\",\"item\":\"https:\\\/\\\/kidsplay.lt\\\/\"},{\"@type\":\"ListItem\",\"position\":2,\"name\":\"Parduotuv\u0117\",\"item\":\"https:\\\/\\\/kidsplay.lt\\\/parduotuve\\\/\"},{\"@type\":\"ListItem\",\"position\":3,\"name\":\"Vaiki\u0161kas pikniko stalas sodui m\u0117lynai &#8211; \u017ealias\"}]},{\"@type\":\"WebSite\",\"@id\":\"https:\\\/\\\/kidsplay.lt\\\/#website\",\"url\":\"https:\\\/\\\/kidsplay.lt\\\/\",\"name\":\"Kidsplay.lt\",\"description\":\"\u012evairios prek\u0117s vaikams\",\"publisher\":{\"@id\":\"https:\\\/\\\/kidsplay.lt\\\/#organization\"},\"alternateName\":\"Kidsplay\",\"potentialAction\":[{\"@type\":\"SearchAction\",\"target\":{\"@type\":\"EntryPoint\",\"urlTemplate\":\"https:\\\/\\\/kidsplay.lt\\\/?s={search_term_string}\"},\"query-input\":{\"@type\":\"PropertyValueSpecification\",\"valueRequired\":true,\"valueName\":\"search_term_string\"}}],\"inLanguage\":\"lv-LV\"},{\"@type\":\"Organization\",\"@id\":\"https:\\\/\\\/kidsplay.lt\\\/#organization\",\"name\":\"KidsPlay\",\"url\":\"https:\\\/\\\/kidsplay.lt\\\/\",\"logo\":{\"@type\":\"ImageObject\",\"inLanguage\":\"lv-LV\",\"@id\":\"https:\\\/\\\/kidsplay.lt\\\/#\\\/schema\\\/logo\\\/image\\\/\",\"url\":\"https:\\\/\\\/kidsplay.lt\\\/wp-content\\\/uploads\\\/2023\\\/07\\\/kidsplay-logo.png\",\"contentUrl\":\"https:\\\/\\\/kidsplay.lt\\\/wp-content\\\/uploads\\\/2023\\\/07\\\/kidsplay-logo.png\",\"width\":451,\"height\":98,\"caption\":\"KidsPlay\"},\"image\":{\"@id\":\"https:\\\/\\\/kidsplay.lt\\\/#\\\/schema\\\/logo\\\/image\\\/\"},\"sameAs\":[\"https:\\\/\\\/www.facebook.com\\\/www.kidsplay.lt\"]}]}<\/script>\n<!-- \/ Yoast SEO plugin. -->","yoast_head_json":{"title":"B\u0113rnu piknika galds d\u0101rzam zili za\u013c\u0161","description":"M\u0117lynos ir \u017ealios spalvos pikniko stalas puikiai tinka \u017eaisti tiek namuose, tiek sode. Vientisas stalas su patogiomis s\u0117dyn\u0117mis.","robots":{"index":"index","follow":"follow","max-snippet":"max-snippet:-1","max-image-preview":"max-image-preview:large","max-video-preview":"max-video-preview:-1"},"canonical":"https:\/\/kidsplay.lt\/lv\/products\/vaikiskas-pikniko-stalas-sodui-melynai-zalias\/","og_locale":"lv_LV","og_type":"article","og_title":"Vaiki\u0161kas pikniko stalas sodui m\u0117lynai &#8211; \u017ealias","og_description":"M\u0117lynos ir \u017ealios spalvos pikniko stalas puikiai tinka \u017eaisti tiek namuose, tiek sode. Vientisas stalas su patogiomis s\u0117dyn\u0117mis.","og_url":"https:\/\/kidsplay.lt\/lv\/products\/vaikiskas-pikniko-stalas-sodui-melynai-zalias\/","og_site_name":"KidsPlay","article_publisher":"https:\/\/www.facebook.com\/www.kidsplay.lt","article_modified_time":"2026-04-13T12:25:25+00:00","og_image":[{"width":1000,"height":1000,"url":"https:\/\/kidsplay.lt\/wp-content\/uploads\/2024\/09\/Vaikiskas-pikniko-stalas-sodui-melynai-\u2013-zalias.jpg","type":"image\/jpeg"}],"twitter_card":"summary_large_image","twitter_misc":{"Est. reading time":"1 min\u016bte"},"schema":{"@context":"https:\/\/schema.org","@graph":[{"@type":"WebPage","@id":"https:\/\/kidsplay.lt\/produktas\/vaikiskas-pikniko-stalas-sodui-melynai-zalias\/","url":"https:\/\/kidsplay.lt\/produktas\/vaikiskas-pikniko-stalas-sodui-melynai-zalias\/","name":"B\u0113rnu piknika galds d\u0101rzam zili za\u013c\u0161","isPartOf":{"@id":"https:\/\/kidsplay.lt\/#website"},"primaryImageOfPage":{"@id":"https:\/\/kidsplay.lt\/produktas\/vaikiskas-pikniko-stalas-sodui-melynai-zalias\/#primaryimage"},"image":{"@id":"https:\/\/kidsplay.lt\/produktas\/vaikiskas-pikniko-stalas-sodui-melynai-zalias\/#primaryimage"},"thumbnailUrl":"https:\/\/kidsplay.lt\/wp-content\/uploads\/2024\/09\/Vaikiskas-pikniko-stalas-sodui-melynai-\u2013-zalias.jpg","datePublished":"2026-02-26T07:47:35+00:00","dateModified":"2026-04-13T12:25:25+00:00","description":"M\u0117lynos ir \u017ealios spalvos pikniko stalas puikiai tinka \u017eaisti tiek namuose, tiek sode. Vientisas stalas su patogiomis s\u0117dyn\u0117mis.","breadcrumb":{"@id":"https:\/\/kidsplay.lt\/produktas\/vaikiskas-pikniko-stalas-sodui-melynai-zalias\/#breadcrumb"},"inLanguage":"lv-LV","potentialAction":[{"@type":"ReadAction","target":["https:\/\/kidsplay.lt\/produktas\/vaikiskas-pikniko-stalas-sodui-melynai-zalias\/"]}]},{"@type":"ImageObject","inLanguage":"lv-LV","@id":"https:\/\/kidsplay.lt\/produktas\/vaikiskas-pikniko-stalas-sodui-melynai-zalias\/#primaryimage","url":"https:\/\/kidsplay.lt\/wp-content\/uploads\/2024\/09\/Vaikiskas-pikniko-stalas-sodui-melynai-\u2013-zalias.jpg","contentUrl":"https:\/\/kidsplay.lt\/wp-content\/uploads\/2024\/09\/Vaikiskas-pikniko-stalas-sodui-melynai-\u2013-zalias.jpg","width":1000,"height":1000,"caption":"Vaiki\u0161kas pikniko stalas sodui m\u0117lynai &#8211; \u017ealias"},{"@type":"BreadcrumbList","@id":"https:\/\/kidsplay.lt\/produktas\/vaikiskas-pikniko-stalas-sodui-melynai-zalias\/#breadcrumb","itemListElement":[{"@type":"ListItem","position":1,"name":"Pagrindinis","item":"https:\/\/kidsplay.lt\/"},{"@type":"ListItem","position":2,"name":"Parduotuv\u0117","item":"https:\/\/kidsplay.lt\/parduotuve\/"},{"@type":"ListItem","position":3,"name":"Vaiki\u0161kas pikniko stalas sodui m\u0117lynai &#8211; \u017ealias"}]},{"@type":"WebSite","@id":"https:\/\/kidsplay.lt\/#website","url":"https:\/\/kidsplay.lt\/","name":"B\u0113rnu sp\u0113les.lv","description":"\u012evairios prek\u0117s vaikams","publisher":{"@id":"https:\/\/kidsplay.lt\/#organization"},"alternateName":"Kidsplay","potentialAction":[{"@type":"SearchAction","target":{"@type":"EntryPoint","urlTemplate":"https:\/\/kidsplay.lt\/?s={search_term_string}"},"query-input":{"@type":"PropertyValueSpecification","valueRequired":true,"valueName":"search_term_string"}}],"inLanguage":"lv-LV"},{"@type":"Organization","@id":"https:\/\/kidsplay.lt\/#organization","name":"B\u0113rnu sp\u0113le","url":"https:\/\/kidsplay.lt\/","logo":{"@type":"ImageObject","inLanguage":"lv-LV","@id":"https:\/\/kidsplay.lt\/#\/schema\/logo\/image\/","url":"https:\/\/kidsplay.lt\/wp-content\/uploads\/2023\/07\/kidsplay-logo.png","contentUrl":"https:\/\/kidsplay.lt\/wp-content\/uploads\/2023\/07\/kidsplay-logo.png","width":451,"height":98,"caption":"KidsPlay"},"image":{"@id":"https:\/\/kidsplay.lt\/#\/schema\/logo\/image\/"},"sameAs":["https:\/\/www.facebook.com\/www.kidsplay.lt"]}]}},"_links":{"self":[{"href":"https:\/\/kidsplay.lt\/lv\/wp-json\/wp\/v2\/product\/90539","targetHints":{"allow":["GET"]}}],"collection":[{"href":"https:\/\/kidsplay.lt\/lv\/wp-json\/wp\/v2\/product"}],"about":[{"href":"https:\/\/kidsplay.lt\/lv\/wp-json\/wp\/v2\/types\/product"}],"version-history":[{"count":1,"href":"https:\/\/kidsplay.lt\/lv\/wp-json\/wp\/v2\/product\/90539\/revisions"}],"predecessor-version":[{"id":90540,"href":"https:\/\/kidsplay.lt\/lv\/wp-json\/wp\/v2\/product\/90539\/revisions\/90540"}],"wp:featuredmedia":[{"embeddable":true,"href":"https:\/\/kidsplay.lt\/lv\/wp-json\/wp\/v2\/media\/52733"}],"wp:attachment":[{"href":"https:\/\/kidsplay.lt\/lv\/wp-json\/wp\/v2\/media?parent=90539"}],"wp:term":[{"taxonomy":"product_brand","embeddable":true,"href":"https:\/\/kidsplay.lt\/lv\/wp-json\/wp\/v2\/product_brand?post=90539"},{"taxonomy":"product_cat","embeddable":true,"href":"https:\/\/kidsplay.lt\/lv\/wp-json\/wp\/v2\/product_cat?post=90539"},{"taxonomy":"product_tag","embeddable":true,"href":"https:\/\/kidsplay.lt\/lv\/wp-json\/wp\/v2\/product_tag?post=90539"}],"curies":[{"name":"wp","href":"https:\/\/api.w.org\/{rel}","templated":true}]}}