{"id":90541,"date":"2026-02-26T09:47:38","date_gmt":"2026-02-26T07:47:38","guid":{"rendered":"https:\/\/kidsplay.lt\/produktas\/medine-smelio-deze-su-tentu\/"},"modified":"2026-04-13T15:25:30","modified_gmt":"2026-04-13T12:25:30","slug":"medine-smelio-deze-su-tentu","status":"publish","type":"product","link":"https:\/\/kidsplay.lt\/lv\/products\/medine-smelio-deze-su-tentu\/","title":{"rendered":"Koka smil\u0161u kaste ar tentu"},"content":{"rendered":"<p>Skaista un daudzpus\u012bga koka smil\u0161u kaste ir lielisks papildin\u0101jums j\u016bsu pagalma rota\u013cu laukumam. Smil\u0161u kastei ir piederumu glab\u0101\u0161anas nodal\u012bjums, kur\u0101 b\u0113rni var uzglab\u0101t l\u0101pstas un spai\u0146us. Uzglab\u0101\u0161anas nodal\u012bjumam ir koka v\u0101ki, kas kalpo k\u0101 soli\u0146i. Katr\u0101 st\u016br\u012b ir \u0113rti s\u0113dek\u013ci. Komplekt\u0101 ietilpst brezents, kas kalpo k\u0101 v\u0101ks, un \u012bpa\u0161a nez\u0101\u013cu iztur\u012bga pamatne. Smil\u0161u kaste var satur\u0113t l\u012bdz 350 kg smil\u0161u! Visu komplektu ir viegli salikt.<\/p>\n<p>\u2013 Univers\u0101la koka smil\u0161u kaste<br \/>\n\u2013 Smil\u0161u kast\u0113 ir nodal\u012bjums rota\u013clietu glab\u0101\u0161anai.<br \/>\n\u2013 Komplekt\u0101 ietilpst ar\u012b brezents, ko var izmantot, lai p\u0101rkl\u0101tu smil\u0161u kasti, kad t\u0101 netiek lietota.<br \/>\n\u2013 Taj\u0101 var ietilpt l\u012bdz 350 kg smil\u0161u.<br \/>\n\u2013 Katr\u0101 st\u016br\u012b ir \u0113rts s\u0113deklis.<\/p>","protected":false},"excerpt":{"rendered":"<p>Gra\u017ei ir universali medin\u0117 sm\u0117lio d\u0117\u017e\u0117 &#8211; puikus kiemo \u017eaidim\u0173 aik\u0161tel\u0117s priedas. Sm\u0117lio d\u0117\u017e\u0117je\u00a0yra pried\u0173 laikymo skyrius, kuriame vaikai gali<\/p>","protected":false},"featured_media":52743,"template":"","meta":{"_acf_changed":false,"_glsr_average":0,"_glsr_ranking":0,"_glsr_reviews":0},"product_brand":[],"product_cat":[233,327],"product_tag":[],"class_list":{"0":"post-90541","1":"product","2":"type-product","3":"status-publish","4":"has-post-thumbnail","6":"product_cat-lauko-pramogos","7":"product_cat-smelio-dezes-ir-priedai","8":"\"style=\"background-color: #2ecc711c;\"","10":"first","11":"instock","12":"purchasable","13":"product-type-simple"},"acf":[],"yoast_head":"<!-- This site is optimized with the Yoast SEO plugin v27.3 - https:\/\/yoast.com\/product\/yoast-seo-wordpress\/ -->\n<title>Medin\u0117 sm\u0117lio d\u0117\u017e\u0117 su tentu<\/title>\n<meta name=\"description\" content=\"Gra\u017ei ir universali medin\u0117 sm\u0117lio d\u0117\u017e\u0117 - puikus kiemo \u017eaidim\u0173 aik\u0161tel\u0117s priedas. Sm\u0117lio d\u0117\u017e\u0117je\u00a0yra pried\u0173 laikymo skyrius.\" \/>\n<meta name=\"robots\" content=\"index, follow, max-snippet:-1, max-image-preview:large, max-video-preview:-1\" \/>\n<link rel=\"canonical\" href=\"https:\/\/kidsplay.lt\/lv\/products\/medine-smelio-deze-su-tentu\/\" \/>\n<meta property=\"og:locale\" content=\"lv_LV\" \/>\n<meta property=\"og:type\" content=\"article\" \/>\n<meta property=\"og:title\" content=\"Medin\u0117 sm\u0117lio d\u0117\u017e\u0117 su tentu\" \/>\n<meta property=\"og:description\" content=\"Gra\u017ei ir universali medin\u0117 sm\u0117lio d\u0117\u017e\u0117 - puikus kiemo \u017eaidim\u0173 aik\u0161tel\u0117s priedas. Sm\u0117lio d\u0117\u017e\u0117je\u00a0yra pried\u0173 laikymo skyrius.\" \/>\n<meta property=\"og:url\" content=\"https:\/\/kidsplay.lt\/lv\/products\/medine-smelio-deze-su-tentu\/\" \/>\n<meta property=\"og:site_name\" content=\"KidsPlay\" \/>\n<meta property=\"article:publisher\" content=\"https:\/\/www.facebook.com\/www.kidsplay.lt\" \/>\n<meta property=\"article:modified_time\" content=\"2026-04-13T12:25:30+00:00\" \/>\n<meta property=\"og:image\" content=\"https:\/\/kidsplay.lt\/wp-content\/uploads\/2024\/09\/Medine-smelio-deze-su-tentu.jpg\" \/>\n\t<meta property=\"og:image:width\" content=\"825\" \/>\n\t<meta property=\"og:image:height\" content=\"750\" \/>\n\t<meta property=\"og:image:type\" content=\"image\/jpeg\" \/>\n<meta name=\"twitter:card\" content=\"summary_large_image\" \/>\n<meta name=\"twitter:label1\" content=\"Est. reading time\" \/>\n\t<meta name=\"twitter:data1\" content=\"1 min\u016bte\" \/>\n<script type=\"application\/ld+json\" class=\"yoast-schema-graph\">{\"@context\":\"https:\\\/\\\/schema.org\",\"@graph\":[{\"@type\":\"WebPage\",\"@id\":\"https:\\\/\\\/kidsplay.lt\\\/produktas\\\/medine-smelio-deze-su-tentu\\\/\",\"url\":\"https:\\\/\\\/kidsplay.lt\\\/produktas\\\/medine-smelio-deze-su-tentu\\\/\",\"name\":\"Medin\u0117 sm\u0117lio d\u0117\u017e\u0117 su tentu\",\"isPartOf\":{\"@id\":\"https:\\\/\\\/kidsplay.lt\\\/#website\"},\"primaryImageOfPage\":{\"@id\":\"https:\\\/\\\/kidsplay.lt\\\/produktas\\\/medine-smelio-deze-su-tentu\\\/#primaryimage\"},\"image\":{\"@id\":\"https:\\\/\\\/kidsplay.lt\\\/produktas\\\/medine-smelio-deze-su-tentu\\\/#primaryimage\"},\"thumbnailUrl\":\"https:\\\/\\\/kidsplay.lt\\\/wp-content\\\/uploads\\\/2024\\\/09\\\/Medine-smelio-deze-su-tentu.jpg\",\"datePublished\":\"2026-02-26T07:47:38+00:00\",\"dateModified\":\"2026-04-13T12:25:30+00:00\",\"description\":\"Gra\u017ei ir universali medin\u0117 sm\u0117lio d\u0117\u017e\u0117 - puikus kiemo \u017eaidim\u0173 aik\u0161tel\u0117s priedas. Sm\u0117lio d\u0117\u017e\u0117je\u00a0yra pried\u0173 laikymo skyrius.\",\"breadcrumb\":{\"@id\":\"https:\\\/\\\/kidsplay.lt\\\/produktas\\\/medine-smelio-deze-su-tentu\\\/#breadcrumb\"},\"inLanguage\":\"lv-LV\",\"potentialAction\":[{\"@type\":\"ReadAction\",\"target\":[\"https:\\\/\\\/kidsplay.lt\\\/produktas\\\/medine-smelio-deze-su-tentu\\\/\"]}]},{\"@type\":\"ImageObject\",\"inLanguage\":\"lv-LV\",\"@id\":\"https:\\\/\\\/kidsplay.lt\\\/produktas\\\/medine-smelio-deze-su-tentu\\\/#primaryimage\",\"url\":\"https:\\\/\\\/kidsplay.lt\\\/wp-content\\\/uploads\\\/2024\\\/09\\\/Medine-smelio-deze-su-tentu.jpg\",\"contentUrl\":\"https:\\\/\\\/kidsplay.lt\\\/wp-content\\\/uploads\\\/2024\\\/09\\\/Medine-smelio-deze-su-tentu.jpg\",\"width\":825,\"height\":750,\"caption\":\"Medin\u0117 sm\u0117lio d\u0117\u017e\u0117 su tentu\"},{\"@type\":\"BreadcrumbList\",\"@id\":\"https:\\\/\\\/kidsplay.lt\\\/produktas\\\/medine-smelio-deze-su-tentu\\\/#breadcrumb\",\"itemListElement\":[{\"@type\":\"ListItem\",\"position\":1,\"name\":\"Pagrindinis\",\"item\":\"https:\\\/\\\/kidsplay.lt\\\/\"},{\"@type\":\"ListItem\",\"position\":2,\"name\":\"Parduotuv\u0117\",\"item\":\"https:\\\/\\\/kidsplay.lt\\\/parduotuve\\\/\"},{\"@type\":\"ListItem\",\"position\":3,\"name\":\"Medin\u0117 sm\u0117lio d\u0117\u017e\u0117 su tentu\"}]},{\"@type\":\"WebSite\",\"@id\":\"https:\\\/\\\/kidsplay.lt\\\/#website\",\"url\":\"https:\\\/\\\/kidsplay.lt\\\/\",\"name\":\"Kidsplay.lt\",\"description\":\"\u012evairios prek\u0117s vaikams\",\"publisher\":{\"@id\":\"https:\\\/\\\/kidsplay.lt\\\/#organization\"},\"alternateName\":\"Kidsplay\",\"potentialAction\":[{\"@type\":\"SearchAction\",\"target\":{\"@type\":\"EntryPoint\",\"urlTemplate\":\"https:\\\/\\\/kidsplay.lt\\\/?s={search_term_string}\"},\"query-input\":{\"@type\":\"PropertyValueSpecification\",\"valueRequired\":true,\"valueName\":\"search_term_string\"}}],\"inLanguage\":\"lv-LV\"},{\"@type\":\"Organization\",\"@id\":\"https:\\\/\\\/kidsplay.lt\\\/#organization\",\"name\":\"KidsPlay\",\"url\":\"https:\\\/\\\/kidsplay.lt\\\/\",\"logo\":{\"@type\":\"ImageObject\",\"inLanguage\":\"lv-LV\",\"@id\":\"https:\\\/\\\/kidsplay.lt\\\/#\\\/schema\\\/logo\\\/image\\\/\",\"url\":\"https:\\\/\\\/kidsplay.lt\\\/wp-content\\\/uploads\\\/2023\\\/07\\\/kidsplay-logo.png\",\"contentUrl\":\"https:\\\/\\\/kidsplay.lt\\\/wp-content\\\/uploads\\\/2023\\\/07\\\/kidsplay-logo.png\",\"width\":451,\"height\":98,\"caption\":\"KidsPlay\"},\"image\":{\"@id\":\"https:\\\/\\\/kidsplay.lt\\\/#\\\/schema\\\/logo\\\/image\\\/\"},\"sameAs\":[\"https:\\\/\\\/www.facebook.com\\\/www.kidsplay.lt\"]}]}<\/script>\n<!-- \/ Yoast SEO plugin. -->","yoast_head_json":{"title":"Koka smil\u0161u kaste ar tentu","description":"Gra\u017ei ir universali medin\u0117 sm\u0117lio d\u0117\u017e\u0117 - puikus kiemo \u017eaidim\u0173 aik\u0161tel\u0117s priedas. Sm\u0117lio d\u0117\u017e\u0117je\u00a0yra pried\u0173 laikymo skyrius.","robots":{"index":"index","follow":"follow","max-snippet":"max-snippet:-1","max-image-preview":"max-image-preview:large","max-video-preview":"max-video-preview:-1"},"canonical":"https:\/\/kidsplay.lt\/lv\/products\/medine-smelio-deze-su-tentu\/","og_locale":"lv_LV","og_type":"article","og_title":"Medin\u0117 sm\u0117lio d\u0117\u017e\u0117 su tentu","og_description":"Gra\u017ei ir universali medin\u0117 sm\u0117lio d\u0117\u017e\u0117 - puikus kiemo \u017eaidim\u0173 aik\u0161tel\u0117s priedas. Sm\u0117lio d\u0117\u017e\u0117je\u00a0yra pried\u0173 laikymo skyrius.","og_url":"https:\/\/kidsplay.lt\/lv\/products\/medine-smelio-deze-su-tentu\/","og_site_name":"KidsPlay","article_publisher":"https:\/\/www.facebook.com\/www.kidsplay.lt","article_modified_time":"2026-04-13T12:25:30+00:00","og_image":[{"width":825,"height":750,"url":"https:\/\/kidsplay.lt\/wp-content\/uploads\/2024\/09\/Medine-smelio-deze-su-tentu.jpg","type":"image\/jpeg"}],"twitter_card":"summary_large_image","twitter_misc":{"Est. reading time":"1 min\u016bte"},"schema":{"@context":"https:\/\/schema.org","@graph":[{"@type":"WebPage","@id":"https:\/\/kidsplay.lt\/produktas\/medine-smelio-deze-su-tentu\/","url":"https:\/\/kidsplay.lt\/produktas\/medine-smelio-deze-su-tentu\/","name":"Koka smil\u0161u kaste ar tentu","isPartOf":{"@id":"https:\/\/kidsplay.lt\/#website"},"primaryImageOfPage":{"@id":"https:\/\/kidsplay.lt\/produktas\/medine-smelio-deze-su-tentu\/#primaryimage"},"image":{"@id":"https:\/\/kidsplay.lt\/produktas\/medine-smelio-deze-su-tentu\/#primaryimage"},"thumbnailUrl":"https:\/\/kidsplay.lt\/wp-content\/uploads\/2024\/09\/Medine-smelio-deze-su-tentu.jpg","datePublished":"2026-02-26T07:47:38+00:00","dateModified":"2026-04-13T12:25:30+00:00","description":"Gra\u017ei ir universali medin\u0117 sm\u0117lio d\u0117\u017e\u0117 - puikus kiemo \u017eaidim\u0173 aik\u0161tel\u0117s priedas. Sm\u0117lio d\u0117\u017e\u0117je\u00a0yra pried\u0173 laikymo skyrius.","breadcrumb":{"@id":"https:\/\/kidsplay.lt\/produktas\/medine-smelio-deze-su-tentu\/#breadcrumb"},"inLanguage":"lv-LV","potentialAction":[{"@type":"ReadAction","target":["https:\/\/kidsplay.lt\/produktas\/medine-smelio-deze-su-tentu\/"]}]},{"@type":"ImageObject","inLanguage":"lv-LV","@id":"https:\/\/kidsplay.lt\/produktas\/medine-smelio-deze-su-tentu\/#primaryimage","url":"https:\/\/kidsplay.lt\/wp-content\/uploads\/2024\/09\/Medine-smelio-deze-su-tentu.jpg","contentUrl":"https:\/\/kidsplay.lt\/wp-content\/uploads\/2024\/09\/Medine-smelio-deze-su-tentu.jpg","width":825,"height":750,"caption":"Medin\u0117 sm\u0117lio d\u0117\u017e\u0117 su tentu"},{"@type":"BreadcrumbList","@id":"https:\/\/kidsplay.lt\/produktas\/medine-smelio-deze-su-tentu\/#breadcrumb","itemListElement":[{"@type":"ListItem","position":1,"name":"Pagrindinis","item":"https:\/\/kidsplay.lt\/"},{"@type":"ListItem","position":2,"name":"Parduotuv\u0117","item":"https:\/\/kidsplay.lt\/parduotuve\/"},{"@type":"ListItem","position":3,"name":"Medin\u0117 sm\u0117lio d\u0117\u017e\u0117 su tentu"}]},{"@type":"WebSite","@id":"https:\/\/kidsplay.lt\/#website","url":"https:\/\/kidsplay.lt\/","name":"B\u0113rnu sp\u0113les.lv","description":"\u012evairios prek\u0117s vaikams","publisher":{"@id":"https:\/\/kidsplay.lt\/#organization"},"alternateName":"Kidsplay","potentialAction":[{"@type":"SearchAction","target":{"@type":"EntryPoint","urlTemplate":"https:\/\/kidsplay.lt\/?s={search_term_string}"},"query-input":{"@type":"PropertyValueSpecification","valueRequired":true,"valueName":"search_term_string"}}],"inLanguage":"lv-LV"},{"@type":"Organization","@id":"https:\/\/kidsplay.lt\/#organization","name":"B\u0113rnu sp\u0113le","url":"https:\/\/kidsplay.lt\/","logo":{"@type":"ImageObject","inLanguage":"lv-LV","@id":"https:\/\/kidsplay.lt\/#\/schema\/logo\/image\/","url":"https:\/\/kidsplay.lt\/wp-content\/uploads\/2023\/07\/kidsplay-logo.png","contentUrl":"https:\/\/kidsplay.lt\/wp-content\/uploads\/2023\/07\/kidsplay-logo.png","width":451,"height":98,"caption":"KidsPlay"},"image":{"@id":"https:\/\/kidsplay.lt\/#\/schema\/logo\/image\/"},"sameAs":["https:\/\/www.facebook.com\/www.kidsplay.lt"]}]}},"_links":{"self":[{"href":"https:\/\/kidsplay.lt\/lv\/wp-json\/wp\/v2\/product\/90541","targetHints":{"allow":["GET"]}}],"collection":[{"href":"https:\/\/kidsplay.lt\/lv\/wp-json\/wp\/v2\/product"}],"about":[{"href":"https:\/\/kidsplay.lt\/lv\/wp-json\/wp\/v2\/types\/product"}],"version-history":[{"count":1,"href":"https:\/\/kidsplay.lt\/lv\/wp-json\/wp\/v2\/product\/90541\/revisions"}],"predecessor-version":[{"id":90542,"href":"https:\/\/kidsplay.lt\/lv\/wp-json\/wp\/v2\/product\/90541\/revisions\/90542"}],"wp:featuredmedia":[{"embeddable":true,"href":"https:\/\/kidsplay.lt\/lv\/wp-json\/wp\/v2\/media\/52743"}],"wp:attachment":[{"href":"https:\/\/kidsplay.lt\/lv\/wp-json\/wp\/v2\/media?parent=90541"}],"wp:term":[{"taxonomy":"product_brand","embeddable":true,"href":"https:\/\/kidsplay.lt\/lv\/wp-json\/wp\/v2\/product_brand?post=90541"},{"taxonomy":"product_cat","embeddable":true,"href":"https:\/\/kidsplay.lt\/lv\/wp-json\/wp\/v2\/product_cat?post=90541"},{"taxonomy":"product_tag","embeddable":true,"href":"https:\/\/kidsplay.lt\/lv\/wp-json\/wp\/v2\/product_tag?post=90541"}],"curies":[{"name":"wp","href":"https:\/\/api.w.org\/{rel}","templated":true}]}}