{"id":90547,"date":"2026-02-26T09:47:45","date_gmt":"2026-02-26T07:47:45","guid":{"rendered":"https:\/\/kidsplay.lt\/produktas\/pikniko-stalas-su-skeciu-ir-suolais\/"},"modified":"2026-04-13T13:47:19","modified_gmt":"2026-04-13T10:47:19","slug":"pikniko-stalas-su-skeciu-ir-suolais","status":"publish","type":"product","link":"https:\/\/kidsplay.lt\/lv\/products\/pikniko-stalas-su-skeciu-ir-suolais\/","title":{"rendered":"Piknika galds ar saulessargu un soliem"},"content":{"rendered":"<p>Pikniko stalas \u0161e\u0161iems vaikams su dviem suolais su specialios formos s\u0117dyn\u0117mis. Pagamintas i\u0161 tvirto plastiko su dvigubomis sienel\u0117mis, viduje pripildytomis oro.D\u0117l nema\u017eo element\u0173 storio, ne ma\u017eesnio kaip 5-6 cm, stalas gali b\u016bti naudojamas ilg\u0105 laik\u0105, o didelis daugiau kaip 100 cm ilgio ir 50 cm plo\u010dio tvirtas stalvir\u0161is bei stabili stalo konstrukcija u\u017etikrina saug\u0173 \u017eaidim\u0105. Pridedamas sk\u0117tis apsaugo nuo UV spinduli\u0173. Bent 50 cm auk\u0161tis nuo \u017eem\u0117s iki stalo vir\u0161aus leid\u017eia stalu naudotis \u012fvairaus \u016bgio vaikams.<br \/>\nSvoris: 16 kg<br \/>\nMaksimalus vartotoj\u0173 skai\u010dius: 6 \u017emon\u0117s.<br \/>\nMaksimalus bendras svoris: 135 kg.<br \/>\nMaksimalus vaiko svoris: 22,5 kg.<\/p>","protected":false},"excerpt":{"rendered":"<p>Pikniko stalas \u0161e\u0161iems vaikams su dviem suolais su specialios formos s\u0117dyn\u0117mis. Pagamintas i\u0161 tvirto plastiko su dvigubomis sienel\u0117mis, viduje pripildytomis<\/p>","protected":false},"featured_media":52755,"template":"","meta":{"_acf_changed":false,"_glsr_average":0,"_glsr_ranking":0,"_glsr_reviews":0},"product_brand":[],"product_cat":[233,234],"product_tag":[],"class_list":{"0":"post-90547","1":"product","2":"type-product","3":"status-publish","4":"has-post-thumbnail","6":"product_cat-lauko-pramogos","7":"product_cat-vaikiski-nameliai","8":"\"style=\"background-color: #2ecc711c;\"","10":"first","11":"instock","12":"purchasable","13":"product-type-simple"},"acf":[],"yoast_head":"<!-- This site is optimized with the Yoast SEO plugin v27.4 - https:\/\/yoast.com\/product\/yoast-seo-wordpress\/ -->\n<title>Pikniko stalas su sk\u0117\u010diu ir suolais<\/title>\n<meta name=\"description\" content=\"Pikniko stalas \u0161e\u0161iems vaikais su specialios formos s\u0117dyn\u0117mis. Pagamintas i\u0161 tvirto plastiko su dvigubomis sienel\u0117mis, viduje pripildytomis oro.\" \/>\n<meta name=\"robots\" content=\"index, follow, max-snippet:-1, max-image-preview:large, max-video-preview:-1\" \/>\n<link rel=\"canonical\" href=\"https:\/\/kidsplay.lt\/lv\/products\/pikniko-stalas-su-skeciu-ir-suolais\/\" \/>\n<meta property=\"og:locale\" content=\"lv_LV\" \/>\n<meta property=\"og:type\" content=\"article\" \/>\n<meta property=\"og:title\" content=\"Pikniko stalas su sk\u0117\u010diu ir suolais\" \/>\n<meta property=\"og:description\" content=\"Pikniko stalas \u0161e\u0161iems vaikais su specialios formos s\u0117dyn\u0117mis. Pagamintas i\u0161 tvirto plastiko su dvigubomis sienel\u0117mis, viduje pripildytomis oro.\" \/>\n<meta property=\"og:url\" content=\"https:\/\/kidsplay.lt\/lv\/products\/pikniko-stalas-su-skeciu-ir-suolais\/\" \/>\n<meta property=\"og:site_name\" content=\"KidsPlay\" \/>\n<meta property=\"article:publisher\" content=\"https:\/\/www.facebook.com\/www.kidsplay.lt\" \/>\n<meta property=\"article:modified_time\" content=\"2026-04-13T10:47:19+00:00\" \/>\n<meta property=\"og:image\" content=\"https:\/\/kidsplay.lt\/wp-content\/uploads\/2024\/09\/Pikniko-stalas-su-skeciu-ir-suolais.jpg\" \/>\n\t<meta property=\"og:image:width\" content=\"504\" \/>\n\t<meta property=\"og:image:height\" content=\"550\" \/>\n\t<meta property=\"og:image:type\" content=\"image\/jpeg\" \/>\n<meta name=\"twitter:card\" content=\"summary_large_image\" \/>\n<meta name=\"twitter:label1\" content=\"Est. reading time\" \/>\n\t<meta name=\"twitter:data1\" content=\"1 min\u016bte\" \/>\n<script type=\"application\/ld+json\" class=\"yoast-schema-graph\">{\"@context\":\"https:\\\/\\\/schema.org\",\"@graph\":[{\"@type\":\"WebPage\",\"@id\":\"https:\\\/\\\/kidsplay.lt\\\/produktas\\\/pikniko-stalas-su-skeciu-ir-suolais\\\/\",\"url\":\"https:\\\/\\\/kidsplay.lt\\\/produktas\\\/pikniko-stalas-su-skeciu-ir-suolais\\\/\",\"name\":\"Pikniko stalas su sk\u0117\u010diu ir suolais\",\"isPartOf\":{\"@id\":\"https:\\\/\\\/kidsplay.lt\\\/#website\"},\"primaryImageOfPage\":{\"@id\":\"https:\\\/\\\/kidsplay.lt\\\/produktas\\\/pikniko-stalas-su-skeciu-ir-suolais\\\/#primaryimage\"},\"image\":{\"@id\":\"https:\\\/\\\/kidsplay.lt\\\/produktas\\\/pikniko-stalas-su-skeciu-ir-suolais\\\/#primaryimage\"},\"thumbnailUrl\":\"https:\\\/\\\/kidsplay.lt\\\/wp-content\\\/uploads\\\/2024\\\/09\\\/Pikniko-stalas-su-skeciu-ir-suolais.jpg\",\"datePublished\":\"2026-02-26T07:47:45+00:00\",\"dateModified\":\"2026-04-13T10:47:19+00:00\",\"description\":\"Pikniko stalas \u0161e\u0161iems vaikais su specialios formos s\u0117dyn\u0117mis. Pagamintas i\u0161 tvirto plastiko su dvigubomis sienel\u0117mis, viduje pripildytomis oro.\",\"breadcrumb\":{\"@id\":\"https:\\\/\\\/kidsplay.lt\\\/produktas\\\/pikniko-stalas-su-skeciu-ir-suolais\\\/#breadcrumb\"},\"inLanguage\":\"lv-LV\",\"potentialAction\":[{\"@type\":\"ReadAction\",\"target\":[\"https:\\\/\\\/kidsplay.lt\\\/produktas\\\/pikniko-stalas-su-skeciu-ir-suolais\\\/\"]}]},{\"@type\":\"ImageObject\",\"inLanguage\":\"lv-LV\",\"@id\":\"https:\\\/\\\/kidsplay.lt\\\/produktas\\\/pikniko-stalas-su-skeciu-ir-suolais\\\/#primaryimage\",\"url\":\"https:\\\/\\\/kidsplay.lt\\\/wp-content\\\/uploads\\\/2024\\\/09\\\/Pikniko-stalas-su-skeciu-ir-suolais.jpg\",\"contentUrl\":\"https:\\\/\\\/kidsplay.lt\\\/wp-content\\\/uploads\\\/2024\\\/09\\\/Pikniko-stalas-su-skeciu-ir-suolais.jpg\",\"width\":504,\"height\":550,\"caption\":\"Pikniko stalas su sk\u0117\u010diu ir suolais\"},{\"@type\":\"BreadcrumbList\",\"@id\":\"https:\\\/\\\/kidsplay.lt\\\/produktas\\\/pikniko-stalas-su-skeciu-ir-suolais\\\/#breadcrumb\",\"itemListElement\":[{\"@type\":\"ListItem\",\"position\":1,\"name\":\"Pagrindinis\",\"item\":\"https:\\\/\\\/kidsplay.lt\\\/\"},{\"@type\":\"ListItem\",\"position\":2,\"name\":\"Parduotuv\u0117\",\"item\":\"https:\\\/\\\/kidsplay.lt\\\/parduotuve\\\/\"},{\"@type\":\"ListItem\",\"position\":3,\"name\":\"Pikniko stalas su sk\u0117\u010diu ir suolais\"}]},{\"@type\":\"WebSite\",\"@id\":\"https:\\\/\\\/kidsplay.lt\\\/#website\",\"url\":\"https:\\\/\\\/kidsplay.lt\\\/\",\"name\":\"Kidsplay.lt\",\"description\":\"\u012evairios prek\u0117s vaikams\",\"publisher\":{\"@id\":\"https:\\\/\\\/kidsplay.lt\\\/#organization\"},\"alternateName\":\"Kidsplay\",\"potentialAction\":[{\"@type\":\"SearchAction\",\"target\":{\"@type\":\"EntryPoint\",\"urlTemplate\":\"https:\\\/\\\/kidsplay.lt\\\/?s={search_term_string}\"},\"query-input\":{\"@type\":\"PropertyValueSpecification\",\"valueRequired\":true,\"valueName\":\"search_term_string\"}}],\"inLanguage\":\"lv-LV\"},{\"@type\":\"Organization\",\"@id\":\"https:\\\/\\\/kidsplay.lt\\\/#organization\",\"name\":\"KidsPlay\",\"url\":\"https:\\\/\\\/kidsplay.lt\\\/\",\"logo\":{\"@type\":\"ImageObject\",\"inLanguage\":\"lv-LV\",\"@id\":\"https:\\\/\\\/kidsplay.lt\\\/#\\\/schema\\\/logo\\\/image\\\/\",\"url\":\"https:\\\/\\\/kidsplay.lt\\\/wp-content\\\/uploads\\\/2023\\\/07\\\/kidsplay-logo.png\",\"contentUrl\":\"https:\\\/\\\/kidsplay.lt\\\/wp-content\\\/uploads\\\/2023\\\/07\\\/kidsplay-logo.png\",\"width\":451,\"height\":98,\"caption\":\"KidsPlay\"},\"image\":{\"@id\":\"https:\\\/\\\/kidsplay.lt\\\/#\\\/schema\\\/logo\\\/image\\\/\"},\"sameAs\":[\"https:\\\/\\\/www.facebook.com\\\/www.kidsplay.lt\"]}]}<\/script>\n<!-- \/ Yoast SEO plugin. -->","yoast_head_json":{"title":"Piknika galds ar saulessargu un soliem","description":"Pikniko stalas \u0161e\u0161iems vaikais su specialios formos s\u0117dyn\u0117mis. Pagamintas i\u0161 tvirto plastiko su dvigubomis sienel\u0117mis, viduje pripildytomis oro.","robots":{"index":"index","follow":"follow","max-snippet":"max-snippet:-1","max-image-preview":"max-image-preview:large","max-video-preview":"max-video-preview:-1"},"canonical":"https:\/\/kidsplay.lt\/lv\/products\/pikniko-stalas-su-skeciu-ir-suolais\/","og_locale":"lv_LV","og_type":"article","og_title":"Pikniko stalas su sk\u0117\u010diu ir suolais","og_description":"Pikniko stalas \u0161e\u0161iems vaikais su specialios formos s\u0117dyn\u0117mis. Pagamintas i\u0161 tvirto plastiko su dvigubomis sienel\u0117mis, viduje pripildytomis oro.","og_url":"https:\/\/kidsplay.lt\/lv\/products\/pikniko-stalas-su-skeciu-ir-suolais\/","og_site_name":"KidsPlay","article_publisher":"https:\/\/www.facebook.com\/www.kidsplay.lt","article_modified_time":"2026-04-13T10:47:19+00:00","og_image":[{"width":504,"height":550,"url":"https:\/\/kidsplay.lt\/wp-content\/uploads\/2024\/09\/Pikniko-stalas-su-skeciu-ir-suolais.jpg","type":"image\/jpeg"}],"twitter_card":"summary_large_image","twitter_misc":{"Est. reading time":"1 min\u016bte"},"schema":{"@context":"https:\/\/schema.org","@graph":[{"@type":"WebPage","@id":"https:\/\/kidsplay.lt\/produktas\/pikniko-stalas-su-skeciu-ir-suolais\/","url":"https:\/\/kidsplay.lt\/produktas\/pikniko-stalas-su-skeciu-ir-suolais\/","name":"Piknika galds ar saulessargu un soliem","isPartOf":{"@id":"https:\/\/kidsplay.lt\/#website"},"primaryImageOfPage":{"@id":"https:\/\/kidsplay.lt\/produktas\/pikniko-stalas-su-skeciu-ir-suolais\/#primaryimage"},"image":{"@id":"https:\/\/kidsplay.lt\/produktas\/pikniko-stalas-su-skeciu-ir-suolais\/#primaryimage"},"thumbnailUrl":"https:\/\/kidsplay.lt\/wp-content\/uploads\/2024\/09\/Pikniko-stalas-su-skeciu-ir-suolais.jpg","datePublished":"2026-02-26T07:47:45+00:00","dateModified":"2026-04-13T10:47:19+00:00","description":"Pikniko stalas \u0161e\u0161iems vaikais su specialios formos s\u0117dyn\u0117mis. Pagamintas i\u0161 tvirto plastiko su dvigubomis sienel\u0117mis, viduje pripildytomis oro.","breadcrumb":{"@id":"https:\/\/kidsplay.lt\/produktas\/pikniko-stalas-su-skeciu-ir-suolais\/#breadcrumb"},"inLanguage":"lv-LV","potentialAction":[{"@type":"ReadAction","target":["https:\/\/kidsplay.lt\/produktas\/pikniko-stalas-su-skeciu-ir-suolais\/"]}]},{"@type":"ImageObject","inLanguage":"lv-LV","@id":"https:\/\/kidsplay.lt\/produktas\/pikniko-stalas-su-skeciu-ir-suolais\/#primaryimage","url":"https:\/\/kidsplay.lt\/wp-content\/uploads\/2024\/09\/Pikniko-stalas-su-skeciu-ir-suolais.jpg","contentUrl":"https:\/\/kidsplay.lt\/wp-content\/uploads\/2024\/09\/Pikniko-stalas-su-skeciu-ir-suolais.jpg","width":504,"height":550,"caption":"Pikniko stalas su sk\u0117\u010diu ir suolais"},{"@type":"BreadcrumbList","@id":"https:\/\/kidsplay.lt\/produktas\/pikniko-stalas-su-skeciu-ir-suolais\/#breadcrumb","itemListElement":[{"@type":"ListItem","position":1,"name":"Pagrindinis","item":"https:\/\/kidsplay.lt\/"},{"@type":"ListItem","position":2,"name":"Parduotuv\u0117","item":"https:\/\/kidsplay.lt\/parduotuve\/"},{"@type":"ListItem","position":3,"name":"Pikniko stalas su sk\u0117\u010diu ir suolais"}]},{"@type":"WebSite","@id":"https:\/\/kidsplay.lt\/#website","url":"https:\/\/kidsplay.lt\/","name":"B\u0113rnu sp\u0113les.lv","description":"\u012evairios prek\u0117s vaikams","publisher":{"@id":"https:\/\/kidsplay.lt\/#organization"},"alternateName":"Kidsplay","potentialAction":[{"@type":"SearchAction","target":{"@type":"EntryPoint","urlTemplate":"https:\/\/kidsplay.lt\/?s={search_term_string}"},"query-input":{"@type":"PropertyValueSpecification","valueRequired":true,"valueName":"search_term_string"}}],"inLanguage":"lv-LV"},{"@type":"Organization","@id":"https:\/\/kidsplay.lt\/#organization","name":"B\u0113rnu sp\u0113le","url":"https:\/\/kidsplay.lt\/","logo":{"@type":"ImageObject","inLanguage":"lv-LV","@id":"https:\/\/kidsplay.lt\/#\/schema\/logo\/image\/","url":"https:\/\/kidsplay.lt\/wp-content\/uploads\/2023\/07\/kidsplay-logo.png","contentUrl":"https:\/\/kidsplay.lt\/wp-content\/uploads\/2023\/07\/kidsplay-logo.png","width":451,"height":98,"caption":"KidsPlay"},"image":{"@id":"https:\/\/kidsplay.lt\/#\/schema\/logo\/image\/"},"sameAs":["https:\/\/www.facebook.com\/www.kidsplay.lt"]}]}},"_links":{"self":[{"href":"https:\/\/kidsplay.lt\/lv\/wp-json\/wp\/v2\/product\/90547","targetHints":{"allow":["GET"]}}],"collection":[{"href":"https:\/\/kidsplay.lt\/lv\/wp-json\/wp\/v2\/product"}],"about":[{"href":"https:\/\/kidsplay.lt\/lv\/wp-json\/wp\/v2\/types\/product"}],"version-history":[{"count":1,"href":"https:\/\/kidsplay.lt\/lv\/wp-json\/wp\/v2\/product\/90547\/revisions"}],"predecessor-version":[{"id":90548,"href":"https:\/\/kidsplay.lt\/lv\/wp-json\/wp\/v2\/product\/90547\/revisions\/90548"}],"wp:featuredmedia":[{"embeddable":true,"href":"https:\/\/kidsplay.lt\/lv\/wp-json\/wp\/v2\/media\/52755"}],"wp:attachment":[{"href":"https:\/\/kidsplay.lt\/lv\/wp-json\/wp\/v2\/media?parent=90547"}],"wp:term":[{"taxonomy":"product_brand","embeddable":true,"href":"https:\/\/kidsplay.lt\/lv\/wp-json\/wp\/v2\/product_brand?post=90547"},{"taxonomy":"product_cat","embeddable":true,"href":"https:\/\/kidsplay.lt\/lv\/wp-json\/wp\/v2\/product_cat?post=90547"},{"taxonomy":"product_tag","embeddable":true,"href":"https:\/\/kidsplay.lt\/lv\/wp-json\/wp\/v2\/product_tag?post=90547"}],"curies":[{"name":"wp","href":"https:\/\/api.w.org\/{rel}","templated":true}]}}