{"id":90549,"date":"2026-02-26T09:47:47","date_gmt":"2026-02-26T07:47:47","guid":{"rendered":"https:\/\/kidsplay.lt\/produktas\/pikniko-stalas-su-skeciu\/"},"modified":"2026-04-07T11:00:21","modified_gmt":"2026-04-07T08:00:21","slug":"pikniko-stalas-su-skeciu","status":"publish","type":"product","link":"https:\/\/kidsplay.lt\/lv\/products\/pikniko-stalas-su-skeciu\/","title":{"rendered":"Pikniko stalas su sk\u0117\u010diu"},"content":{"rendered":"<p>Pikniko stalas su sk\u0117\u010diu yra\u00a0 sodo \u017eaisl\u0173 serijos dalis. Stalas puikiai tinka i\u0161kylai ir \u017eaidimams sode kar\u0161tomis dienomis. Ant dviej\u0173 ilg\u0173 suol\u0173 patogiai \u012fsitaisys iki 6 vaik\u0173 vienu metu, o platus stalvir\u0161is sukuria daug erdv\u0117s \u017eaidimams ir valgymui.<\/p>","protected":false},"excerpt":{"rendered":"<p>Pikniko stalas su sk\u0117\u010diu yra\u00a0 sodo \u017eaisl\u0173 serijos dalis. Stalas puikiai tinka i\u0161kylai ir \u017eaidimams sode kar\u0161tomis dienomis. Ant dviej\u0173<\/p>","protected":false},"featured_media":52758,"template":"","meta":{"_acf_changed":false,"_glsr_average":0,"_glsr_ranking":0,"_glsr_reviews":0},"product_brand":[],"product_cat":[233],"product_tag":[],"class_list":{"0":"post-90549","1":"product","2":"type-product","3":"status-publish","4":"has-post-thumbnail","6":"product_cat-lauko-pramogos","7":"\"style=\"background-color: #2ecc711c;\"","9":"first","10":"instock","11":"purchasable","12":"product-type-simple"},"acf":[],"yoast_head":"<!-- This site is optimized with the Yoast SEO plugin v27.3 - https:\/\/yoast.com\/product\/yoast-seo-wordpress\/ -->\n<title>Pikniko stalas su sk\u0117\u010diu<\/title>\n<meta name=\"description\" content=\"Stalas puikiai tinka i\u0161kylai ir \u017eaidimams sode kar\u0161tomis dienomis. Ant dviej\u0173 ilg\u0173 suol\u0173 patogiai \u012fsitaisys iki 6 vaik\u0173 vienu metu.\" \/>\n<meta name=\"robots\" content=\"index, follow, max-snippet:-1, max-image-preview:large, max-video-preview:-1\" \/>\n<link rel=\"canonical\" href=\"https:\/\/kidsplay.lt\/lv\/products\/pikniko-stalas-su-skeciu\/\" \/>\n<meta property=\"og:locale\" content=\"lv_LV\" \/>\n<meta property=\"og:type\" content=\"article\" \/>\n<meta property=\"og:title\" content=\"Pikniko stalas su sk\u0117\u010diu\" \/>\n<meta property=\"og:description\" content=\"Stalas puikiai tinka i\u0161kylai ir \u017eaidimams sode kar\u0161tomis dienomis. Ant dviej\u0173 ilg\u0173 suol\u0173 patogiai \u012fsitaisys iki 6 vaik\u0173 vienu metu.\" \/>\n<meta property=\"og:url\" content=\"https:\/\/kidsplay.lt\/lv\/products\/pikniko-stalas-su-skeciu\/\" \/>\n<meta property=\"og:site_name\" content=\"KidsPlay\" \/>\n<meta property=\"article:publisher\" content=\"https:\/\/www.facebook.com\/www.kidsplay.lt\" \/>\n<meta property=\"article:modified_time\" content=\"2026-04-07T08:00:21+00:00\" \/>\n<meta property=\"og:image\" content=\"https:\/\/kidsplay.lt\/wp-content\/uploads\/2024\/09\/Pikniko-stalas-su-skeciu.jpg\" \/>\n\t<meta property=\"og:image:width\" content=\"649\" \/>\n\t<meta property=\"og:image:height\" content=\"554\" \/>\n\t<meta property=\"og:image:type\" content=\"image\/jpeg\" \/>\n<meta name=\"twitter:card\" content=\"summary_large_image\" \/>\n<script type=\"application\/ld+json\" class=\"yoast-schema-graph\">{\"@context\":\"https:\\\/\\\/schema.org\",\"@graph\":[{\"@type\":\"WebPage\",\"@id\":\"https:\\\/\\\/kidsplay.lt\\\/produktas\\\/pikniko-stalas-su-skeciu\\\/\",\"url\":\"https:\\\/\\\/kidsplay.lt\\\/produktas\\\/pikniko-stalas-su-skeciu\\\/\",\"name\":\"Pikniko stalas su sk\u0117\u010diu\",\"isPartOf\":{\"@id\":\"https:\\\/\\\/kidsplay.lt\\\/#website\"},\"primaryImageOfPage\":{\"@id\":\"https:\\\/\\\/kidsplay.lt\\\/produktas\\\/pikniko-stalas-su-skeciu\\\/#primaryimage\"},\"image\":{\"@id\":\"https:\\\/\\\/kidsplay.lt\\\/produktas\\\/pikniko-stalas-su-skeciu\\\/#primaryimage\"},\"thumbnailUrl\":\"https:\\\/\\\/kidsplay.lt\\\/wp-content\\\/uploads\\\/2024\\\/09\\\/Pikniko-stalas-su-skeciu.jpg\",\"datePublished\":\"2026-02-26T07:47:47+00:00\",\"dateModified\":\"2026-04-07T08:00:21+00:00\",\"description\":\"Stalas puikiai tinka i\u0161kylai ir \u017eaidimams sode kar\u0161tomis dienomis. Ant dviej\u0173 ilg\u0173 suol\u0173 patogiai \u012fsitaisys iki 6 vaik\u0173 vienu metu.\",\"breadcrumb\":{\"@id\":\"https:\\\/\\\/kidsplay.lt\\\/produktas\\\/pikniko-stalas-su-skeciu\\\/#breadcrumb\"},\"inLanguage\":\"lv-LV\",\"potentialAction\":[{\"@type\":\"ReadAction\",\"target\":[\"https:\\\/\\\/kidsplay.lt\\\/produktas\\\/pikniko-stalas-su-skeciu\\\/\"]}]},{\"@type\":\"ImageObject\",\"inLanguage\":\"lv-LV\",\"@id\":\"https:\\\/\\\/kidsplay.lt\\\/produktas\\\/pikniko-stalas-su-skeciu\\\/#primaryimage\",\"url\":\"https:\\\/\\\/kidsplay.lt\\\/wp-content\\\/uploads\\\/2024\\\/09\\\/Pikniko-stalas-su-skeciu.jpg\",\"contentUrl\":\"https:\\\/\\\/kidsplay.lt\\\/wp-content\\\/uploads\\\/2024\\\/09\\\/Pikniko-stalas-su-skeciu.jpg\",\"width\":649,\"height\":554,\"caption\":\"Pikniko stalas su sk\u0117\u010diu\"},{\"@type\":\"BreadcrumbList\",\"@id\":\"https:\\\/\\\/kidsplay.lt\\\/produktas\\\/pikniko-stalas-su-skeciu\\\/#breadcrumb\",\"itemListElement\":[{\"@type\":\"ListItem\",\"position\":1,\"name\":\"Pagrindinis\",\"item\":\"https:\\\/\\\/kidsplay.lt\\\/\"},{\"@type\":\"ListItem\",\"position\":2,\"name\":\"Parduotuv\u0117\",\"item\":\"https:\\\/\\\/kidsplay.lt\\\/parduotuve\\\/\"},{\"@type\":\"ListItem\",\"position\":3,\"name\":\"Pikniko stalas su sk\u0117\u010diu\"}]},{\"@type\":\"WebSite\",\"@id\":\"https:\\\/\\\/kidsplay.lt\\\/#website\",\"url\":\"https:\\\/\\\/kidsplay.lt\\\/\",\"name\":\"Kidsplay.lt\",\"description\":\"\u012evairios prek\u0117s vaikams\",\"publisher\":{\"@id\":\"https:\\\/\\\/kidsplay.lt\\\/#organization\"},\"alternateName\":\"Kidsplay\",\"potentialAction\":[{\"@type\":\"SearchAction\",\"target\":{\"@type\":\"EntryPoint\",\"urlTemplate\":\"https:\\\/\\\/kidsplay.lt\\\/?s={search_term_string}\"},\"query-input\":{\"@type\":\"PropertyValueSpecification\",\"valueRequired\":true,\"valueName\":\"search_term_string\"}}],\"inLanguage\":\"lv-LV\"},{\"@type\":\"Organization\",\"@id\":\"https:\\\/\\\/kidsplay.lt\\\/#organization\",\"name\":\"KidsPlay\",\"url\":\"https:\\\/\\\/kidsplay.lt\\\/\",\"logo\":{\"@type\":\"ImageObject\",\"inLanguage\":\"lv-LV\",\"@id\":\"https:\\\/\\\/kidsplay.lt\\\/#\\\/schema\\\/logo\\\/image\\\/\",\"url\":\"https:\\\/\\\/kidsplay.lt\\\/wp-content\\\/uploads\\\/2023\\\/07\\\/kidsplay-logo.png\",\"contentUrl\":\"https:\\\/\\\/kidsplay.lt\\\/wp-content\\\/uploads\\\/2023\\\/07\\\/kidsplay-logo.png\",\"width\":451,\"height\":98,\"caption\":\"KidsPlay\"},\"image\":{\"@id\":\"https:\\\/\\\/kidsplay.lt\\\/#\\\/schema\\\/logo\\\/image\\\/\"},\"sameAs\":[\"https:\\\/\\\/www.facebook.com\\\/www.kidsplay.lt\"]}]}<\/script>\n<!-- \/ Yoast SEO plugin. -->","yoast_head_json":{"title":"Pikniko stalas su sk\u0117\u010diu","description":"Stalas puikiai tinka i\u0161kylai ir \u017eaidimams sode kar\u0161tomis dienomis. Ant dviej\u0173 ilg\u0173 suol\u0173 patogiai \u012fsitaisys iki 6 vaik\u0173 vienu metu.","robots":{"index":"index","follow":"follow","max-snippet":"max-snippet:-1","max-image-preview":"max-image-preview:large","max-video-preview":"max-video-preview:-1"},"canonical":"https:\/\/kidsplay.lt\/lv\/products\/pikniko-stalas-su-skeciu\/","og_locale":"lv_LV","og_type":"article","og_title":"Pikniko stalas su sk\u0117\u010diu","og_description":"Stalas puikiai tinka i\u0161kylai ir \u017eaidimams sode kar\u0161tomis dienomis. Ant dviej\u0173 ilg\u0173 suol\u0173 patogiai \u012fsitaisys iki 6 vaik\u0173 vienu metu.","og_url":"https:\/\/kidsplay.lt\/lv\/products\/pikniko-stalas-su-skeciu\/","og_site_name":"KidsPlay","article_publisher":"https:\/\/www.facebook.com\/www.kidsplay.lt","article_modified_time":"2026-04-07T08:00:21+00:00","og_image":[{"width":649,"height":554,"url":"https:\/\/kidsplay.lt\/wp-content\/uploads\/2024\/09\/Pikniko-stalas-su-skeciu.jpg","type":"image\/jpeg"}],"twitter_card":"summary_large_image","schema":{"@context":"https:\/\/schema.org","@graph":[{"@type":"WebPage","@id":"https:\/\/kidsplay.lt\/produktas\/pikniko-stalas-su-skeciu\/","url":"https:\/\/kidsplay.lt\/produktas\/pikniko-stalas-su-skeciu\/","name":"Pikniko stalas su sk\u0117\u010diu","isPartOf":{"@id":"https:\/\/kidsplay.lt\/#website"},"primaryImageOfPage":{"@id":"https:\/\/kidsplay.lt\/produktas\/pikniko-stalas-su-skeciu\/#primaryimage"},"image":{"@id":"https:\/\/kidsplay.lt\/produktas\/pikniko-stalas-su-skeciu\/#primaryimage"},"thumbnailUrl":"https:\/\/kidsplay.lt\/wp-content\/uploads\/2024\/09\/Pikniko-stalas-su-skeciu.jpg","datePublished":"2026-02-26T07:47:47+00:00","dateModified":"2026-04-07T08:00:21+00:00","description":"Stalas puikiai tinka i\u0161kylai ir \u017eaidimams sode kar\u0161tomis dienomis. Ant dviej\u0173 ilg\u0173 suol\u0173 patogiai \u012fsitaisys iki 6 vaik\u0173 vienu metu.","breadcrumb":{"@id":"https:\/\/kidsplay.lt\/produktas\/pikniko-stalas-su-skeciu\/#breadcrumb"},"inLanguage":"lv-LV","potentialAction":[{"@type":"ReadAction","target":["https:\/\/kidsplay.lt\/produktas\/pikniko-stalas-su-skeciu\/"]}]},{"@type":"ImageObject","inLanguage":"lv-LV","@id":"https:\/\/kidsplay.lt\/produktas\/pikniko-stalas-su-skeciu\/#primaryimage","url":"https:\/\/kidsplay.lt\/wp-content\/uploads\/2024\/09\/Pikniko-stalas-su-skeciu.jpg","contentUrl":"https:\/\/kidsplay.lt\/wp-content\/uploads\/2024\/09\/Pikniko-stalas-su-skeciu.jpg","width":649,"height":554,"caption":"Pikniko stalas su sk\u0117\u010diu"},{"@type":"BreadcrumbList","@id":"https:\/\/kidsplay.lt\/produktas\/pikniko-stalas-su-skeciu\/#breadcrumb","itemListElement":[{"@type":"ListItem","position":1,"name":"Pagrindinis","item":"https:\/\/kidsplay.lt\/"},{"@type":"ListItem","position":2,"name":"Parduotuv\u0117","item":"https:\/\/kidsplay.lt\/parduotuve\/"},{"@type":"ListItem","position":3,"name":"Pikniko stalas su sk\u0117\u010diu"}]},{"@type":"WebSite","@id":"https:\/\/kidsplay.lt\/#website","url":"https:\/\/kidsplay.lt\/","name":"B\u0113rnu sp\u0113les.lv","description":"\u012evairios prek\u0117s vaikams","publisher":{"@id":"https:\/\/kidsplay.lt\/#organization"},"alternateName":"Kidsplay","potentialAction":[{"@type":"SearchAction","target":{"@type":"EntryPoint","urlTemplate":"https:\/\/kidsplay.lt\/?s={search_term_string}"},"query-input":{"@type":"PropertyValueSpecification","valueRequired":true,"valueName":"search_term_string"}}],"inLanguage":"lv-LV"},{"@type":"Organization","@id":"https:\/\/kidsplay.lt\/#organization","name":"B\u0113rnu sp\u0113le","url":"https:\/\/kidsplay.lt\/","logo":{"@type":"ImageObject","inLanguage":"lv-LV","@id":"https:\/\/kidsplay.lt\/#\/schema\/logo\/image\/","url":"https:\/\/kidsplay.lt\/wp-content\/uploads\/2023\/07\/kidsplay-logo.png","contentUrl":"https:\/\/kidsplay.lt\/wp-content\/uploads\/2023\/07\/kidsplay-logo.png","width":451,"height":98,"caption":"KidsPlay"},"image":{"@id":"https:\/\/kidsplay.lt\/#\/schema\/logo\/image\/"},"sameAs":["https:\/\/www.facebook.com\/www.kidsplay.lt"]}]}},"_links":{"self":[{"href":"https:\/\/kidsplay.lt\/lv\/wp-json\/wp\/v2\/product\/90549","targetHints":{"allow":["GET"]}}],"collection":[{"href":"https:\/\/kidsplay.lt\/lv\/wp-json\/wp\/v2\/product"}],"about":[{"href":"https:\/\/kidsplay.lt\/lv\/wp-json\/wp\/v2\/types\/product"}],"version-history":[{"count":1,"href":"https:\/\/kidsplay.lt\/lv\/wp-json\/wp\/v2\/product\/90549\/revisions"}],"predecessor-version":[{"id":90550,"href":"https:\/\/kidsplay.lt\/lv\/wp-json\/wp\/v2\/product\/90549\/revisions\/90550"}],"wp:featuredmedia":[{"embeddable":true,"href":"https:\/\/kidsplay.lt\/lv\/wp-json\/wp\/v2\/media\/52758"}],"wp:attachment":[{"href":"https:\/\/kidsplay.lt\/lv\/wp-json\/wp\/v2\/media?parent=90549"}],"wp:term":[{"taxonomy":"product_brand","embeddable":true,"href":"https:\/\/kidsplay.lt\/lv\/wp-json\/wp\/v2\/product_brand?post=90549"},{"taxonomy":"product_cat","embeddable":true,"href":"https:\/\/kidsplay.lt\/lv\/wp-json\/wp\/v2\/product_cat?post=90549"},{"taxonomy":"product_tag","embeddable":true,"href":"https:\/\/kidsplay.lt\/lv\/wp-json\/wp\/v2\/product_tag?post=90549"}],"curies":[{"name":"wp","href":"https:\/\/api.w.org\/{rel}","templated":true}]}}