{"id":90551,"date":"2026-02-26T09:47:49","date_gmt":"2026-02-26T07:47:49","guid":{"rendered":"https:\/\/kidsplay.lt\/produktas\/smelio-deze-su-priedais-sausas-baseinas\/"},"modified":"2026-04-07T11:00:27","modified_gmt":"2026-04-07T08:00:27","slug":"smelio-deze-su-priedais-sausas-baseinas","status":"publish","type":"product","link":"https:\/\/kidsplay.lt\/lv\/products\/smelio-deze-su-priedais-sausas-baseinas\/","title":{"rendered":"Sm\u0117lio d\u0117\u017e\u0117 su priedais &#8211; sausas baseinas"},"content":{"rendered":"<p>Sm\u0117lio d\u0117\u017e\u0117 &#8211; idealus \u017eaislas sode arba \u017eaidimams namuose, balkone ar terasoje. Ta\u010diau sm\u0117lio d\u0117\u017e\u0117 taip pat gali b\u016bti sausas kamuoliuk\u0173 baseinas. Kar\u0161tomis dienomis vietoj sm\u0117lio vaik\u0105 galime apipilti vandeniu.<\/p>\n<p>&#8211; Sm\u0117lio d\u0117\u017e\u0117s rinkin\u012f sudaro: gr\u0117bliai, laistytuvas, kastuv\u0117lis, 2 sm\u0117lio formel\u0117s<br \/>\n&#8211; idealiai tinka sode, papl\u016bdimyje ar balkone<br \/>\n&#8211; galima naudoti \u012fvairiais b\u016bdais &#8211; pilant sm\u0117l\u012f, pilant vanden\u012f arba pilant kamuoliukus (&#8222;sausas baseinas&#8221;)<\/p>","protected":false},"excerpt":{"rendered":"<p>Sm\u0117lio d\u0117\u017e\u0117 &#8211; idealus \u017eaislas sode arba \u017eaidimams namuose, balkone ar terasoje. Ta\u010diau sm\u0117lio d\u0117\u017e\u0117 taip pat gali b\u016bti sausas<\/p>","protected":false},"featured_media":52763,"template":"","meta":{"_acf_changed":false,"_glsr_average":0,"_glsr_ranking":0,"_glsr_reviews":0},"product_brand":[],"product_cat":[233,327],"product_tag":[],"class_list":{"0":"post-90551","1":"product","2":"type-product","3":"status-publish","4":"has-post-thumbnail","6":"product_cat-lauko-pramogos","7":"product_cat-smelio-dezes-ir-priedai","8":"\"style=\"background-color: #2ecc711c;\"","10":"first","11":"instock","12":"purchasable","13":"product-type-simple"},"acf":[],"yoast_head":"<!-- This site is optimized with the Yoast SEO plugin v27.3 - https:\/\/yoast.com\/product\/yoast-seo-wordpress\/ -->\n<title>Sm\u0117lio d\u0117\u017e\u0117 su priedais &#8211; sausas baseinas<\/title>\n<meta name=\"description\" content=\"Sm\u0117lio d\u0117\u017e\u0117 - idealus \u017eaislas sode arba \u017eaidimams namuose, balkone ar terasoje. Ta\u010diau sm\u0117lio d\u0117\u017e\u0117 taip pat gali b\u016bti sausas kamuoliuk\u0173 baseinas.\" \/>\n<meta name=\"robots\" content=\"index, follow, max-snippet:-1, max-image-preview:large, max-video-preview:-1\" \/>\n<link rel=\"canonical\" href=\"https:\/\/kidsplay.lt\/lv\/products\/smelio-deze-su-priedais-sausas-baseinas\/\" \/>\n<meta property=\"og:locale\" content=\"lv_LV\" \/>\n<meta property=\"og:type\" content=\"article\" \/>\n<meta property=\"og:title\" content=\"Sm\u0117lio d\u0117\u017e\u0117 su priedais &#8211; sausas baseinas\" \/>\n<meta property=\"og:description\" content=\"Sm\u0117lio d\u0117\u017e\u0117 - idealus \u017eaislas sode arba \u017eaidimams namuose, balkone ar terasoje. Ta\u010diau sm\u0117lio d\u0117\u017e\u0117 taip pat gali b\u016bti sausas kamuoliuk\u0173 baseinas.\" \/>\n<meta property=\"og:url\" content=\"https:\/\/kidsplay.lt\/lv\/products\/smelio-deze-su-priedais-sausas-baseinas\/\" \/>\n<meta property=\"og:site_name\" content=\"KidsPlay\" \/>\n<meta property=\"article:publisher\" content=\"https:\/\/www.facebook.com\/www.kidsplay.lt\" \/>\n<meta property=\"article:modified_time\" content=\"2026-04-07T08:00:27+00:00\" \/>\n<meta property=\"og:image\" content=\"https:\/\/kidsplay.lt\/wp-content\/uploads\/2024\/09\/Smelio-deze-su-priedais-\u2013-sausas-baseinas.jpg\" \/>\n\t<meta property=\"og:image:width\" content=\"794\" \/>\n\t<meta property=\"og:image:height\" content=\"794\" \/>\n\t<meta property=\"og:image:type\" content=\"image\/jpeg\" \/>\n<meta name=\"twitter:card\" content=\"summary_large_image\" \/>\n<script type=\"application\/ld+json\" class=\"yoast-schema-graph\">{\"@context\":\"https:\\\/\\\/schema.org\",\"@graph\":[{\"@type\":\"WebPage\",\"@id\":\"https:\\\/\\\/kidsplay.lt\\\/produktas\\\/smelio-deze-su-priedais-sausas-baseinas\\\/\",\"url\":\"https:\\\/\\\/kidsplay.lt\\\/produktas\\\/smelio-deze-su-priedais-sausas-baseinas\\\/\",\"name\":\"Sm\u0117lio d\u0117\u017e\u0117 su priedais &#8211; sausas baseinas\",\"isPartOf\":{\"@id\":\"https:\\\/\\\/kidsplay.lt\\\/#website\"},\"primaryImageOfPage\":{\"@id\":\"https:\\\/\\\/kidsplay.lt\\\/produktas\\\/smelio-deze-su-priedais-sausas-baseinas\\\/#primaryimage\"},\"image\":{\"@id\":\"https:\\\/\\\/kidsplay.lt\\\/produktas\\\/smelio-deze-su-priedais-sausas-baseinas\\\/#primaryimage\"},\"thumbnailUrl\":\"https:\\\/\\\/kidsplay.lt\\\/wp-content\\\/uploads\\\/2024\\\/09\\\/Smelio-deze-su-priedais-\u2013-sausas-baseinas.jpg\",\"datePublished\":\"2026-02-26T07:47:49+00:00\",\"dateModified\":\"2026-04-07T08:00:27+00:00\",\"description\":\"Sm\u0117lio d\u0117\u017e\u0117 - idealus \u017eaislas sode arba \u017eaidimams namuose, balkone ar terasoje. Ta\u010diau sm\u0117lio d\u0117\u017e\u0117 taip pat gali b\u016bti sausas kamuoliuk\u0173 baseinas.\",\"breadcrumb\":{\"@id\":\"https:\\\/\\\/kidsplay.lt\\\/produktas\\\/smelio-deze-su-priedais-sausas-baseinas\\\/#breadcrumb\"},\"inLanguage\":\"lv-LV\",\"potentialAction\":[{\"@type\":\"ReadAction\",\"target\":[\"https:\\\/\\\/kidsplay.lt\\\/produktas\\\/smelio-deze-su-priedais-sausas-baseinas\\\/\"]}]},{\"@type\":\"ImageObject\",\"inLanguage\":\"lv-LV\",\"@id\":\"https:\\\/\\\/kidsplay.lt\\\/produktas\\\/smelio-deze-su-priedais-sausas-baseinas\\\/#primaryimage\",\"url\":\"https:\\\/\\\/kidsplay.lt\\\/wp-content\\\/uploads\\\/2024\\\/09\\\/Smelio-deze-su-priedais-\u2013-sausas-baseinas.jpg\",\"contentUrl\":\"https:\\\/\\\/kidsplay.lt\\\/wp-content\\\/uploads\\\/2024\\\/09\\\/Smelio-deze-su-priedais-\u2013-sausas-baseinas.jpg\",\"width\":794,\"height\":794,\"caption\":\"Sm\u0117lio d\u0117\u017e\u0117 su priedais &#8211; sausas baseinas\"},{\"@type\":\"BreadcrumbList\",\"@id\":\"https:\\\/\\\/kidsplay.lt\\\/produktas\\\/smelio-deze-su-priedais-sausas-baseinas\\\/#breadcrumb\",\"itemListElement\":[{\"@type\":\"ListItem\",\"position\":1,\"name\":\"Pagrindinis\",\"item\":\"https:\\\/\\\/kidsplay.lt\\\/\"},{\"@type\":\"ListItem\",\"position\":2,\"name\":\"Parduotuv\u0117\",\"item\":\"https:\\\/\\\/kidsplay.lt\\\/parduotuve\\\/\"},{\"@type\":\"ListItem\",\"position\":3,\"name\":\"Sm\u0117lio d\u0117\u017e\u0117 su priedais &#8211; sausas baseinas\"}]},{\"@type\":\"WebSite\",\"@id\":\"https:\\\/\\\/kidsplay.lt\\\/#website\",\"url\":\"https:\\\/\\\/kidsplay.lt\\\/\",\"name\":\"Kidsplay.lt\",\"description\":\"\u012evairios prek\u0117s vaikams\",\"publisher\":{\"@id\":\"https:\\\/\\\/kidsplay.lt\\\/#organization\"},\"alternateName\":\"Kidsplay\",\"potentialAction\":[{\"@type\":\"SearchAction\",\"target\":{\"@type\":\"EntryPoint\",\"urlTemplate\":\"https:\\\/\\\/kidsplay.lt\\\/?s={search_term_string}\"},\"query-input\":{\"@type\":\"PropertyValueSpecification\",\"valueRequired\":true,\"valueName\":\"search_term_string\"}}],\"inLanguage\":\"lv-LV\"},{\"@type\":\"Organization\",\"@id\":\"https:\\\/\\\/kidsplay.lt\\\/#organization\",\"name\":\"KidsPlay\",\"url\":\"https:\\\/\\\/kidsplay.lt\\\/\",\"logo\":{\"@type\":\"ImageObject\",\"inLanguage\":\"lv-LV\",\"@id\":\"https:\\\/\\\/kidsplay.lt\\\/#\\\/schema\\\/logo\\\/image\\\/\",\"url\":\"https:\\\/\\\/kidsplay.lt\\\/wp-content\\\/uploads\\\/2023\\\/07\\\/kidsplay-logo.png\",\"contentUrl\":\"https:\\\/\\\/kidsplay.lt\\\/wp-content\\\/uploads\\\/2023\\\/07\\\/kidsplay-logo.png\",\"width\":451,\"height\":98,\"caption\":\"KidsPlay\"},\"image\":{\"@id\":\"https:\\\/\\\/kidsplay.lt\\\/#\\\/schema\\\/logo\\\/image\\\/\"},\"sameAs\":[\"https:\\\/\\\/www.facebook.com\\\/www.kidsplay.lt\"]}]}<\/script>\n<!-- \/ Yoast SEO plugin. -->","yoast_head_json":{"title":"Sm\u0117lio d\u0117\u017e\u0117 su priedais &#8211; sausas baseinas","description":"Sm\u0117lio d\u0117\u017e\u0117 - idealus \u017eaislas sode arba \u017eaidimams namuose, balkone ar terasoje. Ta\u010diau sm\u0117lio d\u0117\u017e\u0117 taip pat gali b\u016bti sausas kamuoliuk\u0173 baseinas.","robots":{"index":"index","follow":"follow","max-snippet":"max-snippet:-1","max-image-preview":"max-image-preview:large","max-video-preview":"max-video-preview:-1"},"canonical":"https:\/\/kidsplay.lt\/lv\/products\/smelio-deze-su-priedais-sausas-baseinas\/","og_locale":"lv_LV","og_type":"article","og_title":"Sm\u0117lio d\u0117\u017e\u0117 su priedais &#8211; sausas baseinas","og_description":"Sm\u0117lio d\u0117\u017e\u0117 - idealus \u017eaislas sode arba \u017eaidimams namuose, balkone ar terasoje. Ta\u010diau sm\u0117lio d\u0117\u017e\u0117 taip pat gali b\u016bti sausas kamuoliuk\u0173 baseinas.","og_url":"https:\/\/kidsplay.lt\/lv\/products\/smelio-deze-su-priedais-sausas-baseinas\/","og_site_name":"KidsPlay","article_publisher":"https:\/\/www.facebook.com\/www.kidsplay.lt","article_modified_time":"2026-04-07T08:00:27+00:00","og_image":[{"width":794,"height":794,"url":"https:\/\/kidsplay.lt\/wp-content\/uploads\/2024\/09\/Smelio-deze-su-priedais-\u2013-sausas-baseinas.jpg","type":"image\/jpeg"}],"twitter_card":"summary_large_image","schema":{"@context":"https:\/\/schema.org","@graph":[{"@type":"WebPage","@id":"https:\/\/kidsplay.lt\/produktas\/smelio-deze-su-priedais-sausas-baseinas\/","url":"https:\/\/kidsplay.lt\/produktas\/smelio-deze-su-priedais-sausas-baseinas\/","name":"Sm\u0117lio d\u0117\u017e\u0117 su priedais &#8211; sausas baseinas","isPartOf":{"@id":"https:\/\/kidsplay.lt\/#website"},"primaryImageOfPage":{"@id":"https:\/\/kidsplay.lt\/produktas\/smelio-deze-su-priedais-sausas-baseinas\/#primaryimage"},"image":{"@id":"https:\/\/kidsplay.lt\/produktas\/smelio-deze-su-priedais-sausas-baseinas\/#primaryimage"},"thumbnailUrl":"https:\/\/kidsplay.lt\/wp-content\/uploads\/2024\/09\/Smelio-deze-su-priedais-\u2013-sausas-baseinas.jpg","datePublished":"2026-02-26T07:47:49+00:00","dateModified":"2026-04-07T08:00:27+00:00","description":"Sm\u0117lio d\u0117\u017e\u0117 - idealus \u017eaislas sode arba \u017eaidimams namuose, balkone ar terasoje. Ta\u010diau sm\u0117lio d\u0117\u017e\u0117 taip pat gali b\u016bti sausas kamuoliuk\u0173 baseinas.","breadcrumb":{"@id":"https:\/\/kidsplay.lt\/produktas\/smelio-deze-su-priedais-sausas-baseinas\/#breadcrumb"},"inLanguage":"lv-LV","potentialAction":[{"@type":"ReadAction","target":["https:\/\/kidsplay.lt\/produktas\/smelio-deze-su-priedais-sausas-baseinas\/"]}]},{"@type":"ImageObject","inLanguage":"lv-LV","@id":"https:\/\/kidsplay.lt\/produktas\/smelio-deze-su-priedais-sausas-baseinas\/#primaryimage","url":"https:\/\/kidsplay.lt\/wp-content\/uploads\/2024\/09\/Smelio-deze-su-priedais-\u2013-sausas-baseinas.jpg","contentUrl":"https:\/\/kidsplay.lt\/wp-content\/uploads\/2024\/09\/Smelio-deze-su-priedais-\u2013-sausas-baseinas.jpg","width":794,"height":794,"caption":"Sm\u0117lio d\u0117\u017e\u0117 su priedais &#8211; sausas baseinas"},{"@type":"BreadcrumbList","@id":"https:\/\/kidsplay.lt\/produktas\/smelio-deze-su-priedais-sausas-baseinas\/#breadcrumb","itemListElement":[{"@type":"ListItem","position":1,"name":"Pagrindinis","item":"https:\/\/kidsplay.lt\/"},{"@type":"ListItem","position":2,"name":"Parduotuv\u0117","item":"https:\/\/kidsplay.lt\/parduotuve\/"},{"@type":"ListItem","position":3,"name":"Sm\u0117lio d\u0117\u017e\u0117 su priedais &#8211; sausas baseinas"}]},{"@type":"WebSite","@id":"https:\/\/kidsplay.lt\/#website","url":"https:\/\/kidsplay.lt\/","name":"B\u0113rnu sp\u0113les.lv","description":"\u012evairios prek\u0117s vaikams","publisher":{"@id":"https:\/\/kidsplay.lt\/#organization"},"alternateName":"Kidsplay","potentialAction":[{"@type":"SearchAction","target":{"@type":"EntryPoint","urlTemplate":"https:\/\/kidsplay.lt\/?s={search_term_string}"},"query-input":{"@type":"PropertyValueSpecification","valueRequired":true,"valueName":"search_term_string"}}],"inLanguage":"lv-LV"},{"@type":"Organization","@id":"https:\/\/kidsplay.lt\/#organization","name":"B\u0113rnu sp\u0113le","url":"https:\/\/kidsplay.lt\/","logo":{"@type":"ImageObject","inLanguage":"lv-LV","@id":"https:\/\/kidsplay.lt\/#\/schema\/logo\/image\/","url":"https:\/\/kidsplay.lt\/wp-content\/uploads\/2023\/07\/kidsplay-logo.png","contentUrl":"https:\/\/kidsplay.lt\/wp-content\/uploads\/2023\/07\/kidsplay-logo.png","width":451,"height":98,"caption":"KidsPlay"},"image":{"@id":"https:\/\/kidsplay.lt\/#\/schema\/logo\/image\/"},"sameAs":["https:\/\/www.facebook.com\/www.kidsplay.lt"]}]}},"_links":{"self":[{"href":"https:\/\/kidsplay.lt\/lv\/wp-json\/wp\/v2\/product\/90551","targetHints":{"allow":["GET"]}}],"collection":[{"href":"https:\/\/kidsplay.lt\/lv\/wp-json\/wp\/v2\/product"}],"about":[{"href":"https:\/\/kidsplay.lt\/lv\/wp-json\/wp\/v2\/types\/product"}],"version-history":[{"count":1,"href":"https:\/\/kidsplay.lt\/lv\/wp-json\/wp\/v2\/product\/90551\/revisions"}],"predecessor-version":[{"id":90552,"href":"https:\/\/kidsplay.lt\/lv\/wp-json\/wp\/v2\/product\/90551\/revisions\/90552"}],"wp:featuredmedia":[{"embeddable":true,"href":"https:\/\/kidsplay.lt\/lv\/wp-json\/wp\/v2\/media\/52763"}],"wp:attachment":[{"href":"https:\/\/kidsplay.lt\/lv\/wp-json\/wp\/v2\/media?parent=90551"}],"wp:term":[{"taxonomy":"product_brand","embeddable":true,"href":"https:\/\/kidsplay.lt\/lv\/wp-json\/wp\/v2\/product_brand?post=90551"},{"taxonomy":"product_cat","embeddable":true,"href":"https:\/\/kidsplay.lt\/lv\/wp-json\/wp\/v2\/product_cat?post=90551"},{"taxonomy":"product_tag","embeddable":true,"href":"https:\/\/kidsplay.lt\/lv\/wp-json\/wp\/v2\/product_tag?post=90551"}],"curies":[{"name":"wp","href":"https:\/\/api.w.org\/{rel}","templated":true}]}}