{"id":90553,"date":"2026-02-26T09:47:52","date_gmt":"2026-02-26T07:47:52","guid":{"rendered":"https:\/\/kidsplay.lt\/produktas\/spalvinga-medine-smelio-deze-su-suolais\/"},"modified":"2026-04-07T11:00:33","modified_gmt":"2026-04-07T08:00:33","slug":"spalvinga-medine-smelio-deze-su-suolais","status":"publish","type":"product","link":"https:\/\/kidsplay.lt\/lv\/products\/spalvinga-medine-smelio-deze-su-suolais\/","title":{"rendered":"Spalvinga medin\u0117 sm\u0117lio d\u0117\u017e\u0117 su suolais"},"content":{"rendered":"<p>Medin\u0117je vaivoryk\u0161t\u0117s sm\u0117lio d\u0117\u017e\u0117je\u00a0&#8211; kiekvieno ma\u017eylio svajon\u0117.\u00a0Sm\u0117lio d\u0117\u017e\u0117je\u00a0\u012frengti du suoliukai, ant kuri\u0173 vaikai gali atsis\u0117sti arba pasid\u0117ti \u017eaislus. D\u0117l auk\u0161tos kokyb\u0117s, tvirtos, oro s\u0105lygoms atsparios konstrukcijos\u00a0sm\u0117lio d\u0117\u017e\u0117\u00a0puikiai atrodys bet kuriuo met\u0173 laiku.<br \/>\nSuoliukai sulankstomi, tod\u0117l pasibaigus \u017eaidimams sm\u0117lio d\u0117\u017e\u0119 galima u\u017edaryti.<\/p>\n<p>&#8211; plati ir patogi keliems vaikams \u017eaisti,<br \/>\n&#8211; patog\u016bs suoliukai, kurie atlieka sm\u0117lio d\u0117\u017e\u0117s u\u017edarymo funkcij\u0105,<br \/>\n&#8211; pagaminta i\u0161 oro s\u0105lygoms atsparios medienos,<br \/>\n&#8211; nuda\u017eyta gra\u017eiomis vaivoryk\u0161t\u0117s spalvomis, tikrai paskatins vaik\u0105 \u017eaisti lauke,<br \/>\n&#8211; sumani ir tvirta konstrukcija.<\/p>","protected":false},"excerpt":{"rendered":"<p>Medin\u0117je vaivoryk\u0161t\u0117s sm\u0117lio d\u0117\u017e\u0117je\u00a0&#8211; kiekvieno ma\u017eylio svajon\u0117.\u00a0Sm\u0117lio d\u0117\u017e\u0117je\u00a0\u012frengti du suoliukai, ant kuri\u0173 vaikai gali atsis\u0117sti arba pasid\u0117ti \u017eaislus. D\u0117l auk\u0161tos<\/p>","protected":false},"featured_media":52766,"template":"","meta":{"_acf_changed":false,"_glsr_average":0,"_glsr_ranking":0,"_glsr_reviews":0},"product_brand":[],"product_cat":[233,327],"product_tag":[],"class_list":{"0":"post-90553","1":"product","2":"type-product","3":"status-publish","4":"has-post-thumbnail","6":"product_cat-lauko-pramogos","7":"product_cat-smelio-dezes-ir-priedai","8":"\"style=\"background-color: #2ecc711c;\"","10":"first","11":"instock","12":"purchasable","13":"product-type-simple"},"acf":[],"yoast_head":"<!-- This site is optimized with the Yoast SEO plugin v27.3 - https:\/\/yoast.com\/product\/yoast-seo-wordpress\/ -->\n<title>Spalvinga medin\u0117 sm\u0117lio d\u0117\u017e\u0117 su suolais<\/title>\n<meta name=\"description\" content=\"Medin\u0117je vaivoryk\u0161t\u0117s sm\u0117lio d\u0117\u017e\u0117je\u00a0- kiekvieno ma\u017eylio svajon\u0117.\u00a0Sm\u0117lio d\u0117\u017e\u0117je\u00a0\u012frengti du suoliukai, ant kuri\u0173 vaikai gali atsis\u0117sti arba pasid\u0117ti \u017eaislus.\" \/>\n<meta name=\"robots\" content=\"index, follow, max-snippet:-1, max-image-preview:large, max-video-preview:-1\" \/>\n<link rel=\"canonical\" href=\"https:\/\/kidsplay.lt\/lv\/products\/spalvinga-medine-smelio-deze-su-suolais\/\" \/>\n<meta property=\"og:locale\" content=\"lv_LV\" \/>\n<meta property=\"og:type\" content=\"article\" \/>\n<meta property=\"og:title\" content=\"Spalvinga medin\u0117 sm\u0117lio d\u0117\u017e\u0117 su suolais\" \/>\n<meta property=\"og:description\" content=\"Medin\u0117je vaivoryk\u0161t\u0117s sm\u0117lio d\u0117\u017e\u0117je\u00a0- kiekvieno ma\u017eylio svajon\u0117.\u00a0Sm\u0117lio d\u0117\u017e\u0117je\u00a0\u012frengti du suoliukai, ant kuri\u0173 vaikai gali atsis\u0117sti arba pasid\u0117ti \u017eaislus.\" \/>\n<meta property=\"og:url\" content=\"https:\/\/kidsplay.lt\/lv\/products\/spalvinga-medine-smelio-deze-su-suolais\/\" \/>\n<meta property=\"og:site_name\" content=\"KidsPlay\" \/>\n<meta property=\"article:publisher\" content=\"https:\/\/www.facebook.com\/www.kidsplay.lt\" \/>\n<meta property=\"article:modified_time\" content=\"2026-04-07T08:00:33+00:00\" \/>\n<meta property=\"og:image\" content=\"https:\/\/kidsplay.lt\/wp-content\/uploads\/2024\/09\/Spalvinga-medine-smelio-deze-su-suolais.jpg\" \/>\n\t<meta property=\"og:image:width\" content=\"770\" \/>\n\t<meta property=\"og:image:height\" content=\"770\" \/>\n\t<meta property=\"og:image:type\" content=\"image\/jpeg\" \/>\n<meta name=\"twitter:card\" content=\"summary_large_image\" \/>\n<meta name=\"twitter:label1\" content=\"Est. reading time\" \/>\n\t<meta name=\"twitter:data1\" content=\"1 min\u016bte\" \/>\n<script type=\"application\/ld+json\" class=\"yoast-schema-graph\">{\"@context\":\"https:\\\/\\\/schema.org\",\"@graph\":[{\"@type\":\"WebPage\",\"@id\":\"https:\\\/\\\/kidsplay.lt\\\/produktas\\\/spalvinga-medine-smelio-deze-su-suolais\\\/\",\"url\":\"https:\\\/\\\/kidsplay.lt\\\/produktas\\\/spalvinga-medine-smelio-deze-su-suolais\\\/\",\"name\":\"Spalvinga medin\u0117 sm\u0117lio d\u0117\u017e\u0117 su suolais\",\"isPartOf\":{\"@id\":\"https:\\\/\\\/kidsplay.lt\\\/#website\"},\"primaryImageOfPage\":{\"@id\":\"https:\\\/\\\/kidsplay.lt\\\/produktas\\\/spalvinga-medine-smelio-deze-su-suolais\\\/#primaryimage\"},\"image\":{\"@id\":\"https:\\\/\\\/kidsplay.lt\\\/produktas\\\/spalvinga-medine-smelio-deze-su-suolais\\\/#primaryimage\"},\"thumbnailUrl\":\"https:\\\/\\\/kidsplay.lt\\\/wp-content\\\/uploads\\\/2024\\\/09\\\/Spalvinga-medine-smelio-deze-su-suolais.jpg\",\"datePublished\":\"2026-02-26T07:47:52+00:00\",\"dateModified\":\"2026-04-07T08:00:33+00:00\",\"description\":\"Medin\u0117je vaivoryk\u0161t\u0117s sm\u0117lio d\u0117\u017e\u0117je\u00a0- kiekvieno ma\u017eylio svajon\u0117.\u00a0Sm\u0117lio d\u0117\u017e\u0117je\u00a0\u012frengti du suoliukai, ant kuri\u0173 vaikai gali atsis\u0117sti arba pasid\u0117ti \u017eaislus.\",\"breadcrumb\":{\"@id\":\"https:\\\/\\\/kidsplay.lt\\\/produktas\\\/spalvinga-medine-smelio-deze-su-suolais\\\/#breadcrumb\"},\"inLanguage\":\"lv-LV\",\"potentialAction\":[{\"@type\":\"ReadAction\",\"target\":[\"https:\\\/\\\/kidsplay.lt\\\/produktas\\\/spalvinga-medine-smelio-deze-su-suolais\\\/\"]}]},{\"@type\":\"ImageObject\",\"inLanguage\":\"lv-LV\",\"@id\":\"https:\\\/\\\/kidsplay.lt\\\/produktas\\\/spalvinga-medine-smelio-deze-su-suolais\\\/#primaryimage\",\"url\":\"https:\\\/\\\/kidsplay.lt\\\/wp-content\\\/uploads\\\/2024\\\/09\\\/Spalvinga-medine-smelio-deze-su-suolais.jpg\",\"contentUrl\":\"https:\\\/\\\/kidsplay.lt\\\/wp-content\\\/uploads\\\/2024\\\/09\\\/Spalvinga-medine-smelio-deze-su-suolais.jpg\",\"width\":770,\"height\":770,\"caption\":\"Spalvinga medin\u0117 sm\u0117lio d\u0117\u017e\u0117 su suolais\"},{\"@type\":\"BreadcrumbList\",\"@id\":\"https:\\\/\\\/kidsplay.lt\\\/produktas\\\/spalvinga-medine-smelio-deze-su-suolais\\\/#breadcrumb\",\"itemListElement\":[{\"@type\":\"ListItem\",\"position\":1,\"name\":\"Pagrindinis\",\"item\":\"https:\\\/\\\/kidsplay.lt\\\/\"},{\"@type\":\"ListItem\",\"position\":2,\"name\":\"Parduotuv\u0117\",\"item\":\"https:\\\/\\\/kidsplay.lt\\\/parduotuve\\\/\"},{\"@type\":\"ListItem\",\"position\":3,\"name\":\"Spalvinga medin\u0117 sm\u0117lio d\u0117\u017e\u0117 su suolais\"}]},{\"@type\":\"WebSite\",\"@id\":\"https:\\\/\\\/kidsplay.lt\\\/#website\",\"url\":\"https:\\\/\\\/kidsplay.lt\\\/\",\"name\":\"Kidsplay.lt\",\"description\":\"\u012evairios prek\u0117s vaikams\",\"publisher\":{\"@id\":\"https:\\\/\\\/kidsplay.lt\\\/#organization\"},\"alternateName\":\"Kidsplay\",\"potentialAction\":[{\"@type\":\"SearchAction\",\"target\":{\"@type\":\"EntryPoint\",\"urlTemplate\":\"https:\\\/\\\/kidsplay.lt\\\/?s={search_term_string}\"},\"query-input\":{\"@type\":\"PropertyValueSpecification\",\"valueRequired\":true,\"valueName\":\"search_term_string\"}}],\"inLanguage\":\"lv-LV\"},{\"@type\":\"Organization\",\"@id\":\"https:\\\/\\\/kidsplay.lt\\\/#organization\",\"name\":\"KidsPlay\",\"url\":\"https:\\\/\\\/kidsplay.lt\\\/\",\"logo\":{\"@type\":\"ImageObject\",\"inLanguage\":\"lv-LV\",\"@id\":\"https:\\\/\\\/kidsplay.lt\\\/#\\\/schema\\\/logo\\\/image\\\/\",\"url\":\"https:\\\/\\\/kidsplay.lt\\\/wp-content\\\/uploads\\\/2023\\\/07\\\/kidsplay-logo.png\",\"contentUrl\":\"https:\\\/\\\/kidsplay.lt\\\/wp-content\\\/uploads\\\/2023\\\/07\\\/kidsplay-logo.png\",\"width\":451,\"height\":98,\"caption\":\"KidsPlay\"},\"image\":{\"@id\":\"https:\\\/\\\/kidsplay.lt\\\/#\\\/schema\\\/logo\\\/image\\\/\"},\"sameAs\":[\"https:\\\/\\\/www.facebook.com\\\/www.kidsplay.lt\"]}]}<\/script>\n<!-- \/ Yoast SEO plugin. -->","yoast_head_json":{"title":"Spalvinga medin\u0117 sm\u0117lio d\u0117\u017e\u0117 su suolais","description":"Medin\u0117je vaivoryk\u0161t\u0117s sm\u0117lio d\u0117\u017e\u0117je\u00a0- kiekvieno ma\u017eylio svajon\u0117.\u00a0Sm\u0117lio d\u0117\u017e\u0117je\u00a0\u012frengti du suoliukai, ant kuri\u0173 vaikai gali atsis\u0117sti arba pasid\u0117ti \u017eaislus.","robots":{"index":"index","follow":"follow","max-snippet":"max-snippet:-1","max-image-preview":"max-image-preview:large","max-video-preview":"max-video-preview:-1"},"canonical":"https:\/\/kidsplay.lt\/lv\/products\/spalvinga-medine-smelio-deze-su-suolais\/","og_locale":"lv_LV","og_type":"article","og_title":"Spalvinga medin\u0117 sm\u0117lio d\u0117\u017e\u0117 su suolais","og_description":"Medin\u0117je vaivoryk\u0161t\u0117s sm\u0117lio d\u0117\u017e\u0117je\u00a0- kiekvieno ma\u017eylio svajon\u0117.\u00a0Sm\u0117lio d\u0117\u017e\u0117je\u00a0\u012frengti du suoliukai, ant kuri\u0173 vaikai gali atsis\u0117sti arba pasid\u0117ti \u017eaislus.","og_url":"https:\/\/kidsplay.lt\/lv\/products\/spalvinga-medine-smelio-deze-su-suolais\/","og_site_name":"KidsPlay","article_publisher":"https:\/\/www.facebook.com\/www.kidsplay.lt","article_modified_time":"2026-04-07T08:00:33+00:00","og_image":[{"width":770,"height":770,"url":"https:\/\/kidsplay.lt\/wp-content\/uploads\/2024\/09\/Spalvinga-medine-smelio-deze-su-suolais.jpg","type":"image\/jpeg"}],"twitter_card":"summary_large_image","twitter_misc":{"Est. reading time":"1 min\u016bte"},"schema":{"@context":"https:\/\/schema.org","@graph":[{"@type":"WebPage","@id":"https:\/\/kidsplay.lt\/produktas\/spalvinga-medine-smelio-deze-su-suolais\/","url":"https:\/\/kidsplay.lt\/produktas\/spalvinga-medine-smelio-deze-su-suolais\/","name":"Spalvinga medin\u0117 sm\u0117lio d\u0117\u017e\u0117 su suolais","isPartOf":{"@id":"https:\/\/kidsplay.lt\/#website"},"primaryImageOfPage":{"@id":"https:\/\/kidsplay.lt\/produktas\/spalvinga-medine-smelio-deze-su-suolais\/#primaryimage"},"image":{"@id":"https:\/\/kidsplay.lt\/produktas\/spalvinga-medine-smelio-deze-su-suolais\/#primaryimage"},"thumbnailUrl":"https:\/\/kidsplay.lt\/wp-content\/uploads\/2024\/09\/Spalvinga-medine-smelio-deze-su-suolais.jpg","datePublished":"2026-02-26T07:47:52+00:00","dateModified":"2026-04-07T08:00:33+00:00","description":"Medin\u0117je vaivoryk\u0161t\u0117s sm\u0117lio d\u0117\u017e\u0117je\u00a0- kiekvieno ma\u017eylio svajon\u0117.\u00a0Sm\u0117lio d\u0117\u017e\u0117je\u00a0\u012frengti du suoliukai, ant kuri\u0173 vaikai gali atsis\u0117sti arba pasid\u0117ti \u017eaislus.","breadcrumb":{"@id":"https:\/\/kidsplay.lt\/produktas\/spalvinga-medine-smelio-deze-su-suolais\/#breadcrumb"},"inLanguage":"lv-LV","potentialAction":[{"@type":"ReadAction","target":["https:\/\/kidsplay.lt\/produktas\/spalvinga-medine-smelio-deze-su-suolais\/"]}]},{"@type":"ImageObject","inLanguage":"lv-LV","@id":"https:\/\/kidsplay.lt\/produktas\/spalvinga-medine-smelio-deze-su-suolais\/#primaryimage","url":"https:\/\/kidsplay.lt\/wp-content\/uploads\/2024\/09\/Spalvinga-medine-smelio-deze-su-suolais.jpg","contentUrl":"https:\/\/kidsplay.lt\/wp-content\/uploads\/2024\/09\/Spalvinga-medine-smelio-deze-su-suolais.jpg","width":770,"height":770,"caption":"Spalvinga medin\u0117 sm\u0117lio d\u0117\u017e\u0117 su suolais"},{"@type":"BreadcrumbList","@id":"https:\/\/kidsplay.lt\/produktas\/spalvinga-medine-smelio-deze-su-suolais\/#breadcrumb","itemListElement":[{"@type":"ListItem","position":1,"name":"Pagrindinis","item":"https:\/\/kidsplay.lt\/"},{"@type":"ListItem","position":2,"name":"Parduotuv\u0117","item":"https:\/\/kidsplay.lt\/parduotuve\/"},{"@type":"ListItem","position":3,"name":"Spalvinga medin\u0117 sm\u0117lio d\u0117\u017e\u0117 su suolais"}]},{"@type":"WebSite","@id":"https:\/\/kidsplay.lt\/#website","url":"https:\/\/kidsplay.lt\/","name":"B\u0113rnu sp\u0113les.lv","description":"\u012evairios prek\u0117s vaikams","publisher":{"@id":"https:\/\/kidsplay.lt\/#organization"},"alternateName":"Kidsplay","potentialAction":[{"@type":"SearchAction","target":{"@type":"EntryPoint","urlTemplate":"https:\/\/kidsplay.lt\/?s={search_term_string}"},"query-input":{"@type":"PropertyValueSpecification","valueRequired":true,"valueName":"search_term_string"}}],"inLanguage":"lv-LV"},{"@type":"Organization","@id":"https:\/\/kidsplay.lt\/#organization","name":"B\u0113rnu sp\u0113le","url":"https:\/\/kidsplay.lt\/","logo":{"@type":"ImageObject","inLanguage":"lv-LV","@id":"https:\/\/kidsplay.lt\/#\/schema\/logo\/image\/","url":"https:\/\/kidsplay.lt\/wp-content\/uploads\/2023\/07\/kidsplay-logo.png","contentUrl":"https:\/\/kidsplay.lt\/wp-content\/uploads\/2023\/07\/kidsplay-logo.png","width":451,"height":98,"caption":"KidsPlay"},"image":{"@id":"https:\/\/kidsplay.lt\/#\/schema\/logo\/image\/"},"sameAs":["https:\/\/www.facebook.com\/www.kidsplay.lt"]}]}},"_links":{"self":[{"href":"https:\/\/kidsplay.lt\/lv\/wp-json\/wp\/v2\/product\/90553","targetHints":{"allow":["GET"]}}],"collection":[{"href":"https:\/\/kidsplay.lt\/lv\/wp-json\/wp\/v2\/product"}],"about":[{"href":"https:\/\/kidsplay.lt\/lv\/wp-json\/wp\/v2\/types\/product"}],"version-history":[{"count":1,"href":"https:\/\/kidsplay.lt\/lv\/wp-json\/wp\/v2\/product\/90553\/revisions"}],"predecessor-version":[{"id":90554,"href":"https:\/\/kidsplay.lt\/lv\/wp-json\/wp\/v2\/product\/90553\/revisions\/90554"}],"wp:featuredmedia":[{"embeddable":true,"href":"https:\/\/kidsplay.lt\/lv\/wp-json\/wp\/v2\/media\/52766"}],"wp:attachment":[{"href":"https:\/\/kidsplay.lt\/lv\/wp-json\/wp\/v2\/media?parent=90553"}],"wp:term":[{"taxonomy":"product_brand","embeddable":true,"href":"https:\/\/kidsplay.lt\/lv\/wp-json\/wp\/v2\/product_brand?post=90553"},{"taxonomy":"product_cat","embeddable":true,"href":"https:\/\/kidsplay.lt\/lv\/wp-json\/wp\/v2\/product_cat?post=90553"},{"taxonomy":"product_tag","embeddable":true,"href":"https:\/\/kidsplay.lt\/lv\/wp-json\/wp\/v2\/product_tag?post=90553"}],"curies":[{"name":"wp","href":"https:\/\/api.w.org\/{rel}","templated":true}]}}