{"id":90557,"date":"2026-02-26T09:47:57","date_gmt":"2026-02-26T07:47:57","guid":{"rendered":"https:\/\/kidsplay.lt\/produktas\/karutis-vaikams-geltonas\/"},"modified":"2026-04-13T15:25:56","modified_gmt":"2026-04-13T12:25:56","slug":"karutis-vaikams-geltonas","status":"publish","type":"product","link":"https:\/\/kidsplay.lt\/lv\/products\/karutis-vaikams-geltonas\/","title":{"rendered":"Karutis vaikams &#8211; geltonas"},"content":{"rendered":"<p>Karutis vaikams kuriuo galima ne\u0161tis ir sm\u0117l\u012f, ir kalad\u0117les ir net ka\u017ek\u0105 daug sunkesnio. Ve\u017eim\u0117lio keliamoji galia iki 15 kg.<br \/>\n&#8211; Gumin\u0117s rankenos<br \/>\n&#8211; Ve\u017eim\u0117lio keliamoji galia &#8211; 15 kg.<br \/>\n&#8211; Krovini\u0173 d\u0117\u017e\u0117 pagaminta i\u0161 plastiko.<br \/>\n&#8211; Metalinis r\u0117mas.<br \/>\n&#8211; Oro s\u0105lygoms ir UV spinduliams atsparus plastikas.<br \/>\n&#8211; Matmenys: 77 L x 47 W x 37 H (cm).<\/p>","protected":false},"excerpt":{"rendered":"<p>Karutis vaikams kuriuo galima ne\u0161tis ir sm\u0117l\u012f, ir kalad\u0117les ir net ka\u017ek\u0105 daug sunkesnio. Ve\u017eim\u0117lio keliamoji galia iki 15 kg.<\/p>","protected":false},"featured_media":52790,"template":"","meta":{"_acf_changed":false,"_glsr_average":0,"_glsr_ranking":0,"_glsr_reviews":0},"product_brand":[],"product_cat":[233,327],"product_tag":[],"class_list":{"0":"post-90557","1":"product","2":"type-product","3":"status-publish","4":"has-post-thumbnail","6":"product_cat-lauko-pramogos","7":"product_cat-smelio-dezes-ir-priedai","8":"\"style=\"background-color: #2ecc711c;\"","10":"first","11":"instock","12":"purchasable","13":"product-type-simple"},"acf":[],"yoast_head":"<!-- This site is optimized with the Yoast SEO plugin v27.3 - https:\/\/yoast.com\/product\/yoast-seo-wordpress\/ -->\n<title>Karutis vaikams &#8211; geltonas<\/title>\n<meta name=\"description\" content=\"Karutis vaikams kuriuo galima ne\u0161tis ir sm\u0117l\u012f, ir kalad\u0117les ir net ka\u017ek\u0105 daug sunkesnio. Ve\u017eim\u0117lio keliamoji galia iki 15 kg.\" \/>\n<meta name=\"robots\" content=\"index, follow, max-snippet:-1, max-image-preview:large, max-video-preview:-1\" \/>\n<link rel=\"canonical\" href=\"https:\/\/kidsplay.lt\/lv\/products\/karutis-vaikams-geltonas\/\" \/>\n<meta property=\"og:locale\" content=\"lv_LV\" \/>\n<meta property=\"og:type\" content=\"article\" \/>\n<meta property=\"og:title\" content=\"Karutis vaikams &#8211; geltonas\" \/>\n<meta property=\"og:description\" content=\"Karutis vaikams kuriuo galima ne\u0161tis ir sm\u0117l\u012f, ir kalad\u0117les ir net ka\u017ek\u0105 daug sunkesnio. Ve\u017eim\u0117lio keliamoji galia iki 15 kg.\" \/>\n<meta property=\"og:url\" content=\"https:\/\/kidsplay.lt\/lv\/products\/karutis-vaikams-geltonas\/\" \/>\n<meta property=\"og:site_name\" content=\"KidsPlay\" \/>\n<meta property=\"article:publisher\" content=\"https:\/\/www.facebook.com\/www.kidsplay.lt\" \/>\n<meta property=\"article:modified_time\" content=\"2026-04-13T12:25:56+00:00\" \/>\n<meta property=\"og:image\" content=\"https:\/\/kidsplay.lt\/wp-content\/uploads\/2024\/09\/Karutis-vaikams-\u2013-geltonas.jpg\" \/>\n\t<meta property=\"og:image:width\" content=\"1000\" \/>\n\t<meta property=\"og:image:height\" content=\"1000\" \/>\n\t<meta property=\"og:image:type\" content=\"image\/jpeg\" \/>\n<meta name=\"twitter:card\" content=\"summary_large_image\" \/>\n<script type=\"application\/ld+json\" class=\"yoast-schema-graph\">{\"@context\":\"https:\\\/\\\/schema.org\",\"@graph\":[{\"@type\":\"WebPage\",\"@id\":\"https:\\\/\\\/kidsplay.lt\\\/produktas\\\/karutis-vaikams-geltonas\\\/\",\"url\":\"https:\\\/\\\/kidsplay.lt\\\/produktas\\\/karutis-vaikams-geltonas\\\/\",\"name\":\"Karutis vaikams &#8211; geltonas\",\"isPartOf\":{\"@id\":\"https:\\\/\\\/kidsplay.lt\\\/#website\"},\"primaryImageOfPage\":{\"@id\":\"https:\\\/\\\/kidsplay.lt\\\/produktas\\\/karutis-vaikams-geltonas\\\/#primaryimage\"},\"image\":{\"@id\":\"https:\\\/\\\/kidsplay.lt\\\/produktas\\\/karutis-vaikams-geltonas\\\/#primaryimage\"},\"thumbnailUrl\":\"https:\\\/\\\/kidsplay.lt\\\/wp-content\\\/uploads\\\/2024\\\/09\\\/Karutis-vaikams-\u2013-geltonas.jpg\",\"datePublished\":\"2026-02-26T07:47:57+00:00\",\"dateModified\":\"2026-04-13T12:25:56+00:00\",\"description\":\"Karutis vaikams kuriuo galima ne\u0161tis ir sm\u0117l\u012f, ir kalad\u0117les ir net ka\u017ek\u0105 daug sunkesnio. Ve\u017eim\u0117lio keliamoji galia iki 15 kg.\",\"breadcrumb\":{\"@id\":\"https:\\\/\\\/kidsplay.lt\\\/produktas\\\/karutis-vaikams-geltonas\\\/#breadcrumb\"},\"inLanguage\":\"lv-LV\",\"potentialAction\":[{\"@type\":\"ReadAction\",\"target\":[\"https:\\\/\\\/kidsplay.lt\\\/produktas\\\/karutis-vaikams-geltonas\\\/\"]}]},{\"@type\":\"ImageObject\",\"inLanguage\":\"lv-LV\",\"@id\":\"https:\\\/\\\/kidsplay.lt\\\/produktas\\\/karutis-vaikams-geltonas\\\/#primaryimage\",\"url\":\"https:\\\/\\\/kidsplay.lt\\\/wp-content\\\/uploads\\\/2024\\\/09\\\/Karutis-vaikams-\u2013-geltonas.jpg\",\"contentUrl\":\"https:\\\/\\\/kidsplay.lt\\\/wp-content\\\/uploads\\\/2024\\\/09\\\/Karutis-vaikams-\u2013-geltonas.jpg\",\"width\":1000,\"height\":1000,\"caption\":\"Karutis vaikams &#8211; geltonas\"},{\"@type\":\"BreadcrumbList\",\"@id\":\"https:\\\/\\\/kidsplay.lt\\\/produktas\\\/karutis-vaikams-geltonas\\\/#breadcrumb\",\"itemListElement\":[{\"@type\":\"ListItem\",\"position\":1,\"name\":\"Pagrindinis\",\"item\":\"https:\\\/\\\/kidsplay.lt\\\/\"},{\"@type\":\"ListItem\",\"position\":2,\"name\":\"Parduotuv\u0117\",\"item\":\"https:\\\/\\\/kidsplay.lt\\\/parduotuve\\\/\"},{\"@type\":\"ListItem\",\"position\":3,\"name\":\"Karutis vaikams &#8211; geltonas\"}]},{\"@type\":\"WebSite\",\"@id\":\"https:\\\/\\\/kidsplay.lt\\\/#website\",\"url\":\"https:\\\/\\\/kidsplay.lt\\\/\",\"name\":\"Kidsplay.lt\",\"description\":\"\u012evairios prek\u0117s vaikams\",\"publisher\":{\"@id\":\"https:\\\/\\\/kidsplay.lt\\\/#organization\"},\"alternateName\":\"Kidsplay\",\"potentialAction\":[{\"@type\":\"SearchAction\",\"target\":{\"@type\":\"EntryPoint\",\"urlTemplate\":\"https:\\\/\\\/kidsplay.lt\\\/?s={search_term_string}\"},\"query-input\":{\"@type\":\"PropertyValueSpecification\",\"valueRequired\":true,\"valueName\":\"search_term_string\"}}],\"inLanguage\":\"lv-LV\"},{\"@type\":\"Organization\",\"@id\":\"https:\\\/\\\/kidsplay.lt\\\/#organization\",\"name\":\"KidsPlay\",\"url\":\"https:\\\/\\\/kidsplay.lt\\\/\",\"logo\":{\"@type\":\"ImageObject\",\"inLanguage\":\"lv-LV\",\"@id\":\"https:\\\/\\\/kidsplay.lt\\\/#\\\/schema\\\/logo\\\/image\\\/\",\"url\":\"https:\\\/\\\/kidsplay.lt\\\/wp-content\\\/uploads\\\/2023\\\/07\\\/kidsplay-logo.png\",\"contentUrl\":\"https:\\\/\\\/kidsplay.lt\\\/wp-content\\\/uploads\\\/2023\\\/07\\\/kidsplay-logo.png\",\"width\":451,\"height\":98,\"caption\":\"KidsPlay\"},\"image\":{\"@id\":\"https:\\\/\\\/kidsplay.lt\\\/#\\\/schema\\\/logo\\\/image\\\/\"},\"sameAs\":[\"https:\\\/\\\/www.facebook.com\\\/www.kidsplay.lt\"]}]}<\/script>\n<!-- \/ Yoast SEO plugin. -->","yoast_head_json":{"title":"Karutis vaikams &#8211; geltonas","description":"Karutis vaikams kuriuo galima ne\u0161tis ir sm\u0117l\u012f, ir kalad\u0117les ir net ka\u017ek\u0105 daug sunkesnio. Ve\u017eim\u0117lio keliamoji galia iki 15 kg.","robots":{"index":"index","follow":"follow","max-snippet":"max-snippet:-1","max-image-preview":"max-image-preview:large","max-video-preview":"max-video-preview:-1"},"canonical":"https:\/\/kidsplay.lt\/lv\/products\/karutis-vaikams-geltonas\/","og_locale":"lv_LV","og_type":"article","og_title":"Karutis vaikams &#8211; geltonas","og_description":"Karutis vaikams kuriuo galima ne\u0161tis ir sm\u0117l\u012f, ir kalad\u0117les ir net ka\u017ek\u0105 daug sunkesnio. Ve\u017eim\u0117lio keliamoji galia iki 15 kg.","og_url":"https:\/\/kidsplay.lt\/lv\/products\/karutis-vaikams-geltonas\/","og_site_name":"KidsPlay","article_publisher":"https:\/\/www.facebook.com\/www.kidsplay.lt","article_modified_time":"2026-04-13T12:25:56+00:00","og_image":[{"width":1000,"height":1000,"url":"https:\/\/kidsplay.lt\/wp-content\/uploads\/2024\/09\/Karutis-vaikams-\u2013-geltonas.jpg","type":"image\/jpeg"}],"twitter_card":"summary_large_image","schema":{"@context":"https:\/\/schema.org","@graph":[{"@type":"WebPage","@id":"https:\/\/kidsplay.lt\/produktas\/karutis-vaikams-geltonas\/","url":"https:\/\/kidsplay.lt\/produktas\/karutis-vaikams-geltonas\/","name":"Karutis vaikams &#8211; geltonas","isPartOf":{"@id":"https:\/\/kidsplay.lt\/#website"},"primaryImageOfPage":{"@id":"https:\/\/kidsplay.lt\/produktas\/karutis-vaikams-geltonas\/#primaryimage"},"image":{"@id":"https:\/\/kidsplay.lt\/produktas\/karutis-vaikams-geltonas\/#primaryimage"},"thumbnailUrl":"https:\/\/kidsplay.lt\/wp-content\/uploads\/2024\/09\/Karutis-vaikams-\u2013-geltonas.jpg","datePublished":"2026-02-26T07:47:57+00:00","dateModified":"2026-04-13T12:25:56+00:00","description":"Karutis vaikams kuriuo galima ne\u0161tis ir sm\u0117l\u012f, ir kalad\u0117les ir net ka\u017ek\u0105 daug sunkesnio. Ve\u017eim\u0117lio keliamoji galia iki 15 kg.","breadcrumb":{"@id":"https:\/\/kidsplay.lt\/produktas\/karutis-vaikams-geltonas\/#breadcrumb"},"inLanguage":"lv-LV","potentialAction":[{"@type":"ReadAction","target":["https:\/\/kidsplay.lt\/produktas\/karutis-vaikams-geltonas\/"]}]},{"@type":"ImageObject","inLanguage":"lv-LV","@id":"https:\/\/kidsplay.lt\/produktas\/karutis-vaikams-geltonas\/#primaryimage","url":"https:\/\/kidsplay.lt\/wp-content\/uploads\/2024\/09\/Karutis-vaikams-\u2013-geltonas.jpg","contentUrl":"https:\/\/kidsplay.lt\/wp-content\/uploads\/2024\/09\/Karutis-vaikams-\u2013-geltonas.jpg","width":1000,"height":1000,"caption":"Karutis vaikams &#8211; geltonas"},{"@type":"BreadcrumbList","@id":"https:\/\/kidsplay.lt\/produktas\/karutis-vaikams-geltonas\/#breadcrumb","itemListElement":[{"@type":"ListItem","position":1,"name":"Pagrindinis","item":"https:\/\/kidsplay.lt\/"},{"@type":"ListItem","position":2,"name":"Parduotuv\u0117","item":"https:\/\/kidsplay.lt\/parduotuve\/"},{"@type":"ListItem","position":3,"name":"Karutis vaikams &#8211; geltonas"}]},{"@type":"WebSite","@id":"https:\/\/kidsplay.lt\/#website","url":"https:\/\/kidsplay.lt\/","name":"B\u0113rnu sp\u0113les.lv","description":"\u012evairios prek\u0117s vaikams","publisher":{"@id":"https:\/\/kidsplay.lt\/#organization"},"alternateName":"Kidsplay","potentialAction":[{"@type":"SearchAction","target":{"@type":"EntryPoint","urlTemplate":"https:\/\/kidsplay.lt\/?s={search_term_string}"},"query-input":{"@type":"PropertyValueSpecification","valueRequired":true,"valueName":"search_term_string"}}],"inLanguage":"lv-LV"},{"@type":"Organization","@id":"https:\/\/kidsplay.lt\/#organization","name":"B\u0113rnu sp\u0113le","url":"https:\/\/kidsplay.lt\/","logo":{"@type":"ImageObject","inLanguage":"lv-LV","@id":"https:\/\/kidsplay.lt\/#\/schema\/logo\/image\/","url":"https:\/\/kidsplay.lt\/wp-content\/uploads\/2023\/07\/kidsplay-logo.png","contentUrl":"https:\/\/kidsplay.lt\/wp-content\/uploads\/2023\/07\/kidsplay-logo.png","width":451,"height":98,"caption":"KidsPlay"},"image":{"@id":"https:\/\/kidsplay.lt\/#\/schema\/logo\/image\/"},"sameAs":["https:\/\/www.facebook.com\/www.kidsplay.lt"]}]}},"_links":{"self":[{"href":"https:\/\/kidsplay.lt\/lv\/wp-json\/wp\/v2\/product\/90557","targetHints":{"allow":["GET"]}}],"collection":[{"href":"https:\/\/kidsplay.lt\/lv\/wp-json\/wp\/v2\/product"}],"about":[{"href":"https:\/\/kidsplay.lt\/lv\/wp-json\/wp\/v2\/types\/product"}],"version-history":[{"count":1,"href":"https:\/\/kidsplay.lt\/lv\/wp-json\/wp\/v2\/product\/90557\/revisions"}],"predecessor-version":[{"id":90558,"href":"https:\/\/kidsplay.lt\/lv\/wp-json\/wp\/v2\/product\/90557\/revisions\/90558"}],"wp:featuredmedia":[{"embeddable":true,"href":"https:\/\/kidsplay.lt\/lv\/wp-json\/wp\/v2\/media\/52790"}],"wp:attachment":[{"href":"https:\/\/kidsplay.lt\/lv\/wp-json\/wp\/v2\/media?parent=90557"}],"wp:term":[{"taxonomy":"product_brand","embeddable":true,"href":"https:\/\/kidsplay.lt\/lv\/wp-json\/wp\/v2\/product_brand?post=90557"},{"taxonomy":"product_cat","embeddable":true,"href":"https:\/\/kidsplay.lt\/lv\/wp-json\/wp\/v2\/product_cat?post=90557"},{"taxonomy":"product_tag","embeddable":true,"href":"https:\/\/kidsplay.lt\/lv\/wp-json\/wp\/v2\/product_tag?post=90557"}],"curies":[{"name":"wp","href":"https:\/\/api.w.org\/{rel}","templated":true}]}}