{"id":90561,"date":"2026-02-26T09:48:01","date_gmt":"2026-02-26T07:48:01","guid":{"rendered":"https:\/\/kidsplay.lt\/produktas\/metalinis-karutis-vaikams-pilkas\/"},"modified":"2026-04-13T15:26:00","modified_gmt":"2026-04-13T12:26:00","slug":"metalinis-karutis-vaikams-pilkas","status":"publish","type":"product","link":"https:\/\/kidsplay.lt\/lv\/products\/metalinis-karutis-vaikams-pilkas\/","title":{"rendered":"Met\u0101la \u0137erra b\u0113rniem \u2013 pel\u0113ka"},"content":{"rendered":"<p>Sodo karutis yra tik i\u0161 metalo, tod\u0117l yra labai patvarus. Galima ve\u017etis ir sm\u0117l\u012f, ir trinkeles ir net \u0105 Nors daug sunkesnio. Gamintojo teigimu, karu\u010dio keliamoji galia iki 50 kg! Tobulas \u017eaislas \u017eaisti tiek sode, tiek sklype, tiek namuose. Med\u017eiaga atspari oro arelygoms ir UV spinduliams.<\/p>\n<p>Puiki dovana ma\u017eajam sodininkui. Dabar j\u016bs\u0173 ma\u017eylis gali pad\u0117ti dirbti sode. Smagus derinys sode u\u017esi\u0117musiems t\u0117vams ir ma\u017eajam pagalbininkui.<\/p>\n<p>&#8211; Puikus sodo namelio ar sm\u0117lio d\u0117\u017e\u0117s priedas.<br \/>\n&#8211; Ve\u017eim\u0117lio keliamoji galia &#8211; 25 kg.<br \/>\n&#8211; Metalin\u0117 krovini\u0173 d\u0117\u017e\u0117 ir r\u0117mas.<br \/>\n&#8211; Oro s\u0105lygoms ir UV spinduliams atsparus plastikas.<br \/>\n&#8211; Nuo 3 met\u0173.<\/p>","protected":false},"excerpt":{"rendered":"<p>Sodo karutis yra tik i\u0161 metalo, tod\u0117l yra labai patvarus. Galima ve\u017etis ir sm\u0117l\u012f, ir trinkeles ir net \u0105 Nors<\/p>","protected":false},"featured_media":52797,"template":"","meta":{"_acf_changed":false,"_glsr_average":0,"_glsr_ranking":0,"_glsr_reviews":0},"product_brand":[],"product_cat":[233,327],"product_tag":[],"class_list":{"0":"post-90561","1":"product","2":"type-product","3":"status-publish","4":"has-post-thumbnail","6":"product_cat-lauko-pramogos","7":"product_cat-smelio-dezes-ir-priedai","8":"\"style=\"background-color: #2ecc711c;\"","10":"first","11":"instock","12":"purchasable","13":"product-type-simple"},"acf":[],"yoast_head":"<!-- This site is optimized with the Yoast SEO plugin v27.4 - https:\/\/yoast.com\/product\/yoast-seo-wordpress\/ -->\n<title>Metalinis karutis vaikams &#8211; pilkas<\/title>\n<meta name=\"description\" content=\"Sodo karutis yra tik i\u0161 metalo, tod\u0117l yra labai patvarus. Galima ve\u017etis ir sm\u0117l\u012f, ir trinkeles ir net \u0105 Nors daug sunkesnio.\" \/>\n<meta name=\"robots\" content=\"index, follow, max-snippet:-1, max-image-preview:large, max-video-preview:-1\" \/>\n<link rel=\"canonical\" href=\"https:\/\/kidsplay.lt\/lv\/products\/metalinis-karutis-vaikams-pilkas\/\" \/>\n<meta property=\"og:locale\" content=\"lv_LV\" \/>\n<meta property=\"og:type\" content=\"article\" \/>\n<meta property=\"og:title\" content=\"Metalinis karutis vaikams &#8211; pilkas\" \/>\n<meta property=\"og:description\" content=\"Sodo karutis yra tik i\u0161 metalo, tod\u0117l yra labai patvarus. Galima ve\u017etis ir sm\u0117l\u012f, ir trinkeles ir net \u0105 Nors daug sunkesnio.\" \/>\n<meta property=\"og:url\" content=\"https:\/\/kidsplay.lt\/lv\/products\/metalinis-karutis-vaikams-pilkas\/\" \/>\n<meta property=\"og:site_name\" content=\"KidsPlay\" \/>\n<meta property=\"article:publisher\" content=\"https:\/\/www.facebook.com\/www.kidsplay.lt\" \/>\n<meta property=\"article:modified_time\" content=\"2026-04-13T12:26:00+00:00\" \/>\n<meta property=\"og:image\" content=\"https:\/\/kidsplay.lt\/wp-content\/uploads\/2024\/09\/Metalinis-karutis-vaikams-\u2013-pilkas.jpg\" \/>\n\t<meta property=\"og:image:width\" content=\"1000\" \/>\n\t<meta property=\"og:image:height\" content=\"1000\" \/>\n\t<meta property=\"og:image:type\" content=\"image\/jpeg\" \/>\n<meta name=\"twitter:card\" content=\"summary_large_image\" \/>\n<meta name=\"twitter:label1\" content=\"Est. reading time\" \/>\n\t<meta name=\"twitter:data1\" content=\"1 min\u016bte\" \/>\n<script type=\"application\/ld+json\" class=\"yoast-schema-graph\">{\"@context\":\"https:\\\/\\\/schema.org\",\"@graph\":[{\"@type\":\"WebPage\",\"@id\":\"https:\\\/\\\/kidsplay.lt\\\/produktas\\\/metalinis-karutis-vaikams-pilkas\\\/\",\"url\":\"https:\\\/\\\/kidsplay.lt\\\/produktas\\\/metalinis-karutis-vaikams-pilkas\\\/\",\"name\":\"Metalinis karutis vaikams &#8211; pilkas\",\"isPartOf\":{\"@id\":\"https:\\\/\\\/kidsplay.lt\\\/#website\"},\"primaryImageOfPage\":{\"@id\":\"https:\\\/\\\/kidsplay.lt\\\/produktas\\\/metalinis-karutis-vaikams-pilkas\\\/#primaryimage\"},\"image\":{\"@id\":\"https:\\\/\\\/kidsplay.lt\\\/produktas\\\/metalinis-karutis-vaikams-pilkas\\\/#primaryimage\"},\"thumbnailUrl\":\"https:\\\/\\\/kidsplay.lt\\\/wp-content\\\/uploads\\\/2024\\\/09\\\/Metalinis-karutis-vaikams-\u2013-pilkas.jpg\",\"datePublished\":\"2026-02-26T07:48:01+00:00\",\"dateModified\":\"2026-04-13T12:26:00+00:00\",\"description\":\"Sodo karutis yra tik i\u0161 metalo, tod\u0117l yra labai patvarus. Galima ve\u017etis ir sm\u0117l\u012f, ir trinkeles ir net \u0105 Nors daug sunkesnio.\",\"breadcrumb\":{\"@id\":\"https:\\\/\\\/kidsplay.lt\\\/produktas\\\/metalinis-karutis-vaikams-pilkas\\\/#breadcrumb\"},\"inLanguage\":\"lv-LV\",\"potentialAction\":[{\"@type\":\"ReadAction\",\"target\":[\"https:\\\/\\\/kidsplay.lt\\\/produktas\\\/metalinis-karutis-vaikams-pilkas\\\/\"]}]},{\"@type\":\"ImageObject\",\"inLanguage\":\"lv-LV\",\"@id\":\"https:\\\/\\\/kidsplay.lt\\\/produktas\\\/metalinis-karutis-vaikams-pilkas\\\/#primaryimage\",\"url\":\"https:\\\/\\\/kidsplay.lt\\\/wp-content\\\/uploads\\\/2024\\\/09\\\/Metalinis-karutis-vaikams-\u2013-pilkas.jpg\",\"contentUrl\":\"https:\\\/\\\/kidsplay.lt\\\/wp-content\\\/uploads\\\/2024\\\/09\\\/Metalinis-karutis-vaikams-\u2013-pilkas.jpg\",\"width\":1000,\"height\":1000,\"caption\":\"Metalinis karutis vaikams &#8211; pilkas\"},{\"@type\":\"BreadcrumbList\",\"@id\":\"https:\\\/\\\/kidsplay.lt\\\/produktas\\\/metalinis-karutis-vaikams-pilkas\\\/#breadcrumb\",\"itemListElement\":[{\"@type\":\"ListItem\",\"position\":1,\"name\":\"Pagrindinis\",\"item\":\"https:\\\/\\\/kidsplay.lt\\\/\"},{\"@type\":\"ListItem\",\"position\":2,\"name\":\"Parduotuv\u0117\",\"item\":\"https:\\\/\\\/kidsplay.lt\\\/parduotuve\\\/\"},{\"@type\":\"ListItem\",\"position\":3,\"name\":\"Metalinis karutis vaikams &#8211; pilkas\"}]},{\"@type\":\"WebSite\",\"@id\":\"https:\\\/\\\/kidsplay.lt\\\/#website\",\"url\":\"https:\\\/\\\/kidsplay.lt\\\/\",\"name\":\"Kidsplay.lt\",\"description\":\"\u012evairios prek\u0117s vaikams\",\"publisher\":{\"@id\":\"https:\\\/\\\/kidsplay.lt\\\/#organization\"},\"alternateName\":\"Kidsplay\",\"potentialAction\":[{\"@type\":\"SearchAction\",\"target\":{\"@type\":\"EntryPoint\",\"urlTemplate\":\"https:\\\/\\\/kidsplay.lt\\\/?s={search_term_string}\"},\"query-input\":{\"@type\":\"PropertyValueSpecification\",\"valueRequired\":true,\"valueName\":\"search_term_string\"}}],\"inLanguage\":\"lv-LV\"},{\"@type\":\"Organization\",\"@id\":\"https:\\\/\\\/kidsplay.lt\\\/#organization\",\"name\":\"KidsPlay\",\"url\":\"https:\\\/\\\/kidsplay.lt\\\/\",\"logo\":{\"@type\":\"ImageObject\",\"inLanguage\":\"lv-LV\",\"@id\":\"https:\\\/\\\/kidsplay.lt\\\/#\\\/schema\\\/logo\\\/image\\\/\",\"url\":\"https:\\\/\\\/kidsplay.lt\\\/wp-content\\\/uploads\\\/2023\\\/07\\\/kidsplay-logo.png\",\"contentUrl\":\"https:\\\/\\\/kidsplay.lt\\\/wp-content\\\/uploads\\\/2023\\\/07\\\/kidsplay-logo.png\",\"width\":451,\"height\":98,\"caption\":\"KidsPlay\"},\"image\":{\"@id\":\"https:\\\/\\\/kidsplay.lt\\\/#\\\/schema\\\/logo\\\/image\\\/\"},\"sameAs\":[\"https:\\\/\\\/www.facebook.com\\\/www.kidsplay.lt\"]}]}<\/script>\n<!-- \/ Yoast SEO plugin. -->","yoast_head_json":{"title":"Met\u0101la \u0137erra b\u0113rniem \u2013 pel\u0113ka","description":"Sodo karutis yra tik i\u0161 metalo, tod\u0117l yra labai patvarus. Galima ve\u017etis ir sm\u0117l\u012f, ir trinkeles ir net \u0105 Nors daug sunkesnio.","robots":{"index":"index","follow":"follow","max-snippet":"max-snippet:-1","max-image-preview":"max-image-preview:large","max-video-preview":"max-video-preview:-1"},"canonical":"https:\/\/kidsplay.lt\/lv\/products\/metalinis-karutis-vaikams-pilkas\/","og_locale":"lv_LV","og_type":"article","og_title":"Metalinis karutis vaikams &#8211; pilkas","og_description":"Sodo karutis yra tik i\u0161 metalo, tod\u0117l yra labai patvarus. Galima ve\u017etis ir sm\u0117l\u012f, ir trinkeles ir net \u0105 Nors daug sunkesnio.","og_url":"https:\/\/kidsplay.lt\/lv\/products\/metalinis-karutis-vaikams-pilkas\/","og_site_name":"KidsPlay","article_publisher":"https:\/\/www.facebook.com\/www.kidsplay.lt","article_modified_time":"2026-04-13T12:26:00+00:00","og_image":[{"width":1000,"height":1000,"url":"https:\/\/kidsplay.lt\/wp-content\/uploads\/2024\/09\/Metalinis-karutis-vaikams-\u2013-pilkas.jpg","type":"image\/jpeg"}],"twitter_card":"summary_large_image","twitter_misc":{"Est. reading time":"1 min\u016bte"},"schema":{"@context":"https:\/\/schema.org","@graph":[{"@type":"WebPage","@id":"https:\/\/kidsplay.lt\/produktas\/metalinis-karutis-vaikams-pilkas\/","url":"https:\/\/kidsplay.lt\/produktas\/metalinis-karutis-vaikams-pilkas\/","name":"Met\u0101la \u0137erra b\u0113rniem \u2013 pel\u0113ka","isPartOf":{"@id":"https:\/\/kidsplay.lt\/#website"},"primaryImageOfPage":{"@id":"https:\/\/kidsplay.lt\/produktas\/metalinis-karutis-vaikams-pilkas\/#primaryimage"},"image":{"@id":"https:\/\/kidsplay.lt\/produktas\/metalinis-karutis-vaikams-pilkas\/#primaryimage"},"thumbnailUrl":"https:\/\/kidsplay.lt\/wp-content\/uploads\/2024\/09\/Metalinis-karutis-vaikams-\u2013-pilkas.jpg","datePublished":"2026-02-26T07:48:01+00:00","dateModified":"2026-04-13T12:26:00+00:00","description":"Sodo karutis yra tik i\u0161 metalo, tod\u0117l yra labai patvarus. Galima ve\u017etis ir sm\u0117l\u012f, ir trinkeles ir net \u0105 Nors daug sunkesnio.","breadcrumb":{"@id":"https:\/\/kidsplay.lt\/produktas\/metalinis-karutis-vaikams-pilkas\/#breadcrumb"},"inLanguage":"lv-LV","potentialAction":[{"@type":"ReadAction","target":["https:\/\/kidsplay.lt\/produktas\/metalinis-karutis-vaikams-pilkas\/"]}]},{"@type":"ImageObject","inLanguage":"lv-LV","@id":"https:\/\/kidsplay.lt\/produktas\/metalinis-karutis-vaikams-pilkas\/#primaryimage","url":"https:\/\/kidsplay.lt\/wp-content\/uploads\/2024\/09\/Metalinis-karutis-vaikams-\u2013-pilkas.jpg","contentUrl":"https:\/\/kidsplay.lt\/wp-content\/uploads\/2024\/09\/Metalinis-karutis-vaikams-\u2013-pilkas.jpg","width":1000,"height":1000,"caption":"Metalinis karutis vaikams &#8211; pilkas"},{"@type":"BreadcrumbList","@id":"https:\/\/kidsplay.lt\/produktas\/metalinis-karutis-vaikams-pilkas\/#breadcrumb","itemListElement":[{"@type":"ListItem","position":1,"name":"Pagrindinis","item":"https:\/\/kidsplay.lt\/"},{"@type":"ListItem","position":2,"name":"Parduotuv\u0117","item":"https:\/\/kidsplay.lt\/parduotuve\/"},{"@type":"ListItem","position":3,"name":"Metalinis karutis vaikams &#8211; pilkas"}]},{"@type":"WebSite","@id":"https:\/\/kidsplay.lt\/#website","url":"https:\/\/kidsplay.lt\/","name":"B\u0113rnu sp\u0113les.lv","description":"\u012evairios prek\u0117s vaikams","publisher":{"@id":"https:\/\/kidsplay.lt\/#organization"},"alternateName":"Kidsplay","potentialAction":[{"@type":"SearchAction","target":{"@type":"EntryPoint","urlTemplate":"https:\/\/kidsplay.lt\/?s={search_term_string}"},"query-input":{"@type":"PropertyValueSpecification","valueRequired":true,"valueName":"search_term_string"}}],"inLanguage":"lv-LV"},{"@type":"Organization","@id":"https:\/\/kidsplay.lt\/#organization","name":"B\u0113rnu sp\u0113le","url":"https:\/\/kidsplay.lt\/","logo":{"@type":"ImageObject","inLanguage":"lv-LV","@id":"https:\/\/kidsplay.lt\/#\/schema\/logo\/image\/","url":"https:\/\/kidsplay.lt\/wp-content\/uploads\/2023\/07\/kidsplay-logo.png","contentUrl":"https:\/\/kidsplay.lt\/wp-content\/uploads\/2023\/07\/kidsplay-logo.png","width":451,"height":98,"caption":"KidsPlay"},"image":{"@id":"https:\/\/kidsplay.lt\/#\/schema\/logo\/image\/"},"sameAs":["https:\/\/www.facebook.com\/www.kidsplay.lt"]}]}},"_links":{"self":[{"href":"https:\/\/kidsplay.lt\/lv\/wp-json\/wp\/v2\/product\/90561","targetHints":{"allow":["GET"]}}],"collection":[{"href":"https:\/\/kidsplay.lt\/lv\/wp-json\/wp\/v2\/product"}],"about":[{"href":"https:\/\/kidsplay.lt\/lv\/wp-json\/wp\/v2\/types\/product"}],"version-history":[{"count":1,"href":"https:\/\/kidsplay.lt\/lv\/wp-json\/wp\/v2\/product\/90561\/revisions"}],"predecessor-version":[{"id":90562,"href":"https:\/\/kidsplay.lt\/lv\/wp-json\/wp\/v2\/product\/90561\/revisions\/90562"}],"wp:featuredmedia":[{"embeddable":true,"href":"https:\/\/kidsplay.lt\/lv\/wp-json\/wp\/v2\/media\/52797"}],"wp:attachment":[{"href":"https:\/\/kidsplay.lt\/lv\/wp-json\/wp\/v2\/media?parent=90561"}],"wp:term":[{"taxonomy":"product_brand","embeddable":true,"href":"https:\/\/kidsplay.lt\/lv\/wp-json\/wp\/v2\/product_brand?post=90561"},{"taxonomy":"product_cat","embeddable":true,"href":"https:\/\/kidsplay.lt\/lv\/wp-json\/wp\/v2\/product_cat?post=90561"},{"taxonomy":"product_tag","embeddable":true,"href":"https:\/\/kidsplay.lt\/lv\/wp-json\/wp\/v2\/product_tag?post=90561"}],"curies":[{"name":"wp","href":"https:\/\/api.w.org\/{rel}","templated":true}]}}