{"id":90571,"date":"2026-02-26T09:48:14","date_gmt":"2026-02-26T07:48:14","guid":{"rendered":"https:\/\/kidsplay.lt\/produktas\/didele-sodo-ciuozykla-190cm\/"},"modified":"2026-03-26T13:18:37","modified_gmt":"2026-03-26T11:18:37","slug":"didele-sodo-ciuozykla-190cm","status":"publish","type":"product","link":"https:\/\/kidsplay.lt\/lv\/products\/didele-sodo-ciuozykla-190cm\/","title":{"rendered":"Didel\u0117 sodo \u010diuo\u017eykla 190cm"},"content":{"rendered":"<p>Spalvinga \u010diuo\u017eykla skirti vaikams nuo 3 met\u0173 ir vyresniems.\u00a0190 cm ilgio \u010diuo\u017eykla, patogios\u00a0kop\u0117\u010dios su rankenomis, kuriomis vaikas gali \u012flipti, u\u017etikrins\u00a0saugum\u0105. Galimyb\u0117 prie \u010diuo\u017eyklos prijungti sodo \u017earn\u0105 ir jau turime\u00a0vandens \u017eaidim\u0173 aik\u0161tel\u0119,\u00a0puikiai tinkan\u010di\u0105 kar\u0161tomis dienomis. Gaminys pagamintas i\u0161 patvaraus ir atsparaus plastiko su\u00a0ANTI-UV danga, apsaugan\u010dia nuo i\u0161blukimo.<\/p>\n<p>Charakteristikos: &#8211; Slidin\u0117jimo aik\u0161tel\u0117 yra labai patogi, nes ji apsaugota nuo dr\u0117gm\u0117s, o jos pavir\u0161ius &#8211; nuo dr\u0117gm\u0117s ir dr\u0117gm\u0117s:<\/p>\n<p>&#8211; Slidin\u0117jimo kalnelis turi\u00a0190 cm ilgio \u010diuo\u017eykl\u0105,<br \/>\n&#8211; Prie \u010diuo\u017eyklos\u00a0galima prijungti sodo \u017earn\u0105,<br \/>\n&#8211; Ji turi\u00a0auk\u0161tas \u0161onines sieneles\u00a0ir\u00a0u\u017eapvalintus kra\u0161tus, kad b\u016bt\u0173 patogu ir saugu \u017eaisti,<br \/>\n&#8211; Taip pat \u012frengti modernios formos laipteliai,\u00a0\u012fmontuotos rankenos, specialios\u00a0formos atlo\u0161as\u00a0ir platus,\u00a0stabilus pagrindas,<br \/>\n&#8211; Plastikas\u00a0padengtas UV spinduliais, tod\u0117l ilgai i\u0161laikys kokybi\u0161k\u0105 spalv\u0105,<br \/>\n&#8211; Did\u017eiausia apkrova\u00a030 kg.<\/p>","protected":false},"excerpt":{"rendered":"<p>Spalvinga \u010diuo\u017eykla skirti vaikams nuo 3 met\u0173 ir vyresniems.\u00a0190 cm ilgio \u010diuo\u017eykla, patogios\u00a0kop\u0117\u010dios su rankenomis, kuriomis vaikas gali \u012flipti, u\u017etikrins\u00a0saugum\u0105.<\/p>","protected":false},"featured_media":52846,"template":"","meta":{"_acf_changed":false,"_glsr_average":0,"_glsr_ranking":0,"_glsr_reviews":0},"product_brand":[],"product_cat":[432,233],"product_tag":[],"class_list":{"0":"post-90571","1":"product","2":"type-product","3":"status-publish","4":"has-post-thumbnail","6":"product_cat-ciuozyklos","7":"product_cat-lauko-pramogos","8":"\"style=\"background-color: #2ecc711c;\"","10":"first","11":"outofstock","12":"purchasable","13":"product-type-simple"},"acf":[],"yoast_head":"<!-- This site is optimized with the Yoast SEO plugin v27.3 - https:\/\/yoast.com\/product\/yoast-seo-wordpress\/ -->\n<title>Didel\u0117 sodo \u010diuo\u017eykla 190cm<\/title>\n<meta name=\"description\" content=\"Spalvinga \u010diuo\u017eykla skirti vaikams nuo 3 met\u0173 ir vyresniems.\u00a0190 cm ilgio \u010diuo\u017eykla, patogios\u00a0kop\u0117\u010dios su rankenomis. Did\u017eiausia apkrova\u00a030 kg.\" \/>\n<meta name=\"robots\" content=\"index, follow, max-snippet:-1, max-image-preview:large, max-video-preview:-1\" \/>\n<link rel=\"canonical\" href=\"https:\/\/kidsplay.lt\/lv\/products\/didele-sodo-ciuozykla-190cm\/\" \/>\n<meta property=\"og:locale\" content=\"lv_LV\" \/>\n<meta property=\"og:type\" content=\"article\" \/>\n<meta property=\"og:title\" content=\"Didel\u0117 sodo \u010diuo\u017eykla 190cm\" \/>\n<meta property=\"og:description\" content=\"Spalvinga \u010diuo\u017eykla skirti vaikams nuo 3 met\u0173 ir vyresniems.\u00a0190 cm ilgio \u010diuo\u017eykla, patogios\u00a0kop\u0117\u010dios su rankenomis. Did\u017eiausia apkrova\u00a030 kg.\" \/>\n<meta property=\"og:url\" content=\"https:\/\/kidsplay.lt\/lv\/products\/didele-sodo-ciuozykla-190cm\/\" \/>\n<meta property=\"og:site_name\" content=\"KidsPlay\" \/>\n<meta property=\"article:publisher\" content=\"https:\/\/www.facebook.com\/www.kidsplay.lt\" \/>\n<meta property=\"article:modified_time\" content=\"2026-03-26T11:18:37+00:00\" \/>\n<meta property=\"og:image\" content=\"https:\/\/kidsplay.lt\/wp-content\/uploads\/2024\/09\/Didele-sodo-ciuozykla-190cm.jpg\" \/>\n\t<meta property=\"og:image:width\" content=\"1000\" \/>\n\t<meta property=\"og:image:height\" content=\"913\" \/>\n\t<meta property=\"og:image:type\" content=\"image\/jpeg\" \/>\n<meta name=\"twitter:card\" content=\"summary_large_image\" \/>\n<meta name=\"twitter:label1\" content=\"Est. reading time\" \/>\n\t<meta name=\"twitter:data1\" content=\"1 min\u016bte\" \/>\n<script type=\"application\/ld+json\" class=\"yoast-schema-graph\">{\"@context\":\"https:\\\/\\\/schema.org\",\"@graph\":[{\"@type\":\"WebPage\",\"@id\":\"https:\\\/\\\/kidsplay.lt\\\/produktas\\\/didele-sodo-ciuozykla-190cm\\\/\",\"url\":\"https:\\\/\\\/kidsplay.lt\\\/produktas\\\/didele-sodo-ciuozykla-190cm\\\/\",\"name\":\"Didel\u0117 sodo \u010diuo\u017eykla 190cm\",\"isPartOf\":{\"@id\":\"https:\\\/\\\/kidsplay.lt\\\/#website\"},\"primaryImageOfPage\":{\"@id\":\"https:\\\/\\\/kidsplay.lt\\\/produktas\\\/didele-sodo-ciuozykla-190cm\\\/#primaryimage\"},\"image\":{\"@id\":\"https:\\\/\\\/kidsplay.lt\\\/produktas\\\/didele-sodo-ciuozykla-190cm\\\/#primaryimage\"},\"thumbnailUrl\":\"https:\\\/\\\/kidsplay.lt\\\/wp-content\\\/uploads\\\/2024\\\/09\\\/Didele-sodo-ciuozykla-190cm.jpg\",\"datePublished\":\"2026-02-26T07:48:14+00:00\",\"dateModified\":\"2026-03-26T11:18:37+00:00\",\"description\":\"Spalvinga \u010diuo\u017eykla skirti vaikams nuo 3 met\u0173 ir vyresniems.\u00a0190 cm ilgio \u010diuo\u017eykla, patogios\u00a0kop\u0117\u010dios su rankenomis. Did\u017eiausia apkrova\u00a030 kg.\",\"breadcrumb\":{\"@id\":\"https:\\\/\\\/kidsplay.lt\\\/produktas\\\/didele-sodo-ciuozykla-190cm\\\/#breadcrumb\"},\"inLanguage\":\"lv-LV\",\"potentialAction\":[{\"@type\":\"ReadAction\",\"target\":[\"https:\\\/\\\/kidsplay.lt\\\/produktas\\\/didele-sodo-ciuozykla-190cm\\\/\"]}]},{\"@type\":\"ImageObject\",\"inLanguage\":\"lv-LV\",\"@id\":\"https:\\\/\\\/kidsplay.lt\\\/produktas\\\/didele-sodo-ciuozykla-190cm\\\/#primaryimage\",\"url\":\"https:\\\/\\\/kidsplay.lt\\\/wp-content\\\/uploads\\\/2024\\\/09\\\/Didele-sodo-ciuozykla-190cm.jpg\",\"contentUrl\":\"https:\\\/\\\/kidsplay.lt\\\/wp-content\\\/uploads\\\/2024\\\/09\\\/Didele-sodo-ciuozykla-190cm.jpg\",\"width\":1000,\"height\":913,\"caption\":\"Didel\u0117 sodo \u010diuo\u017eykla 190cm\"},{\"@type\":\"BreadcrumbList\",\"@id\":\"https:\\\/\\\/kidsplay.lt\\\/produktas\\\/didele-sodo-ciuozykla-190cm\\\/#breadcrumb\",\"itemListElement\":[{\"@type\":\"ListItem\",\"position\":1,\"name\":\"Pagrindinis\",\"item\":\"https:\\\/\\\/kidsplay.lt\\\/\"},{\"@type\":\"ListItem\",\"position\":2,\"name\":\"Parduotuv\u0117\",\"item\":\"https:\\\/\\\/kidsplay.lt\\\/parduotuve\\\/\"},{\"@type\":\"ListItem\",\"position\":3,\"name\":\"Didel\u0117 sodo \u010diuo\u017eykla 190cm\"}]},{\"@type\":\"WebSite\",\"@id\":\"https:\\\/\\\/kidsplay.lt\\\/#website\",\"url\":\"https:\\\/\\\/kidsplay.lt\\\/\",\"name\":\"Kidsplay.lt\",\"description\":\"\u012evairios prek\u0117s vaikams\",\"publisher\":{\"@id\":\"https:\\\/\\\/kidsplay.lt\\\/#organization\"},\"alternateName\":\"Kidsplay\",\"potentialAction\":[{\"@type\":\"SearchAction\",\"target\":{\"@type\":\"EntryPoint\",\"urlTemplate\":\"https:\\\/\\\/kidsplay.lt\\\/?s={search_term_string}\"},\"query-input\":{\"@type\":\"PropertyValueSpecification\",\"valueRequired\":true,\"valueName\":\"search_term_string\"}}],\"inLanguage\":\"lv-LV\"},{\"@type\":\"Organization\",\"@id\":\"https:\\\/\\\/kidsplay.lt\\\/#organization\",\"name\":\"KidsPlay\",\"url\":\"https:\\\/\\\/kidsplay.lt\\\/\",\"logo\":{\"@type\":\"ImageObject\",\"inLanguage\":\"lv-LV\",\"@id\":\"https:\\\/\\\/kidsplay.lt\\\/#\\\/schema\\\/logo\\\/image\\\/\",\"url\":\"https:\\\/\\\/kidsplay.lt\\\/wp-content\\\/uploads\\\/2023\\\/07\\\/kidsplay-logo.png\",\"contentUrl\":\"https:\\\/\\\/kidsplay.lt\\\/wp-content\\\/uploads\\\/2023\\\/07\\\/kidsplay-logo.png\",\"width\":451,\"height\":98,\"caption\":\"KidsPlay\"},\"image\":{\"@id\":\"https:\\\/\\\/kidsplay.lt\\\/#\\\/schema\\\/logo\\\/image\\\/\"},\"sameAs\":[\"https:\\\/\\\/www.facebook.com\\\/www.kidsplay.lt\"]}]}<\/script>\n<!-- \/ Yoast SEO plugin. -->","yoast_head_json":{"title":"Didel\u0117 sodo \u010diuo\u017eykla 190cm","description":"Spalvinga \u010diuo\u017eykla skirti vaikams nuo 3 met\u0173 ir vyresniems.\u00a0190 cm ilgio \u010diuo\u017eykla, patogios\u00a0kop\u0117\u010dios su rankenomis. Did\u017eiausia apkrova\u00a030 kg.","robots":{"index":"index","follow":"follow","max-snippet":"max-snippet:-1","max-image-preview":"max-image-preview:large","max-video-preview":"max-video-preview:-1"},"canonical":"https:\/\/kidsplay.lt\/lv\/products\/didele-sodo-ciuozykla-190cm\/","og_locale":"lv_LV","og_type":"article","og_title":"Didel\u0117 sodo \u010diuo\u017eykla 190cm","og_description":"Spalvinga \u010diuo\u017eykla skirti vaikams nuo 3 met\u0173 ir vyresniems.\u00a0190 cm ilgio \u010diuo\u017eykla, patogios\u00a0kop\u0117\u010dios su rankenomis. Did\u017eiausia apkrova\u00a030 kg.","og_url":"https:\/\/kidsplay.lt\/lv\/products\/didele-sodo-ciuozykla-190cm\/","og_site_name":"KidsPlay","article_publisher":"https:\/\/www.facebook.com\/www.kidsplay.lt","article_modified_time":"2026-03-26T11:18:37+00:00","og_image":[{"width":1000,"height":913,"url":"https:\/\/kidsplay.lt\/wp-content\/uploads\/2024\/09\/Didele-sodo-ciuozykla-190cm.jpg","type":"image\/jpeg"}],"twitter_card":"summary_large_image","twitter_misc":{"Est. reading time":"1 min\u016bte"},"schema":{"@context":"https:\/\/schema.org","@graph":[{"@type":"WebPage","@id":"https:\/\/kidsplay.lt\/produktas\/didele-sodo-ciuozykla-190cm\/","url":"https:\/\/kidsplay.lt\/produktas\/didele-sodo-ciuozykla-190cm\/","name":"Didel\u0117 sodo \u010diuo\u017eykla 190cm","isPartOf":{"@id":"https:\/\/kidsplay.lt\/#website"},"primaryImageOfPage":{"@id":"https:\/\/kidsplay.lt\/produktas\/didele-sodo-ciuozykla-190cm\/#primaryimage"},"image":{"@id":"https:\/\/kidsplay.lt\/produktas\/didele-sodo-ciuozykla-190cm\/#primaryimage"},"thumbnailUrl":"https:\/\/kidsplay.lt\/wp-content\/uploads\/2024\/09\/Didele-sodo-ciuozykla-190cm.jpg","datePublished":"2026-02-26T07:48:14+00:00","dateModified":"2026-03-26T11:18:37+00:00","description":"Spalvinga \u010diuo\u017eykla skirti vaikams nuo 3 met\u0173 ir vyresniems.\u00a0190 cm ilgio \u010diuo\u017eykla, patogios\u00a0kop\u0117\u010dios su rankenomis. Did\u017eiausia apkrova\u00a030 kg.","breadcrumb":{"@id":"https:\/\/kidsplay.lt\/produktas\/didele-sodo-ciuozykla-190cm\/#breadcrumb"},"inLanguage":"lv-LV","potentialAction":[{"@type":"ReadAction","target":["https:\/\/kidsplay.lt\/produktas\/didele-sodo-ciuozykla-190cm\/"]}]},{"@type":"ImageObject","inLanguage":"lv-LV","@id":"https:\/\/kidsplay.lt\/produktas\/didele-sodo-ciuozykla-190cm\/#primaryimage","url":"https:\/\/kidsplay.lt\/wp-content\/uploads\/2024\/09\/Didele-sodo-ciuozykla-190cm.jpg","contentUrl":"https:\/\/kidsplay.lt\/wp-content\/uploads\/2024\/09\/Didele-sodo-ciuozykla-190cm.jpg","width":1000,"height":913,"caption":"Didel\u0117 sodo \u010diuo\u017eykla 190cm"},{"@type":"BreadcrumbList","@id":"https:\/\/kidsplay.lt\/produktas\/didele-sodo-ciuozykla-190cm\/#breadcrumb","itemListElement":[{"@type":"ListItem","position":1,"name":"Pagrindinis","item":"https:\/\/kidsplay.lt\/"},{"@type":"ListItem","position":2,"name":"Parduotuv\u0117","item":"https:\/\/kidsplay.lt\/parduotuve\/"},{"@type":"ListItem","position":3,"name":"Didel\u0117 sodo \u010diuo\u017eykla 190cm"}]},{"@type":"WebSite","@id":"https:\/\/kidsplay.lt\/#website","url":"https:\/\/kidsplay.lt\/","name":"B\u0113rnu sp\u0113les.lv","description":"\u012evairios prek\u0117s vaikams","publisher":{"@id":"https:\/\/kidsplay.lt\/#organization"},"alternateName":"Kidsplay","potentialAction":[{"@type":"SearchAction","target":{"@type":"EntryPoint","urlTemplate":"https:\/\/kidsplay.lt\/?s={search_term_string}"},"query-input":{"@type":"PropertyValueSpecification","valueRequired":true,"valueName":"search_term_string"}}],"inLanguage":"lv-LV"},{"@type":"Organization","@id":"https:\/\/kidsplay.lt\/#organization","name":"B\u0113rnu sp\u0113le","url":"https:\/\/kidsplay.lt\/","logo":{"@type":"ImageObject","inLanguage":"lv-LV","@id":"https:\/\/kidsplay.lt\/#\/schema\/logo\/image\/","url":"https:\/\/kidsplay.lt\/wp-content\/uploads\/2023\/07\/kidsplay-logo.png","contentUrl":"https:\/\/kidsplay.lt\/wp-content\/uploads\/2023\/07\/kidsplay-logo.png","width":451,"height":98,"caption":"KidsPlay"},"image":{"@id":"https:\/\/kidsplay.lt\/#\/schema\/logo\/image\/"},"sameAs":["https:\/\/www.facebook.com\/www.kidsplay.lt"]}]}},"_links":{"self":[{"href":"https:\/\/kidsplay.lt\/lv\/wp-json\/wp\/v2\/product\/90571","targetHints":{"allow":["GET"]}}],"collection":[{"href":"https:\/\/kidsplay.lt\/lv\/wp-json\/wp\/v2\/product"}],"about":[{"href":"https:\/\/kidsplay.lt\/lv\/wp-json\/wp\/v2\/types\/product"}],"version-history":[{"count":1,"href":"https:\/\/kidsplay.lt\/lv\/wp-json\/wp\/v2\/product\/90571\/revisions"}],"predecessor-version":[{"id":90572,"href":"https:\/\/kidsplay.lt\/lv\/wp-json\/wp\/v2\/product\/90571\/revisions\/90572"}],"wp:featuredmedia":[{"embeddable":true,"href":"https:\/\/kidsplay.lt\/lv\/wp-json\/wp\/v2\/media\/52846"}],"wp:attachment":[{"href":"https:\/\/kidsplay.lt\/lv\/wp-json\/wp\/v2\/media?parent=90571"}],"wp:term":[{"taxonomy":"product_brand","embeddable":true,"href":"https:\/\/kidsplay.lt\/lv\/wp-json\/wp\/v2\/product_brand?post=90571"},{"taxonomy":"product_cat","embeddable":true,"href":"https:\/\/kidsplay.lt\/lv\/wp-json\/wp\/v2\/product_cat?post=90571"},{"taxonomy":"product_tag","embeddable":true,"href":"https:\/\/kidsplay.lt\/lv\/wp-json\/wp\/v2\/product_tag?post=90571"}],"curies":[{"name":"wp","href":"https:\/\/api.w.org\/{rel}","templated":true}]}}