{"id":90573,"date":"2026-02-26T09:48:17","date_gmt":"2026-02-26T07:48:17","guid":{"rendered":"https:\/\/kidsplay.lt\/produktas\/vandens-ciuozykla-152cm\/"},"modified":"2026-03-26T17:30:15","modified_gmt":"2026-03-26T15:30:15","slug":"vandens-ciuozykla-152cm","status":"publish","type":"product","link":"https:\/\/kidsplay.lt\/lv\/products\/vandens-ciuozykla-152cm\/","title":{"rendered":"Vandens \u010diuo\u017eykla 152cm"},"content":{"rendered":"<p>\u00a0VANDENS Sklandytuvu yra nepakei\u010diamas kiekvienos \u017eaidim\u0173 aik\u0161tel\u0117s elementas tiek namuose, tiek vie\u0161ose vietose. \u010ciuo\u017eyklos pagamintos i\u0161 auk\u0161tos kokyb\u0117s med\u017eiag\u0173, atkreipiant d\u0117mes\u012f \u012f smulkiausias detales. \u0160liuo\u017eyn\u0117s gali b\u016bti derinamos su kitomis \u017eaidim\u0173 aik\u0161tel\u0117mis ar sodo nameliais ir taip sukuriama unikali vaik\u0173 \u017eaidim\u0173 vieta.<\/p>\n<p>&#8211; \u010ciuo\u017eykla turi 152 cm ilgio kalnel\u012f,<br \/>\n&#8211; Prie \u010diuo\u017eyklos\u00a0galima prijungti sodo \u017earn\u0105,<br \/>\n&#8211; Ji turi\u00a0auk\u0161tas \u0161onines sieneles\u00a0ir\u00a0u\u017eapvalintus kra\u0161tus, kad b\u016bt\u0173 patogu ir saugu \u017eaisti,<br \/>\n&#8211; \u012erengti modernaus dizaino laipteliai,<br \/>\n&#8211;\u00a0\u012fmontuotos rankenos,<br \/>\n&#8211; Specialios\u00a0formos atlo\u0161as,<br \/>\n&#8211; Stabilus platus pagrindas,<br \/>\n&#8211; Plastikas padengtas UV spinduliais, tod\u0117l ilgai i\u0161laikys spalv\u0173 kokyb\u0119.<\/p>","protected":false},"excerpt":{"rendered":"<p>\u00a0VANDENS Sklandytuvu yra nepakei\u010diamas kiekvienos \u017eaidim\u0173 aik\u0161tel\u0117s elementas tiek namuose, tiek vie\u0161ose vietose. \u010ciuo\u017eyklos pagamintos i\u0161 auk\u0161tos kokyb\u0117s med\u017eiag\u0173, atkreipiant<\/p>","protected":false},"featured_media":52850,"template":"","meta":{"_acf_changed":false,"_glsr_average":0,"_glsr_ranking":0,"_glsr_reviews":0},"product_brand":[],"product_cat":[432,233],"product_tag":[],"class_list":{"0":"post-90573","1":"product","2":"type-product","3":"status-publish","4":"has-post-thumbnail","6":"product_cat-ciuozyklos","7":"product_cat-lauko-pramogos","8":"\"style=\"background-color: #2ecc711c;\"","10":"first","11":"outofstock","12":"purchasable","13":"product-type-simple"},"acf":[],"yoast_head":"<!-- This site is optimized with the Yoast SEO plugin v27.3 - https:\/\/yoast.com\/product\/yoast-seo-wordpress\/ -->\n<title>Vandens \u010diuo\u017eykla 152cm<\/title>\n<meta name=\"description\" content=\"Vandens \u010diuo\u017eyklos\u00a0Sklandytuvas yra nepakei\u010diamas kiekvienos \u017eaidim\u0173 aik\u0161tel\u0117s elementas tiek namuose, tiek vie\u0161ose vietose.\" \/>\n<meta name=\"robots\" content=\"index, follow, max-snippet:-1, max-image-preview:large, max-video-preview:-1\" \/>\n<link rel=\"canonical\" href=\"https:\/\/kidsplay.lt\/lv\/products\/vandens-ciuozykla-152cm\/\" \/>\n<meta property=\"og:locale\" content=\"lv_LV\" \/>\n<meta property=\"og:type\" content=\"article\" \/>\n<meta property=\"og:title\" content=\"Vandens \u010diuo\u017eykla 152cm\" \/>\n<meta property=\"og:description\" content=\"Vandens \u010diuo\u017eyklos\u00a0Sklandytuvas yra nepakei\u010diamas kiekvienos \u017eaidim\u0173 aik\u0161tel\u0117s elementas tiek namuose, tiek vie\u0161ose vietose.\" \/>\n<meta property=\"og:url\" content=\"https:\/\/kidsplay.lt\/lv\/products\/vandens-ciuozykla-152cm\/\" \/>\n<meta property=\"og:site_name\" content=\"KidsPlay\" \/>\n<meta property=\"article:publisher\" content=\"https:\/\/www.facebook.com\/www.kidsplay.lt\" \/>\n<meta property=\"article:modified_time\" content=\"2026-03-26T15:30:15+00:00\" \/>\n<meta property=\"og:image\" content=\"https:\/\/kidsplay.lt\/wp-content\/uploads\/2024\/09\/Vandens-ciuozykla-152cm.jpg\" \/>\n\t<meta property=\"og:image:width\" content=\"1000\" \/>\n\t<meta property=\"og:image:height\" content=\"1000\" \/>\n\t<meta property=\"og:image:type\" content=\"image\/jpeg\" \/>\n<meta name=\"twitter:card\" content=\"summary_large_image\" \/>\n<meta name=\"twitter:label1\" content=\"Est. reading time\" \/>\n\t<meta name=\"twitter:data1\" content=\"1 min\u016bte\" \/>\n<script type=\"application\/ld+json\" class=\"yoast-schema-graph\">{\"@context\":\"https:\\\/\\\/schema.org\",\"@graph\":[{\"@type\":\"WebPage\",\"@id\":\"https:\\\/\\\/kidsplay.lt\\\/produktas\\\/vandens-ciuozykla-152cm\\\/\",\"url\":\"https:\\\/\\\/kidsplay.lt\\\/produktas\\\/vandens-ciuozykla-152cm\\\/\",\"name\":\"Vandens \u010diuo\u017eykla 152cm\",\"isPartOf\":{\"@id\":\"https:\\\/\\\/kidsplay.lt\\\/#website\"},\"primaryImageOfPage\":{\"@id\":\"https:\\\/\\\/kidsplay.lt\\\/produktas\\\/vandens-ciuozykla-152cm\\\/#primaryimage\"},\"image\":{\"@id\":\"https:\\\/\\\/kidsplay.lt\\\/produktas\\\/vandens-ciuozykla-152cm\\\/#primaryimage\"},\"thumbnailUrl\":\"https:\\\/\\\/kidsplay.lt\\\/wp-content\\\/uploads\\\/2024\\\/09\\\/Vandens-ciuozykla-152cm.jpg\",\"datePublished\":\"2026-02-26T07:48:17+00:00\",\"dateModified\":\"2026-03-26T15:30:15+00:00\",\"description\":\"Vandens \u010diuo\u017eyklos\u00a0Sklandytuvas yra nepakei\u010diamas kiekvienos \u017eaidim\u0173 aik\u0161tel\u0117s elementas tiek namuose, tiek vie\u0161ose vietose.\",\"breadcrumb\":{\"@id\":\"https:\\\/\\\/kidsplay.lt\\\/produktas\\\/vandens-ciuozykla-152cm\\\/#breadcrumb\"},\"inLanguage\":\"lv-LV\",\"potentialAction\":[{\"@type\":\"ReadAction\",\"target\":[\"https:\\\/\\\/kidsplay.lt\\\/produktas\\\/vandens-ciuozykla-152cm\\\/\"]}]},{\"@type\":\"ImageObject\",\"inLanguage\":\"lv-LV\",\"@id\":\"https:\\\/\\\/kidsplay.lt\\\/produktas\\\/vandens-ciuozykla-152cm\\\/#primaryimage\",\"url\":\"https:\\\/\\\/kidsplay.lt\\\/wp-content\\\/uploads\\\/2024\\\/09\\\/Vandens-ciuozykla-152cm.jpg\",\"contentUrl\":\"https:\\\/\\\/kidsplay.lt\\\/wp-content\\\/uploads\\\/2024\\\/09\\\/Vandens-ciuozykla-152cm.jpg\",\"width\":1000,\"height\":1000,\"caption\":\"Vandens \u010diuo\u017eykla 152cm\"},{\"@type\":\"BreadcrumbList\",\"@id\":\"https:\\\/\\\/kidsplay.lt\\\/produktas\\\/vandens-ciuozykla-152cm\\\/#breadcrumb\",\"itemListElement\":[{\"@type\":\"ListItem\",\"position\":1,\"name\":\"Pagrindinis\",\"item\":\"https:\\\/\\\/kidsplay.lt\\\/\"},{\"@type\":\"ListItem\",\"position\":2,\"name\":\"Parduotuv\u0117\",\"item\":\"https:\\\/\\\/kidsplay.lt\\\/parduotuve\\\/\"},{\"@type\":\"ListItem\",\"position\":3,\"name\":\"Vandens \u010diuo\u017eykla 152cm\"}]},{\"@type\":\"WebSite\",\"@id\":\"https:\\\/\\\/kidsplay.lt\\\/#website\",\"url\":\"https:\\\/\\\/kidsplay.lt\\\/\",\"name\":\"Kidsplay.lt\",\"description\":\"\u012evairios prek\u0117s vaikams\",\"publisher\":{\"@id\":\"https:\\\/\\\/kidsplay.lt\\\/#organization\"},\"alternateName\":\"Kidsplay\",\"potentialAction\":[{\"@type\":\"SearchAction\",\"target\":{\"@type\":\"EntryPoint\",\"urlTemplate\":\"https:\\\/\\\/kidsplay.lt\\\/?s={search_term_string}\"},\"query-input\":{\"@type\":\"PropertyValueSpecification\",\"valueRequired\":true,\"valueName\":\"search_term_string\"}}],\"inLanguage\":\"lv-LV\"},{\"@type\":\"Organization\",\"@id\":\"https:\\\/\\\/kidsplay.lt\\\/#organization\",\"name\":\"KidsPlay\",\"url\":\"https:\\\/\\\/kidsplay.lt\\\/\",\"logo\":{\"@type\":\"ImageObject\",\"inLanguage\":\"lv-LV\",\"@id\":\"https:\\\/\\\/kidsplay.lt\\\/#\\\/schema\\\/logo\\\/image\\\/\",\"url\":\"https:\\\/\\\/kidsplay.lt\\\/wp-content\\\/uploads\\\/2023\\\/07\\\/kidsplay-logo.png\",\"contentUrl\":\"https:\\\/\\\/kidsplay.lt\\\/wp-content\\\/uploads\\\/2023\\\/07\\\/kidsplay-logo.png\",\"width\":451,\"height\":98,\"caption\":\"KidsPlay\"},\"image\":{\"@id\":\"https:\\\/\\\/kidsplay.lt\\\/#\\\/schema\\\/logo\\\/image\\\/\"},\"sameAs\":[\"https:\\\/\\\/www.facebook.com\\\/www.kidsplay.lt\"]}]}<\/script>\n<!-- \/ Yoast SEO plugin. -->","yoast_head_json":{"title":"Vandens \u010diuo\u017eykla 152cm","description":"Vandens \u010diuo\u017eyklos\u00a0Sklandytuvas yra nepakei\u010diamas kiekvienos \u017eaidim\u0173 aik\u0161tel\u0117s elementas tiek namuose, tiek vie\u0161ose vietose.","robots":{"index":"index","follow":"follow","max-snippet":"max-snippet:-1","max-image-preview":"max-image-preview:large","max-video-preview":"max-video-preview:-1"},"canonical":"https:\/\/kidsplay.lt\/lv\/products\/vandens-ciuozykla-152cm\/","og_locale":"lv_LV","og_type":"article","og_title":"Vandens \u010diuo\u017eykla 152cm","og_description":"Vandens \u010diuo\u017eyklos\u00a0Sklandytuvas yra nepakei\u010diamas kiekvienos \u017eaidim\u0173 aik\u0161tel\u0117s elementas tiek namuose, tiek vie\u0161ose vietose.","og_url":"https:\/\/kidsplay.lt\/lv\/products\/vandens-ciuozykla-152cm\/","og_site_name":"KidsPlay","article_publisher":"https:\/\/www.facebook.com\/www.kidsplay.lt","article_modified_time":"2026-03-26T15:30:15+00:00","og_image":[{"width":1000,"height":1000,"url":"https:\/\/kidsplay.lt\/wp-content\/uploads\/2024\/09\/Vandens-ciuozykla-152cm.jpg","type":"image\/jpeg"}],"twitter_card":"summary_large_image","twitter_misc":{"Est. reading time":"1 min\u016bte"},"schema":{"@context":"https:\/\/schema.org","@graph":[{"@type":"WebPage","@id":"https:\/\/kidsplay.lt\/produktas\/vandens-ciuozykla-152cm\/","url":"https:\/\/kidsplay.lt\/produktas\/vandens-ciuozykla-152cm\/","name":"Vandens \u010diuo\u017eykla 152cm","isPartOf":{"@id":"https:\/\/kidsplay.lt\/#website"},"primaryImageOfPage":{"@id":"https:\/\/kidsplay.lt\/produktas\/vandens-ciuozykla-152cm\/#primaryimage"},"image":{"@id":"https:\/\/kidsplay.lt\/produktas\/vandens-ciuozykla-152cm\/#primaryimage"},"thumbnailUrl":"https:\/\/kidsplay.lt\/wp-content\/uploads\/2024\/09\/Vandens-ciuozykla-152cm.jpg","datePublished":"2026-02-26T07:48:17+00:00","dateModified":"2026-03-26T15:30:15+00:00","description":"Vandens \u010diuo\u017eyklos\u00a0Sklandytuvas yra nepakei\u010diamas kiekvienos \u017eaidim\u0173 aik\u0161tel\u0117s elementas tiek namuose, tiek vie\u0161ose vietose.","breadcrumb":{"@id":"https:\/\/kidsplay.lt\/produktas\/vandens-ciuozykla-152cm\/#breadcrumb"},"inLanguage":"lv-LV","potentialAction":[{"@type":"ReadAction","target":["https:\/\/kidsplay.lt\/produktas\/vandens-ciuozykla-152cm\/"]}]},{"@type":"ImageObject","inLanguage":"lv-LV","@id":"https:\/\/kidsplay.lt\/produktas\/vandens-ciuozykla-152cm\/#primaryimage","url":"https:\/\/kidsplay.lt\/wp-content\/uploads\/2024\/09\/Vandens-ciuozykla-152cm.jpg","contentUrl":"https:\/\/kidsplay.lt\/wp-content\/uploads\/2024\/09\/Vandens-ciuozykla-152cm.jpg","width":1000,"height":1000,"caption":"Vandens \u010diuo\u017eykla 152cm"},{"@type":"BreadcrumbList","@id":"https:\/\/kidsplay.lt\/produktas\/vandens-ciuozykla-152cm\/#breadcrumb","itemListElement":[{"@type":"ListItem","position":1,"name":"Pagrindinis","item":"https:\/\/kidsplay.lt\/"},{"@type":"ListItem","position":2,"name":"Parduotuv\u0117","item":"https:\/\/kidsplay.lt\/parduotuve\/"},{"@type":"ListItem","position":3,"name":"Vandens \u010diuo\u017eykla 152cm"}]},{"@type":"WebSite","@id":"https:\/\/kidsplay.lt\/#website","url":"https:\/\/kidsplay.lt\/","name":"B\u0113rnu sp\u0113les.lv","description":"\u012evairios prek\u0117s vaikams","publisher":{"@id":"https:\/\/kidsplay.lt\/#organization"},"alternateName":"Kidsplay","potentialAction":[{"@type":"SearchAction","target":{"@type":"EntryPoint","urlTemplate":"https:\/\/kidsplay.lt\/?s={search_term_string}"},"query-input":{"@type":"PropertyValueSpecification","valueRequired":true,"valueName":"search_term_string"}}],"inLanguage":"lv-LV"},{"@type":"Organization","@id":"https:\/\/kidsplay.lt\/#organization","name":"B\u0113rnu sp\u0113le","url":"https:\/\/kidsplay.lt\/","logo":{"@type":"ImageObject","inLanguage":"lv-LV","@id":"https:\/\/kidsplay.lt\/#\/schema\/logo\/image\/","url":"https:\/\/kidsplay.lt\/wp-content\/uploads\/2023\/07\/kidsplay-logo.png","contentUrl":"https:\/\/kidsplay.lt\/wp-content\/uploads\/2023\/07\/kidsplay-logo.png","width":451,"height":98,"caption":"KidsPlay"},"image":{"@id":"https:\/\/kidsplay.lt\/#\/schema\/logo\/image\/"},"sameAs":["https:\/\/www.facebook.com\/www.kidsplay.lt"]}]}},"_links":{"self":[{"href":"https:\/\/kidsplay.lt\/lv\/wp-json\/wp\/v2\/product\/90573","targetHints":{"allow":["GET"]}}],"collection":[{"href":"https:\/\/kidsplay.lt\/lv\/wp-json\/wp\/v2\/product"}],"about":[{"href":"https:\/\/kidsplay.lt\/lv\/wp-json\/wp\/v2\/types\/product"}],"version-history":[{"count":1,"href":"https:\/\/kidsplay.lt\/lv\/wp-json\/wp\/v2\/product\/90573\/revisions"}],"predecessor-version":[{"id":90574,"href":"https:\/\/kidsplay.lt\/lv\/wp-json\/wp\/v2\/product\/90573\/revisions\/90574"}],"wp:featuredmedia":[{"embeddable":true,"href":"https:\/\/kidsplay.lt\/lv\/wp-json\/wp\/v2\/media\/52850"}],"wp:attachment":[{"href":"https:\/\/kidsplay.lt\/lv\/wp-json\/wp\/v2\/media?parent=90573"}],"wp:term":[{"taxonomy":"product_brand","embeddable":true,"href":"https:\/\/kidsplay.lt\/lv\/wp-json\/wp\/v2\/product_brand?post=90573"},{"taxonomy":"product_cat","embeddable":true,"href":"https:\/\/kidsplay.lt\/lv\/wp-json\/wp\/v2\/product_cat?post=90573"},{"taxonomy":"product_tag","embeddable":true,"href":"https:\/\/kidsplay.lt\/lv\/wp-json\/wp\/v2\/product_tag?post=90573"}],"curies":[{"name":"wp","href":"https:\/\/api.w.org\/{rel}","templated":true}]}}