{"id":90575,"date":"2026-02-26T09:48:20","date_gmt":"2026-02-26T07:48:20","guid":{"rendered":"https:\/\/kidsplay.lt\/produktas\/sodo-supynes-su-metaliniu-remu-vaikams\/"},"modified":"2026-04-13T15:26:08","modified_gmt":"2026-04-13T12:26:08","slug":"sodo-supynes-su-metaliniu-remu-vaikams","status":"publish","type":"product","link":"https:\/\/kidsplay.lt\/lv\/products\/sodo-supynes-su-metaliniu-remu-vaikams\/","title":{"rendered":"Sodo s\u016bpyn\u0117s su metaliniu r\u0117mu vaikams"},"content":{"rendered":"<p>Metalin\u0117se s\u016bpyn\u0117se yra vienviet\u0117s ir dviviet\u0117s s\u016bpyn\u0117s, ant kuri\u0173 vienu metu gali suptis 2 vaikai. Modernus spalvingas r\u0117mas yra atsparus oro s\u0105lygoms ir ilgaam\u017eis, o d\u0117l kompakti\u0161ko dyd\u017eio jis tinka ir ma\u017eiems sodams. D\u0117l papildomo beveik 2,2 m auk\u0161\u010dio r\u0117mas suteikia dar daugiau supimosi judesi\u0173. Metalin\u0117s s\u016bpyn\u0117s pagamintos i\u0161 milteliniu b\u016bdu da\u017eyto plieno ir yra cinkuotos i\u0161 vidaus ir i\u0161 i\u0161or\u0117s. Kad b\u016bt\u0173 u\u017etikrintas didesnis saugumas, s\u016bpyn\u0117s turi keturis grunto inkarus, kuriuos galima montuoti \u012f beton\u0105. S\u016bpyn\u0117s s\u0117dyn\u0119 labai lengva valyti, tod\u0117l po nedidelio lietaus gal\u0117site i\u0161 karto suptis. Reguliuojamos s\u016bpyni\u0173 virv\u0117s u\u017etikrina ilg\u0105 tarnavimo laik\u0105, nes s\u016bpyn\u0117s daugel\u012f met\u0173 augs kartu su jumis.<\/p>\n<p>&#8211; Metalin\u0117s viengubos ir dvigubos s\u016bpyn\u0117s,<br \/>\n&#8211; Pagamintos i\u0161 milteliniu b\u016bdu da\u017eyto plieno, cinkuotos i\u0161 vidaus ir i\u0161or\u0117s, kad b\u016bt\u0173\u00a0ilgai apsaugotos nuo korozijos,<br \/>\n&#8211;\u00a0Reguliuojamos virv\u0117s nuo 39 iki 99 cm auk\u0161tyje vir\u0161 \u017eem\u0117s, tod\u0117l s\u016bpyn\u0117s &#8222;auga&#8221; kartu su jumis,<br \/>\n&#8211; Komplekte yra\u00a04 gruntiniai inkarai,\u00a0skirti \u012frengti betone,<br \/>\n&#8211;\u00a0Skirta iki 3 vaik\u0173,<br \/>\n&#8211; Did\u017eiausias naudotojo svoris &#8211; 50 kg vienai s\u0117dynei; i\u0161 viso 100 kg,<br \/>\n&#8211; Lengvas surinkimas (reikia suaugusiojo),<br \/>\n&#8211; Tinka vaikams nuo 3 iki 10 met\u0173,<\/p>","protected":false},"excerpt":{"rendered":"<p>Metalin\u0117se s\u016bpyn\u0117se yra vienviet\u0117s ir dviviet\u0117s s\u016bpyn\u0117s, ant kuri\u0173 vienu metu gali suptis 2 vaikai. Modernus spalvingas r\u0117mas yra atsparus<\/p>","protected":false},"featured_media":52860,"template":"","meta":{"_acf_changed":false,"_glsr_average":0,"_glsr_ranking":0,"_glsr_reviews":0},"product_brand":[],"product_cat":[233,232],"product_tag":[],"class_list":{"0":"post-90575","1":"product","2":"type-product","3":"status-publish","4":"has-post-thumbnail","6":"product_cat-lauko-pramogos","7":"product_cat-supynes","8":"\"style=\"background-color: #2ecc711c;\"","10":"first","11":"instock","12":"purchasable","13":"product-type-simple"},"acf":[],"yoast_head":"<!-- This site is optimized with the Yoast SEO plugin v27.4 - https:\/\/yoast.com\/product\/yoast-seo-wordpress\/ -->\n<title>Sodo s\u016bpyn\u0117s su metaliniu r\u0117mu vaikams<\/title>\n<meta name=\"description\" content=\"Metalin\u0117se s\u016bpyn\u0117se yra vienviet\u0117s ant kuri\u0173 vienu metu gali suptis 2 vaikai. Modernus spalvingas r\u0117mas yra atsparus oro s\u0105lygoms ir ilgaam\u017eis.\" \/>\n<meta name=\"robots\" content=\"index, follow, max-snippet:-1, max-image-preview:large, max-video-preview:-1\" \/>\n<link rel=\"canonical\" href=\"https:\/\/kidsplay.lt\/lv\/products\/sodo-supynes-su-metaliniu-remu-vaikams\/\" \/>\n<meta property=\"og:locale\" content=\"lv_LV\" \/>\n<meta property=\"og:type\" content=\"article\" \/>\n<meta property=\"og:title\" content=\"Sodo s\u016bpyn\u0117s su metaliniu r\u0117mu vaikams\" \/>\n<meta property=\"og:description\" content=\"Metalin\u0117se s\u016bpyn\u0117se yra vienviet\u0117s ant kuri\u0173 vienu metu gali suptis 2 vaikai. Modernus spalvingas r\u0117mas yra atsparus oro s\u0105lygoms ir ilgaam\u017eis.\" \/>\n<meta property=\"og:url\" content=\"https:\/\/kidsplay.lt\/lv\/products\/sodo-supynes-su-metaliniu-remu-vaikams\/\" \/>\n<meta property=\"og:site_name\" content=\"KidsPlay\" \/>\n<meta property=\"article:publisher\" content=\"https:\/\/www.facebook.com\/www.kidsplay.lt\" \/>\n<meta property=\"article:modified_time\" content=\"2026-04-13T12:26:08+00:00\" \/>\n<meta property=\"og:image\" content=\"https:\/\/kidsplay.lt\/wp-content\/uploads\/2024\/09\/Sodo-supynes-su-metaliniu-remu-vaikams.jpg\" \/>\n\t<meta property=\"og:image:width\" content=\"1000\" \/>\n\t<meta property=\"og:image:height\" content=\"1000\" \/>\n\t<meta property=\"og:image:type\" content=\"image\/jpeg\" \/>\n<meta name=\"twitter:card\" content=\"summary_large_image\" \/>\n<meta name=\"twitter:label1\" content=\"Est. reading time\" \/>\n\t<meta name=\"twitter:data1\" content=\"1 min\u016bte\" \/>\n<script type=\"application\/ld+json\" class=\"yoast-schema-graph\">{\"@context\":\"https:\\\/\\\/schema.org\",\"@graph\":[{\"@type\":\"WebPage\",\"@id\":\"https:\\\/\\\/kidsplay.lt\\\/produktas\\\/sodo-supynes-su-metaliniu-remu-vaikams\\\/\",\"url\":\"https:\\\/\\\/kidsplay.lt\\\/produktas\\\/sodo-supynes-su-metaliniu-remu-vaikams\\\/\",\"name\":\"Sodo s\u016bpyn\u0117s su metaliniu r\u0117mu vaikams\",\"isPartOf\":{\"@id\":\"https:\\\/\\\/kidsplay.lt\\\/#website\"},\"primaryImageOfPage\":{\"@id\":\"https:\\\/\\\/kidsplay.lt\\\/produktas\\\/sodo-supynes-su-metaliniu-remu-vaikams\\\/#primaryimage\"},\"image\":{\"@id\":\"https:\\\/\\\/kidsplay.lt\\\/produktas\\\/sodo-supynes-su-metaliniu-remu-vaikams\\\/#primaryimage\"},\"thumbnailUrl\":\"https:\\\/\\\/kidsplay.lt\\\/wp-content\\\/uploads\\\/2024\\\/09\\\/Sodo-supynes-su-metaliniu-remu-vaikams.jpg\",\"datePublished\":\"2026-02-26T07:48:20+00:00\",\"dateModified\":\"2026-04-13T12:26:08+00:00\",\"description\":\"Metalin\u0117se s\u016bpyn\u0117se yra vienviet\u0117s ant kuri\u0173 vienu metu gali suptis 2 vaikai. Modernus spalvingas r\u0117mas yra atsparus oro s\u0105lygoms ir ilgaam\u017eis.\",\"breadcrumb\":{\"@id\":\"https:\\\/\\\/kidsplay.lt\\\/produktas\\\/sodo-supynes-su-metaliniu-remu-vaikams\\\/#breadcrumb\"},\"inLanguage\":\"lv-LV\",\"potentialAction\":[{\"@type\":\"ReadAction\",\"target\":[\"https:\\\/\\\/kidsplay.lt\\\/produktas\\\/sodo-supynes-su-metaliniu-remu-vaikams\\\/\"]}]},{\"@type\":\"ImageObject\",\"inLanguage\":\"lv-LV\",\"@id\":\"https:\\\/\\\/kidsplay.lt\\\/produktas\\\/sodo-supynes-su-metaliniu-remu-vaikams\\\/#primaryimage\",\"url\":\"https:\\\/\\\/kidsplay.lt\\\/wp-content\\\/uploads\\\/2024\\\/09\\\/Sodo-supynes-su-metaliniu-remu-vaikams.jpg\",\"contentUrl\":\"https:\\\/\\\/kidsplay.lt\\\/wp-content\\\/uploads\\\/2024\\\/09\\\/Sodo-supynes-su-metaliniu-remu-vaikams.jpg\",\"width\":1000,\"height\":1000,\"caption\":\"Sodo s\u016bpyn\u0117s su metaliniu r\u0117mu vaikams\"},{\"@type\":\"BreadcrumbList\",\"@id\":\"https:\\\/\\\/kidsplay.lt\\\/produktas\\\/sodo-supynes-su-metaliniu-remu-vaikams\\\/#breadcrumb\",\"itemListElement\":[{\"@type\":\"ListItem\",\"position\":1,\"name\":\"Pagrindinis\",\"item\":\"https:\\\/\\\/kidsplay.lt\\\/\"},{\"@type\":\"ListItem\",\"position\":2,\"name\":\"Parduotuv\u0117\",\"item\":\"https:\\\/\\\/kidsplay.lt\\\/parduotuve\\\/\"},{\"@type\":\"ListItem\",\"position\":3,\"name\":\"Sodo s\u016bpyn\u0117s su metaliniu r\u0117mu vaikams\"}]},{\"@type\":\"WebSite\",\"@id\":\"https:\\\/\\\/kidsplay.lt\\\/#website\",\"url\":\"https:\\\/\\\/kidsplay.lt\\\/\",\"name\":\"Kidsplay.lt\",\"description\":\"\u012evairios prek\u0117s vaikams\",\"publisher\":{\"@id\":\"https:\\\/\\\/kidsplay.lt\\\/#organization\"},\"alternateName\":\"Kidsplay\",\"potentialAction\":[{\"@type\":\"SearchAction\",\"target\":{\"@type\":\"EntryPoint\",\"urlTemplate\":\"https:\\\/\\\/kidsplay.lt\\\/?s={search_term_string}\"},\"query-input\":{\"@type\":\"PropertyValueSpecification\",\"valueRequired\":true,\"valueName\":\"search_term_string\"}}],\"inLanguage\":\"lv-LV\"},{\"@type\":\"Organization\",\"@id\":\"https:\\\/\\\/kidsplay.lt\\\/#organization\",\"name\":\"KidsPlay\",\"url\":\"https:\\\/\\\/kidsplay.lt\\\/\",\"logo\":{\"@type\":\"ImageObject\",\"inLanguage\":\"lv-LV\",\"@id\":\"https:\\\/\\\/kidsplay.lt\\\/#\\\/schema\\\/logo\\\/image\\\/\",\"url\":\"https:\\\/\\\/kidsplay.lt\\\/wp-content\\\/uploads\\\/2023\\\/07\\\/kidsplay-logo.png\",\"contentUrl\":\"https:\\\/\\\/kidsplay.lt\\\/wp-content\\\/uploads\\\/2023\\\/07\\\/kidsplay-logo.png\",\"width\":451,\"height\":98,\"caption\":\"KidsPlay\"},\"image\":{\"@id\":\"https:\\\/\\\/kidsplay.lt\\\/#\\\/schema\\\/logo\\\/image\\\/\"},\"sameAs\":[\"https:\\\/\\\/www.facebook.com\\\/www.kidsplay.lt\"]}]}<\/script>\n<!-- \/ Yoast SEO plugin. -->","yoast_head_json":{"title":"Sodo s\u016bpyn\u0117s su metaliniu r\u0117mu vaikams","description":"Metalin\u0117se s\u016bpyn\u0117se yra vienviet\u0117s ant kuri\u0173 vienu metu gali suptis 2 vaikai. Modernus spalvingas r\u0117mas yra atsparus oro s\u0105lygoms ir ilgaam\u017eis.","robots":{"index":"index","follow":"follow","max-snippet":"max-snippet:-1","max-image-preview":"max-image-preview:large","max-video-preview":"max-video-preview:-1"},"canonical":"https:\/\/kidsplay.lt\/lv\/products\/sodo-supynes-su-metaliniu-remu-vaikams\/","og_locale":"lv_LV","og_type":"article","og_title":"Sodo s\u016bpyn\u0117s su metaliniu r\u0117mu vaikams","og_description":"Metalin\u0117se s\u016bpyn\u0117se yra vienviet\u0117s ant kuri\u0173 vienu metu gali suptis 2 vaikai. Modernus spalvingas r\u0117mas yra atsparus oro s\u0105lygoms ir ilgaam\u017eis.","og_url":"https:\/\/kidsplay.lt\/lv\/products\/sodo-supynes-su-metaliniu-remu-vaikams\/","og_site_name":"KidsPlay","article_publisher":"https:\/\/www.facebook.com\/www.kidsplay.lt","article_modified_time":"2026-04-13T12:26:08+00:00","og_image":[{"width":1000,"height":1000,"url":"https:\/\/kidsplay.lt\/wp-content\/uploads\/2024\/09\/Sodo-supynes-su-metaliniu-remu-vaikams.jpg","type":"image\/jpeg"}],"twitter_card":"summary_large_image","twitter_misc":{"Est. reading time":"1 min\u016bte"},"schema":{"@context":"https:\/\/schema.org","@graph":[{"@type":"WebPage","@id":"https:\/\/kidsplay.lt\/produktas\/sodo-supynes-su-metaliniu-remu-vaikams\/","url":"https:\/\/kidsplay.lt\/produktas\/sodo-supynes-su-metaliniu-remu-vaikams\/","name":"Sodo s\u016bpyn\u0117s su metaliniu r\u0117mu vaikams","isPartOf":{"@id":"https:\/\/kidsplay.lt\/#website"},"primaryImageOfPage":{"@id":"https:\/\/kidsplay.lt\/produktas\/sodo-supynes-su-metaliniu-remu-vaikams\/#primaryimage"},"image":{"@id":"https:\/\/kidsplay.lt\/produktas\/sodo-supynes-su-metaliniu-remu-vaikams\/#primaryimage"},"thumbnailUrl":"https:\/\/kidsplay.lt\/wp-content\/uploads\/2024\/09\/Sodo-supynes-su-metaliniu-remu-vaikams.jpg","datePublished":"2026-02-26T07:48:20+00:00","dateModified":"2026-04-13T12:26:08+00:00","description":"Metalin\u0117se s\u016bpyn\u0117se yra vienviet\u0117s ant kuri\u0173 vienu metu gali suptis 2 vaikai. Modernus spalvingas r\u0117mas yra atsparus oro s\u0105lygoms ir ilgaam\u017eis.","breadcrumb":{"@id":"https:\/\/kidsplay.lt\/produktas\/sodo-supynes-su-metaliniu-remu-vaikams\/#breadcrumb"},"inLanguage":"lv-LV","potentialAction":[{"@type":"ReadAction","target":["https:\/\/kidsplay.lt\/produktas\/sodo-supynes-su-metaliniu-remu-vaikams\/"]}]},{"@type":"ImageObject","inLanguage":"lv-LV","@id":"https:\/\/kidsplay.lt\/produktas\/sodo-supynes-su-metaliniu-remu-vaikams\/#primaryimage","url":"https:\/\/kidsplay.lt\/wp-content\/uploads\/2024\/09\/Sodo-supynes-su-metaliniu-remu-vaikams.jpg","contentUrl":"https:\/\/kidsplay.lt\/wp-content\/uploads\/2024\/09\/Sodo-supynes-su-metaliniu-remu-vaikams.jpg","width":1000,"height":1000,"caption":"Sodo s\u016bpyn\u0117s su metaliniu r\u0117mu vaikams"},{"@type":"BreadcrumbList","@id":"https:\/\/kidsplay.lt\/produktas\/sodo-supynes-su-metaliniu-remu-vaikams\/#breadcrumb","itemListElement":[{"@type":"ListItem","position":1,"name":"Pagrindinis","item":"https:\/\/kidsplay.lt\/"},{"@type":"ListItem","position":2,"name":"Parduotuv\u0117","item":"https:\/\/kidsplay.lt\/parduotuve\/"},{"@type":"ListItem","position":3,"name":"Sodo s\u016bpyn\u0117s su metaliniu r\u0117mu vaikams"}]},{"@type":"WebSite","@id":"https:\/\/kidsplay.lt\/#website","url":"https:\/\/kidsplay.lt\/","name":"B\u0113rnu sp\u0113les.lv","description":"\u012evairios prek\u0117s vaikams","publisher":{"@id":"https:\/\/kidsplay.lt\/#organization"},"alternateName":"Kidsplay","potentialAction":[{"@type":"SearchAction","target":{"@type":"EntryPoint","urlTemplate":"https:\/\/kidsplay.lt\/?s={search_term_string}"},"query-input":{"@type":"PropertyValueSpecification","valueRequired":true,"valueName":"search_term_string"}}],"inLanguage":"lv-LV"},{"@type":"Organization","@id":"https:\/\/kidsplay.lt\/#organization","name":"B\u0113rnu sp\u0113le","url":"https:\/\/kidsplay.lt\/","logo":{"@type":"ImageObject","inLanguage":"lv-LV","@id":"https:\/\/kidsplay.lt\/#\/schema\/logo\/image\/","url":"https:\/\/kidsplay.lt\/wp-content\/uploads\/2023\/07\/kidsplay-logo.png","contentUrl":"https:\/\/kidsplay.lt\/wp-content\/uploads\/2023\/07\/kidsplay-logo.png","width":451,"height":98,"caption":"KidsPlay"},"image":{"@id":"https:\/\/kidsplay.lt\/#\/schema\/logo\/image\/"},"sameAs":["https:\/\/www.facebook.com\/www.kidsplay.lt"]}]}},"_links":{"self":[{"href":"https:\/\/kidsplay.lt\/lv\/wp-json\/wp\/v2\/product\/90575","targetHints":{"allow":["GET"]}}],"collection":[{"href":"https:\/\/kidsplay.lt\/lv\/wp-json\/wp\/v2\/product"}],"about":[{"href":"https:\/\/kidsplay.lt\/lv\/wp-json\/wp\/v2\/types\/product"}],"version-history":[{"count":1,"href":"https:\/\/kidsplay.lt\/lv\/wp-json\/wp\/v2\/product\/90575\/revisions"}],"predecessor-version":[{"id":90576,"href":"https:\/\/kidsplay.lt\/lv\/wp-json\/wp\/v2\/product\/90575\/revisions\/90576"}],"wp:featuredmedia":[{"embeddable":true,"href":"https:\/\/kidsplay.lt\/lv\/wp-json\/wp\/v2\/media\/52860"}],"wp:attachment":[{"href":"https:\/\/kidsplay.lt\/lv\/wp-json\/wp\/v2\/media?parent=90575"}],"wp:term":[{"taxonomy":"product_brand","embeddable":true,"href":"https:\/\/kidsplay.lt\/lv\/wp-json\/wp\/v2\/product_brand?post=90575"},{"taxonomy":"product_cat","embeddable":true,"href":"https:\/\/kidsplay.lt\/lv\/wp-json\/wp\/v2\/product_cat?post=90575"},{"taxonomy":"product_tag","embeddable":true,"href":"https:\/\/kidsplay.lt\/lv\/wp-json\/wp\/v2\/product_tag?post=90575"}],"curies":[{"name":"wp","href":"https:\/\/api.w.org\/{rel}","templated":true}]}}