{"id":90583,"date":"2026-02-26T09:48:31","date_gmt":"2026-02-26T07:48:31","guid":{"rendered":"https:\/\/kidsplay.lt\/produktas\/sodo-namelis-su-stalu-ir-kedemis-super-vila\/"},"modified":"2026-02-26T20:56:48","modified_gmt":"2026-02-26T18:56:48","slug":"sodo-namelis-su-stalu-ir-kedemis-super-vila","status":"publish","type":"product","link":"https:\/\/kidsplay.lt\/lv\/products\/sodo-namelis-su-stalu-ir-kedemis-super-vila\/","title":{"rendered":"Sodo namelis su stalu ir k\u0117d\u0117mis &#8211; Super Vila"},"content":{"rendered":"<p>Did\u017eiausias ir \u017eaismingiausias namas, turintis didel\u0119 vidin\u0119 erdv\u0119 \u017eaidimams dviejose auk\u0161\u010dio zonose. Priekin\u0117s durys turi ang\u0105, kuri veikia kaip lai\u0161k\u0173 d\u0117\u017eut\u0117, be to, prie dur\u0173 yra skambutis. Namelis turi plyt\u0173 ir g\u0117li\u0173 ra\u0161tus ant sien\u0173. Namelyje taip pat yra stalas ir du suolai pasis\u0117d\u0117jimui. Visa tai pagaminta i\u0161 spalvoto plastiko, atsparaus saul\u0117s spinduliams ir temperat\u016brai. Super Villa namel\u012f itin lengva surinkti.<\/p>\n<p>&#8211; Skambutis prie dur\u0173,<br \/>\n&#8211; skirtas vaikams\u00a0nuo 3 met\u0173,<br \/>\n&#8211; pus\u0117 dur\u0173 su skyle lai\u0161kams,<br \/>\n&#8211; stalas ir du suolai s\u0117d\u0117jimui,<br \/>\n&#8211; langai su atidaromomis langin\u0117mis,<br \/>\n&#8211; \u0161viesus ir labai erdvus interjeras \u017eaidimams,<br \/>\n&#8211;\u00a0Anti UV\u00a0danga\u00a0,<br \/>\n&#8211; itin lengva surinkti.<\/p>","protected":false},"excerpt":{"rendered":"<p>Did\u017eiausias ir \u017eaismingiausias namas, turintis didel\u0119 vidin\u0119 erdv\u0119 \u017eaidimams dviejose auk\u0161\u010dio zonose. Priekin\u0117s durys turi ang\u0105, kuri veikia kaip lai\u0161k\u0173<\/p>","protected":false},"featured_media":52940,"template":"","meta":{"_acf_changed":false,"_glsr_average":0,"_glsr_ranking":0,"_glsr_reviews":0},"product_brand":[],"product_cat":[233,234],"product_tag":[],"class_list":{"0":"post-90583","1":"product","2":"type-product","3":"status-publish","4":"has-post-thumbnail","6":"product_cat-lauko-pramogos","7":"product_cat-vaikiski-nameliai","8":"\"style=\"background-color: #2ecc711c;\"","10":"first","11":"outofstock","12":"purchasable","13":"product-type-simple"},"acf":[],"yoast_head":"<!-- This site is optimized with the Yoast SEO plugin v27.4 - https:\/\/yoast.com\/product\/yoast-seo-wordpress\/ -->\n<title>Sodo namelis su stalu ir k\u0117d\u0117mis &#8211; Super Vila<\/title>\n<meta name=\"description\" content=\"Did\u017eiausias namas, turintis didel\u0119 vidin\u0119 erdv\u0119 \u017eaidimams dviejose auk\u0161\u010dio zonose. Priekin\u0117s durys turi ang\u0105, kuri veikia kaip lai\u0161k\u0173 d\u0117\u017eut\u0117.\" \/>\n<meta name=\"robots\" content=\"index, follow, max-snippet:-1, max-image-preview:large, max-video-preview:-1\" \/>\n<link rel=\"canonical\" href=\"https:\/\/kidsplay.lt\/lv\/products\/sodo-namelis-su-stalu-ir-kedemis-super-vila\/\" \/>\n<meta property=\"og:locale\" content=\"lv_LV\" \/>\n<meta property=\"og:type\" content=\"article\" \/>\n<meta property=\"og:title\" content=\"Sodo namelis su stalu ir k\u0117d\u0117mis &#8211; Super Vila\" \/>\n<meta property=\"og:description\" content=\"Did\u017eiausias namas, turintis didel\u0119 vidin\u0119 erdv\u0119 \u017eaidimams dviejose auk\u0161\u010dio zonose. Priekin\u0117s durys turi ang\u0105, kuri veikia kaip lai\u0161k\u0173 d\u0117\u017eut\u0117.\" \/>\n<meta property=\"og:url\" content=\"https:\/\/kidsplay.lt\/lv\/products\/sodo-namelis-su-stalu-ir-kedemis-super-vila\/\" \/>\n<meta property=\"og:site_name\" content=\"KidsPlay\" \/>\n<meta property=\"article:publisher\" content=\"https:\/\/www.facebook.com\/www.kidsplay.lt\" \/>\n<meta property=\"article:modified_time\" content=\"2026-02-26T18:56:48+00:00\" \/>\n<meta property=\"og:image\" content=\"https:\/\/kidsplay.lt\/wp-content\/uploads\/2024\/09\/Sodo-namelis-su-stalu-ir-kedemis-\u2013-Super-Vila.jpg\" \/>\n\t<meta property=\"og:image:width\" content=\"756\" \/>\n\t<meta property=\"og:image:height\" content=\"756\" \/>\n\t<meta property=\"og:image:type\" content=\"image\/jpeg\" \/>\n<meta name=\"twitter:card\" content=\"summary_large_image\" \/>\n<meta name=\"twitter:label1\" content=\"Est. reading time\" \/>\n\t<meta name=\"twitter:data1\" content=\"1 min\u016bte\" \/>\n<script type=\"application\/ld+json\" class=\"yoast-schema-graph\">{\"@context\":\"https:\\\/\\\/schema.org\",\"@graph\":[{\"@type\":\"WebPage\",\"@id\":\"https:\\\/\\\/kidsplay.lt\\\/produktas\\\/sodo-namelis-su-stalu-ir-kedemis-super-vila\\\/\",\"url\":\"https:\\\/\\\/kidsplay.lt\\\/produktas\\\/sodo-namelis-su-stalu-ir-kedemis-super-vila\\\/\",\"name\":\"Sodo namelis su stalu ir k\u0117d\u0117mis &#8211; Super Vila\",\"isPartOf\":{\"@id\":\"https:\\\/\\\/kidsplay.lt\\\/#website\"},\"primaryImageOfPage\":{\"@id\":\"https:\\\/\\\/kidsplay.lt\\\/produktas\\\/sodo-namelis-su-stalu-ir-kedemis-super-vila\\\/#primaryimage\"},\"image\":{\"@id\":\"https:\\\/\\\/kidsplay.lt\\\/produktas\\\/sodo-namelis-su-stalu-ir-kedemis-super-vila\\\/#primaryimage\"},\"thumbnailUrl\":\"https:\\\/\\\/kidsplay.lt\\\/wp-content\\\/uploads\\\/2024\\\/09\\\/Sodo-namelis-su-stalu-ir-kedemis-\u2013-Super-Vila.jpg\",\"datePublished\":\"2026-02-26T07:48:31+00:00\",\"dateModified\":\"2026-02-26T18:56:48+00:00\",\"description\":\"Did\u017eiausias namas, turintis didel\u0119 vidin\u0119 erdv\u0119 \u017eaidimams dviejose auk\u0161\u010dio zonose. Priekin\u0117s durys turi ang\u0105, kuri veikia kaip lai\u0161k\u0173 d\u0117\u017eut\u0117.\",\"breadcrumb\":{\"@id\":\"https:\\\/\\\/kidsplay.lt\\\/produktas\\\/sodo-namelis-su-stalu-ir-kedemis-super-vila\\\/#breadcrumb\"},\"inLanguage\":\"lv-LV\",\"potentialAction\":[{\"@type\":\"ReadAction\",\"target\":[\"https:\\\/\\\/kidsplay.lt\\\/produktas\\\/sodo-namelis-su-stalu-ir-kedemis-super-vila\\\/\"]}]},{\"@type\":\"ImageObject\",\"inLanguage\":\"lv-LV\",\"@id\":\"https:\\\/\\\/kidsplay.lt\\\/produktas\\\/sodo-namelis-su-stalu-ir-kedemis-super-vila\\\/#primaryimage\",\"url\":\"https:\\\/\\\/kidsplay.lt\\\/wp-content\\\/uploads\\\/2024\\\/09\\\/Sodo-namelis-su-stalu-ir-kedemis-\u2013-Super-Vila.jpg\",\"contentUrl\":\"https:\\\/\\\/kidsplay.lt\\\/wp-content\\\/uploads\\\/2024\\\/09\\\/Sodo-namelis-su-stalu-ir-kedemis-\u2013-Super-Vila.jpg\",\"width\":756,\"height\":756,\"caption\":\"Sodo namelis su stalu ir k\u0117d\u0117mis &#8211; Super Vila\"},{\"@type\":\"BreadcrumbList\",\"@id\":\"https:\\\/\\\/kidsplay.lt\\\/produktas\\\/sodo-namelis-su-stalu-ir-kedemis-super-vila\\\/#breadcrumb\",\"itemListElement\":[{\"@type\":\"ListItem\",\"position\":1,\"name\":\"Pagrindinis\",\"item\":\"https:\\\/\\\/kidsplay.lt\\\/\"},{\"@type\":\"ListItem\",\"position\":2,\"name\":\"Parduotuv\u0117\",\"item\":\"https:\\\/\\\/kidsplay.lt\\\/parduotuve\\\/\"},{\"@type\":\"ListItem\",\"position\":3,\"name\":\"Sodo namelis su stalu ir k\u0117d\u0117mis &#8211; Super Vila\"}]},{\"@type\":\"WebSite\",\"@id\":\"https:\\\/\\\/kidsplay.lt\\\/#website\",\"url\":\"https:\\\/\\\/kidsplay.lt\\\/\",\"name\":\"Kidsplay.lt\",\"description\":\"\u012evairios prek\u0117s vaikams\",\"publisher\":{\"@id\":\"https:\\\/\\\/kidsplay.lt\\\/#organization\"},\"alternateName\":\"Kidsplay\",\"potentialAction\":[{\"@type\":\"SearchAction\",\"target\":{\"@type\":\"EntryPoint\",\"urlTemplate\":\"https:\\\/\\\/kidsplay.lt\\\/?s={search_term_string}\"},\"query-input\":{\"@type\":\"PropertyValueSpecification\",\"valueRequired\":true,\"valueName\":\"search_term_string\"}}],\"inLanguage\":\"lv-LV\"},{\"@type\":\"Organization\",\"@id\":\"https:\\\/\\\/kidsplay.lt\\\/#organization\",\"name\":\"KidsPlay\",\"url\":\"https:\\\/\\\/kidsplay.lt\\\/\",\"logo\":{\"@type\":\"ImageObject\",\"inLanguage\":\"lv-LV\",\"@id\":\"https:\\\/\\\/kidsplay.lt\\\/#\\\/schema\\\/logo\\\/image\\\/\",\"url\":\"https:\\\/\\\/kidsplay.lt\\\/wp-content\\\/uploads\\\/2023\\\/07\\\/kidsplay-logo.png\",\"contentUrl\":\"https:\\\/\\\/kidsplay.lt\\\/wp-content\\\/uploads\\\/2023\\\/07\\\/kidsplay-logo.png\",\"width\":451,\"height\":98,\"caption\":\"KidsPlay\"},\"image\":{\"@id\":\"https:\\\/\\\/kidsplay.lt\\\/#\\\/schema\\\/logo\\\/image\\\/\"},\"sameAs\":[\"https:\\\/\\\/www.facebook.com\\\/www.kidsplay.lt\"]}]}<\/script>\n<!-- \/ Yoast SEO plugin. -->","yoast_head_json":{"title":"Sodo namelis su stalu ir k\u0117d\u0117mis &#8211; Super Vila","description":"Did\u017eiausias namas, turintis didel\u0119 vidin\u0119 erdv\u0119 \u017eaidimams dviejose auk\u0161\u010dio zonose. Priekin\u0117s durys turi ang\u0105, kuri veikia kaip lai\u0161k\u0173 d\u0117\u017eut\u0117.","robots":{"index":"index","follow":"follow","max-snippet":"max-snippet:-1","max-image-preview":"max-image-preview:large","max-video-preview":"max-video-preview:-1"},"canonical":"https:\/\/kidsplay.lt\/lv\/products\/sodo-namelis-su-stalu-ir-kedemis-super-vila\/","og_locale":"lv_LV","og_type":"article","og_title":"Sodo namelis su stalu ir k\u0117d\u0117mis &#8211; Super Vila","og_description":"Did\u017eiausias namas, turintis didel\u0119 vidin\u0119 erdv\u0119 \u017eaidimams dviejose auk\u0161\u010dio zonose. Priekin\u0117s durys turi ang\u0105, kuri veikia kaip lai\u0161k\u0173 d\u0117\u017eut\u0117.","og_url":"https:\/\/kidsplay.lt\/lv\/products\/sodo-namelis-su-stalu-ir-kedemis-super-vila\/","og_site_name":"KidsPlay","article_publisher":"https:\/\/www.facebook.com\/www.kidsplay.lt","article_modified_time":"2026-02-26T18:56:48+00:00","og_image":[{"width":756,"height":756,"url":"https:\/\/kidsplay.lt\/wp-content\/uploads\/2024\/09\/Sodo-namelis-su-stalu-ir-kedemis-\u2013-Super-Vila.jpg","type":"image\/jpeg"}],"twitter_card":"summary_large_image","twitter_misc":{"Est. reading time":"1 min\u016bte"},"schema":{"@context":"https:\/\/schema.org","@graph":[{"@type":"WebPage","@id":"https:\/\/kidsplay.lt\/produktas\/sodo-namelis-su-stalu-ir-kedemis-super-vila\/","url":"https:\/\/kidsplay.lt\/produktas\/sodo-namelis-su-stalu-ir-kedemis-super-vila\/","name":"Sodo namelis su stalu ir k\u0117d\u0117mis &#8211; Super Vila","isPartOf":{"@id":"https:\/\/kidsplay.lt\/#website"},"primaryImageOfPage":{"@id":"https:\/\/kidsplay.lt\/produktas\/sodo-namelis-su-stalu-ir-kedemis-super-vila\/#primaryimage"},"image":{"@id":"https:\/\/kidsplay.lt\/produktas\/sodo-namelis-su-stalu-ir-kedemis-super-vila\/#primaryimage"},"thumbnailUrl":"https:\/\/kidsplay.lt\/wp-content\/uploads\/2024\/09\/Sodo-namelis-su-stalu-ir-kedemis-\u2013-Super-Vila.jpg","datePublished":"2026-02-26T07:48:31+00:00","dateModified":"2026-02-26T18:56:48+00:00","description":"Did\u017eiausias namas, turintis didel\u0119 vidin\u0119 erdv\u0119 \u017eaidimams dviejose auk\u0161\u010dio zonose. Priekin\u0117s durys turi ang\u0105, kuri veikia kaip lai\u0161k\u0173 d\u0117\u017eut\u0117.","breadcrumb":{"@id":"https:\/\/kidsplay.lt\/produktas\/sodo-namelis-su-stalu-ir-kedemis-super-vila\/#breadcrumb"},"inLanguage":"lv-LV","potentialAction":[{"@type":"ReadAction","target":["https:\/\/kidsplay.lt\/produktas\/sodo-namelis-su-stalu-ir-kedemis-super-vila\/"]}]},{"@type":"ImageObject","inLanguage":"lv-LV","@id":"https:\/\/kidsplay.lt\/produktas\/sodo-namelis-su-stalu-ir-kedemis-super-vila\/#primaryimage","url":"https:\/\/kidsplay.lt\/wp-content\/uploads\/2024\/09\/Sodo-namelis-su-stalu-ir-kedemis-\u2013-Super-Vila.jpg","contentUrl":"https:\/\/kidsplay.lt\/wp-content\/uploads\/2024\/09\/Sodo-namelis-su-stalu-ir-kedemis-\u2013-Super-Vila.jpg","width":756,"height":756,"caption":"Sodo namelis su stalu ir k\u0117d\u0117mis &#8211; Super Vila"},{"@type":"BreadcrumbList","@id":"https:\/\/kidsplay.lt\/produktas\/sodo-namelis-su-stalu-ir-kedemis-super-vila\/#breadcrumb","itemListElement":[{"@type":"ListItem","position":1,"name":"Pagrindinis","item":"https:\/\/kidsplay.lt\/"},{"@type":"ListItem","position":2,"name":"Parduotuv\u0117","item":"https:\/\/kidsplay.lt\/parduotuve\/"},{"@type":"ListItem","position":3,"name":"Sodo namelis su stalu ir k\u0117d\u0117mis &#8211; Super Vila"}]},{"@type":"WebSite","@id":"https:\/\/kidsplay.lt\/#website","url":"https:\/\/kidsplay.lt\/","name":"B\u0113rnu sp\u0113les.lv","description":"\u012evairios prek\u0117s vaikams","publisher":{"@id":"https:\/\/kidsplay.lt\/#organization"},"alternateName":"Kidsplay","potentialAction":[{"@type":"SearchAction","target":{"@type":"EntryPoint","urlTemplate":"https:\/\/kidsplay.lt\/?s={search_term_string}"},"query-input":{"@type":"PropertyValueSpecification","valueRequired":true,"valueName":"search_term_string"}}],"inLanguage":"lv-LV"},{"@type":"Organization","@id":"https:\/\/kidsplay.lt\/#organization","name":"B\u0113rnu sp\u0113le","url":"https:\/\/kidsplay.lt\/","logo":{"@type":"ImageObject","inLanguage":"lv-LV","@id":"https:\/\/kidsplay.lt\/#\/schema\/logo\/image\/","url":"https:\/\/kidsplay.lt\/wp-content\/uploads\/2023\/07\/kidsplay-logo.png","contentUrl":"https:\/\/kidsplay.lt\/wp-content\/uploads\/2023\/07\/kidsplay-logo.png","width":451,"height":98,"caption":"KidsPlay"},"image":{"@id":"https:\/\/kidsplay.lt\/#\/schema\/logo\/image\/"},"sameAs":["https:\/\/www.facebook.com\/www.kidsplay.lt"]}]}},"_links":{"self":[{"href":"https:\/\/kidsplay.lt\/lv\/wp-json\/wp\/v2\/product\/90583","targetHints":{"allow":["GET"]}}],"collection":[{"href":"https:\/\/kidsplay.lt\/lv\/wp-json\/wp\/v2\/product"}],"about":[{"href":"https:\/\/kidsplay.lt\/lv\/wp-json\/wp\/v2\/types\/product"}],"version-history":[{"count":1,"href":"https:\/\/kidsplay.lt\/lv\/wp-json\/wp\/v2\/product\/90583\/revisions"}],"predecessor-version":[{"id":90584,"href":"https:\/\/kidsplay.lt\/lv\/wp-json\/wp\/v2\/product\/90583\/revisions\/90584"}],"wp:featuredmedia":[{"embeddable":true,"href":"https:\/\/kidsplay.lt\/lv\/wp-json\/wp\/v2\/media\/52940"}],"wp:attachment":[{"href":"https:\/\/kidsplay.lt\/lv\/wp-json\/wp\/v2\/media?parent=90583"}],"wp:term":[{"taxonomy":"product_brand","embeddable":true,"href":"https:\/\/kidsplay.lt\/lv\/wp-json\/wp\/v2\/product_brand?post=90583"},{"taxonomy":"product_cat","embeddable":true,"href":"https:\/\/kidsplay.lt\/lv\/wp-json\/wp\/v2\/product_cat?post=90583"},{"taxonomy":"product_tag","embeddable":true,"href":"https:\/\/kidsplay.lt\/lv\/wp-json\/wp\/v2\/product_tag?post=90583"}],"curies":[{"name":"wp","href":"https:\/\/api.w.org\/{rel}","templated":true}]}}