{"id":90585,"date":"2026-02-26T09:48:34","date_gmt":"2026-02-26T07:48:34","guid":{"rendered":"https:\/\/kidsplay.lt\/produktas\/daugiafunkcinis-namas-su-zaidimais-6in1\/"},"modified":"2026-04-07T11:01:04","modified_gmt":"2026-04-07T08:01:04","slug":"daugiafunkcinis-namas-su-zaidimais-6in1","status":"publish","type":"product","link":"https:\/\/kidsplay.lt\/lv\/products\/daugiafunkcinis-namas-su-zaidimais-6in1\/","title":{"rendered":"Daugiafunkcinis namas su \u017eaidimais 6in1"},"content":{"rendered":"<p>Namelis 6in1 su pritvirtintais \u017eaidimais yra pirmasis namelis, prie kurio yra 6 \u017eaidimai, tod\u0117l j\u016bs\u0173 ma\u017eylis ne\u017einos, kas yra nuobodulys! Rinkinyje yra tokie \u017eaidimai kaip\u00a0boulingas, raket\u0117s, futbolas, krep\u0161inis (su reguliuojamu krep\u0161iu) ir kamuoliuk\u0173 diskas. Kai linksmyb\u0117s baigsis, visk\u0105 galima surinkti ir neliks jokios netvarkos! \u017daidim\u0173 namelis yra tvirtos konstrukcijos ir labai lengvai surenkamas. Papildomai \u012frengta apsaugos nuo UV spinduli\u0173 sistema, apsauganti spalv\u0105 nuo i\u0161blukimo. Tinka\u00a0vyresniems nei 3\u00a0met\u0173 vaikams.<br \/>\n&#8211; Skirtas\u00a0vyresniems nei 3\u00a0met\u0173 vaikams<br \/>\n&#8211; \u012f rinkin\u012f \u012feina \u017eaidimai: krep\u0161inio, futbolo, velkro kamuoliuk\u0173 diskai, raket\u0117s \u017eaidimai,<br \/>\n&#8211; \u012frengta apsaugos nuo UV spinduli\u0173 sistema, apsauganti spalv\u0105 nuo i\u0161blukimo<br \/>\n&#8211; lengva surinkti<br \/>\n&#8211; \u017eaidim\u0173 namel\u012f galima sulankstyti, kad b\u016bt\u0173 patogu laikyti<\/p>","protected":false},"excerpt":{"rendered":"<p>Namelis 6in1 su pritvirtintais \u017eaidimais yra pirmasis namelis, prie kurio yra 6 \u017eaidimai, tod\u0117l j\u016bs\u0173 ma\u017eylis ne\u017einos, kas yra nuobodulys!<\/p>","protected":false},"featured_media":52945,"template":"","meta":{"_acf_changed":false,"_glsr_average":0,"_glsr_ranking":0,"_glsr_reviews":0},"product_brand":[],"product_cat":[233,234],"product_tag":[],"class_list":{"0":"post-90585","1":"product","2":"type-product","3":"status-publish","4":"has-post-thumbnail","6":"product_cat-lauko-pramogos","7":"product_cat-vaikiski-nameliai","8":"\"style=\"background-color: #2ecc711c;\"","10":"first","11":"instock","12":"purchasable","13":"product-type-simple"},"acf":[],"yoast_head":"<!-- This site is optimized with the Yoast SEO plugin v27.3 - https:\/\/yoast.com\/product\/yoast-seo-wordpress\/ -->\n<title>Daugiafunkcinis namas su \u017eaidimais 6in1<\/title>\n<meta name=\"description\" content=\"Namelis 6in1 su pritvirtintais \u017eaidimais yra pirmasis namelis, prie kurio yra 6 \u017eaidimai, tod\u0117l j\u016bs\u0173 ma\u017eylis ne\u017einos, kas yra nuobodulys.\" \/>\n<meta name=\"robots\" content=\"index, follow, max-snippet:-1, max-image-preview:large, max-video-preview:-1\" \/>\n<link rel=\"canonical\" href=\"https:\/\/kidsplay.lt\/lv\/products\/daugiafunkcinis-namas-su-zaidimais-6in1\/\" \/>\n<meta property=\"og:locale\" content=\"lv_LV\" \/>\n<meta property=\"og:type\" content=\"article\" \/>\n<meta property=\"og:title\" content=\"Daugiafunkcinis namas su \u017eaidimais 6in1\" \/>\n<meta property=\"og:description\" content=\"Namelis 6in1 su pritvirtintais \u017eaidimais yra pirmasis namelis, prie kurio yra 6 \u017eaidimai, tod\u0117l j\u016bs\u0173 ma\u017eylis ne\u017einos, kas yra nuobodulys.\" \/>\n<meta property=\"og:url\" content=\"https:\/\/kidsplay.lt\/lv\/products\/daugiafunkcinis-namas-su-zaidimais-6in1\/\" \/>\n<meta property=\"og:site_name\" content=\"KidsPlay\" \/>\n<meta property=\"article:publisher\" content=\"https:\/\/www.facebook.com\/www.kidsplay.lt\" \/>\n<meta property=\"article:modified_time\" content=\"2026-04-07T08:01:04+00:00\" \/>\n<meta property=\"og:image\" content=\"https:\/\/kidsplay.lt\/wp-content\/uploads\/2024\/09\/Daugiafunkcinis-namas-su-zaidimais-6in1.jpg\" \/>\n\t<meta property=\"og:image:width\" content=\"1000\" \/>\n\t<meta property=\"og:image:height\" content=\"1000\" \/>\n\t<meta property=\"og:image:type\" content=\"image\/jpeg\" \/>\n<meta name=\"twitter:card\" content=\"summary_large_image\" \/>\n<meta name=\"twitter:label1\" content=\"Est. reading time\" \/>\n\t<meta name=\"twitter:data1\" content=\"1 min\u016bte\" \/>\n<script type=\"application\/ld+json\" class=\"yoast-schema-graph\">{\"@context\":\"https:\\\/\\\/schema.org\",\"@graph\":[{\"@type\":\"WebPage\",\"@id\":\"https:\\\/\\\/kidsplay.lt\\\/produktas\\\/daugiafunkcinis-namas-su-zaidimais-6in1\\\/\",\"url\":\"https:\\\/\\\/kidsplay.lt\\\/produktas\\\/daugiafunkcinis-namas-su-zaidimais-6in1\\\/\",\"name\":\"Daugiafunkcinis namas su \u017eaidimais 6in1\",\"isPartOf\":{\"@id\":\"https:\\\/\\\/kidsplay.lt\\\/#website\"},\"primaryImageOfPage\":{\"@id\":\"https:\\\/\\\/kidsplay.lt\\\/produktas\\\/daugiafunkcinis-namas-su-zaidimais-6in1\\\/#primaryimage\"},\"image\":{\"@id\":\"https:\\\/\\\/kidsplay.lt\\\/produktas\\\/daugiafunkcinis-namas-su-zaidimais-6in1\\\/#primaryimage\"},\"thumbnailUrl\":\"https:\\\/\\\/kidsplay.lt\\\/wp-content\\\/uploads\\\/2024\\\/09\\\/Daugiafunkcinis-namas-su-zaidimais-6in1.jpg\",\"datePublished\":\"2026-02-26T07:48:34+00:00\",\"dateModified\":\"2026-04-07T08:01:04+00:00\",\"description\":\"Namelis 6in1 su pritvirtintais \u017eaidimais yra pirmasis namelis, prie kurio yra 6 \u017eaidimai, tod\u0117l j\u016bs\u0173 ma\u017eylis ne\u017einos, kas yra nuobodulys.\",\"breadcrumb\":{\"@id\":\"https:\\\/\\\/kidsplay.lt\\\/produktas\\\/daugiafunkcinis-namas-su-zaidimais-6in1\\\/#breadcrumb\"},\"inLanguage\":\"lv-LV\",\"potentialAction\":[{\"@type\":\"ReadAction\",\"target\":[\"https:\\\/\\\/kidsplay.lt\\\/produktas\\\/daugiafunkcinis-namas-su-zaidimais-6in1\\\/\"]}]},{\"@type\":\"ImageObject\",\"inLanguage\":\"lv-LV\",\"@id\":\"https:\\\/\\\/kidsplay.lt\\\/produktas\\\/daugiafunkcinis-namas-su-zaidimais-6in1\\\/#primaryimage\",\"url\":\"https:\\\/\\\/kidsplay.lt\\\/wp-content\\\/uploads\\\/2024\\\/09\\\/Daugiafunkcinis-namas-su-zaidimais-6in1.jpg\",\"contentUrl\":\"https:\\\/\\\/kidsplay.lt\\\/wp-content\\\/uploads\\\/2024\\\/09\\\/Daugiafunkcinis-namas-su-zaidimais-6in1.jpg\",\"width\":1000,\"height\":1000,\"caption\":\"Daugiafunkcinis namas su \u017eaidimais 6in1\"},{\"@type\":\"BreadcrumbList\",\"@id\":\"https:\\\/\\\/kidsplay.lt\\\/produktas\\\/daugiafunkcinis-namas-su-zaidimais-6in1\\\/#breadcrumb\",\"itemListElement\":[{\"@type\":\"ListItem\",\"position\":1,\"name\":\"Pagrindinis\",\"item\":\"https:\\\/\\\/kidsplay.lt\\\/\"},{\"@type\":\"ListItem\",\"position\":2,\"name\":\"Parduotuv\u0117\",\"item\":\"https:\\\/\\\/kidsplay.lt\\\/parduotuve\\\/\"},{\"@type\":\"ListItem\",\"position\":3,\"name\":\"Daugiafunkcinis namas su \u017eaidimais 6in1\"}]},{\"@type\":\"WebSite\",\"@id\":\"https:\\\/\\\/kidsplay.lt\\\/#website\",\"url\":\"https:\\\/\\\/kidsplay.lt\\\/\",\"name\":\"Kidsplay.lt\",\"description\":\"\u012evairios prek\u0117s vaikams\",\"publisher\":{\"@id\":\"https:\\\/\\\/kidsplay.lt\\\/#organization\"},\"alternateName\":\"Kidsplay\",\"potentialAction\":[{\"@type\":\"SearchAction\",\"target\":{\"@type\":\"EntryPoint\",\"urlTemplate\":\"https:\\\/\\\/kidsplay.lt\\\/?s={search_term_string}\"},\"query-input\":{\"@type\":\"PropertyValueSpecification\",\"valueRequired\":true,\"valueName\":\"search_term_string\"}}],\"inLanguage\":\"lv-LV\"},{\"@type\":\"Organization\",\"@id\":\"https:\\\/\\\/kidsplay.lt\\\/#organization\",\"name\":\"KidsPlay\",\"url\":\"https:\\\/\\\/kidsplay.lt\\\/\",\"logo\":{\"@type\":\"ImageObject\",\"inLanguage\":\"lv-LV\",\"@id\":\"https:\\\/\\\/kidsplay.lt\\\/#\\\/schema\\\/logo\\\/image\\\/\",\"url\":\"https:\\\/\\\/kidsplay.lt\\\/wp-content\\\/uploads\\\/2023\\\/07\\\/kidsplay-logo.png\",\"contentUrl\":\"https:\\\/\\\/kidsplay.lt\\\/wp-content\\\/uploads\\\/2023\\\/07\\\/kidsplay-logo.png\",\"width\":451,\"height\":98,\"caption\":\"KidsPlay\"},\"image\":{\"@id\":\"https:\\\/\\\/kidsplay.lt\\\/#\\\/schema\\\/logo\\\/image\\\/\"},\"sameAs\":[\"https:\\\/\\\/www.facebook.com\\\/www.kidsplay.lt\"]}]}<\/script>\n<!-- \/ Yoast SEO plugin. -->","yoast_head_json":{"title":"Daugiafunkcinis namas su \u017eaidimais 6in1","description":"Namelis 6in1 su pritvirtintais \u017eaidimais yra pirmasis namelis, prie kurio yra 6 \u017eaidimai, tod\u0117l j\u016bs\u0173 ma\u017eylis ne\u017einos, kas yra nuobodulys.","robots":{"index":"index","follow":"follow","max-snippet":"max-snippet:-1","max-image-preview":"max-image-preview:large","max-video-preview":"max-video-preview:-1"},"canonical":"https:\/\/kidsplay.lt\/lv\/products\/daugiafunkcinis-namas-su-zaidimais-6in1\/","og_locale":"lv_LV","og_type":"article","og_title":"Daugiafunkcinis namas su \u017eaidimais 6in1","og_description":"Namelis 6in1 su pritvirtintais \u017eaidimais yra pirmasis namelis, prie kurio yra 6 \u017eaidimai, tod\u0117l j\u016bs\u0173 ma\u017eylis ne\u017einos, kas yra nuobodulys.","og_url":"https:\/\/kidsplay.lt\/lv\/products\/daugiafunkcinis-namas-su-zaidimais-6in1\/","og_site_name":"KidsPlay","article_publisher":"https:\/\/www.facebook.com\/www.kidsplay.lt","article_modified_time":"2026-04-07T08:01:04+00:00","og_image":[{"width":1000,"height":1000,"url":"https:\/\/kidsplay.lt\/wp-content\/uploads\/2024\/09\/Daugiafunkcinis-namas-su-zaidimais-6in1.jpg","type":"image\/jpeg"}],"twitter_card":"summary_large_image","twitter_misc":{"Est. reading time":"1 min\u016bte"},"schema":{"@context":"https:\/\/schema.org","@graph":[{"@type":"WebPage","@id":"https:\/\/kidsplay.lt\/produktas\/daugiafunkcinis-namas-su-zaidimais-6in1\/","url":"https:\/\/kidsplay.lt\/produktas\/daugiafunkcinis-namas-su-zaidimais-6in1\/","name":"Daugiafunkcinis namas su \u017eaidimais 6in1","isPartOf":{"@id":"https:\/\/kidsplay.lt\/#website"},"primaryImageOfPage":{"@id":"https:\/\/kidsplay.lt\/produktas\/daugiafunkcinis-namas-su-zaidimais-6in1\/#primaryimage"},"image":{"@id":"https:\/\/kidsplay.lt\/produktas\/daugiafunkcinis-namas-su-zaidimais-6in1\/#primaryimage"},"thumbnailUrl":"https:\/\/kidsplay.lt\/wp-content\/uploads\/2024\/09\/Daugiafunkcinis-namas-su-zaidimais-6in1.jpg","datePublished":"2026-02-26T07:48:34+00:00","dateModified":"2026-04-07T08:01:04+00:00","description":"Namelis 6in1 su pritvirtintais \u017eaidimais yra pirmasis namelis, prie kurio yra 6 \u017eaidimai, tod\u0117l j\u016bs\u0173 ma\u017eylis ne\u017einos, kas yra nuobodulys.","breadcrumb":{"@id":"https:\/\/kidsplay.lt\/produktas\/daugiafunkcinis-namas-su-zaidimais-6in1\/#breadcrumb"},"inLanguage":"lv-LV","potentialAction":[{"@type":"ReadAction","target":["https:\/\/kidsplay.lt\/produktas\/daugiafunkcinis-namas-su-zaidimais-6in1\/"]}]},{"@type":"ImageObject","inLanguage":"lv-LV","@id":"https:\/\/kidsplay.lt\/produktas\/daugiafunkcinis-namas-su-zaidimais-6in1\/#primaryimage","url":"https:\/\/kidsplay.lt\/wp-content\/uploads\/2024\/09\/Daugiafunkcinis-namas-su-zaidimais-6in1.jpg","contentUrl":"https:\/\/kidsplay.lt\/wp-content\/uploads\/2024\/09\/Daugiafunkcinis-namas-su-zaidimais-6in1.jpg","width":1000,"height":1000,"caption":"Daugiafunkcinis namas su \u017eaidimais 6in1"},{"@type":"BreadcrumbList","@id":"https:\/\/kidsplay.lt\/produktas\/daugiafunkcinis-namas-su-zaidimais-6in1\/#breadcrumb","itemListElement":[{"@type":"ListItem","position":1,"name":"Pagrindinis","item":"https:\/\/kidsplay.lt\/"},{"@type":"ListItem","position":2,"name":"Parduotuv\u0117","item":"https:\/\/kidsplay.lt\/parduotuve\/"},{"@type":"ListItem","position":3,"name":"Daugiafunkcinis namas su \u017eaidimais 6in1"}]},{"@type":"WebSite","@id":"https:\/\/kidsplay.lt\/#website","url":"https:\/\/kidsplay.lt\/","name":"B\u0113rnu sp\u0113les.lv","description":"\u012evairios prek\u0117s vaikams","publisher":{"@id":"https:\/\/kidsplay.lt\/#organization"},"alternateName":"Kidsplay","potentialAction":[{"@type":"SearchAction","target":{"@type":"EntryPoint","urlTemplate":"https:\/\/kidsplay.lt\/?s={search_term_string}"},"query-input":{"@type":"PropertyValueSpecification","valueRequired":true,"valueName":"search_term_string"}}],"inLanguage":"lv-LV"},{"@type":"Organization","@id":"https:\/\/kidsplay.lt\/#organization","name":"B\u0113rnu sp\u0113le","url":"https:\/\/kidsplay.lt\/","logo":{"@type":"ImageObject","inLanguage":"lv-LV","@id":"https:\/\/kidsplay.lt\/#\/schema\/logo\/image\/","url":"https:\/\/kidsplay.lt\/wp-content\/uploads\/2023\/07\/kidsplay-logo.png","contentUrl":"https:\/\/kidsplay.lt\/wp-content\/uploads\/2023\/07\/kidsplay-logo.png","width":451,"height":98,"caption":"KidsPlay"},"image":{"@id":"https:\/\/kidsplay.lt\/#\/schema\/logo\/image\/"},"sameAs":["https:\/\/www.facebook.com\/www.kidsplay.lt"]}]}},"_links":{"self":[{"href":"https:\/\/kidsplay.lt\/lv\/wp-json\/wp\/v2\/product\/90585","targetHints":{"allow":["GET"]}}],"collection":[{"href":"https:\/\/kidsplay.lt\/lv\/wp-json\/wp\/v2\/product"}],"about":[{"href":"https:\/\/kidsplay.lt\/lv\/wp-json\/wp\/v2\/types\/product"}],"version-history":[{"count":1,"href":"https:\/\/kidsplay.lt\/lv\/wp-json\/wp\/v2\/product\/90585\/revisions"}],"predecessor-version":[{"id":90586,"href":"https:\/\/kidsplay.lt\/lv\/wp-json\/wp\/v2\/product\/90585\/revisions\/90586"}],"wp:featuredmedia":[{"embeddable":true,"href":"https:\/\/kidsplay.lt\/lv\/wp-json\/wp\/v2\/media\/52945"}],"wp:attachment":[{"href":"https:\/\/kidsplay.lt\/lv\/wp-json\/wp\/v2\/media?parent=90585"}],"wp:term":[{"taxonomy":"product_brand","embeddable":true,"href":"https:\/\/kidsplay.lt\/lv\/wp-json\/wp\/v2\/product_brand?post=90585"},{"taxonomy":"product_cat","embeddable":true,"href":"https:\/\/kidsplay.lt\/lv\/wp-json\/wp\/v2\/product_cat?post=90585"},{"taxonomy":"product_tag","embeddable":true,"href":"https:\/\/kidsplay.lt\/lv\/wp-json\/wp\/v2\/product_tag?post=90585"}],"curies":[{"name":"wp","href":"https:\/\/api.w.org\/{rel}","templated":true}]}}