{"id":90587,"date":"2026-02-26T09:48:36","date_gmt":"2026-02-26T07:48:36","guid":{"rendered":"https:\/\/kidsplay.lt\/produktas\/sodo-namelis-mergaitems-rozine\/"},"modified":"2026-04-13T15:26:25","modified_gmt":"2026-04-13T12:26:25","slug":"sodo-namelis-mergaitems-rozine","status":"publish","type":"product","link":"https:\/\/kidsplay.lt\/lv\/products\/sodo-namelis-mergaitems-rozine\/","title":{"rendered":"Sodo namelis mergait\u0117ms &#8211; Ro\u017ein\u0117"},"content":{"rendered":"<p>Sodo namelis\u00a0su erdviu interjeru, kuriame galima\u00a0k\u016brybi\u0161kai \u017eaisti. Pagamintas remiantis naujausiomis technologijomis ir auk\u0161\u010diausiais saugumo standartais. Priekin\u0117se duryse \u012frengta anga, kuri veikia kaip\u00a0pa\u0161to d\u0117\u017eut\u0117. Funkcionalus ir tikrovi\u0161kas namas pavasario tema. Visas pagamintas i\u0161 spalvoto plastiko,\u00a0atsparaus saul\u0117s spinduliams ir temperat\u016brai.<\/p>\n<p>&#8211; Atidaromos durys.<br \/>\n&#8211; Atidaromas pa\u0161to d\u0117\u017eut\u0117.<br \/>\n&#8211; Lengvas ir greitas surinkimas.<br \/>\n&#8211; Patvarus, stabilus ir atsparus.<br \/>\n&#8211; Viskas pagaminta i\u0161 atsparaus ir stabilaus plastiko su ANTI-UV danga, apsaugan\u010dia spalvas nuo i\u0161blukimo.<\/p>","protected":false},"excerpt":{"rendered":"<p>Sodo namelis\u00a0su erdviu interjeru, kuriame galima\u00a0k\u016brybi\u0161kai \u017eaisti. Pagamintas remiantis naujausiomis technologijomis ir auk\u0161\u010diausiais saugumo standartais. Priekin\u0117se duryse \u012frengta anga, kuri<\/p>","protected":false},"featured_media":52970,"template":"","meta":{"_acf_changed":false,"_glsr_average":0,"_glsr_ranking":0,"_glsr_reviews":0},"product_brand":[],"product_cat":[233,234],"product_tag":[],"class_list":{"0":"post-90587","1":"product","2":"type-product","3":"status-publish","4":"has-post-thumbnail","6":"product_cat-lauko-pramogos","7":"product_cat-vaikiski-nameliai","8":"\"style=\"background-color: #2ecc711c;\"","10":"first","11":"instock","12":"purchasable","13":"product-type-simple"},"acf":[],"yoast_head":"<!-- This site is optimized with the Yoast SEO plugin v27.4 - https:\/\/yoast.com\/product\/yoast-seo-wordpress\/ -->\n<title>Sodo namelis mergait\u0117ms &#8211; Ro\u017ein\u0117<\/title>\n<meta name=\"description\" content=\"Sodo namelis\u00a0su erdviu interjeru, kuriame galima\u00a0k\u016brybi\u0161kai \u017eaisti. Pagamintas remiantis naujausiomis technologijomis ir auk\u0161\u010diausiais saugumo standartais.\" \/>\n<meta name=\"robots\" content=\"index, follow, max-snippet:-1, max-image-preview:large, max-video-preview:-1\" \/>\n<link rel=\"canonical\" href=\"https:\/\/kidsplay.lt\/lv\/products\/sodo-namelis-mergaitems-rozine\/\" \/>\n<meta property=\"og:locale\" content=\"lv_LV\" \/>\n<meta property=\"og:type\" content=\"article\" \/>\n<meta property=\"og:title\" content=\"Sodo namelis mergait\u0117ms &#8211; Ro\u017ein\u0117\" \/>\n<meta property=\"og:description\" content=\"Sodo namelis\u00a0su erdviu interjeru, kuriame galima\u00a0k\u016brybi\u0161kai \u017eaisti. Pagamintas remiantis naujausiomis technologijomis ir auk\u0161\u010diausiais saugumo standartais.\" \/>\n<meta property=\"og:url\" content=\"https:\/\/kidsplay.lt\/lv\/products\/sodo-namelis-mergaitems-rozine\/\" \/>\n<meta property=\"og:site_name\" content=\"KidsPlay\" \/>\n<meta property=\"article:publisher\" content=\"https:\/\/www.facebook.com\/www.kidsplay.lt\" \/>\n<meta property=\"article:modified_time\" content=\"2026-04-13T12:26:25+00:00\" \/>\n<meta property=\"og:image\" content=\"https:\/\/kidsplay.lt\/wp-content\/uploads\/2024\/09\/Sodo-namelis-mergaitems-\u2013-Rozine.jpg\" \/>\n\t<meta property=\"og:image:width\" content=\"1000\" \/>\n\t<meta property=\"og:image:height\" content=\"1000\" \/>\n\t<meta property=\"og:image:type\" content=\"image\/jpeg\" \/>\n<meta name=\"twitter:card\" content=\"summary_large_image\" \/>\n<script type=\"application\/ld+json\" class=\"yoast-schema-graph\">{\"@context\":\"https:\\\/\\\/schema.org\",\"@graph\":[{\"@type\":\"WebPage\",\"@id\":\"https:\\\/\\\/kidsplay.lt\\\/produktas\\\/sodo-namelis-mergaitems-rozine\\\/\",\"url\":\"https:\\\/\\\/kidsplay.lt\\\/produktas\\\/sodo-namelis-mergaitems-rozine\\\/\",\"name\":\"Sodo namelis mergait\u0117ms &#8211; Ro\u017ein\u0117\",\"isPartOf\":{\"@id\":\"https:\\\/\\\/kidsplay.lt\\\/#website\"},\"primaryImageOfPage\":{\"@id\":\"https:\\\/\\\/kidsplay.lt\\\/produktas\\\/sodo-namelis-mergaitems-rozine\\\/#primaryimage\"},\"image\":{\"@id\":\"https:\\\/\\\/kidsplay.lt\\\/produktas\\\/sodo-namelis-mergaitems-rozine\\\/#primaryimage\"},\"thumbnailUrl\":\"https:\\\/\\\/kidsplay.lt\\\/wp-content\\\/uploads\\\/2024\\\/09\\\/Sodo-namelis-mergaitems-\u2013-Rozine.jpg\",\"datePublished\":\"2026-02-26T07:48:36+00:00\",\"dateModified\":\"2026-04-13T12:26:25+00:00\",\"description\":\"Sodo namelis\u00a0su erdviu interjeru, kuriame galima\u00a0k\u016brybi\u0161kai \u017eaisti. Pagamintas remiantis naujausiomis technologijomis ir auk\u0161\u010diausiais saugumo standartais.\",\"breadcrumb\":{\"@id\":\"https:\\\/\\\/kidsplay.lt\\\/produktas\\\/sodo-namelis-mergaitems-rozine\\\/#breadcrumb\"},\"inLanguage\":\"lv-LV\",\"potentialAction\":[{\"@type\":\"ReadAction\",\"target\":[\"https:\\\/\\\/kidsplay.lt\\\/produktas\\\/sodo-namelis-mergaitems-rozine\\\/\"]}]},{\"@type\":\"ImageObject\",\"inLanguage\":\"lv-LV\",\"@id\":\"https:\\\/\\\/kidsplay.lt\\\/produktas\\\/sodo-namelis-mergaitems-rozine\\\/#primaryimage\",\"url\":\"https:\\\/\\\/kidsplay.lt\\\/wp-content\\\/uploads\\\/2024\\\/09\\\/Sodo-namelis-mergaitems-\u2013-Rozine.jpg\",\"contentUrl\":\"https:\\\/\\\/kidsplay.lt\\\/wp-content\\\/uploads\\\/2024\\\/09\\\/Sodo-namelis-mergaitems-\u2013-Rozine.jpg\",\"width\":1000,\"height\":1000,\"caption\":\"Sodo namelis mergait\u0117ms &#8211; Ro\u017ein\u0117\"},{\"@type\":\"BreadcrumbList\",\"@id\":\"https:\\\/\\\/kidsplay.lt\\\/produktas\\\/sodo-namelis-mergaitems-rozine\\\/#breadcrumb\",\"itemListElement\":[{\"@type\":\"ListItem\",\"position\":1,\"name\":\"Pagrindinis\",\"item\":\"https:\\\/\\\/kidsplay.lt\\\/\"},{\"@type\":\"ListItem\",\"position\":2,\"name\":\"Parduotuv\u0117\",\"item\":\"https:\\\/\\\/kidsplay.lt\\\/parduotuve\\\/\"},{\"@type\":\"ListItem\",\"position\":3,\"name\":\"Sodo namelis mergait\u0117ms &#8211; Ro\u017ein\u0117\"}]},{\"@type\":\"WebSite\",\"@id\":\"https:\\\/\\\/kidsplay.lt\\\/#website\",\"url\":\"https:\\\/\\\/kidsplay.lt\\\/\",\"name\":\"Kidsplay.lt\",\"description\":\"\u012evairios prek\u0117s vaikams\",\"publisher\":{\"@id\":\"https:\\\/\\\/kidsplay.lt\\\/#organization\"},\"alternateName\":\"Kidsplay\",\"potentialAction\":[{\"@type\":\"SearchAction\",\"target\":{\"@type\":\"EntryPoint\",\"urlTemplate\":\"https:\\\/\\\/kidsplay.lt\\\/?s={search_term_string}\"},\"query-input\":{\"@type\":\"PropertyValueSpecification\",\"valueRequired\":true,\"valueName\":\"search_term_string\"}}],\"inLanguage\":\"lv-LV\"},{\"@type\":\"Organization\",\"@id\":\"https:\\\/\\\/kidsplay.lt\\\/#organization\",\"name\":\"KidsPlay\",\"url\":\"https:\\\/\\\/kidsplay.lt\\\/\",\"logo\":{\"@type\":\"ImageObject\",\"inLanguage\":\"lv-LV\",\"@id\":\"https:\\\/\\\/kidsplay.lt\\\/#\\\/schema\\\/logo\\\/image\\\/\",\"url\":\"https:\\\/\\\/kidsplay.lt\\\/wp-content\\\/uploads\\\/2023\\\/07\\\/kidsplay-logo.png\",\"contentUrl\":\"https:\\\/\\\/kidsplay.lt\\\/wp-content\\\/uploads\\\/2023\\\/07\\\/kidsplay-logo.png\",\"width\":451,\"height\":98,\"caption\":\"KidsPlay\"},\"image\":{\"@id\":\"https:\\\/\\\/kidsplay.lt\\\/#\\\/schema\\\/logo\\\/image\\\/\"},\"sameAs\":[\"https:\\\/\\\/www.facebook.com\\\/www.kidsplay.lt\"]}]}<\/script>\n<!-- \/ Yoast SEO plugin. -->","yoast_head_json":{"title":"Sodo namelis mergait\u0117ms &#8211; Ro\u017ein\u0117","description":"Sodo namelis\u00a0su erdviu interjeru, kuriame galima\u00a0k\u016brybi\u0161kai \u017eaisti. Pagamintas remiantis naujausiomis technologijomis ir auk\u0161\u010diausiais saugumo standartais.","robots":{"index":"index","follow":"follow","max-snippet":"max-snippet:-1","max-image-preview":"max-image-preview:large","max-video-preview":"max-video-preview:-1"},"canonical":"https:\/\/kidsplay.lt\/lv\/products\/sodo-namelis-mergaitems-rozine\/","og_locale":"lv_LV","og_type":"article","og_title":"Sodo namelis mergait\u0117ms &#8211; Ro\u017ein\u0117","og_description":"Sodo namelis\u00a0su erdviu interjeru, kuriame galima\u00a0k\u016brybi\u0161kai \u017eaisti. Pagamintas remiantis naujausiomis technologijomis ir auk\u0161\u010diausiais saugumo standartais.","og_url":"https:\/\/kidsplay.lt\/lv\/products\/sodo-namelis-mergaitems-rozine\/","og_site_name":"KidsPlay","article_publisher":"https:\/\/www.facebook.com\/www.kidsplay.lt","article_modified_time":"2026-04-13T12:26:25+00:00","og_image":[{"width":1000,"height":1000,"url":"https:\/\/kidsplay.lt\/wp-content\/uploads\/2024\/09\/Sodo-namelis-mergaitems-\u2013-Rozine.jpg","type":"image\/jpeg"}],"twitter_card":"summary_large_image","schema":{"@context":"https:\/\/schema.org","@graph":[{"@type":"WebPage","@id":"https:\/\/kidsplay.lt\/produktas\/sodo-namelis-mergaitems-rozine\/","url":"https:\/\/kidsplay.lt\/produktas\/sodo-namelis-mergaitems-rozine\/","name":"Sodo namelis mergait\u0117ms &#8211; Ro\u017ein\u0117","isPartOf":{"@id":"https:\/\/kidsplay.lt\/#website"},"primaryImageOfPage":{"@id":"https:\/\/kidsplay.lt\/produktas\/sodo-namelis-mergaitems-rozine\/#primaryimage"},"image":{"@id":"https:\/\/kidsplay.lt\/produktas\/sodo-namelis-mergaitems-rozine\/#primaryimage"},"thumbnailUrl":"https:\/\/kidsplay.lt\/wp-content\/uploads\/2024\/09\/Sodo-namelis-mergaitems-\u2013-Rozine.jpg","datePublished":"2026-02-26T07:48:36+00:00","dateModified":"2026-04-13T12:26:25+00:00","description":"Sodo namelis\u00a0su erdviu interjeru, kuriame galima\u00a0k\u016brybi\u0161kai \u017eaisti. Pagamintas remiantis naujausiomis technologijomis ir auk\u0161\u010diausiais saugumo standartais.","breadcrumb":{"@id":"https:\/\/kidsplay.lt\/produktas\/sodo-namelis-mergaitems-rozine\/#breadcrumb"},"inLanguage":"lv-LV","potentialAction":[{"@type":"ReadAction","target":["https:\/\/kidsplay.lt\/produktas\/sodo-namelis-mergaitems-rozine\/"]}]},{"@type":"ImageObject","inLanguage":"lv-LV","@id":"https:\/\/kidsplay.lt\/produktas\/sodo-namelis-mergaitems-rozine\/#primaryimage","url":"https:\/\/kidsplay.lt\/wp-content\/uploads\/2024\/09\/Sodo-namelis-mergaitems-\u2013-Rozine.jpg","contentUrl":"https:\/\/kidsplay.lt\/wp-content\/uploads\/2024\/09\/Sodo-namelis-mergaitems-\u2013-Rozine.jpg","width":1000,"height":1000,"caption":"Sodo namelis mergait\u0117ms &#8211; Ro\u017ein\u0117"},{"@type":"BreadcrumbList","@id":"https:\/\/kidsplay.lt\/produktas\/sodo-namelis-mergaitems-rozine\/#breadcrumb","itemListElement":[{"@type":"ListItem","position":1,"name":"Pagrindinis","item":"https:\/\/kidsplay.lt\/"},{"@type":"ListItem","position":2,"name":"Parduotuv\u0117","item":"https:\/\/kidsplay.lt\/parduotuve\/"},{"@type":"ListItem","position":3,"name":"Sodo namelis mergait\u0117ms &#8211; Ro\u017ein\u0117"}]},{"@type":"WebSite","@id":"https:\/\/kidsplay.lt\/#website","url":"https:\/\/kidsplay.lt\/","name":"B\u0113rnu sp\u0113les.lv","description":"\u012evairios prek\u0117s vaikams","publisher":{"@id":"https:\/\/kidsplay.lt\/#organization"},"alternateName":"Kidsplay","potentialAction":[{"@type":"SearchAction","target":{"@type":"EntryPoint","urlTemplate":"https:\/\/kidsplay.lt\/?s={search_term_string}"},"query-input":{"@type":"PropertyValueSpecification","valueRequired":true,"valueName":"search_term_string"}}],"inLanguage":"lv-LV"},{"@type":"Organization","@id":"https:\/\/kidsplay.lt\/#organization","name":"B\u0113rnu sp\u0113le","url":"https:\/\/kidsplay.lt\/","logo":{"@type":"ImageObject","inLanguage":"lv-LV","@id":"https:\/\/kidsplay.lt\/#\/schema\/logo\/image\/","url":"https:\/\/kidsplay.lt\/wp-content\/uploads\/2023\/07\/kidsplay-logo.png","contentUrl":"https:\/\/kidsplay.lt\/wp-content\/uploads\/2023\/07\/kidsplay-logo.png","width":451,"height":98,"caption":"KidsPlay"},"image":{"@id":"https:\/\/kidsplay.lt\/#\/schema\/logo\/image\/"},"sameAs":["https:\/\/www.facebook.com\/www.kidsplay.lt"]}]}},"_links":{"self":[{"href":"https:\/\/kidsplay.lt\/lv\/wp-json\/wp\/v2\/product\/90587","targetHints":{"allow":["GET"]}}],"collection":[{"href":"https:\/\/kidsplay.lt\/lv\/wp-json\/wp\/v2\/product"}],"about":[{"href":"https:\/\/kidsplay.lt\/lv\/wp-json\/wp\/v2\/types\/product"}],"version-history":[{"count":1,"href":"https:\/\/kidsplay.lt\/lv\/wp-json\/wp\/v2\/product\/90587\/revisions"}],"predecessor-version":[{"id":90588,"href":"https:\/\/kidsplay.lt\/lv\/wp-json\/wp\/v2\/product\/90587\/revisions\/90588"}],"wp:featuredmedia":[{"embeddable":true,"href":"https:\/\/kidsplay.lt\/lv\/wp-json\/wp\/v2\/media\/52970"}],"wp:attachment":[{"href":"https:\/\/kidsplay.lt\/lv\/wp-json\/wp\/v2\/media?parent=90587"}],"wp:term":[{"taxonomy":"product_brand","embeddable":true,"href":"https:\/\/kidsplay.lt\/lv\/wp-json\/wp\/v2\/product_brand?post=90587"},{"taxonomy":"product_cat","embeddable":true,"href":"https:\/\/kidsplay.lt\/lv\/wp-json\/wp\/v2\/product_cat?post=90587"},{"taxonomy":"product_tag","embeddable":true,"href":"https:\/\/kidsplay.lt\/lv\/wp-json\/wp\/v2\/product_tag?post=90587"}],"curies":[{"name":"wp","href":"https:\/\/api.w.org\/{rel}","templated":true}]}}