{"id":90589,"date":"2026-02-26T09:48:39","date_gmt":"2026-02-26T07:48:39","guid":{"rendered":"https:\/\/kidsplay.lt\/produktas\/zaidimu-aiksteles-namas-su-ciuozykla-123cm\/"},"modified":"2026-02-26T20:54:24","modified_gmt":"2026-02-26T18:54:24","slug":"zaidimu-aiksteles-namas-su-ciuozykla-123cm","status":"publish","type":"product","link":"https:\/\/kidsplay.lt\/lv\/products\/zaidimu-aiksteles-namas-su-ciuozykla-123cm\/","title":{"rendered":"\u017daidim\u0173 aik\u0161tel\u0117s namas su \u010diuo\u017eykla 123cm"},"content":{"rendered":"<p>\u017daidim\u0173 aik\u0161tel\u0117 yra puiki vieta j\u016bs\u0173 vaikui ir jo draugams \u017eaisti! \u017daidim\u0173 aik\u0161tel\u0117je pastatyti\u00a0du nameliai\u00a0ir\u00a0\u010diuo\u017eykla. Nameliuose yra daug erdv\u0117s \u017eaidimams,\u00a0atsidaran\u010dios\u00a0durys\u00a0ir\u00a0langai. Kalnelio ilgis yra 123 cm. Ji pagaminta i\u0161 auk\u0161tos kokyb\u0117s plastiko,\u00a0apsaugoto nuo UV spinduli\u0173\u00a0&#8211; idealiai tinka naudoti\u00a0lauke\u00a0ir puikiai tinka \u017eaisti\u00a0patalpose!<\/p>\n<p>&#8211; \u017eaislas\u00a0nuo 3\u00a0met\u0173 am\u017eiaus<br \/>\n&#8211; Sklandytuvo ilgis:\u00a0123 (cm)<br \/>\n&#8211; Su 2 nameliais ir \u010diuo\u017eyklomis<br \/>\n&#8211; Pagamintas i\u0161\u00a0vaikams draugi\u0161kos,\u00a0saugios, UV spinduliams atsparios\u00a0ir\u00a0patvarios\u00a0med\u017eiagos,<br \/>\n&#8211; lavina vaiko stambi\u0105j\u0105\u00a0motorik\u0105\u00a0,vaizduot\u0119\u00a0ir\u00a0k\u016brybi\u0161kum\u0105\u00a0,<br \/>\n&#8211; Skirta naudoti\u00a0patalpose\u00a0ir\u00a0lauke.<\/p>","protected":false},"excerpt":{"rendered":"<p>\u017daidim\u0173 aik\u0161tel\u0117 yra puiki vieta j\u016bs\u0173 vaikui ir jo draugams \u017eaisti! \u017daidim\u0173 aik\u0161tel\u0117je pastatyti\u00a0du nameliai\u00a0ir\u00a0\u010diuo\u017eykla. Nameliuose yra daug erdv\u0117s \u017eaidimams,\u00a0atsidaran\u010dios\u00a0durys\u00a0ir\u00a0langai.<\/p>","protected":false},"featured_media":52997,"template":"","meta":{"_acf_changed":false,"_glsr_average":0,"_glsr_ranking":0,"_glsr_reviews":0},"product_brand":[],"product_cat":[233,382],"product_tag":[],"class_list":{"0":"post-90589","1":"product","2":"type-product","3":"status-publish","4":"has-post-thumbnail","6":"product_cat-lauko-pramogos","7":"product_cat-zaidimu-aiksteles","8":"\"style=\"background-color: #2ecc711c;\"","10":"first","11":"outofstock","12":"purchasable","13":"product-type-simple"},"acf":[],"yoast_head":"<!-- This site is optimized with the Yoast SEO plugin v27.3 - https:\/\/yoast.com\/product\/yoast-seo-wordpress\/ -->\n<title>\u017daidim\u0173 aik\u0161tel\u0117s namas su \u010diuo\u017eykla 123cm<\/title>\n<meta name=\"description\" content=\"\u017daidim\u0173 aik\u0161tel\u0117 yra puiki vieta j\u016bs\u0173 vaikui ir jo draugams \u017eaisti! \u017daidim\u0173 aik\u0161tel\u0117je pastatyti\u00a0du nameliai\u00a0ir\u00a0\u010diuo\u017eykla.\" \/>\n<meta name=\"robots\" content=\"index, follow, max-snippet:-1, max-image-preview:large, max-video-preview:-1\" \/>\n<link rel=\"canonical\" href=\"https:\/\/kidsplay.lt\/lv\/products\/zaidimu-aiksteles-namas-su-ciuozykla-123cm\/\" \/>\n<meta property=\"og:locale\" content=\"lv_LV\" \/>\n<meta property=\"og:type\" content=\"article\" \/>\n<meta property=\"og:title\" content=\"\u017daidim\u0173 aik\u0161tel\u0117s namas su \u010diuo\u017eykla 123cm\" \/>\n<meta property=\"og:description\" content=\"\u017daidim\u0173 aik\u0161tel\u0117 yra puiki vieta j\u016bs\u0173 vaikui ir jo draugams \u017eaisti! \u017daidim\u0173 aik\u0161tel\u0117je pastatyti\u00a0du nameliai\u00a0ir\u00a0\u010diuo\u017eykla.\" \/>\n<meta property=\"og:url\" content=\"https:\/\/kidsplay.lt\/lv\/products\/zaidimu-aiksteles-namas-su-ciuozykla-123cm\/\" \/>\n<meta property=\"og:site_name\" content=\"KidsPlay\" \/>\n<meta property=\"article:publisher\" content=\"https:\/\/www.facebook.com\/www.kidsplay.lt\" \/>\n<meta property=\"article:modified_time\" content=\"2026-02-26T18:54:24+00:00\" \/>\n<meta property=\"og:image\" content=\"https:\/\/kidsplay.lt\/wp-content\/uploads\/2024\/09\/Zaidimu-aiksteles-namas-su-ciuozykla-123cm.jpg\" \/>\n\t<meta property=\"og:image:width\" content=\"1000\" \/>\n\t<meta property=\"og:image:height\" content=\"1000\" \/>\n\t<meta property=\"og:image:type\" content=\"image\/jpeg\" \/>\n<meta name=\"twitter:card\" content=\"summary_large_image\" \/>\n<meta name=\"twitter:label1\" content=\"Est. reading time\" \/>\n\t<meta name=\"twitter:data1\" content=\"1 min\u016bte\" \/>\n<script type=\"application\/ld+json\" class=\"yoast-schema-graph\">{\"@context\":\"https:\\\/\\\/schema.org\",\"@graph\":[{\"@type\":\"WebPage\",\"@id\":\"https:\\\/\\\/kidsplay.lt\\\/produktas\\\/zaidimu-aiksteles-namas-su-ciuozykla-123cm\\\/\",\"url\":\"https:\\\/\\\/kidsplay.lt\\\/produktas\\\/zaidimu-aiksteles-namas-su-ciuozykla-123cm\\\/\",\"name\":\"\u017daidim\u0173 aik\u0161tel\u0117s namas su \u010diuo\u017eykla 123cm\",\"isPartOf\":{\"@id\":\"https:\\\/\\\/kidsplay.lt\\\/#website\"},\"primaryImageOfPage\":{\"@id\":\"https:\\\/\\\/kidsplay.lt\\\/produktas\\\/zaidimu-aiksteles-namas-su-ciuozykla-123cm\\\/#primaryimage\"},\"image\":{\"@id\":\"https:\\\/\\\/kidsplay.lt\\\/produktas\\\/zaidimu-aiksteles-namas-su-ciuozykla-123cm\\\/#primaryimage\"},\"thumbnailUrl\":\"https:\\\/\\\/kidsplay.lt\\\/wp-content\\\/uploads\\\/2024\\\/09\\\/Zaidimu-aiksteles-namas-su-ciuozykla-123cm.jpg\",\"datePublished\":\"2026-02-26T07:48:39+00:00\",\"dateModified\":\"2026-02-26T18:54:24+00:00\",\"description\":\"\u017daidim\u0173 aik\u0161tel\u0117 yra puiki vieta j\u016bs\u0173 vaikui ir jo draugams \u017eaisti! \u017daidim\u0173 aik\u0161tel\u0117je pastatyti\u00a0du nameliai\u00a0ir\u00a0\u010diuo\u017eykla.\",\"breadcrumb\":{\"@id\":\"https:\\\/\\\/kidsplay.lt\\\/produktas\\\/zaidimu-aiksteles-namas-su-ciuozykla-123cm\\\/#breadcrumb\"},\"inLanguage\":\"lv-LV\",\"potentialAction\":[{\"@type\":\"ReadAction\",\"target\":[\"https:\\\/\\\/kidsplay.lt\\\/produktas\\\/zaidimu-aiksteles-namas-su-ciuozykla-123cm\\\/\"]}]},{\"@type\":\"ImageObject\",\"inLanguage\":\"lv-LV\",\"@id\":\"https:\\\/\\\/kidsplay.lt\\\/produktas\\\/zaidimu-aiksteles-namas-su-ciuozykla-123cm\\\/#primaryimage\",\"url\":\"https:\\\/\\\/kidsplay.lt\\\/wp-content\\\/uploads\\\/2024\\\/09\\\/Zaidimu-aiksteles-namas-su-ciuozykla-123cm.jpg\",\"contentUrl\":\"https:\\\/\\\/kidsplay.lt\\\/wp-content\\\/uploads\\\/2024\\\/09\\\/Zaidimu-aiksteles-namas-su-ciuozykla-123cm.jpg\",\"width\":1000,\"height\":1000,\"caption\":\"\u017daidim\u0173 aik\u0161tel\u0117s namas su \u010diuo\u017eykla 123cm\"},{\"@type\":\"BreadcrumbList\",\"@id\":\"https:\\\/\\\/kidsplay.lt\\\/produktas\\\/zaidimu-aiksteles-namas-su-ciuozykla-123cm\\\/#breadcrumb\",\"itemListElement\":[{\"@type\":\"ListItem\",\"position\":1,\"name\":\"Pagrindinis\",\"item\":\"https:\\\/\\\/kidsplay.lt\\\/\"},{\"@type\":\"ListItem\",\"position\":2,\"name\":\"Parduotuv\u0117\",\"item\":\"https:\\\/\\\/kidsplay.lt\\\/parduotuve\\\/\"},{\"@type\":\"ListItem\",\"position\":3,\"name\":\"\u017daidim\u0173 aik\u0161tel\u0117s namas su \u010diuo\u017eykla 123cm\"}]},{\"@type\":\"WebSite\",\"@id\":\"https:\\\/\\\/kidsplay.lt\\\/#website\",\"url\":\"https:\\\/\\\/kidsplay.lt\\\/\",\"name\":\"Kidsplay.lt\",\"description\":\"\u012evairios prek\u0117s vaikams\",\"publisher\":{\"@id\":\"https:\\\/\\\/kidsplay.lt\\\/#organization\"},\"alternateName\":\"Kidsplay\",\"potentialAction\":[{\"@type\":\"SearchAction\",\"target\":{\"@type\":\"EntryPoint\",\"urlTemplate\":\"https:\\\/\\\/kidsplay.lt\\\/?s={search_term_string}\"},\"query-input\":{\"@type\":\"PropertyValueSpecification\",\"valueRequired\":true,\"valueName\":\"search_term_string\"}}],\"inLanguage\":\"lv-LV\"},{\"@type\":\"Organization\",\"@id\":\"https:\\\/\\\/kidsplay.lt\\\/#organization\",\"name\":\"KidsPlay\",\"url\":\"https:\\\/\\\/kidsplay.lt\\\/\",\"logo\":{\"@type\":\"ImageObject\",\"inLanguage\":\"lv-LV\",\"@id\":\"https:\\\/\\\/kidsplay.lt\\\/#\\\/schema\\\/logo\\\/image\\\/\",\"url\":\"https:\\\/\\\/kidsplay.lt\\\/wp-content\\\/uploads\\\/2023\\\/07\\\/kidsplay-logo.png\",\"contentUrl\":\"https:\\\/\\\/kidsplay.lt\\\/wp-content\\\/uploads\\\/2023\\\/07\\\/kidsplay-logo.png\",\"width\":451,\"height\":98,\"caption\":\"KidsPlay\"},\"image\":{\"@id\":\"https:\\\/\\\/kidsplay.lt\\\/#\\\/schema\\\/logo\\\/image\\\/\"},\"sameAs\":[\"https:\\\/\\\/www.facebook.com\\\/www.kidsplay.lt\"]}]}<\/script>\n<!-- \/ Yoast SEO plugin. -->","yoast_head_json":{"title":"\u017daidim\u0173 aik\u0161tel\u0117s namas su \u010diuo\u017eykla 123cm","description":"\u017daidim\u0173 aik\u0161tel\u0117 yra puiki vieta j\u016bs\u0173 vaikui ir jo draugams \u017eaisti! \u017daidim\u0173 aik\u0161tel\u0117je pastatyti\u00a0du nameliai\u00a0ir\u00a0\u010diuo\u017eykla.","robots":{"index":"index","follow":"follow","max-snippet":"max-snippet:-1","max-image-preview":"max-image-preview:large","max-video-preview":"max-video-preview:-1"},"canonical":"https:\/\/kidsplay.lt\/lv\/products\/zaidimu-aiksteles-namas-su-ciuozykla-123cm\/","og_locale":"lv_LV","og_type":"article","og_title":"\u017daidim\u0173 aik\u0161tel\u0117s namas su \u010diuo\u017eykla 123cm","og_description":"\u017daidim\u0173 aik\u0161tel\u0117 yra puiki vieta j\u016bs\u0173 vaikui ir jo draugams \u017eaisti! \u017daidim\u0173 aik\u0161tel\u0117je pastatyti\u00a0du nameliai\u00a0ir\u00a0\u010diuo\u017eykla.","og_url":"https:\/\/kidsplay.lt\/lv\/products\/zaidimu-aiksteles-namas-su-ciuozykla-123cm\/","og_site_name":"KidsPlay","article_publisher":"https:\/\/www.facebook.com\/www.kidsplay.lt","article_modified_time":"2026-02-26T18:54:24+00:00","og_image":[{"width":1000,"height":1000,"url":"https:\/\/kidsplay.lt\/wp-content\/uploads\/2024\/09\/Zaidimu-aiksteles-namas-su-ciuozykla-123cm.jpg","type":"image\/jpeg"}],"twitter_card":"summary_large_image","twitter_misc":{"Est. reading time":"1 min\u016bte"},"schema":{"@context":"https:\/\/schema.org","@graph":[{"@type":"WebPage","@id":"https:\/\/kidsplay.lt\/produktas\/zaidimu-aiksteles-namas-su-ciuozykla-123cm\/","url":"https:\/\/kidsplay.lt\/produktas\/zaidimu-aiksteles-namas-su-ciuozykla-123cm\/","name":"\u017daidim\u0173 aik\u0161tel\u0117s namas su \u010diuo\u017eykla 123cm","isPartOf":{"@id":"https:\/\/kidsplay.lt\/#website"},"primaryImageOfPage":{"@id":"https:\/\/kidsplay.lt\/produktas\/zaidimu-aiksteles-namas-su-ciuozykla-123cm\/#primaryimage"},"image":{"@id":"https:\/\/kidsplay.lt\/produktas\/zaidimu-aiksteles-namas-su-ciuozykla-123cm\/#primaryimage"},"thumbnailUrl":"https:\/\/kidsplay.lt\/wp-content\/uploads\/2024\/09\/Zaidimu-aiksteles-namas-su-ciuozykla-123cm.jpg","datePublished":"2026-02-26T07:48:39+00:00","dateModified":"2026-02-26T18:54:24+00:00","description":"\u017daidim\u0173 aik\u0161tel\u0117 yra puiki vieta j\u016bs\u0173 vaikui ir jo draugams \u017eaisti! \u017daidim\u0173 aik\u0161tel\u0117je pastatyti\u00a0du nameliai\u00a0ir\u00a0\u010diuo\u017eykla.","breadcrumb":{"@id":"https:\/\/kidsplay.lt\/produktas\/zaidimu-aiksteles-namas-su-ciuozykla-123cm\/#breadcrumb"},"inLanguage":"lv-LV","potentialAction":[{"@type":"ReadAction","target":["https:\/\/kidsplay.lt\/produktas\/zaidimu-aiksteles-namas-su-ciuozykla-123cm\/"]}]},{"@type":"ImageObject","inLanguage":"lv-LV","@id":"https:\/\/kidsplay.lt\/produktas\/zaidimu-aiksteles-namas-su-ciuozykla-123cm\/#primaryimage","url":"https:\/\/kidsplay.lt\/wp-content\/uploads\/2024\/09\/Zaidimu-aiksteles-namas-su-ciuozykla-123cm.jpg","contentUrl":"https:\/\/kidsplay.lt\/wp-content\/uploads\/2024\/09\/Zaidimu-aiksteles-namas-su-ciuozykla-123cm.jpg","width":1000,"height":1000,"caption":"\u017daidim\u0173 aik\u0161tel\u0117s namas su \u010diuo\u017eykla 123cm"},{"@type":"BreadcrumbList","@id":"https:\/\/kidsplay.lt\/produktas\/zaidimu-aiksteles-namas-su-ciuozykla-123cm\/#breadcrumb","itemListElement":[{"@type":"ListItem","position":1,"name":"Pagrindinis","item":"https:\/\/kidsplay.lt\/"},{"@type":"ListItem","position":2,"name":"Parduotuv\u0117","item":"https:\/\/kidsplay.lt\/parduotuve\/"},{"@type":"ListItem","position":3,"name":"\u017daidim\u0173 aik\u0161tel\u0117s namas su \u010diuo\u017eykla 123cm"}]},{"@type":"WebSite","@id":"https:\/\/kidsplay.lt\/#website","url":"https:\/\/kidsplay.lt\/","name":"B\u0113rnu sp\u0113les.lv","description":"\u012evairios prek\u0117s vaikams","publisher":{"@id":"https:\/\/kidsplay.lt\/#organization"},"alternateName":"Kidsplay","potentialAction":[{"@type":"SearchAction","target":{"@type":"EntryPoint","urlTemplate":"https:\/\/kidsplay.lt\/?s={search_term_string}"},"query-input":{"@type":"PropertyValueSpecification","valueRequired":true,"valueName":"search_term_string"}}],"inLanguage":"lv-LV"},{"@type":"Organization","@id":"https:\/\/kidsplay.lt\/#organization","name":"B\u0113rnu sp\u0113le","url":"https:\/\/kidsplay.lt\/","logo":{"@type":"ImageObject","inLanguage":"lv-LV","@id":"https:\/\/kidsplay.lt\/#\/schema\/logo\/image\/","url":"https:\/\/kidsplay.lt\/wp-content\/uploads\/2023\/07\/kidsplay-logo.png","contentUrl":"https:\/\/kidsplay.lt\/wp-content\/uploads\/2023\/07\/kidsplay-logo.png","width":451,"height":98,"caption":"KidsPlay"},"image":{"@id":"https:\/\/kidsplay.lt\/#\/schema\/logo\/image\/"},"sameAs":["https:\/\/www.facebook.com\/www.kidsplay.lt"]}]}},"_links":{"self":[{"href":"https:\/\/kidsplay.lt\/lv\/wp-json\/wp\/v2\/product\/90589","targetHints":{"allow":["GET"]}}],"collection":[{"href":"https:\/\/kidsplay.lt\/lv\/wp-json\/wp\/v2\/product"}],"about":[{"href":"https:\/\/kidsplay.lt\/lv\/wp-json\/wp\/v2\/types\/product"}],"version-history":[{"count":1,"href":"https:\/\/kidsplay.lt\/lv\/wp-json\/wp\/v2\/product\/90589\/revisions"}],"predecessor-version":[{"id":90590,"href":"https:\/\/kidsplay.lt\/lv\/wp-json\/wp\/v2\/product\/90589\/revisions\/90590"}],"wp:featuredmedia":[{"embeddable":true,"href":"https:\/\/kidsplay.lt\/lv\/wp-json\/wp\/v2\/media\/52997"}],"wp:attachment":[{"href":"https:\/\/kidsplay.lt\/lv\/wp-json\/wp\/v2\/media?parent=90589"}],"wp:term":[{"taxonomy":"product_brand","embeddable":true,"href":"https:\/\/kidsplay.lt\/lv\/wp-json\/wp\/v2\/product_brand?post=90589"},{"taxonomy":"product_cat","embeddable":true,"href":"https:\/\/kidsplay.lt\/lv\/wp-json\/wp\/v2\/product_cat?post=90589"},{"taxonomy":"product_tag","embeddable":true,"href":"https:\/\/kidsplay.lt\/lv\/wp-json\/wp\/v2\/product_tag?post=90589"}],"curies":[{"name":"wp","href":"https:\/\/api.w.org\/{rel}","templated":true}]}}