{"id":90591,"date":"2026-02-26T09:48:41","date_gmt":"2026-02-26T07:48:41","guid":{"rendered":"https:\/\/kidsplay.lt\/produktas\/vaiku-zaidimu-aiksteles-veiklos-centras\/"},"modified":"2026-04-13T15:26:29","modified_gmt":"2026-04-13T12:26:29","slug":"vaiku-zaidimu-aiksteles-veiklos-centras","status":"publish","type":"product","link":"https:\/\/kidsplay.lt\/lv\/products\/vaiku-zaidimu-aiksteles-veiklos-centras\/","title":{"rendered":"Vaik\u0173 \u017eaidim\u0173 aik\u0161tel\u0117s veiklos centras"},"content":{"rendered":"<p>\u017daidim\u0173 aik\u0161tel\u0117je\u00a0yra daugyb\u0117 b\u016bd\u0173 pramogauti. Ma\u017eiems vaikams skirtame \u012ftraukian\u010diame\u00a0u\u017esi\u0117mim\u0173 centre\u00a0daugiausia\u00a0sporto tem\u0173. Vaikai gali lavinti\u00a0pusiausvyr\u0105 ir motorinius \u012fg\u016bd\u017eius\u00a0lipdami\u00a0itin pla\u010diu laipteliu\u00a0ir nusileisdami\u00a0nuo\u00a0kitoje pus\u0117je esan\u010dio\u00a0nusileidimo kalnelio. Taip pat yra\u00a0kamuolys ir krep\u0161inio lankas, kur\u012f ma\u017eylis gali mesti \u012f taikin\u012f. Be to, galima naudoti pridedam\u0105\u00a0lazd\u0105\u00a0ir mu\u0161ti priri\u0161t\u0105\u00a0beisbolo kamuol\u012f! Su \u0161iuo specialiai ma\u017eyliams sukurtu sportiniu \u017eaislu j\u016bs\u0173 ma\u017eylis \u017eaisdamas \u0161okin\u0117s namo, \u0161liau\u017es \u012f baz\u0119 ir darys nuostabius d\u0117jimus \u012f krep\u0161\u012f. Pasibaigus \u017eaidimui, naudokite\u00a0\u012fmontuot\u0105 laikymo\u00a0skyri\u0173 krep\u0161inio kamuoliui pasl\u0117pti, o stumtel\u0117j\u0119 stulp\u0105 ant i\u0161orin\u0117s u\u017esi\u0117mim\u0173 centro sienel\u0117s, kad viskas b\u016bt\u0173 \u0161alia ir b\u016bt\u0173 galima smagiai praleisti kit\u0105 dien\u0105.<\/p>\n<p>&#8211;\u00a0\u012emontuotas laikymo skyrius\u00a0pad\u0117s suma\u017einti pavoj\u0173, kad daiktai gali pasimesti,<br \/>\n&#8211; Skirta vaikams\u00a0nuo 2 met\u0173,<br \/>\n&#8211; Visas gaminys yra sporto tematikos,<br \/>\n&#8211; Krep\u0161inio lankas ir kamuolys, pa\u012fvairina \u017eaidim\u0105<br \/>\n&#8211;\u00a0Did\u017eiausia apkrova 20 kg,<br \/>\n&#8211;\u00a0Lengva valyti, tiesiog naudokite dezinfekuojan\u010dias servet\u0117les arba buitinius valiklius,<br \/>\n&#8211; Reikia, kad surinkim\u0105 atlikt\u0173 suaugusieji,<br \/>\n&#8211;\u00a0Pridedama lazda ir beisbolo kamuolys, kad \u017eaisti b\u016bt\u0173 \u012fdomiau,<br \/>\n&#8211; Vaikas aktyviai leid\u017eia laik\u0105,<br \/>\n&#8211; Patvarus ir ilgaam\u017eis gaminys.<\/p>","protected":false},"excerpt":{"rendered":"<p>\u017daidim\u0173 aik\u0161tel\u0117je\u00a0yra daugyb\u0117 b\u016bd\u0173 pramogauti. Ma\u017eiems vaikams skirtame \u012ftraukian\u010diame\u00a0u\u017esi\u0117mim\u0173 centre\u00a0daugiausia\u00a0sporto tem\u0173. Vaikai gali lavinti\u00a0pusiausvyr\u0105 ir motorinius \u012fg\u016bd\u017eius\u00a0lipdami\u00a0itin pla\u010diu laipteliu\u00a0ir nusileisdami\u00a0nuo\u00a0kitoje<\/p>","protected":false},"featured_media":52998,"template":"","meta":{"_acf_changed":false,"_glsr_average":0,"_glsr_ranking":0,"_glsr_reviews":0},"product_brand":[],"product_cat":[233,382],"product_tag":[],"class_list":{"0":"post-90591","1":"product","2":"type-product","3":"status-publish","4":"has-post-thumbnail","6":"product_cat-lauko-pramogos","7":"product_cat-zaidimu-aiksteles","8":"\"style=\"background-color: #2ecc711c;\"","10":"first","11":"instock","12":"purchasable","13":"product-type-simple"},"acf":[],"yoast_head":"<!-- This site is optimized with the Yoast SEO plugin v27.4 - https:\/\/yoast.com\/product\/yoast-seo-wordpress\/ -->\n<title>Vaik\u0173 \u017eaidim\u0173 aik\u0161tel\u0117s veiklos centras<\/title>\n<meta name=\"description\" content=\"\u017daidim\u0173 aik\u0161tel\u0117je\u00a0yra daugyb\u0117 b\u016bd\u0173 pramogauti. Ma\u017eiems vaikams skirtame \u012ftraukian\u010diame\u00a0u\u017esi\u0117mim\u0173 centre\u00a0daugiausia\u00a0sporto tem\u0173.\" \/>\n<meta name=\"robots\" content=\"index, follow, max-snippet:-1, max-image-preview:large, max-video-preview:-1\" \/>\n<link rel=\"canonical\" href=\"https:\/\/kidsplay.lt\/lv\/products\/vaiku-zaidimu-aiksteles-veiklos-centras\/\" \/>\n<meta property=\"og:locale\" content=\"lv_LV\" \/>\n<meta property=\"og:type\" content=\"article\" \/>\n<meta property=\"og:title\" content=\"Vaik\u0173 \u017eaidim\u0173 aik\u0161tel\u0117s veiklos centras\" \/>\n<meta property=\"og:description\" content=\"\u017daidim\u0173 aik\u0161tel\u0117je\u00a0yra daugyb\u0117 b\u016bd\u0173 pramogauti. Ma\u017eiems vaikams skirtame \u012ftraukian\u010diame\u00a0u\u017esi\u0117mim\u0173 centre\u00a0daugiausia\u00a0sporto tem\u0173.\" \/>\n<meta property=\"og:url\" content=\"https:\/\/kidsplay.lt\/lv\/products\/vaiku-zaidimu-aiksteles-veiklos-centras\/\" \/>\n<meta property=\"og:site_name\" content=\"KidsPlay\" \/>\n<meta property=\"article:publisher\" content=\"https:\/\/www.facebook.com\/www.kidsplay.lt\" \/>\n<meta property=\"article:modified_time\" content=\"2026-04-13T12:26:29+00:00\" \/>\n<meta property=\"og:image\" content=\"https:\/\/kidsplay.lt\/wp-content\/uploads\/2024\/09\/Vaiku-zaidimu-aiksteles-veiklos-centras.jpg\" \/>\n\t<meta property=\"og:image:width\" content=\"1000\" \/>\n\t<meta property=\"og:image:height\" content=\"1000\" \/>\n\t<meta property=\"og:image:type\" content=\"image\/jpeg\" \/>\n<meta name=\"twitter:card\" content=\"summary_large_image\" \/>\n<meta name=\"twitter:label1\" content=\"Est. reading time\" \/>\n\t<meta name=\"twitter:data1\" content=\"1 min\u016bte\" \/>\n<script type=\"application\/ld+json\" class=\"yoast-schema-graph\">{\"@context\":\"https:\\\/\\\/schema.org\",\"@graph\":[{\"@type\":\"WebPage\",\"@id\":\"https:\\\/\\\/kidsplay.lt\\\/produktas\\\/vaiku-zaidimu-aiksteles-veiklos-centras\\\/\",\"url\":\"https:\\\/\\\/kidsplay.lt\\\/produktas\\\/vaiku-zaidimu-aiksteles-veiklos-centras\\\/\",\"name\":\"Vaik\u0173 \u017eaidim\u0173 aik\u0161tel\u0117s veiklos centras\",\"isPartOf\":{\"@id\":\"https:\\\/\\\/kidsplay.lt\\\/#website\"},\"primaryImageOfPage\":{\"@id\":\"https:\\\/\\\/kidsplay.lt\\\/produktas\\\/vaiku-zaidimu-aiksteles-veiklos-centras\\\/#primaryimage\"},\"image\":{\"@id\":\"https:\\\/\\\/kidsplay.lt\\\/produktas\\\/vaiku-zaidimu-aiksteles-veiklos-centras\\\/#primaryimage\"},\"thumbnailUrl\":\"https:\\\/\\\/kidsplay.lt\\\/wp-content\\\/uploads\\\/2024\\\/09\\\/Vaiku-zaidimu-aiksteles-veiklos-centras.jpg\",\"datePublished\":\"2026-02-26T07:48:41+00:00\",\"dateModified\":\"2026-04-13T12:26:29+00:00\",\"description\":\"\u017daidim\u0173 aik\u0161tel\u0117je\u00a0yra daugyb\u0117 b\u016bd\u0173 pramogauti. Ma\u017eiems vaikams skirtame \u012ftraukian\u010diame\u00a0u\u017esi\u0117mim\u0173 centre\u00a0daugiausia\u00a0sporto tem\u0173.\",\"breadcrumb\":{\"@id\":\"https:\\\/\\\/kidsplay.lt\\\/produktas\\\/vaiku-zaidimu-aiksteles-veiklos-centras\\\/#breadcrumb\"},\"inLanguage\":\"lv-LV\",\"potentialAction\":[{\"@type\":\"ReadAction\",\"target\":[\"https:\\\/\\\/kidsplay.lt\\\/produktas\\\/vaiku-zaidimu-aiksteles-veiklos-centras\\\/\"]}]},{\"@type\":\"ImageObject\",\"inLanguage\":\"lv-LV\",\"@id\":\"https:\\\/\\\/kidsplay.lt\\\/produktas\\\/vaiku-zaidimu-aiksteles-veiklos-centras\\\/#primaryimage\",\"url\":\"https:\\\/\\\/kidsplay.lt\\\/wp-content\\\/uploads\\\/2024\\\/09\\\/Vaiku-zaidimu-aiksteles-veiklos-centras.jpg\",\"contentUrl\":\"https:\\\/\\\/kidsplay.lt\\\/wp-content\\\/uploads\\\/2024\\\/09\\\/Vaiku-zaidimu-aiksteles-veiklos-centras.jpg\",\"width\":1000,\"height\":1000,\"caption\":\"Vaik\u0173 \u017eaidim\u0173 aik\u0161tel\u0117s veiklos centras\"},{\"@type\":\"BreadcrumbList\",\"@id\":\"https:\\\/\\\/kidsplay.lt\\\/produktas\\\/vaiku-zaidimu-aiksteles-veiklos-centras\\\/#breadcrumb\",\"itemListElement\":[{\"@type\":\"ListItem\",\"position\":1,\"name\":\"Pagrindinis\",\"item\":\"https:\\\/\\\/kidsplay.lt\\\/\"},{\"@type\":\"ListItem\",\"position\":2,\"name\":\"Parduotuv\u0117\",\"item\":\"https:\\\/\\\/kidsplay.lt\\\/parduotuve\\\/\"},{\"@type\":\"ListItem\",\"position\":3,\"name\":\"Vaik\u0173 \u017eaidim\u0173 aik\u0161tel\u0117s veiklos centras\"}]},{\"@type\":\"WebSite\",\"@id\":\"https:\\\/\\\/kidsplay.lt\\\/#website\",\"url\":\"https:\\\/\\\/kidsplay.lt\\\/\",\"name\":\"Kidsplay.lt\",\"description\":\"\u012evairios prek\u0117s vaikams\",\"publisher\":{\"@id\":\"https:\\\/\\\/kidsplay.lt\\\/#organization\"},\"alternateName\":\"Kidsplay\",\"potentialAction\":[{\"@type\":\"SearchAction\",\"target\":{\"@type\":\"EntryPoint\",\"urlTemplate\":\"https:\\\/\\\/kidsplay.lt\\\/?s={search_term_string}\"},\"query-input\":{\"@type\":\"PropertyValueSpecification\",\"valueRequired\":true,\"valueName\":\"search_term_string\"}}],\"inLanguage\":\"lv-LV\"},{\"@type\":\"Organization\",\"@id\":\"https:\\\/\\\/kidsplay.lt\\\/#organization\",\"name\":\"KidsPlay\",\"url\":\"https:\\\/\\\/kidsplay.lt\\\/\",\"logo\":{\"@type\":\"ImageObject\",\"inLanguage\":\"lv-LV\",\"@id\":\"https:\\\/\\\/kidsplay.lt\\\/#\\\/schema\\\/logo\\\/image\\\/\",\"url\":\"https:\\\/\\\/kidsplay.lt\\\/wp-content\\\/uploads\\\/2023\\\/07\\\/kidsplay-logo.png\",\"contentUrl\":\"https:\\\/\\\/kidsplay.lt\\\/wp-content\\\/uploads\\\/2023\\\/07\\\/kidsplay-logo.png\",\"width\":451,\"height\":98,\"caption\":\"KidsPlay\"},\"image\":{\"@id\":\"https:\\\/\\\/kidsplay.lt\\\/#\\\/schema\\\/logo\\\/image\\\/\"},\"sameAs\":[\"https:\\\/\\\/www.facebook.com\\\/www.kidsplay.lt\"]}]}<\/script>\n<!-- \/ Yoast SEO plugin. -->","yoast_head_json":{"title":"Vaik\u0173 \u017eaidim\u0173 aik\u0161tel\u0117s veiklos centras","description":"\u017daidim\u0173 aik\u0161tel\u0117je\u00a0yra daugyb\u0117 b\u016bd\u0173 pramogauti. Ma\u017eiems vaikams skirtame \u012ftraukian\u010diame\u00a0u\u017esi\u0117mim\u0173 centre\u00a0daugiausia\u00a0sporto tem\u0173.","robots":{"index":"index","follow":"follow","max-snippet":"max-snippet:-1","max-image-preview":"max-image-preview:large","max-video-preview":"max-video-preview:-1"},"canonical":"https:\/\/kidsplay.lt\/lv\/products\/vaiku-zaidimu-aiksteles-veiklos-centras\/","og_locale":"lv_LV","og_type":"article","og_title":"Vaik\u0173 \u017eaidim\u0173 aik\u0161tel\u0117s veiklos centras","og_description":"\u017daidim\u0173 aik\u0161tel\u0117je\u00a0yra daugyb\u0117 b\u016bd\u0173 pramogauti. Ma\u017eiems vaikams skirtame \u012ftraukian\u010diame\u00a0u\u017esi\u0117mim\u0173 centre\u00a0daugiausia\u00a0sporto tem\u0173.","og_url":"https:\/\/kidsplay.lt\/lv\/products\/vaiku-zaidimu-aiksteles-veiklos-centras\/","og_site_name":"KidsPlay","article_publisher":"https:\/\/www.facebook.com\/www.kidsplay.lt","article_modified_time":"2026-04-13T12:26:29+00:00","og_image":[{"width":1000,"height":1000,"url":"https:\/\/kidsplay.lt\/wp-content\/uploads\/2024\/09\/Vaiku-zaidimu-aiksteles-veiklos-centras.jpg","type":"image\/jpeg"}],"twitter_card":"summary_large_image","twitter_misc":{"Est. reading time":"1 min\u016bte"},"schema":{"@context":"https:\/\/schema.org","@graph":[{"@type":"WebPage","@id":"https:\/\/kidsplay.lt\/produktas\/vaiku-zaidimu-aiksteles-veiklos-centras\/","url":"https:\/\/kidsplay.lt\/produktas\/vaiku-zaidimu-aiksteles-veiklos-centras\/","name":"Vaik\u0173 \u017eaidim\u0173 aik\u0161tel\u0117s veiklos centras","isPartOf":{"@id":"https:\/\/kidsplay.lt\/#website"},"primaryImageOfPage":{"@id":"https:\/\/kidsplay.lt\/produktas\/vaiku-zaidimu-aiksteles-veiklos-centras\/#primaryimage"},"image":{"@id":"https:\/\/kidsplay.lt\/produktas\/vaiku-zaidimu-aiksteles-veiklos-centras\/#primaryimage"},"thumbnailUrl":"https:\/\/kidsplay.lt\/wp-content\/uploads\/2024\/09\/Vaiku-zaidimu-aiksteles-veiklos-centras.jpg","datePublished":"2026-02-26T07:48:41+00:00","dateModified":"2026-04-13T12:26:29+00:00","description":"\u017daidim\u0173 aik\u0161tel\u0117je\u00a0yra daugyb\u0117 b\u016bd\u0173 pramogauti. Ma\u017eiems vaikams skirtame \u012ftraukian\u010diame\u00a0u\u017esi\u0117mim\u0173 centre\u00a0daugiausia\u00a0sporto tem\u0173.","breadcrumb":{"@id":"https:\/\/kidsplay.lt\/produktas\/vaiku-zaidimu-aiksteles-veiklos-centras\/#breadcrumb"},"inLanguage":"lv-LV","potentialAction":[{"@type":"ReadAction","target":["https:\/\/kidsplay.lt\/produktas\/vaiku-zaidimu-aiksteles-veiklos-centras\/"]}]},{"@type":"ImageObject","inLanguage":"lv-LV","@id":"https:\/\/kidsplay.lt\/produktas\/vaiku-zaidimu-aiksteles-veiklos-centras\/#primaryimage","url":"https:\/\/kidsplay.lt\/wp-content\/uploads\/2024\/09\/Vaiku-zaidimu-aiksteles-veiklos-centras.jpg","contentUrl":"https:\/\/kidsplay.lt\/wp-content\/uploads\/2024\/09\/Vaiku-zaidimu-aiksteles-veiklos-centras.jpg","width":1000,"height":1000,"caption":"Vaik\u0173 \u017eaidim\u0173 aik\u0161tel\u0117s veiklos centras"},{"@type":"BreadcrumbList","@id":"https:\/\/kidsplay.lt\/produktas\/vaiku-zaidimu-aiksteles-veiklos-centras\/#breadcrumb","itemListElement":[{"@type":"ListItem","position":1,"name":"Pagrindinis","item":"https:\/\/kidsplay.lt\/"},{"@type":"ListItem","position":2,"name":"Parduotuv\u0117","item":"https:\/\/kidsplay.lt\/parduotuve\/"},{"@type":"ListItem","position":3,"name":"Vaik\u0173 \u017eaidim\u0173 aik\u0161tel\u0117s veiklos centras"}]},{"@type":"WebSite","@id":"https:\/\/kidsplay.lt\/#website","url":"https:\/\/kidsplay.lt\/","name":"B\u0113rnu sp\u0113les.lv","description":"\u012evairios prek\u0117s vaikams","publisher":{"@id":"https:\/\/kidsplay.lt\/#organization"},"alternateName":"Kidsplay","potentialAction":[{"@type":"SearchAction","target":{"@type":"EntryPoint","urlTemplate":"https:\/\/kidsplay.lt\/?s={search_term_string}"},"query-input":{"@type":"PropertyValueSpecification","valueRequired":true,"valueName":"search_term_string"}}],"inLanguage":"lv-LV"},{"@type":"Organization","@id":"https:\/\/kidsplay.lt\/#organization","name":"B\u0113rnu sp\u0113le","url":"https:\/\/kidsplay.lt\/","logo":{"@type":"ImageObject","inLanguage":"lv-LV","@id":"https:\/\/kidsplay.lt\/#\/schema\/logo\/image\/","url":"https:\/\/kidsplay.lt\/wp-content\/uploads\/2023\/07\/kidsplay-logo.png","contentUrl":"https:\/\/kidsplay.lt\/wp-content\/uploads\/2023\/07\/kidsplay-logo.png","width":451,"height":98,"caption":"KidsPlay"},"image":{"@id":"https:\/\/kidsplay.lt\/#\/schema\/logo\/image\/"},"sameAs":["https:\/\/www.facebook.com\/www.kidsplay.lt"]}]}},"_links":{"self":[{"href":"https:\/\/kidsplay.lt\/lv\/wp-json\/wp\/v2\/product\/90591","targetHints":{"allow":["GET"]}}],"collection":[{"href":"https:\/\/kidsplay.lt\/lv\/wp-json\/wp\/v2\/product"}],"about":[{"href":"https:\/\/kidsplay.lt\/lv\/wp-json\/wp\/v2\/types\/product"}],"version-history":[{"count":1,"href":"https:\/\/kidsplay.lt\/lv\/wp-json\/wp\/v2\/product\/90591\/revisions"}],"predecessor-version":[{"id":90592,"href":"https:\/\/kidsplay.lt\/lv\/wp-json\/wp\/v2\/product\/90591\/revisions\/90592"}],"wp:featuredmedia":[{"embeddable":true,"href":"https:\/\/kidsplay.lt\/lv\/wp-json\/wp\/v2\/media\/52998"}],"wp:attachment":[{"href":"https:\/\/kidsplay.lt\/lv\/wp-json\/wp\/v2\/media?parent=90591"}],"wp:term":[{"taxonomy":"product_brand","embeddable":true,"href":"https:\/\/kidsplay.lt\/lv\/wp-json\/wp\/v2\/product_brand?post=90591"},{"taxonomy":"product_cat","embeddable":true,"href":"https:\/\/kidsplay.lt\/lv\/wp-json\/wp\/v2\/product_cat?post=90591"},{"taxonomy":"product_tag","embeddable":true,"href":"https:\/\/kidsplay.lt\/lv\/wp-json\/wp\/v2\/product_tag?post=90591"}],"curies":[{"name":"wp","href":"https:\/\/api.w.org\/{rel}","templated":true}]}}