{"id":90611,"date":"2026-02-26T09:49:08","date_gmt":"2026-02-26T07:49:08","guid":{"rendered":"https:\/\/kidsplay.lt\/produktas\/didele-dvieju-asiu-priekaba-savivartis\/"},"modified":"2026-02-26T20:43:18","modified_gmt":"2026-02-26T18:43:18","slug":"didele-dvieju-asiu-priekaba-savivartis","status":"publish","type":"product","link":"https:\/\/kidsplay.lt\/lv\/products\/didele-dvieju-asiu-priekaba-savivartis\/","title":{"rendered":"Didel\u0117 dviej\u0173 a\u0161i\u0173 priekaba, savivartis"},"content":{"rendered":"<p>Galinis \u0161oninis atidarymas didelis konteineris apver\u010diama d\u0117\u017e\u0117 &#8211; Dviej\u0173 a\u0161i\u0173 priekaba tinka visiems &#8222;Rolly Toys&#8221; traktoriams su priekabos vilkimo rankena.<\/p>","protected":false},"excerpt":{"rendered":"<p>Galinis \u0161oninis atidarymas didelis konteineris apver\u010diama d\u0117\u017e\u0117 &#8211; Dviej\u0173 a\u0161i\u0173 priekaba tinka visiems &#8222;Rolly Toys&#8221; traktoriams su priekabos vilkimo rankena.<\/p>","protected":false},"featured_media":53107,"template":"","meta":{"_acf_changed":false,"_glsr_average":0,"_glsr_ranking":0,"_glsr_reviews":0},"product_brand":[],"product_cat":[237,433],"product_tag":[],"class_list":{"0":"post-90611","1":"product","2":"type-product","3":"status-publish","4":"has-post-thumbnail","6":"product_cat-judejimo-priemones","7":"product_cat-priedai-judejimo-priemones","8":"\"style=\"background-color: #2ecc711c;\"","10":"first","11":"outofstock","12":"purchasable","13":"product-type-simple"},"acf":[],"yoast_head":"<!-- This site is optimized with the Yoast SEO plugin v27.4 - https:\/\/yoast.com\/product\/yoast-seo-wordpress\/ -->\n<title>Didel\u0117 dviej\u0173 a\u0161i\u0173 priekaba, savivartis<\/title>\n<meta name=\"description\" content=\"Galinis \u0161oninis atidarymas didelis konteineris apver\u010diama d\u0117\u017e\u0117 - Dviej\u0173 a\u0161i\u0173 priekaba tinka visiems traktoriams su priekabos vilkimo rankena.\" \/>\n<meta name=\"robots\" content=\"index, follow, max-snippet:-1, max-image-preview:large, max-video-preview:-1\" \/>\n<link rel=\"canonical\" href=\"https:\/\/kidsplay.lt\/lv\/products\/didele-dvieju-asiu-priekaba-savivartis\/\" \/>\n<meta property=\"og:locale\" content=\"lv_LV\" \/>\n<meta property=\"og:type\" content=\"article\" \/>\n<meta property=\"og:title\" content=\"Didel\u0117 dviej\u0173 a\u0161i\u0173 priekaba, savivartis\" \/>\n<meta property=\"og:description\" content=\"Galinis \u0161oninis atidarymas didelis konteineris apver\u010diama d\u0117\u017e\u0117 - Dviej\u0173 a\u0161i\u0173 priekaba tinka visiems traktoriams su priekabos vilkimo rankena.\" \/>\n<meta property=\"og:url\" content=\"https:\/\/kidsplay.lt\/lv\/products\/didele-dvieju-asiu-priekaba-savivartis\/\" \/>\n<meta property=\"og:site_name\" content=\"KidsPlay\" \/>\n<meta property=\"article:publisher\" content=\"https:\/\/www.facebook.com\/www.kidsplay.lt\" \/>\n<meta property=\"article:modified_time\" content=\"2026-02-26T18:43:18+00:00\" \/>\n<meta property=\"og:image\" content=\"https:\/\/kidsplay.lt\/wp-content\/uploads\/2024\/09\/Didele-dvieju-asiu-priekaba-savivartis.jpg\" \/>\n\t<meta property=\"og:image:width\" content=\"1000\" \/>\n\t<meta property=\"og:image:height\" content=\"1000\" \/>\n\t<meta property=\"og:image:type\" content=\"image\/jpeg\" \/>\n<meta name=\"twitter:card\" content=\"summary_large_image\" \/>\n<script type=\"application\/ld+json\" class=\"yoast-schema-graph\">{\"@context\":\"https:\\\/\\\/schema.org\",\"@graph\":[{\"@type\":\"WebPage\",\"@id\":\"https:\\\/\\\/kidsplay.lt\\\/produktas\\\/didele-dvieju-asiu-priekaba-savivartis\\\/\",\"url\":\"https:\\\/\\\/kidsplay.lt\\\/produktas\\\/didele-dvieju-asiu-priekaba-savivartis\\\/\",\"name\":\"Didel\u0117 dviej\u0173 a\u0161i\u0173 priekaba, savivartis\",\"isPartOf\":{\"@id\":\"https:\\\/\\\/kidsplay.lt\\\/#website\"},\"primaryImageOfPage\":{\"@id\":\"https:\\\/\\\/kidsplay.lt\\\/produktas\\\/didele-dvieju-asiu-priekaba-savivartis\\\/#primaryimage\"},\"image\":{\"@id\":\"https:\\\/\\\/kidsplay.lt\\\/produktas\\\/didele-dvieju-asiu-priekaba-savivartis\\\/#primaryimage\"},\"thumbnailUrl\":\"https:\\\/\\\/kidsplay.lt\\\/wp-content\\\/uploads\\\/2024\\\/09\\\/Didele-dvieju-asiu-priekaba-savivartis.jpg\",\"datePublished\":\"2026-02-26T07:49:08+00:00\",\"dateModified\":\"2026-02-26T18:43:18+00:00\",\"description\":\"Galinis \u0161oninis atidarymas didelis konteineris apver\u010diama d\u0117\u017e\u0117 - Dviej\u0173 a\u0161i\u0173 priekaba tinka visiems traktoriams su priekabos vilkimo rankena.\",\"breadcrumb\":{\"@id\":\"https:\\\/\\\/kidsplay.lt\\\/produktas\\\/didele-dvieju-asiu-priekaba-savivartis\\\/#breadcrumb\"},\"inLanguage\":\"lv-LV\",\"potentialAction\":[{\"@type\":\"ReadAction\",\"target\":[\"https:\\\/\\\/kidsplay.lt\\\/produktas\\\/didele-dvieju-asiu-priekaba-savivartis\\\/\"]}]},{\"@type\":\"ImageObject\",\"inLanguage\":\"lv-LV\",\"@id\":\"https:\\\/\\\/kidsplay.lt\\\/produktas\\\/didele-dvieju-asiu-priekaba-savivartis\\\/#primaryimage\",\"url\":\"https:\\\/\\\/kidsplay.lt\\\/wp-content\\\/uploads\\\/2024\\\/09\\\/Didele-dvieju-asiu-priekaba-savivartis.jpg\",\"contentUrl\":\"https:\\\/\\\/kidsplay.lt\\\/wp-content\\\/uploads\\\/2024\\\/09\\\/Didele-dvieju-asiu-priekaba-savivartis.jpg\",\"width\":1000,\"height\":1000,\"caption\":\"Didel\u0117 dviej\u0173 a\u0161i\u0173 priekaba\"},{\"@type\":\"BreadcrumbList\",\"@id\":\"https:\\\/\\\/kidsplay.lt\\\/produktas\\\/didele-dvieju-asiu-priekaba-savivartis\\\/#breadcrumb\",\"itemListElement\":[{\"@type\":\"ListItem\",\"position\":1,\"name\":\"Pagrindinis\",\"item\":\"https:\\\/\\\/kidsplay.lt\\\/\"},{\"@type\":\"ListItem\",\"position\":2,\"name\":\"Parduotuv\u0117\",\"item\":\"https:\\\/\\\/kidsplay.lt\\\/parduotuve\\\/\"},{\"@type\":\"ListItem\",\"position\":3,\"name\":\"Didel\u0117 dviej\u0173 a\u0161i\u0173 priekaba, savivartis\"}]},{\"@type\":\"WebSite\",\"@id\":\"https:\\\/\\\/kidsplay.lt\\\/#website\",\"url\":\"https:\\\/\\\/kidsplay.lt\\\/\",\"name\":\"Kidsplay.lt\",\"description\":\"\u012evairios prek\u0117s vaikams\",\"publisher\":{\"@id\":\"https:\\\/\\\/kidsplay.lt\\\/#organization\"},\"alternateName\":\"Kidsplay\",\"potentialAction\":[{\"@type\":\"SearchAction\",\"target\":{\"@type\":\"EntryPoint\",\"urlTemplate\":\"https:\\\/\\\/kidsplay.lt\\\/?s={search_term_string}\"},\"query-input\":{\"@type\":\"PropertyValueSpecification\",\"valueRequired\":true,\"valueName\":\"search_term_string\"}}],\"inLanguage\":\"lv-LV\"},{\"@type\":\"Organization\",\"@id\":\"https:\\\/\\\/kidsplay.lt\\\/#organization\",\"name\":\"KidsPlay\",\"url\":\"https:\\\/\\\/kidsplay.lt\\\/\",\"logo\":{\"@type\":\"ImageObject\",\"inLanguage\":\"lv-LV\",\"@id\":\"https:\\\/\\\/kidsplay.lt\\\/#\\\/schema\\\/logo\\\/image\\\/\",\"url\":\"https:\\\/\\\/kidsplay.lt\\\/wp-content\\\/uploads\\\/2023\\\/07\\\/kidsplay-logo.png\",\"contentUrl\":\"https:\\\/\\\/kidsplay.lt\\\/wp-content\\\/uploads\\\/2023\\\/07\\\/kidsplay-logo.png\",\"width\":451,\"height\":98,\"caption\":\"KidsPlay\"},\"image\":{\"@id\":\"https:\\\/\\\/kidsplay.lt\\\/#\\\/schema\\\/logo\\\/image\\\/\"},\"sameAs\":[\"https:\\\/\\\/www.facebook.com\\\/www.kidsplay.lt\"]}]}<\/script>\n<!-- \/ Yoast SEO plugin. -->","yoast_head_json":{"title":"Didel\u0117 dviej\u0173 a\u0161i\u0173 priekaba, savivartis","description":"Galinis \u0161oninis atidarymas didelis konteineris apver\u010diama d\u0117\u017e\u0117 - Dviej\u0173 a\u0161i\u0173 priekaba tinka visiems traktoriams su priekabos vilkimo rankena.","robots":{"index":"index","follow":"follow","max-snippet":"max-snippet:-1","max-image-preview":"max-image-preview:large","max-video-preview":"max-video-preview:-1"},"canonical":"https:\/\/kidsplay.lt\/lv\/products\/didele-dvieju-asiu-priekaba-savivartis\/","og_locale":"lv_LV","og_type":"article","og_title":"Didel\u0117 dviej\u0173 a\u0161i\u0173 priekaba, savivartis","og_description":"Galinis \u0161oninis atidarymas didelis konteineris apver\u010diama d\u0117\u017e\u0117 - Dviej\u0173 a\u0161i\u0173 priekaba tinka visiems traktoriams su priekabos vilkimo rankena.","og_url":"https:\/\/kidsplay.lt\/lv\/products\/didele-dvieju-asiu-priekaba-savivartis\/","og_site_name":"KidsPlay","article_publisher":"https:\/\/www.facebook.com\/www.kidsplay.lt","article_modified_time":"2026-02-26T18:43:18+00:00","og_image":[{"width":1000,"height":1000,"url":"https:\/\/kidsplay.lt\/wp-content\/uploads\/2024\/09\/Didele-dvieju-asiu-priekaba-savivartis.jpg","type":"image\/jpeg"}],"twitter_card":"summary_large_image","schema":{"@context":"https:\/\/schema.org","@graph":[{"@type":"WebPage","@id":"https:\/\/kidsplay.lt\/produktas\/didele-dvieju-asiu-priekaba-savivartis\/","url":"https:\/\/kidsplay.lt\/produktas\/didele-dvieju-asiu-priekaba-savivartis\/","name":"Didel\u0117 dviej\u0173 a\u0161i\u0173 priekaba, savivartis","isPartOf":{"@id":"https:\/\/kidsplay.lt\/#website"},"primaryImageOfPage":{"@id":"https:\/\/kidsplay.lt\/produktas\/didele-dvieju-asiu-priekaba-savivartis\/#primaryimage"},"image":{"@id":"https:\/\/kidsplay.lt\/produktas\/didele-dvieju-asiu-priekaba-savivartis\/#primaryimage"},"thumbnailUrl":"https:\/\/kidsplay.lt\/wp-content\/uploads\/2024\/09\/Didele-dvieju-asiu-priekaba-savivartis.jpg","datePublished":"2026-02-26T07:49:08+00:00","dateModified":"2026-02-26T18:43:18+00:00","description":"Galinis \u0161oninis atidarymas didelis konteineris apver\u010diama d\u0117\u017e\u0117 - Dviej\u0173 a\u0161i\u0173 priekaba tinka visiems traktoriams su priekabos vilkimo rankena.","breadcrumb":{"@id":"https:\/\/kidsplay.lt\/produktas\/didele-dvieju-asiu-priekaba-savivartis\/#breadcrumb"},"inLanguage":"lv-LV","potentialAction":[{"@type":"ReadAction","target":["https:\/\/kidsplay.lt\/produktas\/didele-dvieju-asiu-priekaba-savivartis\/"]}]},{"@type":"ImageObject","inLanguage":"lv-LV","@id":"https:\/\/kidsplay.lt\/produktas\/didele-dvieju-asiu-priekaba-savivartis\/#primaryimage","url":"https:\/\/kidsplay.lt\/wp-content\/uploads\/2024\/09\/Didele-dvieju-asiu-priekaba-savivartis.jpg","contentUrl":"https:\/\/kidsplay.lt\/wp-content\/uploads\/2024\/09\/Didele-dvieju-asiu-priekaba-savivartis.jpg","width":1000,"height":1000,"caption":"Didel\u0117 dviej\u0173 a\u0161i\u0173 priekaba"},{"@type":"BreadcrumbList","@id":"https:\/\/kidsplay.lt\/produktas\/didele-dvieju-asiu-priekaba-savivartis\/#breadcrumb","itemListElement":[{"@type":"ListItem","position":1,"name":"Pagrindinis","item":"https:\/\/kidsplay.lt\/"},{"@type":"ListItem","position":2,"name":"Parduotuv\u0117","item":"https:\/\/kidsplay.lt\/parduotuve\/"},{"@type":"ListItem","position":3,"name":"Didel\u0117 dviej\u0173 a\u0161i\u0173 priekaba, savivartis"}]},{"@type":"WebSite","@id":"https:\/\/kidsplay.lt\/#website","url":"https:\/\/kidsplay.lt\/","name":"B\u0113rnu sp\u0113les.lv","description":"\u012evairios prek\u0117s vaikams","publisher":{"@id":"https:\/\/kidsplay.lt\/#organization"},"alternateName":"Kidsplay","potentialAction":[{"@type":"SearchAction","target":{"@type":"EntryPoint","urlTemplate":"https:\/\/kidsplay.lt\/?s={search_term_string}"},"query-input":{"@type":"PropertyValueSpecification","valueRequired":true,"valueName":"search_term_string"}}],"inLanguage":"lv-LV"},{"@type":"Organization","@id":"https:\/\/kidsplay.lt\/#organization","name":"B\u0113rnu sp\u0113le","url":"https:\/\/kidsplay.lt\/","logo":{"@type":"ImageObject","inLanguage":"lv-LV","@id":"https:\/\/kidsplay.lt\/#\/schema\/logo\/image\/","url":"https:\/\/kidsplay.lt\/wp-content\/uploads\/2023\/07\/kidsplay-logo.png","contentUrl":"https:\/\/kidsplay.lt\/wp-content\/uploads\/2023\/07\/kidsplay-logo.png","width":451,"height":98,"caption":"KidsPlay"},"image":{"@id":"https:\/\/kidsplay.lt\/#\/schema\/logo\/image\/"},"sameAs":["https:\/\/www.facebook.com\/www.kidsplay.lt"]}]}},"_links":{"self":[{"href":"https:\/\/kidsplay.lt\/lv\/wp-json\/wp\/v2\/product\/90611","targetHints":{"allow":["GET"]}}],"collection":[{"href":"https:\/\/kidsplay.lt\/lv\/wp-json\/wp\/v2\/product"}],"about":[{"href":"https:\/\/kidsplay.lt\/lv\/wp-json\/wp\/v2\/types\/product"}],"version-history":[{"count":1,"href":"https:\/\/kidsplay.lt\/lv\/wp-json\/wp\/v2\/product\/90611\/revisions"}],"predecessor-version":[{"id":90612,"href":"https:\/\/kidsplay.lt\/lv\/wp-json\/wp\/v2\/product\/90611\/revisions\/90612"}],"wp:featuredmedia":[{"embeddable":true,"href":"https:\/\/kidsplay.lt\/lv\/wp-json\/wp\/v2\/media\/53107"}],"wp:attachment":[{"href":"https:\/\/kidsplay.lt\/lv\/wp-json\/wp\/v2\/media?parent=90611"}],"wp:term":[{"taxonomy":"product_brand","embeddable":true,"href":"https:\/\/kidsplay.lt\/lv\/wp-json\/wp\/v2\/product_brand?post=90611"},{"taxonomy":"product_cat","embeddable":true,"href":"https:\/\/kidsplay.lt\/lv\/wp-json\/wp\/v2\/product_cat?post=90611"},{"taxonomy":"product_tag","embeddable":true,"href":"https:\/\/kidsplay.lt\/lv\/wp-json\/wp\/v2\/product_tag?post=90611"}],"curies":[{"name":"wp","href":"https:\/\/api.w.org\/{rel}","templated":true}]}}