{"id":90613,"date":"2026-02-26T09:49:11","date_gmt":"2026-02-26T07:49:11","guid":{"rendered":"https:\/\/kidsplay.lt\/produktas\/eismo-kugio-rinkinys-4vnt\/"},"modified":"2026-04-07T11:01:36","modified_gmt":"2026-04-07T08:01:36","slug":"eismo-kugio-rinkinys-4vnt","status":"publish","type":"product","link":"https:\/\/kidsplay.lt\/lv\/products\/eismo-kugio-rinkinys-4vnt\/","title":{"rendered":"Satiksmes konusu komplekts 4 gab."},"content":{"rendered":"<p>Eismo k\u016bgiai &#8211;\u00a0puiki\u00a0mokymo priemon\u0117, padedanti vaikams nuo pat ma\u017eum\u0117s diegti eismo pagrindus, kurie b\u016btini j\u0173\u00a0saugumui, sveikatai ir gyvybei.\u00a0BIG\u00a0eismo k\u016bgeli\u0173 rinkinys leis j\u016bs\u0173 vaikui susipa\u017einti su pasirinktais eismo aspektais. Juos, kaip ir tikrame kelyje, galima naudoti eismo juostai, stov\u0117jimo vietai ar per\u0117jai u\u017etverti.<\/p>\n<p>Rinkin\u012f sudaro 4 stulpeliai. Gaminys puikiai tinka vairuojamoms transporto priemon\u0117ms, atrakcionams, dvira\u010diams. Rinkin\u012f rekomenduojama naudoti vaik\u0173 dar\u017eeliuose, mokyklose ir \u017eaidim\u0173 kambariuose.<\/p>\n<p>Gaminys pagamintas i\u0161 lanks\u010dios med\u017eiagos, tod\u0117l yra labai atsparus sm\u016bgiams.<\/p>\n<p>&#8211; Pagaminta i\u0161 lanks\u010dios med\u017eiagos, atspari sm\u016bgiams<br \/>\n&#8211; Auk\u0161tos kokyb\u0117s gaminys<br \/>\n&#8211; \u012e komplekt\u0105 \u012feina 4 stulpeliai<br \/>\n&#8211; Idealiai tinka mokantis va\u017eiuoti ried\u017eiu<\/p>","protected":false},"excerpt":{"rendered":"<p>Eismo k\u016bgiai &#8211;\u00a0puiki\u00a0mokymo priemon\u0117, padedanti vaikams nuo pat ma\u017eum\u0117s diegti eismo pagrindus, kurie b\u016btini j\u0173\u00a0saugumui, sveikatai ir gyvybei.\u00a0BIG\u00a0eismo k\u016bgeli\u0173 rinkinys<\/p>","protected":false},"featured_media":53128,"template":"","meta":{"_acf_changed":false,"_glsr_average":0,"_glsr_ranking":0,"_glsr_reviews":0},"product_brand":[],"product_cat":[237,433],"product_tag":[],"class_list":{"0":"post-90613","1":"product","2":"type-product","3":"status-publish","4":"has-post-thumbnail","6":"product_cat-judejimo-priemones","7":"product_cat-priedai-judejimo-priemones","8":"\"style=\"background-color: #2ecc711c;\"","10":"first","11":"instock","12":"purchasable","13":"product-type-simple"},"acf":[],"yoast_head":"<!-- This site is optimized with the Yoast SEO plugin v27.3 - https:\/\/yoast.com\/product\/yoast-seo-wordpress\/ -->\n<title>Eismo k\u016bgio rinkinys 4vnt<\/title>\n<meta name=\"description\" content=\"Eismo k\u016bgiai -\u00a0puiki\u00a0mokymo priemon\u0117, padedanti vaikams nuo pat ma\u017eum\u0117s diegti eismo pagrindus, kurie b\u016btini j\u0173\u00a0saugumui, sveikatai ir gyvybei.\" \/>\n<meta name=\"robots\" content=\"index, follow, max-snippet:-1, max-image-preview:large, max-video-preview:-1\" \/>\n<link rel=\"canonical\" href=\"https:\/\/kidsplay.lt\/lv\/products\/eismo-kugio-rinkinys-4vnt\/\" \/>\n<meta property=\"og:locale\" content=\"lv_LV\" \/>\n<meta property=\"og:type\" content=\"article\" \/>\n<meta property=\"og:title\" content=\"Eismo k\u016bgio rinkinys 4vnt\" \/>\n<meta property=\"og:description\" content=\"Eismo k\u016bgiai -\u00a0puiki\u00a0mokymo priemon\u0117, padedanti vaikams nuo pat ma\u017eum\u0117s diegti eismo pagrindus, kurie b\u016btini j\u0173\u00a0saugumui, sveikatai ir gyvybei.\" \/>\n<meta property=\"og:url\" content=\"https:\/\/kidsplay.lt\/lv\/products\/eismo-kugio-rinkinys-4vnt\/\" \/>\n<meta property=\"og:site_name\" content=\"KidsPlay\" \/>\n<meta property=\"article:publisher\" content=\"https:\/\/www.facebook.com\/www.kidsplay.lt\" \/>\n<meta property=\"article:modified_time\" content=\"2026-04-07T08:01:36+00:00\" \/>\n<meta property=\"og:image\" content=\"https:\/\/kidsplay.lt\/wp-content\/uploads\/2024\/09\/Eismo-kugio-rinkinys-4vnt.jpg\" \/>\n\t<meta property=\"og:image:width\" content=\"1000\" \/>\n\t<meta property=\"og:image:height\" content=\"1000\" \/>\n\t<meta property=\"og:image:type\" content=\"image\/jpeg\" \/>\n<meta name=\"twitter:card\" content=\"summary_large_image\" \/>\n<meta name=\"twitter:label1\" content=\"Est. reading time\" \/>\n\t<meta name=\"twitter:data1\" content=\"1 min\u016bte\" \/>\n<script type=\"application\/ld+json\" class=\"yoast-schema-graph\">{\"@context\":\"https:\\\/\\\/schema.org\",\"@graph\":[{\"@type\":\"WebPage\",\"@id\":\"https:\\\/\\\/kidsplay.lt\\\/produktas\\\/eismo-kugio-rinkinys-4vnt\\\/\",\"url\":\"https:\\\/\\\/kidsplay.lt\\\/produktas\\\/eismo-kugio-rinkinys-4vnt\\\/\",\"name\":\"Eismo k\u016bgio rinkinys 4vnt\",\"isPartOf\":{\"@id\":\"https:\\\/\\\/kidsplay.lt\\\/#website\"},\"primaryImageOfPage\":{\"@id\":\"https:\\\/\\\/kidsplay.lt\\\/produktas\\\/eismo-kugio-rinkinys-4vnt\\\/#primaryimage\"},\"image\":{\"@id\":\"https:\\\/\\\/kidsplay.lt\\\/produktas\\\/eismo-kugio-rinkinys-4vnt\\\/#primaryimage\"},\"thumbnailUrl\":\"https:\\\/\\\/kidsplay.lt\\\/wp-content\\\/uploads\\\/2024\\\/09\\\/Eismo-kugio-rinkinys-4vnt.jpg\",\"datePublished\":\"2026-02-26T07:49:11+00:00\",\"dateModified\":\"2026-04-07T08:01:36+00:00\",\"description\":\"Eismo k\u016bgiai -\u00a0puiki\u00a0mokymo priemon\u0117, padedanti vaikams nuo pat ma\u017eum\u0117s diegti eismo pagrindus, kurie b\u016btini j\u0173\u00a0saugumui, sveikatai ir gyvybei.\",\"breadcrumb\":{\"@id\":\"https:\\\/\\\/kidsplay.lt\\\/produktas\\\/eismo-kugio-rinkinys-4vnt\\\/#breadcrumb\"},\"inLanguage\":\"lv-LV\",\"potentialAction\":[{\"@type\":\"ReadAction\",\"target\":[\"https:\\\/\\\/kidsplay.lt\\\/produktas\\\/eismo-kugio-rinkinys-4vnt\\\/\"]}]},{\"@type\":\"ImageObject\",\"inLanguage\":\"lv-LV\",\"@id\":\"https:\\\/\\\/kidsplay.lt\\\/produktas\\\/eismo-kugio-rinkinys-4vnt\\\/#primaryimage\",\"url\":\"https:\\\/\\\/kidsplay.lt\\\/wp-content\\\/uploads\\\/2024\\\/09\\\/Eismo-kugio-rinkinys-4vnt.jpg\",\"contentUrl\":\"https:\\\/\\\/kidsplay.lt\\\/wp-content\\\/uploads\\\/2024\\\/09\\\/Eismo-kugio-rinkinys-4vnt.jpg\",\"width\":1000,\"height\":1000,\"caption\":\"Eismo k\u016bgio rinkinys 4vnt\"},{\"@type\":\"BreadcrumbList\",\"@id\":\"https:\\\/\\\/kidsplay.lt\\\/produktas\\\/eismo-kugio-rinkinys-4vnt\\\/#breadcrumb\",\"itemListElement\":[{\"@type\":\"ListItem\",\"position\":1,\"name\":\"Pagrindinis\",\"item\":\"https:\\\/\\\/kidsplay.lt\\\/\"},{\"@type\":\"ListItem\",\"position\":2,\"name\":\"Parduotuv\u0117\",\"item\":\"https:\\\/\\\/kidsplay.lt\\\/parduotuve\\\/\"},{\"@type\":\"ListItem\",\"position\":3,\"name\":\"Eismo k\u016bgio rinkinys 4vnt\"}]},{\"@type\":\"WebSite\",\"@id\":\"https:\\\/\\\/kidsplay.lt\\\/#website\",\"url\":\"https:\\\/\\\/kidsplay.lt\\\/\",\"name\":\"Kidsplay.lt\",\"description\":\"\u012evairios prek\u0117s vaikams\",\"publisher\":{\"@id\":\"https:\\\/\\\/kidsplay.lt\\\/#organization\"},\"alternateName\":\"Kidsplay\",\"potentialAction\":[{\"@type\":\"SearchAction\",\"target\":{\"@type\":\"EntryPoint\",\"urlTemplate\":\"https:\\\/\\\/kidsplay.lt\\\/?s={search_term_string}\"},\"query-input\":{\"@type\":\"PropertyValueSpecification\",\"valueRequired\":true,\"valueName\":\"search_term_string\"}}],\"inLanguage\":\"lv-LV\"},{\"@type\":\"Organization\",\"@id\":\"https:\\\/\\\/kidsplay.lt\\\/#organization\",\"name\":\"KidsPlay\",\"url\":\"https:\\\/\\\/kidsplay.lt\\\/\",\"logo\":{\"@type\":\"ImageObject\",\"inLanguage\":\"lv-LV\",\"@id\":\"https:\\\/\\\/kidsplay.lt\\\/#\\\/schema\\\/logo\\\/image\\\/\",\"url\":\"https:\\\/\\\/kidsplay.lt\\\/wp-content\\\/uploads\\\/2023\\\/07\\\/kidsplay-logo.png\",\"contentUrl\":\"https:\\\/\\\/kidsplay.lt\\\/wp-content\\\/uploads\\\/2023\\\/07\\\/kidsplay-logo.png\",\"width\":451,\"height\":98,\"caption\":\"KidsPlay\"},\"image\":{\"@id\":\"https:\\\/\\\/kidsplay.lt\\\/#\\\/schema\\\/logo\\\/image\\\/\"},\"sameAs\":[\"https:\\\/\\\/www.facebook.com\\\/www.kidsplay.lt\"]}]}<\/script>\n<!-- \/ Yoast SEO plugin. -->","yoast_head_json":{"title":"Satiksmes konusu komplekts 4 gab.","description":"Eismo k\u016bgiai -\u00a0puiki\u00a0mokymo priemon\u0117, padedanti vaikams nuo pat ma\u017eum\u0117s diegti eismo pagrindus, kurie b\u016btini j\u0173\u00a0saugumui, sveikatai ir gyvybei.","robots":{"index":"index","follow":"follow","max-snippet":"max-snippet:-1","max-image-preview":"max-image-preview:large","max-video-preview":"max-video-preview:-1"},"canonical":"https:\/\/kidsplay.lt\/lv\/products\/eismo-kugio-rinkinys-4vnt\/","og_locale":"lv_LV","og_type":"article","og_title":"Eismo k\u016bgio rinkinys 4vnt","og_description":"Eismo k\u016bgiai -\u00a0puiki\u00a0mokymo priemon\u0117, padedanti vaikams nuo pat ma\u017eum\u0117s diegti eismo pagrindus, kurie b\u016btini j\u0173\u00a0saugumui, sveikatai ir gyvybei.","og_url":"https:\/\/kidsplay.lt\/lv\/products\/eismo-kugio-rinkinys-4vnt\/","og_site_name":"KidsPlay","article_publisher":"https:\/\/www.facebook.com\/www.kidsplay.lt","article_modified_time":"2026-04-07T08:01:36+00:00","og_image":[{"width":1000,"height":1000,"url":"https:\/\/kidsplay.lt\/wp-content\/uploads\/2024\/09\/Eismo-kugio-rinkinys-4vnt.jpg","type":"image\/jpeg"}],"twitter_card":"summary_large_image","twitter_misc":{"Est. reading time":"1 min\u016bte"},"schema":{"@context":"https:\/\/schema.org","@graph":[{"@type":"WebPage","@id":"https:\/\/kidsplay.lt\/produktas\/eismo-kugio-rinkinys-4vnt\/","url":"https:\/\/kidsplay.lt\/produktas\/eismo-kugio-rinkinys-4vnt\/","name":"Satiksmes konusu komplekts 4 gab.","isPartOf":{"@id":"https:\/\/kidsplay.lt\/#website"},"primaryImageOfPage":{"@id":"https:\/\/kidsplay.lt\/produktas\/eismo-kugio-rinkinys-4vnt\/#primaryimage"},"image":{"@id":"https:\/\/kidsplay.lt\/produktas\/eismo-kugio-rinkinys-4vnt\/#primaryimage"},"thumbnailUrl":"https:\/\/kidsplay.lt\/wp-content\/uploads\/2024\/09\/Eismo-kugio-rinkinys-4vnt.jpg","datePublished":"2026-02-26T07:49:11+00:00","dateModified":"2026-04-07T08:01:36+00:00","description":"Eismo k\u016bgiai -\u00a0puiki\u00a0mokymo priemon\u0117, padedanti vaikams nuo pat ma\u017eum\u0117s diegti eismo pagrindus, kurie b\u016btini j\u0173\u00a0saugumui, sveikatai ir gyvybei.","breadcrumb":{"@id":"https:\/\/kidsplay.lt\/produktas\/eismo-kugio-rinkinys-4vnt\/#breadcrumb"},"inLanguage":"lv-LV","potentialAction":[{"@type":"ReadAction","target":["https:\/\/kidsplay.lt\/produktas\/eismo-kugio-rinkinys-4vnt\/"]}]},{"@type":"ImageObject","inLanguage":"lv-LV","@id":"https:\/\/kidsplay.lt\/produktas\/eismo-kugio-rinkinys-4vnt\/#primaryimage","url":"https:\/\/kidsplay.lt\/wp-content\/uploads\/2024\/09\/Eismo-kugio-rinkinys-4vnt.jpg","contentUrl":"https:\/\/kidsplay.lt\/wp-content\/uploads\/2024\/09\/Eismo-kugio-rinkinys-4vnt.jpg","width":1000,"height":1000,"caption":"Eismo k\u016bgio rinkinys 4vnt"},{"@type":"BreadcrumbList","@id":"https:\/\/kidsplay.lt\/produktas\/eismo-kugio-rinkinys-4vnt\/#breadcrumb","itemListElement":[{"@type":"ListItem","position":1,"name":"Pagrindinis","item":"https:\/\/kidsplay.lt\/"},{"@type":"ListItem","position":2,"name":"Parduotuv\u0117","item":"https:\/\/kidsplay.lt\/parduotuve\/"},{"@type":"ListItem","position":3,"name":"Eismo k\u016bgio rinkinys 4vnt"}]},{"@type":"WebSite","@id":"https:\/\/kidsplay.lt\/#website","url":"https:\/\/kidsplay.lt\/","name":"B\u0113rnu sp\u0113les.lv","description":"\u012evairios prek\u0117s vaikams","publisher":{"@id":"https:\/\/kidsplay.lt\/#organization"},"alternateName":"Kidsplay","potentialAction":[{"@type":"SearchAction","target":{"@type":"EntryPoint","urlTemplate":"https:\/\/kidsplay.lt\/?s={search_term_string}"},"query-input":{"@type":"PropertyValueSpecification","valueRequired":true,"valueName":"search_term_string"}}],"inLanguage":"lv-LV"},{"@type":"Organization","@id":"https:\/\/kidsplay.lt\/#organization","name":"B\u0113rnu sp\u0113le","url":"https:\/\/kidsplay.lt\/","logo":{"@type":"ImageObject","inLanguage":"lv-LV","@id":"https:\/\/kidsplay.lt\/#\/schema\/logo\/image\/","url":"https:\/\/kidsplay.lt\/wp-content\/uploads\/2023\/07\/kidsplay-logo.png","contentUrl":"https:\/\/kidsplay.lt\/wp-content\/uploads\/2023\/07\/kidsplay-logo.png","width":451,"height":98,"caption":"KidsPlay"},"image":{"@id":"https:\/\/kidsplay.lt\/#\/schema\/logo\/image\/"},"sameAs":["https:\/\/www.facebook.com\/www.kidsplay.lt"]}]}},"_links":{"self":[{"href":"https:\/\/kidsplay.lt\/lv\/wp-json\/wp\/v2\/product\/90613","targetHints":{"allow":["GET"]}}],"collection":[{"href":"https:\/\/kidsplay.lt\/lv\/wp-json\/wp\/v2\/product"}],"about":[{"href":"https:\/\/kidsplay.lt\/lv\/wp-json\/wp\/v2\/types\/product"}],"version-history":[{"count":1,"href":"https:\/\/kidsplay.lt\/lv\/wp-json\/wp\/v2\/product\/90613\/revisions"}],"predecessor-version":[{"id":90614,"href":"https:\/\/kidsplay.lt\/lv\/wp-json\/wp\/v2\/product\/90613\/revisions\/90614"}],"wp:featuredmedia":[{"embeddable":true,"href":"https:\/\/kidsplay.lt\/lv\/wp-json\/wp\/v2\/media\/53128"}],"wp:attachment":[{"href":"https:\/\/kidsplay.lt\/lv\/wp-json\/wp\/v2\/media?parent=90613"}],"wp:term":[{"taxonomy":"product_brand","embeddable":true,"href":"https:\/\/kidsplay.lt\/lv\/wp-json\/wp\/v2\/product_brand?post=90613"},{"taxonomy":"product_cat","embeddable":true,"href":"https:\/\/kidsplay.lt\/lv\/wp-json\/wp\/v2\/product_cat?post=90613"},{"taxonomy":"product_tag","embeddable":true,"href":"https:\/\/kidsplay.lt\/lv\/wp-json\/wp\/v2\/product_tag?post=90613"}],"curies":[{"name":"wp","href":"https:\/\/api.w.org\/{rel}","templated":true}]}}