{"id":90625,"date":"2026-02-26T09:49:26","date_gmt":"2026-02-26T07:49:26","guid":{"rendered":"https:\/\/kidsplay.lt\/produktas\/paspiriama-masina-vienaragis\/"},"modified":"2026-04-07T11:01:43","modified_gmt":"2026-04-07T08:01:43","slug":"paspiriama-masina-vienaragis","status":"publish","type":"product","link":"https:\/\/kidsplay.lt\/lv\/products\/paspiriama-masina-vienaragis\/","title":{"rendered":"Paspiriama ma\u0161ina &#8211; vienaragis"},"content":{"rendered":"<p>Ergonomi\u0161kas, tvirtas, ry\u0161kus ir \u0161vie\u010diantis automobilis su garsu ir \u0161vie\u010dia tamsoje. Automobilis yra unikalios raudonos spalvos, modernaus stiliaus. Jame \u012frengtas vairas su garso signalu, kuris suteikia vaikui daugiau \u017eaidimo patirties. Va\u017eiuokl\u0117 turi profiliuot\u0105 s\u0117dyn\u0119, tod\u0117l galima \u017eaisti dviejose pad\u0117tyse &#8211; s\u0117dint arba kl\u016bpint.<\/p>\n<p>&#8211; turi\u00a0vair\u0105 su garso signalu,<br \/>\n&#8211; d\u0117l \u017eemo svorio centro\u00a0saugiau mokytis pirm\u0173j\u0173 &#8222;\u017eingsni\u0173&#8221; ant\u00a0raitelio,<br \/>\n&#8211; raitelis\u00a0turi plastikinius ratukus, kurie idealiai tinka naudoti ant \u012fvairi\u0173 pavir\u0161i\u0173,<br \/>\n&#8211;\u00a0priekiniai ratai yra pasukami, kad b\u016bt\u0173 patogiau vairuoti ir sukti,<br \/>\n&#8211; be to, komplekto priekyje yra\u00a0vilkimo rankena, o gale &#8211;\u00a0priekabos kablys,<br \/>\n&#8211;\u00a0did\u017eiausia leistina apkrova &#8211; 50 kg,<br \/>\n&#8211; tinka vaikams nuo\u00a012 m\u0117nesi\u0173\u00a0am\u017eiaus,<br \/>\n&#8211;\u00a0pagamintas Vokietijoje,<br \/>\n&#8211; raitelis yra i\u0161 dalies surinktas,<br \/>\n&#8211;\u00a0s\u0117dyn\u0117 yra 20 cm auk\u0161\u010dio,<br \/>\n&#8211; \u0161vie\u010dia\u00a0tamsoje.<\/p>","protected":false},"excerpt":{"rendered":"<p>Ergonomi\u0161kas, tvirtas, ry\u0161kus ir \u0161vie\u010diantis automobilis su garsu ir \u0161vie\u010dia tamsoje. Automobilis yra unikalios raudonos spalvos, modernaus stiliaus. Jame \u012frengtas<\/p>","protected":false},"featured_media":53317,"template":"","meta":{"_acf_changed":false,"_glsr_average":0,"_glsr_ranking":0,"_glsr_reviews":0},"product_brand":[],"product_cat":[237,238],"product_tag":[],"class_list":{"0":"post-90625","1":"product","2":"type-product","3":"status-publish","4":"has-post-thumbnail","6":"product_cat-judejimo-priemones","7":"product_cat-stumdomos-masineles","8":"\"style=\"background-color: #2ecc711c;\"","10":"first","11":"instock","12":"purchasable","13":"product-type-simple"},"acf":[],"yoast_head":"<!-- This site is optimized with the Yoast SEO plugin v27.3 - https:\/\/yoast.com\/product\/yoast-seo-wordpress\/ -->\n<title>Paspiriama ma\u0161ina &#8211; vienaragis<\/title>\n<meta name=\"description\" content=\"Ergonomi\u0161kas, tvirtas, ry\u0161kus ir \u0161vie\u010diantis automobilis su garsu ir \u0161vie\u010dia tamsoje. Automobilis yra unikalios raudonos spalvos, modernaus stiliaus.\" \/>\n<meta name=\"robots\" content=\"index, follow, max-snippet:-1, max-image-preview:large, max-video-preview:-1\" \/>\n<link rel=\"canonical\" href=\"https:\/\/kidsplay.lt\/lv\/products\/paspiriama-masina-vienaragis\/\" \/>\n<meta property=\"og:locale\" content=\"lv_LV\" \/>\n<meta property=\"og:type\" content=\"article\" \/>\n<meta property=\"og:title\" content=\"Paspiriama ma\u0161ina &#8211; vienaragis\" \/>\n<meta property=\"og:description\" content=\"Ergonomi\u0161kas, tvirtas, ry\u0161kus ir \u0161vie\u010diantis automobilis su garsu ir \u0161vie\u010dia tamsoje. Automobilis yra unikalios raudonos spalvos, modernaus stiliaus.\" \/>\n<meta property=\"og:url\" content=\"https:\/\/kidsplay.lt\/lv\/products\/paspiriama-masina-vienaragis\/\" \/>\n<meta property=\"og:site_name\" content=\"KidsPlay\" \/>\n<meta property=\"article:publisher\" content=\"https:\/\/www.facebook.com\/www.kidsplay.lt\" \/>\n<meta property=\"article:modified_time\" content=\"2026-04-07T08:01:43+00:00\" \/>\n<meta property=\"og:image\" content=\"https:\/\/kidsplay.lt\/wp-content\/uploads\/2024\/09\/Paspiriama-masina-\u2013-vienaragis.jpg\" \/>\n\t<meta property=\"og:image:width\" content=\"1000\" \/>\n\t<meta property=\"og:image:height\" content=\"1000\" \/>\n\t<meta property=\"og:image:type\" content=\"image\/jpeg\" \/>\n<meta name=\"twitter:card\" content=\"summary_large_image\" \/>\n<meta name=\"twitter:label1\" content=\"Est. reading time\" \/>\n\t<meta name=\"twitter:data1\" content=\"1 min\u016bte\" \/>\n<script type=\"application\/ld+json\" class=\"yoast-schema-graph\">{\"@context\":\"https:\\\/\\\/schema.org\",\"@graph\":[{\"@type\":\"WebPage\",\"@id\":\"https:\\\/\\\/kidsplay.lt\\\/produktas\\\/paspiriama-masina-vienaragis\\\/\",\"url\":\"https:\\\/\\\/kidsplay.lt\\\/produktas\\\/paspiriama-masina-vienaragis\\\/\",\"name\":\"Paspiriama ma\u0161ina &#8211; vienaragis\",\"isPartOf\":{\"@id\":\"https:\\\/\\\/kidsplay.lt\\\/#website\"},\"primaryImageOfPage\":{\"@id\":\"https:\\\/\\\/kidsplay.lt\\\/produktas\\\/paspiriama-masina-vienaragis\\\/#primaryimage\"},\"image\":{\"@id\":\"https:\\\/\\\/kidsplay.lt\\\/produktas\\\/paspiriama-masina-vienaragis\\\/#primaryimage\"},\"thumbnailUrl\":\"https:\\\/\\\/kidsplay.lt\\\/wp-content\\\/uploads\\\/2024\\\/09\\\/Paspiriama-masina-\u2013-vienaragis.jpg\",\"datePublished\":\"2026-02-26T07:49:26+00:00\",\"dateModified\":\"2026-04-07T08:01:43+00:00\",\"description\":\"Ergonomi\u0161kas, tvirtas, ry\u0161kus ir \u0161vie\u010diantis automobilis su garsu ir \u0161vie\u010dia tamsoje. Automobilis yra unikalios raudonos spalvos, modernaus stiliaus.\",\"breadcrumb\":{\"@id\":\"https:\\\/\\\/kidsplay.lt\\\/produktas\\\/paspiriama-masina-vienaragis\\\/#breadcrumb\"},\"inLanguage\":\"lv-LV\",\"potentialAction\":[{\"@type\":\"ReadAction\",\"target\":[\"https:\\\/\\\/kidsplay.lt\\\/produktas\\\/paspiriama-masina-vienaragis\\\/\"]}]},{\"@type\":\"ImageObject\",\"inLanguage\":\"lv-LV\",\"@id\":\"https:\\\/\\\/kidsplay.lt\\\/produktas\\\/paspiriama-masina-vienaragis\\\/#primaryimage\",\"url\":\"https:\\\/\\\/kidsplay.lt\\\/wp-content\\\/uploads\\\/2024\\\/09\\\/Paspiriama-masina-\u2013-vienaragis.jpg\",\"contentUrl\":\"https:\\\/\\\/kidsplay.lt\\\/wp-content\\\/uploads\\\/2024\\\/09\\\/Paspiriama-masina-\u2013-vienaragis.jpg\",\"width\":1000,\"height\":1000,\"caption\":\"Paspiriama ma\u0161ina &#8211; vienaragis\"},{\"@type\":\"BreadcrumbList\",\"@id\":\"https:\\\/\\\/kidsplay.lt\\\/produktas\\\/paspiriama-masina-vienaragis\\\/#breadcrumb\",\"itemListElement\":[{\"@type\":\"ListItem\",\"position\":1,\"name\":\"Pagrindinis\",\"item\":\"https:\\\/\\\/kidsplay.lt\\\/\"},{\"@type\":\"ListItem\",\"position\":2,\"name\":\"Parduotuv\u0117\",\"item\":\"https:\\\/\\\/kidsplay.lt\\\/parduotuve\\\/\"},{\"@type\":\"ListItem\",\"position\":3,\"name\":\"Paspiriama ma\u0161ina &#8211; vienaragis\"}]},{\"@type\":\"WebSite\",\"@id\":\"https:\\\/\\\/kidsplay.lt\\\/#website\",\"url\":\"https:\\\/\\\/kidsplay.lt\\\/\",\"name\":\"Kidsplay.lt\",\"description\":\"\u012evairios prek\u0117s vaikams\",\"publisher\":{\"@id\":\"https:\\\/\\\/kidsplay.lt\\\/#organization\"},\"alternateName\":\"Kidsplay\",\"potentialAction\":[{\"@type\":\"SearchAction\",\"target\":{\"@type\":\"EntryPoint\",\"urlTemplate\":\"https:\\\/\\\/kidsplay.lt\\\/?s={search_term_string}\"},\"query-input\":{\"@type\":\"PropertyValueSpecification\",\"valueRequired\":true,\"valueName\":\"search_term_string\"}}],\"inLanguage\":\"lv-LV\"},{\"@type\":\"Organization\",\"@id\":\"https:\\\/\\\/kidsplay.lt\\\/#organization\",\"name\":\"KidsPlay\",\"url\":\"https:\\\/\\\/kidsplay.lt\\\/\",\"logo\":{\"@type\":\"ImageObject\",\"inLanguage\":\"lv-LV\",\"@id\":\"https:\\\/\\\/kidsplay.lt\\\/#\\\/schema\\\/logo\\\/image\\\/\",\"url\":\"https:\\\/\\\/kidsplay.lt\\\/wp-content\\\/uploads\\\/2023\\\/07\\\/kidsplay-logo.png\",\"contentUrl\":\"https:\\\/\\\/kidsplay.lt\\\/wp-content\\\/uploads\\\/2023\\\/07\\\/kidsplay-logo.png\",\"width\":451,\"height\":98,\"caption\":\"KidsPlay\"},\"image\":{\"@id\":\"https:\\\/\\\/kidsplay.lt\\\/#\\\/schema\\\/logo\\\/image\\\/\"},\"sameAs\":[\"https:\\\/\\\/www.facebook.com\\\/www.kidsplay.lt\"]}]}<\/script>\n<!-- \/ Yoast SEO plugin. -->","yoast_head_json":{"title":"Paspiriama ma\u0161ina &#8211; vienaragis","description":"Ergonomi\u0161kas, tvirtas, ry\u0161kus ir \u0161vie\u010diantis automobilis su garsu ir \u0161vie\u010dia tamsoje. Automobilis yra unikalios raudonos spalvos, modernaus stiliaus.","robots":{"index":"index","follow":"follow","max-snippet":"max-snippet:-1","max-image-preview":"max-image-preview:large","max-video-preview":"max-video-preview:-1"},"canonical":"https:\/\/kidsplay.lt\/lv\/products\/paspiriama-masina-vienaragis\/","og_locale":"lv_LV","og_type":"article","og_title":"Paspiriama ma\u0161ina &#8211; vienaragis","og_description":"Ergonomi\u0161kas, tvirtas, ry\u0161kus ir \u0161vie\u010diantis automobilis su garsu ir \u0161vie\u010dia tamsoje. Automobilis yra unikalios raudonos spalvos, modernaus stiliaus.","og_url":"https:\/\/kidsplay.lt\/lv\/products\/paspiriama-masina-vienaragis\/","og_site_name":"KidsPlay","article_publisher":"https:\/\/www.facebook.com\/www.kidsplay.lt","article_modified_time":"2026-04-07T08:01:43+00:00","og_image":[{"width":1000,"height":1000,"url":"https:\/\/kidsplay.lt\/wp-content\/uploads\/2024\/09\/Paspiriama-masina-\u2013-vienaragis.jpg","type":"image\/jpeg"}],"twitter_card":"summary_large_image","twitter_misc":{"Est. reading time":"1 min\u016bte"},"schema":{"@context":"https:\/\/schema.org","@graph":[{"@type":"WebPage","@id":"https:\/\/kidsplay.lt\/produktas\/paspiriama-masina-vienaragis\/","url":"https:\/\/kidsplay.lt\/produktas\/paspiriama-masina-vienaragis\/","name":"Paspiriama ma\u0161ina &#8211; vienaragis","isPartOf":{"@id":"https:\/\/kidsplay.lt\/#website"},"primaryImageOfPage":{"@id":"https:\/\/kidsplay.lt\/produktas\/paspiriama-masina-vienaragis\/#primaryimage"},"image":{"@id":"https:\/\/kidsplay.lt\/produktas\/paspiriama-masina-vienaragis\/#primaryimage"},"thumbnailUrl":"https:\/\/kidsplay.lt\/wp-content\/uploads\/2024\/09\/Paspiriama-masina-\u2013-vienaragis.jpg","datePublished":"2026-02-26T07:49:26+00:00","dateModified":"2026-04-07T08:01:43+00:00","description":"Ergonomi\u0161kas, tvirtas, ry\u0161kus ir \u0161vie\u010diantis automobilis su garsu ir \u0161vie\u010dia tamsoje. Automobilis yra unikalios raudonos spalvos, modernaus stiliaus.","breadcrumb":{"@id":"https:\/\/kidsplay.lt\/produktas\/paspiriama-masina-vienaragis\/#breadcrumb"},"inLanguage":"lv-LV","potentialAction":[{"@type":"ReadAction","target":["https:\/\/kidsplay.lt\/produktas\/paspiriama-masina-vienaragis\/"]}]},{"@type":"ImageObject","inLanguage":"lv-LV","@id":"https:\/\/kidsplay.lt\/produktas\/paspiriama-masina-vienaragis\/#primaryimage","url":"https:\/\/kidsplay.lt\/wp-content\/uploads\/2024\/09\/Paspiriama-masina-\u2013-vienaragis.jpg","contentUrl":"https:\/\/kidsplay.lt\/wp-content\/uploads\/2024\/09\/Paspiriama-masina-\u2013-vienaragis.jpg","width":1000,"height":1000,"caption":"Paspiriama ma\u0161ina &#8211; vienaragis"},{"@type":"BreadcrumbList","@id":"https:\/\/kidsplay.lt\/produktas\/paspiriama-masina-vienaragis\/#breadcrumb","itemListElement":[{"@type":"ListItem","position":1,"name":"Pagrindinis","item":"https:\/\/kidsplay.lt\/"},{"@type":"ListItem","position":2,"name":"Parduotuv\u0117","item":"https:\/\/kidsplay.lt\/parduotuve\/"},{"@type":"ListItem","position":3,"name":"Paspiriama ma\u0161ina &#8211; vienaragis"}]},{"@type":"WebSite","@id":"https:\/\/kidsplay.lt\/#website","url":"https:\/\/kidsplay.lt\/","name":"B\u0113rnu sp\u0113les.lv","description":"\u012evairios prek\u0117s vaikams","publisher":{"@id":"https:\/\/kidsplay.lt\/#organization"},"alternateName":"Kidsplay","potentialAction":[{"@type":"SearchAction","target":{"@type":"EntryPoint","urlTemplate":"https:\/\/kidsplay.lt\/?s={search_term_string}"},"query-input":{"@type":"PropertyValueSpecification","valueRequired":true,"valueName":"search_term_string"}}],"inLanguage":"lv-LV"},{"@type":"Organization","@id":"https:\/\/kidsplay.lt\/#organization","name":"B\u0113rnu sp\u0113le","url":"https:\/\/kidsplay.lt\/","logo":{"@type":"ImageObject","inLanguage":"lv-LV","@id":"https:\/\/kidsplay.lt\/#\/schema\/logo\/image\/","url":"https:\/\/kidsplay.lt\/wp-content\/uploads\/2023\/07\/kidsplay-logo.png","contentUrl":"https:\/\/kidsplay.lt\/wp-content\/uploads\/2023\/07\/kidsplay-logo.png","width":451,"height":98,"caption":"KidsPlay"},"image":{"@id":"https:\/\/kidsplay.lt\/#\/schema\/logo\/image\/"},"sameAs":["https:\/\/www.facebook.com\/www.kidsplay.lt"]}]}},"_links":{"self":[{"href":"https:\/\/kidsplay.lt\/lv\/wp-json\/wp\/v2\/product\/90625","targetHints":{"allow":["GET"]}}],"collection":[{"href":"https:\/\/kidsplay.lt\/lv\/wp-json\/wp\/v2\/product"}],"about":[{"href":"https:\/\/kidsplay.lt\/lv\/wp-json\/wp\/v2\/types\/product"}],"version-history":[{"count":1,"href":"https:\/\/kidsplay.lt\/lv\/wp-json\/wp\/v2\/product\/90625\/revisions"}],"predecessor-version":[{"id":90626,"href":"https:\/\/kidsplay.lt\/lv\/wp-json\/wp\/v2\/product\/90625\/revisions\/90626"}],"wp:featuredmedia":[{"embeddable":true,"href":"https:\/\/kidsplay.lt\/lv\/wp-json\/wp\/v2\/media\/53317"}],"wp:attachment":[{"href":"https:\/\/kidsplay.lt\/lv\/wp-json\/wp\/v2\/media?parent=90625"}],"wp:term":[{"taxonomy":"product_brand","embeddable":true,"href":"https:\/\/kidsplay.lt\/lv\/wp-json\/wp\/v2\/product_brand?post=90625"},{"taxonomy":"product_cat","embeddable":true,"href":"https:\/\/kidsplay.lt\/lv\/wp-json\/wp\/v2\/product_cat?post=90625"},{"taxonomy":"product_tag","embeddable":true,"href":"https:\/\/kidsplay.lt\/lv\/wp-json\/wp\/v2\/product_tag?post=90625"}],"curies":[{"name":"wp","href":"https:\/\/api.w.org\/{rel}","templated":true}]}}