{"id":90627,"date":"2026-02-26T09:49:29","date_gmt":"2026-02-26T07:49:29","guid":{"rendered":"https:\/\/kidsplay.lt\/produktas\/vairuojamas-kranas-big-rider\/"},"modified":"2026-04-13T15:27:05","modified_gmt":"2026-04-13T12:27:05","slug":"vairuojamas-kranas-big-rider","status":"publish","type":"product","link":"https:\/\/kidsplay.lt\/lv\/products\/vairuojamas-kranas-big-rider\/","title":{"rendered":"BIG Rider vad\u0101mais celtnis"},"content":{"rendered":"<p>Skirtas \u017eaisti tiek namuose, tiek lauke. Geriausios kokyb\u0117s rinkoje! Voki\u0161kas ilgaam\u017ei\u0161kumas ir tikslumas.\u00a0Puiki dovanos id\u0117ja bet kuriam ma\u017eyliui. Transporto priemon\u0117 prad\u017eiugins ir berniukus, ir mergaites. Gaminys pagamintas atsi\u017evelgiant \u012f\u00a0pa\u010di\u0173 ma\u017eiausi\u0173j\u0173 saugum\u0105. Vairuotojas turi didel\u0119 patogi\u0105 s\u0117dyn\u0119. Kranas sukasi\u00a0360 laipsni\u0173 kampu\u00a0aplink vertikali\u0105 a\u0161\u012f. Kranas gali saugiai pakelti iki\u00a0450 gr svorio\u00a0daiktus. Vaikas skatins\u00a0vaizduot\u0119\u00a0ir\u00a0gerins judesi\u0173 koordinacij\u0105. Linksmyb\u0117ms nebus galo!<\/p>\n<p>&#8211; Skirta vaikams\u00a0nuo 3 met\u0173<br \/>\n&#8211; Didel\u0117 patogi s\u0117dyn\u0117<br \/>\n&#8211; visi\u0161kai funkcionalus\u00a0360 laipsni\u0173\u00a0sukimosi aplink vertikali\u0105j\u0105 a\u0161\u012f mechanizmas<br \/>\n&#8211;\u00a0mink\u0161tos gumos ratukai\u00a0nebrai\u017eo pavir\u0161iaus ir nekelia triuk\u0161mo<br \/>\n&#8211; Krovumas iki 50 kg<br \/>\n&#8211; Traukimo j\u0117ga iki 450 gr.<br \/>\n&#8211; vis\u0105 transporto priemon\u0119 galima lengvai\u00a0i\u0161valyti po tekan\u010diu vandeniu<\/p>","protected":false},"excerpt":{"rendered":"<p>Skirtas \u017eaisti tiek namuose, tiek lauke. Geriausios kokyb\u0117s rinkoje! Voki\u0161kas ilgaam\u017ei\u0161kumas ir tikslumas.\u00a0Puiki dovanos id\u0117ja bet kuriam ma\u017eyliui. Transporto priemon\u0117<\/p>","protected":false},"featured_media":53337,"template":"","meta":{"_acf_changed":false,"_glsr_average":0,"_glsr_ranking":0,"_glsr_reviews":0},"product_brand":[],"product_cat":[237,238],"product_tag":[],"class_list":{"0":"post-90627","1":"product","2":"type-product","3":"status-publish","4":"has-post-thumbnail","6":"product_cat-judejimo-priemones","7":"product_cat-stumdomos-masineles","8":"\"style=\"background-color: #2ecc711c;\"","10":"first","11":"instock","12":"purchasable","13":"product-type-simple"},"acf":[],"yoast_head":"<!-- This site is optimized with the Yoast SEO plugin v27.4 - https:\/\/yoast.com\/product\/yoast-seo-wordpress\/ -->\n<title>Vairuojamas kranas BIG Rider<\/title>\n<meta name=\"description\" content=\"Skirtas \u017eaisti tiek namuose, tiek lauke. Geriausios kokyb\u0117s rinkoje! Voki\u0161kas ilgaam\u017ei\u0161kumas ir tikslumas.\u00a0Puiki dovanos id\u0117ja bet kuriam ma\u017eyliui.\" \/>\n<meta name=\"robots\" content=\"index, follow, max-snippet:-1, max-image-preview:large, max-video-preview:-1\" \/>\n<link rel=\"canonical\" href=\"https:\/\/kidsplay.lt\/lv\/products\/vairuojamas-kranas-big-rider\/\" \/>\n<meta property=\"og:locale\" content=\"lv_LV\" \/>\n<meta property=\"og:type\" content=\"article\" \/>\n<meta property=\"og:title\" content=\"Vairuojamas kranas BIG Rider\" \/>\n<meta property=\"og:description\" content=\"Skirtas \u017eaisti tiek namuose, tiek lauke. Geriausios kokyb\u0117s rinkoje! Voki\u0161kas ilgaam\u017ei\u0161kumas ir tikslumas.\u00a0Puiki dovanos id\u0117ja bet kuriam ma\u017eyliui.\" \/>\n<meta property=\"og:url\" content=\"https:\/\/kidsplay.lt\/lv\/products\/vairuojamas-kranas-big-rider\/\" \/>\n<meta property=\"og:site_name\" content=\"KidsPlay\" \/>\n<meta property=\"article:publisher\" content=\"https:\/\/www.facebook.com\/www.kidsplay.lt\" \/>\n<meta property=\"article:modified_time\" content=\"2026-04-13T12:27:05+00:00\" \/>\n<meta property=\"og:image\" content=\"https:\/\/kidsplay.lt\/wp-content\/uploads\/2024\/09\/Vairuojamas-kranas-BIG-Rider.jpg\" \/>\n\t<meta property=\"og:image:width\" content=\"1000\" \/>\n\t<meta property=\"og:image:height\" content=\"1000\" \/>\n\t<meta property=\"og:image:type\" content=\"image\/jpeg\" \/>\n<meta name=\"twitter:card\" content=\"summary_large_image\" \/>\n<meta name=\"twitter:label1\" content=\"Est. reading time\" \/>\n\t<meta name=\"twitter:data1\" content=\"1 min\u016bte\" \/>\n<script type=\"application\/ld+json\" class=\"yoast-schema-graph\">{\"@context\":\"https:\\\/\\\/schema.org\",\"@graph\":[{\"@type\":\"WebPage\",\"@id\":\"https:\\\/\\\/kidsplay.lt\\\/produktas\\\/vairuojamas-kranas-big-rider\\\/\",\"url\":\"https:\\\/\\\/kidsplay.lt\\\/produktas\\\/vairuojamas-kranas-big-rider\\\/\",\"name\":\"Vairuojamas kranas BIG Rider\",\"isPartOf\":{\"@id\":\"https:\\\/\\\/kidsplay.lt\\\/#website\"},\"primaryImageOfPage\":{\"@id\":\"https:\\\/\\\/kidsplay.lt\\\/produktas\\\/vairuojamas-kranas-big-rider\\\/#primaryimage\"},\"image\":{\"@id\":\"https:\\\/\\\/kidsplay.lt\\\/produktas\\\/vairuojamas-kranas-big-rider\\\/#primaryimage\"},\"thumbnailUrl\":\"https:\\\/\\\/kidsplay.lt\\\/wp-content\\\/uploads\\\/2024\\\/09\\\/Vairuojamas-kranas-BIG-Rider.jpg\",\"datePublished\":\"2026-02-26T07:49:29+00:00\",\"dateModified\":\"2026-04-13T12:27:05+00:00\",\"description\":\"Skirtas \u017eaisti tiek namuose, tiek lauke. Geriausios kokyb\u0117s rinkoje! Voki\u0161kas ilgaam\u017ei\u0161kumas ir tikslumas.\u00a0Puiki dovanos id\u0117ja bet kuriam ma\u017eyliui.\",\"breadcrumb\":{\"@id\":\"https:\\\/\\\/kidsplay.lt\\\/produktas\\\/vairuojamas-kranas-big-rider\\\/#breadcrumb\"},\"inLanguage\":\"lv-LV\",\"potentialAction\":[{\"@type\":\"ReadAction\",\"target\":[\"https:\\\/\\\/kidsplay.lt\\\/produktas\\\/vairuojamas-kranas-big-rider\\\/\"]}]},{\"@type\":\"ImageObject\",\"inLanguage\":\"lv-LV\",\"@id\":\"https:\\\/\\\/kidsplay.lt\\\/produktas\\\/vairuojamas-kranas-big-rider\\\/#primaryimage\",\"url\":\"https:\\\/\\\/kidsplay.lt\\\/wp-content\\\/uploads\\\/2024\\\/09\\\/Vairuojamas-kranas-BIG-Rider.jpg\",\"contentUrl\":\"https:\\\/\\\/kidsplay.lt\\\/wp-content\\\/uploads\\\/2024\\\/09\\\/Vairuojamas-kranas-BIG-Rider.jpg\",\"width\":1000,\"height\":1000,\"caption\":\"Vairuojamas kranas BIG Rider\"},{\"@type\":\"BreadcrumbList\",\"@id\":\"https:\\\/\\\/kidsplay.lt\\\/produktas\\\/vairuojamas-kranas-big-rider\\\/#breadcrumb\",\"itemListElement\":[{\"@type\":\"ListItem\",\"position\":1,\"name\":\"Pagrindinis\",\"item\":\"https:\\\/\\\/kidsplay.lt\\\/\"},{\"@type\":\"ListItem\",\"position\":2,\"name\":\"Parduotuv\u0117\",\"item\":\"https:\\\/\\\/kidsplay.lt\\\/parduotuve\\\/\"},{\"@type\":\"ListItem\",\"position\":3,\"name\":\"Vairuojamas kranas BIG Rider\"}]},{\"@type\":\"WebSite\",\"@id\":\"https:\\\/\\\/kidsplay.lt\\\/#website\",\"url\":\"https:\\\/\\\/kidsplay.lt\\\/\",\"name\":\"Kidsplay.lt\",\"description\":\"\u012evairios prek\u0117s vaikams\",\"publisher\":{\"@id\":\"https:\\\/\\\/kidsplay.lt\\\/#organization\"},\"alternateName\":\"Kidsplay\",\"potentialAction\":[{\"@type\":\"SearchAction\",\"target\":{\"@type\":\"EntryPoint\",\"urlTemplate\":\"https:\\\/\\\/kidsplay.lt\\\/?s={search_term_string}\"},\"query-input\":{\"@type\":\"PropertyValueSpecification\",\"valueRequired\":true,\"valueName\":\"search_term_string\"}}],\"inLanguage\":\"lv-LV\"},{\"@type\":\"Organization\",\"@id\":\"https:\\\/\\\/kidsplay.lt\\\/#organization\",\"name\":\"KidsPlay\",\"url\":\"https:\\\/\\\/kidsplay.lt\\\/\",\"logo\":{\"@type\":\"ImageObject\",\"inLanguage\":\"lv-LV\",\"@id\":\"https:\\\/\\\/kidsplay.lt\\\/#\\\/schema\\\/logo\\\/image\\\/\",\"url\":\"https:\\\/\\\/kidsplay.lt\\\/wp-content\\\/uploads\\\/2023\\\/07\\\/kidsplay-logo.png\",\"contentUrl\":\"https:\\\/\\\/kidsplay.lt\\\/wp-content\\\/uploads\\\/2023\\\/07\\\/kidsplay-logo.png\",\"width\":451,\"height\":98,\"caption\":\"KidsPlay\"},\"image\":{\"@id\":\"https:\\\/\\\/kidsplay.lt\\\/#\\\/schema\\\/logo\\\/image\\\/\"},\"sameAs\":[\"https:\\\/\\\/www.facebook.com\\\/www.kidsplay.lt\"]}]}<\/script>\n<!-- \/ Yoast SEO plugin. -->","yoast_head_json":{"title":"BIG Rider vad\u0101mais celtnis","description":"Skirtas \u017eaisti tiek namuose, tiek lauke. Geriausios kokyb\u0117s rinkoje! Voki\u0161kas ilgaam\u017ei\u0161kumas ir tikslumas.\u00a0Puiki dovanos id\u0117ja bet kuriam ma\u017eyliui.","robots":{"index":"index","follow":"follow","max-snippet":"max-snippet:-1","max-image-preview":"max-image-preview:large","max-video-preview":"max-video-preview:-1"},"canonical":"https:\/\/kidsplay.lt\/lv\/products\/vairuojamas-kranas-big-rider\/","og_locale":"lv_LV","og_type":"article","og_title":"Vairuojamas kranas BIG Rider","og_description":"Skirtas \u017eaisti tiek namuose, tiek lauke. Geriausios kokyb\u0117s rinkoje! Voki\u0161kas ilgaam\u017ei\u0161kumas ir tikslumas.\u00a0Puiki dovanos id\u0117ja bet kuriam ma\u017eyliui.","og_url":"https:\/\/kidsplay.lt\/lv\/products\/vairuojamas-kranas-big-rider\/","og_site_name":"KidsPlay","article_publisher":"https:\/\/www.facebook.com\/www.kidsplay.lt","article_modified_time":"2026-04-13T12:27:05+00:00","og_image":[{"width":1000,"height":1000,"url":"https:\/\/kidsplay.lt\/wp-content\/uploads\/2024\/09\/Vairuojamas-kranas-BIG-Rider.jpg","type":"image\/jpeg"}],"twitter_card":"summary_large_image","twitter_misc":{"Est. reading time":"1 min\u016bte"},"schema":{"@context":"https:\/\/schema.org","@graph":[{"@type":"WebPage","@id":"https:\/\/kidsplay.lt\/produktas\/vairuojamas-kranas-big-rider\/","url":"https:\/\/kidsplay.lt\/produktas\/vairuojamas-kranas-big-rider\/","name":"BIG Rider vad\u0101mais celtnis","isPartOf":{"@id":"https:\/\/kidsplay.lt\/#website"},"primaryImageOfPage":{"@id":"https:\/\/kidsplay.lt\/produktas\/vairuojamas-kranas-big-rider\/#primaryimage"},"image":{"@id":"https:\/\/kidsplay.lt\/produktas\/vairuojamas-kranas-big-rider\/#primaryimage"},"thumbnailUrl":"https:\/\/kidsplay.lt\/wp-content\/uploads\/2024\/09\/Vairuojamas-kranas-BIG-Rider.jpg","datePublished":"2026-02-26T07:49:29+00:00","dateModified":"2026-04-13T12:27:05+00:00","description":"Skirtas \u017eaisti tiek namuose, tiek lauke. Geriausios kokyb\u0117s rinkoje! Voki\u0161kas ilgaam\u017ei\u0161kumas ir tikslumas.\u00a0Puiki dovanos id\u0117ja bet kuriam ma\u017eyliui.","breadcrumb":{"@id":"https:\/\/kidsplay.lt\/produktas\/vairuojamas-kranas-big-rider\/#breadcrumb"},"inLanguage":"lv-LV","potentialAction":[{"@type":"ReadAction","target":["https:\/\/kidsplay.lt\/produktas\/vairuojamas-kranas-big-rider\/"]}]},{"@type":"ImageObject","inLanguage":"lv-LV","@id":"https:\/\/kidsplay.lt\/produktas\/vairuojamas-kranas-big-rider\/#primaryimage","url":"https:\/\/kidsplay.lt\/wp-content\/uploads\/2024\/09\/Vairuojamas-kranas-BIG-Rider.jpg","contentUrl":"https:\/\/kidsplay.lt\/wp-content\/uploads\/2024\/09\/Vairuojamas-kranas-BIG-Rider.jpg","width":1000,"height":1000,"caption":"Vairuojamas kranas BIG Rider"},{"@type":"BreadcrumbList","@id":"https:\/\/kidsplay.lt\/produktas\/vairuojamas-kranas-big-rider\/#breadcrumb","itemListElement":[{"@type":"ListItem","position":1,"name":"Pagrindinis","item":"https:\/\/kidsplay.lt\/"},{"@type":"ListItem","position":2,"name":"Parduotuv\u0117","item":"https:\/\/kidsplay.lt\/parduotuve\/"},{"@type":"ListItem","position":3,"name":"Vairuojamas kranas BIG Rider"}]},{"@type":"WebSite","@id":"https:\/\/kidsplay.lt\/#website","url":"https:\/\/kidsplay.lt\/","name":"B\u0113rnu sp\u0113les.lv","description":"\u012evairios prek\u0117s vaikams","publisher":{"@id":"https:\/\/kidsplay.lt\/#organization"},"alternateName":"Kidsplay","potentialAction":[{"@type":"SearchAction","target":{"@type":"EntryPoint","urlTemplate":"https:\/\/kidsplay.lt\/?s={search_term_string}"},"query-input":{"@type":"PropertyValueSpecification","valueRequired":true,"valueName":"search_term_string"}}],"inLanguage":"lv-LV"},{"@type":"Organization","@id":"https:\/\/kidsplay.lt\/#organization","name":"B\u0113rnu sp\u0113le","url":"https:\/\/kidsplay.lt\/","logo":{"@type":"ImageObject","inLanguage":"lv-LV","@id":"https:\/\/kidsplay.lt\/#\/schema\/logo\/image\/","url":"https:\/\/kidsplay.lt\/wp-content\/uploads\/2023\/07\/kidsplay-logo.png","contentUrl":"https:\/\/kidsplay.lt\/wp-content\/uploads\/2023\/07\/kidsplay-logo.png","width":451,"height":98,"caption":"KidsPlay"},"image":{"@id":"https:\/\/kidsplay.lt\/#\/schema\/logo\/image\/"},"sameAs":["https:\/\/www.facebook.com\/www.kidsplay.lt"]}]}},"_links":{"self":[{"href":"https:\/\/kidsplay.lt\/lv\/wp-json\/wp\/v2\/product\/90627","targetHints":{"allow":["GET"]}}],"collection":[{"href":"https:\/\/kidsplay.lt\/lv\/wp-json\/wp\/v2\/product"}],"about":[{"href":"https:\/\/kidsplay.lt\/lv\/wp-json\/wp\/v2\/types\/product"}],"version-history":[{"count":1,"href":"https:\/\/kidsplay.lt\/lv\/wp-json\/wp\/v2\/product\/90627\/revisions"}],"predecessor-version":[{"id":90628,"href":"https:\/\/kidsplay.lt\/lv\/wp-json\/wp\/v2\/product\/90627\/revisions\/90628"}],"wp:featuredmedia":[{"embeddable":true,"href":"https:\/\/kidsplay.lt\/lv\/wp-json\/wp\/v2\/media\/53337"}],"wp:attachment":[{"href":"https:\/\/kidsplay.lt\/lv\/wp-json\/wp\/v2\/media?parent=90627"}],"wp:term":[{"taxonomy":"product_brand","embeddable":true,"href":"https:\/\/kidsplay.lt\/lv\/wp-json\/wp\/v2\/product_brand?post=90627"},{"taxonomy":"product_cat","embeddable":true,"href":"https:\/\/kidsplay.lt\/lv\/wp-json\/wp\/v2\/product_cat?post=90627"},{"taxonomy":"product_tag","embeddable":true,"href":"https:\/\/kidsplay.lt\/lv\/wp-json\/wp\/v2\/product_tag?post=90627"}],"curies":[{"name":"wp","href":"https:\/\/api.w.org\/{rel}","templated":true}]}}