{"id":90641,"date":"2026-02-26T09:49:46","date_gmt":"2026-02-26T07:49:46","guid":{"rendered":"https:\/\/kidsplay.lt\/produktas\/raudoni-batu-uzvalkalai-juodi\/"},"modified":"2026-02-26T20:23:48","modified_gmt":"2026-02-26T18:23:48","slug":"raudoni-batu-uzvalkalai-juodi","status":"publish","type":"product","link":"https:\/\/kidsplay.lt\/lv\/products\/raudoni-batu-uzvalkalai-juodi\/","title":{"rendered":"Raudoni bat\u0173 u\u017evalkalai &#8211; juodi"},"content":{"rendered":"<p>Raudonos spalvos BIG guminiai bat\u0173 apsaugai puikiai apsaugos j\u016bs\u0173 vaiko batus, kol jis va\u017ein\u0117sis. Pilnas garas \u012f priek\u012f! D\u0117l BIG apsaug\u0173 j\u016bs\u0173 vaiko batai bus\u00a0apsaugoti\u00a0nuo pa\u017eeidim\u0173intensyviai naudojantis atrakcionu, pavyzd\u017eiui, smarkiai stabdant arba va\u017eiuojant akmenuotu pavir\u0161iumi. Apsaugos pagamintos i\u0161 mink\u0161tos med\u017eiagos, kuri lengvai priglunda &#8211; nepalieka joki\u0173 \u017eymi\u0173!<\/p>\n<p>&#8211; Reguliuojamas dydis leid\u017eia pritaikyti apsaug\u0105 prie savo bato<br \/>\n&#8211; Auk\u0161tos kokyb\u0117s gamyba<br \/>\n&#8211; Patvarus gaminys<br \/>\n&#8211; Patogus ma\u017eyliui<\/p>","protected":false},"excerpt":{"rendered":"<p>Raudonos spalvos BIG guminiai bat\u0173 apsaugai puikiai apsaugos j\u016bs\u0173 vaiko batus, kol jis va\u017ein\u0117sis. Pilnas garas \u012f priek\u012f! D\u0117l BIG<\/p>","protected":false},"featured_media":53494,"template":"","meta":{"_acf_changed":false,"_glsr_average":0,"_glsr_ranking":0,"_glsr_reviews":0},"product_brand":[],"product_cat":[237,433],"product_tag":[],"class_list":{"0":"post-90641","1":"product","2":"type-product","3":"status-publish","4":"has-post-thumbnail","6":"product_cat-judejimo-priemones","7":"product_cat-priedai-judejimo-priemones","8":"\"style=\"background-color: #2ecc711c;\"","10":"first","11":"outofstock","12":"purchasable","13":"product-type-simple"},"acf":[],"yoast_head":"<!-- This site is optimized with the Yoast SEO plugin v27.3 - https:\/\/yoast.com\/product\/yoast-seo-wordpress\/ -->\n<title>Raudoni bat\u0173 u\u017evalkalai &#8211; juodi<\/title>\n<meta name=\"description\" content=\"Raudonos spalvos BIG guminiai bat\u0173 apsaugai puikiai apsaugos j\u016bs\u0173 vaiko batus, kol jis va\u017ein\u0117sis. Pilnas garas \u012f priek\u012f! Greitas pristatymas!\" \/>\n<meta name=\"robots\" content=\"index, follow, max-snippet:-1, max-image-preview:large, max-video-preview:-1\" \/>\n<link rel=\"canonical\" href=\"https:\/\/kidsplay.lt\/lv\/products\/raudoni-batu-uzvalkalai-juodi\/\" \/>\n<meta property=\"og:locale\" content=\"lv_LV\" \/>\n<meta property=\"og:type\" content=\"article\" \/>\n<meta property=\"og:title\" content=\"Raudoni bat\u0173 u\u017evalkalai &#8211; juodi\" \/>\n<meta property=\"og:description\" content=\"Raudonos spalvos BIG guminiai bat\u0173 apsaugai puikiai apsaugos j\u016bs\u0173 vaiko batus, kol jis va\u017ein\u0117sis. Pilnas garas \u012f priek\u012f! Greitas pristatymas!\" \/>\n<meta property=\"og:url\" content=\"https:\/\/kidsplay.lt\/lv\/products\/raudoni-batu-uzvalkalai-juodi\/\" \/>\n<meta property=\"og:site_name\" content=\"KidsPlay\" \/>\n<meta property=\"article:publisher\" content=\"https:\/\/www.facebook.com\/www.kidsplay.lt\" \/>\n<meta property=\"article:modified_time\" content=\"2026-02-26T18:23:48+00:00\" \/>\n<meta property=\"og:image\" content=\"https:\/\/kidsplay.lt\/wp-content\/uploads\/2024\/09\/Raudoni-batu-uzvalkalai-\u2013-juodi.jpg\" \/>\n\t<meta property=\"og:image:width\" content=\"1000\" \/>\n\t<meta property=\"og:image:height\" content=\"1000\" \/>\n\t<meta property=\"og:image:type\" content=\"image\/jpeg\" \/>\n<meta name=\"twitter:card\" content=\"summary_large_image\" \/>\n<script type=\"application\/ld+json\" class=\"yoast-schema-graph\">{\"@context\":\"https:\\\/\\\/schema.org\",\"@graph\":[{\"@type\":\"WebPage\",\"@id\":\"https:\\\/\\\/kidsplay.lt\\\/produktas\\\/raudoni-batu-uzvalkalai-juodi\\\/\",\"url\":\"https:\\\/\\\/kidsplay.lt\\\/produktas\\\/raudoni-batu-uzvalkalai-juodi\\\/\",\"name\":\"Raudoni bat\u0173 u\u017evalkalai &#8211; juodi\",\"isPartOf\":{\"@id\":\"https:\\\/\\\/kidsplay.lt\\\/#website\"},\"primaryImageOfPage\":{\"@id\":\"https:\\\/\\\/kidsplay.lt\\\/produktas\\\/raudoni-batu-uzvalkalai-juodi\\\/#primaryimage\"},\"image\":{\"@id\":\"https:\\\/\\\/kidsplay.lt\\\/produktas\\\/raudoni-batu-uzvalkalai-juodi\\\/#primaryimage\"},\"thumbnailUrl\":\"https:\\\/\\\/kidsplay.lt\\\/wp-content\\\/uploads\\\/2024\\\/09\\\/Raudoni-batu-uzvalkalai-\u2013-juodi.jpg\",\"datePublished\":\"2026-02-26T07:49:46+00:00\",\"dateModified\":\"2026-02-26T18:23:48+00:00\",\"description\":\"Raudonos spalvos BIG guminiai bat\u0173 apsaugai puikiai apsaugos j\u016bs\u0173 vaiko batus, kol jis va\u017ein\u0117sis. Pilnas garas \u012f priek\u012f! Greitas pristatymas!\",\"breadcrumb\":{\"@id\":\"https:\\\/\\\/kidsplay.lt\\\/produktas\\\/raudoni-batu-uzvalkalai-juodi\\\/#breadcrumb\"},\"inLanguage\":\"lv-LV\",\"potentialAction\":[{\"@type\":\"ReadAction\",\"target\":[\"https:\\\/\\\/kidsplay.lt\\\/produktas\\\/raudoni-batu-uzvalkalai-juodi\\\/\"]}]},{\"@type\":\"ImageObject\",\"inLanguage\":\"lv-LV\",\"@id\":\"https:\\\/\\\/kidsplay.lt\\\/produktas\\\/raudoni-batu-uzvalkalai-juodi\\\/#primaryimage\",\"url\":\"https:\\\/\\\/kidsplay.lt\\\/wp-content\\\/uploads\\\/2024\\\/09\\\/Raudoni-batu-uzvalkalai-\u2013-juodi.jpg\",\"contentUrl\":\"https:\\\/\\\/kidsplay.lt\\\/wp-content\\\/uploads\\\/2024\\\/09\\\/Raudoni-batu-uzvalkalai-\u2013-juodi.jpg\",\"width\":1000,\"height\":1000,\"caption\":\"Raudoni bat\u0173 u\u017evalkalai &#8211; juodi\"},{\"@type\":\"BreadcrumbList\",\"@id\":\"https:\\\/\\\/kidsplay.lt\\\/produktas\\\/raudoni-batu-uzvalkalai-juodi\\\/#breadcrumb\",\"itemListElement\":[{\"@type\":\"ListItem\",\"position\":1,\"name\":\"Pagrindinis\",\"item\":\"https:\\\/\\\/kidsplay.lt\\\/\"},{\"@type\":\"ListItem\",\"position\":2,\"name\":\"Parduotuv\u0117\",\"item\":\"https:\\\/\\\/kidsplay.lt\\\/parduotuve\\\/\"},{\"@type\":\"ListItem\",\"position\":3,\"name\":\"Raudoni bat\u0173 u\u017evalkalai &#8211; juodi\"}]},{\"@type\":\"WebSite\",\"@id\":\"https:\\\/\\\/kidsplay.lt\\\/#website\",\"url\":\"https:\\\/\\\/kidsplay.lt\\\/\",\"name\":\"Kidsplay.lt\",\"description\":\"\u012evairios prek\u0117s vaikams\",\"publisher\":{\"@id\":\"https:\\\/\\\/kidsplay.lt\\\/#organization\"},\"alternateName\":\"Kidsplay\",\"potentialAction\":[{\"@type\":\"SearchAction\",\"target\":{\"@type\":\"EntryPoint\",\"urlTemplate\":\"https:\\\/\\\/kidsplay.lt\\\/?s={search_term_string}\"},\"query-input\":{\"@type\":\"PropertyValueSpecification\",\"valueRequired\":true,\"valueName\":\"search_term_string\"}}],\"inLanguage\":\"lv-LV\"},{\"@type\":\"Organization\",\"@id\":\"https:\\\/\\\/kidsplay.lt\\\/#organization\",\"name\":\"KidsPlay\",\"url\":\"https:\\\/\\\/kidsplay.lt\\\/\",\"logo\":{\"@type\":\"ImageObject\",\"inLanguage\":\"lv-LV\",\"@id\":\"https:\\\/\\\/kidsplay.lt\\\/#\\\/schema\\\/logo\\\/image\\\/\",\"url\":\"https:\\\/\\\/kidsplay.lt\\\/wp-content\\\/uploads\\\/2023\\\/07\\\/kidsplay-logo.png\",\"contentUrl\":\"https:\\\/\\\/kidsplay.lt\\\/wp-content\\\/uploads\\\/2023\\\/07\\\/kidsplay-logo.png\",\"width\":451,\"height\":98,\"caption\":\"KidsPlay\"},\"image\":{\"@id\":\"https:\\\/\\\/kidsplay.lt\\\/#\\\/schema\\\/logo\\\/image\\\/\"},\"sameAs\":[\"https:\\\/\\\/www.facebook.com\\\/www.kidsplay.lt\"]}]}<\/script>\n<!-- \/ Yoast SEO plugin. -->","yoast_head_json":{"title":"Raudoni bat\u0173 u\u017evalkalai &#8211; juodi","description":"Raudonos spalvos BIG guminiai bat\u0173 apsaugai puikiai apsaugos j\u016bs\u0173 vaiko batus, kol jis va\u017ein\u0117sis. Pilnas garas \u012f priek\u012f! Greitas pristatymas!","robots":{"index":"index","follow":"follow","max-snippet":"max-snippet:-1","max-image-preview":"max-image-preview:large","max-video-preview":"max-video-preview:-1"},"canonical":"https:\/\/kidsplay.lt\/lv\/products\/raudoni-batu-uzvalkalai-juodi\/","og_locale":"lv_LV","og_type":"article","og_title":"Raudoni bat\u0173 u\u017evalkalai &#8211; juodi","og_description":"Raudonos spalvos BIG guminiai bat\u0173 apsaugai puikiai apsaugos j\u016bs\u0173 vaiko batus, kol jis va\u017ein\u0117sis. Pilnas garas \u012f priek\u012f! Greitas pristatymas!","og_url":"https:\/\/kidsplay.lt\/lv\/products\/raudoni-batu-uzvalkalai-juodi\/","og_site_name":"KidsPlay","article_publisher":"https:\/\/www.facebook.com\/www.kidsplay.lt","article_modified_time":"2026-02-26T18:23:48+00:00","og_image":[{"width":1000,"height":1000,"url":"https:\/\/kidsplay.lt\/wp-content\/uploads\/2024\/09\/Raudoni-batu-uzvalkalai-\u2013-juodi.jpg","type":"image\/jpeg"}],"twitter_card":"summary_large_image","schema":{"@context":"https:\/\/schema.org","@graph":[{"@type":"WebPage","@id":"https:\/\/kidsplay.lt\/produktas\/raudoni-batu-uzvalkalai-juodi\/","url":"https:\/\/kidsplay.lt\/produktas\/raudoni-batu-uzvalkalai-juodi\/","name":"Raudoni bat\u0173 u\u017evalkalai &#8211; juodi","isPartOf":{"@id":"https:\/\/kidsplay.lt\/#website"},"primaryImageOfPage":{"@id":"https:\/\/kidsplay.lt\/produktas\/raudoni-batu-uzvalkalai-juodi\/#primaryimage"},"image":{"@id":"https:\/\/kidsplay.lt\/produktas\/raudoni-batu-uzvalkalai-juodi\/#primaryimage"},"thumbnailUrl":"https:\/\/kidsplay.lt\/wp-content\/uploads\/2024\/09\/Raudoni-batu-uzvalkalai-\u2013-juodi.jpg","datePublished":"2026-02-26T07:49:46+00:00","dateModified":"2026-02-26T18:23:48+00:00","description":"Raudonos spalvos BIG guminiai bat\u0173 apsaugai puikiai apsaugos j\u016bs\u0173 vaiko batus, kol jis va\u017ein\u0117sis. Pilnas garas \u012f priek\u012f! Greitas pristatymas!","breadcrumb":{"@id":"https:\/\/kidsplay.lt\/produktas\/raudoni-batu-uzvalkalai-juodi\/#breadcrumb"},"inLanguage":"lv-LV","potentialAction":[{"@type":"ReadAction","target":["https:\/\/kidsplay.lt\/produktas\/raudoni-batu-uzvalkalai-juodi\/"]}]},{"@type":"ImageObject","inLanguage":"lv-LV","@id":"https:\/\/kidsplay.lt\/produktas\/raudoni-batu-uzvalkalai-juodi\/#primaryimage","url":"https:\/\/kidsplay.lt\/wp-content\/uploads\/2024\/09\/Raudoni-batu-uzvalkalai-\u2013-juodi.jpg","contentUrl":"https:\/\/kidsplay.lt\/wp-content\/uploads\/2024\/09\/Raudoni-batu-uzvalkalai-\u2013-juodi.jpg","width":1000,"height":1000,"caption":"Raudoni bat\u0173 u\u017evalkalai &#8211; juodi"},{"@type":"BreadcrumbList","@id":"https:\/\/kidsplay.lt\/produktas\/raudoni-batu-uzvalkalai-juodi\/#breadcrumb","itemListElement":[{"@type":"ListItem","position":1,"name":"Pagrindinis","item":"https:\/\/kidsplay.lt\/"},{"@type":"ListItem","position":2,"name":"Parduotuv\u0117","item":"https:\/\/kidsplay.lt\/parduotuve\/"},{"@type":"ListItem","position":3,"name":"Raudoni bat\u0173 u\u017evalkalai &#8211; juodi"}]},{"@type":"WebSite","@id":"https:\/\/kidsplay.lt\/#website","url":"https:\/\/kidsplay.lt\/","name":"B\u0113rnu sp\u0113les.lv","description":"\u012evairios prek\u0117s vaikams","publisher":{"@id":"https:\/\/kidsplay.lt\/#organization"},"alternateName":"Kidsplay","potentialAction":[{"@type":"SearchAction","target":{"@type":"EntryPoint","urlTemplate":"https:\/\/kidsplay.lt\/?s={search_term_string}"},"query-input":{"@type":"PropertyValueSpecification","valueRequired":true,"valueName":"search_term_string"}}],"inLanguage":"lv-LV"},{"@type":"Organization","@id":"https:\/\/kidsplay.lt\/#organization","name":"B\u0113rnu sp\u0113le","url":"https:\/\/kidsplay.lt\/","logo":{"@type":"ImageObject","inLanguage":"lv-LV","@id":"https:\/\/kidsplay.lt\/#\/schema\/logo\/image\/","url":"https:\/\/kidsplay.lt\/wp-content\/uploads\/2023\/07\/kidsplay-logo.png","contentUrl":"https:\/\/kidsplay.lt\/wp-content\/uploads\/2023\/07\/kidsplay-logo.png","width":451,"height":98,"caption":"KidsPlay"},"image":{"@id":"https:\/\/kidsplay.lt\/#\/schema\/logo\/image\/"},"sameAs":["https:\/\/www.facebook.com\/www.kidsplay.lt"]}]}},"_links":{"self":[{"href":"https:\/\/kidsplay.lt\/lv\/wp-json\/wp\/v2\/product\/90641","targetHints":{"allow":["GET"]}}],"collection":[{"href":"https:\/\/kidsplay.lt\/lv\/wp-json\/wp\/v2\/product"}],"about":[{"href":"https:\/\/kidsplay.lt\/lv\/wp-json\/wp\/v2\/types\/product"}],"version-history":[{"count":1,"href":"https:\/\/kidsplay.lt\/lv\/wp-json\/wp\/v2\/product\/90641\/revisions"}],"predecessor-version":[{"id":90642,"href":"https:\/\/kidsplay.lt\/lv\/wp-json\/wp\/v2\/product\/90641\/revisions\/90642"}],"wp:featuredmedia":[{"embeddable":true,"href":"https:\/\/kidsplay.lt\/lv\/wp-json\/wp\/v2\/media\/53494"}],"wp:attachment":[{"href":"https:\/\/kidsplay.lt\/lv\/wp-json\/wp\/v2\/media?parent=90641"}],"wp:term":[{"taxonomy":"product_brand","embeddable":true,"href":"https:\/\/kidsplay.lt\/lv\/wp-json\/wp\/v2\/product_brand?post=90641"},{"taxonomy":"product_cat","embeddable":true,"href":"https:\/\/kidsplay.lt\/lv\/wp-json\/wp\/v2\/product_cat?post=90641"},{"taxonomy":"product_tag","embeddable":true,"href":"https:\/\/kidsplay.lt\/lv\/wp-json\/wp\/v2\/product_tag?post=90641"}],"curies":[{"name":"wp","href":"https:\/\/api.w.org\/{rel}","templated":true}]}}