{"id":90645,"date":"2026-02-26T09:49:51","date_gmt":"2026-02-26T07:49:51","guid":{"rendered":"https:\/\/kidsplay.lt\/produktas\/didelis-automobilio-laikiklis-bobby-automobiliu-vairuotojams\/"},"modified":"2026-03-30T20:29:32","modified_gmt":"2026-03-30T17:29:32","slug":"didelis-automobilio-laikiklis-bobby-automobiliu-vairuotojams","status":"publish","type":"product","link":"https:\/\/kidsplay.lt\/lv\/products\/didelis-automobilio-laikiklis-bobby-automobiliu-vairuotojams\/","title":{"rendered":"DIDELIS automobilio laikiklis Bobby automobili\u0173 vairuotojams"},"content":{"rendered":"<p>Gerbiamo vaiki\u0161k\u0173 \u017eaisl\u0173 gamintojo \u201eBig\u201c va\u017eiavimo juosta puikiai papildys j\u016bs\u0173 vaiko pasiva\u017ein\u0117jim\u0105. Reguliuojama 3 pakop\u0173 juosta, skirta Bobby Car stumti i\u0161 BIG . Labai naudingas patogumas, kai norisi Kontroluoti jauno vairuotojo veiksmus arba kai ilgo pasivaik\u0161\u010diojimo metu pavargsta ma\u017eos kojyt\u0117s. A strip of lengva surinkti \u2013 rankena pritvirtinama prie priekabos. Tinka BIG Bobby automobili\u0173 modeliams su priekabos kabeliu.<br \/>\ncharakteristikos:<\/p>\n<p> \tAuk\u0161ta gaminio kokyb\u0117<br \/>\n \tLengva surinkti<br \/>\n \tTinka BIG Bobby automobili\u0173 modeliai<br \/>\n \t3 \u017eingsni\u0173 reguliavimas<\/p>\n<p>(90-95 cm)<\/p>","protected":false},"excerpt":{"rendered":"<p>Gerbiamo vaiki\u0161k\u0173 \u017eaisl\u0173 gamintojo \u201eBig\u201c va\u017eiavimo juosta puikiai papildys j\u016bs\u0173 vaiko pasiva\u017ein\u0117jim\u0105. Reguliuojama 3 pakop\u0173 juosta, skirta Bobby Car stumti<\/p>","protected":false},"featured_media":53527,"template":"","meta":{"_acf_changed":false,"_glsr_average":0,"_glsr_ranking":0,"_glsr_reviews":0},"product_brand":[],"product_cat":[237,433],"product_tag":[],"class_list":{"0":"post-90645","1":"product","2":"type-product","3":"status-publish","4":"has-post-thumbnail","6":"product_cat-judejimo-priemones","7":"product_cat-priedai-judejimo-priemones","8":"\"style=\"background-color: #2ecc711c;\"","10":"first","11":"outofstock","12":"purchasable","13":"product-type-simple"},"acf":[],"yoast_head":"<!-- This site is optimized with the Yoast SEO plugin v27.3 - https:\/\/yoast.com\/product\/yoast-seo-wordpress\/ -->\n<title>DIDELIS automobilio laikiklis Bobby automobili\u0173 vairuotojams<\/title>\n<meta name=\"description\" content=\"DIDELIS automobilio laikiklis Bobby automobili\u0173 vairuotojams - KidsPlay. Did\u017eiausias vaik\u0173 \u017eaisl\u0173 pasirinkimas.\" \/>\n<meta name=\"robots\" content=\"index, follow, max-snippet:-1, max-image-preview:large, max-video-preview:-1\" \/>\n<link rel=\"canonical\" href=\"https:\/\/kidsplay.lt\/lv\/products\/didelis-automobilio-laikiklis-bobby-automobiliu-vairuotojams\/\" \/>\n<meta property=\"og:locale\" content=\"lv_LV\" \/>\n<meta property=\"og:type\" content=\"article\" \/>\n<meta property=\"og:title\" content=\"DIDELIS automobilio laikiklis Bobby automobili\u0173 vairuotojams\" \/>\n<meta property=\"og:description\" content=\"DIDELIS automobilio laikiklis Bobby automobili\u0173 vairuotojams - KidsPlay. Did\u017eiausias vaik\u0173 \u017eaisl\u0173 pasirinkimas.\" \/>\n<meta property=\"og:url\" content=\"https:\/\/kidsplay.lt\/lv\/products\/didelis-automobilio-laikiklis-bobby-automobiliu-vairuotojams\/\" \/>\n<meta property=\"og:site_name\" content=\"KidsPlay\" \/>\n<meta property=\"article:publisher\" content=\"https:\/\/www.facebook.com\/www.kidsplay.lt\" \/>\n<meta property=\"article:modified_time\" content=\"2026-03-30T17:29:32+00:00\" \/>\n<meta property=\"og:image\" content=\"https:\/\/kidsplay.lt\/wp-content\/uploads\/2024\/09\/DIDELIS-automobilio-laikiklis-Bobby-automobiliu-vairuotojams-1.jpg\" \/>\n\t<meta property=\"og:image:width\" content=\"1000\" \/>\n\t<meta property=\"og:image:height\" content=\"1000\" \/>\n\t<meta property=\"og:image:type\" content=\"image\/jpeg\" \/>\n<meta name=\"twitter:card\" content=\"summary_large_image\" \/>\n<script type=\"application\/ld+json\" class=\"yoast-schema-graph\">{\"@context\":\"https:\\\/\\\/schema.org\",\"@graph\":[{\"@type\":\"WebPage\",\"@id\":\"https:\\\/\\\/kidsplay.lt\\\/produktas\\\/didelis-automobilio-laikiklis-bobby-automobiliu-vairuotojams\\\/\",\"url\":\"https:\\\/\\\/kidsplay.lt\\\/produktas\\\/didelis-automobilio-laikiklis-bobby-automobiliu-vairuotojams\\\/\",\"name\":\"DIDELIS automobilio laikiklis Bobby automobili\u0173 vairuotojams\",\"isPartOf\":{\"@id\":\"https:\\\/\\\/kidsplay.lt\\\/#website\"},\"primaryImageOfPage\":{\"@id\":\"https:\\\/\\\/kidsplay.lt\\\/produktas\\\/didelis-automobilio-laikiklis-bobby-automobiliu-vairuotojams\\\/#primaryimage\"},\"image\":{\"@id\":\"https:\\\/\\\/kidsplay.lt\\\/produktas\\\/didelis-automobilio-laikiklis-bobby-automobiliu-vairuotojams\\\/#primaryimage\"},\"thumbnailUrl\":\"https:\\\/\\\/kidsplay.lt\\\/wp-content\\\/uploads\\\/2024\\\/09\\\/DIDELIS-automobilio-laikiklis-Bobby-automobiliu-vairuotojams-1.jpg\",\"datePublished\":\"2026-02-26T07:49:51+00:00\",\"dateModified\":\"2026-03-30T17:29:32+00:00\",\"description\":\"DIDELIS automobilio laikiklis Bobby automobili\u0173 vairuotojams - KidsPlay. Did\u017eiausias vaik\u0173 \u017eaisl\u0173 pasirinkimas.\",\"breadcrumb\":{\"@id\":\"https:\\\/\\\/kidsplay.lt\\\/produktas\\\/didelis-automobilio-laikiklis-bobby-automobiliu-vairuotojams\\\/#breadcrumb\"},\"inLanguage\":\"lv-LV\",\"potentialAction\":[{\"@type\":\"ReadAction\",\"target\":[\"https:\\\/\\\/kidsplay.lt\\\/produktas\\\/didelis-automobilio-laikiklis-bobby-automobiliu-vairuotojams\\\/\"]}]},{\"@type\":\"ImageObject\",\"inLanguage\":\"lv-LV\",\"@id\":\"https:\\\/\\\/kidsplay.lt\\\/produktas\\\/didelis-automobilio-laikiklis-bobby-automobiliu-vairuotojams\\\/#primaryimage\",\"url\":\"https:\\\/\\\/kidsplay.lt\\\/wp-content\\\/uploads\\\/2024\\\/09\\\/DIDELIS-automobilio-laikiklis-Bobby-automobiliu-vairuotojams-1.jpg\",\"contentUrl\":\"https:\\\/\\\/kidsplay.lt\\\/wp-content\\\/uploads\\\/2024\\\/09\\\/DIDELIS-automobilio-laikiklis-Bobby-automobiliu-vairuotojams-1.jpg\",\"width\":1000,\"height\":1000,\"caption\":\"DIDELIS automobilio laikiklis Bobby automobili\u0173 vairuotojams\"},{\"@type\":\"BreadcrumbList\",\"@id\":\"https:\\\/\\\/kidsplay.lt\\\/produktas\\\/didelis-automobilio-laikiklis-bobby-automobiliu-vairuotojams\\\/#breadcrumb\",\"itemListElement\":[{\"@type\":\"ListItem\",\"position\":1,\"name\":\"Pagrindinis\",\"item\":\"https:\\\/\\\/kidsplay.lt\\\/\"},{\"@type\":\"ListItem\",\"position\":2,\"name\":\"Parduotuv\u0117\",\"item\":\"https:\\\/\\\/kidsplay.lt\\\/parduotuve\\\/\"},{\"@type\":\"ListItem\",\"position\":3,\"name\":\"DIDELIS automobilio laikiklis Bobby automobili\u0173 vairuotojams\"}]},{\"@type\":\"WebSite\",\"@id\":\"https:\\\/\\\/kidsplay.lt\\\/#website\",\"url\":\"https:\\\/\\\/kidsplay.lt\\\/\",\"name\":\"Kidsplay.lt\",\"description\":\"\u012evairios prek\u0117s vaikams\",\"publisher\":{\"@id\":\"https:\\\/\\\/kidsplay.lt\\\/#organization\"},\"alternateName\":\"Kidsplay\",\"potentialAction\":[{\"@type\":\"SearchAction\",\"target\":{\"@type\":\"EntryPoint\",\"urlTemplate\":\"https:\\\/\\\/kidsplay.lt\\\/?s={search_term_string}\"},\"query-input\":{\"@type\":\"PropertyValueSpecification\",\"valueRequired\":true,\"valueName\":\"search_term_string\"}}],\"inLanguage\":\"lv-LV\"},{\"@type\":\"Organization\",\"@id\":\"https:\\\/\\\/kidsplay.lt\\\/#organization\",\"name\":\"KidsPlay\",\"url\":\"https:\\\/\\\/kidsplay.lt\\\/\",\"logo\":{\"@type\":\"ImageObject\",\"inLanguage\":\"lv-LV\",\"@id\":\"https:\\\/\\\/kidsplay.lt\\\/#\\\/schema\\\/logo\\\/image\\\/\",\"url\":\"https:\\\/\\\/kidsplay.lt\\\/wp-content\\\/uploads\\\/2023\\\/07\\\/kidsplay-logo.png\",\"contentUrl\":\"https:\\\/\\\/kidsplay.lt\\\/wp-content\\\/uploads\\\/2023\\\/07\\\/kidsplay-logo.png\",\"width\":451,\"height\":98,\"caption\":\"KidsPlay\"},\"image\":{\"@id\":\"https:\\\/\\\/kidsplay.lt\\\/#\\\/schema\\\/logo\\\/image\\\/\"},\"sameAs\":[\"https:\\\/\\\/www.facebook.com\\\/www.kidsplay.lt\"]}]}<\/script>\n<!-- \/ Yoast SEO plugin. -->","yoast_head_json":{"title":"DIDELIS automobilio laikiklis Bobby automobili\u0173 vairuotojams","description":"DIDELIS automobilio laikiklis Bobby automobili\u0173 vairuotojams - KidsPlay. Did\u017eiausias vaik\u0173 \u017eaisl\u0173 pasirinkimas.","robots":{"index":"index","follow":"follow","max-snippet":"max-snippet:-1","max-image-preview":"max-image-preview:large","max-video-preview":"max-video-preview:-1"},"canonical":"https:\/\/kidsplay.lt\/lv\/products\/didelis-automobilio-laikiklis-bobby-automobiliu-vairuotojams\/","og_locale":"lv_LV","og_type":"article","og_title":"DIDELIS automobilio laikiklis Bobby automobili\u0173 vairuotojams","og_description":"DIDELIS automobilio laikiklis Bobby automobili\u0173 vairuotojams - KidsPlay. Did\u017eiausias vaik\u0173 \u017eaisl\u0173 pasirinkimas.","og_url":"https:\/\/kidsplay.lt\/lv\/products\/didelis-automobilio-laikiklis-bobby-automobiliu-vairuotojams\/","og_site_name":"KidsPlay","article_publisher":"https:\/\/www.facebook.com\/www.kidsplay.lt","article_modified_time":"2026-03-30T17:29:32+00:00","og_image":[{"width":1000,"height":1000,"url":"https:\/\/kidsplay.lt\/wp-content\/uploads\/2024\/09\/DIDELIS-automobilio-laikiklis-Bobby-automobiliu-vairuotojams-1.jpg","type":"image\/jpeg"}],"twitter_card":"summary_large_image","schema":{"@context":"https:\/\/schema.org","@graph":[{"@type":"WebPage","@id":"https:\/\/kidsplay.lt\/produktas\/didelis-automobilio-laikiklis-bobby-automobiliu-vairuotojams\/","url":"https:\/\/kidsplay.lt\/produktas\/didelis-automobilio-laikiklis-bobby-automobiliu-vairuotojams\/","name":"DIDELIS automobilio laikiklis Bobby automobili\u0173 vairuotojams","isPartOf":{"@id":"https:\/\/kidsplay.lt\/#website"},"primaryImageOfPage":{"@id":"https:\/\/kidsplay.lt\/produktas\/didelis-automobilio-laikiklis-bobby-automobiliu-vairuotojams\/#primaryimage"},"image":{"@id":"https:\/\/kidsplay.lt\/produktas\/didelis-automobilio-laikiklis-bobby-automobiliu-vairuotojams\/#primaryimage"},"thumbnailUrl":"https:\/\/kidsplay.lt\/wp-content\/uploads\/2024\/09\/DIDELIS-automobilio-laikiklis-Bobby-automobiliu-vairuotojams-1.jpg","datePublished":"2026-02-26T07:49:51+00:00","dateModified":"2026-03-30T17:29:32+00:00","description":"DIDELIS automobilio laikiklis Bobby automobili\u0173 vairuotojams - KidsPlay. Did\u017eiausias vaik\u0173 \u017eaisl\u0173 pasirinkimas.","breadcrumb":{"@id":"https:\/\/kidsplay.lt\/produktas\/didelis-automobilio-laikiklis-bobby-automobiliu-vairuotojams\/#breadcrumb"},"inLanguage":"lv-LV","potentialAction":[{"@type":"ReadAction","target":["https:\/\/kidsplay.lt\/produktas\/didelis-automobilio-laikiklis-bobby-automobiliu-vairuotojams\/"]}]},{"@type":"ImageObject","inLanguage":"lv-LV","@id":"https:\/\/kidsplay.lt\/produktas\/didelis-automobilio-laikiklis-bobby-automobiliu-vairuotojams\/#primaryimage","url":"https:\/\/kidsplay.lt\/wp-content\/uploads\/2024\/09\/DIDELIS-automobilio-laikiklis-Bobby-automobiliu-vairuotojams-1.jpg","contentUrl":"https:\/\/kidsplay.lt\/wp-content\/uploads\/2024\/09\/DIDELIS-automobilio-laikiklis-Bobby-automobiliu-vairuotojams-1.jpg","width":1000,"height":1000,"caption":"DIDELIS automobilio laikiklis Bobby automobili\u0173 vairuotojams"},{"@type":"BreadcrumbList","@id":"https:\/\/kidsplay.lt\/produktas\/didelis-automobilio-laikiklis-bobby-automobiliu-vairuotojams\/#breadcrumb","itemListElement":[{"@type":"ListItem","position":1,"name":"Pagrindinis","item":"https:\/\/kidsplay.lt\/"},{"@type":"ListItem","position":2,"name":"Parduotuv\u0117","item":"https:\/\/kidsplay.lt\/parduotuve\/"},{"@type":"ListItem","position":3,"name":"DIDELIS automobilio laikiklis Bobby automobili\u0173 vairuotojams"}]},{"@type":"WebSite","@id":"https:\/\/kidsplay.lt\/#website","url":"https:\/\/kidsplay.lt\/","name":"B\u0113rnu sp\u0113les.lv","description":"\u012evairios prek\u0117s vaikams","publisher":{"@id":"https:\/\/kidsplay.lt\/#organization"},"alternateName":"Kidsplay","potentialAction":[{"@type":"SearchAction","target":{"@type":"EntryPoint","urlTemplate":"https:\/\/kidsplay.lt\/?s={search_term_string}"},"query-input":{"@type":"PropertyValueSpecification","valueRequired":true,"valueName":"search_term_string"}}],"inLanguage":"lv-LV"},{"@type":"Organization","@id":"https:\/\/kidsplay.lt\/#organization","name":"B\u0113rnu sp\u0113le","url":"https:\/\/kidsplay.lt\/","logo":{"@type":"ImageObject","inLanguage":"lv-LV","@id":"https:\/\/kidsplay.lt\/#\/schema\/logo\/image\/","url":"https:\/\/kidsplay.lt\/wp-content\/uploads\/2023\/07\/kidsplay-logo.png","contentUrl":"https:\/\/kidsplay.lt\/wp-content\/uploads\/2023\/07\/kidsplay-logo.png","width":451,"height":98,"caption":"KidsPlay"},"image":{"@id":"https:\/\/kidsplay.lt\/#\/schema\/logo\/image\/"},"sameAs":["https:\/\/www.facebook.com\/www.kidsplay.lt"]}]}},"_links":{"self":[{"href":"https:\/\/kidsplay.lt\/lv\/wp-json\/wp\/v2\/product\/90645","targetHints":{"allow":["GET"]}}],"collection":[{"href":"https:\/\/kidsplay.lt\/lv\/wp-json\/wp\/v2\/product"}],"about":[{"href":"https:\/\/kidsplay.lt\/lv\/wp-json\/wp\/v2\/types\/product"}],"version-history":[{"count":1,"href":"https:\/\/kidsplay.lt\/lv\/wp-json\/wp\/v2\/product\/90645\/revisions"}],"predecessor-version":[{"id":90646,"href":"https:\/\/kidsplay.lt\/lv\/wp-json\/wp\/v2\/product\/90645\/revisions\/90646"}],"wp:featuredmedia":[{"embeddable":true,"href":"https:\/\/kidsplay.lt\/lv\/wp-json\/wp\/v2\/media\/53527"}],"wp:attachment":[{"href":"https:\/\/kidsplay.lt\/lv\/wp-json\/wp\/v2\/media?parent=90645"}],"wp:term":[{"taxonomy":"product_brand","embeddable":true,"href":"https:\/\/kidsplay.lt\/lv\/wp-json\/wp\/v2\/product_brand?post=90645"},{"taxonomy":"product_cat","embeddable":true,"href":"https:\/\/kidsplay.lt\/lv\/wp-json\/wp\/v2\/product_cat?post=90645"},{"taxonomy":"product_tag","embeddable":true,"href":"https:\/\/kidsplay.lt\/lv\/wp-json\/wp\/v2\/product_tag?post=90645"}],"curies":[{"name":"wp","href":"https:\/\/api.w.org\/{rel}","templated":true}]}}