{"id":90649,"date":"2026-02-26T09:49:56","date_gmt":"2026-02-26T07:49:56","guid":{"rendered":"https:\/\/kidsplay.lt\/produktas\/falk-traktorius-su-priekaba-nuo-1-metu\/"},"modified":"2026-04-13T15:27:34","modified_gmt":"2026-04-13T12:27:34","slug":"falk-traktorius-su-priekaba-nuo-1-metu","status":"publish","type":"product","link":"https:\/\/kidsplay.lt\/lv\/products\/falk-traktorius-su-priekaba-nuo-1-metu\/","title":{"rendered":"FALK traktors ar piekabi no 1 gada vecuma"},"content":{"rendered":"<p>Oran\u017einis\u00a0&#8221;\u00a0Falk&#8221; JCB traktoriukas su priekaba\u00a0yra daugelio\u00a0ma\u017e\u0173j\u0173 traktorinink\u0173\u00a0svajon\u0117.\u00a0Pagamintas kruop\u0161\u010diai,\u00a0skiriant\u00a0d\u0117mes\u012f ma\u017eiausioms detal\u0117ms! Joks\u00a0tikras \u016bkininkas\u00a0nepaniekins tokios transporto priemon\u0117s. Transporto priemon\u0117 pagaminta i\u0161\u00a0auk\u0161tos kokyb\u0117s plastiko\u00a0ir tinka\u00a0vaikams nuo 12 m\u0117nesi\u0173. Transporto priemon\u0117je yra\u00a0nuimama priekaba\u00a0su skydais ir vairas\u00a0su garso signalu.\u00a0Traktoriaus\u00a0ratai\u00a0pagaminti i\u0161\u00a0auk\u0161tos kokyb\u0117s plastiko.<\/p>\n<p>&#8211;\u00a0Nuo 12 m\u0117n,<br \/>\n&#8211;\u00a0did\u017eiausia apkrova 25 kg,<br \/>\n&#8211;\u00a0garsinis signalas\u00a0ant vairo,<br \/>\n&#8211; nuimama\u00a0priekaba<br \/>\n&#8211; sukamoji\u00a0priekin\u0117 a\u0161is,<br \/>\n&#8211; ratai pagaminti i\u0161\u00a0auk\u0161tos kokyb\u0117s plastiko,<br \/>\n&#8211;\u00a0stabilios ir saugios,<br \/>\n&#8211; i\u0161 dalies surinktas gaminys.<\/p>","protected":false},"excerpt":{"rendered":"<p>Oran\u017einis\u00a0&#8221;\u00a0Falk&#8221; JCB traktoriukas su priekaba\u00a0yra daugelio\u00a0ma\u017e\u0173j\u0173 traktorinink\u0173\u00a0svajon\u0117.\u00a0Pagamintas kruop\u0161\u010diai,\u00a0skiriant\u00a0d\u0117mes\u012f ma\u017eiausioms detal\u0117ms! Joks\u00a0tikras \u016bkininkas\u00a0nepaniekins tokios transporto priemon\u0117s. Transporto priemon\u0117 pagaminta i\u0161\u00a0auk\u0161tos kokyb\u0117s<\/p>","protected":false},"featured_media":53554,"template":"","meta":{"_acf_changed":false,"_glsr_average":0,"_glsr_ranking":0,"_glsr_reviews":0},"product_brand":[],"product_cat":[237,393],"product_tag":[],"class_list":{"0":"post-90649","1":"product","2":"type-product","3":"status-publish","4":"has-post-thumbnail","6":"product_cat-judejimo-priemones","7":"product_cat-zaisliniai-traktoriai","8":"\"style=\"background-color: #2ecc711c;\"","10":"first","11":"instock","12":"purchasable","13":"product-type-simple"},"acf":[],"yoast_head":"<!-- This site is optimized with the Yoast SEO plugin v27.4 - https:\/\/yoast.com\/product\/yoast-seo-wordpress\/ -->\n<title>FALK Traktorius su priekaba nuo 1 met\u0173<\/title>\n<meta name=\"description\" content=\"Traktoriukas su priekaba\u00a0yra daugelio\u00a0ma\u017e\u0173j\u0173 traktorinink\u0173\u00a0svajon\u0117.\u00a0Pagamintas kruop\u0161\u010diai,\u00a0skiriant\u00a0d\u0117mes\u012f ma\u017eiausioms detal\u0117ms!\" \/>\n<meta name=\"robots\" content=\"index, follow, max-snippet:-1, max-image-preview:large, max-video-preview:-1\" \/>\n<link rel=\"canonical\" href=\"https:\/\/kidsplay.lt\/lv\/products\/falk-traktorius-su-priekaba-nuo-1-metu\/\" \/>\n<meta property=\"og:locale\" content=\"lv_LV\" \/>\n<meta property=\"og:type\" content=\"article\" \/>\n<meta property=\"og:title\" content=\"FALK Traktorius su priekaba nuo 1 met\u0173\" \/>\n<meta property=\"og:description\" content=\"Traktoriukas su priekaba\u00a0yra daugelio\u00a0ma\u017e\u0173j\u0173 traktorinink\u0173\u00a0svajon\u0117.\u00a0Pagamintas kruop\u0161\u010diai,\u00a0skiriant\u00a0d\u0117mes\u012f ma\u017eiausioms detal\u0117ms!\" \/>\n<meta property=\"og:url\" content=\"https:\/\/kidsplay.lt\/lv\/products\/falk-traktorius-su-priekaba-nuo-1-metu\/\" \/>\n<meta property=\"og:site_name\" content=\"KidsPlay\" \/>\n<meta property=\"article:publisher\" content=\"https:\/\/www.facebook.com\/www.kidsplay.lt\" \/>\n<meta property=\"article:modified_time\" content=\"2026-04-13T12:27:34+00:00\" \/>\n<meta property=\"og:image\" content=\"https:\/\/kidsplay.lt\/wp-content\/uploads\/2024\/09\/FALK-Traktorius-su-priekaba-nuo-1-metu.jpg\" \/>\n\t<meta property=\"og:image:width\" content=\"1000\" \/>\n\t<meta property=\"og:image:height\" content=\"1000\" \/>\n\t<meta property=\"og:image:type\" content=\"image\/jpeg\" \/>\n<meta name=\"twitter:card\" content=\"summary_large_image\" \/>\n<meta name=\"twitter:label1\" content=\"Est. reading time\" \/>\n\t<meta name=\"twitter:data1\" content=\"1 min\u016bte\" \/>\n<script type=\"application\/ld+json\" class=\"yoast-schema-graph\">{\"@context\":\"https:\\\/\\\/schema.org\",\"@graph\":[{\"@type\":\"WebPage\",\"@id\":\"https:\\\/\\\/kidsplay.lt\\\/produktas\\\/falk-traktorius-su-priekaba-nuo-1-metu\\\/\",\"url\":\"https:\\\/\\\/kidsplay.lt\\\/produktas\\\/falk-traktorius-su-priekaba-nuo-1-metu\\\/\",\"name\":\"FALK Traktorius su priekaba nuo 1 met\u0173\",\"isPartOf\":{\"@id\":\"https:\\\/\\\/kidsplay.lt\\\/#website\"},\"primaryImageOfPage\":{\"@id\":\"https:\\\/\\\/kidsplay.lt\\\/produktas\\\/falk-traktorius-su-priekaba-nuo-1-metu\\\/#primaryimage\"},\"image\":{\"@id\":\"https:\\\/\\\/kidsplay.lt\\\/produktas\\\/falk-traktorius-su-priekaba-nuo-1-metu\\\/#primaryimage\"},\"thumbnailUrl\":\"https:\\\/\\\/kidsplay.lt\\\/wp-content\\\/uploads\\\/2024\\\/09\\\/FALK-Traktorius-su-priekaba-nuo-1-metu.jpg\",\"datePublished\":\"2026-02-26T07:49:56+00:00\",\"dateModified\":\"2026-04-13T12:27:34+00:00\",\"description\":\"Traktoriukas su priekaba\u00a0yra daugelio\u00a0ma\u017e\u0173j\u0173 traktorinink\u0173\u00a0svajon\u0117.\u00a0Pagamintas kruop\u0161\u010diai,\u00a0skiriant\u00a0d\u0117mes\u012f ma\u017eiausioms detal\u0117ms!\",\"breadcrumb\":{\"@id\":\"https:\\\/\\\/kidsplay.lt\\\/produktas\\\/falk-traktorius-su-priekaba-nuo-1-metu\\\/#breadcrumb\"},\"inLanguage\":\"lv-LV\",\"potentialAction\":[{\"@type\":\"ReadAction\",\"target\":[\"https:\\\/\\\/kidsplay.lt\\\/produktas\\\/falk-traktorius-su-priekaba-nuo-1-metu\\\/\"]}]},{\"@type\":\"ImageObject\",\"inLanguage\":\"lv-LV\",\"@id\":\"https:\\\/\\\/kidsplay.lt\\\/produktas\\\/falk-traktorius-su-priekaba-nuo-1-metu\\\/#primaryimage\",\"url\":\"https:\\\/\\\/kidsplay.lt\\\/wp-content\\\/uploads\\\/2024\\\/09\\\/FALK-Traktorius-su-priekaba-nuo-1-metu.jpg\",\"contentUrl\":\"https:\\\/\\\/kidsplay.lt\\\/wp-content\\\/uploads\\\/2024\\\/09\\\/FALK-Traktorius-su-priekaba-nuo-1-metu.jpg\",\"width\":1000,\"height\":1000,\"caption\":\"FALK Traktorius su priekaba nuo 1 met\u0173\"},{\"@type\":\"BreadcrumbList\",\"@id\":\"https:\\\/\\\/kidsplay.lt\\\/produktas\\\/falk-traktorius-su-priekaba-nuo-1-metu\\\/#breadcrumb\",\"itemListElement\":[{\"@type\":\"ListItem\",\"position\":1,\"name\":\"Pagrindinis\",\"item\":\"https:\\\/\\\/kidsplay.lt\\\/\"},{\"@type\":\"ListItem\",\"position\":2,\"name\":\"Parduotuv\u0117\",\"item\":\"https:\\\/\\\/kidsplay.lt\\\/parduotuve\\\/\"},{\"@type\":\"ListItem\",\"position\":3,\"name\":\"FALK Traktorius su priekaba nuo 1 met\u0173\"}]},{\"@type\":\"WebSite\",\"@id\":\"https:\\\/\\\/kidsplay.lt\\\/#website\",\"url\":\"https:\\\/\\\/kidsplay.lt\\\/\",\"name\":\"Kidsplay.lt\",\"description\":\"\u012evairios prek\u0117s vaikams\",\"publisher\":{\"@id\":\"https:\\\/\\\/kidsplay.lt\\\/#organization\"},\"alternateName\":\"Kidsplay\",\"potentialAction\":[{\"@type\":\"SearchAction\",\"target\":{\"@type\":\"EntryPoint\",\"urlTemplate\":\"https:\\\/\\\/kidsplay.lt\\\/?s={search_term_string}\"},\"query-input\":{\"@type\":\"PropertyValueSpecification\",\"valueRequired\":true,\"valueName\":\"search_term_string\"}}],\"inLanguage\":\"lv-LV\"},{\"@type\":\"Organization\",\"@id\":\"https:\\\/\\\/kidsplay.lt\\\/#organization\",\"name\":\"KidsPlay\",\"url\":\"https:\\\/\\\/kidsplay.lt\\\/\",\"logo\":{\"@type\":\"ImageObject\",\"inLanguage\":\"lv-LV\",\"@id\":\"https:\\\/\\\/kidsplay.lt\\\/#\\\/schema\\\/logo\\\/image\\\/\",\"url\":\"https:\\\/\\\/kidsplay.lt\\\/wp-content\\\/uploads\\\/2023\\\/07\\\/kidsplay-logo.png\",\"contentUrl\":\"https:\\\/\\\/kidsplay.lt\\\/wp-content\\\/uploads\\\/2023\\\/07\\\/kidsplay-logo.png\",\"width\":451,\"height\":98,\"caption\":\"KidsPlay\"},\"image\":{\"@id\":\"https:\\\/\\\/kidsplay.lt\\\/#\\\/schema\\\/logo\\\/image\\\/\"},\"sameAs\":[\"https:\\\/\\\/www.facebook.com\\\/www.kidsplay.lt\"]}]}<\/script>\n<!-- \/ Yoast SEO plugin. -->","yoast_head_json":{"title":"FALK traktors ar piekabi no 1 gada vecuma","description":"Traktoriukas su priekaba\u00a0yra daugelio\u00a0ma\u017e\u0173j\u0173 traktorinink\u0173\u00a0svajon\u0117.\u00a0Pagamintas kruop\u0161\u010diai,\u00a0skiriant\u00a0d\u0117mes\u012f ma\u017eiausioms detal\u0117ms!","robots":{"index":"index","follow":"follow","max-snippet":"max-snippet:-1","max-image-preview":"max-image-preview:large","max-video-preview":"max-video-preview:-1"},"canonical":"https:\/\/kidsplay.lt\/lv\/products\/falk-traktorius-su-priekaba-nuo-1-metu\/","og_locale":"lv_LV","og_type":"article","og_title":"FALK Traktorius su priekaba nuo 1 met\u0173","og_description":"Traktoriukas su priekaba\u00a0yra daugelio\u00a0ma\u017e\u0173j\u0173 traktorinink\u0173\u00a0svajon\u0117.\u00a0Pagamintas kruop\u0161\u010diai,\u00a0skiriant\u00a0d\u0117mes\u012f ma\u017eiausioms detal\u0117ms!","og_url":"https:\/\/kidsplay.lt\/lv\/products\/falk-traktorius-su-priekaba-nuo-1-metu\/","og_site_name":"KidsPlay","article_publisher":"https:\/\/www.facebook.com\/www.kidsplay.lt","article_modified_time":"2026-04-13T12:27:34+00:00","og_image":[{"width":1000,"height":1000,"url":"https:\/\/kidsplay.lt\/wp-content\/uploads\/2024\/09\/FALK-Traktorius-su-priekaba-nuo-1-metu.jpg","type":"image\/jpeg"}],"twitter_card":"summary_large_image","twitter_misc":{"Est. reading time":"1 min\u016bte"},"schema":{"@context":"https:\/\/schema.org","@graph":[{"@type":"WebPage","@id":"https:\/\/kidsplay.lt\/produktas\/falk-traktorius-su-priekaba-nuo-1-metu\/","url":"https:\/\/kidsplay.lt\/produktas\/falk-traktorius-su-priekaba-nuo-1-metu\/","name":"FALK traktors ar piekabi no 1 gada vecuma","isPartOf":{"@id":"https:\/\/kidsplay.lt\/#website"},"primaryImageOfPage":{"@id":"https:\/\/kidsplay.lt\/produktas\/falk-traktorius-su-priekaba-nuo-1-metu\/#primaryimage"},"image":{"@id":"https:\/\/kidsplay.lt\/produktas\/falk-traktorius-su-priekaba-nuo-1-metu\/#primaryimage"},"thumbnailUrl":"https:\/\/kidsplay.lt\/wp-content\/uploads\/2024\/09\/FALK-Traktorius-su-priekaba-nuo-1-metu.jpg","datePublished":"2026-02-26T07:49:56+00:00","dateModified":"2026-04-13T12:27:34+00:00","description":"Traktoriukas su priekaba\u00a0yra daugelio\u00a0ma\u017e\u0173j\u0173 traktorinink\u0173\u00a0svajon\u0117.\u00a0Pagamintas kruop\u0161\u010diai,\u00a0skiriant\u00a0d\u0117mes\u012f ma\u017eiausioms detal\u0117ms!","breadcrumb":{"@id":"https:\/\/kidsplay.lt\/produktas\/falk-traktorius-su-priekaba-nuo-1-metu\/#breadcrumb"},"inLanguage":"lv-LV","potentialAction":[{"@type":"ReadAction","target":["https:\/\/kidsplay.lt\/produktas\/falk-traktorius-su-priekaba-nuo-1-metu\/"]}]},{"@type":"ImageObject","inLanguage":"lv-LV","@id":"https:\/\/kidsplay.lt\/produktas\/falk-traktorius-su-priekaba-nuo-1-metu\/#primaryimage","url":"https:\/\/kidsplay.lt\/wp-content\/uploads\/2024\/09\/FALK-Traktorius-su-priekaba-nuo-1-metu.jpg","contentUrl":"https:\/\/kidsplay.lt\/wp-content\/uploads\/2024\/09\/FALK-Traktorius-su-priekaba-nuo-1-metu.jpg","width":1000,"height":1000,"caption":"FALK Traktorius su priekaba nuo 1 met\u0173"},{"@type":"BreadcrumbList","@id":"https:\/\/kidsplay.lt\/produktas\/falk-traktorius-su-priekaba-nuo-1-metu\/#breadcrumb","itemListElement":[{"@type":"ListItem","position":1,"name":"Pagrindinis","item":"https:\/\/kidsplay.lt\/"},{"@type":"ListItem","position":2,"name":"Parduotuv\u0117","item":"https:\/\/kidsplay.lt\/parduotuve\/"},{"@type":"ListItem","position":3,"name":"FALK Traktorius su priekaba nuo 1 met\u0173"}]},{"@type":"WebSite","@id":"https:\/\/kidsplay.lt\/#website","url":"https:\/\/kidsplay.lt\/","name":"B\u0113rnu sp\u0113les.lv","description":"\u012evairios prek\u0117s vaikams","publisher":{"@id":"https:\/\/kidsplay.lt\/#organization"},"alternateName":"Kidsplay","potentialAction":[{"@type":"SearchAction","target":{"@type":"EntryPoint","urlTemplate":"https:\/\/kidsplay.lt\/?s={search_term_string}"},"query-input":{"@type":"PropertyValueSpecification","valueRequired":true,"valueName":"search_term_string"}}],"inLanguage":"lv-LV"},{"@type":"Organization","@id":"https:\/\/kidsplay.lt\/#organization","name":"B\u0113rnu sp\u0113le","url":"https:\/\/kidsplay.lt\/","logo":{"@type":"ImageObject","inLanguage":"lv-LV","@id":"https:\/\/kidsplay.lt\/#\/schema\/logo\/image\/","url":"https:\/\/kidsplay.lt\/wp-content\/uploads\/2023\/07\/kidsplay-logo.png","contentUrl":"https:\/\/kidsplay.lt\/wp-content\/uploads\/2023\/07\/kidsplay-logo.png","width":451,"height":98,"caption":"KidsPlay"},"image":{"@id":"https:\/\/kidsplay.lt\/#\/schema\/logo\/image\/"},"sameAs":["https:\/\/www.facebook.com\/www.kidsplay.lt"]}]}},"_links":{"self":[{"href":"https:\/\/kidsplay.lt\/lv\/wp-json\/wp\/v2\/product\/90649","targetHints":{"allow":["GET"]}}],"collection":[{"href":"https:\/\/kidsplay.lt\/lv\/wp-json\/wp\/v2\/product"}],"about":[{"href":"https:\/\/kidsplay.lt\/lv\/wp-json\/wp\/v2\/types\/product"}],"version-history":[{"count":1,"href":"https:\/\/kidsplay.lt\/lv\/wp-json\/wp\/v2\/product\/90649\/revisions"}],"predecessor-version":[{"id":90650,"href":"https:\/\/kidsplay.lt\/lv\/wp-json\/wp\/v2\/product\/90649\/revisions\/90650"}],"wp:featuredmedia":[{"embeddable":true,"href":"https:\/\/kidsplay.lt\/lv\/wp-json\/wp\/v2\/media\/53554"}],"wp:attachment":[{"href":"https:\/\/kidsplay.lt\/lv\/wp-json\/wp\/v2\/media?parent=90649"}],"wp:term":[{"taxonomy":"product_brand","embeddable":true,"href":"https:\/\/kidsplay.lt\/lv\/wp-json\/wp\/v2\/product_brand?post=90649"},{"taxonomy":"product_cat","embeddable":true,"href":"https:\/\/kidsplay.lt\/lv\/wp-json\/wp\/v2\/product_cat?post=90649"},{"taxonomy":"product_tag","embeddable":true,"href":"https:\/\/kidsplay.lt\/lv\/wp-json\/wp\/v2\/product_tag?post=90649"}],"curies":[{"name":"wp","href":"https:\/\/api.w.org\/{rel}","templated":true}]}}