{"id":90669,"date":"2026-02-26T09:50:24","date_gmt":"2026-02-26T07:50:24","guid":{"rendered":"https:\/\/kidsplay.lt\/produktas\/minamas-traktorius-su-priekaba-raudonas\/"},"modified":"2026-04-07T11:02:49","modified_gmt":"2026-04-07T08:02:49","slug":"minamas-traktorius-su-priekaba-raudonas","status":"publish","type":"product","link":"https:\/\/kidsplay.lt\/lv\/products\/minamas-traktorius-su-priekaba-raudonas\/","title":{"rendered":"Minamas traktorius su priekaba &#8211; raudonas"},"content":{"rendered":"<p>FALK pedalinis traktoriukas su raudonu prip\u016btimo \u012ftaisu FALK priekaba\u00a0&#8211; tai daugelio\u00a0ma\u017e\u0173j\u0173\u00a0traktorinink\u0173 svajon\u0117.\u00a0Kruop\u0161\u010diai pagaminta, atkreipiant d\u0117mes\u012f \u012f menkiausias detales!\u00a0Tokios\u00a0transporto priemon\u0117s nepaneigs n\u0117 vienas\u00a0\u016bkininkas.\u00a0Transporto priemon\u0117\u00a0pagaminta i\u0161\u00a0auk\u0161tos kokyb\u0117s plastiko ir skirta vaikams nuo 3 met\u0173. Transporto priemon\u0117 turi\u00a0priekin\u012f kau\u0161\u0105\u00a0ir\u00a0nuimam\u0105 priekab\u0105\u00a0su skydais bei vair\u0105\u00a0su garso signalu. Traktoriaus ratai pagaminti i\u0161\u00a0auk\u0161tos kokyb\u0117s plastiko.\u00a0Traktorius taip pat turi atidarom\u0105 variklio dangt\u012f su tikro variklio imitacija.<\/p>\n<p>&#8211; Skirta vaikams nuo\u00a03 met\u0173,<br \/>\n&#8211;\u00a0maksimali apkrova iki 50 kg,<br \/>\n&#8211;\u00a0garsinis signalas\u00a0ant vairo,<br \/>\n&#8211; galin\u0117s a\u0161ies\u00a0grandinin\u0117 pavara,<br \/>\n&#8211;\u00a0nuimama priekaba,<br \/>\n&#8211; pasukama\u00a0priekin\u0117 a\u0161is,<br \/>\n&#8211; ratai pagaminti i\u0161\u00a0auk\u0161tos kokyb\u0117s plastiko,<br \/>\n&#8211;\u00a0stabil\u016bs\u00a0ir\u00a0saug\u016bs,<br \/>\n&#8211; i\u0161 dalies surinktas gaminys,<br \/>\n&#8211;\u00a0turi atidarom\u0105 variklio dangt\u012f su tikro variklio imitacija.<\/p>","protected":false},"excerpt":{"rendered":"<p>FALK pedalinis traktoriukas su raudonu prip\u016btimo \u012ftaisu FALK priekaba\u00a0&#8211; tai daugelio\u00a0ma\u017e\u0173j\u0173\u00a0traktorinink\u0173 svajon\u0117.\u00a0Kruop\u0161\u010diai pagaminta, atkreipiant d\u0117mes\u012f \u012f menkiausias detales!\u00a0Tokios\u00a0transporto priemon\u0117s nepaneigs<\/p>","protected":false},"featured_media":53635,"template":"","meta":{"_acf_changed":false,"_glsr_average":0,"_glsr_ranking":0,"_glsr_reviews":0},"product_brand":[],"product_cat":[237,393],"product_tag":[],"class_list":{"0":"post-90669","1":"product","2":"type-product","3":"status-publish","4":"has-post-thumbnail","6":"product_cat-judejimo-priemones","7":"product_cat-zaisliniai-traktoriai","8":"\"style=\"background-color: #2ecc711c;\"","10":"first","11":"instock","12":"purchasable","13":"product-type-simple"},"acf":[],"yoast_head":"<!-- This site is optimized with the Yoast SEO plugin v27.3 - https:\/\/yoast.com\/product\/yoast-seo-wordpress\/ -->\n<title>Minamas traktorius su priekaba &#8211; raudonas<\/title>\n<meta name=\"description\" content=\"FALK pedalinis traktoriukas su raudonu prip\u016btimo \u012ftaisu FALK priekaba\u00a0- tai daugelio\u00a0ma\u017e\u0173j\u0173\u00a0traktorinink\u0173 svajon\u0117. Greitas pristatymas!\" \/>\n<meta name=\"robots\" content=\"index, follow, max-snippet:-1, max-image-preview:large, max-video-preview:-1\" \/>\n<link rel=\"canonical\" href=\"https:\/\/kidsplay.lt\/lv\/products\/minamas-traktorius-su-priekaba-raudonas\/\" \/>\n<meta property=\"og:locale\" content=\"lv_LV\" \/>\n<meta property=\"og:type\" content=\"article\" \/>\n<meta property=\"og:title\" content=\"Minamas traktorius su priekaba &#8211; raudonas\" \/>\n<meta property=\"og:description\" content=\"FALK pedalinis traktoriukas su raudonu prip\u016btimo \u012ftaisu FALK priekaba\u00a0- tai daugelio\u00a0ma\u017e\u0173j\u0173\u00a0traktorinink\u0173 svajon\u0117. Greitas pristatymas!\" \/>\n<meta property=\"og:url\" content=\"https:\/\/kidsplay.lt\/lv\/products\/minamas-traktorius-su-priekaba-raudonas\/\" \/>\n<meta property=\"og:site_name\" content=\"KidsPlay\" \/>\n<meta property=\"article:publisher\" content=\"https:\/\/www.facebook.com\/www.kidsplay.lt\" \/>\n<meta property=\"article:modified_time\" content=\"2026-04-07T08:02:49+00:00\" \/>\n<meta property=\"og:image\" content=\"https:\/\/kidsplay.lt\/wp-content\/uploads\/2024\/09\/Minamas-traktorius-su-priekaba-\u2013-raudonas.jpg\" \/>\n\t<meta property=\"og:image:width\" content=\"1000\" \/>\n\t<meta property=\"og:image:height\" content=\"1000\" \/>\n\t<meta property=\"og:image:type\" content=\"image\/jpeg\" \/>\n<meta name=\"twitter:card\" content=\"summary_large_image\" \/>\n<meta name=\"twitter:label1\" content=\"Est. reading time\" \/>\n\t<meta name=\"twitter:data1\" content=\"1 min\u016bte\" \/>\n<script type=\"application\/ld+json\" class=\"yoast-schema-graph\">{\"@context\":\"https:\\\/\\\/schema.org\",\"@graph\":[{\"@type\":\"WebPage\",\"@id\":\"https:\\\/\\\/kidsplay.lt\\\/produktas\\\/minamas-traktorius-su-priekaba-raudonas\\\/\",\"url\":\"https:\\\/\\\/kidsplay.lt\\\/produktas\\\/minamas-traktorius-su-priekaba-raudonas\\\/\",\"name\":\"Minamas traktorius su priekaba &#8211; raudonas\",\"isPartOf\":{\"@id\":\"https:\\\/\\\/kidsplay.lt\\\/#website\"},\"primaryImageOfPage\":{\"@id\":\"https:\\\/\\\/kidsplay.lt\\\/produktas\\\/minamas-traktorius-su-priekaba-raudonas\\\/#primaryimage\"},\"image\":{\"@id\":\"https:\\\/\\\/kidsplay.lt\\\/produktas\\\/minamas-traktorius-su-priekaba-raudonas\\\/#primaryimage\"},\"thumbnailUrl\":\"https:\\\/\\\/kidsplay.lt\\\/wp-content\\\/uploads\\\/2024\\\/09\\\/Minamas-traktorius-su-priekaba-\u2013-raudonas.jpg\",\"datePublished\":\"2026-02-26T07:50:24+00:00\",\"dateModified\":\"2026-04-07T08:02:49+00:00\",\"description\":\"FALK pedalinis traktoriukas su raudonu prip\u016btimo \u012ftaisu FALK priekaba\u00a0- tai daugelio\u00a0ma\u017e\u0173j\u0173\u00a0traktorinink\u0173 svajon\u0117. Greitas pristatymas!\",\"breadcrumb\":{\"@id\":\"https:\\\/\\\/kidsplay.lt\\\/produktas\\\/minamas-traktorius-su-priekaba-raudonas\\\/#breadcrumb\"},\"inLanguage\":\"lv-LV\",\"potentialAction\":[{\"@type\":\"ReadAction\",\"target\":[\"https:\\\/\\\/kidsplay.lt\\\/produktas\\\/minamas-traktorius-su-priekaba-raudonas\\\/\"]}]},{\"@type\":\"ImageObject\",\"inLanguage\":\"lv-LV\",\"@id\":\"https:\\\/\\\/kidsplay.lt\\\/produktas\\\/minamas-traktorius-su-priekaba-raudonas\\\/#primaryimage\",\"url\":\"https:\\\/\\\/kidsplay.lt\\\/wp-content\\\/uploads\\\/2024\\\/09\\\/Minamas-traktorius-su-priekaba-\u2013-raudonas.jpg\",\"contentUrl\":\"https:\\\/\\\/kidsplay.lt\\\/wp-content\\\/uploads\\\/2024\\\/09\\\/Minamas-traktorius-su-priekaba-\u2013-raudonas.jpg\",\"width\":1000,\"height\":1000,\"caption\":\"Minamas traktorius su priekaba &#8211; raudonas\"},{\"@type\":\"BreadcrumbList\",\"@id\":\"https:\\\/\\\/kidsplay.lt\\\/produktas\\\/minamas-traktorius-su-priekaba-raudonas\\\/#breadcrumb\",\"itemListElement\":[{\"@type\":\"ListItem\",\"position\":1,\"name\":\"Pagrindinis\",\"item\":\"https:\\\/\\\/kidsplay.lt\\\/\"},{\"@type\":\"ListItem\",\"position\":2,\"name\":\"Parduotuv\u0117\",\"item\":\"https:\\\/\\\/kidsplay.lt\\\/parduotuve\\\/\"},{\"@type\":\"ListItem\",\"position\":3,\"name\":\"Minamas traktorius su priekaba &#8211; raudonas\"}]},{\"@type\":\"WebSite\",\"@id\":\"https:\\\/\\\/kidsplay.lt\\\/#website\",\"url\":\"https:\\\/\\\/kidsplay.lt\\\/\",\"name\":\"Kidsplay.lt\",\"description\":\"\u012evairios prek\u0117s vaikams\",\"publisher\":{\"@id\":\"https:\\\/\\\/kidsplay.lt\\\/#organization\"},\"alternateName\":\"Kidsplay\",\"potentialAction\":[{\"@type\":\"SearchAction\",\"target\":{\"@type\":\"EntryPoint\",\"urlTemplate\":\"https:\\\/\\\/kidsplay.lt\\\/?s={search_term_string}\"},\"query-input\":{\"@type\":\"PropertyValueSpecification\",\"valueRequired\":true,\"valueName\":\"search_term_string\"}}],\"inLanguage\":\"lv-LV\"},{\"@type\":\"Organization\",\"@id\":\"https:\\\/\\\/kidsplay.lt\\\/#organization\",\"name\":\"KidsPlay\",\"url\":\"https:\\\/\\\/kidsplay.lt\\\/\",\"logo\":{\"@type\":\"ImageObject\",\"inLanguage\":\"lv-LV\",\"@id\":\"https:\\\/\\\/kidsplay.lt\\\/#\\\/schema\\\/logo\\\/image\\\/\",\"url\":\"https:\\\/\\\/kidsplay.lt\\\/wp-content\\\/uploads\\\/2023\\\/07\\\/kidsplay-logo.png\",\"contentUrl\":\"https:\\\/\\\/kidsplay.lt\\\/wp-content\\\/uploads\\\/2023\\\/07\\\/kidsplay-logo.png\",\"width\":451,\"height\":98,\"caption\":\"KidsPlay\"},\"image\":{\"@id\":\"https:\\\/\\\/kidsplay.lt\\\/#\\\/schema\\\/logo\\\/image\\\/\"},\"sameAs\":[\"https:\\\/\\\/www.facebook.com\\\/www.kidsplay.lt\"]}]}<\/script>\n<!-- \/ Yoast SEO plugin. -->","yoast_head_json":{"title":"Minamas traktorius su priekaba &#8211; raudonas","description":"FALK pedalinis traktoriukas su raudonu prip\u016btimo \u012ftaisu FALK priekaba\u00a0- tai daugelio\u00a0ma\u017e\u0173j\u0173\u00a0traktorinink\u0173 svajon\u0117. Greitas pristatymas!","robots":{"index":"index","follow":"follow","max-snippet":"max-snippet:-1","max-image-preview":"max-image-preview:large","max-video-preview":"max-video-preview:-1"},"canonical":"https:\/\/kidsplay.lt\/lv\/products\/minamas-traktorius-su-priekaba-raudonas\/","og_locale":"lv_LV","og_type":"article","og_title":"Minamas traktorius su priekaba &#8211; raudonas","og_description":"FALK pedalinis traktoriukas su raudonu prip\u016btimo \u012ftaisu FALK priekaba\u00a0- tai daugelio\u00a0ma\u017e\u0173j\u0173\u00a0traktorinink\u0173 svajon\u0117. Greitas pristatymas!","og_url":"https:\/\/kidsplay.lt\/lv\/products\/minamas-traktorius-su-priekaba-raudonas\/","og_site_name":"KidsPlay","article_publisher":"https:\/\/www.facebook.com\/www.kidsplay.lt","article_modified_time":"2026-04-07T08:02:49+00:00","og_image":[{"width":1000,"height":1000,"url":"https:\/\/kidsplay.lt\/wp-content\/uploads\/2024\/09\/Minamas-traktorius-su-priekaba-\u2013-raudonas.jpg","type":"image\/jpeg"}],"twitter_card":"summary_large_image","twitter_misc":{"Est. reading time":"1 min\u016bte"},"schema":{"@context":"https:\/\/schema.org","@graph":[{"@type":"WebPage","@id":"https:\/\/kidsplay.lt\/produktas\/minamas-traktorius-su-priekaba-raudonas\/","url":"https:\/\/kidsplay.lt\/produktas\/minamas-traktorius-su-priekaba-raudonas\/","name":"Minamas traktorius su priekaba &#8211; raudonas","isPartOf":{"@id":"https:\/\/kidsplay.lt\/#website"},"primaryImageOfPage":{"@id":"https:\/\/kidsplay.lt\/produktas\/minamas-traktorius-su-priekaba-raudonas\/#primaryimage"},"image":{"@id":"https:\/\/kidsplay.lt\/produktas\/minamas-traktorius-su-priekaba-raudonas\/#primaryimage"},"thumbnailUrl":"https:\/\/kidsplay.lt\/wp-content\/uploads\/2024\/09\/Minamas-traktorius-su-priekaba-\u2013-raudonas.jpg","datePublished":"2026-02-26T07:50:24+00:00","dateModified":"2026-04-07T08:02:49+00:00","description":"FALK pedalinis traktoriukas su raudonu prip\u016btimo \u012ftaisu FALK priekaba\u00a0- tai daugelio\u00a0ma\u017e\u0173j\u0173\u00a0traktorinink\u0173 svajon\u0117. Greitas pristatymas!","breadcrumb":{"@id":"https:\/\/kidsplay.lt\/produktas\/minamas-traktorius-su-priekaba-raudonas\/#breadcrumb"},"inLanguage":"lv-LV","potentialAction":[{"@type":"ReadAction","target":["https:\/\/kidsplay.lt\/produktas\/minamas-traktorius-su-priekaba-raudonas\/"]}]},{"@type":"ImageObject","inLanguage":"lv-LV","@id":"https:\/\/kidsplay.lt\/produktas\/minamas-traktorius-su-priekaba-raudonas\/#primaryimage","url":"https:\/\/kidsplay.lt\/wp-content\/uploads\/2024\/09\/Minamas-traktorius-su-priekaba-\u2013-raudonas.jpg","contentUrl":"https:\/\/kidsplay.lt\/wp-content\/uploads\/2024\/09\/Minamas-traktorius-su-priekaba-\u2013-raudonas.jpg","width":1000,"height":1000,"caption":"Minamas traktorius su priekaba &#8211; raudonas"},{"@type":"BreadcrumbList","@id":"https:\/\/kidsplay.lt\/produktas\/minamas-traktorius-su-priekaba-raudonas\/#breadcrumb","itemListElement":[{"@type":"ListItem","position":1,"name":"Pagrindinis","item":"https:\/\/kidsplay.lt\/"},{"@type":"ListItem","position":2,"name":"Parduotuv\u0117","item":"https:\/\/kidsplay.lt\/parduotuve\/"},{"@type":"ListItem","position":3,"name":"Minamas traktorius su priekaba &#8211; raudonas"}]},{"@type":"WebSite","@id":"https:\/\/kidsplay.lt\/#website","url":"https:\/\/kidsplay.lt\/","name":"B\u0113rnu sp\u0113les.lv","description":"\u012evairios prek\u0117s vaikams","publisher":{"@id":"https:\/\/kidsplay.lt\/#organization"},"alternateName":"Kidsplay","potentialAction":[{"@type":"SearchAction","target":{"@type":"EntryPoint","urlTemplate":"https:\/\/kidsplay.lt\/?s={search_term_string}"},"query-input":{"@type":"PropertyValueSpecification","valueRequired":true,"valueName":"search_term_string"}}],"inLanguage":"lv-LV"},{"@type":"Organization","@id":"https:\/\/kidsplay.lt\/#organization","name":"B\u0113rnu sp\u0113le","url":"https:\/\/kidsplay.lt\/","logo":{"@type":"ImageObject","inLanguage":"lv-LV","@id":"https:\/\/kidsplay.lt\/#\/schema\/logo\/image\/","url":"https:\/\/kidsplay.lt\/wp-content\/uploads\/2023\/07\/kidsplay-logo.png","contentUrl":"https:\/\/kidsplay.lt\/wp-content\/uploads\/2023\/07\/kidsplay-logo.png","width":451,"height":98,"caption":"KidsPlay"},"image":{"@id":"https:\/\/kidsplay.lt\/#\/schema\/logo\/image\/"},"sameAs":["https:\/\/www.facebook.com\/www.kidsplay.lt"]}]}},"_links":{"self":[{"href":"https:\/\/kidsplay.lt\/lv\/wp-json\/wp\/v2\/product\/90669","targetHints":{"allow":["GET"]}}],"collection":[{"href":"https:\/\/kidsplay.lt\/lv\/wp-json\/wp\/v2\/product"}],"about":[{"href":"https:\/\/kidsplay.lt\/lv\/wp-json\/wp\/v2\/types\/product"}],"version-history":[{"count":1,"href":"https:\/\/kidsplay.lt\/lv\/wp-json\/wp\/v2\/product\/90669\/revisions"}],"predecessor-version":[{"id":90670,"href":"https:\/\/kidsplay.lt\/lv\/wp-json\/wp\/v2\/product\/90669\/revisions\/90670"}],"wp:featuredmedia":[{"embeddable":true,"href":"https:\/\/kidsplay.lt\/lv\/wp-json\/wp\/v2\/media\/53635"}],"wp:attachment":[{"href":"https:\/\/kidsplay.lt\/lv\/wp-json\/wp\/v2\/media?parent=90669"}],"wp:term":[{"taxonomy":"product_brand","embeddable":true,"href":"https:\/\/kidsplay.lt\/lv\/wp-json\/wp\/v2\/product_brand?post=90669"},{"taxonomy":"product_cat","embeddable":true,"href":"https:\/\/kidsplay.lt\/lv\/wp-json\/wp\/v2\/product_cat?post=90669"},{"taxonomy":"product_tag","embeddable":true,"href":"https:\/\/kidsplay.lt\/lv\/wp-json\/wp\/v2\/product_tag?post=90669"}],"curies":[{"name":"wp","href":"https:\/\/api.w.org\/{rel}","templated":true}]}}