{"id":90675,"date":"2026-02-26T09:50:31","date_gmt":"2026-02-26T07:50:31","guid":{"rendered":"https:\/\/kidsplay.lt\/produktas\/pedalinis-traktorius-su-priekaba-raudonas\/"},"modified":"2026-04-13T15:28:11","modified_gmt":"2026-04-13T12:28:11","slug":"pedalinis-traktorius-su-priekaba-raudonas","status":"publish","type":"product","link":"https:\/\/kidsplay.lt\/lv\/products\/pedalinis-traktorius-su-priekaba-raudonas\/","title":{"rendered":"Ped\u0101\u013cu traktors ar piekabi \u2013 sarkans"},"content":{"rendered":"<p>Pedalinis traktorius su priekaba i\u0161\u00a0FALK\u00a0yra daugelio\u00a0ma\u017e\u0173j\u0173 traktorinink\u0173\u00a0svajon\u0117.\u00a0Pagamintas kruop\u0161\u010diai, skiriant d\u0117mes\u012f ma\u017eiausioms detal\u0117ms!\u00a0\u0160io traktoriuko nepaneigs n\u0117 vienas\u00a0\u016bkininkas. Transporto priemon\u0117 pagaminta i\u0161\u00a0auk\u0161tos kokyb\u0117s plastiko\u00a0ir skirta vaikams\u00a0nuo 3\u00a0met\u0173. Transporto priemon\u0117je yra\u00a0priekinis kau\u0161as,\u00a0nuimama priekaba su skydais ir vairas su garso signalu. Traktoriaus ratai\u00a0pagaminti i\u0161 auk\u0161tos kokyb\u0117s plastiko.<\/p>\n<p>&#8211; Skirta vaikams nuo\u00a03 met\u0173,<br \/>\n\u2013 maksim\u0101l\u0101 slodze l\u012bdz 50 kg,<br \/>\n&#8211;\u00a0garsinis signalas\u00a0ant vairo,<br \/>\n&#8211; galin\u0117s a\u0161ies\u00a0grandinin\u0117 pavara,<br \/>\n&#8211;\u00a0nuimama priekaba,<br \/>\n&#8211; pasukama\u00a0priekin\u0117 a\u0161is,<br \/>\n&#8211; ratai pagaminti i\u0161\u00a0auk\u0161tos kokyb\u0117s plastiko,<br \/>\n&#8211;\u00a0stabil\u016bs\u00a0ir\u00a0saug\u016bs,<br \/>\n&#8211; i\u0161 dalies surinktas gaminys.<\/p>","protected":false},"excerpt":{"rendered":"<p>Pedalinis traktorius su priekaba i\u0161\u00a0FALK\u00a0yra daugelio\u00a0ma\u017e\u0173j\u0173 traktorinink\u0173\u00a0svajon\u0117.\u00a0Pagamintas kruop\u0161\u010diai, skiriant d\u0117mes\u012f ma\u017eiausioms detal\u0117ms!\u00a0\u0160io traktoriuko nepaneigs n\u0117 vienas\u00a0\u016bkininkas. Transporto priemon\u0117 pagaminta i\u0161\u00a0auk\u0161tos<\/p>","protected":false},"featured_media":53662,"template":"","meta":{"_acf_changed":false,"_glsr_average":0,"_glsr_ranking":0,"_glsr_reviews":0},"product_brand":[],"product_cat":[237,393],"product_tag":[],"class_list":{"0":"post-90675","1":"product","2":"type-product","3":"status-publish","4":"has-post-thumbnail","6":"product_cat-judejimo-priemones","7":"product_cat-zaisliniai-traktoriai","8":"\"style=\"background-color: #2ecc711c;\"","10":"first","11":"instock","12":"purchasable","13":"product-type-simple"},"acf":[],"yoast_head":"<!-- This site is optimized with the Yoast SEO plugin v27.4 - https:\/\/yoast.com\/product\/yoast-seo-wordpress\/ -->\n<title>Pedalinis traktorius su priekaba &#8211; raudonas<\/title>\n<meta name=\"description\" content=\"Pedalinis traktorius su priekaba i\u0161\u00a0FALK\u00a0yra daugelio\u00a0ma\u017e\u0173j\u0173 traktorinink\u0173\u00a0svajon\u0117.\u00a0Pagamintas kruop\u0161\u010diai, skiriant d\u0117mes\u012f ma\u017eiausioms detal\u0117ms!\" \/>\n<meta name=\"robots\" content=\"index, follow, max-snippet:-1, max-image-preview:large, max-video-preview:-1\" \/>\n<link rel=\"canonical\" href=\"https:\/\/kidsplay.lt\/lv\/products\/pedalinis-traktorius-su-priekaba-raudonas\/\" \/>\n<meta property=\"og:locale\" content=\"lv_LV\" \/>\n<meta property=\"og:type\" content=\"article\" \/>\n<meta property=\"og:title\" content=\"Pedalinis traktorius su priekaba &#8211; raudonas\" \/>\n<meta property=\"og:description\" content=\"Pedalinis traktorius su priekaba i\u0161\u00a0FALK\u00a0yra daugelio\u00a0ma\u017e\u0173j\u0173 traktorinink\u0173\u00a0svajon\u0117.\u00a0Pagamintas kruop\u0161\u010diai, skiriant d\u0117mes\u012f ma\u017eiausioms detal\u0117ms!\" \/>\n<meta property=\"og:url\" content=\"https:\/\/kidsplay.lt\/lv\/products\/pedalinis-traktorius-su-priekaba-raudonas\/\" \/>\n<meta property=\"og:site_name\" content=\"KidsPlay\" \/>\n<meta property=\"article:publisher\" content=\"https:\/\/www.facebook.com\/www.kidsplay.lt\" \/>\n<meta property=\"article:modified_time\" content=\"2026-04-13T12:28:11+00:00\" \/>\n<meta property=\"og:image\" content=\"https:\/\/kidsplay.lt\/wp-content\/uploads\/2024\/09\/Pedalinis-traktorius-su-priekaba-\u2013-raudonas-7.jpg\" \/>\n\t<meta property=\"og:image:width\" content=\"1000\" \/>\n\t<meta property=\"og:image:height\" content=\"1000\" \/>\n\t<meta property=\"og:image:type\" content=\"image\/jpeg\" \/>\n<meta name=\"twitter:card\" content=\"summary_large_image\" \/>\n<meta name=\"twitter:label1\" content=\"Est. reading time\" \/>\n\t<meta name=\"twitter:data1\" content=\"1 min\u016bte\" \/>\n<script type=\"application\/ld+json\" class=\"yoast-schema-graph\">{\"@context\":\"https:\\\/\\\/schema.org\",\"@graph\":[{\"@type\":\"WebPage\",\"@id\":\"https:\\\/\\\/kidsplay.lt\\\/produktas\\\/pedalinis-traktorius-su-priekaba-raudonas\\\/\",\"url\":\"https:\\\/\\\/kidsplay.lt\\\/produktas\\\/pedalinis-traktorius-su-priekaba-raudonas\\\/\",\"name\":\"Pedalinis traktorius su priekaba &#8211; raudonas\",\"isPartOf\":{\"@id\":\"https:\\\/\\\/kidsplay.lt\\\/#website\"},\"primaryImageOfPage\":{\"@id\":\"https:\\\/\\\/kidsplay.lt\\\/produktas\\\/pedalinis-traktorius-su-priekaba-raudonas\\\/#primaryimage\"},\"image\":{\"@id\":\"https:\\\/\\\/kidsplay.lt\\\/produktas\\\/pedalinis-traktorius-su-priekaba-raudonas\\\/#primaryimage\"},\"thumbnailUrl\":\"https:\\\/\\\/kidsplay.lt\\\/wp-content\\\/uploads\\\/2024\\\/09\\\/Pedalinis-traktorius-su-priekaba-\u2013-raudonas-7.jpg\",\"datePublished\":\"2026-02-26T07:50:31+00:00\",\"dateModified\":\"2026-04-13T12:28:11+00:00\",\"description\":\"Pedalinis traktorius su priekaba i\u0161\u00a0FALK\u00a0yra daugelio\u00a0ma\u017e\u0173j\u0173 traktorinink\u0173\u00a0svajon\u0117.\u00a0Pagamintas kruop\u0161\u010diai, skiriant d\u0117mes\u012f ma\u017eiausioms detal\u0117ms!\",\"breadcrumb\":{\"@id\":\"https:\\\/\\\/kidsplay.lt\\\/produktas\\\/pedalinis-traktorius-su-priekaba-raudonas\\\/#breadcrumb\"},\"inLanguage\":\"lv-LV\",\"potentialAction\":[{\"@type\":\"ReadAction\",\"target\":[\"https:\\\/\\\/kidsplay.lt\\\/produktas\\\/pedalinis-traktorius-su-priekaba-raudonas\\\/\"]}]},{\"@type\":\"ImageObject\",\"inLanguage\":\"lv-LV\",\"@id\":\"https:\\\/\\\/kidsplay.lt\\\/produktas\\\/pedalinis-traktorius-su-priekaba-raudonas\\\/#primaryimage\",\"url\":\"https:\\\/\\\/kidsplay.lt\\\/wp-content\\\/uploads\\\/2024\\\/09\\\/Pedalinis-traktorius-su-priekaba-\u2013-raudonas-7.jpg\",\"contentUrl\":\"https:\\\/\\\/kidsplay.lt\\\/wp-content\\\/uploads\\\/2024\\\/09\\\/Pedalinis-traktorius-su-priekaba-\u2013-raudonas-7.jpg\",\"width\":1000,\"height\":1000,\"caption\":\"Pedalinis traktorius su priekaba &#8211; raudonas\"},{\"@type\":\"BreadcrumbList\",\"@id\":\"https:\\\/\\\/kidsplay.lt\\\/produktas\\\/pedalinis-traktorius-su-priekaba-raudonas\\\/#breadcrumb\",\"itemListElement\":[{\"@type\":\"ListItem\",\"position\":1,\"name\":\"Pagrindinis\",\"item\":\"https:\\\/\\\/kidsplay.lt\\\/\"},{\"@type\":\"ListItem\",\"position\":2,\"name\":\"Parduotuv\u0117\",\"item\":\"https:\\\/\\\/kidsplay.lt\\\/parduotuve\\\/\"},{\"@type\":\"ListItem\",\"position\":3,\"name\":\"Pedalinis traktorius su priekaba &#8211; raudonas\"}]},{\"@type\":\"WebSite\",\"@id\":\"https:\\\/\\\/kidsplay.lt\\\/#website\",\"url\":\"https:\\\/\\\/kidsplay.lt\\\/\",\"name\":\"Kidsplay.lt\",\"description\":\"\u012evairios prek\u0117s vaikams\",\"publisher\":{\"@id\":\"https:\\\/\\\/kidsplay.lt\\\/#organization\"},\"alternateName\":\"Kidsplay\",\"potentialAction\":[{\"@type\":\"SearchAction\",\"target\":{\"@type\":\"EntryPoint\",\"urlTemplate\":\"https:\\\/\\\/kidsplay.lt\\\/?s={search_term_string}\"},\"query-input\":{\"@type\":\"PropertyValueSpecification\",\"valueRequired\":true,\"valueName\":\"search_term_string\"}}],\"inLanguage\":\"lv-LV\"},{\"@type\":\"Organization\",\"@id\":\"https:\\\/\\\/kidsplay.lt\\\/#organization\",\"name\":\"KidsPlay\",\"url\":\"https:\\\/\\\/kidsplay.lt\\\/\",\"logo\":{\"@type\":\"ImageObject\",\"inLanguage\":\"lv-LV\",\"@id\":\"https:\\\/\\\/kidsplay.lt\\\/#\\\/schema\\\/logo\\\/image\\\/\",\"url\":\"https:\\\/\\\/kidsplay.lt\\\/wp-content\\\/uploads\\\/2023\\\/07\\\/kidsplay-logo.png\",\"contentUrl\":\"https:\\\/\\\/kidsplay.lt\\\/wp-content\\\/uploads\\\/2023\\\/07\\\/kidsplay-logo.png\",\"width\":451,\"height\":98,\"caption\":\"KidsPlay\"},\"image\":{\"@id\":\"https:\\\/\\\/kidsplay.lt\\\/#\\\/schema\\\/logo\\\/image\\\/\"},\"sameAs\":[\"https:\\\/\\\/www.facebook.com\\\/www.kidsplay.lt\"]}]}<\/script>\n<!-- \/ Yoast SEO plugin. -->","yoast_head_json":{"title":"Ped\u0101\u013cu traktors ar piekabi \u2013 sarkans","description":"Pedalinis traktorius su priekaba i\u0161\u00a0FALK\u00a0yra daugelio\u00a0ma\u017e\u0173j\u0173 traktorinink\u0173\u00a0svajon\u0117.\u00a0Pagamintas kruop\u0161\u010diai, skiriant d\u0117mes\u012f ma\u017eiausioms detal\u0117ms!","robots":{"index":"index","follow":"follow","max-snippet":"max-snippet:-1","max-image-preview":"max-image-preview:large","max-video-preview":"max-video-preview:-1"},"canonical":"https:\/\/kidsplay.lt\/lv\/products\/pedalinis-traktorius-su-priekaba-raudonas\/","og_locale":"lv_LV","og_type":"article","og_title":"Pedalinis traktorius su priekaba &#8211; raudonas","og_description":"Pedalinis traktorius su priekaba i\u0161\u00a0FALK\u00a0yra daugelio\u00a0ma\u017e\u0173j\u0173 traktorinink\u0173\u00a0svajon\u0117.\u00a0Pagamintas kruop\u0161\u010diai, skiriant d\u0117mes\u012f ma\u017eiausioms detal\u0117ms!","og_url":"https:\/\/kidsplay.lt\/lv\/products\/pedalinis-traktorius-su-priekaba-raudonas\/","og_site_name":"KidsPlay","article_publisher":"https:\/\/www.facebook.com\/www.kidsplay.lt","article_modified_time":"2026-04-13T12:28:11+00:00","og_image":[{"width":1000,"height":1000,"url":"https:\/\/kidsplay.lt\/wp-content\/uploads\/2024\/09\/Pedalinis-traktorius-su-priekaba-\u2013-raudonas-7.jpg","type":"image\/jpeg"}],"twitter_card":"summary_large_image","twitter_misc":{"Est. reading time":"1 min\u016bte"},"schema":{"@context":"https:\/\/schema.org","@graph":[{"@type":"WebPage","@id":"https:\/\/kidsplay.lt\/produktas\/pedalinis-traktorius-su-priekaba-raudonas\/","url":"https:\/\/kidsplay.lt\/produktas\/pedalinis-traktorius-su-priekaba-raudonas\/","name":"Ped\u0101\u013cu traktors ar piekabi \u2013 sarkans","isPartOf":{"@id":"https:\/\/kidsplay.lt\/#website"},"primaryImageOfPage":{"@id":"https:\/\/kidsplay.lt\/produktas\/pedalinis-traktorius-su-priekaba-raudonas\/#primaryimage"},"image":{"@id":"https:\/\/kidsplay.lt\/produktas\/pedalinis-traktorius-su-priekaba-raudonas\/#primaryimage"},"thumbnailUrl":"https:\/\/kidsplay.lt\/wp-content\/uploads\/2024\/09\/Pedalinis-traktorius-su-priekaba-\u2013-raudonas-7.jpg","datePublished":"2026-02-26T07:50:31+00:00","dateModified":"2026-04-13T12:28:11+00:00","description":"Pedalinis traktorius su priekaba i\u0161\u00a0FALK\u00a0yra daugelio\u00a0ma\u017e\u0173j\u0173 traktorinink\u0173\u00a0svajon\u0117.\u00a0Pagamintas kruop\u0161\u010diai, skiriant d\u0117mes\u012f ma\u017eiausioms detal\u0117ms!","breadcrumb":{"@id":"https:\/\/kidsplay.lt\/produktas\/pedalinis-traktorius-su-priekaba-raudonas\/#breadcrumb"},"inLanguage":"lv-LV","potentialAction":[{"@type":"ReadAction","target":["https:\/\/kidsplay.lt\/produktas\/pedalinis-traktorius-su-priekaba-raudonas\/"]}]},{"@type":"ImageObject","inLanguage":"lv-LV","@id":"https:\/\/kidsplay.lt\/produktas\/pedalinis-traktorius-su-priekaba-raudonas\/#primaryimage","url":"https:\/\/kidsplay.lt\/wp-content\/uploads\/2024\/09\/Pedalinis-traktorius-su-priekaba-\u2013-raudonas-7.jpg","contentUrl":"https:\/\/kidsplay.lt\/wp-content\/uploads\/2024\/09\/Pedalinis-traktorius-su-priekaba-\u2013-raudonas-7.jpg","width":1000,"height":1000,"caption":"Pedalinis traktorius su priekaba &#8211; raudonas"},{"@type":"BreadcrumbList","@id":"https:\/\/kidsplay.lt\/produktas\/pedalinis-traktorius-su-priekaba-raudonas\/#breadcrumb","itemListElement":[{"@type":"ListItem","position":1,"name":"Pagrindinis","item":"https:\/\/kidsplay.lt\/"},{"@type":"ListItem","position":2,"name":"Parduotuv\u0117","item":"https:\/\/kidsplay.lt\/parduotuve\/"},{"@type":"ListItem","position":3,"name":"Pedalinis traktorius su priekaba &#8211; raudonas"}]},{"@type":"WebSite","@id":"https:\/\/kidsplay.lt\/#website","url":"https:\/\/kidsplay.lt\/","name":"B\u0113rnu sp\u0113les.lv","description":"\u012evairios prek\u0117s vaikams","publisher":{"@id":"https:\/\/kidsplay.lt\/#organization"},"alternateName":"Kidsplay","potentialAction":[{"@type":"SearchAction","target":{"@type":"EntryPoint","urlTemplate":"https:\/\/kidsplay.lt\/?s={search_term_string}"},"query-input":{"@type":"PropertyValueSpecification","valueRequired":true,"valueName":"search_term_string"}}],"inLanguage":"lv-LV"},{"@type":"Organization","@id":"https:\/\/kidsplay.lt\/#organization","name":"B\u0113rnu sp\u0113le","url":"https:\/\/kidsplay.lt\/","logo":{"@type":"ImageObject","inLanguage":"lv-LV","@id":"https:\/\/kidsplay.lt\/#\/schema\/logo\/image\/","url":"https:\/\/kidsplay.lt\/wp-content\/uploads\/2023\/07\/kidsplay-logo.png","contentUrl":"https:\/\/kidsplay.lt\/wp-content\/uploads\/2023\/07\/kidsplay-logo.png","width":451,"height":98,"caption":"KidsPlay"},"image":{"@id":"https:\/\/kidsplay.lt\/#\/schema\/logo\/image\/"},"sameAs":["https:\/\/www.facebook.com\/www.kidsplay.lt"]}]}},"_links":{"self":[{"href":"https:\/\/kidsplay.lt\/lv\/wp-json\/wp\/v2\/product\/90675","targetHints":{"allow":["GET"]}}],"collection":[{"href":"https:\/\/kidsplay.lt\/lv\/wp-json\/wp\/v2\/product"}],"about":[{"href":"https:\/\/kidsplay.lt\/lv\/wp-json\/wp\/v2\/types\/product"}],"version-history":[{"count":1,"href":"https:\/\/kidsplay.lt\/lv\/wp-json\/wp\/v2\/product\/90675\/revisions"}],"predecessor-version":[{"id":90676,"href":"https:\/\/kidsplay.lt\/lv\/wp-json\/wp\/v2\/product\/90675\/revisions\/90676"}],"wp:featuredmedia":[{"embeddable":true,"href":"https:\/\/kidsplay.lt\/lv\/wp-json\/wp\/v2\/media\/53662"}],"wp:attachment":[{"href":"https:\/\/kidsplay.lt\/lv\/wp-json\/wp\/v2\/media?parent=90675"}],"wp:term":[{"taxonomy":"product_brand","embeddable":true,"href":"https:\/\/kidsplay.lt\/lv\/wp-json\/wp\/v2\/product_brand?post=90675"},{"taxonomy":"product_cat","embeddable":true,"href":"https:\/\/kidsplay.lt\/lv\/wp-json\/wp\/v2\/product_cat?post=90675"},{"taxonomy":"product_tag","embeddable":true,"href":"https:\/\/kidsplay.lt\/lv\/wp-json\/wp\/v2\/product_tag?post=90675"}],"curies":[{"name":"wp","href":"https:\/\/api.w.org\/{rel}","templated":true}]}}